{"id":2690,"date":"2026-02-28T01:04:40","date_gmt":"2026-02-28T04:04:40","guid":{"rendered":"https:\/\/bibliotecajuridicavirtual.cl\/?post_type=product&#038;p=2690"},"modified":"2026-02-28T01:05:10","modified_gmt":"2026-02-28T04:05:10","slug":"el-nino-sujeto-de-derechos-procesales-en-la-justicia-de-familia-el-derecho-a-ser-oido-en-chile-ano-2019-407-pag-autor-jimena-pinto-salazar","status":"publish","type":"product","link":"https:\/\/bibliotecajuridicavirtual.cl\/index.php\/product\/el-nino-sujeto-de-derechos-procesales-en-la-justicia-de-familia-el-derecho-a-ser-oido-en-chile-ano-2019-407-pag-autor-jimena-pinto-salazar\/","title":{"rendered":"El Ni\u00f1o Sujeto de Derechos Procesales en la Justicia de Familia &#8211; El Derecho a ser o\u00eddo en Chile. A\u00f1o 2019\/407 P\u00e1g. Autor Jimena Pinto Salazar"},"content":{"rendered":"<p>La obra desarrolla una perspectiva de la protecci\u00f3n especial que otorga la Convenci\u00f3n Sobre los Derechos del Ni\u00f1o a los derechos reconocidos en ella, en particular, al acceso del ni\u00f1o a la justicia procesal, en ejercicio, por s\u00ed, de sus derechos.<\/p>\n<p>Utiliza criterios facilitadores de conjugaci\u00f3n de los principios y las reglas en cuesti\u00f3n, a trav\u00e9s de dos cap\u00edtulos, mediante la interpretaci\u00f3n de las disposiciones que contienen las potestades y regulaciones previstas en ella, para el ejercicio procesal de derechos y la recepci\u00f3n de los contenidos materiales y formales de su intervenci\u00f3n en los procedimientos judiciales de familia, que le afecten. La verificaci\u00f3n de las condiciones de recepci\u00f3n del derecho a ser o\u00eddo en la justicia chilena, permite consideran su jerarqu\u00eda constitucional, como derecho fundamental, en conexi\u00f3n con sus elementos constitutivos, eje desde el cual despliega mecanismos de congruencia en la protecci\u00f3n y tutela espec\u00edfica del ni\u00f1o y sus derechos, sistematizando los procedimientos que involucran los derechos de los ni\u00f1os en la Ley N\u00b0 19.968, de acuerdo a los est\u00e1ndares del ejercicio aut\u00f3nomo de los mismos, destacables en su participaci\u00f3n en aquellos que le conciernen y los que lo involucran con atributos de parte. Con doctrina y jurisprudencia de inter\u00e9s, aspiramos, modestamente, a facilitar a interesados desde la ciencia del Derecho y otras de lo social, al estudio del nuevo Derecho Familiar chileno.<\/p>\n<p><strong>CAP\u00cdTULO PRIMERO<br \/>\nREGULACI\u00d3N DEL EJERCICIO DE LOS DERECHOS, POR S\u00cd, EN LA CONVENCI\u00d3N DE DERECHOS DEL NI\u00d1O<\/strong><\/p>\n<p>1. REGULACI\u00d3N DEL EJERCICIO DE LOS DERECHOS<br \/>\n1.1. El \u201cNi\u00f1o\u201d como sujeto de Derecho<br \/>\n1.1.1. El peso val\u00f3rico de la dignidad<br \/>\n1.1.2. El Criterio de la Edad<br \/>\n1.2. Contenidos Materiales y Formales del Derecho a Participar en los Procesos Judiciales que lo Afecten, en la Convenci\u00f3n de Derechos del Ni\u00f1o<br \/>\n1.2.1.Art\u00edculo 3. Inter\u00e9s Superior del Ni\u00f1o<br \/>\n1.2.2. Art\u00edculo 4. La Implementaci\u00f3n de los Derechos en la CDN<br \/>\n1.2.3. Art\u00edculo 5. Gu\u00eda Parental y Desarrollo Progresivo<br \/>\n1.2.4. Precedentes del Derecho a ser o\u00eddo consagrado en la convenci\u00f3n de Derechos del Ni\u00f1o<br \/>\n1.2.5. Art\u00edculo 12. Contenidos del Respeto al Parecer del Ni\u00f1o en la Historia fidedigna de la Convenci\u00f3n de Derechos del Ni\u00f1o<br \/>\n1.2.6. Derecho del Ni\u00f1o a ser O\u00eddo. Un Derecho de participaci\u00f3n<br \/>\n1.3. Recepci\u00f3n del Inter\u00e9s Superior del Ni\u00f1o y su Derecho a ser O\u00eddo en los Tribunales Internacionales<br \/>\n1.3.1. Control Jurisdiccional Supranacional de la Corte Interamericana de Derechos Humanos<br \/>\n1.3.2. Contrastes en la Jurisdicci\u00f3n de la Corte Europea de Derechos Humanos<br \/>\n1.3.3. Inter\u00e9s Comunitario e Inter\u00e9s superior del ni\u00f1o en la jurisprudencia del tribunal de justicia de Luxemburgo<\/p>\n<p><strong>CAP\u00cdTULO SEGUNDO<br \/>\nREGULACI\u00d3N DE LA PARTICIPACO\u00d3N DEL NI\u00d1O EN LA JURISPRUDENCIA DE FAMILIA CHILENA<\/p>\n<p><\/strong>1. REGULACION DE LA PARTICIPACI\u00d3N DEL NI\u00d1O<br \/>\n1.1. Algunos Factores de la Historia del Derecho con Influencia en el Marco Legislativo Vinculado con la Infancia<br \/>\n1.1.1. Lineamientos generales sobre la \u201clegislaci\u00f3n de menores\u201d en Chile<br \/>\n1.2. Implementaci\u00f3n de la Justicia de Familia<br \/>\n1.2.1. Gesti\u00f3n de los Tribunales de Familia. Perspectiva General<br \/>\n1.2.2. Estado Actual de la Discusi\u00f3n en Chile sobre el Valor e Influencia del Art\u00edculo 12 de la Convenci\u00f3n sobre los Derechos del Ni\u00f1o<br \/>\n1.3. El Valor del Derecho a Ser O\u00eddo y la Trascendencia de su Constitucionalizaci\u00f3n<br \/>\n1.3.1. EL Derecho Fundamental del Ni\u00f1o al Ejercicio de sus Derechos Ante la Jurisprudencia<br \/>\n1.3.2. Congruencia entre el Ejercicio del Derecho a ser O\u00eddo y la Garant\u00eda del Estado<br \/>\n1.4. Gesti\u00f3n del Tribunal, Inmediaci\u00f3n y Oralidad desde las Estad\u00edsticas<br \/>\n1.5. Intervenci\u00f3n del Ni\u00f1o en los Procedimientos que le Conciernen<br \/>\n1.5.1. Procedimiento Ordinario<br \/>\n1.5.2. El Procedimiento Aplicable a los Actos no Contenciosos<br \/>\n1.5.3. De la Mediaci\u00f3n Familiar<br \/>\n1.6. Participaci\u00f3n del Ni\u00f1o en los Procesos en que es Parte<br \/>\n1.6.1. Procedimiento especial de Aplicaci\u00f3n Judicial de Medidas de Protecci\u00f3n de los Derechos de los Ni\u00f1os, Ni\u00f1as y Adolescentes<br \/>\n1.6.2. Procedimiento Relativo a los Actos de Violencia Intrafamiliar<br \/>\n1.6.3. Procedimiento Contravencional ante los Tribunales de Familia<br \/>\n1.6.4. Procedimientos de Adopci\u00f3n<\/p>\n","protected":false},"excerpt":{"rendered":"<p>La obra desarrolla una perspectiva de la protecci\u00f3n especial que otorga la Convenci\u00f3n Sobre los Derechos del Ni\u00f1o a los derechos reconocidos en ella, en particular, al acceso del ni\u00f1o a la justicia procesal, en ejercicio, por s\u00ed, de sus derechos. Utiliza criterios facilitadores de conjugaci\u00f3n de los principios y las reglas en cuesti\u00f3n, a trav\u00e9s de dos cap\u00edtulos, mediante la interpretaci\u00f3n de las disposiciones que contienen las potestades y regulaciones previstas en ella, para el ejercicio procesal de derechos y la recepci\u00f3n de los contenidos materiales y formales de su intervenci\u00f3n en los procedimientos judiciales de familia, que le afecten. La verificaci\u00f3n de las condiciones de recepci\u00f3n del derecho a ser o\u00eddo en la justicia chilena, permite consideran su jerarqu\u00eda constitucional, como derecho fundamental, en conexi\u00f3n con sus elementos constitutivos, eje desde el cual despliega mecanismos de congruencia en la protecci\u00f3n y tutela espec\u00edfica del ni\u00f1o y sus derechos, sistematizando los procedimientos que involucran los derechos de los ni\u00f1os en la Ley N\u00b0 19.968, de acuerdo a los est\u00e1ndares del ejercicio aut\u00f3nomo de los mismos, destacables en su participaci\u00f3n en aquellos que le conciernen y los que lo involucran con atributos de parte. Con doctrina y jurisprudencia de inter\u00e9s, aspiramos, modestamente, a facilitar a interesados desde la ciencia del Derecho y otras de lo social, al estudio del nuevo Derecho Familiar chileno. CAP\u00cdTULO PRIMERO REGULACI\u00d3N DEL EJERCICIO DE LOS DERECHOS, POR S\u00cd, EN LA CONVENCI\u00d3N DE DERECHOS DEL NI\u00d1O 1. REGULACI\u00d3N DEL EJERCICIO DE LOS DERECHOS 1.1. El \u201cNi\u00f1o\u201d como sujeto de Derecho 1.1.1. El peso val\u00f3rico de la dignidad 1.1.2. El Criterio de la Edad 1.2. Contenidos Materiales y Formales del Derecho a Participar en los Procesos Judiciales que lo Afecten, en la Convenci\u00f3n de Derechos del Ni\u00f1o 1.2.1.Art\u00edculo 3. Inter\u00e9s Superior del Ni\u00f1o 1.2.2. Art\u00edculo 4. La Implementaci\u00f3n de los Derechos en la CDN 1.2.3. Art\u00edculo 5. Gu\u00eda Parental y Desarrollo Progresivo 1.2.4. Precedentes del Derecho a ser o\u00eddo consagrado en la convenci\u00f3n de Derechos del Ni\u00f1o 1.2.5. Art\u00edculo 12. Contenidos del Respeto al Parecer del Ni\u00f1o en la Historia fidedigna de la Convenci\u00f3n de Derechos del Ni\u00f1o 1.2.6. Derecho del Ni\u00f1o a ser O\u00eddo. Un Derecho de participaci\u00f3n 1.3. Recepci\u00f3n del Inter\u00e9s Superior del Ni\u00f1o y su Derecho a ser O\u00eddo en los Tribunales Internacionales 1.3.1. Control Jurisdiccional Supranacional de la Corte Interamericana de Derechos Humanos 1.3.2. Contrastes en la Jurisdicci\u00f3n de la Corte Europea de Derechos Humanos 1.3.3. Inter\u00e9s Comunitario e Inter\u00e9s superior del ni\u00f1o en la jurisprudencia del tribunal de justicia de Luxemburgo CAP\u00cdTULO SEGUNDO REGULACI\u00d3N DE LA PARTICIPACO\u00d3N DEL NI\u00d1O EN LA JURISPRUDENCIA DE FAMILIA CHILENA 1. REGULACION DE LA PARTICIPACI\u00d3N DEL NI\u00d1O 1.1. Algunos Factores de la Historia del Derecho con Influencia en el Marco Legislativo Vinculado con la Infancia 1.1.1. Lineamientos generales sobre la \u201clegislaci\u00f3n de menores\u201d en Chile 1.2. Implementaci\u00f3n de la Justicia de Familia 1.2.1. Gesti\u00f3n de los Tribunales de Familia. Perspectiva General 1.2.2. Estado Actual de la Discusi\u00f3n en Chile sobre el Valor e Influencia del Art\u00edculo 12 de la Convenci\u00f3n sobre los Derechos del Ni\u00f1o 1.3. El Valor del Derecho a Ser O\u00eddo y la Trascendencia de su Constitucionalizaci\u00f3n 1.3.1. EL Derecho Fundamental del Ni\u00f1o al Ejercicio de sus Derechos Ante la Jurisprudencia 1.3.2. Congruencia entre el Ejercicio del Derecho a ser O\u00eddo y la Garant\u00eda del Estado 1.4. Gesti\u00f3n del Tribunal, Inmediaci\u00f3n y Oralidad desde las Estad\u00edsticas 1.5. Intervenci\u00f3n del Ni\u00f1o en los Procedimientos que le Conciernen 1.5.1. Procedimiento Ordinario 1.5.2. El Procedimiento Aplicable a los Actos no Contenciosos 1.5.3. De la Mediaci\u00f3n Familiar 1.6. Participaci\u00f3n del Ni\u00f1o en los Procesos en que es Parte 1.6.1. Procedimiento especial de Aplicaci\u00f3n Judicial de Medidas de Protecci\u00f3n de los Derechos de los Ni\u00f1os, Ni\u00f1as y Adolescentes 1.6.2. Procedimiento Relativo a los Actos de Violencia Intrafamiliar 1.6.3. Procedimiento Contravencional ante los Tribunales de Familia 1.6.4. Procedimientos de Adopci\u00f3n<\/p>\n","protected":false},"featured_media":2738,"comment_status":"open","ping_status":"closed","template":"","meta":{"inline_featured_image":false,"_joinchat":[]},"product_brand":[],"product_cat":[29],"product_tag":[],"class_list":{"0":"post-2690","1":"product","2":"type-product","3":"status-publish","4":"has-post-thumbnail","6":"product_cat-familia-y-del-menor","7":"product_shipping_class-a-convenir","9":"first","10":"instock","11":"shipping-taxable","12":"purchasable","13":"product-type-simple"},"_links":{"self":[{"href":"https:\/\/bibliotecajuridicavirtual.cl\/index.php\/wp-json\/wp\/v2\/product\/2690","targetHints":{"allow":["GET"]}}],"collection":[{"href":"https:\/\/bibliotecajuridicavirtual.cl\/index.php\/wp-json\/wp\/v2\/product"}],"about":[{"href":"https:\/\/bibliotecajuridicavirtual.cl\/index.php\/wp-json\/wp\/v2\/types\/product"}],"replies":[{"embeddable":true,"href":"https:\/\/bibliotecajuridicavirtual.cl\/index.php\/wp-json\/wp\/v2\/comments?post=2690"}],"wp:featuredmedia":[{"embeddable":true,"href":"https:\/\/bibliotecajuridicavirtual.cl\/index.php\/wp-json\/wp\/v2\/media\/2738"}],"wp:attachment":[{"href":"https:\/\/bibliotecajuridicavirtual.cl\/index.php\/wp-json\/wp\/v2\/media?parent=2690"}],"wp:term":[{"taxonomy":"product_brand","embeddable":true,"href":"https:\/\/bibliotecajuridicavirtual.cl\/index.php\/wp-json\/wp\/v2\/product_brand?post=2690"},{"taxonomy":"product_cat","embeddable":true,"href":"https:\/\/bibliotecajuridicavirtual.cl\/index.php\/wp-json\/wp\/v2\/product_cat?post=2690"},{"taxonomy":"product_tag","embeddable":true,"href":"https:\/\/bibliotecajuridicavirtual.cl\/index.php\/wp-json\/wp\/v2\/product_tag?post=2690"}],"curies":[{"name":"wp","href":"https:\/\/api.w.org\/{rel}","templated":true}]}}