{"id":2691,"date":"2026-02-28T01:04:40","date_gmt":"2026-02-28T04:04:40","guid":{"rendered":"https:\/\/bibliotecajuridicavirtual.cl\/?post_type=product&#038;p=2691"},"modified":"2026-02-28T01:05:11","modified_gmt":"2026-02-28T04:05:11","slug":"vision-jurisprudencial-contrato-simulado-ano-julio-2023-198-pag-autor-editorial-hammurabi","status":"publish","type":"product","link":"https:\/\/bibliotecajuridicavirtual.cl\/index.php\/product\/vision-jurisprudencial-contrato-simulado-ano-julio-2023-198-pag-autor-editorial-hammurabi\/","title":{"rendered":"Visi\u00f3n Jurisprudencial &#8211; Contrato Simulado. A\u00f1o Julio 2023\/ 198 P\u00e1g. Autor Editorial Hammurabi"},"content":{"rendered":"<ol>\n<li style=\"font-weight: 400;\"><b><strong> FICHAS DE CONTRATO SIMULADO<\/strong><\/b><\/li>\n<\/ol>\n<p style=\"font-weight: 400;\">Ficha N\u00ba 1: Demanda de nulidad absoluta y reivindicaci\u00f3n, por simulaci\u00f3n, y en subsidio, demandada de nulidad relativa por lesi\u00f3n enorme en la compraventa<\/p>\n<p style=\"font-weight: 400;\">An\u00e1lisis de la pretensi\u00f3n y defensa<br \/>\n1. S\u00edntesis de los fallos<br \/>\n2. Monto solicitado y concedido<\/p>\n<p style=\"font-weight: 400;\">Ficha N\u00ba 2: Demanda de nulidad absoluta por simulaci\u00f3n de contrato de compraventa de bien ra\u00edz<\/p>\n<p style=\"font-weight: 400;\">An\u00e1lisis de la pretensi\u00f3n y defensa<br \/>\n1. S\u00edntesis de los fallos<br \/>\n2. Monto solicitado y concedido<\/p>\n<p style=\"font-weight: 400;\">Ficha N\u00ba 3: Demanda de nulidad de contrato<\/p>\n<p style=\"font-weight: 400;\">An\u00e1lisis de la pretensi\u00f3n y defensa<br \/>\n1. S\u00edntesis de los fallos<br \/>\n2. Monto solicitado y concedido<\/p>\n<p style=\"font-weight: 400;\">Ficha N\u00ba 4: Demanda en juicio ordinario de nulidad de contrato<\/p>\n<p style=\"font-weight: 400;\">An\u00e1lisis de la pretensi\u00f3n y defensa<br \/>\n1. S\u00edntesis de los fallos<br \/>\n2. Monto solicitado y concedido<\/p>\n<p style=\"font-weight: 400;\">Ficha N\u00ba 5: Demanda de nulidad del contrato por simulaci\u00f3n<\/p>\n<p style=\"font-weight: 400;\">An\u00e1lisis de la pretensi\u00f3n y defensa<br \/>\n1. S\u00edntesis de los fallos<br \/>\n2. Monto solicitado y concedido<\/p>\n<p style=\"font-weight: 400;\">Ficha N\u00ba 6: Demanda de nulidad de compraventa<\/p>\n<p style=\"font-weight: 400;\">An\u00e1lisis de la pretensi\u00f3n y defensa<br \/>\n1. S\u00edntesis de los fallos<br \/>\n2. Monto solicitado y concedido<\/p>\n<p style=\"font-weight: 400;\">Ficha N\u00ba 7: Demanda de indemnizaci\u00f3n de perjuicios por responsabilidad extracontractual<\/p>\n<p style=\"font-weight: 400;\">An\u00e1lisis de la pretensi\u00f3n y defensa<br \/>\n1. S\u00edntesis de los fallos<br \/>\n2. Monto solicitado y concedido<\/p>\n<p style=\"font-weight: 400;\">Ficha N\u00ba 8: Demanda de terminaci\u00f3n de contrato de arrendamiento, por no pago de las rentas<\/p>\n<p style=\"font-weight: 400;\">An\u00e1lisis de la pretensi\u00f3n y defensa<br \/>\n1. S\u00edntesis de los fallos<br \/>\n2. Monto solicitado y concedido<\/p>\n<p style=\"font-weight: 400;\">Ficha N\u00ba 9: Demanda de nulidad de contrato<\/p>\n<p style=\"font-weight: 400;\">An\u00e1lisis de la pretensi\u00f3n y defensa<br \/>\n1. S\u00edntesis de los fallos<br \/>\n2. Monto solicitado y concedido<\/p>\n<p style=\"font-weight: 400;\">Ficha N\u00ba 10: Demanda en juicio ordinario de mayor cuant\u00eda<\/p>\n<p style=\"font-weight: 400;\">An\u00e1lisis de la pretensi\u00f3n y defensa<br \/>\n1. S\u00edntesis de los fallos<br \/>\n2. Monto solicitado y concedido<\/p>\n<p style=\"font-weight: 400;\">Ficha N\u00ba 11: Demanda de declaraci\u00f3n de inexistencia de contrato de sociedad, compraventa y aportes sociales o simulaci\u00f3n absoluta<\/p>\n<p>An\u00e1lisis de la pretensi\u00f3n y defensa<br \/>\n1. S\u00edntesis de los fallos<br \/>\n2. Monto solicitado y concedido<\/p>\n<p style=\"font-weight: 400;\">Ficha N\u00ba 12: Demanda en juicio ordinario<\/p>\n<p style=\"font-weight: 400;\">An\u00e1lisis de la pretensi\u00f3n y defensa<br \/>\n1. S\u00edntesis de los fallos<br \/>\n2. Monto solicitado y concedido<\/p>\n<ol start=\"2\">\n<li style=\"font-weight: 400;\"><b><strong> SENTENCIAS DE LA CORTE SUPREMA, CONTRATO SIMULADO<\/strong><\/b><\/li>\n<\/ol>\n<p style=\"font-weight: 400;\">Sentencia 1. Soto Ulloa contra Soto Ruiz<br \/>\nSentencia 2. Alvear Barra Contra Villagr\u00e1n Palma<br \/>\nSentencia 3. Ramos Az\u00faa y otra contra Rodr\u00edguez \u00c1vila y otro<br \/>\nSentencia 4. Contreras Villarroel contra Contreras Candia y otros<br \/>\nSentencia 5. Contreras S\u00e1ez contra Contreras S\u00e1ez y otros<br \/>\nSentencia 6. Far\u00edas Far\u00edas contra Far\u00edas Far\u00edas<br \/>\nSentencia 7. Herrera Cisterna y otros contra Galleguillos Cort\u00e9s y otros<br \/>\nSentencia 8. Luengo Duguet servicios educacionales EIRL y otro con Pamela Escalona Servicios Educacionales EIRL y otros<br \/>\nSentencia 9. P\u00e9rez Ulloa contra Ulloa Carrillo<br \/>\nSentencia 10. Esp\u00ednola Carre\u00f1o y otra contra Pizarro Espejo y otro<br \/>\nSentencia 11. Ferro Denis contra Colinas Castro y otros<br \/>\nSentencia 12. Higueras Herrera contra Mart\u00ednez Correa y otros<\/p>\n","protected":false},"excerpt":{"rendered":"<p>FICHAS DE CONTRATO SIMULADO Ficha N\u00ba 1: Demanda de nulidad absoluta y reivindicaci\u00f3n, por simulaci\u00f3n, y en subsidio, demandada de nulidad relativa por lesi\u00f3n enorme en la compraventa An\u00e1lisis de la pretensi\u00f3n y defensa 1. S\u00edntesis de los fallos 2. Monto solicitado y concedido Ficha N\u00ba 2: Demanda de nulidad absoluta por simulaci\u00f3n de contrato de compraventa de bien ra\u00edz An\u00e1lisis de la pretensi\u00f3n y defensa 1. S\u00edntesis de los fallos 2. Monto solicitado y concedido Ficha N\u00ba 3: Demanda de nulidad de contrato An\u00e1lisis de la pretensi\u00f3n y defensa 1. S\u00edntesis de los fallos 2. Monto solicitado y concedido Ficha N\u00ba 4: Demanda en juicio ordinario de nulidad de contrato An\u00e1lisis de la pretensi\u00f3n y defensa 1. S\u00edntesis de los fallos 2. Monto solicitado y concedido Ficha N\u00ba 5: Demanda de nulidad del contrato por simulaci\u00f3n An\u00e1lisis de la pretensi\u00f3n y defensa 1. S\u00edntesis de los fallos 2. Monto solicitado y concedido Ficha N\u00ba 6: Demanda de nulidad de compraventa An\u00e1lisis de la pretensi\u00f3n y defensa 1. S\u00edntesis de los fallos 2. Monto solicitado y concedido Ficha N\u00ba 7: Demanda de indemnizaci\u00f3n de perjuicios por responsabilidad extracontractual An\u00e1lisis de la pretensi\u00f3n y defensa 1. S\u00edntesis de los fallos 2. Monto solicitado y concedido Ficha N\u00ba 8: Demanda de terminaci\u00f3n de contrato de arrendamiento, por no pago de las rentas An\u00e1lisis de la pretensi\u00f3n y defensa 1. S\u00edntesis de los fallos 2. Monto solicitado y concedido Ficha N\u00ba 9: Demanda de nulidad de contrato An\u00e1lisis de la pretensi\u00f3n y defensa 1. S\u00edntesis de los fallos 2. Monto solicitado y concedido Ficha N\u00ba 10: Demanda en juicio ordinario de mayor cuant\u00eda An\u00e1lisis de la pretensi\u00f3n y defensa 1. S\u00edntesis de los fallos 2. Monto solicitado y concedido Ficha N\u00ba 11: Demanda de declaraci\u00f3n de inexistencia de contrato de sociedad, compraventa y aportes sociales o simulaci\u00f3n absoluta An\u00e1lisis de la pretensi\u00f3n y defensa 1. S\u00edntesis de los fallos 2. Monto solicitado y concedido Ficha N\u00ba 12: Demanda en juicio ordinario An\u00e1lisis de la pretensi\u00f3n y defensa 1. S\u00edntesis de los fallos 2. Monto solicitado y concedido SENTENCIAS DE LA CORTE SUPREMA, CONTRATO SIMULADO Sentencia 1. Soto Ulloa contra Soto Ruiz Sentencia 2. Alvear Barra Contra Villagr\u00e1n Palma Sentencia 3. Ramos Az\u00faa y otra contra Rodr\u00edguez \u00c1vila y otro Sentencia 4. Contreras Villarroel contra Contreras Candia y otros Sentencia 5. Contreras S\u00e1ez contra Contreras S\u00e1ez y otros Sentencia 6. Far\u00edas Far\u00edas contra Far\u00edas Far\u00edas Sentencia 7. Herrera Cisterna y otros contra Galleguillos Cort\u00e9s y otros Sentencia 8. Luengo Duguet servicios educacionales EIRL y otro con Pamela Escalona Servicios Educacionales EIRL y otros Sentencia 9. P\u00e9rez Ulloa contra Ulloa Carrillo Sentencia 10. Esp\u00ednola Carre\u00f1o y otra contra Pizarro Espejo y otro Sentencia 11. Ferro Denis contra Colinas Castro y otros Sentencia 12. Higueras Herrera contra Mart\u00ednez Correa y otros<\/p>\n","protected":false},"featured_media":2739,"comment_status":"open","ping_status":"closed","template":"","meta":{"inline_featured_image":false,"_joinchat":[]},"product_brand":[],"product_cat":[27],"product_tag":[],"class_list":{"0":"post-2691","1":"product","2":"type-product","3":"status-publish","4":"has-post-thumbnail","6":"product_cat-civil","7":"product_shipping_class-a-convenir","9":"first","10":"instock","11":"shipping-taxable","12":"purchasable","13":"product-type-simple"},"_links":{"self":[{"href":"https:\/\/bibliotecajuridicavirtual.cl\/index.php\/wp-json\/wp\/v2\/product\/2691","targetHints":{"allow":["GET"]}}],"collection":[{"href":"https:\/\/bibliotecajuridicavirtual.cl\/index.php\/wp-json\/wp\/v2\/product"}],"about":[{"href":"https:\/\/bibliotecajuridicavirtual.cl\/index.php\/wp-json\/wp\/v2\/types\/product"}],"replies":[{"embeddable":true,"href":"https:\/\/bibliotecajuridicavirtual.cl\/index.php\/wp-json\/wp\/v2\/comments?post=2691"}],"wp:featuredmedia":[{"embeddable":true,"href":"https:\/\/bibliotecajuridicavirtual.cl\/index.php\/wp-json\/wp\/v2\/media\/2739"}],"wp:attachment":[{"href":"https:\/\/bibliotecajuridicavirtual.cl\/index.php\/wp-json\/wp\/v2\/media?parent=2691"}],"wp:term":[{"taxonomy":"product_brand","embeddable":true,"href":"https:\/\/bibliotecajuridicavirtual.cl\/index.php\/wp-json\/wp\/v2\/product_brand?post=2691"},{"taxonomy":"product_cat","embeddable":true,"href":"https:\/\/bibliotecajuridicavirtual.cl\/index.php\/wp-json\/wp\/v2\/product_cat?post=2691"},{"taxonomy":"product_tag","embeddable":true,"href":"https:\/\/bibliotecajuridicavirtual.cl\/index.php\/wp-json\/wp\/v2\/product_tag?post=2691"}],"curies":[{"name":"wp","href":"https:\/\/api.w.org\/{rel}","templated":true}]}}