{"id":2692,"date":"2026-02-28T01:04:40","date_gmt":"2026-02-28T04:04:40","guid":{"rendered":"https:\/\/bibliotecajuridicavirtual.cl\/?post_type=product&#038;p=2692"},"modified":"2026-02-28T01:05:12","modified_gmt":"2026-02-28T04:05:12","slug":"boletin-de-jurisprudencia-de-derecho-del-consumidor-danos-al-consumidor-en-autopistas-concesionadas-ano-mayo-2023-114-pag-autorfabian-gonzalez-cazorla","status":"publish","type":"product","link":"https:\/\/bibliotecajuridicavirtual.cl\/index.php\/product\/boletin-de-jurisprudencia-de-derecho-del-consumidor-danos-al-consumidor-en-autopistas-concesionadas-ano-mayo-2023-114-pag-autorfabian-gonzalez-cazorla\/","title":{"rendered":"Bolet\u00edn De Jurisprudencia de Derecho del Consumidor &#8211; Da\u00f1os al Consumidor en Autopistas Concesionadas. A\u00f1o Mayo 2023\/ 114 P\u00e1g. Autor\tFabi\u00e1n Gonz\u00e1lez Cazorla"},"content":{"rendered":"<ol>\n<li style=\"font-weight: 400;\"><b><strong> FICHAS DE SENTENCIAS<\/strong><\/b><\/li>\n<\/ol>\n<p style=\"font-weight: 400;\">Ficha 1: Acci\u00f3n civil indemnizatoria<\/p>\n<ol>\n<li style=\"font-weight: 400;\">Doctrina<br \/>\nAn\u00e1lisis de la pretensi\u00f3n y defensa<br \/>\n2. Monto solicitado y concedido<\/li>\n<\/ol>\n<p style=\"font-weight: 400;\">Ficha 2: Recurso de apelaci\u00f3n<\/p>\n<ol>\n<li style=\"font-weight: 400;\">DOCTRINA<\/li>\n<li style=\"font-weight: 400;\">Doctrina<br \/>\nAn\u00e1lisis de la pretensi\u00f3n y defensa<br \/>\n2. Monto solicitado y concedido<\/li>\n<\/ol>\n<p style=\"font-weight: 400;\">Ficha 3: Recurso de apelaci\u00f3n<\/p>\n<ol>\n<li style=\"font-weight: 400;\">Doctrina<br \/>\nAn\u00e1lisis de la pretensi\u00f3n y defensa<br \/>\n2. Monto solicitado y concedido<\/li>\n<\/ol>\n<p style=\"font-weight: 400;\">Ficha 4: Recurso de apelaci\u00f3n<\/p>\n<ol>\n<li style=\"font-weight: 400;\">Doctrina<br \/>\nAn\u00e1lisis de la pretensi\u00f3n y defensa<br \/>\n2. Monto solicitado y concedido<\/li>\n<\/ol>\n<p style=\"font-weight: 400;\">Ficha 5: Recurso de apelaci\u00f3n<\/p>\n<ol>\n<li style=\"font-weight: 400;\">Doctrina<br \/>\nAn\u00e1lisis de la pretensi\u00f3n y defensa<br \/>\n2. Monto solicitado y concedido<\/li>\n<\/ol>\n<p style=\"font-weight: 400;\">Ficha 6: Recurso de apelaci\u00f3n<\/p>\n<ol>\n<li style=\"font-weight: 400;\">Doctrina<br \/>\nAn\u00e1lisis de la pretensi\u00f3n y defensa<br \/>\n2. Monto solicitado y concedido<\/li>\n<\/ol>\n<p style=\"font-weight: 400;\">Ficha 7: querella<\/p>\n<ol>\n<li style=\"font-weight: 400;\">Doctrina<br \/>\nAn\u00e1lisis de la pretensi\u00f3n y defensa<br \/>\n2. Monto solicitado y concedido<\/li>\n<\/ol>\n<p style=\"font-weight: 400;\">Ficha 8: Recurso de apelaci\u00f3n<\/p>\n<ol>\n<li style=\"font-weight: 400;\">Doctrina<br \/>\nAn\u00e1lisis de la pretensi\u00f3n y defensa<br \/>\n2. Monto solicitado y concedido<\/li>\n<\/ol>\n<p style=\"font-weight: 400;\">Ficha 9: Recurso de apelaci\u00f3n<\/p>\n<ol>\n<li style=\"font-weight: 400;\">Doctrina<br \/>\nAn\u00e1lisis de la pretensi\u00f3n y defensa<br \/>\n2. Monto solicitado y concedido<\/li>\n<\/ol>\n<p style=\"font-weight: 400;\">Ficha 10: Recurso de apelaci\u00f3n<\/p>\n<ol>\n<li style=\"font-weight: 400;\">Doctrina<br \/>\nAn\u00e1lisis de la pretensi\u00f3n y defensa<br \/>\n2. Monto solicitado y concedido<\/li>\n<\/ol>\n<p style=\"font-weight: 400;\">Ficha 11: Recurso de apelaci\u00f3n<\/p>\n<ol>\n<li style=\"font-weight: 400;\">Doctrina<br \/>\nAn\u00e1lisis de la pretensi\u00f3n y defensa<br \/>\n2. Monto solicitado y concedido<\/li>\n<\/ol>\n<p style=\"font-weight: 400;\">FICHA 12: Recurso de apelaci\u00f3n<\/p>\n<ol>\n<li style=\"font-weight: 400;\">Doctrina<br \/>\nAn\u00e1lisis de la pretensi\u00f3n y defensa<br \/>\n2. Monto solicitado y concedido<\/li>\n<\/ol>\n<p style=\"font-weight: 400;\">Ficha 13: Demanda de indemnizaci\u00f3n de perjuicios a concesionaria de autopista<\/p>\n<ol>\n<li style=\"font-weight: 400;\">Doctrina<br \/>\nAn\u00e1lisis de la pretensi\u00f3n y defensa<br \/>\n2. Monto solicitado y concedido<\/li>\n<li style=\"font-weight: 400;\"><b><strong> SENTENCIAS DE LAS CORTES DE APELACIONES<\/strong><\/b><\/li>\n<\/ol>\n<p style=\"font-weight: 400;\">Sentencia 1: Fernando Milton Arenas Moya con Sociedad Concesionaria Autopista Nororiente S.A.<\/p>\n<p style=\"font-weight: 400;\">Sentencia 2: Carlos Bobadilla Dallago con Sociedad Concesionaria Autopista Central<\/p>\n<p style=\"font-weight: 400;\">Sentencia 3: Juana Barrios Carre\u00f1o y otro con Sociedad Concesionaria Autopista Central S.A.<\/p>\n<p style=\"font-weight: 400;\">Sentencia 4: Sebasti\u00e1n V\u00e1squez Rocuant con Sociedad Concesionaria Autopista Central S.A.<\/p>\n<p style=\"font-weight: 400;\">Sentencia 5: Rodrigo C\u00e1rdenas Sep\u00falveda con Sociedad Concesionaria Autopista del Aconcagua S.A.<\/p>\n<p style=\"font-weight: 400;\">Sentencia 6: Mar\u00eda Espinoza Reyes con Sociedad Concesionaria Costanera Norte<\/p>\n<p style=\"font-weight: 400;\">Sentencia 7: Darwin Williams Opazo Fuentes contra Sociedad Concesionaria Autopista del Aconcagua S.A.<\/p>\n<p style=\"font-weight: 400;\">Sentencia 8: Jos\u00e9 Guzm\u00e1n Sol\u00eds con Sociedad Concesionaria Autopista de Los Andes S.A.<\/p>\n<p style=\"font-weight: 400;\">Sentencia 9: Irene Uberlinda Rojas Tobar y Henry George Salinas Soto con Ruta del Maipo Sociedad Concesionaria S.A.<\/p>\n<p style=\"font-weight: 400;\">Sentencia 10: Servicio Nacional del Consumidor con Sociedad Concesionaria Autopista Central S.A.<\/p>\n<p style=\"font-weight: 400;\">Sentencia 11: Luciano Contreras Gallardo con Sociedad Concesionaria Autopista del Aconcagua S.A.<\/p>\n<p style=\"font-weight: 400;\">Sentencia 12: Miguel \u00c1ngel Bustamante Ortega con Autopista Central S.A.<\/p>\n<p style=\"font-weight: 400;\">Sentencia 13: Contra Concesionaria Autopista Libertadores S.A.<\/p>\n","protected":false},"excerpt":{"rendered":"<p>FICHAS DE SENTENCIAS Ficha 1: Acci\u00f3n civil indemnizatoria Doctrina An\u00e1lisis de la pretensi\u00f3n y defensa 2. Monto solicitado y concedido Ficha 2: Recurso de apelaci\u00f3n DOCTRINA Doctrina An\u00e1lisis de la pretensi\u00f3n y defensa 2. Monto solicitado y concedido Ficha 3: Recurso de apelaci\u00f3n Doctrina An\u00e1lisis de la pretensi\u00f3n y defensa 2. Monto solicitado y concedido Ficha 4: Recurso de apelaci\u00f3n Doctrina An\u00e1lisis de la pretensi\u00f3n y defensa 2. Monto solicitado y concedido Ficha 5: Recurso de apelaci\u00f3n Doctrina An\u00e1lisis de la pretensi\u00f3n y defensa 2. Monto solicitado y concedido Ficha 6: Recurso de apelaci\u00f3n Doctrina An\u00e1lisis de la pretensi\u00f3n y defensa 2. Monto solicitado y concedido Ficha 7: querella Doctrina An\u00e1lisis de la pretensi\u00f3n y defensa 2. Monto solicitado y concedido Ficha 8: Recurso de apelaci\u00f3n Doctrina An\u00e1lisis de la pretensi\u00f3n y defensa 2. Monto solicitado y concedido Ficha 9: Recurso de apelaci\u00f3n Doctrina An\u00e1lisis de la pretensi\u00f3n y defensa 2. Monto solicitado y concedido Ficha 10: Recurso de apelaci\u00f3n Doctrina An\u00e1lisis de la pretensi\u00f3n y defensa 2. Monto solicitado y concedido Ficha 11: Recurso de apelaci\u00f3n Doctrina An\u00e1lisis de la pretensi\u00f3n y defensa 2. Monto solicitado y concedido FICHA 12: Recurso de apelaci\u00f3n Doctrina An\u00e1lisis de la pretensi\u00f3n y defensa 2. Monto solicitado y concedido Ficha 13: Demanda de indemnizaci\u00f3n de perjuicios a concesionaria de autopista Doctrina An\u00e1lisis de la pretensi\u00f3n y defensa 2. Monto solicitado y concedido SENTENCIAS DE LAS CORTES DE APELACIONES Sentencia 1: Fernando Milton Arenas Moya con Sociedad Concesionaria Autopista Nororiente S.A. Sentencia 2: Carlos Bobadilla Dallago con Sociedad Concesionaria Autopista Central Sentencia 3: Juana Barrios Carre\u00f1o y otro con Sociedad Concesionaria Autopista Central S.A. Sentencia 4: Sebasti\u00e1n V\u00e1squez Rocuant con Sociedad Concesionaria Autopista Central S.A. Sentencia 5: Rodrigo C\u00e1rdenas Sep\u00falveda con Sociedad Concesionaria Autopista del Aconcagua S.A. Sentencia 6: Mar\u00eda Espinoza Reyes con Sociedad Concesionaria Costanera Norte Sentencia 7: Darwin Williams Opazo Fuentes contra Sociedad Concesionaria Autopista del Aconcagua S.A. Sentencia 8: Jos\u00e9 Guzm\u00e1n Sol\u00eds con Sociedad Concesionaria Autopista de Los Andes S.A. Sentencia 9: Irene Uberlinda Rojas Tobar y Henry George Salinas Soto con Ruta del Maipo Sociedad Concesionaria S.A. Sentencia 10: Servicio Nacional del Consumidor con Sociedad Concesionaria Autopista Central S.A. Sentencia 11: Luciano Contreras Gallardo con Sociedad Concesionaria Autopista del Aconcagua S.A. Sentencia 12: Miguel \u00c1ngel Bustamante Ortega con Autopista Central S.A. Sentencia 13: Contra Concesionaria Autopista Libertadores S.A.<\/p>\n","protected":false},"featured_media":2740,"comment_status":"open","ping_status":"closed","template":"","meta":{"inline_featured_image":false,"_joinchat":[]},"product_brand":[],"product_cat":[27],"product_tag":[],"class_list":{"0":"post-2692","1":"product","2":"type-product","3":"status-publish","4":"has-post-thumbnail","6":"product_cat-civil","7":"product_shipping_class-a-convenir","9":"first","10":"instock","11":"shipping-taxable","12":"purchasable","13":"product-type-simple"},"_links":{"self":[{"href":"https:\/\/bibliotecajuridicavirtual.cl\/index.php\/wp-json\/wp\/v2\/product\/2692","targetHints":{"allow":["GET"]}}],"collection":[{"href":"https:\/\/bibliotecajuridicavirtual.cl\/index.php\/wp-json\/wp\/v2\/product"}],"about":[{"href":"https:\/\/bibliotecajuridicavirtual.cl\/index.php\/wp-json\/wp\/v2\/types\/product"}],"replies":[{"embeddable":true,"href":"https:\/\/bibliotecajuridicavirtual.cl\/index.php\/wp-json\/wp\/v2\/comments?post=2692"}],"wp:featuredmedia":[{"embeddable":true,"href":"https:\/\/bibliotecajuridicavirtual.cl\/index.php\/wp-json\/wp\/v2\/media\/2740"}],"wp:attachment":[{"href":"https:\/\/bibliotecajuridicavirtual.cl\/index.php\/wp-json\/wp\/v2\/media?parent=2692"}],"wp:term":[{"taxonomy":"product_brand","embeddable":true,"href":"https:\/\/bibliotecajuridicavirtual.cl\/index.php\/wp-json\/wp\/v2\/product_brand?post=2692"},{"taxonomy":"product_cat","embeddable":true,"href":"https:\/\/bibliotecajuridicavirtual.cl\/index.php\/wp-json\/wp\/v2\/product_cat?post=2692"},{"taxonomy":"product_tag","embeddable":true,"href":"https:\/\/bibliotecajuridicavirtual.cl\/index.php\/wp-json\/wp\/v2\/product_tag?post=2692"}],"curies":[{"name":"wp","href":"https:\/\/api.w.org\/{rel}","templated":true}]}}