{"id":2694,"date":"2026-02-28T01:04:40","date_gmt":"2026-02-28T04:04:40","guid":{"rendered":"https:\/\/bibliotecajuridicavirtual.cl\/?post_type=product&#038;p=2694"},"modified":"2026-02-28T01:05:14","modified_gmt":"2026-02-28T04:05:14","slug":"vision-jurisprudencial-de-la-accion-de-precario-ano-junio-2023-164-pag-autor-editorial-hammurabi","status":"publish","type":"product","link":"https:\/\/bibliotecajuridicavirtual.cl\/index.php\/product\/vision-jurisprudencial-de-la-accion-de-precario-ano-junio-2023-164-pag-autor-editorial-hammurabi\/","title":{"rendered":"Visi\u00f3n Jurisprudencial de la Acci\u00f3n de Precario. A\u00f1o Junio 2023\/ 164 P\u00e1g. Autor Editorial Hammurabi"},"content":{"rendered":"<ol>\n<li style=\"font-weight: 400;\"><b><strong> FICHAS DE ACCI\u00d3N DE PRECARIO<\/strong><\/b><\/li>\n<\/ol>\n<p style=\"font-weight: 400;\">Ficha N\u00ba 1: Demanda de comodato precario.<\/p>\n<p style=\"font-weight: 400;\">An\u00e1lisis de la pretensi\u00f3n y defensa<\/p>\n<ol>\n<li style=\"font-weight: 400;\">S\u00edntesis de los fallos<br \/>\n2. Monto solicitado y concedido<\/li>\n<\/ol>\n<p style=\"font-weight: 400;\">Ficha N\u00ba 2: Demanda de Precario<\/p>\n<p style=\"font-weight: 400;\">An\u00e1lisis de la pretensi\u00f3n y defensa<\/p>\n<ol>\n<li style=\"font-weight: 400;\">S\u00edntesis de los fallos<br \/>\n2. Monto solicitado y concedido<\/li>\n<\/ol>\n<p style=\"font-weight: 400;\">Ficha N\u00ba 3: Demanda en juicio sumario de precario<\/p>\n<p style=\"font-weight: 400;\">An\u00e1lisis de la pretensi\u00f3n y defensa<\/p>\n<ol>\n<li style=\"font-weight: 400;\">S\u00edntesis de los fallos<br \/>\n2. Monto solicitado y concedido<\/li>\n<\/ol>\n<p style=\"font-weight: 400;\">Ficha N\u00ba 4: Demanda de precario.<\/p>\n<p style=\"font-weight: 400;\">An\u00e1lisis de la pretensi\u00f3n y defensa<\/p>\n<ol>\n<li style=\"font-weight: 400;\">S\u00edntesis de los fallos<br \/>\n2. Monto solicitado y concedido<\/li>\n<\/ol>\n<p style=\"font-weight: 400;\">Ficha N\u00ba 5: Demanda de precario en juicio sumario<\/p>\n<p style=\"font-weight: 400;\">An\u00e1lisis de la pretensi\u00f3n y defensa<\/p>\n<ol>\n<li style=\"font-weight: 400;\">S\u00edntesis de los fallos<br \/>\n2. Monto solicitado y concedido<\/li>\n<\/ol>\n<p style=\"font-weight: 400;\">Ficha N\u00ba 6: Demanda de comodato precario<\/p>\n<p style=\"font-weight: 400;\">An\u00e1lisis de la pretensi\u00f3n y defensa<\/p>\n<ol>\n<li style=\"font-weight: 400;\">S\u00edntesis de los fallos<br \/>\n2. Monto solicitado y concedido<\/li>\n<\/ol>\n<p style=\"font-weight: 400;\">Ficha N\u00ba 7: Demanda de precario.<\/p>\n<p style=\"font-weight: 400;\">An\u00e1lisis de la pretensi\u00f3n y defensa<\/p>\n<ol>\n<li style=\"font-weight: 400;\">S\u00edntesis de los fallos<br \/>\n2. Monto solicitado y concedido<\/li>\n<\/ol>\n<p style=\"font-weight: 400;\">Ficha N\u00ba 8: Demanda de precario.<\/p>\n<p style=\"font-weight: 400;\">An\u00e1lisis de la pretensi\u00f3n y defensa<\/p>\n<ol>\n<li style=\"font-weight: 400;\">S\u00edntesis de los fallos<br \/>\n2. Monto solicitado y concedido<\/li>\n<\/ol>\n<p style=\"font-weight: 400;\">Ficha N\u00ba 9: Demanda de precario.<\/p>\n<p style=\"font-weight: 400;\">An\u00e1lisis de la pretensi\u00f3n y defensa<\/p>\n<ol>\n<li style=\"font-weight: 400;\">S\u00edntesis de los fallos<br \/>\n2. Monto solicitado y concedido<\/li>\n<\/ol>\n<p style=\"font-weight: 400;\">Ficha N\u00ba 10: Demanda de comodato precario en juicio sumario.<\/p>\n<p style=\"font-weight: 400;\">An\u00e1lisis de la pretensi\u00f3n y defensa<\/p>\n<ol>\n<li style=\"font-weight: 400;\">S\u00edntesis de los fallos<br \/>\n2. Monto solicitado y concedido<\/li>\n<\/ol>\n<p style=\"font-weight: 400;\">Ficha N\u00ba 11: Demanda en juicio sumario de precario.<\/p>\n<p style=\"font-weight: 400;\">An\u00e1lisis de la pretensi\u00f3n y defensa<\/p>\n<ol>\n<li style=\"font-weight: 400;\">S\u00edntesis de los fallos<br \/>\n2. Monto solicitado y concedido<\/li>\n<\/ol>\n<p style=\"font-weight: 400;\">Ficha N\u00ba 12: Demanda de precario.<\/p>\n<p style=\"font-weight: 400;\">An\u00e1lisis de la pretensi\u00f3n y defensa<\/p>\n<ol>\n<li style=\"font-weight: 400;\">S\u00edntesis de los fallos<br \/>\n2. Monto solicitado y concedido<\/li>\n<\/ol>\n<p style=\"font-weight: 400;\">\n<ol start=\"2\">\n<li style=\"font-weight: 400;\"><b><strong> SENTENCIAS DE LA CORTE SUPREMA \u2013 ACCI\u00d3N DE PRECARIO<\/strong><\/b><\/li>\n<\/ol>\n<p style=\"font-weight: 400;\">Sentencia 1. Pareja Dom\u00ednguez contra Godoy Hern\u00e1ndez<br \/>\nSentencia 2. Inmobiliaria El Peumo Limitada contra Cariqueo Ram\u00edrez y Cariqueo Gatica<br \/>\nSentencia 3. Pereira Carvajal contra Maturana Castro<br \/>\nSentencia 4. Acu\u00f1a Castillo contra Acu\u00f1a Castillo<br \/>\nSentencia 5. Badilla Castillo contra Moya Moya<br \/>\nSentencia 6. Poblete Vidal contra Empresa El\u00e9ctrica de La Frontera, Frontel S.A.<br \/>\nSentencia 7. Almonacid Reuquen contra Riveras Valdebenito.<br \/>\nSentencia 8. Figueroa Ch\u00e1vez contra Adriazola Sandoval<br \/>\nSentencia 9. Salfate Salas contra Gonz\u00e1lez Molina.<br \/>\nSentencia 10. Maringuer Sanhueza contra Rojel Giliberto<br \/>\nSentencia 11. P\u00e9rez Alanis contra Valenzuela Seguel<br \/>\nSentencia 12. Quero Mu\u00f1oz contra Cort\u00e9s Cort\u00e9s y Campo Castillo.<\/p>\n","protected":false},"excerpt":{"rendered":"<p>FICHAS DE ACCI\u00d3N DE PRECARIO Ficha N\u00ba 1: Demanda de comodato precario. An\u00e1lisis de la pretensi\u00f3n y defensa S\u00edntesis de los fallos 2. Monto solicitado y concedido Ficha N\u00ba 2: Demanda de Precario An\u00e1lisis de la pretensi\u00f3n y defensa S\u00edntesis de los fallos 2. Monto solicitado y concedido Ficha N\u00ba 3: Demanda en juicio sumario de precario An\u00e1lisis de la pretensi\u00f3n y defensa S\u00edntesis de los fallos 2. Monto solicitado y concedido Ficha N\u00ba 4: Demanda de precario. An\u00e1lisis de la pretensi\u00f3n y defensa S\u00edntesis de los fallos 2. Monto solicitado y concedido Ficha N\u00ba 5: Demanda de precario en juicio sumario An\u00e1lisis de la pretensi\u00f3n y defensa S\u00edntesis de los fallos 2. Monto solicitado y concedido Ficha N\u00ba 6: Demanda de comodato precario An\u00e1lisis de la pretensi\u00f3n y defensa S\u00edntesis de los fallos 2. Monto solicitado y concedido Ficha N\u00ba 7: Demanda de precario. An\u00e1lisis de la pretensi\u00f3n y defensa S\u00edntesis de los fallos 2. Monto solicitado y concedido Ficha N\u00ba 8: Demanda de precario. An\u00e1lisis de la pretensi\u00f3n y defensa S\u00edntesis de los fallos 2. Monto solicitado y concedido Ficha N\u00ba 9: Demanda de precario. An\u00e1lisis de la pretensi\u00f3n y defensa S\u00edntesis de los fallos 2. Monto solicitado y concedido Ficha N\u00ba 10: Demanda de comodato precario en juicio sumario. An\u00e1lisis de la pretensi\u00f3n y defensa S\u00edntesis de los fallos 2. Monto solicitado y concedido Ficha N\u00ba 11: Demanda en juicio sumario de precario. An\u00e1lisis de la pretensi\u00f3n y defensa S\u00edntesis de los fallos 2. Monto solicitado y concedido Ficha N\u00ba 12: Demanda de precario. An\u00e1lisis de la pretensi\u00f3n y defensa S\u00edntesis de los fallos 2. Monto solicitado y concedido SENTENCIAS DE LA CORTE SUPREMA \u2013 ACCI\u00d3N DE PRECARIO Sentencia 1. Pareja Dom\u00ednguez contra Godoy Hern\u00e1ndez Sentencia 2. Inmobiliaria El Peumo Limitada contra Cariqueo Ram\u00edrez y Cariqueo Gatica Sentencia 3. Pereira Carvajal contra Maturana Castro Sentencia 4. Acu\u00f1a Castillo contra Acu\u00f1a Castillo Sentencia 5. Badilla Castillo contra Moya Moya Sentencia 6. Poblete Vidal contra Empresa El\u00e9ctrica de La Frontera, Frontel S.A. Sentencia 7. Almonacid Reuquen contra Riveras Valdebenito. Sentencia 8. Figueroa Ch\u00e1vez contra Adriazola Sandoval Sentencia 9. Salfate Salas contra Gonz\u00e1lez Molina. Sentencia 10. Maringuer Sanhueza contra Rojel Giliberto Sentencia 11. P\u00e9rez Alanis contra Valenzuela Seguel Sentencia 12. Quero Mu\u00f1oz contra Cort\u00e9s Cort\u00e9s y Campo Castillo.<\/p>\n","protected":false},"featured_media":2742,"comment_status":"open","ping_status":"closed","template":"","meta":{"inline_featured_image":false,"_joinchat":[]},"product_brand":[],"product_cat":[27],"product_tag":[],"class_list":{"0":"post-2694","1":"product","2":"type-product","3":"status-publish","4":"has-post-thumbnail","6":"product_cat-civil","7":"product_shipping_class-a-convenir","9":"first","10":"instock","11":"shipping-taxable","12":"purchasable","13":"product-type-simple"},"_links":{"self":[{"href":"https:\/\/bibliotecajuridicavirtual.cl\/index.php\/wp-json\/wp\/v2\/product\/2694","targetHints":{"allow":["GET"]}}],"collection":[{"href":"https:\/\/bibliotecajuridicavirtual.cl\/index.php\/wp-json\/wp\/v2\/product"}],"about":[{"href":"https:\/\/bibliotecajuridicavirtual.cl\/index.php\/wp-json\/wp\/v2\/types\/product"}],"replies":[{"embeddable":true,"href":"https:\/\/bibliotecajuridicavirtual.cl\/index.php\/wp-json\/wp\/v2\/comments?post=2694"}],"wp:featuredmedia":[{"embeddable":true,"href":"https:\/\/bibliotecajuridicavirtual.cl\/index.php\/wp-json\/wp\/v2\/media\/2742"}],"wp:attachment":[{"href":"https:\/\/bibliotecajuridicavirtual.cl\/index.php\/wp-json\/wp\/v2\/media?parent=2694"}],"wp:term":[{"taxonomy":"product_brand","embeddable":true,"href":"https:\/\/bibliotecajuridicavirtual.cl\/index.php\/wp-json\/wp\/v2\/product_brand?post=2694"},{"taxonomy":"product_cat","embeddable":true,"href":"https:\/\/bibliotecajuridicavirtual.cl\/index.php\/wp-json\/wp\/v2\/product_cat?post=2694"},{"taxonomy":"product_tag","embeddable":true,"href":"https:\/\/bibliotecajuridicavirtual.cl\/index.php\/wp-json\/wp\/v2\/product_tag?post=2694"}],"curies":[{"name":"wp","href":"https:\/\/api.w.org\/{rel}","templated":true}]}}