{"id":2695,"date":"2026-02-28T01:04:40","date_gmt":"2026-02-28T04:04:40","guid":{"rendered":"https:\/\/bibliotecajuridicavirtual.cl\/?post_type=product&#038;p=2695"},"modified":"2026-02-28T01:05:14","modified_gmt":"2026-02-28T04:05:14","slug":"codigo-de-derecho-familiar-3era-edicion-profesional-edicion-de-lujo-ano-julio-2023-598-pag-autor-cristian-lepin-molina","status":"publish","type":"product","link":"https:\/\/bibliotecajuridicavirtual.cl\/index.php\/product\/codigo-de-derecho-familiar-3era-edicion-profesional-edicion-de-lujo-ano-julio-2023-598-pag-autor-cristian-lepin-molina\/","title":{"rendered":"C\u00f3digo de Derecho Familiar. 3era Edici\u00f3n.( Profesional &#8211; Edici\u00f3n de Lujo). A\u00f1o Julio 2023\/598 P\u00e1g. Autor Cristi\u00e1n Lepin Molina"},"content":{"rendered":"<p>La regulaci\u00f3n de la familia se encuentra dispersa en nuestro ordenamiento jur\u00eddico, estando lejos de constituir un todo org\u00e1nico, no obstante que como \u00e1rea especial del derecho aparece claramente definida. Esa unidad conceptual y tem\u00e1tica, sumado a la dispersi\u00f3n se\u00f1alada y a la necesidad de recopilar las normas que se refieren a las relaciones familiares hacen necesaria una obra como esta.<br \/>\nSi bien sus principales normas se encuentran en el C\u00f3digo Civil, existen una cantidad importante de leyes complementarias, como la Ley N\u00b0\u202f14.908, de 5 de octubre de 1962, fija el texto definitivo y refundido de la Ley N\u00b0\u202f5.750, con las modificaciones introducidas por la Ley N\u00b0\u202f14.550, regulando las materias concernientes a las pensiones alimentarias.<br \/>\nPor la Ley N\u00b0\u202f16.346, de 20 de octubre de 1965, se incorpora la legitimaci\u00f3n adoptiva, pero sin derogar la Ley N\u00b0\u202f7.613. Posteriormente, se dicta la Ley N\u00b0\u202f18.703, de 10 de mayo de 1988, que derog\u00f3 la Ley N\u00b0\u202f16.346, pero mantuvo vigente la Ley N\u00b0\u202f7.613. Contempl\u00f3 dos tipos de adopci\u00f3n: la simple y la plena.<br \/>\nPor su parte, la Ley N\u00b0\u202f19.620 establece una nueva regulaci\u00f3n para la adopci\u00f3n (deroga las leyes N\u00b0s.\u202f7.613 y 18.703).<br \/>\nLa Ley N\u00b0\u202f19.325, de 27 de agosto de 1994, establece la ley de violencia intrafamiliar, la que es modificada posteriormente por la Ley N\u00b0\u202f20.066, de 7 de octubre de 2005.<br \/>\nOtra ley importante es la Nueva Ley de Matrimonio Civil N\u00b0\u202f19.947, de 17 de mayo de 2004. Por primera vez incorpora el divorcio vincular y la compensaci\u00f3n econ\u00f3mica como derecho a favor del c\u00f3nyuge m\u00e1s d\u00e9bil.<br \/>\nLa Ley N\u00b0\u202f19.968, de 30 de agosto de 2004 establece una judicatura especializada para conocer de los asuntos de familia.<br \/>\nLa Ley N\u00b0\u202f20.830, de 21 de abril de 2015, que crea el Acuerdo de Uni\u00f3n Civil, estableciendo un estatuto de protecci\u00f3n familiar para parejas del mismo o de diferente sexo. Entre otras leyes recientemente publicadas.<br \/>\nTodo ello sin mencionar el gran n\u00famero de leyes modificatorias, que han configurado un nuevo derecho de familia, basado en los principios de igualdad, libertad y protecci\u00f3n de las relaciones familiares.<br \/>\nEste C\u00f3digo de Derecho Familiar contiene la mayor\u00eda de las normas de familia, algunas especiales y otras generales, abarcando todos los \u00e1mbitos del Derecho de Familia.<br \/>\nSe estructura en cuatro partes, la Primera Parte sobre las normas pertinentes de la Constituci\u00f3n Pol\u00edtica y Tratados Internacionales, contiene el conjunto de Tratados Internacionales sobre Derechos Humanos que se refieren a las relaciones familiares.<br \/>\nLa Segunda Parte sobre los C\u00f3digos, contiene las normas pertinentes del C\u00f3digo Civil, de Derecho Internacional Privado, C\u00f3digo de Comercio y C\u00f3digo Tributario.<br \/>\nLa Tercera Parte sobre las Leyes de Familia, incorpora todas las leyes especiales de familia y otras leyes que tienen normas sobre la familia, pero s\u00f3lo las disposiciones pertinentes.<br \/>\nPor \u00faltimo, la Cuarta Parte sobre los Reglamentos, decretos, autos acordados y circulares, re\u00fane los reglamentos y circulares sobre la materia.<br \/>\nEsperamos que este C\u00f3digo contribuya, en parte, al estudio y conocimiento de las normas sobre las relaciones familiares, que permita sustituir en parte la falta de sistematizaci\u00f3n y coherencia de nuestro Derecho Familiar, y facilite la labor de jueces, abogados, investigadores, acad\u00e9micos y estudiantes de derecho.<br \/>\nEsta edici\u00f3n Profesional se encuentra completamente actualizada, sistematizada, anotada, concordada, con \u00edndice de leyes y tem\u00e1tico con el objeto de facilitar la b\u00fasqueda de informaci\u00f3n por el lector.<\/p>\n","protected":false},"excerpt":{"rendered":"<p>La regulaci\u00f3n de la familia se encuentra dispersa en nuestro ordenamiento jur\u00eddico, estando lejos de constituir un todo org\u00e1nico, no obstante que como \u00e1rea especial del derecho aparece claramente definida. Esa unidad conceptual y tem\u00e1tica, sumado a la dispersi\u00f3n se\u00f1alada y a la necesidad de recopilar las normas que se refieren a las relaciones familiares hacen necesaria una obra como esta. Si bien sus principales normas se encuentran en el C\u00f3digo Civil, existen una cantidad importante de leyes complementarias, como la Ley N\u00b0\u202f14.908, de 5 de octubre de 1962, fija el texto definitivo y refundido de la Ley N\u00b0\u202f5.750, con las modificaciones introducidas por la Ley N\u00b0\u202f14.550, regulando las materias concernientes a las pensiones alimentarias. Por la Ley N\u00b0\u202f16.346, de 20 de octubre de 1965, se incorpora la legitimaci\u00f3n adoptiva, pero sin derogar la Ley N\u00b0\u202f7.613. Posteriormente, se dicta la Ley N\u00b0\u202f18.703, de 10 de mayo de 1988, que derog\u00f3 la Ley N\u00b0\u202f16.346, pero mantuvo vigente la Ley N\u00b0\u202f7.613. Contempl\u00f3 dos tipos de adopci\u00f3n: la simple y la plena. Por su parte, la Ley N\u00b0\u202f19.620 establece una nueva regulaci\u00f3n para la adopci\u00f3n (deroga las leyes N\u00b0s.\u202f7.613 y 18.703). La Ley N\u00b0\u202f19.325, de 27 de agosto de 1994, establece la ley de violencia intrafamiliar, la que es modificada posteriormente por la Ley N\u00b0\u202f20.066, de 7 de octubre de 2005. Otra ley importante es la Nueva Ley de Matrimonio Civil N\u00b0\u202f19.947, de 17 de mayo de 2004. Por primera vez incorpora el divorcio vincular y la compensaci\u00f3n econ\u00f3mica como derecho a favor del c\u00f3nyuge m\u00e1s d\u00e9bil. La Ley N\u00b0\u202f19.968, de 30 de agosto de 2004 establece una judicatura especializada para conocer de los asuntos de familia. La Ley N\u00b0\u202f20.830, de 21 de abril de 2015, que crea el Acuerdo de Uni\u00f3n Civil, estableciendo un estatuto de protecci\u00f3n familiar para parejas del mismo o de diferente sexo. Entre otras leyes recientemente publicadas. Todo ello sin mencionar el gran n\u00famero de leyes modificatorias, que han configurado un nuevo derecho de familia, basado en los principios de igualdad, libertad y protecci\u00f3n de las relaciones familiares. Este C\u00f3digo de Derecho Familiar contiene la mayor\u00eda de las normas de familia, algunas especiales y otras generales, abarcando todos los \u00e1mbitos del Derecho de Familia. Se estructura en cuatro partes, la Primera Parte sobre las normas pertinentes de la Constituci\u00f3n Pol\u00edtica y Tratados Internacionales, contiene el conjunto de Tratados Internacionales sobre Derechos Humanos que se refieren a las relaciones familiares. La Segunda Parte sobre los C\u00f3digos, contiene las normas pertinentes del C\u00f3digo Civil, de Derecho Internacional Privado, C\u00f3digo de Comercio y C\u00f3digo Tributario. La Tercera Parte sobre las Leyes de Familia, incorpora todas las leyes especiales de familia y otras leyes que tienen normas sobre la familia, pero s\u00f3lo las disposiciones pertinentes. Por \u00faltimo, la Cuarta Parte sobre los Reglamentos, decretos, autos acordados y circulares, re\u00fane los reglamentos y circulares sobre la materia. Esperamos que este C\u00f3digo contribuya, en parte, al estudio y conocimiento de las normas sobre las relaciones familiares, que permita sustituir en parte la falta de sistematizaci\u00f3n y coherencia de nuestro Derecho Familiar, y facilite la labor de jueces, abogados, investigadores, acad\u00e9micos y estudiantes de derecho. Esta edici\u00f3n Profesional se encuentra completamente actualizada, sistematizada, anotada, concordada, con \u00edndice de leyes y tem\u00e1tico con el objeto de facilitar la b\u00fasqueda de informaci\u00f3n por el lector.<\/p>\n","protected":false},"featured_media":2743,"comment_status":"open","ping_status":"closed","template":"","meta":{"inline_featured_image":false,"_joinchat":[]},"product_brand":[],"product_cat":[61,29],"product_tag":[],"class_list":{"0":"post-2695","1":"product","2":"type-product","3":"status-publish","4":"has-post-thumbnail","6":"product_cat-codigos-de-la-republica-de-chile-ano-2024","7":"product_cat-familia-y-del-menor","8":"product_shipping_class-a-convenir","10":"first","11":"instock","12":"shipping-taxable","13":"purchasable","14":"product-type-simple"},"_links":{"self":[{"href":"https:\/\/bibliotecajuridicavirtual.cl\/index.php\/wp-json\/wp\/v2\/product\/2695","targetHints":{"allow":["GET"]}}],"collection":[{"href":"https:\/\/bibliotecajuridicavirtual.cl\/index.php\/wp-json\/wp\/v2\/product"}],"about":[{"href":"https:\/\/bibliotecajuridicavirtual.cl\/index.php\/wp-json\/wp\/v2\/types\/product"}],"replies":[{"embeddable":true,"href":"https:\/\/bibliotecajuridicavirtual.cl\/index.php\/wp-json\/wp\/v2\/comments?post=2695"}],"wp:featuredmedia":[{"embeddable":true,"href":"https:\/\/bibliotecajuridicavirtual.cl\/index.php\/wp-json\/wp\/v2\/media\/2743"}],"wp:attachment":[{"href":"https:\/\/bibliotecajuridicavirtual.cl\/index.php\/wp-json\/wp\/v2\/media?parent=2695"}],"wp:term":[{"taxonomy":"product_brand","embeddable":true,"href":"https:\/\/bibliotecajuridicavirtual.cl\/index.php\/wp-json\/wp\/v2\/product_brand?post=2695"},{"taxonomy":"product_cat","embeddable":true,"href":"https:\/\/bibliotecajuridicavirtual.cl\/index.php\/wp-json\/wp\/v2\/product_cat?post=2695"},{"taxonomy":"product_tag","embeddable":true,"href":"https:\/\/bibliotecajuridicavirtual.cl\/index.php\/wp-json\/wp\/v2\/product_tag?post=2695"}],"curies":[{"name":"wp","href":"https:\/\/api.w.org\/{rel}","templated":true}]}}