{"id":2715,"date":"2026-02-28T01:05:04","date_gmt":"2026-02-28T04:05:04","guid":{"rendered":"https:\/\/bibliotecajuridicavirtual.cl\/?post_type=product&#038;p=2715"},"modified":"2026-02-28T01:05:16","modified_gmt":"2026-02-28T04:05:16","slug":"sistema-de-sana-critica-racional-debido-proceso-y-seguridad-juridica-ano-2022-183-pag-autor-jose-l-cusi-alanoca","status":"publish","type":"product","link":"https:\/\/bibliotecajuridicavirtual.cl\/index.php\/product\/sistema-de-sana-critica-racional-debido-proceso-y-seguridad-juridica-ano-2022-183-pag-autor-jose-l-cusi-alanoca\/","title":{"rendered":"Sistema de Sana Critica Racional-  Debido proceso y Seguridad Jur\u00eddica. A\u00f1o 2022\/183 P\u00e1g. Autor Jos\u00e9 L. Cusi Alanoca"},"content":{"rendered":"<p style=\"font-weight: 400;\">Trata de una investigaci\u00f3n en torno al debate contempor\u00e1neo del Derecho Procesal, la Teor\u00eda General del Proceso, el Razonamiento Probatorio y en algunos casos de la Filosof\u00eda del Derecho.<\/p>\n<p style=\"font-weight: 400;\">El sistema de sana cr\u00edtica racional; es un instrumento razonable de verificaci\u00f3n de la verdad, que constri\u00f1e al juez ha no apreciar la prueba de forma arbitraria, discrecional e irreflexiva, es decir, el juez debe contrastar los hechos objetivos alegados con la prueba a efectos de sistematizar y analizar conforme el umbral de las reglas del sistema de sana critica racional si corresponde con la verdad, o no. Por otro lado, el debido proceso es un derecho fundamental, complejo, de car\u00e1cter instrumental, continente de numerosas garant\u00edas en aras de la protecci\u00f3n a las personas y este, constituye la mayor expresi\u00f3n del derecho procesal. El debido proceso al ser un derecho fundamental que toda persona tiene a un normal, pronto, oportuno y justo proceso judicial o administrativo, consiste, en \u00faltimo t\u00e9rmino, en una garant\u00eda al ser un medio de protecci\u00f3n de otros derechos fundamentales.<\/p>\n<p style=\"font-weight: 400;\">\u00a0En suma, autor expone; el tr\u00e1nsito de la seguridad jur\u00eddica que se efect\u00faa desde su establecimiento como derecho fundamental hasta su actual matizaci\u00f3n como principio que sustenta la potestad de impartir justicia. Lo contrario de la seguridad jur\u00eddica es la inseguridad jur\u00eddica que puede derivar, por ejemplo, en decisiones injustas.<\/p>\n<p style=\"font-weight: 400;\">\n<p style=\"font-weight: 400;\"><b><strong>CAP\u00cdTULO I<\/strong><\/b><br \/>\n<b><strong>LA SANA CRITICA DEL JUEZ<\/strong><\/b><\/p>\n<p><b><strong>SISTEMA DE SANA CR\u00cdTICA RACIONAL<\/strong><\/b><\/p>\n<p>1. Introito<\/p>\n<p>2. Sistemas de valoraci\u00f3n de la prueba: Prueba legal e \u00edntima convicci\u00f3n<br \/>\n2.1. Prueba legal o Tarifa legal<br \/>\n2.2. \u00cdntima convicci\u00f3n<br \/>\n2.3 Prueba de libre valoraci\u00f3n<\/p>\n<p>3. Criterio de sana cr\u00edtica<\/p>\n<p>4. Primera regulaci\u00f3n positiva de la sana cr\u00edtica<\/p>\n<p>5. Campo de aplicaci\u00f3n del sistema de sana critica racional<br \/>\n5.1.1. Principios de la L\u00f3gica<br \/>\n5.1.2. Lenguaje de los jueces<br \/>\n5.2. Regla de las M\u00e1ximas de Experiencia<br \/>\n5.2.1. Elementos de las m\u00e1ximas de experiencia<br \/>\n5.3. Regla de los conocimientos cient\u00edficos<br \/>\n5.4. Regla de la psicolog\u00eda<br \/>\n5.4.1. Principios de la psicolog\u00eda<br \/>\n5.5. Regla de la sociolog\u00eda<br \/>\n5.5.1. Principio de la sociolog\u00eda<br \/>\n5.6. Regla de la historia<\/p>\n<p>6. \u00bfCayeron en olvido las reglas del sistema de sana cr\u00edtica racional?<\/p>\n<p>7. Valoraci\u00f3n de la prueba<\/p>\n<p>8. Razonamiento de \u201clibre\u201d valoraci\u00f3n<\/p>\n<p>9. Las reglas del sistema de sana cr\u00edtica racional<\/p>\n<p>10. Sistema de sana critica racional<\/p>\n<p>11. Funci\u00f3n y finalidad del sistema de sana cr\u00edtica racional<br \/>\n11.1. Verdad<br \/>\n11.2. Certeza<br \/>\n11.3. Combatiente de las falacias<\/p>\n<p>12. Justificaci\u00f3n del sistema de sana critica racional<\/p>\n<p>13. Principio de interdicci\u00f3n de la arbitrariedad del juez y la responsabilidad por valorar la prueba de forma arbitraria o discrecional<\/p>\n<p>14. Sistema de sana cr\u00edtica racional y aportaci\u00f3n de la prueba<\/p>\n<p>15. Raz\u00f3n, racionalidad y razonabilidad. Una aproximaci\u00f3n a la valoraci\u00f3n racional de la prueba.<br \/>\n15.1. Principio de la raz\u00f3n<br \/>\n15.2. Principio de la racionalidad<br \/>\n15.3. Principio de razonabilidad<\/p>\n<p>16. Motivaci\u00f3n<br \/>\n16.1. \u00bfQu\u00e9 es motivar?<br \/>\n16.2. Motivaci\u00f3n de las decisiones Judiciales<br \/>\n16.3. Justificaci\u00f3n racional de la motivaci\u00f3n<\/p>\n<p>17. Argumentaci\u00f3n jur\u00eddica en las sentencias judiciales<\/p>\n<p>18. La sana critica del juez: Como sistema racional de valoraci\u00f3n de la prueba en los procesos contra la violencia a las mujeres<br \/>\n18.1. Diligencia, medidas, criterio de valoraci\u00f3n, aislamiento seguro y regla jur\u00eddica 18.2. V\u00edctima y presunta v\u00edctima<br \/>\n18.2.1. Victima<br \/>\n18.2.2. Presunta V\u00edctima<br \/>\n18.3. Concepto de Violencia<br \/>\n18.4. La violencia de genero<br \/>\n18.4.1. \u00bfViolencia a los hombres?<br \/>\n18.5. Revictimizaci\u00f3n<br \/>\n18.6. Tipos de Violencia de g\u00e9nero: Prevalencia de la violencia a las mujeres 8218.6.1. La violencia psicol\u00f3gica<br \/>\n18.6.2. Violencia F\u00edsica<br \/>\n18.6.3. Violencia feminicida<br \/>\n18.6.4. Violencia sexual<br \/>\n18.6.5. Violencia medi\u00e1tica<br \/>\n18.6.6. Violencia Simb\u00f3lica y\/o Encubierta<br \/>\n18.6.7. Violencia Contra la Dignidad, la Honra y el Nombre<br \/>\n18.6.8. Violencia contra los derechos reproductivos<br \/>\n18.6.9. Violencia contra los derechos y la libertad sexual<br \/>\n18.6.10. Violencia en servicios de salud<br \/>\n18.6.11. Violencia laboral<br \/>\n18.6.12. Violencia pol\u00edtica<br \/>\n18.6.13. Violencia institucional<br \/>\n18.6.14. Violencia en la familia<br \/>\n18.6.15. Violencia de g\u00e9nero<br \/>\n18.6.16. Violencia Patrimonial<br \/>\n18.6.17. Violencia Econ\u00f3mica<br \/>\n18.6.18. Violencia Patrimonial y Econ\u00f3mica<br \/>\n18.7. Legislaci\u00f3n normativa en materia de protecci\u00f3n contra la violencia a las mujeres, breve rese\u00f1a hist\u00f3rica en Bolivia<br \/>\n18.8. Sistema convencional de protecci\u00f3n a las mujeres<br \/>\n18.9. Valoraci\u00f3n de la prueba en los procesos contra la violencia de genero<\/p>\n<p>19. Sistema de sana cr\u00edtica racional en el proceso penal<br \/>\n19.1. La motivaci\u00f3n de la sentencia penal conforme el sistema de sana critica racional<\/p>\n<p>20. Sistema de sana cr\u00edtica racional en el proceso civil<br \/>\n21. Sistema de sana critica racional en la legislaci\u00f3n adjetiva<\/p>\n<p><b><strong>CAP\u00cdTULO II<\/strong><\/b><br \/>\n<b><strong>LA GARANT\u00cdA DEL DEBIDO PROCESO CONSTITUCIONAL (CONVENCIONAL)DEBIDO PROCESO CONSTITUCIONAL<\/strong><\/b><\/p>\n<p><b><strong>DEBIDO PROCESO CONSTITUCIONAL<\/strong><\/b><\/p>\n<p>1. Introito<\/p>\n<p>2. Debido proceso legal<\/p>\n<p>3. Debido proceso como categor\u00eda gen\u00e9rica<\/p>\n<p>4. Debido proceso como una garant\u00eda b\u00e1sica<\/p>\n<p>5. Vulneraci\u00f3n del debido proceso<\/p>\n<p>6. Requisito del Debido Proceso<\/p>\n<p>7. El debido proceso como soluci\u00f3n justa y equitativa<\/p>\n<p>8. La constitucionalizaci\u00f3n del ordenamiento jur\u00eddico y Constituci\u00f3n: Debido proceso<\/p>\n<p>9. Concepto de debido proceso: Derecho y garant\u00eda fundamental<\/p>\n<p>10. Triple dimensi\u00f3n del debido proceso conforme el metalenguaje del Tribunal Constitucional Plurinacional<\/p>\n<p>11. El debido proceso Constitucional<\/p>\n<p>12. Debido proceso Convencional<\/p>\n<p>13. Principios materiales y formales del debido proceso constitucional (Convencional)<br \/>\n13.1. Derecho a la jurisdicci\u00f3n<br \/>\n13.2. Derecho al juez natural<br \/>\n13.2.1. Introito<br \/>\n13.2.2. La garant\u00eda Constitucional del Juez Natural<br \/>\n13.2.3. Respeto al juez natural<br \/>\n13.2.4. Derecho al juez natural en Bolivia: La constituci\u00f3n y su interpretaci\u00f3n seg\u00fan jurisprudencia del tribunal constitucional y el derecho internacional<br \/>\n13.2.4.1. El juez natural en el sistema interamericano<br \/>\n13.2.5. Principios del juez natural<br \/>\n13.2.5.1. Principio de competencia<br \/>\n13.2.5.2. Principio de independencia<br \/>\n13.2.5.3. Principio de imparcialidad<br \/>\n13.2.5.4. Principio de legalidad<br \/>\n13.2.5.5. Importancia de su vigencia<br \/>\n13.2.6. El juez natural en el Estado Constitucional de Derecho<br \/>\n13.3. EL principio de la presunci\u00f3n de inocencia<br \/>\n13.3.1. Introito<br \/>\n13.3.2. Presunci\u00f3n de inocencia en el sistema penal<br \/>\n13.3.3. Concepto de presunci\u00f3n de inocencia<br \/>\n13.3.4. La presunci\u00f3n de inocencia como regla de trato y como regla de juicio<br \/>\n13.3.5. La presunci\u00f3n de inocencia como regla probatoria y su aplicaci\u00f3n en las sentencias<br \/>\n13.3.6. Peso probatorio<br \/>\n13.3.7. El principio de presunci\u00f3n de inocencia como garant\u00eda constitucional<br \/>\n13.3.8. Presunci\u00f3n de inocencia ante la sociedad<br \/>\n13.3.9. La inconstitucionalidad de presentar en rueda de prensa a personas detenidas.<br \/>\n13.3.9.1. \u00bfDeben abstenerse las autoridades de presentar en ruedas de prensa a las personas que han sido detenidas?<br \/>\n13.3.9.2. Sobre la exposici\u00f3n de detenidos ante los medios de comunicaci\u00f3n seg\u00fan el derecho internacional de los derechos humanos.<br \/>\n13.3.9.3. A modo de conclusi\u00f3n<br \/>\n13.3.10. Presunci\u00f3n de inocencia en el sistema universal: su regulaci\u00f3n<br \/>\n13.4. Derecho al plazo razonable<br \/>\n13.4.1. Introito<br \/>\n13.4.2. Plazo Razonable<br \/>\n13.4.2.1. Concepto de plazo justo y razonable<br \/>\n13.4.3. Garant\u00eda Convencional del plazo razonable<br \/>\na) Complejidad del asunto<br \/>\nb) Actividad procesal de los interesados<br \/>\nc) Actuaci\u00f3n de las autoridades judiciales<br \/>\nd) Afectaci\u00f3n generada<br \/>\n13.4.4. Tratados internacionales que garantizan la protecci\u00f3n del derecho al plazo razonable<br \/>\n134I. La Declaraci\u00f3n Universal de los Derechos Humanos (DUDH):<br \/>\n134II. La Declaraci\u00f3n Americana de Derechos Humanos (DADH):<br \/>\n134III. El Convenio Europeo para la Protecci\u00f3n de los Derechos Humanos y de las Libertades Fundamentales (CEDH)<br \/>\n135IV. La Convenci\u00f3n Americana sobre Derechos Humanos (CADH):<br \/>\n135V. El Pacto Internacional de Derechos Civiles y Pol\u00edticos (PIDCP):<br \/>\n135VI. La Convenci\u00f3n sobre los Derechos del Ni\u00f1o (CDN):13513.4.5. Conclusi\u00f3n.<br \/>\n13.5. Derecho a la prueba<br \/>\n13.5.1. Proceso, verdad en los hechos y prueba<br \/>\n13.6. Derecho a ser o\u00eddo<br \/>\n13.6.1. Su aplicaci\u00f3n<br \/>\n13.7. Derecho a un poder judicial independiente<br \/>\n13.7.1. Poder Judicial y su Organizaci\u00f3n como una Garant\u00eda Constitucional<br \/>\n13.7.2. Organizaci\u00f3n del Poder Judicial<br \/>\n13.8. Principio de legalidad<br \/>\n13.9. Principio del Non bis in \u00eddem<br \/>\n13.9.1. Concepto<br \/>\n13.9.2. El principio de non bis in \u00eddem como garant\u00eda del debido proceso<br \/>\n13.9.3. Regla que regula el Non bis in \u00eddem<br \/>\n13.9.4. Non bis in idemen la sentencia de la Corte IDH<br \/>\n13.10. Principio de publicidad de los procesos<br \/>\n13.11. Principio de igualdad de armas<br \/>\n13.11.1. Principio de igualdad de armas en la jurisprudencia de la Corte Interamericana de Derechos Humanos y el Tribunal Europeo de Derechos Humanos<br \/>\n13.12. Derecho a la motivaci\u00f3n y fundamentaci\u00f3n de las sentencias<br \/>\n13.12.1. Motivaci\u00f3n<br \/>\n13.12.1.1. \u00bfQu\u00e9 es motivar?<br \/>\n13.12.2. Motivaci\u00f3n de las decisiones Judiciales<br \/>\n13.13. Derecho a la congruencia de las resoluciones<br \/>\n13.14. Principio de \u201cin dubio pro reo\u201d<br \/>\n13.15. Derecho a la defensa<br \/>\n13.15.1. Concepto<br \/>\n13.15.2. Derecho a la defensa y sus objetivos<br \/>\n13.15.3. Independencia y libertad del abogado<br \/>\n13.15.4. Autodefensa<br \/>\n13.15.5. Fundamento normativo del derecho a la defensa<br \/>\n13.15.6. Alcance del Derecho a la defensa<br \/>\n13.15.6.1. La defensa material y La defensa t\u00e9cnica<br \/>\n13.15.7. Inmunidad de los abogados<br \/>\n13.15.8. Secreto profesional y la confidencialidad<br \/>\n13.15.9. Derecho a los honorarios<\/p>\n<p>14. Breve resumen de la jurisprudencia boliviana respecto al debido proceso<\/p>\n<p><b><strong>CAP\u00cdTULO III<\/strong><\/b><br \/>\n<b><strong>LA SEGURIDAD JUR\u00cdDICA COMO PRINCIPIO RECTOR DEL ESTADO CONSTITUCIONAL DE DERECHO<\/strong><\/b><\/p>\n<p><b><strong>PRINCIPIO DE SEGURIDAD JUR\u00cdDICA<\/strong><\/b><\/p>\n<p>1. Introito<\/p>\n<p>2. La Expresi\u00f3n de totalitarios y absolutistas<\/p>\n<p>3. Breve desarrollo jurisprudencial sobre el principio de la seguridad jur\u00eddica emitido por el Tribunal Constitucional Plurinacional de Bolivia<\/p>\n<p>4. Constitucionalizaci\u00f3n del ordenamiento jur\u00eddico: El principio de seguridad jur\u00eddica 4.1. La Constitucionalizaci\u00f3n<br \/>\n4.2. Principio de seguridad jur\u00eddica<br \/>\n4.3. La crisis de la ley y la seguridad jur\u00eddica<br \/>\n4.4. Principio de legalidad y seguridad jur\u00eddica<\/p>\n","protected":false},"excerpt":{"rendered":"<p>Trata de una investigaci\u00f3n en torno al debate contempor\u00e1neo del Derecho Procesal, la Teor\u00eda General del Proceso, el Razonamiento Probatorio y en algunos casos de la Filosof\u00eda del Derecho. El sistema de sana cr\u00edtica racional; es un instrumento razonable de verificaci\u00f3n de la verdad, que constri\u00f1e al juez ha no apreciar la prueba de forma arbitraria, discrecional e irreflexiva, es decir, el juez debe contrastar los hechos objetivos alegados con la prueba a efectos de sistematizar y analizar conforme el umbral de las reglas del sistema de sana critica racional si corresponde con la verdad, o no. Por otro lado, el debido proceso es un derecho fundamental, complejo, de car\u00e1cter instrumental, continente de numerosas garant\u00edas en aras de la protecci\u00f3n a las personas y este, constituye la mayor expresi\u00f3n del derecho procesal. El debido proceso al ser un derecho fundamental que toda persona tiene a un normal, pronto, oportuno y justo proceso judicial o administrativo, consiste, en \u00faltimo t\u00e9rmino, en una garant\u00eda al ser un medio de protecci\u00f3n de otros derechos fundamentales. \u00a0En suma, autor expone; el tr\u00e1nsito de la seguridad jur\u00eddica que se efect\u00faa desde su establecimiento como derecho fundamental hasta su actual matizaci\u00f3n como principio que sustenta la potestad de impartir justicia. Lo contrario de la seguridad jur\u00eddica es la inseguridad jur\u00eddica que puede derivar, por ejemplo, en decisiones injustas. CAP\u00cdTULO I LA SANA CRITICA DEL JUEZ SISTEMA DE SANA CR\u00cdTICA RACIONAL 1. Introito 2. Sistemas de valoraci\u00f3n de la prueba: Prueba legal e \u00edntima convicci\u00f3n 2.1. Prueba legal o Tarifa legal 2.2. \u00cdntima convicci\u00f3n 2.3 Prueba de libre valoraci\u00f3n 3. Criterio de sana cr\u00edtica 4. Primera regulaci\u00f3n positiva de la sana cr\u00edtica 5. Campo de aplicaci\u00f3n del sistema de sana critica racional 5.1.1. Principios de la L\u00f3gica 5.1.2. Lenguaje de los jueces 5.2. Regla de las M\u00e1ximas de Experiencia 5.2.1. Elementos de las m\u00e1ximas de experiencia 5.3. Regla de los conocimientos cient\u00edficos 5.4. Regla de la psicolog\u00eda 5.4.1. Principios de la psicolog\u00eda 5.5. Regla de la sociolog\u00eda 5.5.1. Principio de la sociolog\u00eda 5.6. Regla de la historia 6. \u00bfCayeron en olvido las reglas del sistema de sana cr\u00edtica racional? 7. Valoraci\u00f3n de la prueba 8. Razonamiento de \u201clibre\u201d valoraci\u00f3n 9. Las reglas del sistema de sana cr\u00edtica racional 10. Sistema de sana critica racional 11. Funci\u00f3n y finalidad del sistema de sana cr\u00edtica racional 11.1. Verdad 11.2. Certeza 11.3. Combatiente de las falacias 12. Justificaci\u00f3n del sistema de sana critica racional 13. Principio de interdicci\u00f3n de la arbitrariedad del juez y la responsabilidad por valorar la prueba de forma arbitraria o discrecional 14. Sistema de sana cr\u00edtica racional y aportaci\u00f3n de la prueba 15. Raz\u00f3n, racionalidad y razonabilidad. Una aproximaci\u00f3n a la valoraci\u00f3n racional de la prueba. 15.1. Principio de la raz\u00f3n 15.2. Principio de la racionalidad 15.3. Principio de razonabilidad 16. Motivaci\u00f3n 16.1. \u00bfQu\u00e9 es motivar? 16.2. Motivaci\u00f3n de las decisiones Judiciales 16.3. Justificaci\u00f3n racional de la motivaci\u00f3n 17. Argumentaci\u00f3n jur\u00eddica en las sentencias judiciales 18. La sana critica del juez: Como sistema racional de valoraci\u00f3n de la prueba en los procesos contra la violencia a las mujeres 18.1. Diligencia, medidas, criterio de valoraci\u00f3n, aislamiento seguro y regla jur\u00eddica 18.2. V\u00edctima y presunta v\u00edctima 18.2.1. Victima 18.2.2. Presunta V\u00edctima 18.3. Concepto de Violencia 18.4. La violencia de genero 18.4.1. \u00bfViolencia a los hombres? 18.5. Revictimizaci\u00f3n 18.6. Tipos de Violencia de g\u00e9nero: Prevalencia de la violencia a las mujeres 8218.6.1. La violencia psicol\u00f3gica 18.6.2. Violencia F\u00edsica 18.6.3. Violencia feminicida 18.6.4. Violencia sexual 18.6.5. Violencia medi\u00e1tica 18.6.6. Violencia Simb\u00f3lica y\/o Encubierta 18.6.7. Violencia Contra la Dignidad, la Honra y el Nombre 18.6.8. Violencia contra los derechos reproductivos 18.6.9. Violencia contra los derechos y la libertad sexual 18.6.10. Violencia en servicios de salud 18.6.11. Violencia laboral 18.6.12. Violencia pol\u00edtica 18.6.13. Violencia institucional 18.6.14. Violencia en la familia 18.6.15. Violencia de g\u00e9nero 18.6.16. Violencia Patrimonial 18.6.17. Violencia Econ\u00f3mica 18.6.18. Violencia Patrimonial y Econ\u00f3mica 18.7. Legislaci\u00f3n normativa en materia de protecci\u00f3n contra la violencia a las mujeres, breve rese\u00f1a hist\u00f3rica en Bolivia 18.8. Sistema convencional de protecci\u00f3n a las mujeres 18.9. Valoraci\u00f3n de la prueba en los procesos contra la violencia de genero 19. Sistema de sana cr\u00edtica racional en el proceso penal 19.1. La motivaci\u00f3n de la sentencia penal conforme el sistema de sana critica racional 20. Sistema de sana cr\u00edtica racional en el proceso civil 21. Sistema de sana critica racional en la legislaci\u00f3n adjetiva CAP\u00cdTULO II LA GARANT\u00cdA DEL DEBIDO PROCESO CONSTITUCIONAL (CONVENCIONAL)DEBIDO PROCESO CONSTITUCIONAL DEBIDO PROCESO CONSTITUCIONAL 1. Introito 2. Debido proceso legal 3. Debido proceso como categor\u00eda gen\u00e9rica 4. Debido proceso como una garant\u00eda b\u00e1sica 5. Vulneraci\u00f3n del debido proceso 6. Requisito del Debido Proceso 7. El debido proceso como soluci\u00f3n justa y equitativa 8. La constitucionalizaci\u00f3n del ordenamiento jur\u00eddico y Constituci\u00f3n: Debido proceso 9. Concepto de debido proceso: Derecho y garant\u00eda fundamental 10. Triple dimensi\u00f3n del debido proceso conforme el metalenguaje del Tribunal Constitucional Plurinacional 11. El debido proceso Constitucional 12. Debido proceso Convencional 13. Principios materiales y formales del debido proceso constitucional (Convencional) 13.1. Derecho a la jurisdicci\u00f3n 13.2. Derecho al juez natural 13.2.1. Introito 13.2.2. La garant\u00eda Constitucional del Juez Natural 13.2.3. Respeto al juez natural 13.2.4. Derecho al juez natural en Bolivia: La constituci\u00f3n y su interpretaci\u00f3n seg\u00fan jurisprudencia del tribunal constitucional y el derecho internacional 13.2.4.1. El juez natural en el sistema interamericano 13.2.5. Principios del juez natural 13.2.5.1. Principio de competencia 13.2.5.2. Principio de independencia 13.2.5.3. Principio de imparcialidad 13.2.5.4. Principio de legalidad 13.2.5.5. Importancia de su vigencia 13.2.6. El juez natural en el Estado Constitucional de Derecho 13.3. EL principio de la presunci\u00f3n de inocencia 13.3.1. Introito 13.3.2. Presunci\u00f3n de inocencia en el sistema penal 13.3.3. Concepto de presunci\u00f3n de inocencia 13.3.4. La presunci\u00f3n de inocencia como regla de trato y como regla de juicio 13.3.5. La presunci\u00f3n de inocencia como regla probatoria y su aplicaci\u00f3n en las sentencias 13.3.6. Peso probatorio 13.3.7. El principio de presunci\u00f3n de inocencia como garant\u00eda constitucional 13.3.8. Presunci\u00f3n de inocencia ante la sociedad 13.3.9. La inconstitucionalidad de presentar en rueda de prensa<\/p>\n","protected":false},"featured_media":2745,"comment_status":"open","ping_status":"closed","template":"","meta":{"inline_featured_image":false,"_joinchat":[]},"product_brand":[],"product_cat":[39],"product_tag":[],"class_list":{"0":"post-2715","1":"product","2":"type-product","3":"status-publish","4":"has-post-thumbnail","6":"product_cat-procesal-civil","7":"product_shipping_class-a-convenir","9":"first","10":"instock","11":"shipping-taxable","12":"purchasable","13":"product-type-simple"},"_links":{"self":[{"href":"https:\/\/bibliotecajuridicavirtual.cl\/index.php\/wp-json\/wp\/v2\/product\/2715","targetHints":{"allow":["GET"]}}],"collection":[{"href":"https:\/\/bibliotecajuridicavirtual.cl\/index.php\/wp-json\/wp\/v2\/product"}],"about":[{"href":"https:\/\/bibliotecajuridicavirtual.cl\/index.php\/wp-json\/wp\/v2\/types\/product"}],"replies":[{"embeddable":true,"href":"https:\/\/bibliotecajuridicavirtual.cl\/index.php\/wp-json\/wp\/v2\/comments?post=2715"}],"wp:featuredmedia":[{"embeddable":true,"href":"https:\/\/bibliotecajuridicavirtual.cl\/index.php\/wp-json\/wp\/v2\/media\/2745"}],"wp:attachment":[{"href":"https:\/\/bibliotecajuridicavirtual.cl\/index.php\/wp-json\/wp\/v2\/media?parent=2715"}],"wp:term":[{"taxonomy":"product_brand","embeddable":true,"href":"https:\/\/bibliotecajuridicavirtual.cl\/index.php\/wp-json\/wp\/v2\/product_brand?post=2715"},{"taxonomy":"product_cat","embeddable":true,"href":"https:\/\/bibliotecajuridicavirtual.cl\/index.php\/wp-json\/wp\/v2\/product_cat?post=2715"},{"taxonomy":"product_tag","embeddable":true,"href":"https:\/\/bibliotecajuridicavirtual.cl\/index.php\/wp-json\/wp\/v2\/product_tag?post=2715"}],"curies":[{"name":"wp","href":"https:\/\/api.w.org\/{rel}","templated":true}]}}