{"id":2716,"date":"2026-02-28T01:05:04","date_gmt":"2026-02-28T04:05:04","guid":{"rendered":"https:\/\/bibliotecajuridicavirtual.cl\/?post_type=product&#038;p=2716"},"modified":"2026-02-28T01:05:18","modified_gmt":"2026-02-28T04:05:18","slug":"vision-jurisprudencial-de-la-accion-reivindicatoria-ano-mayo-2023-193-pag-autor-editorial-hammurabi","status":"publish","type":"product","link":"https:\/\/bibliotecajuridicavirtual.cl\/index.php\/product\/vision-jurisprudencial-de-la-accion-reivindicatoria-ano-mayo-2023-193-pag-autor-editorial-hammurabi\/","title":{"rendered":"Visi\u00f3n Jurisprudencial de la Acci\u00f3n Reivindicatoria. A\u00f1o Mayo 2023\/ 193 P\u00e1g. Autor \tEditorial Hammurabi"},"content":{"rendered":"<ol>\n<li style=\"font-weight: 400;\"><b><strong> FICHAS DE ACCI\u00d3N REIVINDICATORIA<\/strong><\/b><\/li>\n<\/ol>\n<p style=\"font-weight: 400;\">Ficha N\u00b01: Juicio ordinario de reivindicaci\u00f3n<\/p>\n<p style=\"font-weight: 400;\">An\u00e1lisis de la pretensi\u00f3n y defensa<br \/>\n1. S\u00edntesis de los fallos<br \/>\n2. Monto solicitado y concedido<\/p>\n<p style=\"font-weight: 400;\">Ficha N\u00b02: Demanda en juicio ordinario de acci\u00f3n reivindicatoria<\/p>\n<p style=\"font-weight: 400;\">An\u00e1lisis de la pretensi\u00f3n y defensa<br \/>\n1. S\u00edntesis de los fallos<br \/>\n2. Monto solicitado y concedido<\/p>\n<p style=\"font-weight: 400;\">Ficha N\u00b03: Demanda en juicio ordinario de reivindicaci\u00f3n<\/p>\n<p style=\"font-weight: 400;\">An\u00e1lisis de la pretensi\u00f3n y defensa<br \/>\n1. S\u00edntesis de los fallos<br \/>\n2. Monto solicitado y concedido<\/p>\n<p style=\"font-weight: 400;\">Ficha N\u00b04: Demanda de reivindicaci\u00f3n en juicio ordinario<\/p>\n<p style=\"font-weight: 400;\">An\u00e1lisis de la pretensi\u00f3n y defensa<br \/>\n1. S\u00edntesis de los fallos<br \/>\n2. Monto solicitado y concedido<\/p>\n<p style=\"font-weight: 400;\">Ficha N\u00b05: Demanda de reivindicaci\u00f3n<\/p>\n<p>An\u00e1lisis de la pretensi\u00f3n y defensa<br \/>\n1. S\u00edntesis de los fallos<br \/>\n2. Monto solicitado y concedido<\/p>\n<p style=\"font-weight: 400;\">Ficha N\u00b06: Demanda de reivindicaci\u00f3n de bien ra\u00edz en juicio ordinario<\/p>\n<p style=\"font-weight: 400;\">An\u00e1lisis de la pretensi\u00f3n y defensa<br \/>\n1. S\u00edntesis de los fallos<br \/>\n2. Monto solicitado y concedido<\/p>\n<p style=\"font-weight: 400;\">Ficha N\u00b07: Demanda de acci\u00f3n reivindicatoria<\/p>\n<p style=\"font-weight: 400;\">An\u00e1lisis de la pretensi\u00f3n y defensa<br \/>\n1. S\u00edntesis de los fallos<br \/>\n2. Monto solicitado y concedido<\/p>\n<p style=\"font-weight: 400;\">Ficha N\u00b08: Demanda en juicio ordinario sobre reivindicaci\u00f3n<\/p>\n<p style=\"font-weight: 400;\">An\u00e1lisis de la pretensi\u00f3n y defensa<br \/>\n1. S\u00edntesis de los fallos<br \/>\n2. Monto solicitado y concedido<\/p>\n<p style=\"font-weight: 400;\">Ficha N\u00b09: Acci\u00f3n innominada de dominio y en subsidio, demanda reivindicatoria<\/p>\n<p style=\"font-weight: 400;\">An\u00e1lisis de la pretensi\u00f3n y defensa<br \/>\n1. S\u00edntesis de los fallos<br \/>\n2. Monto solicitado y concedido<\/p>\n<p style=\"font-weight: 400;\">Ficha N\u00b010: Demanda ordinaria de acci\u00f3n reivindicatoria<\/p>\n<p style=\"font-weight: 400;\">An\u00e1lisis de la pretensi\u00f3n y defensa<br \/>\n1. S\u00edntesis de los fallos<br \/>\n2. Monto solicitado y concedido<\/p>\n<p style=\"font-weight: 400;\">Ficha N\u00b011: Demanda reivindicatoria en juicio sumario especial del art\u00edculo 26 del D.L. 2695<\/p>\n<p style=\"font-weight: 400;\">An\u00e1lisis de la pretensi\u00f3n y defensa<br \/>\n1. S\u00edntesis de los fallos<br \/>\n2. Monto solicitado y concedido<\/p>\n<p style=\"font-weight: 400;\">Ficha N\u00b012: Demanda reivindicatoria en juicio ordinario<\/p>\n<p style=\"font-weight: 400;\">An\u00e1lisis de la pretensi\u00f3n y defensa<br \/>\n1. S\u00edntesis de los fallos<br \/>\n2. Monto solicitado y concedido<\/p>\n<ol start=\"2\">\n<li style=\"font-weight: 400;\"><b><strong> SENTENCIAS DE LA CORTE SUPREMA<\/strong><\/b><\/li>\n<\/ol>\n<p style=\"font-weight: 400;\">Sentencia 1. Lagos Lagos y otros contra Cubillos Verdugo<br \/>\nSentencia 2. D\u00edaz D\u00edaz contra D\u00edaz D\u00edaz<br \/>\nSentencia 3. Chess Propiedades SpA con Comercial e Inversiones Los Notros Ltda.<br \/>\nSentencia 4. Comunidad agr\u00edcola Los Huasco Altinos contra Sociedad Agr\u00edcola Santa M\u00f3nica Ltda.<br \/>\nSentencia 5. Arenas Hidalgo contra Z\u00fa\u00f1iga Viedma<br \/>\nSentencia 6. Damen contra Poblete Bruzzone y otro<br \/>\nSentencia 7. Sociedad agr\u00edcola Punta de Teatinos Limitada contra Campod\u00f3nico Moreno<br \/>\nSentencia 8. Band V\u00e1squez con Soto Oporto<br \/>\nSentencia 9. Forestal Mininco S.A. contra Cancino Ferrerira E.I.R.L<br \/>\nSentencia 10. Castillo Gonz\u00e1lez contra Pino Beltr\u00e1n<br \/>\nSentencia 11. Klein Munzenmayer y otros contra Tapia Vidal<br \/>\nSentencia 12. Caihuara Cruz contra Ruth Guti\u00e9rrez<\/p>\n<p style=\"font-weight: 400;\">\n","protected":false},"excerpt":{"rendered":"<p>FICHAS DE ACCI\u00d3N REIVINDICATORIA Ficha N\u00b01: Juicio ordinario de reivindicaci\u00f3n An\u00e1lisis de la pretensi\u00f3n y defensa 1. S\u00edntesis de los fallos 2. Monto solicitado y concedido Ficha N\u00b02: Demanda en juicio ordinario de acci\u00f3n reivindicatoria An\u00e1lisis de la pretensi\u00f3n y defensa 1. S\u00edntesis de los fallos 2. Monto solicitado y concedido Ficha N\u00b03: Demanda en juicio ordinario de reivindicaci\u00f3n An\u00e1lisis de la pretensi\u00f3n y defensa 1. S\u00edntesis de los fallos 2. Monto solicitado y concedido Ficha N\u00b04: Demanda de reivindicaci\u00f3n en juicio ordinario An\u00e1lisis de la pretensi\u00f3n y defensa 1. S\u00edntesis de los fallos 2. Monto solicitado y concedido Ficha N\u00b05: Demanda de reivindicaci\u00f3n An\u00e1lisis de la pretensi\u00f3n y defensa 1. S\u00edntesis de los fallos 2. Monto solicitado y concedido Ficha N\u00b06: Demanda de reivindicaci\u00f3n de bien ra\u00edz en juicio ordinario An\u00e1lisis de la pretensi\u00f3n y defensa 1. S\u00edntesis de los fallos 2. Monto solicitado y concedido Ficha N\u00b07: Demanda de acci\u00f3n reivindicatoria An\u00e1lisis de la pretensi\u00f3n y defensa 1. S\u00edntesis de los fallos 2. Monto solicitado y concedido Ficha N\u00b08: Demanda en juicio ordinario sobre reivindicaci\u00f3n An\u00e1lisis de la pretensi\u00f3n y defensa 1. S\u00edntesis de los fallos 2. Monto solicitado y concedido Ficha N\u00b09: Acci\u00f3n innominada de dominio y en subsidio, demanda reivindicatoria An\u00e1lisis de la pretensi\u00f3n y defensa 1. S\u00edntesis de los fallos 2. Monto solicitado y concedido Ficha N\u00b010: Demanda ordinaria de acci\u00f3n reivindicatoria An\u00e1lisis de la pretensi\u00f3n y defensa 1. S\u00edntesis de los fallos 2. Monto solicitado y concedido Ficha N\u00b011: Demanda reivindicatoria en juicio sumario especial del art\u00edculo 26 del D.L. 2695 An\u00e1lisis de la pretensi\u00f3n y defensa 1. S\u00edntesis de los fallos 2. Monto solicitado y concedido Ficha N\u00b012: Demanda reivindicatoria en juicio ordinario An\u00e1lisis de la pretensi\u00f3n y defensa 1. S\u00edntesis de los fallos 2. Monto solicitado y concedido SENTENCIAS DE LA CORTE SUPREMA Sentencia 1. Lagos Lagos y otros contra Cubillos Verdugo Sentencia 2. D\u00edaz D\u00edaz contra D\u00edaz D\u00edaz Sentencia 3. Chess Propiedades SpA con Comercial e Inversiones Los Notros Ltda. Sentencia 4. Comunidad agr\u00edcola Los Huasco Altinos contra Sociedad Agr\u00edcola Santa M\u00f3nica Ltda. Sentencia 5. Arenas Hidalgo contra Z\u00fa\u00f1iga Viedma Sentencia 6. Damen contra Poblete Bruzzone y otro Sentencia 7. Sociedad agr\u00edcola Punta de Teatinos Limitada contra Campod\u00f3nico Moreno Sentencia 8. Band V\u00e1squez con Soto Oporto Sentencia 9. Forestal Mininco S.A. contra Cancino Ferrerira E.I.R.L Sentencia 10. Castillo Gonz\u00e1lez contra Pino Beltr\u00e1n Sentencia 11. Klein Munzenmayer y otros contra Tapia Vidal Sentencia 12. Caihuara Cruz contra Ruth Guti\u00e9rrez<\/p>\n","protected":false},"featured_media":2746,"comment_status":"open","ping_status":"closed","template":"","meta":{"inline_featured_image":false,"_joinchat":[]},"product_brand":[],"product_cat":[27],"product_tag":[],"class_list":{"0":"post-2716","1":"product","2":"type-product","3":"status-publish","4":"has-post-thumbnail","6":"product_cat-civil","7":"product_shipping_class-a-convenir","9":"first","10":"instock","11":"shipping-taxable","12":"purchasable","13":"product-type-simple"},"_links":{"self":[{"href":"https:\/\/bibliotecajuridicavirtual.cl\/index.php\/wp-json\/wp\/v2\/product\/2716","targetHints":{"allow":["GET"]}}],"collection":[{"href":"https:\/\/bibliotecajuridicavirtual.cl\/index.php\/wp-json\/wp\/v2\/product"}],"about":[{"href":"https:\/\/bibliotecajuridicavirtual.cl\/index.php\/wp-json\/wp\/v2\/types\/product"}],"replies":[{"embeddable":true,"href":"https:\/\/bibliotecajuridicavirtual.cl\/index.php\/wp-json\/wp\/v2\/comments?post=2716"}],"wp:featuredmedia":[{"embeddable":true,"href":"https:\/\/bibliotecajuridicavirtual.cl\/index.php\/wp-json\/wp\/v2\/media\/2746"}],"wp:attachment":[{"href":"https:\/\/bibliotecajuridicavirtual.cl\/index.php\/wp-json\/wp\/v2\/media?parent=2716"}],"wp:term":[{"taxonomy":"product_brand","embeddable":true,"href":"https:\/\/bibliotecajuridicavirtual.cl\/index.php\/wp-json\/wp\/v2\/product_brand?post=2716"},{"taxonomy":"product_cat","embeddable":true,"href":"https:\/\/bibliotecajuridicavirtual.cl\/index.php\/wp-json\/wp\/v2\/product_cat?post=2716"},{"taxonomy":"product_tag","embeddable":true,"href":"https:\/\/bibliotecajuridicavirtual.cl\/index.php\/wp-json\/wp\/v2\/product_tag?post=2716"}],"curies":[{"name":"wp","href":"https:\/\/api.w.org\/{rel}","templated":true}]}}