{"id":2717,"date":"2026-02-28T01:05:04","date_gmt":"2026-02-28T04:05:04","guid":{"rendered":"https:\/\/bibliotecajuridicavirtual.cl\/?post_type=product&#038;p=2717"},"modified":"2026-02-28T01:05:19","modified_gmt":"2026-02-28T04:05:19","slug":"vision-jurisprudencial-y-legislativa-del-decreto-ley-dl-nro-2-695-pequena-propiedad-raiz-ano-mayo-2023-191-pag-autor-editorial-hammurabi","status":"publish","type":"product","link":"https:\/\/bibliotecajuridicavirtual.cl\/index.php\/product\/vision-jurisprudencial-y-legislativa-del-decreto-ley-dl-nro-2-695-pequena-propiedad-raiz-ano-mayo-2023-191-pag-autor-editorial-hammurabi\/","title":{"rendered":"Visi\u00f3n Jurisprudencial y Legislativa del Decreto Ley (DL) Nro 2.695 peque\u00f1a propiedad Ra\u00edz. A\u00f1o Mayo 2023\/191 P\u00e1g. Autor Editorial Hammurabi"},"content":{"rendered":"<p style=\"font-weight: 400;\">Incluye el Decreto Ley N\u00b0 2.695, que establece las normas para regularizar la posesi\u00f3n de la peque\u00f1a propiedad ra\u00edz y para la constituci\u00f3n del dominio sobre ella, as\u00ed como el Decreto N\u00b0 541 que reglamenta el Decreto Ley N\u00b0 2.695<\/p>\n<ol start=\"2\">\n<li style=\"font-weight: 400;\"><b><strong> FICHAS DEL DECRETO LEY N\u00ba 2.695 DE 1979.<\/strong><\/b><\/li>\n<\/ol>\n<p style=\"font-weight: 400;\">Ficha N\u00ba1: Demanda de oposici\u00f3n a saneamiento<\/p>\n<p style=\"font-weight: 400;\">An\u00e1lisis de la pretensi\u00f3n y defensa<br \/>\n1. S\u00edntesis de los fallos<br \/>\n2. Monto solicitado y concedido<\/p>\n<p style=\"font-weight: 400;\">Ficha N\u00ba2: Declara inadmisible oposici\u00f3n<\/p>\n<p style=\"font-weight: 400;\">An\u00e1lisis de la pretensi\u00f3n y defensa<br \/>\n1. S\u00edntesis de los fallos<br \/>\n2. Monto solicitado y concedido<\/p>\n<p style=\"font-weight: 400;\">Ficha N\u00ba3: Demanda ordinaria de acci\u00f3n reivindicatoria<\/p>\n<p>1. An\u00e1lisis de la pretensi\u00f3n y defensa<br \/>\n1. S\u00edntesis de los fallos<br \/>\n2. Monto solicitado y concedido<\/p>\n<p style=\"font-weight: 400;\">Ficha N\u00ba4: Demanda de compensaci\u00f3n de derechos en dinero, en procedimiento sumario<\/p>\n<p style=\"font-weight: 400;\">An\u00e1lisis de la pretensi\u00f3n y defensa<br \/>\n1. S\u00edntesis de los fallos<br \/>\n2. Monto solicitado y concedido<\/p>\n<p style=\"font-weight: 400;\">Ficha N\u00ba5: Demanda de acci\u00f3n reivindicatoria<\/p>\n<p style=\"font-weight: 400;\">An\u00e1lisis de la pretensi\u00f3n y defensa<br \/>\n1. S\u00edntesis de los fallos<br \/>\n2. Monto solicitado y concedido<\/p>\n<p style=\"font-weight: 400;\">Ficha N\u00ba6: Demanda en procedimiento sumario en juicio de precario<\/p>\n<p>An\u00e1lisis de la pretensi\u00f3n y defensa<br \/>\n1. S\u00edntesis de los fallos<br \/>\n2. Monto solicitado y concedido<\/p>\n<p style=\"font-weight: 400;\">Ficha N\u00ba 7: Demanda de oposici\u00f3n al tr\u00e1mite de saneamiento<\/p>\n<p style=\"font-weight: 400;\">An\u00e1lisis de la pretensi\u00f3n y defensa<br \/>\n1. S\u00edntesis de los fallos<br \/>\n2. Monto solicitado y concedido<\/p>\n<p style=\"font-weight: 400;\">Ficha N\u00ba 8: Demanda civil de nulidad de contrato con indemnizaci\u00f3n de perjuicios<\/p>\n<p style=\"font-weight: 400;\">An\u00e1lisis de la pretensi\u00f3n y defensa<br \/>\n1. S\u00edntesis de los fallos<br \/>\n2. Monto solicitado y concedido<\/p>\n<p style=\"font-weight: 400;\">Ficha N\u00ba9: Demanda de reivindicaci\u00f3n, en juicio sumario<\/p>\n<p style=\"font-weight: 400;\">An\u00e1lisis de la pretensi\u00f3n y defensa<br \/>\n1. S\u00edntesis de los fallos<br \/>\n2. Monto solicitado y concedido<\/p>\n<p style=\"font-weight: 400;\">Ficha n\u00ba 10: Regularizaci\u00f3n de la posesi\u00f3n de la peque\u00f1a propiedad ra\u00edz<\/p>\n<p>An\u00e1lisis de la pretensi\u00f3n y defensa<br \/>\n1. S\u00edntesis de los fallos<br \/>\n2. Monto solicitado y concedido<\/p>\n<p style=\"font-weight: 400;\">Ficha N\u00ba 11: Oposici\u00f3n a la solicitud de regularizaci\u00f3n<\/p>\n<p style=\"font-weight: 400;\">An\u00e1lisis de la pretensi\u00f3n y defensa<br \/>\n1. S\u00edntesis de los fallos<br \/>\n2. Monto solicitado y concedido<\/p>\n<p style=\"font-weight: 400;\">Ficha N\u00ba 12: Demanda reivindicatoria contemplada en el art\u00edculo 26 del decreto ley N\u00ba 2695<\/p>\n<p style=\"font-weight: 400;\">An\u00e1lisis de la pretensi\u00f3n y defensa<br \/>\n1. S\u00edntesis de los fallos<br \/>\n2. Monto solicitado y concedido<\/p>\n<ol>\n<li style=\"font-weight: 400;\"><b><strong> SENTENCIAS DE LA CORTE SUPREMA<\/strong><\/b><\/li>\n<\/ol>\n<p style=\"font-weight: 400;\">Sentencia 1. V\u00e1squez Zapata con Pavez Lillo<br \/>\nSentencia 2. Comunidad Agr\u00edcola la Dormida con Gonz\u00e1lez Calder\u00f3n.<br \/>\nSentencia 3. Castillo Gonz\u00e1lez con Pino Beltr\u00e1n<br \/>\nSentencia 4. Neculman Collilef y otros con Soto Neculman.<br \/>\nSentenca 5. Sociedad Pesquera Gonz\u00e1lez Ltda. con Toloza Berrios.<br \/>\nSentencia 6. Sep\u00falveda Contreras con Gonz\u00e1lez Cuadra<br \/>\nSentencia 7. L\u00f3pez Cort\u00e9s y otros con Ipinza Reyes<br \/>\nSentencia 8. Gardilcic Boero con Ju\u00e1rez rom\u00e1n<br \/>\nSentencia 9. Berr\u00edos Mu\u00f1oz con Fuentes Jeria y otros<br \/>\nSentencia 10: Mu\u00f1oz Morales con Santos Santos<br \/>\nSentencia 11. Marchmar Kinzel y otros con Flores Lemari<br \/>\nSentencia 12. Vargas Soto y otros contra Vargas Vargas y Vel\u00e1squez Vargas<\/p>\n<p style=\"font-weight: 400;\"><b><strong>III. LEGISLACI\u00d3N<\/strong><\/b><\/p>\n<p style=\"font-weight: 400;\">Decreto Ley N\u00b0 2.695 fija normas para regularizar la posesi\u00f3n de la peque\u00f1a propiedad ra\u00edz y para la constituci\u00f3n del dominio sobre ella<br \/>\nT\u00edtulo I Disposiciones generales<br \/>\nT\u00edtulo II Del procedimiento<br \/>\nT\u00edtulo III De los efectos de la inscripci\u00f3n<br \/>\nT\u00edtulo IV Del ejercicio de derechos por terceros<br \/>\nP\u00e1rrafo 1\u00b0 De la oposici\u00f3n<br \/>\nP\u00e1rrafo 2\u00b0 De las acciones de dominio<br \/>\nP\u00e1rrafo 3\u00b0 De la compensaci\u00f3n de derechos en dinero<br \/>\nT\u00edtulo V Disposiciones varias<br \/>\nDisposiciones transitorias<br \/>\nDecreto N\u00b0 541. reglamento de decreto N\u00b0 2.695, de 1979, que fija normas para regularizar la posesi\u00f3n de la peque\u00f1a propiedad ra\u00edz y constituir el dominio sobre ella. Deja sin efecto decreto N\u00b0 7, de 1996, no tramitado<br \/>\nT\u00edtulo I Disposiciones generales<br \/>\nT\u00edtulo II De las licitaciones<br \/>\nT\u00edtulo III Fiscalizaci\u00f3n y control<br \/>\nT\u00edtulo IV: De los subsidios<\/p>\n<p style=\"font-weight: 400;\">P\u00e1rrafo primero. Generalidades<br \/>\nP\u00e1rrafo segundo. Postulaci\u00f3n al subsidio<br \/>\nP\u00e1rrafo tercero. Selecci\u00f3n de los beneficiarios<br \/>\nDisposici\u00f3n final<\/p>\n","protected":false},"excerpt":{"rendered":"<p>Incluye el Decreto Ley N\u00b0 2.695, que establece las normas para regularizar la posesi\u00f3n de la peque\u00f1a propiedad ra\u00edz y para la constituci\u00f3n del dominio sobre ella, as\u00ed como el Decreto N\u00b0 541 que reglamenta el Decreto Ley N\u00b0 2.695 FICHAS DEL DECRETO LEY N\u00ba 2.695 DE 1979. Ficha N\u00ba1: Demanda de oposici\u00f3n a saneamiento An\u00e1lisis de la pretensi\u00f3n y defensa 1. S\u00edntesis de los fallos 2. Monto solicitado y concedido Ficha N\u00ba2: Declara inadmisible oposici\u00f3n An\u00e1lisis de la pretensi\u00f3n y defensa 1. S\u00edntesis de los fallos 2. Monto solicitado y concedido Ficha N\u00ba3: Demanda ordinaria de acci\u00f3n reivindicatoria 1. An\u00e1lisis de la pretensi\u00f3n y defensa 1. S\u00edntesis de los fallos 2. Monto solicitado y concedido Ficha N\u00ba4: Demanda de compensaci\u00f3n de derechos en dinero, en procedimiento sumario An\u00e1lisis de la pretensi\u00f3n y defensa 1. S\u00edntesis de los fallos 2. Monto solicitado y concedido Ficha N\u00ba5: Demanda de acci\u00f3n reivindicatoria An\u00e1lisis de la pretensi\u00f3n y defensa 1. S\u00edntesis de los fallos 2. Monto solicitado y concedido Ficha N\u00ba6: Demanda en procedimiento sumario en juicio de precario An\u00e1lisis de la pretensi\u00f3n y defensa 1. S\u00edntesis de los fallos 2. Monto solicitado y concedido Ficha N\u00ba 7: Demanda de oposici\u00f3n al tr\u00e1mite de saneamiento An\u00e1lisis de la pretensi\u00f3n y defensa 1. S\u00edntesis de los fallos 2. Monto solicitado y concedido Ficha N\u00ba 8: Demanda civil de nulidad de contrato con indemnizaci\u00f3n de perjuicios An\u00e1lisis de la pretensi\u00f3n y defensa 1. S\u00edntesis de los fallos 2. Monto solicitado y concedido Ficha N\u00ba9: Demanda de reivindicaci\u00f3n, en juicio sumario An\u00e1lisis de la pretensi\u00f3n y defensa 1. S\u00edntesis de los fallos 2. Monto solicitado y concedido Ficha n\u00ba 10: Regularizaci\u00f3n de la posesi\u00f3n de la peque\u00f1a propiedad ra\u00edz An\u00e1lisis de la pretensi\u00f3n y defensa 1. S\u00edntesis de los fallos 2. Monto solicitado y concedido Ficha N\u00ba 11: Oposici\u00f3n a la solicitud de regularizaci\u00f3n An\u00e1lisis de la pretensi\u00f3n y defensa 1. S\u00edntesis de los fallos 2. Monto solicitado y concedido Ficha N\u00ba 12: Demanda reivindicatoria contemplada en el art\u00edculo 26 del decreto ley N\u00ba 2695 An\u00e1lisis de la pretensi\u00f3n y defensa 1. S\u00edntesis de los fallos 2. Monto solicitado y concedido SENTENCIAS DE LA CORTE SUPREMA Sentencia 1. V\u00e1squez Zapata con Pavez Lillo Sentencia 2. Comunidad Agr\u00edcola la Dormida con Gonz\u00e1lez Calder\u00f3n. Sentencia 3. Castillo Gonz\u00e1lez con Pino Beltr\u00e1n Sentencia 4. Neculman Collilef y otros con Soto Neculman. Sentenca 5. Sociedad Pesquera Gonz\u00e1lez Ltda. con Toloza Berrios. Sentencia 6. Sep\u00falveda Contreras con Gonz\u00e1lez Cuadra Sentencia 7. L\u00f3pez Cort\u00e9s y otros con Ipinza Reyes Sentencia 8. Gardilcic Boero con Ju\u00e1rez rom\u00e1n Sentencia 9. Berr\u00edos Mu\u00f1oz con Fuentes Jeria y otros Sentencia 10: Mu\u00f1oz Morales con Santos Santos Sentencia 11. Marchmar Kinzel y otros con Flores Lemari Sentencia 12. Vargas Soto y otros contra Vargas Vargas y Vel\u00e1squez Vargas III. LEGISLACI\u00d3N Decreto Ley N\u00b0 2.695 fija normas para regularizar la posesi\u00f3n de la peque\u00f1a propiedad ra\u00edz y para la constituci\u00f3n del dominio sobre ella T\u00edtulo I Disposiciones generales T\u00edtulo II Del procedimiento T\u00edtulo III De los efectos de la inscripci\u00f3n T\u00edtulo IV Del ejercicio de derechos por terceros P\u00e1rrafo 1\u00b0 De la oposici\u00f3n P\u00e1rrafo 2\u00b0 De las acciones de dominio P\u00e1rrafo 3\u00b0 De la compensaci\u00f3n de derechos en dinero T\u00edtulo V Disposiciones varias Disposiciones transitorias Decreto N\u00b0 541. reglamento de decreto N\u00b0 2.695, de 1979, que fija normas para regularizar la posesi\u00f3n de la peque\u00f1a propiedad ra\u00edz y constituir el dominio sobre ella. Deja sin efecto decreto N\u00b0 7, de 1996, no tramitado T\u00edtulo I Disposiciones generales T\u00edtulo II De las licitaciones T\u00edtulo III Fiscalizaci\u00f3n y control T\u00edtulo IV: De los subsidios P\u00e1rrafo primero. Generalidades P\u00e1rrafo segundo. Postulaci\u00f3n al subsidio P\u00e1rrafo tercero. Selecci\u00f3n de los beneficiarios Disposici\u00f3n final<\/p>\n","protected":false},"featured_media":2747,"comment_status":"open","ping_status":"closed","template":"","meta":{"inline_featured_image":false,"_joinchat":[]},"product_brand":[],"product_cat":[27],"product_tag":[],"class_list":{"0":"post-2717","1":"product","2":"type-product","3":"status-publish","4":"has-post-thumbnail","6":"product_cat-civil","7":"product_shipping_class-a-convenir","9":"first","10":"instock","11":"shipping-taxable","12":"purchasable","13":"product-type-simple"},"_links":{"self":[{"href":"https:\/\/bibliotecajuridicavirtual.cl\/index.php\/wp-json\/wp\/v2\/product\/2717","targetHints":{"allow":["GET"]}}],"collection":[{"href":"https:\/\/bibliotecajuridicavirtual.cl\/index.php\/wp-json\/wp\/v2\/product"}],"about":[{"href":"https:\/\/bibliotecajuridicavirtual.cl\/index.php\/wp-json\/wp\/v2\/types\/product"}],"replies":[{"embeddable":true,"href":"https:\/\/bibliotecajuridicavirtual.cl\/index.php\/wp-json\/wp\/v2\/comments?post=2717"}],"wp:featuredmedia":[{"embeddable":true,"href":"https:\/\/bibliotecajuridicavirtual.cl\/index.php\/wp-json\/wp\/v2\/media\/2747"}],"wp:attachment":[{"href":"https:\/\/bibliotecajuridicavirtual.cl\/index.php\/wp-json\/wp\/v2\/media?parent=2717"}],"wp:term":[{"taxonomy":"product_brand","embeddable":true,"href":"https:\/\/bibliotecajuridicavirtual.cl\/index.php\/wp-json\/wp\/v2\/product_brand?post=2717"},{"taxonomy":"product_cat","embeddable":true,"href":"https:\/\/bibliotecajuridicavirtual.cl\/index.php\/wp-json\/wp\/v2\/product_cat?post=2717"},{"taxonomy":"product_tag","embeddable":true,"href":"https:\/\/bibliotecajuridicavirtual.cl\/index.php\/wp-json\/wp\/v2\/product_tag?post=2717"}],"curies":[{"name":"wp","href":"https:\/\/api.w.org\/{rel}","templated":true}]}}