{"id":2718,"date":"2026-02-28T01:05:04","date_gmt":"2026-02-28T04:05:04","guid":{"rendered":"https:\/\/bibliotecajuridicavirtual.cl\/?post_type=product&#038;p=2718"},"modified":"2026-02-28T01:05:20","modified_gmt":"2026-02-28T04:05:20","slug":"impacto-del-plan-regulador-en-humedales-urbanos-ano-mayo-2023-146-pag-autor-jorge-andres-rios-del-rio","status":"publish","type":"product","link":"https:\/\/bibliotecajuridicavirtual.cl\/index.php\/product\/impacto-del-plan-regulador-en-humedales-urbanos-ano-mayo-2023-146-pag-autor-jorge-andres-rios-del-rio\/","title":{"rendered":"Impacto del Plan Regulador en Humedales Urbanos. A\u00f1o Mayo 2023\/ 146 P\u00e1g. Autor Jorge Andr\u00e9s R\u00edos del R\u00edo"},"content":{"rendered":"<p style=\"font-weight: 400;\"><b><strong>UN CASO DE ESTUDIO DE IMPACTO AMBIENTAL EN LA CIUDAD DE VALDIVIA<\/strong><\/b><\/p>\n<p>La presente obra parte desde el an\u00e1lisis de un problema ambiental de alta relevancia social, p\u00fablica y pol\u00edtica en la regi\u00f3n de Los R\u00edos, como lo es la p\u00e9rdida de superficie de los humedales urbanos en la ciudad de Valdivia. Este problema permite apreciar una serie de din\u00e1micas hist\u00f3rico-pol\u00edticas y como el componente jur\u00eddico adquiere relevancia a la hora de la planificaci\u00f3n territorial, variable que para el autor, se encuentra \u00edntimamente relacionada con el urbanismo y sus enfoques y metodol\u00f3gicos.<\/p>\n<p style=\"font-weight: 400;\">En este trabajo el autor profundiza su mirada de la problem\u00e1tica describiendo los elementos jur\u00eddicos presentes en la normativa chilena sobre planificaci\u00f3n territorial, incluyendo un comentario previo y posterior a la promulgaci\u00f3n de la nueva Ley de Humedales Urbanos (Ley 21.202 de 2020), un an\u00e1lisis del plan regulador comunal de Valdivia y los conceptos normativos contemplados en la Conferencia de las Naciones Unidas sobre Vivienda y Desarrollo Urbano Sostenible: H\u00e1bitat III. Posteriormente sintetiza el estado de la doctrina urban\u00edstica nacional e internacional, en la b\u00fasqueda de nuevos m\u00e9todos investigativos y fen\u00f3menos urbanos que estos trabajos revisan y finalmente ante el problema concreto planteado en la ciudad de Valdivia, construye la aplicaci\u00f3n de una metodolog\u00eda de sistema de informaci\u00f3n geogr\u00e1fica (SIG) para la prueba cient\u00edfica de la merma de superficie de humedales en la zona sur de la ciudad de Valdivia y por consiguiente el d\u00e9ficit normativo que la norma de planificaci\u00f3n territorial posee, con las implicancias jur\u00eddicas que de ello podr\u00edan desprenderse.<\/p>\n<p style=\"font-weight: 400;\">Estamos ante una obra que se atreve a la b\u00fasqueda de soluciones multidisciplinarias e investigativas en un contexto mundial con profundos problemas que determinan a las pol\u00edticas p\u00fablicas de Chile y el mundo.<\/p>\n<p style=\"font-weight: 400;\">\n<p style=\"font-weight: 400;\"><b><strong>CAP\u00cdTULO I<\/strong><\/b><br \/>\n<b><strong>VALDIVIA Y SUS HUMEDALES URBANOS, UNA RELACI\u00d3N NATURAL<\/strong><\/b><\/p>\n<ol>\n<li style=\"font-weight: 400;\"><b><strong> Per\u00edodo prehisp\u00e1nico y colonial de los humedales<\/strong><\/b><br \/>\n<b><strong>2. Per\u00edodo republicano, el surgimiento de la necesidad de rellenar los humedales<\/strong><\/b><br \/>\n<b><strong>3. Etapa contempor\u00e1nea, conflictos socio ambientales y la defensa ciudadana de los humedales<\/strong><\/b><br \/>\n<b><strong>4. La ciudad de valdivia y sus humedales urbanos, una relaci\u00f3n problem\u00e1tica analizada desde una perspectiva urban\u00edstica y jur\u00eddica interdisciplinaria<\/strong><\/b><\/li>\n<\/ol>\n<p style=\"font-weight: 400;\"><b><strong>CAP\u00cdTULO II<\/strong><\/b><br \/>\n<b><strong>MARCO TE\u00d3RICO Y HERRAMIENTAS ANAL\u00cdTICAS A LA PROBLEM\u00c1TICA EXPUESTA<\/strong><\/b><\/p>\n<ol>\n<li style=\"font-weight: 400;\"><b><strong> An\u00e1lisis de la estructura jur\u00eddica que regula la planificaci\u00f3n urbana y en espec\u00edfico respecto al PRC de la ciudad de valdivia<\/strong><\/b><br \/>\n1.1. De la planificaci\u00f3n urbana y los instrumentos de planificaci\u00f3n territorial<br \/>\n1.2. Planificaci\u00f3n urbana nacional<br \/>\n1.3. Planificaci\u00f3n urbana regional<br \/>\n1.4. Planificaci\u00f3n urbana intercomunal o metropolitana<br \/>\n1.5. Planificaci\u00f3n urbana comunal<br \/>\n1.6. Del procedimiento de creaci\u00f3n de un PRC<\/li>\n<li style=\"font-weight: 400;\"><b><strong> El PRC de la ciudad de Valdivia, creaci\u00f3n, caracter\u00edsticas y evoluci\u00f3n<\/strong><\/b><br \/>\n2.1. Caracter\u00edsticas del PRC vigente en Valdivia<\/li>\n<li style=\"font-weight: 400;\"><b><strong> Tratamiento legal nacional respecto a los humedales urbanos<\/strong><\/b><br \/>\n3.1. Criterios de protecci\u00f3n Ramsar y l\u00ednea de base legal chilena respecto a humedales no cubiertos por este tratado internacional<br \/>\n3.2. Ley General de Bases del Medio Ambiente, el Sistema De Evaluaci\u00f3n de Impacto Ambiental (SEIA), su reglamento y el sistema de responsabilidad ambiental<br \/>\n3.3. Otros cuerpos de rango legal que se relacionan con humedales: el C\u00f3digo Civil, el C\u00f3digo de Aguas, la Ley de Caza, Ley sobre Recuperaci\u00f3n del Bosque Nativo y Fomento Forestal, Ley de Fomento al Riego, la Ley General de Urbanismo y Construcciones y Ordenanzas Municipales<br \/>\n3.4. Humedales urbanos y conflictos sociales en la regi\u00f3n de los r\u00edos, an\u00e1lisis al proyecto de ley y a las soluciones administrativas respecto a estos ecosistemas<br \/>\n3.5. Ley de Protecci\u00f3n de los Humedales Urbanos<\/li>\n<\/ol>\n<p style=\"font-weight: 400;\"><b><strong>CAP\u00cdTULO III<\/strong><\/b><br \/>\n<b><strong>DETERMINACI\u00d3N DE CONTEXTOS, LO POL\u00cdTICO-JUR\u00cdDICO<\/strong><\/b><\/p>\n<ol>\n<li style=\"font-weight: 400;\"><b><strong> Contexto pol\u00edtico-jur\u00eddico: determinaci\u00f3n de un concepto de desarrollo sostenible de posible adopci\u00f3n en normas de planificaci\u00f3n territorial chilenas<\/strong><\/b><\/li>\n<li style=\"font-weight: 400;\"><b><strong> El rol del urbanismo en la planificaci\u00f3n de la ciudad en el siglo XXI<\/strong><\/b><br \/>\n2.1. Rumbos que el urbanismo ha tomado en la actualidad, nuevos desarrollos metodol\u00f3gicos<\/li>\n<\/ol>\n<p style=\"font-weight: 400;\"><b><strong>CAP\u00cdTULO IV<\/strong><\/b><br \/>\n<b><strong>HIPOTESIS, OBJETIVOS Y METODOLOG\u00cdA<\/strong><\/b><\/p>\n<ol>\n<li style=\"font-weight: 400;\"><b><strong> Formulaci\u00f3n de una hip\u00f3tesis<\/strong><\/b><br \/>\n<b><strong>2. Determinaci\u00f3n de objetivos<\/strong><\/b><br \/>\n<b><strong>3. Metodolog\u00edas empleadas<\/strong><\/b><\/li>\n<\/ol>\n<p style=\"font-weight: 400;\"><b><strong>CAP\u00cdTULO V<\/strong><\/b><br \/>\n<b><strong>DETERMINACI\u00d3N DE CONTEXTOS, LO ZONAL-GEOGR\u00c1FICO<\/strong><\/b><\/p>\n<ol>\n<li style=\"font-weight: 400;\"><b><strong> Contexto zonal-geogr\u00e1fico: definici\u00f3n del \u00e1rea de estudio en la zona sur y centro sur de la ciudad de Valdivia, an\u00e1lisis espacial del caso concreto<\/strong><\/b><br \/>\n1.1. Breve catastro del crecimiento urbano de valdivia en relaci\u00f3n a los humedales urbanos entre los a\u00f1os 1992 al 2017<br \/>\n1.2. Tipolog\u00edas de crecimiento urbano en la ciudad de Valdivia<br \/>\n1.3. El crecimiento urbano hacia el medio ambiente natural<\/li>\n<li style=\"font-weight: 400;\"><b><strong> An\u00e1lisis fotointerpretativo del crecimiento del manto urbano para las zonas centro sur y sur de la ciudad de Valdivia, en el decenio 2007 \u2013 2017<\/strong><\/b><br \/>\n2.1. Esquema de zonificaci\u00f3n poligonal del \u00e1rea de estudio<br \/>\n2.2. Pol\u00edgonos sur y centro sur, a\u00f1o 2007<br \/>\n2.3. Pol\u00edgonos sur y centro sur, a\u00f1o 2008<br \/>\n2.4. Pol\u00edgonos sur y centro sur, a\u00f1o 2009<br \/>\n2.5. Pol\u00edgonos sur y centro sur, a\u00f1o 2010<br \/>\n2.6. Pol\u00edgonos sur y centro sur, a\u00f1o 2011<br \/>\n2.7. Pol\u00edgonos sur y centro sur, a\u00f1o 2012<br \/>\n2.8. Pol\u00edgonos sur y centro sur, a\u00f1o 2013<br \/>\n2.9. Pol\u00edgonos sur y centro sur, a\u00f1o 2014<br \/>\n2.10. Pol\u00edgonos sur y centro sur, a\u00f1o 2015<br \/>\n2.11. Pol\u00edgonos sur y centro sur, a\u00f1o 2016<br \/>\n2.12. Pol\u00edgonos sur y centro sur, a\u00f1o 2017<\/li>\n<li style=\"font-weight: 400;\"><b><strong> An\u00e1lis de resultados<\/strong><\/b><\/li>\n<\/ol>\n<p style=\"font-weight: 400;\">Discusiones<br \/>\nConclusi\u00f3n<\/p>\n","protected":false},"excerpt":{"rendered":"<p>UN CASO DE ESTUDIO DE IMPACTO AMBIENTAL EN LA CIUDAD DE VALDIVIA La presente obra parte desde el an\u00e1lisis de un problema ambiental de alta relevancia social, p\u00fablica y pol\u00edtica en la regi\u00f3n de Los R\u00edos, como lo es la p\u00e9rdida de superficie de los humedales urbanos en la ciudad de Valdivia. Este problema permite apreciar una serie de din\u00e1micas hist\u00f3rico-pol\u00edticas y como el componente jur\u00eddico adquiere relevancia a la hora de la planificaci\u00f3n territorial, variable que para el autor, se encuentra \u00edntimamente relacionada con el urbanismo y sus enfoques y metodol\u00f3gicos. En este trabajo el autor profundiza su mirada de la problem\u00e1tica describiendo los elementos jur\u00eddicos presentes en la normativa chilena sobre planificaci\u00f3n territorial, incluyendo un comentario previo y posterior a la promulgaci\u00f3n de la nueva Ley de Humedales Urbanos (Ley 21.202 de 2020), un an\u00e1lisis del plan regulador comunal de Valdivia y los conceptos normativos contemplados en la Conferencia de las Naciones Unidas sobre Vivienda y Desarrollo Urbano Sostenible: H\u00e1bitat III. Posteriormente sintetiza el estado de la doctrina urban\u00edstica nacional e internacional, en la b\u00fasqueda de nuevos m\u00e9todos investigativos y fen\u00f3menos urbanos que estos trabajos revisan y finalmente ante el problema concreto planteado en la ciudad de Valdivia, construye la aplicaci\u00f3n de una metodolog\u00eda de sistema de informaci\u00f3n geogr\u00e1fica (SIG) para la prueba cient\u00edfica de la merma de superficie de humedales en la zona sur de la ciudad de Valdivia y por consiguiente el d\u00e9ficit normativo que la norma de planificaci\u00f3n territorial posee, con las implicancias jur\u00eddicas que de ello podr\u00edan desprenderse. Estamos ante una obra que se atreve a la b\u00fasqueda de soluciones multidisciplinarias e investigativas en un contexto mundial con profundos problemas que determinan a las pol\u00edticas p\u00fablicas de Chile y el mundo. CAP\u00cdTULO I VALDIVIA Y SUS HUMEDALES URBANOS, UNA RELACI\u00d3N NATURAL Per\u00edodo prehisp\u00e1nico y colonial de los humedales 2. Per\u00edodo republicano, el surgimiento de la necesidad de rellenar los humedales 3. Etapa contempor\u00e1nea, conflictos socio ambientales y la defensa ciudadana de los humedales 4. La ciudad de valdivia y sus humedales urbanos, una relaci\u00f3n problem\u00e1tica analizada desde una perspectiva urban\u00edstica y jur\u00eddica interdisciplinaria CAP\u00cdTULO II MARCO TE\u00d3RICO Y HERRAMIENTAS ANAL\u00cdTICAS A LA PROBLEM\u00c1TICA EXPUESTA An\u00e1lisis de la estructura jur\u00eddica que regula la planificaci\u00f3n urbana y en espec\u00edfico respecto al PRC de la ciudad de valdivia 1.1. De la planificaci\u00f3n urbana y los instrumentos de planificaci\u00f3n territorial 1.2. Planificaci\u00f3n urbana nacional 1.3. Planificaci\u00f3n urbana regional 1.4. Planificaci\u00f3n urbana intercomunal o metropolitana 1.5. Planificaci\u00f3n urbana comunal 1.6. Del procedimiento de creaci\u00f3n de un PRC El PRC de la ciudad de Valdivia, creaci\u00f3n, caracter\u00edsticas y evoluci\u00f3n 2.1. Caracter\u00edsticas del PRC vigente en Valdivia Tratamiento legal nacional respecto a los humedales urbanos 3.1. Criterios de protecci\u00f3n Ramsar y l\u00ednea de base legal chilena respecto a humedales no cubiertos por este tratado internacional 3.2. Ley General de Bases del Medio Ambiente, el Sistema De Evaluaci\u00f3n de Impacto Ambiental (SEIA), su reglamento y el sistema de responsabilidad ambiental 3.3. Otros cuerpos de rango legal que se relacionan con humedales: el C\u00f3digo Civil, el C\u00f3digo de Aguas, la Ley de Caza, Ley sobre Recuperaci\u00f3n del Bosque Nativo y Fomento Forestal, Ley de Fomento al Riego, la Ley General de Urbanismo y Construcciones y Ordenanzas Municipales 3.4. Humedales urbanos y conflictos sociales en la regi\u00f3n de los r\u00edos, an\u00e1lisis al proyecto de ley y a las soluciones administrativas respecto a estos ecosistemas 3.5. Ley de Protecci\u00f3n de los Humedales Urbanos CAP\u00cdTULO III DETERMINACI\u00d3N DE CONTEXTOS, LO POL\u00cdTICO-JUR\u00cdDICO Contexto pol\u00edtico-jur\u00eddico: determinaci\u00f3n de un concepto de desarrollo sostenible de posible adopci\u00f3n en normas de planificaci\u00f3n territorial chilenas El rol del urbanismo en la planificaci\u00f3n de la ciudad en el siglo XXI 2.1. Rumbos que el urbanismo ha tomado en la actualidad, nuevos desarrollos metodol\u00f3gicos CAP\u00cdTULO IV HIPOTESIS, OBJETIVOS Y METODOLOG\u00cdA Formulaci\u00f3n de una hip\u00f3tesis 2. Determinaci\u00f3n de objetivos 3. Metodolog\u00edas empleadas CAP\u00cdTULO V DETERMINACI\u00d3N DE CONTEXTOS, LO ZONAL-GEOGR\u00c1FICO Contexto zonal-geogr\u00e1fico: definici\u00f3n del \u00e1rea de estudio en la zona sur y centro sur de la ciudad de Valdivia, an\u00e1lisis espacial del caso concreto 1.1. Breve catastro del crecimiento urbano de valdivia en relaci\u00f3n a los humedales urbanos entre los a\u00f1os 1992 al 2017 1.2. Tipolog\u00edas de crecimiento urbano en la ciudad de Valdivia 1.3. El crecimiento urbano hacia el medio ambiente natural An\u00e1lisis fotointerpretativo del crecimiento del manto urbano para las zonas centro sur y sur de la ciudad de Valdivia, en el decenio 2007 \u2013 2017 2.1. Esquema de zonificaci\u00f3n poligonal del \u00e1rea de estudio 2.2. Pol\u00edgonos sur y centro sur, a\u00f1o 2007 2.3. Pol\u00edgonos sur y centro sur, a\u00f1o 2008 2.4. Pol\u00edgonos sur y centro sur, a\u00f1o 2009 2.5. Pol\u00edgonos sur y centro sur, a\u00f1o 2010 2.6. Pol\u00edgonos sur y centro sur, a\u00f1o 2011 2.7. Pol\u00edgonos sur y centro sur, a\u00f1o 2012 2.8. Pol\u00edgonos sur y centro sur, a\u00f1o 2013 2.9. Pol\u00edgonos sur y centro sur, a\u00f1o 2014 2.10. Pol\u00edgonos sur y centro sur, a\u00f1o 2015 2.11. Pol\u00edgonos sur y centro sur, a\u00f1o 2016 2.12. Pol\u00edgonos sur y centro sur, a\u00f1o 2017 An\u00e1lis de resultados Discusiones Conclusi\u00f3n<\/p>\n","protected":false},"featured_media":2748,"comment_status":"open","ping_status":"closed","template":"","meta":{"inline_featured_image":false,"_joinchat":[]},"product_brand":[],"product_cat":[31],"product_tag":[],"class_list":{"0":"post-2718","1":"product","2":"type-product","3":"status-publish","4":"has-post-thumbnail","6":"product_cat-derecho-ambiental","7":"product_shipping_class-a-convenir","9":"first","10":"instock","11":"shipping-taxable","12":"purchasable","13":"product-type-simple"},"_links":{"self":[{"href":"https:\/\/bibliotecajuridicavirtual.cl\/index.php\/wp-json\/wp\/v2\/product\/2718","targetHints":{"allow":["GET"]}}],"collection":[{"href":"https:\/\/bibliotecajuridicavirtual.cl\/index.php\/wp-json\/wp\/v2\/product"}],"about":[{"href":"https:\/\/bibliotecajuridicavirtual.cl\/index.php\/wp-json\/wp\/v2\/types\/product"}],"replies":[{"embeddable":true,"href":"https:\/\/bibliotecajuridicavirtual.cl\/index.php\/wp-json\/wp\/v2\/comments?post=2718"}],"wp:featuredmedia":[{"embeddable":true,"href":"https:\/\/bibliotecajuridicavirtual.cl\/index.php\/wp-json\/wp\/v2\/media\/2748"}],"wp:attachment":[{"href":"https:\/\/bibliotecajuridicavirtual.cl\/index.php\/wp-json\/wp\/v2\/media?parent=2718"}],"wp:term":[{"taxonomy":"product_brand","embeddable":true,"href":"https:\/\/bibliotecajuridicavirtual.cl\/index.php\/wp-json\/wp\/v2\/product_brand?post=2718"},{"taxonomy":"product_cat","embeddable":true,"href":"https:\/\/bibliotecajuridicavirtual.cl\/index.php\/wp-json\/wp\/v2\/product_cat?post=2718"},{"taxonomy":"product_tag","embeddable":true,"href":"https:\/\/bibliotecajuridicavirtual.cl\/index.php\/wp-json\/wp\/v2\/product_tag?post=2718"}],"curies":[{"name":"wp","href":"https:\/\/api.w.org\/{rel}","templated":true}]}}