{"id":2719,"date":"2026-02-28T01:05:04","date_gmt":"2026-02-28T04:05:04","guid":{"rendered":"https:\/\/bibliotecajuridicavirtual.cl\/?post_type=product&#038;p=2719"},"modified":"2026-02-28T01:05:20","modified_gmt":"2026-02-28T04:05:20","slug":"el-fraude-informatico-y-la-responsabilidad-penal-en-la-nueva-ley-nro-21-459-ano-2022-100-pag-autor-catalina-muller-labbe","status":"publish","type":"product","link":"https:\/\/bibliotecajuridicavirtual.cl\/index.php\/product\/el-fraude-informatico-y-la-responsabilidad-penal-en-la-nueva-ley-nro-21-459-ano-2022-100-pag-autor-catalina-muller-labbe\/","title":{"rendered":"El Fraude Inform\u00e1tico y la Responsabilidad Penal en la nueva Ley Nro 21.459. A\u00f1o 2022\/100 P\u00e1g. Autor Catalina M\u00fcller Labb\u00e9"},"content":{"rendered":"<p style=\"font-weight: 400;\">El delito de fraude inform\u00e1tico y su responsabilidad penal, es lo que este libro logra desarrollar de una forma concreta y pedag\u00f3gica. Pocas veces la literatura jur\u00eddica va tan de la mano con las actualizaciones legales y este es uno de esos casos, pues analiza y explica la nueva ley 21.459, que fue recientemente publicada el 20 de junio del a\u00f1o 2022, a\u00f1adiendo figuras criminales acordes a los tiempos de este siglo, las cuales el lector podr\u00e1 conocer y empaparse de ellas a trav\u00e9s de este libro.<\/p>\n<p style=\"font-weight: 400;\">La autora ha establecido una prioridad al redactar este libro, incorporando al lector los nuevos tipos penales que existen a trav\u00e9s de la ley reciente, la que consta de 21 art\u00edculos, lo cual difiere a la ley 19.223, la que conten\u00eda solamente 4 art\u00edculos y sancionaba solo los delitos de fraude, sabotaje y espionaje inform\u00e1tico, pero \u00bfqu\u00e9 pasaba con otras conductas que no eran t\u00edpicas, pero si eran defraudatorias?, esto lo viene a solucionar, en parte la nueva legislaci\u00f3n.<\/p>\n<p style=\"font-weight: 400;\">Esta investigaci\u00f3n est\u00e1 destinada para todo aquel que quiera aprender sobre delitos inform\u00e1ticos con especial menci\u00f3n al fraude inform\u00e1tico y las novedades que trae la nueva Ley sobre la responsabilidad penal.<\/p>\n<p style=\"font-weight: 400;\">Conforme avanza la tecnolog\u00eda a una velocidad desmesurada tambi\u00e9n lo hacen las nuevas formas de delinquir, es por eso que es de vital importancia que en cada pa\u00eds exista una legislaci\u00f3n eficiente \u00bfser\u00e1 esta nueva Ley suficiente?<\/p>\n<p style=\"font-weight: 400;\"><b><strong>CAP\u00cdUTLO I<\/strong><\/b><\/p>\n<p style=\"font-weight: 400;\"><b><strong>DE LOS DELITOS INFORM\u00c1TICOS<\/strong><\/b><\/p>\n<ol>\n<li style=\"font-weight: 400;\"><b><strong> Aspectos generales y conceptualizaci\u00f3n de los delitos inform\u00e1ticos<\/strong><\/b>1.1 Nuevas tipolog\u00edas delictuales sobre delitos inform\u00e1ticos, relacionadas con inteligencia artificial (IA)<br \/>\n1.2 El concepto de delitos inform\u00e1ticos en sentido amplio y estricto<br \/>\n1.3 Historia de los delitos inform\u00e1ticos en Chile<\/li>\n<li style=\"font-weight: 400;\"><b><strong> Ley N\u00b0 21.459, que establece normas sobre delitos inform\u00e1ticos<\/strong><\/b>2.1 Nuevas conductas descritas del tipo penal que se agregan delitos inform\u00e1ticos<br \/>\n2.2 Particularidades de su contenido y estructura<\/li>\n<\/ol>\n<p style=\"font-weight: 400;\"><b><strong>CAP\u00cdTULO II<\/strong><\/b><br \/>\n<b><strong>NORMATIVA INTERNACIONAL APLICABLE EN NUESTRO PA\u00cdS<\/strong><\/b><\/p>\n<ol>\n<li style=\"font-weight: 400;\"><b><strong> \u00bfQu\u00e9 es el Convenio de Budapest?<\/strong><\/b>1.1 Historia y estructura del convenio sobre el cibercrimen<br \/>\n1.2 Ventajas de los Estados miembros<\/li>\n<li style=\"font-weight: 400;\"><b><strong> Protocolos adicionales al Convenio de Budapest sobre Ciberdelincuencia<\/strong><\/b><\/li>\n<\/ol>\n<p style=\"font-weight: 400;\">2.1 Primer y segundo protocolo adicional al Convenio<br \/>\n2.2 El modelo europeo del Convenio como modelo a seguir en materia penal sobre delitos inform\u00e1ticos<\/p>\n<p style=\"font-weight: 400;\"><b><strong>CAP\u00cdTULO III<\/strong><\/b><br \/>\n<b><strong>CASOS DE CIBERDELITOS CON ESPECIAL MENCI\u00d3N AL FRAUDE INFORM\u00c1TICO Y EL DERECHO COMPARADO<\/strong><\/b><\/p>\n<ol>\n<li style=\"font-weight: 400;\"><b><strong> Casos de fraude inform\u00e1tico en Chile y en el Extranjero.<\/strong><\/b><\/li>\n<\/ol>\n<p style=\"font-weight: 400;\">1.1 Fraude inform\u00e1tico al Banco Consorcio<br \/>\n1.2 Ataque mundial \u201ccaso WannaCry\u201d<\/p>\n<ol start=\"2\">\n<li style=\"font-weight: 400;\"><b><strong> Derecho comparado en materia de delitos inform\u00e1ticos<\/strong><\/b><\/li>\n<\/ol>\n<p style=\"font-weight: 400;\">2.1 Argentina<br \/>\n2.2 Espa\u00f1a<br \/>\n2.3 Uruguay<\/p>\n<p style=\"font-weight: 400;\"><b><strong>CAP\u00cdTULO IV<\/strong><\/b><br \/>\n<b><strong>AN\u00c1LISIS JUR\u00cdDICO PENAL DE FRAUDE INFORM\u00c1TICO<\/strong><\/b><\/p>\n<ol>\n<li style=\"font-weight: 400;\"><b><strong> Concepto y presupuestos<\/strong><\/b><\/li>\n<li style=\"font-weight: 400;\"><b><strong> Conductas descritas del tipo del sujeto activo y pasivo<\/strong><\/b>2.1. Elementos criminol\u00f3gicos<br \/>\n2.2 El bien jur\u00eddico protegido<\/li>\n<li style=\"font-weight: 400;\"><b><strong> Responsabilidad penal en el fraude inform\u00e1tico<\/strong><\/b><\/li>\n<\/ol>\n<p style=\"font-weight: 400;\">3.1 Discusi\u00f3n parlamentaria<br \/>\n3.2 Atenuantes y agravantes especiales<\/p>\n<p style=\"font-weight: 400;\"><b><strong>Anexo<\/strong><\/b><\/p>\n<p style=\"font-weight: 400;\">Decreto N\u00b083. Promulga el convenio sobre la ciberdelincuencia<br \/>\nLey N\u00b0 21.459. Establece normas sobre delitos inform\u00e1ticos, deroga la ley N\u00b0 19.223 y modifica otros cuerpos legales con el objeto de adecuarlos al convenio de Budapest<br \/>\nDecreto N\u00b0 273. Establece obligaci\u00f3n de reportar incidentes de ciberseguridad<\/p>\n","protected":false},"excerpt":{"rendered":"<p>El delito de fraude inform\u00e1tico y su responsabilidad penal, es lo que este libro logra desarrollar de una forma concreta y pedag\u00f3gica. Pocas veces la literatura jur\u00eddica va tan de la mano con las actualizaciones legales y este es uno de esos casos, pues analiza y explica la nueva ley 21.459, que fue recientemente publicada el 20 de junio del a\u00f1o 2022, a\u00f1adiendo figuras criminales acordes a los tiempos de este siglo, las cuales el lector podr\u00e1 conocer y empaparse de ellas a trav\u00e9s de este libro. La autora ha establecido una prioridad al redactar este libro, incorporando al lector los nuevos tipos penales que existen a trav\u00e9s de la ley reciente, la que consta de 21 art\u00edculos, lo cual difiere a la ley 19.223, la que conten\u00eda solamente 4 art\u00edculos y sancionaba solo los delitos de fraude, sabotaje y espionaje inform\u00e1tico, pero \u00bfqu\u00e9 pasaba con otras conductas que no eran t\u00edpicas, pero si eran defraudatorias?, esto lo viene a solucionar, en parte la nueva legislaci\u00f3n. Esta investigaci\u00f3n est\u00e1 destinada para todo aquel que quiera aprender sobre delitos inform\u00e1ticos con especial menci\u00f3n al fraude inform\u00e1tico y las novedades que trae la nueva Ley sobre la responsabilidad penal. Conforme avanza la tecnolog\u00eda a una velocidad desmesurada tambi\u00e9n lo hacen las nuevas formas de delinquir, es por eso que es de vital importancia que en cada pa\u00eds exista una legislaci\u00f3n eficiente \u00bfser\u00e1 esta nueva Ley suficiente? CAP\u00cdUTLO I DE LOS DELITOS INFORM\u00c1TICOS Aspectos generales y conceptualizaci\u00f3n de los delitos inform\u00e1ticos1.1 Nuevas tipolog\u00edas delictuales sobre delitos inform\u00e1ticos, relacionadas con inteligencia artificial (IA) 1.2 El concepto de delitos inform\u00e1ticos en sentido amplio y estricto 1.3 Historia de los delitos inform\u00e1ticos en Chile Ley N\u00b0 21.459, que establece normas sobre delitos inform\u00e1ticos2.1 Nuevas conductas descritas del tipo penal que se agregan delitos inform\u00e1ticos 2.2 Particularidades de su contenido y estructura CAP\u00cdTULO II NORMATIVA INTERNACIONAL APLICABLE EN NUESTRO PA\u00cdS \u00bfQu\u00e9 es el Convenio de Budapest?1.1 Historia y estructura del convenio sobre el cibercrimen 1.2 Ventajas de los Estados miembros Protocolos adicionales al Convenio de Budapest sobre Ciberdelincuencia 2.1 Primer y segundo protocolo adicional al Convenio 2.2 El modelo europeo del Convenio como modelo a seguir en materia penal sobre delitos inform\u00e1ticos CAP\u00cdTULO III CASOS DE CIBERDELITOS CON ESPECIAL MENCI\u00d3N AL FRAUDE INFORM\u00c1TICO Y EL DERECHO COMPARADO Casos de fraude inform\u00e1tico en Chile y en el Extranjero. 1.1 Fraude inform\u00e1tico al Banco Consorcio 1.2 Ataque mundial \u201ccaso WannaCry\u201d Derecho comparado en materia de delitos inform\u00e1ticos 2.1 Argentina 2.2 Espa\u00f1a 2.3 Uruguay CAP\u00cdTULO IV AN\u00c1LISIS JUR\u00cdDICO PENAL DE FRAUDE INFORM\u00c1TICO Concepto y presupuestos Conductas descritas del tipo del sujeto activo y pasivo2.1. Elementos criminol\u00f3gicos 2.2 El bien jur\u00eddico protegido Responsabilidad penal en el fraude inform\u00e1tico 3.1 Discusi\u00f3n parlamentaria 3.2 Atenuantes y agravantes especiales Anexo Decreto N\u00b083. Promulga el convenio sobre la ciberdelincuencia Ley N\u00b0 21.459. Establece normas sobre delitos inform\u00e1ticos, deroga la ley N\u00b0 19.223 y modifica otros cuerpos legales con el objeto de adecuarlos al convenio de Budapest Decreto N\u00b0 273. Establece obligaci\u00f3n de reportar incidentes de ciberseguridad<\/p>\n","protected":false},"featured_media":2749,"comment_status":"open","ping_status":"closed","template":"","meta":{"inline_featured_image":false,"_joinchat":[]},"product_brand":[],"product_cat":[30],"product_tag":[],"class_list":{"0":"post-2719","1":"product","2":"type-product","3":"status-publish","4":"has-post-thumbnail","6":"product_cat-penal","7":"product_shipping_class-a-convenir","9":"first","10":"instock","11":"shipping-taxable","12":"purchasable","13":"product-type-simple"},"_links":{"self":[{"href":"https:\/\/bibliotecajuridicavirtual.cl\/index.php\/wp-json\/wp\/v2\/product\/2719","targetHints":{"allow":["GET"]}}],"collection":[{"href":"https:\/\/bibliotecajuridicavirtual.cl\/index.php\/wp-json\/wp\/v2\/product"}],"about":[{"href":"https:\/\/bibliotecajuridicavirtual.cl\/index.php\/wp-json\/wp\/v2\/types\/product"}],"replies":[{"embeddable":true,"href":"https:\/\/bibliotecajuridicavirtual.cl\/index.php\/wp-json\/wp\/v2\/comments?post=2719"}],"wp:featuredmedia":[{"embeddable":true,"href":"https:\/\/bibliotecajuridicavirtual.cl\/index.php\/wp-json\/wp\/v2\/media\/2749"}],"wp:attachment":[{"href":"https:\/\/bibliotecajuridicavirtual.cl\/index.php\/wp-json\/wp\/v2\/media?parent=2719"}],"wp:term":[{"taxonomy":"product_brand","embeddable":true,"href":"https:\/\/bibliotecajuridicavirtual.cl\/index.php\/wp-json\/wp\/v2\/product_brand?post=2719"},{"taxonomy":"product_cat","embeddable":true,"href":"https:\/\/bibliotecajuridicavirtual.cl\/index.php\/wp-json\/wp\/v2\/product_cat?post=2719"},{"taxonomy":"product_tag","embeddable":true,"href":"https:\/\/bibliotecajuridicavirtual.cl\/index.php\/wp-json\/wp\/v2\/product_tag?post=2719"}],"curies":[{"name":"wp","href":"https:\/\/api.w.org\/{rel}","templated":true}]}}