{"id":2721,"date":"2026-02-28T01:05:04","date_gmt":"2026-02-28T04:05:04","guid":{"rendered":"https:\/\/bibliotecajuridicavirtual.cl\/?post_type=product&#038;p=2721"},"modified":"2026-02-28T01:05:23","modified_gmt":"2026-02-28T04:05:23","slug":"derecho-acuicola-chileno-regimen-de-concesiones-de-acuicultura-maritima-y-otros-otorgamientos-ano-marzo-2023-184-pag-autor-gerardo-ramirez-gonzalez","status":"publish","type":"product","link":"https:\/\/bibliotecajuridicavirtual.cl\/index.php\/product\/derecho-acuicola-chileno-regimen-de-concesiones-de-acuicultura-maritima-y-otros-otorgamientos-ano-marzo-2023-184-pag-autor-gerardo-ramirez-gonzalez\/","title":{"rendered":"Derecho Acu\u00edcola Chileno &#8211; Regimen de concesiones de acuicultura, mar\u00edtima y otros otorgamientos. A\u00f1o Marzo 2023\/ 184  P\u00e1g. Autor  Gerardo Ram\u00edrez Gonz\u00e1lez"},"content":{"rendered":"<p style=\"font-weight: 400;\">Esta es la primera obra editorial relativa a la regulaci\u00f3n acu\u00edcola en casi 25 a\u00f1os en nuestro pa\u00eds y corresponde al inicio de una saga de, al menos, tres vol\u00famenes respecto al Derecho Acu\u00edcola Chileno. Esta primera entrega se aboca al estudio del elemento central para la actividad acu\u00edcola: las concesiones, espec\u00edficamente las concesiones de acuicultura, concesiones mar\u00edtimas y las autorizaciones especiales.<\/p>\n<p style=\"font-weight: 400;\">Respecto a cada una de estas licencias u otorgamientos estatales, se revisa detenidamente la naturaleza de la concesi\u00f3n o permiso, sus requisitos de procedencia, la figura del concesionario y sus deberes y derechos, las transferencias o modificaciones, su vencimiento y renovaci\u00f3n, y el r\u00e9gimen sancionatorio aplicable incluyendo la caducidad de la concesi\u00f3n; todo lo anterior, sustentado en el extenso trabajo de recopilaci\u00f3n y an\u00e1lisis normativo y jurisprudencial (tanto administrativo como judicial) realizado en la obra.<\/p>\n<p style=\"font-weight: 400;\">El presente libro constituye el primer y, por ahora, \u00fanico esfuerzo de sistematizaci\u00f3n de la regulaci\u00f3n aplicable a la acuicultura, la que se encuentra disgregada en diversos cuerpos normativos desde la Ley General de Pesca y Acuicultura a un sinn\u00famero de reglamentos, resoluciones, etc.; de modo que representa una consulta esencial para quienes cuyo ejercicio profesional se encuentre ligado a la acuicultura, sea desde la perspectiva t\u00e9cnica o jur\u00eddica, tanto desde el \u00e1mbito p\u00fablico como privado.<\/p>\n<p style=\"font-weight: 400;\">\n<p style=\"font-weight: 400;\"><b><strong>CAP\u00cdTULO I<br \/>\nCONCESIONES DE ACUICULTURA<\/strong><\/b><\/p>\n<ol>\n<li style=\"font-weight: 400;\"><b><strong> GENERALIDADES<\/strong><\/b><\/li>\n<li style=\"font-weight: 400;\"><b><strong> MAPA NORMATIVO<\/strong><\/b>\n<p>2.1. Ley General de Pesca y Acuicultura<br \/>\n2.1.1. T\u00edtulo VI. De las concesiones de acuicultura<br \/>\n2.1.2. T\u00edtulo IX, X y XI. Infracciones, Sanciones, Procedimiento; delitos y penalidades, y caducidades<br \/>\n2.1.2.1. Tipos infraccionales generales en la LGPA y propios de la acuicultura<br \/>\n2.1.2.2. Tipos infraccionales espec\u00edficos de competencia de SUBPESCA<br \/>\n2.1.2.3. Fiscalizaci\u00f3n<br \/>\n2.1.2.4. Proceso jurisdiccional de sanci\u00f3n<br \/>\n2.1.2.5. Delitos especiales y penalidades<br \/>\n2.1.2.6. Caducidades<br \/>\n2.1.3. Reglamento de Concesiones y Autorizaciones de Acuicultura (DS N\u00b0 290\/93, del Ministerio de Econom\u00eda, Fomento y Reconstrucci\u00f3n)<br \/>\n2.1.4. Reglamento del Registro Nacional de Acuicultura (DS N\u00b0499\/1994, del Ministerio de Econom\u00eda, Fomento y Reconstrucci\u00f3n)<br \/>\n2.1.5. Reglamento del Registro P\u00fablico de Concesiones de Acuicultura (Decreto N\u00b0 113\/2014, del Ministerio de Econom\u00eda, Fomento y Turismo)<\/li>\n<li style=\"font-weight: 400;\"><b><strong> SOLICITUD, OTORGAMIENTO Y MODIFICACIONES DE LAS CONCESIONES DE ACUICULTURA<\/strong><\/b><\/li>\n<\/ol>\n<p style=\"font-weight: 400;\">3.1. Breve mirada hist\u00f3rica al otorgamiento de concesiones de acuicultura<br \/>\n3.2. Etapas del procedimiento de otorgamiento o modificaci\u00f3n<br \/>\n3.2.1. Presentaci\u00f3n de la solicitud e inicio del procedimiento<br \/>\n3.2.2. An\u00e1lisis de la SUBPESCA del proyecto t\u00e9cnico<br \/>\n3.2.3. Tr\u00e1mites ambientales. Caracterizaci\u00f3n preliminar del sitio y RCA<br \/>\n3.2.3.1. Solicitud de planos<br \/>\n3.2.3.2. Resoluci\u00f3n que aprueba o rechaza el proyecto t\u00e9cnico<br \/>\n3.2.4. Otorgamiento por la SFFAA, publicaciones y entrega material<br \/>\n3.2.5. Modificaciones al otorgamiento<\/p>\n<ol start=\"4\">\n<li style=\"font-weight: 400;\"><b><strong> \u00bfQUI\u00c9NES PUEDEN SER CONCESIONARIOS?<\/strong><\/b><\/li>\n<li style=\"font-weight: 400;\"><b><strong> DERECHOS DEL CONCESIONARIO<\/strong><\/b><\/li>\n<\/ol>\n<p style=\"font-weight: 400;\">5.1. El caso de las concesiones de apoyo<\/p>\n<ol start=\"6\">\n<li style=\"font-weight: 400;\"><b><strong> OBLIGACIONES LEGALES DEL CONCESIONARIO<\/strong><\/b><\/li>\n<\/ol>\n<p style=\"font-weight: 400;\">6.1. Patente \u00fanica de acuicultura<br \/>\n6.2. Iniciar operaciones en el plazo de un a\u00f1o desde la fecha de entrega material, cumpliendo los niveles m\u00ednimos establecidos por el reglamento<br \/>\n6.3. No paralizar por m\u00e1s de dos a\u00f1os consecutivos<br \/>\n6.4. Mantener la limpieza y equilibrio ecol\u00f3gico de la zona concesionada<br \/>\n6.5. Retirar las mejoras y construcciones introducidas por el concesionario<\/p>\n<ol start=\"7\">\n<li style=\"font-weight: 400;\"><b><strong> TRANSFERENCIAS Y CESI\u00d3N DE DERECHOS SOBRE CONCESIONES DE ACUICULTURA<\/strong><\/b><\/li>\n<\/ol>\n<p style=\"font-weight: 400;\">7.1. Hipoteca de la concesi\u00f3n<\/p>\n<ol start=\"8\">\n<li style=\"font-weight: 400;\"><b><strong> RENOVACIONES<\/strong><\/b><\/li>\n<\/ol>\n<p style=\"font-weight: 400;\">8.1. La no renovaci\u00f3n por infracciones de \u00edndole laboral<br \/>\n8.2. Suspensi\u00f3n del procedimiento de renovaci\u00f3n por tramitaci\u00f3n de un ECMPO<\/p>\n<ol start=\"9\">\n<li style=\"font-weight: 400;\"><b><strong> TRANSMISI\u00d3N POR CAUSA DE MUERTE DE LAS CONCESIONES<\/strong><\/b><\/li>\n<li style=\"font-weight: 400;\"><b><strong> CAUSALES DE T\u00c9RMINO<\/strong><\/b><\/li>\n<\/ol>\n<p style=\"font-weight: 400;\">10.1. Causales de t\u00e9rmino distintas a la caducidad y la potestad de dejar sin efecto una concesi\u00f3n<br \/>\n10.2. Terminaci\u00f3n por caducidad como sanci\u00f3n (art\u00edculo 142 de la LGPA) 10.2.1. Causales de caducidad como sanci\u00f3n directa<br \/>\n10.2.1.1. Explotaci\u00f3n de la concesi\u00f3n con un objeto diferente al otorgado (letra a)<br \/>\n10.2.1.2. No pago de la patente \u00fanica de acuicultura (letra b)<br \/>\n10.2.1.3. Paralizaci\u00f3n por m\u00e1s de dos a\u00f1os o no inicio de operaciones en el a\u00f1o inicial (letra e)<br \/>\n10.2.1.3.1. Caso fortuito o fuerza mayor que impide el inicio de operaciones o su reactivaci\u00f3n<br \/>\n10.2.1.3.2. Ampliaci\u00f3n del plazo de paralizaci\u00f3n conforme al art\u00edculo 69 bis y operaci\u00f3n ficta entre cosecha y pr\u00f3xima siembra<br \/>\n10.2.1.3.2.1. Tiempo de operaci\u00f3n que precede a la operaci\u00f3n y c\u00e1lculo del beneficio<br \/>\n10.2.1.3.2.2. Oportunidad de solicitud y c\u00f3mputo del plazo de pr\u00f3rroga de paralizaci\u00f3n<br \/>\n10.2.1.3.2.3. Efectos de la presentaci\u00f3n de la solicitud de ampliaci\u00f3n<br \/>\n10.2.1.4. Infracci\u00f3n a la suspensi\u00f3n de operaciones decretada por el art\u00edculo 118 ter (letra i)<br \/>\n10.3. Causales de caducidad como sanci\u00f3n accesoria<br \/>\n10.3.1. Incurrir, dentro del plazo de dos a\u00f1os contados desde la fecha de comisi\u00f3n de la primera infracci\u00f3n, en tres infracciones sancionadas de conformidad con el inciso primero del art\u00edculo 118 de la LGPA (letra c)<br \/>\n10.3.2. Haber sido condenado el titular mediante sentencia firme por alguno de los delitos de que tratan los art\u00edculos 136 y 137 de la LGPA (letra d)<br \/>\n10.3.3. Haber sido sancionado tres veces, dentro del plazo de cuatro a\u00f1os contados desde la fecha de la comisi\u00f3n de la primera infracci\u00f3n, por el subrreporte o la entrega de informaci\u00f3n incompleta o falsa, de conformidad con el inciso final del art\u00edculo 113 de la LGPA (letra h)<br \/>\n10.3.4. Incurrir en una tercera infracci\u00f3n de conformidad con lo dispuesto en el art\u00edculo 118 ter de la LGPA (letra j)<br \/>\n10.3.5. Haber sido sancionado el titular tres veces en dos a\u00f1os en virtud de lo dispuesto en el art\u00edculo 118 ter, letra b, p\u00e1rrafo s\u00e9ptimo o del art\u00edculo 137 bis de la LGPA (letra l)<br \/>\n10.4. Declaraci\u00f3n de caducidad<br \/>\n10.5. Impugnaci\u00f3n de la resoluci\u00f3n que declara la caducidad<\/p>\n<ol start=\"11\">\n<li style=\"font-weight: 400;\"><b><strong> R\u00c9GIMEN DE SANCIONES DISTINTAS DE LA CADUCIDAD<\/strong><\/b><\/li>\n<\/ol>\n<p style=\"font-weight: 400;\">11.1. Tipos infraccionales y sanciones aplicables<br \/>\n11.1.1. Incurrir en pr\u00e1cticas desleales o antisindicales (art. 84)<br \/>\n11.1.2. Subrreporte o entrega de informaci\u00f3n productiva o de condici\u00f3n sanitaria no fidedigna (inciso final del art\u00edculo 113)<br \/>\n11.1.3. Infracci\u00f3n a normas de acuicultura que no tengan prevista una sanci\u00f3n especial (art\u00edculo 116)<br \/>\n11.1.4. Infracciones a las medidas de protecci\u00f3n establecidas en el RESA o RAMA, o en los programas sanitarios (art\u00edculo 118)<br \/>\n11.1.4.1. Breve reflexi\u00f3n sobre la constitucionalidad de la remisi\u00f3n sancionatoria al RESA o RAMA<br \/>\n11.1.5. Falta de adopci\u00f3n de las medidas de protecci\u00f3n establecidas en el art\u00edculo 87 bis de la LGPA (art\u00edculo 118 bis)<br \/>\n11.1.6. Calificaci\u00f3n en bioseguridad baja por dos ciclos consecutivos al t\u00e9rmino de los descansos sanitarios (art\u00edculo 118 quinquies)<br \/>\n11.1.7. Obstaculizar la labor de los funcionarios del SERNAPESCA (art\u00edculo 121 bis)<br \/>\n11.2. Prescripci\u00f3n de las infracciones<br \/>\n11.3. Procedimiento de fiscalizaci\u00f3n administrativa y sanci\u00f3n judicial<br \/>\n11.3.1. Fiscalizaci\u00f3n<br \/>\n11.4. Proceso de sanci\u00f3n ante los Tribunales de Justicia<br \/>\n11.4.1. Primera instancia ante el Juez de Letras con competencia en lo civil<br \/>\n11.4.2. Apelaci\u00f3n ante la Iltma. Corte de Apelaciones competente<br \/>\n11.4.3. La Excma. Corte Suprema en su rol de casaci\u00f3n<br \/>\n11.4.4. La presunci\u00f3n de haberse cometido la infracci\u00f3n por la denuncia formulada por SERNAPESCA establecida en el art\u00edculo 125 N\u00b0 1 de la LGPA<br \/>\n11.5. Sanciones administrativas impuestas por la SUBPESCA conforme al art\u00edculo 118 ter<br \/>\n11.6. Cat\u00e1logo de infracciones administrativas establecidas en el art\u00edculo 118 ter de la LGPA<br \/>\n11.6.1. Siembra de ejemplares sin contar con la informaci\u00f3n ambiental evaluada por el SERNAPESCA, o la no suspensi\u00f3n del proceso ingreso de ejemplares desde la comunicaci\u00f3n de la negativa del organismo (letra a)<br \/>\n11.6.2. No dar cumplimiento a las condiciones de densidad o descanso en los centros de cultivo, dispuestas por la ley o sus reglamentos (letra b); o no dar cumplimiento a las medidas coordinadas de densidad, descanso o vacunaciones (letra c)<br \/>\n11.6.3. No eliminar los ejemplares en cultivo o eliminarlos fuera de plazo, cuando lo disponga el SERNAPESCA (letra d)<br \/>\n11.6.4. No dar cumplimiento a los tratamientos terap\u00e9uticos ordenados obligatoriamente por el SERNAPESCA en una emergencia sanitaria (letra e) y no dar cumplimiento a los tratamientos terap\u00e9uticos establecidos por el SERNAPESCA en un programa espec\u00edfico de control (letra f)<br \/>\n11.6.5. No entregar informaci\u00f3n sobre la condici\u00f3n sanitaria del centro de cultivo o hacerlo fuera de plazo, referida a las enfermedades de alto riesgo, exigida en virtud del RESA o los programas sanitarios (letra g)<br \/>\n11.6.6. No pago de las multas impuestas por la SUBPESCA (inciso quinto)<br \/>\n11.6.7. Escape, desprendimiento o p\u00e9rdida de recursos ex\u00f3ticos, o p\u00e9rdida, desprendimiento o escape masivo de recursos nativos, cuando se constate incumplimiento en la adopci\u00f3n de medidas de seguridad o mantenci\u00f3n de los m\u00f3dulos de cultivo y fondeo (inciso d\u00e9cimo)<br \/>\n11.6.7.1. El redise\u00f1o del modelo sancionatorio respecto de escapes incorporado por la nueva ley<br \/>\n11.6.7.2. Eliminaci\u00f3n de la presunci\u00f3n de da\u00f1o ambiental<br \/>\n11.6.8. Uso de f\u00e1rmacos o sustancias qu\u00edmicas prohibidas (inciso und\u00e9cimo)<br \/>\n11.7. Procedimiento administrativo sancionador<br \/>\n11.7.1. Impugnaci\u00f3n judicial<br \/>\n11.7.2. SUBPESCA vs. SMA: \u00bfQui\u00e9n tiene la competencia sancionatoria administrativa?<\/p>\n<ol start=\"12\">\n<li style=\"font-weight: 400;\"><b><strong> DELITOS ESTABLECIDOS EN LA LGPA EN RELACI\u00d3N A LA ACTIVIDAD ACU\u00cdCOLA<\/strong><\/b><\/li>\n<\/ol>\n<p style=\"font-weight: 400;\">12.1. Delito de contaminaci\u00f3n de las aguas (art. 136)<br \/>\n12.2. Delito de introducci\u00f3n, investigaci\u00f3n, cultivo o comercializaci\u00f3n con organismos gen\u00e9ticamente modificados (art. 136 bis)<br \/>\n12.3. Delito de liberaci\u00f3n de especies hidrobiol\u00f3gicas ex\u00f3ticas (art. 137 bis)<br \/>\n12.4. Delito de sustracci\u00f3n de especies desde un centro de cultivo (art. 137 bis inciso segundo)<br \/>\n12.5. Delito de tenencia de especies salm\u00f3nidas en vulneraci\u00f3n a la normativa (art. 137 bis inciso tercero)<br \/>\n12.6. Delito de procesamiento, elaboraci\u00f3n o almacenamiento de recursos hidrobiol\u00f3gicos o derivados, sin acreditar su origen legal (art. 139 ter)<\/p>\n<ol start=\"13\">\n<li style=\"font-weight: 400;\"><b><strong> R\u00c9GIMEN SUPLETORIO A LA REGULACI\u00d3N DE LAS CONCESIONES ACU\u00cdCOLAS<\/strong><\/b><\/li>\n<li style=\"font-weight: 400;\"><b><strong> AUTORIZACIONES DE ACUICULTURA<\/strong><\/b><\/li>\n<\/ol>\n<p style=\"font-weight: 400;\"><b><strong>CAP\u00cdTULO II<br \/>\nCONCESIONES M AR\u00cdTIMAS<\/strong><\/b><\/p>\n<ol>\n<li style=\"font-weight: 400;\"><b><strong> GENERALIDADES<\/strong><\/b><\/li>\n<li style=\"font-weight: 400;\"><b><strong> MAPA NORMATIVO<\/strong><\/b><\/li>\n<\/ol>\n<p style=\"font-weight: 400;\">2.1. Decreto con Fuerza de Ley N\u00b0 340, de 1960, sobre Concesiones Mar\u00edtimas<br \/>\n2.2. Reglamento de Concesiones Mar\u00edtimas (DS N\u00b0 9\/2018, del Ministerio de Defensa)<br \/>\n2.2.1. Un comentario sobre la invasi\u00f3n de la potestad reglamentaria al campo legislativo a prop\u00f3sito del Reglamento de Concesiones Mar\u00edtimas<\/p>\n<ol start=\"3\">\n<li style=\"font-weight: 400;\"><b><strong> TIPOS DE CONCESIONES MAR\u00cdTIMAS Y OTORGAMIENTOS<\/strong><\/b><\/li>\n<\/ol>\n<p style=\"font-weight: 400;\">3.1. El otorgamiento de una concesi\u00f3n es una facultad discrecional de la autoridad, decisi\u00f3n que debe ser siempre fundamentada<br \/>\n3.2. La tramitaci\u00f3n electr\u00f3nica<\/p>\n<ol start=\"4\">\n<li style=\"font-weight: 400;\"><b><strong> PROCEDIMIENTO PARA LA SOLICITUD Y OTORGAMIENTO DE UNA CONCESI\u00d3N O SU MODIFICACI\u00d3N, RENOVACI\u00d3N, TRANSFERENCIA, ARRIENDO O CESI\u00d3N<\/strong><\/b><\/li>\n<\/ol>\n<p style=\"font-weight: 400;\">4.1. La solicitud<br \/>\n4.1.1. Concesi\u00f3n mar\u00edtima mayor<br \/>\n4.1.2. Concesi\u00f3n mar\u00edtima menor y destinaciones mar\u00edtimas<br \/>\n4.1.3. Solicitud de modificaci\u00f3n no sustancial<br \/>\n4.2. Examen de admisibilidad, correcci\u00f3n y complementaci\u00f3n de antecedentes<br \/>\n4.3. Conglomerado Informe T\u00e9cnico<br \/>\n4.4. Sobreposici\u00f3n de solicitudes, respeto a derechos de terceros y ECMPO<br \/>\n4.4.1. Suspensi\u00f3n por tramitaci\u00f3n de un ECMPO en el sector concesionado<br \/>\n4.5. Solicitud de informes a otras autoridades<br \/>\n4.6. Publicidad de la solicitud<br \/>\n4.7. Oposici\u00f3n<br \/>\n4.8. Notificaciones en general y del decreto de otorgamiento, renovaci\u00f3n o modificaci\u00f3n<br \/>\n4.9. Publicaci\u00f3n del otorgamiento<br \/>\n4.10. Pago de rentas y\/o tarifas<br \/>\n4.11. Entrega material y demarcaci\u00f3n<br \/>\n4.12. Derogaci\u00f3n de la concesi\u00f3n en caso de incumplimiento de alguno de los tr\u00e1mites<\/p>\n<ol start=\"5\">\n<li style=\"font-weight: 400;\"><b><strong> PERMISOS Y AUTORIZACIONES<\/strong><\/b><\/li>\n<\/ol>\n<p style=\"font-weight: 400;\">5.1. Permisos de ocupaci\u00f3n anticipada<\/p>\n<ol start=\"6\">\n<li style=\"font-weight: 400;\"><b><strong> LA FIGURA DEL CONCESIONARIO<\/strong><\/b><\/li>\n<\/ol>\n<p style=\"font-weight: 400;\">6.1. \u00bfQui\u00e9n puede ser concesionario?<br \/>\n6.2. Obligaciones del concesionario<br \/>\n6.2.1. Pago de las rentas concesionales, impuestos y\/o tarifas<br \/>\n6.2.2. Rentas concesionales<br \/>\n6.2.2.1. Impuesto territorial<br \/>\n6.2.2.2. Tarifas<br \/>\n6.2.3. Iniciar las obras comprendidas en la concesi\u00f3n o la actividad objeto de esta<br \/>\n6.2.4. Constituir garant\u00edas en favor del Fisco<br \/>\n6.2.5. Retirar las mejoras y construcciones introducidas por el concesionario<br \/>\n6.2.6. Cumplir con normas del Reglamento General de Orden, Seguridad y Disciplina en las Naves y Litoral de la Rep\u00fablica, y garantizar el libre acceso a la playa<\/p>\n<ol start=\"7\">\n<li style=\"font-weight: 400;\"><b><strong> TRANSFERENCIA, ARRENDAMIENTO O CESI\u00d3N DE USO A CUALQUIER T\u00cdTULO<\/strong><\/b><\/li>\n<\/ol>\n<p style=\"font-weight: 400;\">7.1. Transferencia<br \/>\n7.1.1. El caso especial de una divisi\u00f3n o fusi\u00f3n societaria<br \/>\n7.2. Arrendamiento o cesi\u00f3n de uso<br \/>\n7.3. Constituci\u00f3n de la concesi\u00f3n en garant\u00eda<\/p>\n<ol start=\"8\">\n<li style=\"font-weight: 400;\"><b><strong> RENOVACI\u00d3N<\/strong><\/b><\/li>\n<\/ol>\n<p style=\"font-weight: 400;\">8.1. Suspensi\u00f3n de una renovaci\u00f3n por tramitaci\u00f3n de una ECMPO<\/p>\n","protected":false},"excerpt":{"rendered":"<p>Esta es la primera obra editorial relativa a la regulaci\u00f3n acu\u00edcola en casi 25 a\u00f1os en nuestro pa\u00eds y corresponde al inicio de una saga de, al menos, tres vol\u00famenes respecto al Derecho Acu\u00edcola Chileno. Esta primera entrega se aboca al estudio del elemento central para la actividad acu\u00edcola: las concesiones, espec\u00edficamente las concesiones de acuicultura, concesiones mar\u00edtimas y las autorizaciones especiales. Respecto a cada una de estas licencias u otorgamientos estatales, se revisa detenidamente la naturaleza de la concesi\u00f3n o permiso, sus requisitos de procedencia, la figura del concesionario y sus deberes y derechos, las transferencias o modificaciones, su vencimiento y renovaci\u00f3n, y el r\u00e9gimen sancionatorio aplicable incluyendo la caducidad de la concesi\u00f3n; todo lo anterior, sustentado en el extenso trabajo de recopilaci\u00f3n y an\u00e1lisis normativo y jurisprudencial (tanto administrativo como judicial) realizado en la obra. El presente libro constituye el primer y, por ahora, \u00fanico esfuerzo de sistematizaci\u00f3n de la regulaci\u00f3n aplicable a la acuicultura, la que se encuentra disgregada en diversos cuerpos normativos desde la Ley General de Pesca y Acuicultura a un sinn\u00famero de reglamentos, resoluciones, etc.; de modo que representa una consulta esencial para quienes cuyo ejercicio profesional se encuentre ligado a la acuicultura, sea desde la perspectiva t\u00e9cnica o jur\u00eddica, tanto desde el \u00e1mbito p\u00fablico como privado. CAP\u00cdTULO I CONCESIONES DE ACUICULTURA GENERALIDADES MAPA NORMATIVO 2.1. Ley General de Pesca y Acuicultura 2.1.1. T\u00edtulo VI. De las concesiones de acuicultura 2.1.2. T\u00edtulo IX, X y XI. Infracciones, Sanciones, Procedimiento; delitos y penalidades, y caducidades 2.1.2.1. Tipos infraccionales generales en la LGPA y propios de la acuicultura 2.1.2.2. Tipos infraccionales espec\u00edficos de competencia de SUBPESCA 2.1.2.3. Fiscalizaci\u00f3n 2.1.2.4. Proceso jurisdiccional de sanci\u00f3n 2.1.2.5. Delitos especiales y penalidades 2.1.2.6. Caducidades 2.1.3. Reglamento de Concesiones y Autorizaciones de Acuicultura (DS N\u00b0 290\/93, del Ministerio de Econom\u00eda, Fomento y Reconstrucci\u00f3n) 2.1.4. Reglamento del Registro Nacional de Acuicultura (DS N\u00b0499\/1994, del Ministerio de Econom\u00eda, Fomento y Reconstrucci\u00f3n) 2.1.5. Reglamento del Registro P\u00fablico de Concesiones de Acuicultura (Decreto N\u00b0 113\/2014, del Ministerio de Econom\u00eda, Fomento y Turismo) SOLICITUD, OTORGAMIENTO Y MODIFICACIONES DE LAS CONCESIONES DE ACUICULTURA 3.1. Breve mirada hist\u00f3rica al otorgamiento de concesiones de acuicultura 3.2. Etapas del procedimiento de otorgamiento o modificaci\u00f3n 3.2.1. Presentaci\u00f3n de la solicitud e inicio del procedimiento 3.2.2. An\u00e1lisis de la SUBPESCA del proyecto t\u00e9cnico 3.2.3. Tr\u00e1mites ambientales. Caracterizaci\u00f3n preliminar del sitio y RCA 3.2.3.1. Solicitud de planos 3.2.3.2. Resoluci\u00f3n que aprueba o rechaza el proyecto t\u00e9cnico 3.2.4. Otorgamiento por la SFFAA, publicaciones y entrega material 3.2.5. Modificaciones al otorgamiento \u00bfQUI\u00c9NES PUEDEN SER CONCESIONARIOS? DERECHOS DEL CONCESIONARIO 5.1. El caso de las concesiones de apoyo OBLIGACIONES LEGALES DEL CONCESIONARIO 6.1. Patente \u00fanica de acuicultura 6.2. Iniciar operaciones en el plazo de un a\u00f1o desde la fecha de entrega material, cumpliendo los niveles m\u00ednimos establecidos por el reglamento 6.3. No paralizar por m\u00e1s de dos a\u00f1os consecutivos 6.4. Mantener la limpieza y equilibrio ecol\u00f3gico de la zona concesionada 6.5. Retirar las mejoras y construcciones introducidas por el concesionario TRANSFERENCIAS Y CESI\u00d3N DE DERECHOS SOBRE CONCESIONES DE ACUICULTURA 7.1. Hipoteca de la concesi\u00f3n RENOVACIONES 8.1. La no renovaci\u00f3n por infracciones de \u00edndole laboral 8.2. Suspensi\u00f3n del procedimiento de renovaci\u00f3n por tramitaci\u00f3n de un ECMPO TRANSMISI\u00d3N POR CAUSA DE MUERTE DE LAS CONCESIONES CAUSALES DE T\u00c9RMINO 10.1. Causales de t\u00e9rmino distintas a la caducidad y la potestad de dejar sin efecto una concesi\u00f3n 10.2. Terminaci\u00f3n por caducidad como sanci\u00f3n (art\u00edculo 142 de la LGPA) 10.2.1. Causales de caducidad como sanci\u00f3n directa 10.2.1.1. Explotaci\u00f3n de la concesi\u00f3n con un objeto diferente al otorgado (letra a) 10.2.1.2. No pago de la patente \u00fanica de acuicultura (letra b) 10.2.1.3. Paralizaci\u00f3n por m\u00e1s de dos a\u00f1os o no inicio de operaciones en el a\u00f1o inicial (letra e) 10.2.1.3.1. Caso fortuito o fuerza mayor que impide el inicio de operaciones o su reactivaci\u00f3n 10.2.1.3.2. Ampliaci\u00f3n del plazo de paralizaci\u00f3n conforme al art\u00edculo 69 bis y operaci\u00f3n ficta entre cosecha y pr\u00f3xima siembra 10.2.1.3.2.1. Tiempo de operaci\u00f3n que precede a la operaci\u00f3n y c\u00e1lculo del beneficio 10.2.1.3.2.2. Oportunidad de solicitud y c\u00f3mputo del plazo de pr\u00f3rroga de paralizaci\u00f3n 10.2.1.3.2.3. Efectos de la presentaci\u00f3n de la solicitud de ampliaci\u00f3n 10.2.1.4. Infracci\u00f3n a la suspensi\u00f3n de operaciones decretada por el art\u00edculo 118 ter (letra i) 10.3. Causales de caducidad como sanci\u00f3n accesoria 10.3.1. Incurrir, dentro del plazo de dos a\u00f1os contados desde la fecha de comisi\u00f3n de la primera infracci\u00f3n, en tres infracciones sancionadas de conformidad con el inciso primero del art\u00edculo 118 de la LGPA (letra c) 10.3.2. Haber sido condenado el titular mediante sentencia firme por alguno de los delitos de que tratan los art\u00edculos 136 y 137 de la LGPA (letra d) 10.3.3. Haber sido sancionado tres veces, dentro del plazo de cuatro a\u00f1os contados desde la fecha de la comisi\u00f3n de la primera infracci\u00f3n, por el subrreporte o la entrega de informaci\u00f3n incompleta o falsa, de conformidad con el inciso final del art\u00edculo 113 de la LGPA (letra h) 10.3.4. Incurrir en una tercera infracci\u00f3n de conformidad con lo dispuesto en el art\u00edculo 118 ter de la LGPA (letra j) 10.3.5. Haber sido sancionado el titular tres veces en dos a\u00f1os en virtud de lo dispuesto en el art\u00edculo 118 ter, letra b, p\u00e1rrafo s\u00e9ptimo o del art\u00edculo 137 bis de la LGPA (letra l) 10.4. Declaraci\u00f3n de caducidad 10.5. Impugnaci\u00f3n de la resoluci\u00f3n que declara la caducidad R\u00c9GIMEN DE SANCIONES DISTINTAS DE LA CADUCIDAD 11.1. Tipos infraccionales y sanciones aplicables 11.1.1. Incurrir en pr\u00e1cticas desleales o antisindicales (art. 84) 11.1.2. Subrreporte o entrega de informaci\u00f3n productiva o de condici\u00f3n sanitaria no fidedigna (inciso final del art\u00edculo 113) 11.1.3. Infracci\u00f3n a normas de acuicultura que no tengan prevista una sanci\u00f3n especial (art\u00edculo 116) 11.1.4. Infracciones a las medidas de protecci\u00f3n establecidas en el RESA o RAMA, o en los programas sanitarios (art\u00edculo 118) 11.1.4.1. Breve reflexi\u00f3n sobre la constitucionalidad de la remisi\u00f3n sancionatoria al RESA o RAMA 11.1.5. Falta de adopci\u00f3n de las medidas de protecci\u00f3n establecidas en el art\u00edculo 87 bis de la LGPA (art\u00edculo 118 bis) 11.1.6. Calificaci\u00f3n<\/p>\n","protected":false},"featured_media":2751,"comment_status":"open","ping_status":"closed","template":"","meta":{"inline_featured_image":false,"_joinchat":[]},"product_brand":[],"product_cat":[31],"product_tag":[],"class_list":{"0":"post-2721","1":"product","2":"type-product","3":"status-publish","4":"has-post-thumbnail","6":"product_cat-derecho-ambiental","7":"product_shipping_class-a-convenir","9":"first","10":"instock","11":"shipping-taxable","12":"purchasable","13":"product-type-simple"},"_links":{"self":[{"href":"https:\/\/bibliotecajuridicavirtual.cl\/index.php\/wp-json\/wp\/v2\/product\/2721","targetHints":{"allow":["GET"]}}],"collection":[{"href":"https:\/\/bibliotecajuridicavirtual.cl\/index.php\/wp-json\/wp\/v2\/product"}],"about":[{"href":"https:\/\/bibliotecajuridicavirtual.cl\/index.php\/wp-json\/wp\/v2\/types\/product"}],"replies":[{"embeddable":true,"href":"https:\/\/bibliotecajuridicavirtual.cl\/index.php\/wp-json\/wp\/v2\/comments?post=2721"}],"wp:featuredmedia":[{"embeddable":true,"href":"https:\/\/bibliotecajuridicavirtual.cl\/index.php\/wp-json\/wp\/v2\/media\/2751"}],"wp:attachment":[{"href":"https:\/\/bibliotecajuridicavirtual.cl\/index.php\/wp-json\/wp\/v2\/media?parent=2721"}],"wp:term":[{"taxonomy":"product_brand","embeddable":true,"href":"https:\/\/bibliotecajuridicavirtual.cl\/index.php\/wp-json\/wp\/v2\/product_brand?post=2721"},{"taxonomy":"product_cat","embeddable":true,"href":"https:\/\/bibliotecajuridicavirtual.cl\/index.php\/wp-json\/wp\/v2\/product_cat?post=2721"},{"taxonomy":"product_tag","embeddable":true,"href":"https:\/\/bibliotecajuridicavirtual.cl\/index.php\/wp-json\/wp\/v2\/product_tag?post=2721"}],"curies":[{"name":"wp","href":"https:\/\/api.w.org\/{rel}","templated":true}]}}