{"id":2722,"date":"2026-02-28T01:05:04","date_gmt":"2026-02-28T04:05:04","guid":{"rendered":"https:\/\/bibliotecajuridicavirtual.cl\/?post_type=product&#038;p=2722"},"modified":"2026-02-28T01:05:24","modified_gmt":"2026-02-28T04:05:24","slug":"vision-jurisprudencial-juicio-ejecutivo-patentes-municipales-ano-marzo-2023-188-pag-autor-editorial-hammurabi","status":"publish","type":"product","link":"https:\/\/bibliotecajuridicavirtual.cl\/index.php\/product\/vision-jurisprudencial-juicio-ejecutivo-patentes-municipales-ano-marzo-2023-188-pag-autor-editorial-hammurabi\/","title":{"rendered":"Visi\u00f3n Jurisprudencial &#8211; Juicio Ejecutivo Patentes Municipales. A\u00f1o Marzo 2023\/ 188 P\u00e1g. Autor Editorial Hammurabi"},"content":{"rendered":"<p style=\"font-weight: 400;\">El libro \u201cVisi\u00f3n Jurisprudencial Juicio Ejecutivo \u2013 Patentes Municipales\u201d ofrece una visi\u00f3n actualizada y pr\u00e1ctica de los procesos de ejecuci\u00f3n de patentes municipales en Chile, abordando desde los aspectos m\u00e1s generales hasta aquellos m\u00e1s espec\u00edficos y t\u00e9cnicos que se presentan en este tipo de procesos judiciales. Adem\u00e1s, incluye un apartado dedicado a la jurisprudencia de la Corte Suprema de Chile, lo que permite al lector conocer los criterios m\u00e1s relevantes adoptados por el m\u00e1ximo tribunal chileno en relaci\u00f3n con estos temas.<\/p>\n<p style=\"font-weight: 400;\">En resumen, se trata de una obra recomendada para aquellos profesionales del derecho que se dedican a este campo espec\u00edfico del derecho en Chile y que buscan mantenerse actualizados en cuanto a las \u00faltimas tendencias y criterios jurisprudenciales en relaci\u00f3n con los procesos de ejecuci\u00f3n de patentes municipales.<\/p>\n<p style=\"font-weight: 400;\">\n<ol>\n<li style=\"font-weight: 400;\"><b><strong> FICHAS DE DEMANDAS EJECUTIVAS \u2013 PATENTES MUNICIPALES<\/strong><\/b><\/li>\n<\/ol>\n<p style=\"font-weight: 400;\">FICHA N\u00ba 1: DEMANDA EJECUTIVA<\/p>\n<p style=\"font-weight: 400;\">An\u00e1lisis de la pretensi\u00f3n y defensa<\/p>\n<ol>\n<li style=\"font-weight: 400;\">S\u00edntesis de los fallos<br \/>\n2. Monto solicitado y concedido<\/li>\n<\/ol>\n<p style=\"font-weight: 400;\">FICHA N\u00ba 2: DEMANDA EJECUTIVA POR NO PAGO DE PATENTE COMERCIAL Y DERECHOS MUNICIPALES<\/p>\n<p style=\"font-weight: 400;\">An\u00e1lisis de la pretensi\u00f3n y defensa<\/p>\n<ol>\n<li style=\"font-weight: 400;\">S\u00edntesis de los fallos<br \/>\n2. Monto solicitado y concedido<\/li>\n<\/ol>\n<p style=\"font-weight: 400;\">FICHA N\u00ba 3: JUICIO EJECUTIVO DE COBRO DE PATENTE MUNICIPAL<\/p>\n<p style=\"font-weight: 400;\">An\u00e1lisis de la pretensi\u00f3n y defensa<\/p>\n<ol>\n<li style=\"font-weight: 400;\">S\u00edntesis de los fallos<br \/>\n2. Monto solicitado y concedido<\/li>\n<\/ol>\n<p style=\"font-weight: 400;\">FICHA N\u00ba 4: JUICIO EJECUTIVO POR COBRO DE PATENTE MUNICIPAL<\/p>\n<p style=\"font-weight: 400;\">An\u00e1lisis de la pretensi\u00f3n y defensa<\/p>\n<ol>\n<li style=\"font-weight: 400;\">S\u00edntesis de los fallos<br \/>\n2. Monto solicitado y concedido<\/li>\n<\/ol>\n<p style=\"font-weight: 400;\">FICHA N\u00ba 5: PROCEDIMIENTO EJECUTIVO DE OBLIGACI\u00d3N DE DAR<\/p>\n<p style=\"font-weight: 400;\">An\u00e1lisis de la pretensi\u00f3n y defensa<\/p>\n<ol>\n<li style=\"font-weight: 400;\">S\u00edntesis de los fallos<br \/>\n2. Monto solicitado y concedido<\/li>\n<\/ol>\n<p style=\"font-weight: 400;\">FICHA N\u00ba 6: JUICIO EJECUTIVO DE MAYOR CUANT\u00cdA, POR OBLIGACI\u00d3N DE DAR<\/p>\n<p style=\"font-weight: 400;\">An\u00e1lisis de la pretensi\u00f3n y defensa<\/p>\n<ol>\n<li style=\"font-weight: 400;\">S\u00edntesis de los fallos<br \/>\n2. Monto solicitado y concedido<\/li>\n<\/ol>\n<p style=\"font-weight: 400;\">FICHA N\u00ba 7: DEMANDA EN PROCEDIMIENTO EJECUTIVO POR OBLIGACI\u00d3N DE DAR POR COBRO DE PATENTES COMERCIALES IMPAGAS<\/p>\n<p style=\"font-weight: 400;\">An\u00e1lisis de la pretensi\u00f3n y defensa<\/p>\n<ol>\n<li style=\"font-weight: 400;\">S\u00edntesis de los fallos<br \/>\n2. Monto solicitado y concedido<\/li>\n<\/ol>\n<p style=\"font-weight: 400;\">FICHA N\u00ba 8: DEMANDA EJECUTIVA<\/p>\n<p style=\"font-weight: 400;\">An\u00e1lisis de la pretensi\u00f3n y defensa<\/p>\n<ol>\n<li style=\"font-weight: 400;\">S\u00edntesis de los fallos<br \/>\n2. Monto solicitado y concedido<\/li>\n<\/ol>\n<p style=\"font-weight: 400;\">FICHA N\u00ba 9: DEMANDA DECLARATIVA DE PRESCRIPCI\u00d3N EXTINTIVA<\/p>\n<p style=\"font-weight: 400;\">An\u00e1lisis de la pretensi\u00f3n y defensa<\/p>\n<ol>\n<li style=\"font-weight: 400;\">S\u00edntesis de los fallos<br \/>\n2. Monto solicitado y concedido<\/li>\n<\/ol>\n<p style=\"font-weight: 400;\">FICHA N\u00ba 10: DEMANDA EJECUTIVA<\/p>\n<p style=\"font-weight: 400;\">An\u00e1lisis de la pretensi\u00f3n y defensa<\/p>\n<ol>\n<li style=\"font-weight: 400;\">S\u00edntesis de los fallos<br \/>\n2. Monto solicitado y concedido<\/li>\n<\/ol>\n<p style=\"font-weight: 400;\">FICHA N\u00ba 11: DEMANDA EN JUICIO ORDINARIO DE DECLARACI\u00d3N PRESCRIPCI\u00d3N EXTINTIVA<\/p>\n<p style=\"font-weight: 400;\">An\u00e1lisis de la pretensi\u00f3n y defensa<\/p>\n<ol>\n<li style=\"font-weight: 400;\">S\u00edntesis de los fallos<br \/>\n2. Monto solicitado y concedido<\/li>\n<\/ol>\n<p style=\"font-weight: 400;\">FICHA N\u00ba 12: DEMANDA EJECUTIVA<\/p>\n<p style=\"font-weight: 400;\">An\u00e1lisis de la pretensi\u00f3n y defensa<\/p>\n<ol>\n<li style=\"font-weight: 400;\">S\u00edntesis de los fallos<br \/>\n2. Monto solicitado y concedido<\/li>\n<\/ol>\n<p style=\"font-weight: 400;\">\n<ol start=\"2\">\n<li style=\"font-weight: 400;\"><b><strong> SENTENCIAS DE LA CORTE SUPREMA \u2013 PATENTES MUNICIPALES.<\/strong><\/b><\/li>\n<\/ol>\n<p style=\"font-weight: 400;\">Sentencia 1. Ilustre Municipalidad de Chill\u00e1n contra Inversiones M\u00e9ndez Ltda.<br \/>\nSentencia 2. Ilustre Municipalidad de Lo Barnechea con Inversiones Morales Meleda Limitada.<br \/>\nSentencia 3. Ilustre Municipalidad de San Felipe con Romano Cabrini SpA<br \/>\nSentencia 4. Ilustre Municipalidad de Lo Barnechea con Agr\u00edcola San Jos\u00e9 de las Rosas Limitada<br \/>\nSentencia 5. Ilustre Municipalidad de Lo Barnechea con Inversiones Cordillera Limitada.<br \/>\nSentencia 6. . Ilustre Municipalidad de Independencia con Inversiones Santa Sara Limitada.<br \/>\nSentencia 7. . Ilustre Municipalidad de Buin con Empresa Agr\u00edcola Abufrut Limitada.<br \/>\nSentencia 8. Ilustre Municipalidad de Lo Barnechea con Andacor S.A.<br \/>\nSentencia 9. Transportes Facoro Limitada con Municipalidad de Pudahuel<br \/>\nSentencia 10. Ilustre Municipalidad de Vi\u00f1a del Mar con C y T Inversiones Limitada.<br \/>\nSentencia 11. Servicios e Inversiones Mar Bravo Ltda. con Municipalidad de Huechuraba.<br \/>\nSentencia 12. I. Municipalidad de Vitacura con Yarur Sabal Diana<\/p>\n","protected":false},"excerpt":{"rendered":"<p>El libro \u201cVisi\u00f3n Jurisprudencial Juicio Ejecutivo \u2013 Patentes Municipales\u201d ofrece una visi\u00f3n actualizada y pr\u00e1ctica de los procesos de ejecuci\u00f3n de patentes municipales en Chile, abordando desde los aspectos m\u00e1s generales hasta aquellos m\u00e1s espec\u00edficos y t\u00e9cnicos que se presentan en este tipo de procesos judiciales. Adem\u00e1s, incluye un apartado dedicado a la jurisprudencia de la Corte Suprema de Chile, lo que permite al lector conocer los criterios m\u00e1s relevantes adoptados por el m\u00e1ximo tribunal chileno en relaci\u00f3n con estos temas. En resumen, se trata de una obra recomendada para aquellos profesionales del derecho que se dedican a este campo espec\u00edfico del derecho en Chile y que buscan mantenerse actualizados en cuanto a las \u00faltimas tendencias y criterios jurisprudenciales en relaci\u00f3n con los procesos de ejecuci\u00f3n de patentes municipales. FICHAS DE DEMANDAS EJECUTIVAS \u2013 PATENTES MUNICIPALES FICHA N\u00ba 1: DEMANDA EJECUTIVA An\u00e1lisis de la pretensi\u00f3n y defensa S\u00edntesis de los fallos 2. Monto solicitado y concedido FICHA N\u00ba 2: DEMANDA EJECUTIVA POR NO PAGO DE PATENTE COMERCIAL Y DERECHOS MUNICIPALES An\u00e1lisis de la pretensi\u00f3n y defensa S\u00edntesis de los fallos 2. Monto solicitado y concedido FICHA N\u00ba 3: JUICIO EJECUTIVO DE COBRO DE PATENTE MUNICIPAL An\u00e1lisis de la pretensi\u00f3n y defensa S\u00edntesis de los fallos 2. Monto solicitado y concedido FICHA N\u00ba 4: JUICIO EJECUTIVO POR COBRO DE PATENTE MUNICIPAL An\u00e1lisis de la pretensi\u00f3n y defensa S\u00edntesis de los fallos 2. Monto solicitado y concedido FICHA N\u00ba 5: PROCEDIMIENTO EJECUTIVO DE OBLIGACI\u00d3N DE DAR An\u00e1lisis de la pretensi\u00f3n y defensa S\u00edntesis de los fallos 2. Monto solicitado y concedido FICHA N\u00ba 6: JUICIO EJECUTIVO DE MAYOR CUANT\u00cdA, POR OBLIGACI\u00d3N DE DAR An\u00e1lisis de la pretensi\u00f3n y defensa S\u00edntesis de los fallos 2. Monto solicitado y concedido FICHA N\u00ba 7: DEMANDA EN PROCEDIMIENTO EJECUTIVO POR OBLIGACI\u00d3N DE DAR POR COBRO DE PATENTES COMERCIALES IMPAGAS An\u00e1lisis de la pretensi\u00f3n y defensa S\u00edntesis de los fallos 2. Monto solicitado y concedido FICHA N\u00ba 8: DEMANDA EJECUTIVA An\u00e1lisis de la pretensi\u00f3n y defensa S\u00edntesis de los fallos 2. Monto solicitado y concedido FICHA N\u00ba 9: DEMANDA DECLARATIVA DE PRESCRIPCI\u00d3N EXTINTIVA An\u00e1lisis de la pretensi\u00f3n y defensa S\u00edntesis de los fallos 2. Monto solicitado y concedido FICHA N\u00ba 10: DEMANDA EJECUTIVA An\u00e1lisis de la pretensi\u00f3n y defensa S\u00edntesis de los fallos 2. Monto solicitado y concedido FICHA N\u00ba 11: DEMANDA EN JUICIO ORDINARIO DE DECLARACI\u00d3N PRESCRIPCI\u00d3N EXTINTIVA An\u00e1lisis de la pretensi\u00f3n y defensa S\u00edntesis de los fallos 2. Monto solicitado y concedido FICHA N\u00ba 12: DEMANDA EJECUTIVA An\u00e1lisis de la pretensi\u00f3n y defensa S\u00edntesis de los fallos 2. Monto solicitado y concedido SENTENCIAS DE LA CORTE SUPREMA \u2013 PATENTES MUNICIPALES. Sentencia 1. Ilustre Municipalidad de Chill\u00e1n contra Inversiones M\u00e9ndez Ltda. Sentencia 2. Ilustre Municipalidad de Lo Barnechea con Inversiones Morales Meleda Limitada. Sentencia 3. Ilustre Municipalidad de San Felipe con Romano Cabrini SpA Sentencia 4. Ilustre Municipalidad de Lo Barnechea con Agr\u00edcola San Jos\u00e9 de las Rosas Limitada Sentencia 5. Ilustre Municipalidad de Lo Barnechea con Inversiones Cordillera Limitada. Sentencia 6. . Ilustre Municipalidad de Independencia con Inversiones Santa Sara Limitada. Sentencia 7. . Ilustre Municipalidad de Buin con Empresa Agr\u00edcola Abufrut Limitada. Sentencia 8. Ilustre Municipalidad de Lo Barnechea con Andacor S.A. Sentencia 9. Transportes Facoro Limitada con Municipalidad de Pudahuel Sentencia 10. Ilustre Municipalidad de Vi\u00f1a del Mar con C y T Inversiones Limitada. Sentencia 11. Servicios e Inversiones Mar Bravo Ltda. con Municipalidad de Huechuraba. Sentencia 12. I. Municipalidad de Vitacura con Yarur Sabal Diana<\/p>\n","protected":false},"featured_media":2752,"comment_status":"open","ping_status":"closed","template":"","meta":{"inline_featured_image":false,"_joinchat":[]},"product_brand":[],"product_cat":[45],"product_tag":[],"class_list":{"0":"post-2722","1":"product","2":"type-product","3":"status-publish","4":"has-post-thumbnail","6":"product_cat-administrativo","7":"product_shipping_class-a-convenir","9":"first","10":"instock","11":"shipping-taxable","12":"purchasable","13":"product-type-simple"},"_links":{"self":[{"href":"https:\/\/bibliotecajuridicavirtual.cl\/index.php\/wp-json\/wp\/v2\/product\/2722","targetHints":{"allow":["GET"]}}],"collection":[{"href":"https:\/\/bibliotecajuridicavirtual.cl\/index.php\/wp-json\/wp\/v2\/product"}],"about":[{"href":"https:\/\/bibliotecajuridicavirtual.cl\/index.php\/wp-json\/wp\/v2\/types\/product"}],"replies":[{"embeddable":true,"href":"https:\/\/bibliotecajuridicavirtual.cl\/index.php\/wp-json\/wp\/v2\/comments?post=2722"}],"wp:featuredmedia":[{"embeddable":true,"href":"https:\/\/bibliotecajuridicavirtual.cl\/index.php\/wp-json\/wp\/v2\/media\/2752"}],"wp:attachment":[{"href":"https:\/\/bibliotecajuridicavirtual.cl\/index.php\/wp-json\/wp\/v2\/media?parent=2722"}],"wp:term":[{"taxonomy":"product_brand","embeddable":true,"href":"https:\/\/bibliotecajuridicavirtual.cl\/index.php\/wp-json\/wp\/v2\/product_brand?post=2722"},{"taxonomy":"product_cat","embeddable":true,"href":"https:\/\/bibliotecajuridicavirtual.cl\/index.php\/wp-json\/wp\/v2\/product_cat?post=2722"},{"taxonomy":"product_tag","embeddable":true,"href":"https:\/\/bibliotecajuridicavirtual.cl\/index.php\/wp-json\/wp\/v2\/product_tag?post=2722"}],"curies":[{"name":"wp","href":"https:\/\/api.w.org\/{rel}","templated":true}]}}