{"id":2723,"date":"2026-02-28T01:05:04","date_gmt":"2026-02-28T04:05:04","guid":{"rendered":"https:\/\/bibliotecajuridicavirtual.cl\/?post_type=product&#038;p=2723"},"modified":"2026-02-28T01:05:26","modified_gmt":"2026-02-28T04:05:26","slug":"vision-jurisprudencial-juicio-ejecutivo-pagares-ano-marzo-2023-191-pag-autor-editorial-hammurabi","status":"publish","type":"product","link":"https:\/\/bibliotecajuridicavirtual.cl\/index.php\/product\/vision-jurisprudencial-juicio-ejecutivo-pagares-ano-marzo-2023-191-pag-autor-editorial-hammurabi\/","title":{"rendered":"Visi\u00f3n Jurisprudencial &#8211; Juicio Ejecutivo Pagar\u00e9s. A\u00f1o Marzo 2023 \/ 191 P\u00e1g. Autor Editorial Hammurabi"},"content":{"rendered":"<div class=\"page\" role=\"region\" data-page-number=\"3\" aria-label=\"P\u00e1gina 3\" data-loaded=\"true\">\n<div class=\"textLayer\" data-main-rotation=\"0\"><span id=\"page73R_mcid35\" class=\"markedContent\"><span dir=\"ltr\" role=\"presentation\">INDICE<\/span><\/span><span id=\"page73R_mcid36\" class=\"markedContent\"><br role=\"presentation\" \/><span dir=\"ltr\" role=\"presentation\">1. FICHAS DE DEMANDAS EJECUTIVAS \u2013 PAGAR\u00c9S.<\/span><\/span><span id=\"page73R_mcid37\" class=\"markedContent\"><br role=\"presentation\" \/><span dir=\"ltr\" role=\"presentation\">FICHA N\u00ba 1: DEMANDA EJECUTIVA DE OBLIGACI\u00d3N DE DAR.<\/span><\/span><span id=\"page73R_mcid38\" class=\"markedContent\"><span class=\"markedContent\">\u00a0<\/span><\/span><span id=\"page73R_mcid40\" class=\"markedContent\"><br role=\"presentation\" \/><span dir=\"ltr\" role=\"presentation\">AN\u00c1LISIS DE LA PRETENSI\u00d3N Y DEFENSA.<\/span><\/span><span id=\"page73R_mcid41\" class=\"markedContent\">\u00a0<\/span><span id=\"page73R_mcid43\" class=\"markedContent\"><br role=\"presentation\" \/><span dir=\"ltr\" role=\"presentation\">1. S\u00cdNTESIS DE LOS FALLOS<\/span><\/span><span id=\"page73R_mcid44\" class=\"markedContent\">\u00a0<\/span><span id=\"page73R_mcid46\" class=\"markedContent\"><br role=\"presentation\" \/><span dir=\"ltr\" role=\"presentation\">2. MONTO SOLICITADO Y CONCEDIDO<\/span><\/span><span id=\"page73R_mcid47\" class=\"markedContent\">\u00a0<\/span><span id=\"page73R_mcid49\" class=\"markedContent\"><br role=\"presentation\" \/><span dir=\"ltr\" role=\"presentation\">FICHA N\u00ba 2: DEMANDA EJECUTIVA DE COBRO DE PAGAR\u00c9.<\/span><\/span><span id=\"page73R_mcid50\" class=\"markedContent\"><span class=\"markedContent\">\u00a0<\/span><\/span><span id=\"page73R_mcid52\" class=\"markedContent\"><br role=\"presentation\" \/><span dir=\"ltr\" role=\"presentation\">AN\u00c1LISIS DE LA PRETENSI\u00d3N Y DEFENSA.<\/span><\/span><span id=\"page73R_mcid53\" class=\"markedContent\">\u00a0<\/span><span id=\"page73R_mcid55\" class=\"markedContent\"><br role=\"presentation\" \/><span dir=\"ltr\" role=\"presentation\">1. S\u00cdNTESIS DE LOS FALLOS<\/span><\/span><span id=\"page73R_mcid56\" class=\"markedContent\">\u00a0<\/span><span id=\"page73R_mcid58\" class=\"markedContent\"><br role=\"presentation\" \/><span dir=\"ltr\" role=\"presentation\">2. MONTO SOLICITADO Y CONCEDIDO<\/span><\/span><span id=\"page73R_mcid59\" class=\"markedContent\">\u00a0<\/span><span id=\"page73R_mcid61\" class=\"markedContent\"><br role=\"presentation\" \/><span dir=\"ltr\" role=\"presentation\">FICHA N\u00ba 3: JUICIO EJECUTIVO COBRO DE PAGAR\u00c9.<\/span><\/span><span id=\"page73R_mcid62\" class=\"markedContent\">\u00a0<\/span><span id=\"page73R_mcid64\" class=\"markedContent\"><br role=\"presentation\" \/><span dir=\"ltr\" role=\"presentation\">AN\u00c1LISIS DE LA PRETENSI\u00d3N Y DEFENSA.<\/span><\/span><span id=\"page73R_mcid65\" class=\"markedContent\">\u00a0<\/span><span id=\"page73R_mcid67\" class=\"markedContent\"><br role=\"presentation\" \/><span dir=\"ltr\" role=\"presentation\">1. S\u00cdNTESIS DE LOS FALLOS<\/span><\/span><span id=\"page73R_mcid68\" class=\"markedContent\">\u00a0<\/span><span id=\"page73R_mcid70\" class=\"markedContent\"><br role=\"presentation\" \/><span dir=\"ltr\" role=\"presentation\">2. MONTO SOLICITADO Y CONCEDIDO<\/span><\/span><span id=\"page73R_mcid71\" class=\"markedContent\">\u00a0<\/span><span id=\"page73R_mcid73\" class=\"markedContent\"><br role=\"presentation\" \/><span dir=\"ltr\" role=\"presentation\">FICHA N\u00ba 4: DEMANDA EJECUTIVA DE COBRO DE PAGAR\u00c9S.<\/span><\/span><span id=\"page73R_mcid76\" class=\"markedContent\"><br role=\"presentation\" \/><span dir=\"ltr\" role=\"presentation\">AN\u00c1LISIS DE LA PRETENSI\u00d3N Y DEFENSA.<\/span><\/span><span id=\"page73R_mcid79\" class=\"markedContent\"><br role=\"presentation\" \/><span dir=\"ltr\" role=\"presentation\">1. S\u00cdNTESIS DE LOS FALLOS<\/span><\/span><span id=\"page73R_mcid80\" class=\"markedContent\">\u00a0<\/span><span id=\"page73R_mcid82\" class=\"markedContent\"><br role=\"presentation\" \/><span dir=\"ltr\" role=\"presentation\">2. MONTO SOLICITADO Y CONCEDIDO<\/span><\/span><span id=\"page73R_mcid83\" class=\"markedContent\">\u00a0<\/span><span id=\"page73R_mcid85\" class=\"markedContent\"><br role=\"presentation\" \/><span dir=\"ltr\" role=\"presentation\">FICHA N\u00ba 5: DEMANDA EJECUTIVA DE PAGAR\u00c9.<\/span><\/span><span id=\"page73R_mcid88\" class=\"markedContent\"><br role=\"presentation\" \/><span dir=\"ltr\" role=\"presentation\">AN\u00c1LISIS DE LA PRETENSI\u00d3N Y DEFENSA.<\/span><\/span><span id=\"page73R_mcid91\" class=\"markedContent\"><br role=\"presentation\" \/><span dir=\"ltr\" role=\"presentation\">1. S\u00cdNTESIS DE LOS FALLOS<\/span><\/span><span id=\"page73R_mcid92\" class=\"markedContent\">\u00a0<\/span><span id=\"page73R_mcid94\" class=\"markedContent\"><br role=\"presentation\" \/><span dir=\"ltr\" role=\"presentation\">2. MONTO SOLICITADO Y CONCEDIDO<\/span><\/span><span id=\"page73R_mcid95\" class=\"markedContent\">\u00a0<\/span><span id=\"page73R_mcid97\" class=\"markedContent\"><br role=\"presentation\" \/><span dir=\"ltr\" role=\"presentation\">FICHA N\u00ba 6: DEMANDA EJECUTIVA DEL COBRO DE PAGAR\u00c9.<\/span><\/span><span id=\"page73R_mcid100\" class=\"markedContent\"><br role=\"presentation\" \/><span dir=\"ltr\" role=\"presentation\">AN\u00c1LISIS DE LA PRETENSI\u00d3N Y DEFENSA.<\/span><\/span><span id=\"page73R_mcid101\" class=\"markedContent\">\u00a0<\/span><span id=\"page73R_mcid103\" class=\"markedContent\"><br role=\"presentation\" \/><span dir=\"ltr\" role=\"presentation\">1. S\u00cdNTESIS DE LOS FALLOS<\/span><\/span><span id=\"page73R_mcid104\" class=\"markedContent\">\u00a0<\/span><span id=\"page73R_mcid106\" class=\"markedContent\"><br role=\"presentation\" \/><span dir=\"ltr\" role=\"presentation\">2. MONTO SOLICITADO Y CONCEDIDO<\/span><\/span><span id=\"page73R_mcid107\" class=\"markedContent\">\u00a0<\/span>&nbsp;<\/p>\n<div class=\"endOfContent\"><span id=\"page95R_mcid109\" class=\"markedContent\"><span dir=\"ltr\" role=\"presentation\">FICHA N\u00ba 7: DEMANDA EJECUTIVA DE PAGAR\u00c9.<\/span><\/span><span id=\"page95R_mcid110\" class=\"markedContent\">\u00a0<\/span><\/div>\n<\/div>\n<\/div>\n<div class=\"page\" role=\"region\" data-page-number=\"4\" aria-label=\"P\u00e1gina 4\" data-loaded=\"true\">\n<div class=\"textLayer\" data-main-rotation=\"0\"><span id=\"page95R_mcid112\" class=\"markedContent\"><span dir=\"ltr\" role=\"presentation\">AN\u00c1LISIS DE LA PRETENSI\u00d3N Y DEFENSA.<\/span><\/span><span id=\"page95R_mcid113\" class=\"markedContent\">\u00a0<\/span><span id=\"page95R_mcid115\" class=\"markedContent\"><br role=\"presentation\" \/><span dir=\"ltr\" role=\"presentation\">1. S\u00cdNTESIS DE LOS FALLOS<\/span><\/span><span id=\"page95R_mcid116\" class=\"markedContent\">\u00a0<span dir=\"ltr\" role=\"presentation\">.<\/span><\/span><span id=\"page95R_mcid118\" class=\"markedContent\"><br role=\"presentation\" \/><span dir=\"ltr\" role=\"presentation\">2. MONTO SOLICITADO Y CONCEDIDO<\/span><\/span><span id=\"page95R_mcid119\" class=\"markedContent\">\u00a0<\/span><span id=\"page95R_mcid121\" class=\"markedContent\"><br role=\"presentation\" \/><span dir=\"ltr\" role=\"presentation\">FICHA N\u00ba 8: DEMANDA EJECUTIVA DE COBRO DE PAGAR\u00c9.<\/span><\/span><span id=\"page95R_mcid122\" class=\"markedContent\"><span class=\"markedContent\">\u00a0<\/span><\/span><span id=\"page95R_mcid124\" class=\"markedContent\"><br role=\"presentation\" \/><span dir=\"ltr\" role=\"presentation\">AN\u00c1LISIS DE LA PRETENSI\u00d3N Y DEFENSA.<\/span><\/span><span id=\"page95R_mcid127\" class=\"markedContent\"><br role=\"presentation\" \/><span dir=\"ltr\" role=\"presentation\">1. S\u00cdNTESIS DE LOS FALLOS<\/span><\/span><span id=\"page95R_mcid128\" class=\"markedContent\">\u00a0<\/span><span id=\"page95R_mcid130\" class=\"markedContent\"><br role=\"presentation\" \/><span dir=\"ltr\" role=\"presentation\">2. MONTO SOLICITADO Y CONCEDIDO<\/span><\/span><span id=\"page95R_mcid131\" class=\"markedContent\">\u00a0<\/span><span id=\"page95R_mcid133\" class=\"markedContent\"><br role=\"presentation\" \/><span dir=\"ltr\" role=\"presentation\">FICHA N\u00ba 9: JUICIO EJECUTIVO DE COBRO DE PAGAR\u00c9.<\/span><\/span><span id=\"page95R_mcid134\" class=\"markedContent\"><span class=\"markedContent\">\u00a0<\/span><\/span><span id=\"page95R_mcid136\" class=\"markedContent\"><br role=\"presentation\" \/><span dir=\"ltr\" role=\"presentation\">AN\u00c1LISIS DE LA PRETENSI\u00d3N Y DEFENSA.<\/span><\/span><span id=\"page95R_mcid139\" class=\"markedContent\"><br role=\"presentation\" \/><span dir=\"ltr\" role=\"presentation\">1. S\u00cdNTESIS DE LOS FALLOS<\/span><\/span><span id=\"page95R_mcid140\" class=\"markedContent\">\u00a0<\/span><span id=\"page95R_mcid142\" class=\"markedContent\"><br role=\"presentation\" \/><span dir=\"ltr\" role=\"presentation\">2. MONTO SOLICITADO Y CONCEDIDO<\/span><\/span><span id=\"page95R_mcid143\" class=\"markedContent\">\u00a0<\/span><span id=\"page95R_mcid145\" class=\"markedContent\"><br role=\"presentation\" \/><span dir=\"ltr\" role=\"presentation\">FICHA N\u00ba 10: DEMANDA EJECUTIVA DE COBRO DE PAGAR\u00c9.<\/span><\/span><span id=\"page95R_mcid148\" class=\"markedContent\"><br role=\"presentation\" \/><span dir=\"ltr\" role=\"presentation\">AN\u00c1LISIS DE LA PRETENSI\u00d3N Y DEFENSA.<\/span><\/span><span id=\"page95R_mcid149\" class=\"markedContent\">\u00a0<\/span><span id=\"page95R_mcid151\" class=\"markedContent\"><br role=\"presentation\" \/><span dir=\"ltr\" role=\"presentation\">1. S\u00cdNTESIS DE LOS FALLOS<\/span><\/span><span id=\"page95R_mcid152\" class=\"markedContent\">\u00a0<\/span><span id=\"page95R_mcid154\" class=\"markedContent\"><br role=\"presentation\" \/><span dir=\"ltr\" role=\"presentation\">2. MONTO SOLICITADO Y CONCEDIDO<\/span><\/span><span id=\"page95R_mcid155\" class=\"markedContent\">\u00a0<\/span><span id=\"page95R_mcid157\" class=\"markedContent\"><br role=\"presentation\" \/><span dir=\"ltr\" role=\"presentation\">FICHA N\u00ba 11: DEMANDA EJECUTIVA DE COBRO DE PAGAR\u00c9.<\/span><\/span><span id=\"page95R_mcid160\" class=\"markedContent\"><br role=\"presentation\" \/><span dir=\"ltr\" role=\"presentation\">AN\u00c1LISIS DE LA PRETENSI\u00d3N Y DEFENSA.<\/span><\/span><span id=\"page95R_mcid163\" class=\"markedContent\"><br role=\"presentation\" \/><span dir=\"ltr\" role=\"presentation\">1. S\u00cdNTESIS DE LOS FALLOS<\/span><\/span><span id=\"page95R_mcid164\" class=\"markedContent\">\u00a0<\/span><span id=\"page95R_mcid166\" class=\"markedContent\"><br role=\"presentation\" \/><span dir=\"ltr\" role=\"presentation\">2. MONTO SOLICITADO Y CONCEDIDO<\/span><\/span><span id=\"page95R_mcid167\" class=\"markedContent\">\u00a0<\/span><span id=\"page95R_mcid169\" class=\"markedContent\"><br role=\"presentation\" \/><span dir=\"ltr\" role=\"presentation\">FICHA N\u00ba 12: DEMANDA DE JUICIO EJECUTIVO. COBRO DE PAGAR\u00c9.<\/span>\u00a0<\/span><span id=\"page95R_mcid170\" class=\"markedContent\"><br role=\"presentation\" \/><span dir=\"ltr\" role=\"presentation\">AN\u00c1LISIS DE LA PRETENSI\u00d3N Y DEFENSA.<\/span><\/span><span id=\"page95R_mcid173\" class=\"markedContent\"><br role=\"presentation\" \/><span dir=\"ltr\" role=\"presentation\">1. S\u00cdNTESIS DE LOS FALLOS<\/span><\/span><span id=\"page95R_mcid176\" class=\"markedContent\"><br role=\"presentation\" \/><span dir=\"ltr\" role=\"presentation\">2. MONTO SOLICITADO Y CONCEDIDO<\/span><\/span><span id=\"page95R_mcid177\" class=\"markedContent\">\u00a0<\/span><span id=\"page95R_mcid179\" class=\"markedContent\"><br role=\"presentation\" \/><span dir=\"ltr\" role=\"presentation\">2. SENTENCIAS DE LA CORTE SUPREMA<\/span><\/span><span id=\"page95R_mcid180\" class=\"markedContent\"><br role=\"presentation\" \/><span dir=\"ltr\" role=\"presentation\">SENTENCIA 1. BANCO SANTANDER \u2013 CHILE CON LUIS ENRIQUE ARACENA<\/span><\/span><span id=\"page95R_mcid181\" class=\"markedContent\"><br role=\"presentation\" \/><span dir=\"ltr\" role=\"presentation\">ROJAS.<\/span><\/span><span id=\"page95R_mcid182\" class=\"markedContent\">\u00a0<\/span><span id=\"page95R_mcid184\" class=\"markedContent\"><br role=\"presentation\" \/><span dir=\"ltr\" role=\"presentation\">SENTENCIA 2. SCOTIABANK CHILE S.A. CON RICARDO ANDR\u00c9S TORRES\u00a0<\/span><\/span><span id=\"page95R_mcid185\" class=\"markedContent\"><span dir=\"ltr\" role=\"presentation\">FRITIS.<\/span><\/span><span id=\"page95R_mcid186\" class=\"markedContent\">\u00a0<\/span><span id=\"page95R_mcid188\" class=\"markedContent\"><br role=\"presentation\" \/><span dir=\"ltr\" role=\"presentation\">SENTENCIA 3. BANCO DEL ESTADO DE CHILE CON MAURICIO JAVIER BUSTA<\/span><\/span><span id=\"page95R_mcid189\" class=\"markedContent\"><span dir=\"ltr\" role=\"presentation\">\u2013<\/span><\/span><span id=\"page95R_mcid190\" class=\"markedContent\"><br role=\"presentation\" \/><span dir=\"ltr\" role=\"presentation\">MANTE BARR\u00cdA.<\/span><\/span>&nbsp;<\/p>\n<div class=\"endOfContent\"><span id=\"page106R_mcid193\" class=\"markedContent\"><span dir=\"ltr\" role=\"presentation\">SENTENCIA 4. SCOTIABANK CHILE S.A. CON CRISTIAN EDUARDO LEMP COR<\/span><\/span><span id=\"page106R_mcid195\" class=\"markedContent\"><span dir=\"ltr\" role=\"presentation\">DERO.<\/span><\/span><span id=\"page106R_mcid196\" class=\"markedContent\">\u00a0<\/span><\/div>\n<\/div>\n<\/div>\n<div class=\"page\" role=\"region\" data-page-number=\"5\" aria-label=\"P\u00e1gina 5\" data-loaded=\"true\">\n<div class=\"textLayer\" data-main-rotation=\"0\"><span id=\"page106R_mcid198\" class=\"markedContent\"><span dir=\"ltr\" role=\"presentation\">SENTENCIA 5. CAJA DE COMPENSACI\u00d3N DE ASIGNACI\u00d3N FAMILIAR LA ARAU<\/span><\/span><span id=\"page106R_mcid200\" class=\"markedContent\"><span dir=\"ltr\" role=\"presentation\">CANA CON OSCAR CRISTIAN GONZ\u00c1LEZ NEIRA.<\/span><\/span><span id=\"page106R_mcid203\" class=\"markedContent\"><br role=\"presentation\" \/><span dir=\"ltr\" role=\"presentation\">SENTENCIA 6. BANCO DEL ESTADO DE CHILE CON CHRISTOPHER JONA<\/span><\/span><span id=\"page106R_mcid205\" class=\"markedContent\"><span dir=\"ltr\" role=\"presentation\">THAN CAMPOS ROJAS.<\/span><\/span><span id=\"page106R_mcid208\" class=\"markedContent\"><br role=\"presentation\" \/><span dir=\"ltr\" role=\"presentation\">SENTENCIA 7. INSTITUCI\u00d3N FINANCIERA COOPERATIVA COOPEUCH LTDA.<\/span><\/span><span id=\"page106R_mcid209\" class=\"markedContent\"><span dir=\"ltr\" role=\"presentation\">CON BRUNILDA LOURDES DELGADO AMPUERO.<\/span><\/span><span id=\"page106R_mcid212\" class=\"markedContent\"><br role=\"presentation\" \/><span dir=\"ltr\" role=\"presentation\">SENTENCIA 8. BANCO DE CR\u00c9DITO E INVERSIONES NOVA CON GILBERTO<\/span><\/span><span id=\"page106R_mcid213\" class=\"markedContent\"><br role=\"presentation\" \/><span dir=\"ltr\" role=\"presentation\">HERN\u00c1N G\u00d3MEZ GODOY.<\/span><\/span><span id=\"page106R_mcid216\" class=\"markedContent\"><br role=\"presentation\" \/><span dir=\"ltr\" role=\"presentation\">SENTENCIA 9. BANCO RIPLEY CON BRAULIO SALDIVIA AZOCAR.<\/span><\/span><span id=\"page106R_mcid219\" class=\"markedContent\"><br role=\"presentation\" \/><span dir=\"ltr\" role=\"presentation\">SENTENCIA 10. CL\u00cdNICA ALEMANA DE TEMUCO S.A. CON ALFONSO JAVIER\u00a0<\/span><\/span><span id=\"page106R_mcid220\" class=\"markedContent\"><span dir=\"ltr\" role=\"presentation\">MORALES MARIVIL.<\/span><\/span><span id=\"page106R_mcid221\" class=\"markedContent\">\u00a0<\/span><span id=\"page106R_mcid223\" class=\"markedContent\"><br role=\"presentation\" \/><span dir=\"ltr\" role=\"presentation\">SENTENCIA 11. BANCO DEL ESTADO DE CHILE CON VICTORIA BEL\u00c9N TORRES\u00a0<\/span><\/span><span id=\"page106R_mcid224\" class=\"markedContent\"><span dir=\"ltr\" role=\"presentation\">MU\u00d1OZ.<\/span><\/span><span id=\"page106R_mcid227\" class=\"markedContent\"><br role=\"presentation\" \/><span dir=\"ltr\" role=\"presentation\">SENTENCIA 12. CAJA DE COMPENSACI\u00d3N DE ASIGNACI\u00d3N FAMILIAR LA\u00a0<\/span><\/span><span id=\"page106R_mcid228\" class=\"markedContent\"><span dir=\"ltr\" role=\"presentation\">ARAUCANA CON MAT\u00cdAS NICOL\u00c1S SOLANO MU\u00d1OZ.<\/span><\/span><\/div>\n<\/div>\n","protected":false},"excerpt":{"rendered":"<p>INDICE1. FICHAS DE DEMANDAS EJECUTIVAS \u2013 PAGAR\u00c9S.FICHA N\u00ba 1: DEMANDA EJECUTIVA DE OBLIGACI\u00d3N DE DAR.\u00a0AN\u00c1LISIS DE LA PRETENSI\u00d3N Y DEFENSA.\u00a01. S\u00cdNTESIS DE LOS FALLOS\u00a02. MONTO SOLICITADO Y CONCEDIDO\u00a0FICHA N\u00ba 2: DEMANDA EJECUTIVA DE COBRO DE PAGAR\u00c9.\u00a0AN\u00c1LISIS DE LA PRETENSI\u00d3N Y DEFENSA.\u00a01. S\u00cdNTESIS DE LOS FALLOS\u00a02. MONTO SOLICITADO Y CONCEDIDO\u00a0FICHA N\u00ba 3: JUICIO EJECUTIVO COBRO DE PAGAR\u00c9.\u00a0AN\u00c1LISIS DE LA PRETENSI\u00d3N Y DEFENSA.\u00a01. S\u00cdNTESIS DE LOS FALLOS\u00a02. MONTO SOLICITADO Y CONCEDIDO\u00a0FICHA N\u00ba 4: DEMANDA EJECUTIVA DE COBRO DE PAGAR\u00c9S.AN\u00c1LISIS DE LA PRETENSI\u00d3N Y DEFENSA.1. S\u00cdNTESIS DE LOS FALLOS\u00a02. MONTO SOLICITADO Y CONCEDIDO\u00a0FICHA N\u00ba 5: DEMANDA EJECUTIVA DE PAGAR\u00c9.AN\u00c1LISIS DE LA PRETENSI\u00d3N Y DEFENSA.1. S\u00cdNTESIS DE LOS FALLOS\u00a02. MONTO SOLICITADO Y CONCEDIDO\u00a0FICHA N\u00ba 6: DEMANDA EJECUTIVA DEL COBRO DE PAGAR\u00c9.AN\u00c1LISIS DE LA PRETENSI\u00d3N Y DEFENSA.\u00a01. S\u00cdNTESIS DE LOS FALLOS\u00a02. MONTO SOLICITADO Y CONCEDIDO\u00a0&nbsp; FICHA N\u00ba 7: DEMANDA EJECUTIVA DE PAGAR\u00c9.\u00a0 AN\u00c1LISIS DE LA PRETENSI\u00d3N Y DEFENSA.\u00a01. S\u00cdNTESIS DE LOS FALLOS\u00a0.2. MONTO SOLICITADO Y CONCEDIDO\u00a0FICHA N\u00ba 8: DEMANDA EJECUTIVA DE COBRO DE PAGAR\u00c9.\u00a0AN\u00c1LISIS DE LA PRETENSI\u00d3N Y DEFENSA.1. S\u00cdNTESIS DE LOS FALLOS\u00a02. MONTO SOLICITADO Y CONCEDIDO\u00a0FICHA N\u00ba 9: JUICIO EJECUTIVO DE COBRO DE PAGAR\u00c9.\u00a0AN\u00c1LISIS DE LA PRETENSI\u00d3N Y DEFENSA.1. S\u00cdNTESIS DE LOS FALLOS\u00a02. MONTO SOLICITADO Y CONCEDIDO\u00a0FICHA N\u00ba 10: DEMANDA EJECUTIVA DE COBRO DE PAGAR\u00c9.AN\u00c1LISIS DE LA PRETENSI\u00d3N Y DEFENSA.\u00a01. S\u00cdNTESIS DE LOS FALLOS\u00a02. MONTO SOLICITADO Y CONCEDIDO\u00a0FICHA N\u00ba 11: DEMANDA EJECUTIVA DE COBRO DE PAGAR\u00c9.AN\u00c1LISIS DE LA PRETENSI\u00d3N Y DEFENSA.1. S\u00cdNTESIS DE LOS FALLOS\u00a02. MONTO SOLICITADO Y CONCEDIDO\u00a0FICHA N\u00ba 12: DEMANDA DE JUICIO EJECUTIVO. COBRO DE PAGAR\u00c9.\u00a0AN\u00c1LISIS DE LA PRETENSI\u00d3N Y DEFENSA.1. S\u00cdNTESIS DE LOS FALLOS2. MONTO SOLICITADO Y CONCEDIDO\u00a02. SENTENCIAS DE LA CORTE SUPREMASENTENCIA 1. BANCO SANTANDER \u2013 CHILE CON LUIS ENRIQUE ARACENAROJAS.\u00a0SENTENCIA 2. SCOTIABANK CHILE S.A. CON RICARDO ANDR\u00c9S TORRES\u00a0FRITIS.\u00a0SENTENCIA 3. BANCO DEL ESTADO DE CHILE CON MAURICIO JAVIER BUSTA\u2013MANTE BARR\u00cdA.&nbsp; SENTENCIA 4. SCOTIABANK CHILE S.A. CON CRISTIAN EDUARDO LEMP CORDERO.\u00a0 SENTENCIA 5. CAJA DE COMPENSACI\u00d3N DE ASIGNACI\u00d3N FAMILIAR LA ARAUCANA CON OSCAR CRISTIAN GONZ\u00c1LEZ NEIRA.SENTENCIA 6. BANCO DEL ESTADO DE CHILE CON CHRISTOPHER JONATHAN CAMPOS ROJAS.SENTENCIA 7. INSTITUCI\u00d3N FINANCIERA COOPERATIVA COOPEUCH LTDA.CON BRUNILDA LOURDES DELGADO AMPUERO.SENTENCIA 8. BANCO DE CR\u00c9DITO E INVERSIONES NOVA CON GILBERTOHERN\u00c1N G\u00d3MEZ GODOY.SENTENCIA 9. BANCO RIPLEY CON BRAULIO SALDIVIA AZOCAR.SENTENCIA 10. CL\u00cdNICA ALEMANA DE TEMUCO S.A. CON ALFONSO JAVIER\u00a0MORALES MARIVIL.\u00a0SENTENCIA 11. BANCO DEL ESTADO DE CHILE CON VICTORIA BEL\u00c9N TORRES\u00a0MU\u00d1OZ.SENTENCIA 12. CAJA DE COMPENSACI\u00d3N DE ASIGNACI\u00d3N FAMILIAR LA\u00a0ARAUCANA CON MAT\u00cdAS NICOL\u00c1S SOLANO MU\u00d1OZ.<\/p>\n","protected":false},"featured_media":2773,"comment_status":"open","ping_status":"closed","template":"","meta":{"inline_featured_image":false,"_joinchat":[]},"product_brand":[],"product_cat":[27],"product_tag":[],"class_list":{"0":"post-2723","1":"product","2":"type-product","3":"status-publish","4":"has-post-thumbnail","6":"product_cat-civil","7":"product_shipping_class-a-convenir","9":"first","10":"instock","11":"shipping-taxable","12":"purchasable","13":"product-type-simple"},"_links":{"self":[{"href":"https:\/\/bibliotecajuridicavirtual.cl\/index.php\/wp-json\/wp\/v2\/product\/2723","targetHints":{"allow":["GET"]}}],"collection":[{"href":"https:\/\/bibliotecajuridicavirtual.cl\/index.php\/wp-json\/wp\/v2\/product"}],"about":[{"href":"https:\/\/bibliotecajuridicavirtual.cl\/index.php\/wp-json\/wp\/v2\/types\/product"}],"replies":[{"embeddable":true,"href":"https:\/\/bibliotecajuridicavirtual.cl\/index.php\/wp-json\/wp\/v2\/comments?post=2723"}],"wp:featuredmedia":[{"embeddable":true,"href":"https:\/\/bibliotecajuridicavirtual.cl\/index.php\/wp-json\/wp\/v2\/media\/2773"}],"wp:attachment":[{"href":"https:\/\/bibliotecajuridicavirtual.cl\/index.php\/wp-json\/wp\/v2\/media?parent=2723"}],"wp:term":[{"taxonomy":"product_brand","embeddable":true,"href":"https:\/\/bibliotecajuridicavirtual.cl\/index.php\/wp-json\/wp\/v2\/product_brand?post=2723"},{"taxonomy":"product_cat","embeddable":true,"href":"https:\/\/bibliotecajuridicavirtual.cl\/index.php\/wp-json\/wp\/v2\/product_cat?post=2723"},{"taxonomy":"product_tag","embeddable":true,"href":"https:\/\/bibliotecajuridicavirtual.cl\/index.php\/wp-json\/wp\/v2\/product_tag?post=2723"}],"curies":[{"name":"wp","href":"https:\/\/api.w.org\/{rel}","templated":true}]}}