{"id":2724,"date":"2026-02-28T01:05:04","date_gmt":"2026-02-28T04:05:04","guid":{"rendered":"https:\/\/bibliotecajuridicavirtual.cl\/?post_type=product&#038;p=2724"},"modified":"2026-02-28T01:05:27","modified_gmt":"2026-02-28T04:05:27","slug":"codigo-de-insolvencia-sistematizado-con-jurisprudencia-actualizada-ano-marzo-2023-409-pag-autor-ismael-gonzalez-cerda","status":"publish","type":"product","link":"https:\/\/bibliotecajuridicavirtual.cl\/index.php\/product\/codigo-de-insolvencia-sistematizado-con-jurisprudencia-actualizada-ano-marzo-2023-409-pag-autor-ismael-gonzalez-cerda\/","title":{"rendered":"C\u00f3digo de Insolvencia Sistematizado &#8211; Con Jurisprudencia actualizada . A\u00f1o Marzo 2023\/ 409 P\u00e1g. Autor Ismael Gonz\u00e1lez Cerda"},"content":{"rendered":"<p>Esta obra universitaria nace en la necesidad de recopilar en un solo C\u00f3digo las normativas relacionadas a la insolvencia en Chile.<\/p>\n<p>Entre ellas (la principal), Ley N\u00ba 20.720 sobre Insolvencia y Reemprendimiento aplicable a las empresas y personas deudoras, normas vinculadas a la tramitaci\u00f3n del procedimiento de renegociaci\u00f3n de persona deudora ante la Superintendencia de Insolvencia y Reemprendimiento, entre las que se destacan: el Oficio Circular N\u00ba 5 y su Norma de Car\u00e1cter General N\u00ba 11; los delitos concursales contenidos en el C\u00f3digo Penal que pudieren afectar a los deudores en el procedimiento concursal respectivo, la ley N\u00ba 20.416 que fija normas especiales para las empresas de menor tama\u00f1o y por \u00faltimo, el Proyecto de ley (Bolet\u00edn N\u00ba 13.802-03 de 22 de septiembre de 2020) que moderniza los procedimientos concursales contemplados en la ley N\u00ba 20.720 y crea nuevos procedimientos para micro y peque\u00f1as empresas, que se encuentra en su segundo tr\u00e1mite constitucional en el Congreso Nacional.<\/p>\n<p>Esta reproducci\u00f3n de normativa ser\u00e1 acompa\u00f1ada por el pronunciamiento de la jurisprudencia nacional actual y comentarios del autor que enriquecer\u00e1 en conocimientos al lector especialista en materia concursal.<\/p>\n<p>Esta obra va dirigida a los jueces y ministros del Poder Judicial, docentes, funcionarios de la Superintendencia de Insolvencia y Reemprendimiento, abogados, abogadas y estudiantes de todas las casas de estudios del pa\u00eds y del mundo, que los ayudar\u00e1 a tener una completa visi\u00f3n en materia de insolvencia con las principales leyes que la regulan.<\/p>\n<p>&nbsp;<\/p>\n<p><strong>PRIMERA PARTE<\/strong><br \/>\n<strong>R\u00c9GIMEN CONCURSAL VIGENTE<\/strong><\/p>\n<p>Ley N\u00ba 20.720. Insolvencia y reemprendimiento<\/p>\n<p><strong>SEGUNDA PARTE<\/strong><br \/>\n<strong>NORMATIVA DE LA SUPERINTENDENCIA DE INSOLVENCIA Y REEMPRENDIMIENTO (SUPERIR)<\/strong><\/p>\n<p>Oficio circular n\u00ba 5 de la Superir (19\/05\/2020)<br \/>\nNorma de car\u00e1cter general 4. Modelo de solicitud de inicio de procedimiento concursal de reorganizaci\u00f3n<br \/>\nNorma de car\u00e1cter general 5. Sobre la nominaci\u00f3n mediante sorteo de veedores o liquidadores en el marco de un procedimiento concursal de reorganizaci\u00f3n o de liquidaci\u00f3n<br \/>\nNorma de car\u00e1cter general 6. Forma de otorgar la garant\u00eda para asegurar los pagos de acreedores de primera clase<br \/>\nNorma de car\u00e1cter general 7. Forma y contenidos obligatorios de las cuentas provisorias y de la cuenta final de administraci\u00f3n<br \/>\nNorma de car\u00e1cter general 10. Modifica norma de car\u00e1cter general N\u00b0 1, sobre garant\u00eda de fiel desempe\u00f1o, y dicta su texto refundido, coordinado y sistematizado<br \/>\nnorma de car\u00e1cter general 11. De las disposiciones comunes a la celebraci\u00f3n presencial y remota de las audiencias reguladas en el cap\u00edtulo V de la ley N\u00ba20.720, del procedimiento relativo a las audiencias de determinaci\u00f3n del pasivo y de ejecuci\u00f3n, y del contenido del acuerdo de ejecuci\u00f3n, en el marco del procedimiento concursal de renegociaci\u00f3n<br \/>\nNorma de car\u00e1cter general 12. Modifica norma de car\u00e1cter general N\u00ba 2, ex\u00e1menes de conocimiento para ingresar a la n\u00f3mina nacional de liquidadores y de martilleros concursales, y dicta su texto refundido, coordinado y sistematizado<br \/>\nNorma de car\u00e1cter general 13. Modifica norma de car\u00e1cter general N\u00ba 3, sobre formalidades de las publicaciones en el bolet\u00edn concursal y forma de efectuar notificaciones por medio de correo electr\u00f3nico y dicta su texto refundido, coordinado y sistematizado<\/p>\n<p><strong>TERCERA PARTE<\/strong><br \/>\n<strong>DELITOS CONCURSALES<\/strong><\/p>\n<p>C\u00f3digo Penal<br \/>\nLey N.\u00b0 20.416. Fija normas especiales para las empresas de menor tama\u00f1o<\/p>\n<p><strong>CUARTA PARTE<\/strong><br \/>\n<strong>PROYECTO DE LEY QUE MODERNIZA LOS PROCEDIMIENTOS CONCURSALES CONTEMPLADOS EN LA LEY N\u00ba 20.720 Y CREA NUEVOS PROCEDIMIENTOS PARA MICRO Y PEQUE\u00d1AS EMPRESAS<\/strong><\/p>\n<p>Bolet\u00edn N\u00ba 13.802 del 03 de 22 de septiembre de 2020<\/p>\n<p><strong>QUINTA PARTE<\/strong><br \/>\n<strong>JURISPRUDENCIA<\/strong><\/p>\n<p>1.- Sistema de recursos<br \/>\n2.- Sistema de recursos<br \/>\n3.- Sentencia Tribunal Constitucional sobre recursos en ley 20.720.<br \/>\n4.- Cr\u00e9ditos estudiantiles en ley 20.720<br \/>\n5.- Resoluci\u00f3n de reorganizaci\u00f3n Enjoy<br \/>\n6.- Protecci\u00f3n financiera concursal<br \/>\n7.- Rechazo solicitud de reorganizaci\u00f3n<br \/>\n8.- Suficiencia de bienes<br \/>\n9.- Suficiencia de bienes<br \/>\n10.- Suficiencia de bienes<br \/>\n11.- Confesi\u00f3n judicial expresa<br \/>\n12.- Acreditaci\u00f3n de insolvencia<br \/>\n13.- Acreditaci\u00f3n de insolvencia<br \/>\n14.- Acreditaci\u00f3n de insolvencia<br \/>\n15.- Audiencia de resoluci\u00f3n de controversias<br \/>\n16.- Garant\u00edas en la ley 20.720<br \/>\n17.- Garant\u00edas en la ley N\u00ba 20.720<br \/>\n18.- El concepto de t\u00edtulos justificativos<br \/>\n19.- El concepto de discharge y fresh start<br \/>\n20.- La rehabilitaci\u00f3n del deudor<br \/>\n21.- La rehabilitaci\u00f3n del deudor<br \/>\n22.- La rehabilitaci\u00f3n del deudor<br \/>\n23.- Inembargabilidad de persona deudora<br \/>\n24.- Titularidad de liquidador en acciones revocatorias<br \/>\n25.- Titularidad de liquidador en acciones revocatorias<br \/>\n26.- Caducidad plazo interposici\u00f3n acciones revocatorias<br \/>\n27.- Abandono en las acciones revocatorias<br \/>\n28.- Abandono en las acciones revocatorias<br \/>\n29.- Abandono en las acciones revocatorias<br \/>\n30.- Compatibilidad acciones de nulidad en la ley 20.720<br \/>\n31.- Insolvencia transfronteriza<br \/>\n32.- Insolvencia transfronteriza<\/p>\n","protected":false},"excerpt":{"rendered":"<p>Esta obra universitaria nace en la necesidad de recopilar en un solo C\u00f3digo las normativas relacionadas a la insolvencia en Chile. Entre ellas (la principal), Ley N\u00ba 20.720 sobre Insolvencia y Reemprendimiento aplicable a las empresas y personas deudoras, normas vinculadas a la tramitaci\u00f3n del procedimiento de renegociaci\u00f3n de persona deudora ante la Superintendencia de Insolvencia y Reemprendimiento, entre las que se destacan: el Oficio Circular N\u00ba 5 y su Norma de Car\u00e1cter General N\u00ba 11; los delitos concursales contenidos en el C\u00f3digo Penal que pudieren afectar a los deudores en el procedimiento concursal respectivo, la ley N\u00ba 20.416 que fija normas especiales para las empresas de menor tama\u00f1o y por \u00faltimo, el Proyecto de ley (Bolet\u00edn N\u00ba 13.802-03 de 22 de septiembre de 2020) que moderniza los procedimientos concursales contemplados en la ley N\u00ba 20.720 y crea nuevos procedimientos para micro y peque\u00f1as empresas, que se encuentra en su segundo tr\u00e1mite constitucional en el Congreso Nacional. Esta reproducci\u00f3n de normativa ser\u00e1 acompa\u00f1ada por el pronunciamiento de la jurisprudencia nacional actual y comentarios del autor que enriquecer\u00e1 en conocimientos al lector especialista en materia concursal. Esta obra va dirigida a los jueces y ministros del Poder Judicial, docentes, funcionarios de la Superintendencia de Insolvencia y Reemprendimiento, abogados, abogadas y estudiantes de todas las casas de estudios del pa\u00eds y del mundo, que los ayudar\u00e1 a tener una completa visi\u00f3n en materia de insolvencia con las principales leyes que la regulan. &nbsp; PRIMERA PARTE R\u00c9GIMEN CONCURSAL VIGENTE Ley N\u00ba 20.720. Insolvencia y reemprendimiento SEGUNDA PARTE NORMATIVA DE LA SUPERINTENDENCIA DE INSOLVENCIA Y REEMPRENDIMIENTO (SUPERIR) Oficio circular n\u00ba 5 de la Superir (19\/05\/2020) Norma de car\u00e1cter general 4. Modelo de solicitud de inicio de procedimiento concursal de reorganizaci\u00f3n Norma de car\u00e1cter general 5. Sobre la nominaci\u00f3n mediante sorteo de veedores o liquidadores en el marco de un procedimiento concursal de reorganizaci\u00f3n o de liquidaci\u00f3n Norma de car\u00e1cter general 6. Forma de otorgar la garant\u00eda para asegurar los pagos de acreedores de primera clase Norma de car\u00e1cter general 7. Forma y contenidos obligatorios de las cuentas provisorias y de la cuenta final de administraci\u00f3n Norma de car\u00e1cter general 10. Modifica norma de car\u00e1cter general N\u00b0 1, sobre garant\u00eda de fiel desempe\u00f1o, y dicta su texto refundido, coordinado y sistematizado norma de car\u00e1cter general 11. De las disposiciones comunes a la celebraci\u00f3n presencial y remota de las audiencias reguladas en el cap\u00edtulo V de la ley N\u00ba20.720, del procedimiento relativo a las audiencias de determinaci\u00f3n del pasivo y de ejecuci\u00f3n, y del contenido del acuerdo de ejecuci\u00f3n, en el marco del procedimiento concursal de renegociaci\u00f3n Norma de car\u00e1cter general 12. Modifica norma de car\u00e1cter general N\u00ba 2, ex\u00e1menes de conocimiento para ingresar a la n\u00f3mina nacional de liquidadores y de martilleros concursales, y dicta su texto refundido, coordinado y sistematizado Norma de car\u00e1cter general 13. Modifica norma de car\u00e1cter general N\u00ba 3, sobre formalidades de las publicaciones en el bolet\u00edn concursal y forma de efectuar notificaciones por medio de correo electr\u00f3nico y dicta su texto refundido, coordinado y sistematizado TERCERA PARTE DELITOS CONCURSALES C\u00f3digo Penal Ley N.\u00b0 20.416. Fija normas especiales para las empresas de menor tama\u00f1o CUARTA PARTE PROYECTO DE LEY QUE MODERNIZA LOS PROCEDIMIENTOS CONCURSALES CONTEMPLADOS EN LA LEY N\u00ba 20.720 Y CREA NUEVOS PROCEDIMIENTOS PARA MICRO Y PEQUE\u00d1AS EMPRESAS Bolet\u00edn N\u00ba 13.802 del 03 de 22 de septiembre de 2020 QUINTA PARTE JURISPRUDENCIA 1.- Sistema de recursos 2.- Sistema de recursos 3.- Sentencia Tribunal Constitucional sobre recursos en ley 20.720. 4.- Cr\u00e9ditos estudiantiles en ley 20.720 5.- Resoluci\u00f3n de reorganizaci\u00f3n Enjoy 6.- Protecci\u00f3n financiera concursal 7.- Rechazo solicitud de reorganizaci\u00f3n 8.- Suficiencia de bienes 9.- Suficiencia de bienes 10.- Suficiencia de bienes 11.- Confesi\u00f3n judicial expresa 12.- Acreditaci\u00f3n de insolvencia 13.- Acreditaci\u00f3n de insolvencia 14.- Acreditaci\u00f3n de insolvencia 15.- Audiencia de resoluci\u00f3n de controversias 16.- Garant\u00edas en la ley 20.720 17.- Garant\u00edas en la ley N\u00ba 20.720 18.- El concepto de t\u00edtulos justificativos 19.- El concepto de discharge y fresh start 20.- La rehabilitaci\u00f3n del deudor 21.- La rehabilitaci\u00f3n del deudor 22.- La rehabilitaci\u00f3n del deudor 23.- Inembargabilidad de persona deudora 24.- Titularidad de liquidador en acciones revocatorias 25.- Titularidad de liquidador en acciones revocatorias 26.- Caducidad plazo interposici\u00f3n acciones revocatorias 27.- Abandono en las acciones revocatorias 28.- Abandono en las acciones revocatorias 29.- Abandono en las acciones revocatorias 30.- Compatibilidad acciones de nulidad en la ley 20.720 31.- Insolvencia transfronteriza 32.- Insolvencia transfronteriza<\/p>\n","protected":false},"featured_media":2774,"comment_status":"open","ping_status":"closed","template":"","meta":{"inline_featured_image":false,"_joinchat":[]},"product_brand":[],"product_cat":[45,61],"product_tag":[],"class_list":{"0":"post-2724","1":"product","2":"type-product","3":"status-publish","4":"has-post-thumbnail","6":"product_cat-administrativo","7":"product_cat-codigos-de-la-republica-de-chile-ano-2024","8":"product_shipping_class-a-convenir","10":"first","11":"instock","12":"shipping-taxable","13":"purchasable","14":"product-type-simple"},"_links":{"self":[{"href":"https:\/\/bibliotecajuridicavirtual.cl\/index.php\/wp-json\/wp\/v2\/product\/2724","targetHints":{"allow":["GET"]}}],"collection":[{"href":"https:\/\/bibliotecajuridicavirtual.cl\/index.php\/wp-json\/wp\/v2\/product"}],"about":[{"href":"https:\/\/bibliotecajuridicavirtual.cl\/index.php\/wp-json\/wp\/v2\/types\/product"}],"replies":[{"embeddable":true,"href":"https:\/\/bibliotecajuridicavirtual.cl\/index.php\/wp-json\/wp\/v2\/comments?post=2724"}],"wp:featuredmedia":[{"embeddable":true,"href":"https:\/\/bibliotecajuridicavirtual.cl\/index.php\/wp-json\/wp\/v2\/media\/2774"}],"wp:attachment":[{"href":"https:\/\/bibliotecajuridicavirtual.cl\/index.php\/wp-json\/wp\/v2\/media?parent=2724"}],"wp:term":[{"taxonomy":"product_brand","embeddable":true,"href":"https:\/\/bibliotecajuridicavirtual.cl\/index.php\/wp-json\/wp\/v2\/product_brand?post=2724"},{"taxonomy":"product_cat","embeddable":true,"href":"https:\/\/bibliotecajuridicavirtual.cl\/index.php\/wp-json\/wp\/v2\/product_cat?post=2724"},{"taxonomy":"product_tag","embeddable":true,"href":"https:\/\/bibliotecajuridicavirtual.cl\/index.php\/wp-json\/wp\/v2\/product_tag?post=2724"}],"curies":[{"name":"wp","href":"https:\/\/api.w.org\/{rel}","templated":true}]}}