{"id":2725,"date":"2026-02-28T01:05:04","date_gmt":"2026-02-28T04:05:04","guid":{"rendered":"https:\/\/bibliotecajuridicavirtual.cl\/?post_type=product&#038;p=2725"},"modified":"2026-02-28T01:05:28","modified_gmt":"2026-02-28T04:05:28","slug":"vision-jurisprudencial-juicio-ejecutivo-facturas-ano-marzo-2023-174-pag-autor-editorial-hammurabi","status":"publish","type":"product","link":"https:\/\/bibliotecajuridicavirtual.cl\/index.php\/product\/vision-jurisprudencial-juicio-ejecutivo-facturas-ano-marzo-2023-174-pag-autor-editorial-hammurabi\/","title":{"rendered":"Visi\u00f3n Jurisprudencial &#8211; Juicio Ejecutivo &#8211; Facturas. A\u00f1o Marzo 2023\/ 174 P\u00e1g. Autor \tEditorial Hammurabi"},"content":{"rendered":"<div class=\"page\" role=\"region\" data-page-number=\"3\" aria-label=\"P\u00e1gina 3\" data-loaded=\"true\">\n<div class=\"textLayer\" data-main-rotation=\"0\"><span id=\"page73R_mcid34\" class=\"markedContent\"><br role=\"presentation\" \/><span dir=\"ltr\" role=\"presentation\">INDICE GENERAL<\/span><\/span><span id=\"page73R_mcid35\" class=\"markedContent\"><br role=\"presentation\" \/><span dir=\"ltr\" role=\"presentation\">1. FICHAS DE DEMANDAS EJECUTIVAS \u2013 FACTURAS.<\/span><\/span><span id=\"page73R_mcid36\" class=\"markedContent\"><br role=\"presentation\" \/><span dir=\"ltr\" role=\"presentation\">FICHA N\u00ba 1: JUICIO EJECUTIVO DE COBRO DE FACTURA ELECTR\u00d3NICA.<\/span>\u00a0<\/span><span id=\"page73R_mcid37\" class=\"markedContent\"><br role=\"presentation\" \/><span dir=\"ltr\" role=\"presentation\">AN\u00c1LISIS DE LA PRETENSI\u00d3N Y DEFENSA.<\/span><\/span><span id=\"page73R_mcid38\" class=\"markedContent\">\u00a0<\/span><span id=\"page73R_mcid40\" class=\"markedContent\"><br role=\"presentation\" \/><span dir=\"ltr\" role=\"presentation\">1. S\u00cdNTESIS DE LOS FALLOS<\/span><\/span><span id=\"page73R_mcid41\" class=\"markedContent\">\u00a0<span dir=\"ltr\" role=\"presentation\">.<\/span><\/span><span id=\"page73R_mcid43\" class=\"markedContent\"><br role=\"presentation\" \/><span dir=\"ltr\" role=\"presentation\">2. MONTO SOLICITADO Y CONCEDIDO<\/span><\/span><span id=\"page73R_mcid44\" class=\"markedContent\">\u00a0<\/span><span id=\"page73R_mcid46\" class=\"markedContent\"><br role=\"presentation\" \/><span dir=\"ltr\" role=\"presentation\">FICHA N\u00ba 2: DEMANDA EJECUTIVA DE COBRO DE FACTURA.<\/span><\/span><span id=\"page73R_mcid47\" class=\"markedContent\"><span class=\"markedContent\">\u00a0<\/span><\/span><span id=\"page73R_mcid49\" class=\"markedContent\"><br role=\"presentation\" \/><span dir=\"ltr\" role=\"presentation\">AN\u00c1LISIS DE LA PRETENSI\u00d3N Y DEFENSA.<\/span><\/span><span id=\"page73R_mcid50\" class=\"markedContent\">\u00a0<\/span><span id=\"page73R_mcid52\" class=\"markedContent\"><br role=\"presentation\" \/><span dir=\"ltr\" role=\"presentation\">1. S\u00cdNTESIS DE LOS FALLOS<\/span><\/span><span id=\"page73R_mcid53\" class=\"markedContent\">\u00a0<span dir=\"ltr\" role=\"presentation\">.<\/span><\/span><span id=\"page73R_mcid55\" class=\"markedContent\"><br role=\"presentation\" \/><span dir=\"ltr\" role=\"presentation\">2. MONTO SOLICITADO Y CONCEDIDO<\/span><\/span><span id=\"page73R_mcid58\" class=\"markedContent\"><br role=\"presentation\" \/><span dir=\"ltr\" role=\"presentation\">FICHA N\u00ba 3: DEMANDA EN JUICIO EJECUTIVO DE COBRO DE FACTURAS.<\/span>\u00a0<\/span><span id=\"page73R_mcid59\" class=\"markedContent\"><br role=\"presentation\" \/><span dir=\"ltr\" role=\"presentation\">AN\u00c1LISIS DE LA PRETENSI\u00d3N Y DEFENSA.<\/span><\/span><span id=\"page73R_mcid60\" class=\"markedContent\">\u00a0<span dir=\"ltr\" role=\"presentation\">.<\/span><\/span><span id=\"page73R_mcid62\" class=\"markedContent\"><br role=\"presentation\" \/><span dir=\"ltr\" role=\"presentation\">1. S\u00cdNTESIS DE LOS FALLOS<\/span><\/span><span id=\"page73R_mcid63\" class=\"markedContent\">\u00a0<\/span><span id=\"page73R_mcid65\" class=\"markedContent\"><br role=\"presentation\" \/><span dir=\"ltr\" role=\"presentation\">2. MONTO SOLICITADO Y CONCEDIDO<\/span><\/span><span id=\"page73R_mcid66\" class=\"markedContent\">\u00a0<\/span><span id=\"page73R_mcid68\" class=\"markedContent\"><br role=\"presentation\" \/><span dir=\"ltr\" role=\"presentation\">FICHA N\u00ba 4: DEMANDA EJECUTIVA COBRO DE FACTURAS.<\/span><\/span><span id=\"page73R_mcid71\" class=\"markedContent\"><br role=\"presentation\" \/><span dir=\"ltr\" role=\"presentation\">AN\u00c1LISIS DE LA PRETENSI\u00d3N Y DEFENSA.<\/span><\/span><span id=\"page73R_mcid72\" class=\"markedContent\">\u00a0<\/span><span id=\"page73R_mcid74\" class=\"markedContent\"><br role=\"presentation\" \/><span dir=\"ltr\" role=\"presentation\">1. S\u00cdNTESIS DE LOS FALLOS<\/span><\/span><span id=\"page73R_mcid75\" class=\"markedContent\">\u00a0<span dir=\"ltr\" role=\"presentation\">.<\/span><\/span><span id=\"page73R_mcid77\" class=\"markedContent\"><br role=\"presentation\" \/><span dir=\"ltr\" role=\"presentation\">2. MONTO SOLICITADO Y CONCEDIDO<\/span><\/span><span id=\"page73R_mcid80\" class=\"markedContent\"><br role=\"presentation\" \/><span dir=\"ltr\" role=\"presentation\">FICHA N\u00ba 5: DEMANDA EJECUTIVA COBRO DE FACTURA.<\/span><\/span><span id=\"page73R_mcid81\" class=\"markedContent\"><span class=\"markedContent\">\u00a0<\/span><\/span><span id=\"page73R_mcid83\" class=\"markedContent\"><br role=\"presentation\" \/><span dir=\"ltr\" role=\"presentation\">AN\u00c1LISIS DE LA PRETENSI\u00d3N Y DEFENSA.<\/span><\/span><span id=\"page73R_mcid84\" class=\"markedContent\">\u00a0<\/span><span id=\"page73R_mcid86\" class=\"markedContent\"><br role=\"presentation\" \/><span dir=\"ltr\" role=\"presentation\">1. S\u00cdNTESIS DE LOS FALLOS<\/span><\/span><span id=\"page73R_mcid87\" class=\"markedContent\">\u00a0<span dir=\"ltr\" role=\"presentation\">.<\/span><\/span><span id=\"page73R_mcid89\" class=\"markedContent\"><br role=\"presentation\" \/><span dir=\"ltr\" role=\"presentation\">2. MONTO SOLICITADO Y CONCEDIDO<\/span><\/span><span id=\"page73R_mcid90\" class=\"markedContent\">\u00a0<span dir=\"ltr\" role=\"presentation\">.<\/span><\/span><span id=\"page73R_mcid92\" class=\"markedContent\"><br role=\"presentation\" \/><span dir=\"ltr\" role=\"presentation\">FICHA N\u00ba 6: DEMANDA EJECUTIVA, COBRO DE FACTURAS.<\/span><\/span><span id=\"page73R_mcid93\" class=\"markedContent\"><span class=\"markedContent\">\u00a0<\/span><\/span><span id=\"page73R_mcid95\" class=\"markedContent\"><br role=\"presentation\" \/><span dir=\"ltr\" role=\"presentation\">AN\u00c1LISIS DE LA PRETENSI\u00d3N Y DEFENSA.<\/span><\/span><span id=\"page73R_mcid96\" class=\"markedContent\">\u00a0<span dir=\"ltr\" role=\"presentation\">.<\/span><\/span><span id=\"page73R_mcid98\" class=\"markedContent\"><br role=\"presentation\" \/><span dir=\"ltr\" role=\"presentation\">1. S\u00cdNTESIS DE LOS FALLOS<\/span><\/span><span id=\"page73R_mcid99\" class=\"markedContent\">\u00a0<\/span><span id=\"page73R_mcid101\" class=\"markedContent\"><br role=\"presentation\" \/><span dir=\"ltr\" role=\"presentation\">2. MONTO SOLICITADO Y CONCEDIDO<\/span><\/span><span id=\"page73R_mcid102\" class=\"markedContent\">\u00a0<\/span><\/div>\n<\/div>\n<div class=\"page\" role=\"region\" data-page-number=\"4\" aria-label=\"P\u00e1gina 4\" data-loaded=\"true\">\n<div class=\"textLayer\" data-main-rotation=\"0\"><span id=\"page94R_mcid104\" class=\"markedContent\"><span dir=\"ltr\" role=\"presentation\">FICHA N\u00ba 7: DEMANDA EJECUTIVA, PREVIA GESTI\u00d3N PREPARATORIA DE NO<\/span><\/span><span id=\"page94R_mcid105\" class=\"markedContent\"><span dir=\"ltr\" role=\"presentation\">\u2013<\/span><\/span><span id=\"page94R_mcid106\" class=\"markedContent\"><br role=\"presentation\" \/><span dir=\"ltr\" role=\"presentation\">TIFICACI\u00d3N DE FACTURA.<\/span><\/span><span id=\"page94R_mcid107\" class=\"markedContent\">\u00a0<\/span><span id=\"page94R_mcid109\" class=\"markedContent\"><br role=\"presentation\" \/><span dir=\"ltr\" role=\"presentation\">AN\u00c1LISIS DE LA PRETENSI\u00d3N Y DEFENSA.<\/span><\/span><span id=\"page94R_mcid110\" class=\"markedContent\">\u00a0<\/span><span id=\"page94R_mcid112\" class=\"markedContent\"><br role=\"presentation\" \/><span dir=\"ltr\" role=\"presentation\">1. S\u00cdNTESIS DE LOS FALLOS<\/span><\/span><span id=\"page94R_mcid113\" class=\"markedContent\">\u00a0<span dir=\"ltr\" role=\"presentation\">.<\/span><\/span><span id=\"page94R_mcid115\" class=\"markedContent\"><br role=\"presentation\" \/><span dir=\"ltr\" role=\"presentation\">2. MONTO SOLICITADO Y CONCEDIDO<\/span><\/span><span id=\"page94R_mcid116\" class=\"markedContent\">\u00a0<\/span><span id=\"page94R_mcid118\" class=\"markedContent\"><br role=\"presentation\" \/><span dir=\"ltr\" role=\"presentation\">FICHA N\u00ba 8: DEMANDA EJECUTIVA, PREVIA GESTI\u00d3N PREPARATORIA DE NO<\/span><\/span><span id=\"page94R_mcid120\" class=\"markedContent\"><span dir=\"ltr\" role=\"presentation\">TIFICACI\u00d3N JUDICIAL DE FACTURA.<\/span><\/span><span id=\"page94R_mcid123\" class=\"markedContent\"><br role=\"presentation\" \/><span dir=\"ltr\" role=\"presentation\">AN\u00c1LISIS DE LA PRETENSI\u00d3N Y DEFENSA.<\/span><\/span><span id=\"page94R_mcid124\" class=\"markedContent\">\u00a0<\/span><span id=\"page94R_mcid126\" class=\"markedContent\"><br role=\"presentation\" \/><span dir=\"ltr\" role=\"presentation\">1. S\u00cdNTESIS DE LOS FALLOS<\/span><\/span><span id=\"page94R_mcid127\" class=\"markedContent\">\u00a0<\/span><span id=\"page94R_mcid129\" class=\"markedContent\"><br role=\"presentation\" \/><span dir=\"ltr\" role=\"presentation\">2. MONTO SOLICITADO Y CONCEDIDO<\/span><\/span><span id=\"page94R_mcid130\" class=\"markedContent\">\u00a0<\/span><span id=\"page94R_mcid132\" class=\"markedContent\"><br role=\"presentation\" \/><span dir=\"ltr\" role=\"presentation\">FICHA N\u00ba 9: DEMANDA EJECUTIVA DE COBRO DE FACTURA.<\/span><\/span><span id=\"page94R_mcid133\" class=\"markedContent\"><span class=\"markedContent\">\u00a0<\/span><\/span><span id=\"page94R_mcid135\" class=\"markedContent\"><br role=\"presentation\" \/><span dir=\"ltr\" role=\"presentation\">AN\u00c1LISIS DE LA PRETENSI\u00d3N Y DEFENSA.<\/span><\/span><span id=\"page94R_mcid136\" class=\"markedContent\">\u00a0<\/span><span id=\"page94R_mcid138\" class=\"markedContent\"><br role=\"presentation\" \/><span dir=\"ltr\" role=\"presentation\">1. S\u00cdNTESIS DE LOS FALLOS<\/span><\/span><span id=\"page94R_mcid139\" class=\"markedContent\">\u00a0<span dir=\"ltr\" role=\"presentation\">.<\/span><\/span><span id=\"page94R_mcid141\" class=\"markedContent\"><br role=\"presentation\" \/><span dir=\"ltr\" role=\"presentation\">2. MONTO SOLICITADO Y CONCEDIDO<\/span><\/span><span id=\"page94R_mcid142\" class=\"markedContent\">\u00a0<\/span><span id=\"page94R_mcid144\" class=\"markedContent\"><br role=\"presentation\" \/><span dir=\"ltr\" role=\"presentation\">FICHA N\u00ba 10: DEMANDA EJECUTIVA DE FACTURA ELECTR\u00d3NICA.<\/span><\/span><span id=\"page94R_mcid145\" class=\"markedContent\"><span class=\"markedContent\">\u00a0<\/span><\/span><span id=\"page94R_mcid147\" class=\"markedContent\"><br role=\"presentation\" \/><span dir=\"ltr\" role=\"presentation\">AN\u00c1LISIS DE LA PRETENSI\u00d3N Y DEFENSA.<\/span><\/span><span id=\"page94R_mcid148\" class=\"markedContent\">\u00a0<\/span><span id=\"page94R_mcid150\" class=\"markedContent\"><br role=\"presentation\" \/><span dir=\"ltr\" role=\"presentation\">1. S\u00cdNTESIS DE LOS FALLOS<\/span><\/span><span id=\"page94R_mcid151\" class=\"markedContent\">\u00a0<\/span><span id=\"page94R_mcid153\" class=\"markedContent\"><br role=\"presentation\" \/><span dir=\"ltr\" role=\"presentation\">2. MONTO SOLICITADO Y CONCEDIDO<\/span><\/span><span id=\"page94R_mcid154\" class=\"markedContent\">\u00a0<\/span><span id=\"page94R_mcid156\" class=\"markedContent\"><br role=\"presentation\" \/><span dir=\"ltr\" role=\"presentation\">FICHA N\u00ba 11: DEMANDA EJECUTIVA.<\/span><\/span><span id=\"page94R_mcid157\" class=\"markedContent\">\u00a0<\/span><span id=\"page94R_mcid159\" class=\"markedContent\"><br role=\"presentation\" \/><span dir=\"ltr\" role=\"presentation\">AN\u00c1LISIS DE LA PRETENSI\u00d3N Y DEFENSA.<\/span><\/span><span id=\"page94R_mcid160\" class=\"markedContent\">\u00a0<\/span><span id=\"page94R_mcid162\" class=\"markedContent\"><br role=\"presentation\" \/><span dir=\"ltr\" role=\"presentation\">1. S\u00cdNTESIS DE LOS FALLOS<\/span><\/span><span id=\"page94R_mcid163\" class=\"markedContent\">\u00a0<span dir=\"ltr\" role=\"presentation\">.<\/span><\/span><\/div>\n<div class=\"textLayer\" data-main-rotation=\"0\">\n<p><span id=\"page94R_mcid165\" class=\"markedContent\"><span dir=\"ltr\" role=\"presentation\">2. MONTO SOLICITADO Y CONCEDIDO<\/span><\/span><span id=\"page94R_mcid166\" class=\"markedContent\">\u00a0<\/span><span id=\"page94R_mcid168\" class=\"markedContent\"><br role=\"presentation\" \/><span dir=\"ltr\" role=\"presentation\">FICHA N\u00ba 12: DEMANDA EJECUTIVA DE FACTURAS ELECTR\u00d3NICAS.<\/span>\u00a0<\/span><span id=\"page94R_mcid169\" class=\"markedContent\"><br role=\"presentation\" \/><span dir=\"ltr\" role=\"presentation\">AN\u00c1LISIS DE LA PRETENSI\u00d3N Y DEFENSA.<\/span><\/span><span id=\"page94R_mcid170\" class=\"markedContent\">\u00a0<\/span><span id=\"page94R_mcid172\" class=\"markedContent\"><br role=\"presentation\" \/><span dir=\"ltr\" role=\"presentation\">1. S\u00cdNTESIS DE LOS FALLOS<\/span><\/span><span id=\"page94R_mcid173\" class=\"markedContent\">\u00a0<span dir=\"ltr\" role=\"presentation\">.<\/span><\/span><span id=\"page94R_mcid175\" class=\"markedContent\"><br role=\"presentation\" \/><span dir=\"ltr\" role=\"presentation\">2. MONTO SOLICITADO Y CONCEDIDO<\/span><\/span><span id=\"page94R_mcid176\" class=\"markedContent\">\u00a0<span dir=\"ltr\" role=\"presentation\">.<\/span><\/span><span id=\"page94R_mcid178\" class=\"markedContent\"><br role=\"presentation\" \/><span dir=\"ltr\" role=\"presentation\">2. SENTENCIAS DE LA CORTE SUPREMA \u2013 FACTURAS<\/span><\/span><span id=\"page94R_mcid179\" class=\"markedContent\"><br role=\"presentation\" \/><span dir=\"ltr\" role=\"presentation\">SENTENCIA 1. GBV CAPITALES S.A. CON COMPA\u00d1\u00cdA MINERA DEL PAC\u00cdFICO<\/span><\/span><span id=\"page94R_mcid180\" class=\"markedContent\"><br role=\"presentation\" \/><span dir=\"ltr\" role=\"presentation\">S.A.<\/span><\/span><span id=\"page94R_mcid183\" class=\"markedContent\"><br role=\"presentation\" \/><span dir=\"ltr\" role=\"presentation\">SENTENCIA 2. SOCIEDAD DE TRANSPORTES SEGOVIA LIMITADA CON EUROP<\/span><\/span><span id=\"page94R_mcid184\" class=\"markedContent\"><br role=\"presentation\" \/><span dir=\"ltr\" role=\"presentation\">SERVICIOS SPA.<\/span><\/span><span id=\"page94R_mcid185\" class=\"markedContent\">\u00a0<span dir=\"ltr\" role=\"presentation\">.<\/span><\/span><\/p>\n<div class=\"endOfContent\"><span dir=\"ltr\" role=\"presentation\">SENTENCIA<\/span>\u00a0<span dir=\"ltr\" role=\"presentation\">3.<\/span>\u00a0<span dir=\"ltr\" role=\"presentation\">CONSTRUCTORES<\/span>\u00a0<span dir=\"ltr\" role=\"presentation\">GRIM<\/span>\u00a0<span dir=\"ltr\" role=\"presentation\">SPA<\/span>\u00a0<span dir=\"ltr\" role=\"presentation\">CON<\/span>\u00a0<span dir=\"ltr\" role=\"presentation\">CONSTRUCTORA<\/span>\u00a0<span dir=\"ltr\" role=\"presentation\">AP<\/span><\/div>\n<\/div>\n<\/div>\n<div class=\"page\" role=\"region\" data-page-number=\"5\" aria-label=\"P\u00e1gina 5\" data-loaded=\"true\">\n<div class=\"textLayer\" data-main-rotation=\"0\"><span id=\"page105R_mcid188\" class=\"markedContent\"><span dir=\"ltr\" role=\"presentation\">SPA.<\/span><\/span><span id=\"page105R_mcid189\" class=\"markedContent\">\u00a0<\/span><span id=\"page105R_mcid191\" class=\"markedContent\"><br role=\"presentation\" \/><span dir=\"ltr\" role=\"presentation\">SENTENCIA 4. TRANSPORTES SIAL LTDA. CON SOCIEDAD \u00c1RIDOS Y P\u00c9TREOS<\/span><\/span><span id=\"page105R_mcid192\" class=\"markedContent\"><br role=\"presentation\" \/><span dir=\"ltr\" role=\"presentation\">MAIPO S.A.<\/span><\/span><span id=\"page105R_mcid193\" class=\"markedContent\">\u00a0<\/span><span id=\"page105R_mcid195\" class=\"markedContent\"><br role=\"presentation\" \/><span dir=\"ltr\" role=\"presentation\">SENTENCIA 5. LOGROS FACTORING SPA CON ILUSTRE MUNICIPALIDAD DE\u00a0<\/span><\/span><span id=\"page105R_mcid196\" class=\"markedContent\"><span dir=\"ltr\" role=\"presentation\">VALPARA\u00cdSO.<\/span><\/span><span id=\"page105R_mcid197\" class=\"markedContent\">\u00a0<\/span><span id=\"page105R_mcid199\" class=\"markedContent\"><br role=\"presentation\" \/><span dir=\"ltr\" role=\"presentation\">SENTENCIA 6. HELICAL GROUP SPA CON SOCIEDAD CONTRACTUAL MINERA<\/span><\/span><span id=\"page105R_mcid200\" class=\"markedContent\"><br role=\"presentation\" \/><span dir=\"ltr\" role=\"presentation\">ATACAMA KOZAN SPA.<\/span><\/span><span id=\"page105R_mcid201\" class=\"markedContent\">\u00a0<\/span><span id=\"page105R_mcid203\" class=\"markedContent\"><br role=\"presentation\" \/><span dir=\"ltr\" role=\"presentation\">SENTENCIA 7. COMERCIAL SOLFRESH SPA CON MAR\u00cdA ERNESTINA AGUILE<\/span><\/span><span id=\"page105R_mcid205\" class=\"markedContent\"><span dir=\"ltr\" role=\"presentation\">RA OT\u00c1ROLA.<\/span><\/span><span id=\"page105R_mcid208\" class=\"markedContent\"><br role=\"presentation\" \/><span dir=\"ltr\" role=\"presentation\">SENTENCIA 8. COOPERATIVA AGR\u00cdCOLA PISQUERA ELQUI LIMITADA CON\u00a0<\/span><\/span><span id=\"page105R_mcid209\" class=\"markedContent\"><span dir=\"ltr\" role=\"presentation\">AGROFOODS CENTRAL VALLEY CHILE S.A.<\/span><\/span><span id=\"page105R_mcid212\" class=\"markedContent\"><br role=\"presentation\" \/><span dir=\"ltr\" role=\"presentation\">SENTENCIA 9. NUEVO CAPITAL S.A. CON EMPRESA DE SERVICIOS SANITARIOS\u00a0<\/span><\/span><span id=\"page105R_mcid213\" class=\"markedContent\"><span dir=\"ltr\" role=\"presentation\">DE LOS LAGOS.<\/span><\/span><span id=\"page105R_mcid214\" class=\"markedContent\">\u00a0<\/span><span id=\"page105R_mcid216\" class=\"markedContent\"><br role=\"presentation\" \/><span dir=\"ltr\" role=\"presentation\">SENTENCIA 10. CONSTRUCTORA ARRIAGADA LIMITADA CON INMOBILIARIA\u00a0<\/span><\/span><span id=\"page105R_mcid217\" class=\"markedContent\"><span dir=\"ltr\" role=\"presentation\">SUE\u00d1OS AUSTRALES S.A.<\/span><\/span><span id=\"page105R_mcid220\" class=\"markedContent\"><br role=\"presentation\" \/><span dir=\"ltr\" role=\"presentation\">SENTENCIA 11. FACTORING NACIONAL SPA CON ILUSTRE MUNICIPALIDAD\u00a0<\/span><\/span><span id=\"page105R_mcid221\" class=\"markedContent\"><span dir=\"ltr\" role=\"presentation\">DE VI\u00d1A<\/span><\/span><span id=\"page105R_mcid224\" class=\"markedContent\"><br role=\"presentation\" \/><span dir=\"ltr\" role=\"presentation\">SENTENCIA 12. GERMAN YAMIL TAPIA HERRERA CON GRUPO MOSTAZAL<\/span><\/span><span id=\"page105R_mcid225\" class=\"markedContent\"><br role=\"presentation\" \/><span dir=\"ltr\" role=\"presentation\">SPA.<\/span><\/span><\/div>\n<\/div>\n","protected":false},"excerpt":{"rendered":"<p>INDICE GENERAL1. FICHAS DE DEMANDAS EJECUTIVAS \u2013 FACTURAS.FICHA N\u00ba 1: JUICIO EJECUTIVO DE COBRO DE FACTURA ELECTR\u00d3NICA.\u00a0AN\u00c1LISIS DE LA PRETENSI\u00d3N Y DEFENSA.\u00a01. S\u00cdNTESIS DE LOS FALLOS\u00a0.2. MONTO SOLICITADO Y CONCEDIDO\u00a0FICHA N\u00ba 2: DEMANDA EJECUTIVA DE COBRO DE FACTURA.\u00a0AN\u00c1LISIS DE LA PRETENSI\u00d3N Y DEFENSA.\u00a01. S\u00cdNTESIS DE LOS FALLOS\u00a0.2. MONTO SOLICITADO Y CONCEDIDOFICHA N\u00ba 3: DEMANDA EN JUICIO EJECUTIVO DE COBRO DE FACTURAS.\u00a0AN\u00c1LISIS DE LA PRETENSI\u00d3N Y DEFENSA.\u00a0.1. S\u00cdNTESIS DE LOS FALLOS\u00a02. MONTO SOLICITADO Y CONCEDIDO\u00a0FICHA N\u00ba 4: DEMANDA EJECUTIVA COBRO DE FACTURAS.AN\u00c1LISIS DE LA PRETENSI\u00d3N Y DEFENSA.\u00a01. S\u00cdNTESIS DE LOS FALLOS\u00a0.2. MONTO SOLICITADO Y CONCEDIDOFICHA N\u00ba 5: DEMANDA EJECUTIVA COBRO DE FACTURA.\u00a0AN\u00c1LISIS DE LA PRETENSI\u00d3N Y DEFENSA.\u00a01. S\u00cdNTESIS DE LOS FALLOS\u00a0.2. MONTO SOLICITADO Y CONCEDIDO\u00a0.FICHA N\u00ba 6: DEMANDA EJECUTIVA, COBRO DE FACTURAS.\u00a0AN\u00c1LISIS DE LA PRETENSI\u00d3N Y DEFENSA.\u00a0.1. S\u00cdNTESIS DE LOS FALLOS\u00a02. MONTO SOLICITADO Y CONCEDIDO\u00a0 FICHA N\u00ba 7: DEMANDA EJECUTIVA, PREVIA GESTI\u00d3N PREPARATORIA DE NO\u2013TIFICACI\u00d3N DE FACTURA.\u00a0AN\u00c1LISIS DE LA PRETENSI\u00d3N Y DEFENSA.\u00a01. S\u00cdNTESIS DE LOS FALLOS\u00a0.2. MONTO SOLICITADO Y CONCEDIDO\u00a0FICHA N\u00ba 8: DEMANDA EJECUTIVA, PREVIA GESTI\u00d3N PREPARATORIA DE NOTIFICACI\u00d3N JUDICIAL DE FACTURA.AN\u00c1LISIS DE LA PRETENSI\u00d3N Y DEFENSA.\u00a01. S\u00cdNTESIS DE LOS FALLOS\u00a02. MONTO SOLICITADO Y CONCEDIDO\u00a0FICHA N\u00ba 9: DEMANDA EJECUTIVA DE COBRO DE FACTURA.\u00a0AN\u00c1LISIS DE LA PRETENSI\u00d3N Y DEFENSA.\u00a01. S\u00cdNTESIS DE LOS FALLOS\u00a0.2. MONTO SOLICITADO Y CONCEDIDO\u00a0FICHA N\u00ba 10: DEMANDA EJECUTIVA DE FACTURA ELECTR\u00d3NICA.\u00a0AN\u00c1LISIS DE LA PRETENSI\u00d3N Y DEFENSA.\u00a01. S\u00cdNTESIS DE LOS FALLOS\u00a02. MONTO SOLICITADO Y CONCEDIDO\u00a0FICHA N\u00ba 11: DEMANDA EJECUTIVA.\u00a0AN\u00c1LISIS DE LA PRETENSI\u00d3N Y DEFENSA.\u00a01. S\u00cdNTESIS DE LOS FALLOS\u00a0. 2. MONTO SOLICITADO Y CONCEDIDO\u00a0FICHA N\u00ba 12: DEMANDA EJECUTIVA DE FACTURAS ELECTR\u00d3NICAS.\u00a0AN\u00c1LISIS DE LA PRETENSI\u00d3N Y DEFENSA.\u00a01. S\u00cdNTESIS DE LOS FALLOS\u00a0.2. MONTO SOLICITADO Y CONCEDIDO\u00a0.2. SENTENCIAS DE LA CORTE SUPREMA \u2013 FACTURASSENTENCIA 1. GBV CAPITALES S.A. CON COMPA\u00d1\u00cdA MINERA DEL PAC\u00cdFICOS.A.SENTENCIA 2. SOCIEDAD DE TRANSPORTES SEGOVIA LIMITADA CON EUROPSERVICIOS SPA.\u00a0. SENTENCIA\u00a03.\u00a0CONSTRUCTORES\u00a0GRIM\u00a0SPA\u00a0CON\u00a0CONSTRUCTORA\u00a0AP SPA.\u00a0SENTENCIA 4. TRANSPORTES SIAL LTDA. CON SOCIEDAD \u00c1RIDOS Y P\u00c9TREOSMAIPO S.A.\u00a0SENTENCIA 5. LOGROS FACTORING SPA CON ILUSTRE MUNICIPALIDAD DE\u00a0VALPARA\u00cdSO.\u00a0SENTENCIA 6. HELICAL GROUP SPA CON SOCIEDAD CONTRACTUAL MINERAATACAMA KOZAN SPA.\u00a0SENTENCIA 7. COMERCIAL SOLFRESH SPA CON MAR\u00cdA ERNESTINA AGUILERA OT\u00c1ROLA.SENTENCIA 8. COOPERATIVA AGR\u00cdCOLA PISQUERA ELQUI LIMITADA CON\u00a0AGROFOODS CENTRAL VALLEY CHILE S.A.SENTENCIA 9. NUEVO CAPITAL S.A. CON EMPRESA DE SERVICIOS SANITARIOS\u00a0DE LOS LAGOS.\u00a0SENTENCIA 10. CONSTRUCTORA ARRIAGADA LIMITADA CON INMOBILIARIA\u00a0SUE\u00d1OS AUSTRALES S.A.SENTENCIA 11. FACTORING NACIONAL SPA CON ILUSTRE MUNICIPALIDAD\u00a0DE VI\u00d1ASENTENCIA 12. GERMAN YAMIL TAPIA HERRERA CON GRUPO MOSTAZALSPA.<\/p>\n","protected":false},"featured_media":2775,"comment_status":"open","ping_status":"closed","template":"","meta":{"inline_featured_image":false,"_joinchat":[]},"product_brand":[],"product_cat":[28],"product_tag":[],"class_list":{"0":"post-2725","1":"product","2":"type-product","3":"status-publish","4":"has-post-thumbnail","6":"product_cat-tributario","7":"product_shipping_class-a-convenir","9":"first","10":"instock","11":"shipping-taxable","12":"purchasable","13":"product-type-simple"},"_links":{"self":[{"href":"https:\/\/bibliotecajuridicavirtual.cl\/index.php\/wp-json\/wp\/v2\/product\/2725","targetHints":{"allow":["GET"]}}],"collection":[{"href":"https:\/\/bibliotecajuridicavirtual.cl\/index.php\/wp-json\/wp\/v2\/product"}],"about":[{"href":"https:\/\/bibliotecajuridicavirtual.cl\/index.php\/wp-json\/wp\/v2\/types\/product"}],"replies":[{"embeddable":true,"href":"https:\/\/bibliotecajuridicavirtual.cl\/index.php\/wp-json\/wp\/v2\/comments?post=2725"}],"wp:featuredmedia":[{"embeddable":true,"href":"https:\/\/bibliotecajuridicavirtual.cl\/index.php\/wp-json\/wp\/v2\/media\/2775"}],"wp:attachment":[{"href":"https:\/\/bibliotecajuridicavirtual.cl\/index.php\/wp-json\/wp\/v2\/media?parent=2725"}],"wp:term":[{"taxonomy":"product_brand","embeddable":true,"href":"https:\/\/bibliotecajuridicavirtual.cl\/index.php\/wp-json\/wp\/v2\/product_brand?post=2725"},{"taxonomy":"product_cat","embeddable":true,"href":"https:\/\/bibliotecajuridicavirtual.cl\/index.php\/wp-json\/wp\/v2\/product_cat?post=2725"},{"taxonomy":"product_tag","embeddable":true,"href":"https:\/\/bibliotecajuridicavirtual.cl\/index.php\/wp-json\/wp\/v2\/product_tag?post=2725"}],"curies":[{"name":"wp","href":"https:\/\/api.w.org\/{rel}","templated":true}]}}