{"id":2726,"date":"2026-02-28T01:05:04","date_gmt":"2026-02-28T04:05:04","guid":{"rendered":"https:\/\/bibliotecajuridicavirtual.cl\/?post_type=product&#038;p=2726"},"modified":"2026-02-28T01:05:29","modified_gmt":"2026-02-28T04:05:29","slug":"modo-de-adquirir-el-dominio-accesion-por-aluvion-ano-marzo-2023-103-pag-autor-harif-garate-rojas","status":"publish","type":"product","link":"https:\/\/bibliotecajuridicavirtual.cl\/index.php\/product\/modo-de-adquirir-el-dominio-accesion-por-aluvion-ano-marzo-2023-103-pag-autor-harif-garate-rojas\/","title":{"rendered":"Modo de Adquirir el Dominio Accesi\u00f3n por Aluvi\u00f3n. A\u00f1o Marzo 2023 \/103 P\u00e1g. Autor Harif G\u00e1rate Rojas"},"content":{"rendered":"<p style=\"font-weight: 400;\"><b><strong>NUDOS CR\u00cdTICOS EN EL CONTEXTO DE CAMBIO CLIM\u00c1TICO GLOBAL Y CRISIS SOCIOAMBIENTAL<\/strong><\/b><\/p>\n<p style=\"font-weight: 400;\">Este libro analiza los nudos cr\u00edticos que presenta el milenario modo de adquirir el dominio accesi\u00f3n por aluvi\u00f3n en el contexto de cambio clim\u00e1tico global y crisis ecol\u00f3gica del siglo XXI, mediante un an\u00e1lisis profundo de dicha instituci\u00f3n y de las implicancias adversas que aparejar\u00eda su aplicaci\u00f3n pr\u00e1ctica sobre los suelos h\u00eddricos de los cuerpos de aguas naturales y ecosistemas de humedal que se hayan secado total y definitivamente. La obra busca establecer que la desecaci\u00f3n que han experimentado los cuerpos de aguas naturales del planeta es atribuible directa o indirectamente a los efectos adversos del cambio clim\u00e1tico y a la intervenci\u00f3n antr\u00f3pica en las cuencas hidrogr\u00e1ficas, por lo cual hoy no ser\u00eda posible adquirir el dominio de los suelos h\u00eddricos por el modo accesi\u00f3n por aluvi\u00f3n, ya que para que dicha instituci\u00f3n opere exitosamente es fundamental que el secamiento total y definitivo que haya experimentado el cuerpo de agua o humedal sea producto de causas netamente naturales.<\/p>\n<p style=\"font-weight: 400;\">Por otro lado, el autor analiza la falta de legitimidad que actualmente ostentar\u00eda el modo de adquirir el dominio accesi\u00f3n por aluvi\u00f3n en el ordenamiento jur\u00eddico Chileno, argumentando que su aplicaci\u00f3n pr\u00e1ctica impedir\u00eda el cumplimiento eficaz de ciertos principios, funciones, deberes y derechos en materia de preservaci\u00f3n, conservaci\u00f3n y restauraci\u00f3n ambiental, y que adem\u00e1s dicha aplicaci\u00f3n sobre los suelos h\u00eddricos de relevancia ambiental aparejar\u00eda la creaci\u00f3n de una serie de inequidades ambientales y clim\u00e1ticas que derivar\u00e1n en sendos conflictos socioambientales. Finalmente, la obra busca que el lector pueda reflexionar acerca de la necesidad de reconfigurar legalmente el modo de adquirir el dominio accesi\u00f3n por aluvi\u00f3n, con el objeto de buscar adaptar dicha normativa a los valores ecol\u00f3gicos imperantes de la sociedad posmoderna en armon\u00eda con el deber Estatal de preservar la naturaleza, con la finalidad de instar a la preservaci\u00f3n, conservaci\u00f3n y restauraci\u00f3n de los atributos ambientales de los cuerpos de aguas, humedales y suelos h\u00eddricos, en raz\u00f3n del importante rol que cumplen estos ecosistemas en la lucha contra el cambio clim\u00e1tico.<\/p>\n<p style=\"font-weight: 400;\">\n<p style=\"font-weight: 400;\"><b><strong>CAP\u00cdTULO PRIMERO<\/strong><\/b><br \/>\n<b><strong>LOS RECURSOS NATURALES EN EL DERECHO ROMANO.\u00a0<\/strong><\/b><b><strong>NOCIONES GENERALES<\/strong><\/b><b><strong><br \/>\n<\/strong><\/b><\/p>\n<ol>\n<li style=\"font-weight: 400;\">La importancia del sistema de fuentes del derecho romano<br \/>\nII. La regulaci\u00f3n de los recursos naturales en el derecho romano<br \/>\nIII. La justificaci\u00f3n del establecimiento de ciertas figuras jur\u00eddicas romanas ante el evento de determinadas cat\u00e1strofes naturales<\/li>\n<\/ol>\n<p style=\"font-weight: 400;\"><b><strong>CAP\u00cdTULO SEGUNDO<br \/>\nEVOLUCI\u00d3N HIST\u00d3RICA DEL MODO DE ADQUIRIR EL DOMINIO\u00a0<\/strong><\/b><b><strong>ACCESI\u00d3N. ASPECTOS GENERALES<\/strong><\/b><\/p>\n<ol>\n<li style=\"font-weight: 400;\">Or\u00edgenes del modo de adquirir el dominio \u201caccesi\u00f3n\u201d<br \/>\nII. Evoluci\u00f3n hist\u00f3rico-jur\u00eddico de la accesi\u00f3n en el Derecho Occidental<\/li>\n<\/ol>\n<p style=\"font-weight: 400;\"><b><strong>CAP\u00cdTULO TERCERO<\/strong><\/b><br \/>\n<b><strong>EL MODO DE ADQUIRIR EL DOMINIO ACCESI\u00d3N POR ALUVI\u00d3N EN EL DERECHO CHILENO<\/strong><\/b><\/p>\n<ol>\n<li style=\"font-weight: 400;\">La accesi\u00f3n en el C\u00f3digo Civil chileno<br \/>\nII. El modo de adquirir el dominio accesi\u00f3n en su modalidad espec\u00edfica \u201caluvi\u00f3n\u201d<br \/>\nIII. Requisitos legales, doctrinarios y jurisprudenciales del modo de adquirir el dominio accesi\u00f3n por aluvi\u00f3n<br \/>\nIV. Accesi\u00f3n por aluvi\u00f3n y cambio clim\u00e1tico<\/li>\n<\/ol>\n<p style=\"font-weight: 400;\"><b><strong>CAP\u00cdTULO CUARTO<\/strong><\/b><br \/>\n<b><strong>LA REGULACI\u00d3N DE LOS CUERPOS DE AGUAS EN EL ORDENAMIENTO JUR\u00cdDICO CHILENO<\/strong><\/b><\/p>\n<ol>\n<li style=\"font-weight: 400;\">Los impactos del cambio clim\u00e1tico en los recursos h\u00eddricos<br \/>\nII. La regulaci\u00f3n de los cuerpos de aguas en el Derecho chileno<\/li>\n<\/ol>\n<p style=\"font-weight: 400;\"><b><strong>CAP\u00cdTULO QUINTO<\/strong><\/b><br \/>\n<b><strong>ECOSISTEMAS DE HUMEDAL Y ACCESI\u00d3N POR ALUVI\u00d3N<\/strong><\/b><\/p>\n<ol>\n<li style=\"font-weight: 400;\">Amenazas y afectaciones del cambio clim\u00e1tico a los ecosistemas de humedal<br \/>\nII. Importancia y caracter\u00edsticas de los ecosistemas de humedal<br \/>\nIII. Marco jur\u00eddico aplicable a los ecosistemas de humedal<br \/>\nIV. La operatividad del modo de adquirir el dominio accesi\u00f3n por aluvi\u00f3n en los suelos h\u00eddricos de los humedales<br \/>\nV. Los impactos adversos del cambio clim\u00e1tico en los ecosistemas de humedal y suelos h\u00eddricos<\/li>\n<\/ol>\n<p style=\"font-weight: 400;\"><b><strong>CAP\u00cdTULO SEXTO<\/strong><\/b><br \/>\n<b><strong>LOS EFECTOS ADVERSOS DEL CAMBIO CLIM\u00c1TICO Y SU RELACI\u00d3N CON EL MODO DE ADQUIRIR EL DOMINIO ACCESI\u00d3N POR ALUVI\u00d3N<\/strong><\/b><\/p>\n<ol>\n<li style=\"font-weight: 400;\">El cambio clim\u00e1tico global. Nociones generales<br \/>\nII. Los impactos del cambio clim\u00e1tico en Chile: \u201cLa megasequ\u00eda\u201d<br \/>\nIII. Los impactos del cambio clim\u00e1tico en los cuerpos de aguas naturales<br \/>\nIV. La operatividad del modo de adquirir el dominio accesi\u00f3n por aluvi\u00f3n en los suelos h\u00eddricos<\/li>\n<\/ol>\n<p style=\"font-weight: 400;\"><b><strong>CAP\u00cdTULO S\u00c9PTiMO<\/strong><\/b><br \/>\n<b><strong>EL PROBLEMA DE LA ILEGITIMIDAD DEL MODO DE ADQUIRIR EL DOMINIO\u00a0ACCESI\u00d3N POR ALUVI\u00d3N EN EL CONTEXTO DE CAMBIO CLIM\u00c1TICO GLOBAL Y CRISIS ECOL\u00d3GICA<\/strong><\/b><\/p>\n<ol>\n<li style=\"font-weight: 400;\">Legalidad y legitimidad. Aspectos generales<\/li>\n<li style=\"font-weight: 400;\">Criterios b\u00e1sicos de legitimidad de las leyes<\/li>\n<\/ol>\n<p style=\"font-weight: 400;\">III. \u00bfEs el modo de adquirir el dominio accesi\u00f3n por aluvi\u00f3n una figura jur\u00eddica ileg\u00edtima en el contexto de cambio clim\u00e1tico global y crisis ecol\u00f3gica?<br \/>\n1. La accesi\u00f3n por aluvi\u00f3n impide el cumplimiento eficaz de ciertos principios, funciones, deberes y derechos sociales en materia de preservaci\u00f3n, conservaci\u00f3n y\/o restauraci\u00f3n ecol\u00f3gica<br \/>\n2. La accesi\u00f3n por aluvi\u00f3n es una instituci\u00f3n ambiental y clim\u00e1ticamente injusta<br \/>\nIV. La necesidad de adecuar la regulaci\u00f3n de la accesi\u00f3n por aluvi\u00f3n a la realidad ecol\u00f3gica del siglo XXI<\/p>\n<p style=\"font-weight: 400;\"><b><strong>CAP\u00cdTULO OCTAVO<\/strong><\/b><br \/>\n<b><strong>SOLUCIONES DE LEGE FERENDA Y DE POL\u00cdTICA P\u00daBLICA<\/strong><\/b><\/p>\n<ol>\n<li style=\"font-weight: 400;\">La ilegitimidad del modo de adquirir el dominio accesi\u00f3n por aluvi\u00f3n en el contexto de cambio clim\u00e1tico global y crisis ecol\u00f3gica<\/li>\n<li style=\"font-weight: 400;\">Soluciones de Lege Ferenda<br \/>\n1. Derogaci\u00f3n total o parcial del modo de adquirir el dominio accesi\u00f3n por aluvi\u00f3n del ordenamiento jur\u00eddico chileno<br \/>\n2. Modificaci\u00f3n legal del modo de adquirir el dominio accesi\u00f3n por aluvi\u00f3n del ordenamiento jur\u00eddico chileno<\/li>\n<\/ol>\n<p style=\"font-weight: 400;\">III. Soluciones de Pol\u00edtica P\u00fablica<br \/>\n1. Fijaci\u00f3n de deslindes de los causes de los r\u00edos, lagos y esteros que sean Bienes Nacionales de Uso P\u00fablico mediante el procedimiento establecido en el Decreto Supremo N\u00b0 609 del a\u00f1o 1979<br \/>\n2. El problema que plantea la aplicaci\u00f3n del Decreto Supremo N\u00b0 609 del a\u00f1o 1979 en la fijaci\u00f3n de los deslindes de los lechos de los lagos menores<\/p>\n<p>IV. Los desaf\u00edos regulatorios que plantea el cambio clim\u00e1tico<\/p>\n","protected":false},"excerpt":{"rendered":"<p>NUDOS CR\u00cdTICOS EN EL CONTEXTO DE CAMBIO CLIM\u00c1TICO GLOBAL Y CRISIS SOCIOAMBIENTAL Este libro analiza los nudos cr\u00edticos que presenta el milenario modo de adquirir el dominio accesi\u00f3n por aluvi\u00f3n en el contexto de cambio clim\u00e1tico global y crisis ecol\u00f3gica del siglo XXI, mediante un an\u00e1lisis profundo de dicha instituci\u00f3n y de las implicancias adversas que aparejar\u00eda su aplicaci\u00f3n pr\u00e1ctica sobre los suelos h\u00eddricos de los cuerpos de aguas naturales y ecosistemas de humedal que se hayan secado total y definitivamente. La obra busca establecer que la desecaci\u00f3n que han experimentado los cuerpos de aguas naturales del planeta es atribuible directa o indirectamente a los efectos adversos del cambio clim\u00e1tico y a la intervenci\u00f3n antr\u00f3pica en las cuencas hidrogr\u00e1ficas, por lo cual hoy no ser\u00eda posible adquirir el dominio de los suelos h\u00eddricos por el modo accesi\u00f3n por aluvi\u00f3n, ya que para que dicha instituci\u00f3n opere exitosamente es fundamental que el secamiento total y definitivo que haya experimentado el cuerpo de agua o humedal sea producto de causas netamente naturales. Por otro lado, el autor analiza la falta de legitimidad que actualmente ostentar\u00eda el modo de adquirir el dominio accesi\u00f3n por aluvi\u00f3n en el ordenamiento jur\u00eddico Chileno, argumentando que su aplicaci\u00f3n pr\u00e1ctica impedir\u00eda el cumplimiento eficaz de ciertos principios, funciones, deberes y derechos en materia de preservaci\u00f3n, conservaci\u00f3n y restauraci\u00f3n ambiental, y que adem\u00e1s dicha aplicaci\u00f3n sobre los suelos h\u00eddricos de relevancia ambiental aparejar\u00eda la creaci\u00f3n de una serie de inequidades ambientales y clim\u00e1ticas que derivar\u00e1n en sendos conflictos socioambientales. Finalmente, la obra busca que el lector pueda reflexionar acerca de la necesidad de reconfigurar legalmente el modo de adquirir el dominio accesi\u00f3n por aluvi\u00f3n, con el objeto de buscar adaptar dicha normativa a los valores ecol\u00f3gicos imperantes de la sociedad posmoderna en armon\u00eda con el deber Estatal de preservar la naturaleza, con la finalidad de instar a la preservaci\u00f3n, conservaci\u00f3n y restauraci\u00f3n de los atributos ambientales de los cuerpos de aguas, humedales y suelos h\u00eddricos, en raz\u00f3n del importante rol que cumplen estos ecosistemas en la lucha contra el cambio clim\u00e1tico. CAP\u00cdTULO PRIMERO LOS RECURSOS NATURALES EN EL DERECHO ROMANO.\u00a0NOCIONES GENERALES La importancia del sistema de fuentes del derecho romano II. La regulaci\u00f3n de los recursos naturales en el derecho romano III. La justificaci\u00f3n del establecimiento de ciertas figuras jur\u00eddicas romanas ante el evento de determinadas cat\u00e1strofes naturales CAP\u00cdTULO SEGUNDO EVOLUCI\u00d3N HIST\u00d3RICA DEL MODO DE ADQUIRIR EL DOMINIO\u00a0ACCESI\u00d3N. ASPECTOS GENERALES Or\u00edgenes del modo de adquirir el dominio \u201caccesi\u00f3n\u201d II. Evoluci\u00f3n hist\u00f3rico-jur\u00eddico de la accesi\u00f3n en el Derecho Occidental CAP\u00cdTULO TERCERO EL MODO DE ADQUIRIR EL DOMINIO ACCESI\u00d3N POR ALUVI\u00d3N EN EL DERECHO CHILENO La accesi\u00f3n en el C\u00f3digo Civil chileno II. El modo de adquirir el dominio accesi\u00f3n en su modalidad espec\u00edfica \u201caluvi\u00f3n\u201d III. Requisitos legales, doctrinarios y jurisprudenciales del modo de adquirir el dominio accesi\u00f3n por aluvi\u00f3n IV. Accesi\u00f3n por aluvi\u00f3n y cambio clim\u00e1tico CAP\u00cdTULO CUARTO LA REGULACI\u00d3N DE LOS CUERPOS DE AGUAS EN EL ORDENAMIENTO JUR\u00cdDICO CHILENO Los impactos del cambio clim\u00e1tico en los recursos h\u00eddricos II. La regulaci\u00f3n de los cuerpos de aguas en el Derecho chileno CAP\u00cdTULO QUINTO ECOSISTEMAS DE HUMEDAL Y ACCESI\u00d3N POR ALUVI\u00d3N Amenazas y afectaciones del cambio clim\u00e1tico a los ecosistemas de humedal II. Importancia y caracter\u00edsticas de los ecosistemas de humedal III. Marco jur\u00eddico aplicable a los ecosistemas de humedal IV. La operatividad del modo de adquirir el dominio accesi\u00f3n por aluvi\u00f3n en los suelos h\u00eddricos de los humedales V. Los impactos adversos del cambio clim\u00e1tico en los ecosistemas de humedal y suelos h\u00eddricos CAP\u00cdTULO SEXTO LOS EFECTOS ADVERSOS DEL CAMBIO CLIM\u00c1TICO Y SU RELACI\u00d3N CON EL MODO DE ADQUIRIR EL DOMINIO ACCESI\u00d3N POR ALUVI\u00d3N El cambio clim\u00e1tico global. Nociones generales II. Los impactos del cambio clim\u00e1tico en Chile: \u201cLa megasequ\u00eda\u201d III. Los impactos del cambio clim\u00e1tico en los cuerpos de aguas naturales IV. La operatividad del modo de adquirir el dominio accesi\u00f3n por aluvi\u00f3n en los suelos h\u00eddricos CAP\u00cdTULO S\u00c9PTiMO EL PROBLEMA DE LA ILEGITIMIDAD DEL MODO DE ADQUIRIR EL DOMINIO\u00a0ACCESI\u00d3N POR ALUVI\u00d3N EN EL CONTEXTO DE CAMBIO CLIM\u00c1TICO GLOBAL Y CRISIS ECOL\u00d3GICA Legalidad y legitimidad. Aspectos generales Criterios b\u00e1sicos de legitimidad de las leyes III. \u00bfEs el modo de adquirir el dominio accesi\u00f3n por aluvi\u00f3n una figura jur\u00eddica ileg\u00edtima en el contexto de cambio clim\u00e1tico global y crisis ecol\u00f3gica? 1. La accesi\u00f3n por aluvi\u00f3n impide el cumplimiento eficaz de ciertos principios, funciones, deberes y derechos sociales en materia de preservaci\u00f3n, conservaci\u00f3n y\/o restauraci\u00f3n ecol\u00f3gica 2. La accesi\u00f3n por aluvi\u00f3n es una instituci\u00f3n ambiental y clim\u00e1ticamente injusta IV. La necesidad de adecuar la regulaci\u00f3n de la accesi\u00f3n por aluvi\u00f3n a la realidad ecol\u00f3gica del siglo XXI CAP\u00cdTULO OCTAVO SOLUCIONES DE LEGE FERENDA Y DE POL\u00cdTICA P\u00daBLICA La ilegitimidad del modo de adquirir el dominio accesi\u00f3n por aluvi\u00f3n en el contexto de cambio clim\u00e1tico global y crisis ecol\u00f3gica Soluciones de Lege Ferenda 1. Derogaci\u00f3n total o parcial del modo de adquirir el dominio accesi\u00f3n por aluvi\u00f3n del ordenamiento jur\u00eddico chileno 2. Modificaci\u00f3n legal del modo de adquirir el dominio accesi\u00f3n por aluvi\u00f3n del ordenamiento jur\u00eddico chileno III. Soluciones de Pol\u00edtica P\u00fablica 1. Fijaci\u00f3n de deslindes de los causes de los r\u00edos, lagos y esteros que sean Bienes Nacionales de Uso P\u00fablico mediante el procedimiento establecido en el Decreto Supremo N\u00b0 609 del a\u00f1o 1979 2. El problema que plantea la aplicaci\u00f3n del Decreto Supremo N\u00b0 609 del a\u00f1o 1979 en la fijaci\u00f3n de los deslindes de los lechos de los lagos menores IV. Los desaf\u00edos regulatorios que plantea el cambio clim\u00e1tico<\/p>\n","protected":false},"featured_media":2776,"comment_status":"open","ping_status":"closed","template":"","meta":{"inline_featured_image":false,"_joinchat":[]},"product_brand":[],"product_cat":[27],"product_tag":[],"class_list":{"0":"post-2726","1":"product","2":"type-product","3":"status-publish","4":"has-post-thumbnail","6":"product_cat-civil","7":"product_shipping_class-a-convenir","9":"first","10":"instock","11":"shipping-taxable","12":"purchasable","13":"product-type-simple"},"_links":{"self":[{"href":"https:\/\/bibliotecajuridicavirtual.cl\/index.php\/wp-json\/wp\/v2\/product\/2726","targetHints":{"allow":["GET"]}}],"collection":[{"href":"https:\/\/bibliotecajuridicavirtual.cl\/index.php\/wp-json\/wp\/v2\/product"}],"about":[{"href":"https:\/\/bibliotecajuridicavirtual.cl\/index.php\/wp-json\/wp\/v2\/types\/product"}],"replies":[{"embeddable":true,"href":"https:\/\/bibliotecajuridicavirtual.cl\/index.php\/wp-json\/wp\/v2\/comments?post=2726"}],"wp:featuredmedia":[{"embeddable":true,"href":"https:\/\/bibliotecajuridicavirtual.cl\/index.php\/wp-json\/wp\/v2\/media\/2776"}],"wp:attachment":[{"href":"https:\/\/bibliotecajuridicavirtual.cl\/index.php\/wp-json\/wp\/v2\/media?parent=2726"}],"wp:term":[{"taxonomy":"product_brand","embeddable":true,"href":"https:\/\/bibliotecajuridicavirtual.cl\/index.php\/wp-json\/wp\/v2\/product_brand?post=2726"},{"taxonomy":"product_cat","embeddable":true,"href":"https:\/\/bibliotecajuridicavirtual.cl\/index.php\/wp-json\/wp\/v2\/product_cat?post=2726"},{"taxonomy":"product_tag","embeddable":true,"href":"https:\/\/bibliotecajuridicavirtual.cl\/index.php\/wp-json\/wp\/v2\/product_tag?post=2726"}],"curies":[{"name":"wp","href":"https:\/\/api.w.org\/{rel}","templated":true}]}}