{"id":2727,"date":"2026-02-28T01:05:04","date_gmt":"2026-02-28T04:05:04","guid":{"rendered":"https:\/\/bibliotecajuridicavirtual.cl\/?post_type=product&#038;p=2727"},"modified":"2026-02-28T01:05:30","modified_gmt":"2026-02-28T04:05:30","slug":"vision-jurisprudencial-de-la-accion-de-demarcacion-y-cerramiento-ano-marzo-2023-168-pag-autor-editorial-hammurabi","status":"publish","type":"product","link":"https:\/\/bibliotecajuridicavirtual.cl\/index.php\/product\/vision-jurisprudencial-de-la-accion-de-demarcacion-y-cerramiento-ano-marzo-2023-168-pag-autor-editorial-hammurabi\/","title":{"rendered":"Vision Jurisprudencial de la Accion de Demarcacion y Cerramiento. A\u00f1o Marzo 2023\/ 168 P\u00e1g. Autor Editorial Hammurabi"},"content":{"rendered":"<ol>\n<li style=\"font-weight: 400;\"><b><strong> FICHAS DE DEMARCACI\u00d3N Y CERRAMIENTO<\/strong><\/b><\/li>\n<\/ol>\n<p style=\"font-weight: 400;\">Ficha N\u00ba 1: Demanda de demarcaci\u00f3n y cerramiento<\/p>\n<p style=\"font-weight: 400;\">An\u00e1lisis de la pretensi\u00f3n y defensa<\/p>\n<ol>\n<li style=\"font-weight: 400;\">S\u00edntesis de los fallos<br \/>\n2. Monto solicitado y concedido<\/li>\n<\/ol>\n<p style=\"font-weight: 400;\">Ficha N\u00ba 2: Demanda de acci\u00f3n de demarcaci\u00f3n y cerramiento<\/p>\n<p style=\"font-weight: 400;\">An\u00e1lisis de la pretensi\u00f3n y defensa<\/p>\n<ol>\n<li style=\"font-weight: 400;\">S\u00edntesis de los fallos<br \/>\n2. Monto solicitado y concedido<\/li>\n<\/ol>\n<p style=\"font-weight: 400;\">Ficha N\u00ba 3: Demanda en juicio sumario de demarcaci\u00f3n de deslindes<\/p>\n<p>An\u00e1lisis de la pretensi\u00f3n y defensa<\/p>\n<ol>\n<li style=\"font-weight: 400;\">S\u00edntesis de los fallos<br \/>\n2. Monto solicitado y concedido<\/li>\n<\/ol>\n<p style=\"font-weight: 400;\">Ficha N\u00ba 4: Demanda de demarcaci\u00f3n en procedimiento sumario<\/p>\n<p style=\"font-weight: 400;\">An\u00e1lisis de la pretensi\u00f3n y defensa<\/p>\n<ol>\n<li style=\"font-weight: 400;\">S\u00edntesis de los fallos<br \/>\n2. Monto solicitado y concedido<\/li>\n<\/ol>\n<p style=\"font-weight: 400;\">Ficha N\u00ba 5: Procedimiento Sumario. Cerramiento<\/p>\n<p style=\"font-weight: 400;\">An\u00e1lisis de la pretensi\u00f3n y defensa<\/p>\n<ol>\n<li style=\"font-weight: 400;\">S\u00edntesis de los fallos<br \/>\n2. Monto solicitado y concedido<\/li>\n<\/ol>\n<p style=\"font-weight: 400;\">Ficha N\u00ba 6: Demanda en juicio sumario de demarcaci\u00f3n y cerramiento.<\/p>\n<p>An\u00e1lisis de la pretensi\u00f3n y defensa<\/p>\n<ol>\n<li style=\"font-weight: 400;\">S\u00edntesis de los fallos<br \/>\n2. Monto solicitado y concedido<\/li>\n<\/ol>\n<p style=\"font-weight: 400;\">Ficha N\u00ba 7: Demanda en juicio sumario de demarcaci\u00f3n y cerramiento.<\/p>\n<p>An\u00e1lisis de la pretensi\u00f3n y defensa<\/p>\n<ol>\n<li style=\"font-weight: 400;\">S\u00edntesis de los fallos<br \/>\n2. Monto solicitado y concedido<\/li>\n<\/ol>\n<p style=\"font-weight: 400;\">Ficha N\u00ba 8: Demanda en juicio sumario de demarcaci\u00f3n y cerramiento.<\/p>\n<p>An\u00e1lisis de la pretensi\u00f3n y defensa<\/p>\n<ol>\n<li style=\"font-weight: 400;\">S\u00edntesis de los fallos<br \/>\n2. Monto solicitado y concedido<\/li>\n<\/ol>\n<p style=\"font-weight: 400;\">Ficha N\u00ba 9: Demanda de demarcaci\u00f3n y cerramiento.<\/p>\n<p>An\u00e1lisis de la pretensi\u00f3n y defensa<\/p>\n<ol>\n<li style=\"font-weight: 400;\">S\u00edntesis de los fallos<br \/>\n2. Monto solicitado y concedido<\/li>\n<\/ol>\n<p style=\"font-weight: 400;\">Ficha N\u00ba 10: Juicio sumario, demanda de demarcaci\u00f3n y cierre<\/p>\n<p style=\"font-weight: 400;\">An\u00e1lisis de la pretensi\u00f3n y defensa<\/p>\n<ol>\n<li style=\"font-weight: 400;\">S\u00edntesis de los fallos<br \/>\n2. Monto solicitado y concedido<\/li>\n<\/ol>\n<p style=\"font-weight: 400;\">Ficha N\u00ba 11: Demanda de demarcaci\u00f3n y cerramiento.<\/p>\n<p>An\u00e1lisis de la pretensi\u00f3n y defensa<\/p>\n<ol>\n<li style=\"font-weight: 400;\">S\u00edntesis de los fallos<br \/>\n2. Monto solicitado y concedido<\/li>\n<\/ol>\n<p style=\"font-weight: 400;\">Ficha N\u00ba 12: Demanda de demarcaci\u00f3n y cerramiento.<\/p>\n<p>An\u00e1lisis de la pretensi\u00f3n y defensa<\/p>\n<ol>\n<li style=\"font-weight: 400;\">S\u00edntesis de los fallos<br \/>\n2. Monto solicitado y concedido<\/li>\n<li style=\"font-weight: 400;\"><b><strong> SENTENCIAS DE LA CORTE SUPREMA<\/strong><\/b><\/li>\n<\/ol>\n<p style=\"font-weight: 400;\">Sentencia 1. Lukacs Cer\u00f3n contra Abarca Bustamante y otros.<br \/>\nSentencia 2. Concha Ib\u00e1\u00f1ez contra Inmobiliaria Altas Cumbres SpA<br \/>\nSentencia 3. Compagnon Pulgar contra Zwanzger Brehm.<br \/>\nSentencia 4. Ahumada Cort\u00e9s y Ahumada Toro contra Salinas Barraza.<br \/>\nSentencia 5. Comunidad Edificio Arenas de Cachagua contra Torres Spreng.<br \/>\nSentencia 6. Reyes Mar\u00edn contra Moraga Balbont\u00edn y Beltr\u00e1n Moraga.<br \/>\nSentencia 7. Acevedo N\u00fa\u00f1ez contra Castro Cabrera.<br \/>\nSentencia 8. Carlos Mamani contra Comunidad Ind\u00edgena de Mulluri.<br \/>\nSentencia 9. Juan de Dios Olea Soto contra Garc\u00eda Rojas.<br \/>\nSentencia 10. Joseff Koller Hager contra Belliazzi Barrientos.<br \/>\nSentencia 11. El Milagro S.A. contra Ossio Contreras<br \/>\nSentencia 12. Sociedad Agr\u00edcola Santa Valentina Limitada contra Agr\u00edcola El Resguardo S.A.<\/p>\n","protected":false},"excerpt":{"rendered":"<p>FICHAS DE DEMARCACI\u00d3N Y CERRAMIENTO Ficha N\u00ba 1: Demanda de demarcaci\u00f3n y cerramiento An\u00e1lisis de la pretensi\u00f3n y defensa S\u00edntesis de los fallos 2. Monto solicitado y concedido Ficha N\u00ba 2: Demanda de acci\u00f3n de demarcaci\u00f3n y cerramiento An\u00e1lisis de la pretensi\u00f3n y defensa S\u00edntesis de los fallos 2. Monto solicitado y concedido Ficha N\u00ba 3: Demanda en juicio sumario de demarcaci\u00f3n de deslindes An\u00e1lisis de la pretensi\u00f3n y defensa S\u00edntesis de los fallos 2. Monto solicitado y concedido Ficha N\u00ba 4: Demanda de demarcaci\u00f3n en procedimiento sumario An\u00e1lisis de la pretensi\u00f3n y defensa S\u00edntesis de los fallos 2. Monto solicitado y concedido Ficha N\u00ba 5: Procedimiento Sumario. Cerramiento An\u00e1lisis de la pretensi\u00f3n y defensa S\u00edntesis de los fallos 2. Monto solicitado y concedido Ficha N\u00ba 6: Demanda en juicio sumario de demarcaci\u00f3n y cerramiento. An\u00e1lisis de la pretensi\u00f3n y defensa S\u00edntesis de los fallos 2. Monto solicitado y concedido Ficha N\u00ba 7: Demanda en juicio sumario de demarcaci\u00f3n y cerramiento. An\u00e1lisis de la pretensi\u00f3n y defensa S\u00edntesis de los fallos 2. Monto solicitado y concedido Ficha N\u00ba 8: Demanda en juicio sumario de demarcaci\u00f3n y cerramiento. An\u00e1lisis de la pretensi\u00f3n y defensa S\u00edntesis de los fallos 2. Monto solicitado y concedido Ficha N\u00ba 9: Demanda de demarcaci\u00f3n y cerramiento. An\u00e1lisis de la pretensi\u00f3n y defensa S\u00edntesis de los fallos 2. Monto solicitado y concedido Ficha N\u00ba 10: Juicio sumario, demanda de demarcaci\u00f3n y cierre An\u00e1lisis de la pretensi\u00f3n y defensa S\u00edntesis de los fallos 2. Monto solicitado y concedido Ficha N\u00ba 11: Demanda de demarcaci\u00f3n y cerramiento. An\u00e1lisis de la pretensi\u00f3n y defensa S\u00edntesis de los fallos 2. Monto solicitado y concedido Ficha N\u00ba 12: Demanda de demarcaci\u00f3n y cerramiento. An\u00e1lisis de la pretensi\u00f3n y defensa S\u00edntesis de los fallos 2. Monto solicitado y concedido SENTENCIAS DE LA CORTE SUPREMA Sentencia 1. Lukacs Cer\u00f3n contra Abarca Bustamante y otros. Sentencia 2. Concha Ib\u00e1\u00f1ez contra Inmobiliaria Altas Cumbres SpA Sentencia 3. Compagnon Pulgar contra Zwanzger Brehm. Sentencia 4. Ahumada Cort\u00e9s y Ahumada Toro contra Salinas Barraza. Sentencia 5. Comunidad Edificio Arenas de Cachagua contra Torres Spreng. Sentencia 6. Reyes Mar\u00edn contra Moraga Balbont\u00edn y Beltr\u00e1n Moraga. Sentencia 7. Acevedo N\u00fa\u00f1ez contra Castro Cabrera. Sentencia 8. Carlos Mamani contra Comunidad Ind\u00edgena de Mulluri. Sentencia 9. Juan de Dios Olea Soto contra Garc\u00eda Rojas. Sentencia 10. Joseff Koller Hager contra Belliazzi Barrientos. Sentencia 11. El Milagro S.A. contra Ossio Contreras Sentencia 12. Sociedad Agr\u00edcola Santa Valentina Limitada contra Agr\u00edcola El Resguardo S.A.<\/p>\n","protected":false},"featured_media":2777,"comment_status":"open","ping_status":"closed","template":"","meta":{"inline_featured_image":false,"_joinchat":[]},"product_brand":[],"product_cat":[27],"product_tag":[],"class_list":{"0":"post-2727","1":"product","2":"type-product","3":"status-publish","4":"has-post-thumbnail","6":"product_cat-civil","7":"product_shipping_class-a-convenir","9":"first","10":"instock","11":"shipping-taxable","12":"purchasable","13":"product-type-simple"},"_links":{"self":[{"href":"https:\/\/bibliotecajuridicavirtual.cl\/index.php\/wp-json\/wp\/v2\/product\/2727","targetHints":{"allow":["GET"]}}],"collection":[{"href":"https:\/\/bibliotecajuridicavirtual.cl\/index.php\/wp-json\/wp\/v2\/product"}],"about":[{"href":"https:\/\/bibliotecajuridicavirtual.cl\/index.php\/wp-json\/wp\/v2\/types\/product"}],"replies":[{"embeddable":true,"href":"https:\/\/bibliotecajuridicavirtual.cl\/index.php\/wp-json\/wp\/v2\/comments?post=2727"}],"wp:featuredmedia":[{"embeddable":true,"href":"https:\/\/bibliotecajuridicavirtual.cl\/index.php\/wp-json\/wp\/v2\/media\/2777"}],"wp:attachment":[{"href":"https:\/\/bibliotecajuridicavirtual.cl\/index.php\/wp-json\/wp\/v2\/media?parent=2727"}],"wp:term":[{"taxonomy":"product_brand","embeddable":true,"href":"https:\/\/bibliotecajuridicavirtual.cl\/index.php\/wp-json\/wp\/v2\/product_brand?post=2727"},{"taxonomy":"product_cat","embeddable":true,"href":"https:\/\/bibliotecajuridicavirtual.cl\/index.php\/wp-json\/wp\/v2\/product_cat?post=2727"},{"taxonomy":"product_tag","embeddable":true,"href":"https:\/\/bibliotecajuridicavirtual.cl\/index.php\/wp-json\/wp\/v2\/product_tag?post=2727"}],"curies":[{"name":"wp","href":"https:\/\/api.w.org\/{rel}","templated":true}]}}