{"id":2728,"date":"2026-02-28T01:05:04","date_gmt":"2026-02-28T04:05:04","guid":{"rendered":"https:\/\/bibliotecajuridicavirtual.cl\/?post_type=product&#038;p=2728"},"modified":"2026-02-28T01:05:31","modified_gmt":"2026-02-28T04:05:31","slug":"boletin-de-jurisprudencia-de-derecho-laboral-nro-13-el-articulo-184-del-codigo-de-trabajo-ano-febrero-2023-166-pag-autor-editorial-hammurabi","status":"publish","type":"product","link":"https:\/\/bibliotecajuridicavirtual.cl\/index.php\/product\/boletin-de-jurisprudencia-de-derecho-laboral-nro-13-el-articulo-184-del-codigo-de-trabajo-ano-febrero-2023-166-pag-autor-editorial-hammurabi\/","title":{"rendered":"Bolet\u00edn de Jurisprudencia de Derecho Laboral Nro 13 &#8211; El Articulo 184 del C\u00f3digo de Trabajo. A\u00f1o Febrero 2023\/ 166 P\u00e1g. Autor Editorial Hammurabi"},"content":{"rendered":"<ol>\n<li style=\"font-weight: 400;\"><b><strong> FICHAS DE SENTENCIAS<\/strong><\/b><\/li>\n<\/ol>\n<p style=\"font-weight: 400;\">Ficha N\u00ba 1: Demanda ordinaria de indemnizaci\u00f3n de perjuicios por accidente del trabajo, en procedimiento general<\/p>\n<p>An\u00e1lisis de la pretensi\u00f3n y defensa<\/p>\n<ol>\n<li style=\"font-weight: 400;\">S\u00edntesis de los fallos<br \/>\n2. Monto solicitado y concedido<\/li>\n<\/ol>\n<p style=\"font-weight: 400;\">Ficha N\u00ba 2: Demanda de indemnizaci\u00f3n por accidente del trabajo.<\/p>\n<p style=\"font-weight: 400;\">An\u00e1lisis de la pretensi\u00f3n y defensa<\/p>\n<ol>\n<li style=\"font-weight: 400;\">S\u00edntesis de los fallos<br \/>\n2. Monto solicitado y concedido<\/li>\n<\/ol>\n<p style=\"font-weight: 400;\">Ficha N\u00ba 3: Demanda de indemnizaci\u00f3n de perjuicios por accidente del trabajo<\/p>\n<p style=\"font-weight: 400;\">An\u00e1lisis de la pretensi\u00f3n y defensa<\/p>\n<ol>\n<li style=\"font-weight: 400;\">S\u00edntesis de los fallos<br \/>\n2. Monto solicitado y concedido<\/li>\n<\/ol>\n<p style=\"font-weight: 400;\">Ficha N\u00ba 4: Demanda ordinaria en procedimiento de aplicaci\u00f3n general por accidente del trabajo e indemnizaci\u00f3n de perjuicios por da\u00f1o moral.<\/p>\n<p>An\u00e1lisis de la pretensi\u00f3n y defensa<\/p>\n<ol>\n<li style=\"font-weight: 400;\">S\u00edntesis de los fallos<br \/>\n2. Monto solicitado y concedido<\/li>\n<\/ol>\n<p style=\"font-weight: 400;\">Ficha N\u00ba 5: Demanda de tutela de derechos fundamentales<\/p>\n<p>An\u00e1lisis de la pretensi\u00f3n y defensa<\/p>\n<ol>\n<li style=\"font-weight: 400;\">S\u00edntesis de los fallos<br \/>\n2. Monto solicitado y concedido<\/li>\n<\/ol>\n<p style=\"font-weight: 400;\">Ficha N\u00ba 6: Demanda laboral de indemnizaci\u00f3n de perjuicios por responsabilidad contractual, derivada de accidente del trabajo, declaraci\u00f3n de empleador, co-empleador y\/o unidad econ\u00f3mica.<\/p>\n<p>An\u00e1lisis de la pretensi\u00f3n y defensa<\/p>\n<ol>\n<li style=\"font-weight: 400;\">S\u00edntesis de los fallos<br \/>\n2. Monto solicitado y concedido<\/li>\n<\/ol>\n<p style=\"font-weight: 400;\">Ficha N\u00ba 7: Demanda de indemnizaci\u00f3n de perjuicios contractuales por enfermedad profesional<\/p>\n<p style=\"font-weight: 400;\">An\u00e1lisis de la pretensi\u00f3n y defensa<\/p>\n<ol>\n<li style=\"font-weight: 400;\">S\u00edntesis de los fallos<br \/>\n2. Monto solicitado y concedido<\/li>\n<\/ol>\n<p style=\"font-weight: 400;\">FICHA N\u00ba 8: Demanda en procedimiento de aplicaci\u00f3n general de indemnizaci\u00f3n de perjuicios por accidente del trabajo<\/p>\n<p>An\u00e1lisis de la pretensi\u00f3n y defensa<\/p>\n<ol>\n<li style=\"font-weight: 400;\">S\u00edntesis de los fallos<br \/>\n2. Monto solicitado y concedido<\/li>\n<\/ol>\n<p style=\"font-weight: 400;\">Ficha N\u00ba 9: Demanda en procedimiento general por indemnizaci\u00f3n de da\u00f1o moral por enfermedad profesional<\/p>\n<p style=\"font-weight: 400;\">An\u00e1lisis de la pretensi\u00f3n y defensa<\/p>\n<ol>\n<li style=\"font-weight: 400;\">S\u00edntesis de los fallos<br \/>\n2. Monto solicitado y concedido<\/li>\n<\/ol>\n<p style=\"font-weight: 400;\">Ficha N\u00ba 10: Demanda en procedimiento ordinario de despido indirecto, cobro de prestaciones e indemnizaciones laborales.<\/p>\n<p>An\u00e1lisis de la pretensi\u00f3n y defensa<\/p>\n<ol>\n<li style=\"font-weight: 400;\">S\u00edntesis de los fallos<br \/>\n2. Monto solicitado y concedido<\/li>\n<\/ol>\n<p style=\"font-weight: 400;\">Ficha N\u00ba 11: Demanda por indemnizaci\u00f3n de perjuicios por accidente del trabajo.<\/p>\n<p>An\u00e1lisis de la pretensi\u00f3n y defensa<\/p>\n<ol>\n<li style=\"font-weight: 400;\">S\u00edntesis de los fallos<br \/>\n2. Monto solicitado y concedido<\/li>\n<\/ol>\n<p style=\"font-weight: 400;\">Ficha N\u00ba 12: Demanda en procedimiento laboral de aplicaci\u00f3n general de indemnizaci\u00f3n de perjuicios<\/p>\n<p style=\"font-weight: 400;\">An\u00e1lisis de la pretensi\u00f3n y defensa<\/p>\n<ol>\n<li style=\"font-weight: 400;\">S\u00edntesis de los fallos<br \/>\n2. Monto solicitado y concedido<b><strong>II. SENTENCIAS DE LA CORTE SUPREMA<\/strong><\/b><\/li>\n<\/ol>\n<p style=\"font-weight: 400;\">Sentencia 1. Cecilia Ivonne Baeza Letelier contra Ilustre Municipalidad de Talcahuano<br \/>\nSentencia 2. Walter Jonathan Yzara Angulo con PYG Construcciones S.p.A. y otras.<br \/>\nSentencia 3. Marcos Antonio Rebolledo Jim\u00e9nez contra Andes Airport Services S.A. y Latam Airlines Group S.A.<br \/>\nSentencia 4. Susana Gloria Segovia C\u00e1ceres contra Servicios y Comercial Rauco Limitada y Domingo Casta\u00f1o Ltda.<br \/>\nSentencia 5. Gilda Ch\u00e1vez Villegas con Inmuebles Catalu\u00f1a Limitada.<br \/>\nSentencia 6. Juan Carlos Gallegos Cea con Empresa de Transporte de Pasajeros Metro S.A y otros.<br \/>\nSentencia 7. Julio Enrique Orellana Vald\u00e9s contra Conpax Maquinarias SpA.<br \/>\nSentencia 8. Alberto Leal Silva con Constructora Montano S.A.<br \/>\nSentencia 9. Angela Marcela Jara Mora contra Ilustre Municipalidad de Alhu\u00e9<br \/>\nSentencia 10. Fabiola Rivera Pechuante y otros con Servicios M\u00e9dicos San Fernando Limitada y otros.<br \/>\nSentencia 11. Javier Andr\u00e9s Carrillo Arriagada contra Serminor Ltda. y otros<br \/>\nSentencia 12. Ver\u00f3nica Elizabeth Fern\u00e1ndez Parada con Transportes Sebasti\u00e1n Osses Ltda.<\/p>\n","protected":false},"excerpt":{"rendered":"<p>FICHAS DE SENTENCIAS Ficha N\u00ba 1: Demanda ordinaria de indemnizaci\u00f3n de perjuicios por accidente del trabajo, en procedimiento general An\u00e1lisis de la pretensi\u00f3n y defensa S\u00edntesis de los fallos 2. Monto solicitado y concedido Ficha N\u00ba 2: Demanda de indemnizaci\u00f3n por accidente del trabajo. An\u00e1lisis de la pretensi\u00f3n y defensa S\u00edntesis de los fallos 2. Monto solicitado y concedido Ficha N\u00ba 3: Demanda de indemnizaci\u00f3n de perjuicios por accidente del trabajo An\u00e1lisis de la pretensi\u00f3n y defensa S\u00edntesis de los fallos 2. Monto solicitado y concedido Ficha N\u00ba 4: Demanda ordinaria en procedimiento de aplicaci\u00f3n general por accidente del trabajo e indemnizaci\u00f3n de perjuicios por da\u00f1o moral. An\u00e1lisis de la pretensi\u00f3n y defensa S\u00edntesis de los fallos 2. Monto solicitado y concedido Ficha N\u00ba 5: Demanda de tutela de derechos fundamentales An\u00e1lisis de la pretensi\u00f3n y defensa S\u00edntesis de los fallos 2. Monto solicitado y concedido Ficha N\u00ba 6: Demanda laboral de indemnizaci\u00f3n de perjuicios por responsabilidad contractual, derivada de accidente del trabajo, declaraci\u00f3n de empleador, co-empleador y\/o unidad econ\u00f3mica. An\u00e1lisis de la pretensi\u00f3n y defensa S\u00edntesis de los fallos 2. Monto solicitado y concedido Ficha N\u00ba 7: Demanda de indemnizaci\u00f3n de perjuicios contractuales por enfermedad profesional An\u00e1lisis de la pretensi\u00f3n y defensa S\u00edntesis de los fallos 2. Monto solicitado y concedido FICHA N\u00ba 8: Demanda en procedimiento de aplicaci\u00f3n general de indemnizaci\u00f3n de perjuicios por accidente del trabajo An\u00e1lisis de la pretensi\u00f3n y defensa S\u00edntesis de los fallos 2. Monto solicitado y concedido Ficha N\u00ba 9: Demanda en procedimiento general por indemnizaci\u00f3n de da\u00f1o moral por enfermedad profesional An\u00e1lisis de la pretensi\u00f3n y defensa S\u00edntesis de los fallos 2. Monto solicitado y concedido Ficha N\u00ba 10: Demanda en procedimiento ordinario de despido indirecto, cobro de prestaciones e indemnizaciones laborales. An\u00e1lisis de la pretensi\u00f3n y defensa S\u00edntesis de los fallos 2. Monto solicitado y concedido Ficha N\u00ba 11: Demanda por indemnizaci\u00f3n de perjuicios por accidente del trabajo. An\u00e1lisis de la pretensi\u00f3n y defensa S\u00edntesis de los fallos 2. Monto solicitado y concedido Ficha N\u00ba 12: Demanda en procedimiento laboral de aplicaci\u00f3n general de indemnizaci\u00f3n de perjuicios An\u00e1lisis de la pretensi\u00f3n y defensa S\u00edntesis de los fallos 2. Monto solicitado y concedidoII. SENTENCIAS DE LA CORTE SUPREMA Sentencia 1. Cecilia Ivonne Baeza Letelier contra Ilustre Municipalidad de Talcahuano Sentencia 2. Walter Jonathan Yzara Angulo con PYG Construcciones S.p.A. y otras. Sentencia 3. Marcos Antonio Rebolledo Jim\u00e9nez contra Andes Airport Services S.A. y Latam Airlines Group S.A. Sentencia 4. Susana Gloria Segovia C\u00e1ceres contra Servicios y Comercial Rauco Limitada y Domingo Casta\u00f1o Ltda. Sentencia 5. Gilda Ch\u00e1vez Villegas con Inmuebles Catalu\u00f1a Limitada. Sentencia 6. Juan Carlos Gallegos Cea con Empresa de Transporte de Pasajeros Metro S.A y otros. Sentencia 7. Julio Enrique Orellana Vald\u00e9s contra Conpax Maquinarias SpA. Sentencia 8. Alberto Leal Silva con Constructora Montano S.A. Sentencia 9. Angela Marcela Jara Mora contra Ilustre Municipalidad de Alhu\u00e9 Sentencia 10. Fabiola Rivera Pechuante y otros con Servicios M\u00e9dicos San Fernando Limitada y otros. Sentencia 11. Javier Andr\u00e9s Carrillo Arriagada contra Serminor Ltda. y otros Sentencia 12. Ver\u00f3nica Elizabeth Fern\u00e1ndez Parada con Transportes Sebasti\u00e1n Osses Ltda.<\/p>\n","protected":false},"featured_media":2778,"comment_status":"open","ping_status":"closed","template":"","meta":{"inline_featured_image":false,"_joinchat":[]},"product_brand":[],"product_cat":[41],"product_tag":[],"class_list":{"0":"post-2728","1":"product","2":"type-product","3":"status-publish","4":"has-post-thumbnail","6":"product_cat-laboral","7":"product_shipping_class-a-convenir","9":"first","10":"instock","11":"shipping-taxable","12":"purchasable","13":"product-type-simple"},"_links":{"self":[{"href":"https:\/\/bibliotecajuridicavirtual.cl\/index.php\/wp-json\/wp\/v2\/product\/2728","targetHints":{"allow":["GET"]}}],"collection":[{"href":"https:\/\/bibliotecajuridicavirtual.cl\/index.php\/wp-json\/wp\/v2\/product"}],"about":[{"href":"https:\/\/bibliotecajuridicavirtual.cl\/index.php\/wp-json\/wp\/v2\/types\/product"}],"replies":[{"embeddable":true,"href":"https:\/\/bibliotecajuridicavirtual.cl\/index.php\/wp-json\/wp\/v2\/comments?post=2728"}],"wp:featuredmedia":[{"embeddable":true,"href":"https:\/\/bibliotecajuridicavirtual.cl\/index.php\/wp-json\/wp\/v2\/media\/2778"}],"wp:attachment":[{"href":"https:\/\/bibliotecajuridicavirtual.cl\/index.php\/wp-json\/wp\/v2\/media?parent=2728"}],"wp:term":[{"taxonomy":"product_brand","embeddable":true,"href":"https:\/\/bibliotecajuridicavirtual.cl\/index.php\/wp-json\/wp\/v2\/product_brand?post=2728"},{"taxonomy":"product_cat","embeddable":true,"href":"https:\/\/bibliotecajuridicavirtual.cl\/index.php\/wp-json\/wp\/v2\/product_cat?post=2728"},{"taxonomy":"product_tag","embeddable":true,"href":"https:\/\/bibliotecajuridicavirtual.cl\/index.php\/wp-json\/wp\/v2\/product_tag?post=2728"}],"curies":[{"name":"wp","href":"https:\/\/api.w.org\/{rel}","templated":true}]}}