{"id":2729,"date":"2026-02-28T01:05:04","date_gmt":"2026-02-28T04:05:04","guid":{"rendered":"https:\/\/bibliotecajuridicavirtual.cl\/?post_type=product&#038;p=2729"},"modified":"2026-02-28T01:05:32","modified_gmt":"2026-02-28T04:05:32","slug":"boletin-de-jurisprudencia-de-derecho-del-consumidor-n-2-robo-de-vehiculos-y-especies-desde-los-estacionamientos-ano-junio-2022-141-pag-autor-fabian-gonzalez-cazorla","status":"publish","type":"product","link":"https:\/\/bibliotecajuridicavirtual.cl\/index.php\/product\/boletin-de-jurisprudencia-de-derecho-del-consumidor-n-2-robo-de-vehiculos-y-especies-desde-los-estacionamientos-ano-junio-2022-141-pag-autor-fabian-gonzalez-cazorla\/","title":{"rendered":"Bolet\u00edn de Jurisprudencia de Derecho del Consumidor N 2 &#8211;  Robo de Veh\u00edculos y Especies desde los estacionamientos. A\u00f1o. Junio 2022\/ 141 P\u00e1g. Autor Fabi\u00e1n Gonz\u00e1lez Cazorla"},"content":{"rendered":"<ol>\n<li style=\"font-weight: 400;\"><b><strong> FICHAS SENTENCIAS<\/strong><\/b><\/li>\n<\/ol>\n<p style=\"font-weight: 400;\">Ficha 1: Demanda civil de indemnizaci\u00f3n de perjuicios por da\u00f1os materiales y da\u00f1o moral.<\/p>\n<ol>\n<li style=\"font-weight: 400;\">Doctrina<br \/>\nAn\u00e1lisis de la pretensi\u00f3n y defensa<\/li>\n<li style=\"font-weight: 400;\">Monto solicitado y concedido<\/li>\n<\/ol>\n<p style=\"font-weight: 400;\">Ficha 2: Querella y demanda civil deducida en el marco de la ley de protecci\u00f3n de los derechos de los consumidores.<\/p>\n<ol>\n<li style=\"font-weight: 400;\">Doctrina<\/li>\n<\/ol>\n<p style=\"font-weight: 400;\">An\u00e1lisis de la pretensi\u00f3n y defensa<\/p>\n<ol start=\"2\">\n<li style=\"font-weight: 400;\">Monto solicitado y concedido<\/li>\n<\/ol>\n<p style=\"font-weight: 400;\">Ficha 3: Querella infraccional contra administradora de supermercados.<\/p>\n<ol>\n<li style=\"font-weight: 400;\">Doctrina<\/li>\n<\/ol>\n<p style=\"font-weight: 400;\">An\u00e1lisis de la pretensi\u00f3n y defensa<\/p>\n<ol start=\"2\">\n<li style=\"font-weight: 400;\">Monto solicitado y concedido<\/li>\n<\/ol>\n<p style=\"font-weight: 400;\">Ficha 4: Querella y demanda civil.<\/p>\n<ol>\n<li style=\"font-weight: 400;\">Doctrina<\/li>\n<\/ol>\n<p style=\"font-weight: 400;\">An\u00e1lisis de la pretensi\u00f3n y defensa<\/p>\n<ol start=\"2\">\n<li style=\"font-weight: 400;\">Monto solicitado y concedido<\/li>\n<\/ol>\n<p style=\"font-weight: 400;\">Ficha 5: Denuncia infraccional y demanda civil.<\/p>\n<ol>\n<li style=\"font-weight: 400;\">Doctrina<\/li>\n<\/ol>\n<p style=\"font-weight: 400;\">An\u00e1lisis de la pretensi\u00f3n y defensa<\/p>\n<ol start=\"2\">\n<li style=\"font-weight: 400;\">Monto solicitado y concedido<\/li>\n<\/ol>\n<p style=\"font-weight: 400;\">Ficha 6: Querella infraccional y acci\u00f3n civil de indemnizaci\u00f3n de perjuicios.<\/p>\n<ol>\n<li style=\"font-weight: 400;\">Doctrina<\/li>\n<\/ol>\n<p style=\"font-weight: 400;\">An\u00e1lisis de la pretensi\u00f3n y defensa<\/p>\n<ol start=\"2\">\n<li style=\"font-weight: 400;\">Monto solicitado y concedido<\/li>\n<\/ol>\n<p style=\"font-weight: 400;\">Ficha 7: Denuncia infraccional y demanda civil en el marco de la ley sobre protecci\u00f3n de los derechos de los consumidores<\/p>\n<ol>\n<li style=\"font-weight: 400;\">Doctrina<\/li>\n<\/ol>\n<p style=\"font-weight: 400;\">An\u00e1lisis de la pretensi\u00f3n y defensa<\/p>\n<ol start=\"2\">\n<li style=\"font-weight: 400;\">Monto solicitado y concedido<\/li>\n<\/ol>\n<p style=\"font-weight: 400;\">FICHA 8: Recurso de Apelaci\u00f3n<\/p>\n<p>1. Doctrina<\/p>\n<p style=\"font-weight: 400;\">An\u00e1lisis de la pretensi\u00f3n y defensa<\/p>\n<ol start=\"2\">\n<li style=\"font-weight: 400;\">Monto solicitado y concedido<\/li>\n<\/ol>\n<p style=\"font-weight: 400;\">Ficha 9: Apelaci\u00f3n de sentencia definitiva<\/p>\n<ol>\n<li style=\"font-weight: 400;\">Doctrina<\/li>\n<\/ol>\n<p style=\"font-weight: 400;\">An\u00e1lisis de la pretensi\u00f3n y defensa<\/p>\n<ol start=\"2\">\n<li style=\"font-weight: 400;\">Monto solicitado y concedido<\/li>\n<\/ol>\n<p style=\"font-weight: 400;\">Ficha 10: Querella infraccional y la demanda civil. Recurso de apelaci\u00f3n<\/p>\n<ol>\n<li style=\"font-weight: 400;\">Doctrina<\/li>\n<\/ol>\n<p style=\"font-weight: 400;\">An\u00e1lisis de la pretensi\u00f3n y defensa<\/p>\n<ol start=\"2\">\n<li style=\"font-weight: 400;\">Monto solicitado y concedido<\/li>\n<\/ol>\n<p style=\"font-weight: 400;\">Ficha 11: Denuncia infraccional. Recurso de apelaci\u00f3n<\/p>\n<ol>\n<li style=\"font-weight: 400;\">Doctrina<\/li>\n<\/ol>\n<p style=\"font-weight: 400;\">An\u00e1lisis de la pretensi\u00f3n y defensa<\/p>\n<ol start=\"2\">\n<li style=\"font-weight: 400;\">Monto solicitado y concedido<\/li>\n<\/ol>\n<p style=\"font-weight: 400;\">Ficha 12: Querella y demanda<\/p>\n<ol>\n<li style=\"font-weight: 400;\">Doctrina<\/li>\n<\/ol>\n<p style=\"font-weight: 400;\">An\u00e1lisis de la pretensi\u00f3n y defensa<\/p>\n<ol start=\"2\">\n<li style=\"font-weight: 400;\">Monto solicitado y concedido<\/li>\n<\/ol>\n<p style=\"font-weight: 400;\">Ficha 13: Querella y demanda<\/p>\n<ol>\n<li style=\"font-weight: 400;\">Doctrina<\/li>\n<li style=\"font-weight: 400;\">Monto solicitado y concedido<\/li>\n<\/ol>\n<p style=\"font-weight: 400;\">Ficha 14: Apelaci\u00f3n de sentencia<br \/>\n1. Doctrina<\/p>\n<p style=\"font-weight: 400;\">An\u00e1lisis de la pretensi\u00f3n y defensa<\/p>\n<ol start=\"2\">\n<li style=\"font-weight: 400;\">Monto solicitado y concedido<\/li>\n<li style=\"font-weight: 400;\"><b><strong> SENTENCIAS DE LAS CORTES DE APELACIONES<\/strong><\/b><\/li>\n<\/ol>\n<p style=\"font-weight: 400;\">Sentencia 1: Administradora de Supermercados Hiper Limitada contra Hortensia Patricia Seguel Opazo.<\/p>\n<p style=\"font-weight: 400;\">Sentencia 2: Aurelio Ignacio San Juan Weber contra Supermercado Jumbo Cencosud Retail S.A.<\/p>\n<p style=\"font-weight: 400;\">Sentencia 3: Luis \u00c1ngelo Mart\u00ednez Reyes contra Administradora de Supermercados Hiperlider Ltda.<\/p>\n<p style=\"font-weight: 400;\">Sentencia 4: Claudio Andr\u00e9s Sep\u00falveda Berr\u00edos contra Cencosud S.A.<\/p>\n<p style=\"font-weight: 400;\">Sentencia 5: Jofr\u00e9 \u00c1lvarez, Iv\u00e1n Andr\u00e9s con Mall Plaza S.A.<\/p>\n<p style=\"font-weight: 400;\">Sentencia 6: Alejandra Pamela Espinoza Villegas contra Cencosud Retail S.A. (Jumbo Portal Bio Bio)<\/p>\n<p style=\"font-weight: 400;\">Sentencia 7: Danilo \u00c1lvarez Palominos con Mall Plaza Sur de San Bernardo.<\/p>\n<p style=\"font-weight: 400;\">Sentencia 8: Servicio Nacional del Consumidor contra Administradora de Supermercados Hiper Ltda.<\/p>\n<p style=\"font-weight: 400;\">Sentencia 9: Servicio Nacional del Consumidor \u2013 SERNAC contra Saba Estacionamientos de Chile S.A.<\/p>\n<p style=\"font-weight: 400;\">Sentencia 10: Vald\u00e9s Gonz\u00e1lez Jaime contra Administradora de Supermercados Hiper Ltda.<\/p>\n<p style=\"font-weight: 400;\">Sentencia 11: Gloria Coloma Contreras contra Easy Retail S.A.<\/p>\n<p style=\"font-weight: 400;\">Sentencia 12: Mu\u00f1oz Salazar Lila contra Super 10 S.A.<\/p>\n<p style=\"font-weight: 400;\">Sentencia 13: Mapfre C\u00eda. de Seguros contra Parque Arauco S.A.<\/p>\n<p style=\"font-weight: 400;\">Sentencia 14: Servicio Nacional del Consumidor contra Administradora de Supermercados H\u00edper Ltda.<\/p>\n","protected":false},"excerpt":{"rendered":"<p>FICHAS SENTENCIAS Ficha 1: Demanda civil de indemnizaci\u00f3n de perjuicios por da\u00f1os materiales y da\u00f1o moral. Doctrina An\u00e1lisis de la pretensi\u00f3n y defensa Monto solicitado y concedido Ficha 2: Querella y demanda civil deducida en el marco de la ley de protecci\u00f3n de los derechos de los consumidores. Doctrina An\u00e1lisis de la pretensi\u00f3n y defensa Monto solicitado y concedido Ficha 3: Querella infraccional contra administradora de supermercados. Doctrina An\u00e1lisis de la pretensi\u00f3n y defensa Monto solicitado y concedido Ficha 4: Querella y demanda civil. Doctrina An\u00e1lisis de la pretensi\u00f3n y defensa Monto solicitado y concedido Ficha 5: Denuncia infraccional y demanda civil. Doctrina An\u00e1lisis de la pretensi\u00f3n y defensa Monto solicitado y concedido Ficha 6: Querella infraccional y acci\u00f3n civil de indemnizaci\u00f3n de perjuicios. Doctrina An\u00e1lisis de la pretensi\u00f3n y defensa Monto solicitado y concedido Ficha 7: Denuncia infraccional y demanda civil en el marco de la ley sobre protecci\u00f3n de los derechos de los consumidores Doctrina An\u00e1lisis de la pretensi\u00f3n y defensa Monto solicitado y concedido FICHA 8: Recurso de Apelaci\u00f3n 1. Doctrina An\u00e1lisis de la pretensi\u00f3n y defensa Monto solicitado y concedido Ficha 9: Apelaci\u00f3n de sentencia definitiva Doctrina An\u00e1lisis de la pretensi\u00f3n y defensa Monto solicitado y concedido Ficha 10: Querella infraccional y la demanda civil. Recurso de apelaci\u00f3n Doctrina An\u00e1lisis de la pretensi\u00f3n y defensa Monto solicitado y concedido Ficha 11: Denuncia infraccional. Recurso de apelaci\u00f3n Doctrina An\u00e1lisis de la pretensi\u00f3n y defensa Monto solicitado y concedido Ficha 12: Querella y demanda Doctrina An\u00e1lisis de la pretensi\u00f3n y defensa Monto solicitado y concedido Ficha 13: Querella y demanda Doctrina Monto solicitado y concedido Ficha 14: Apelaci\u00f3n de sentencia 1. Doctrina An\u00e1lisis de la pretensi\u00f3n y defensa Monto solicitado y concedido SENTENCIAS DE LAS CORTES DE APELACIONES Sentencia 1: Administradora de Supermercados Hiper Limitada contra Hortensia Patricia Seguel Opazo. Sentencia 2: Aurelio Ignacio San Juan Weber contra Supermercado Jumbo Cencosud Retail S.A. Sentencia 3: Luis \u00c1ngelo Mart\u00ednez Reyes contra Administradora de Supermercados Hiperlider Ltda. Sentencia 4: Claudio Andr\u00e9s Sep\u00falveda Berr\u00edos contra Cencosud S.A. Sentencia 5: Jofr\u00e9 \u00c1lvarez, Iv\u00e1n Andr\u00e9s con Mall Plaza S.A. Sentencia 6: Alejandra Pamela Espinoza Villegas contra Cencosud Retail S.A. (Jumbo Portal Bio Bio) Sentencia 7: Danilo \u00c1lvarez Palominos con Mall Plaza Sur de San Bernardo. Sentencia 8: Servicio Nacional del Consumidor contra Administradora de Supermercados Hiper Ltda. Sentencia 9: Servicio Nacional del Consumidor \u2013 SERNAC contra Saba Estacionamientos de Chile S.A. Sentencia 10: Vald\u00e9s Gonz\u00e1lez Jaime contra Administradora de Supermercados Hiper Ltda. Sentencia 11: Gloria Coloma Contreras contra Easy Retail S.A. Sentencia 12: Mu\u00f1oz Salazar Lila contra Super 10 S.A. Sentencia 13: Mapfre C\u00eda. de Seguros contra Parque Arauco S.A. Sentencia 14: Servicio Nacional del Consumidor contra Administradora de Supermercados H\u00edper Ltda.<\/p>\n","protected":false},"featured_media":2779,"comment_status":"open","ping_status":"closed","template":"","meta":{"inline_featured_image":false,"_joinchat":[]},"product_brand":[],"product_cat":[27],"product_tag":[],"class_list":{"0":"post-2729","1":"product","2":"type-product","3":"status-publish","4":"has-post-thumbnail","6":"product_cat-civil","7":"product_shipping_class-a-convenir","9":"first","10":"instock","11":"shipping-taxable","12":"purchasable","13":"product-type-simple"},"_links":{"self":[{"href":"https:\/\/bibliotecajuridicavirtual.cl\/index.php\/wp-json\/wp\/v2\/product\/2729","targetHints":{"allow":["GET"]}}],"collection":[{"href":"https:\/\/bibliotecajuridicavirtual.cl\/index.php\/wp-json\/wp\/v2\/product"}],"about":[{"href":"https:\/\/bibliotecajuridicavirtual.cl\/index.php\/wp-json\/wp\/v2\/types\/product"}],"replies":[{"embeddable":true,"href":"https:\/\/bibliotecajuridicavirtual.cl\/index.php\/wp-json\/wp\/v2\/comments?post=2729"}],"wp:featuredmedia":[{"embeddable":true,"href":"https:\/\/bibliotecajuridicavirtual.cl\/index.php\/wp-json\/wp\/v2\/media\/2779"}],"wp:attachment":[{"href":"https:\/\/bibliotecajuridicavirtual.cl\/index.php\/wp-json\/wp\/v2\/media?parent=2729"}],"wp:term":[{"taxonomy":"product_brand","embeddable":true,"href":"https:\/\/bibliotecajuridicavirtual.cl\/index.php\/wp-json\/wp\/v2\/product_brand?post=2729"},{"taxonomy":"product_cat","embeddable":true,"href":"https:\/\/bibliotecajuridicavirtual.cl\/index.php\/wp-json\/wp\/v2\/product_cat?post=2729"},{"taxonomy":"product_tag","embeddable":true,"href":"https:\/\/bibliotecajuridicavirtual.cl\/index.php\/wp-json\/wp\/v2\/product_tag?post=2729"}],"curies":[{"name":"wp","href":"https:\/\/api.w.org\/{rel}","templated":true}]}}