{"id":2732,"date":"2026-02-28T01:05:04","date_gmt":"2026-02-28T04:05:04","guid":{"rendered":"https:\/\/bibliotecajuridicavirtual.cl\/?post_type=product&#038;p=2732"},"modified":"2026-02-28T01:05:35","modified_gmt":"2026-02-28T04:05:35","slug":"la-resolucion-del-contrato-en-el-derecho-civil-contemporaneo-ano-noviembre-2021-384-pag-autor-gilberto-guerrero-quintero","status":"publish","type":"product","link":"https:\/\/bibliotecajuridicavirtual.cl\/index.php\/product\/la-resolucion-del-contrato-en-el-derecho-civil-contemporaneo-ano-noviembre-2021-384-pag-autor-gilberto-guerrero-quintero\/","title":{"rendered":"La Resoluci\u00f3n del Contrato &#8211; En el Derecho Civil Contempor\u00e1neo. A\u00f1o Noviembre 2021\/ 384 P\u00e1g. Autor  Gilberto Guerrero-Quintero"},"content":{"rendered":"<p style=\"font-weight: 400;\">\u201cSi se me permitiera imprimir mi primera sensaci\u00f3n frente a ella no dudar\u00eda en calificarla, aun antes de extraordinaria, profunda, clarificadora, desde mi \u00f3ptica latina como seductora porque toma posici\u00f3n frente a debates jur\u00eddicos, invita a degustar sus reflexiones para profundizar y gozarla. Jur\u00eddicamente es novedosa porque trae al escenario la reciente y profunda reforma al Code civil franc\u00e9s del 2016, de cuyo contenido somos vigilantes los latinoamericanos por la introducci\u00f3n de tantas primicias de originalidad al llevar al \u00e1rea contractual los avances de la jurisprudencia de Casaci\u00f3n, en tanto verdadera bandera del renacimiento del Derecho Privado \u2026 La construcci\u00f3n sistem\u00e1tica del incumplimiento es una de las cuestiones m\u00e1s escabrosas en su planteamiento como requisito esencial y especial conducente a la resoluci\u00f3n del contrato \u2026<\/p>\n<p style=\"font-weight: 400;\">Si bien para el civilista muchos de los conceptos referidos a la resoluci\u00f3n del contrato, como va desde la rescisi\u00f3n hasta la nulidad, en cuyos senderos muchas veces la jurisprudencia muestra muchos traspi\u00e9s, principalmente por los cambios de integraci\u00f3n de los magistrados de una \u00e9poca con otra, de unos m\u00e1s cultos y otros menos, la labor del autor se orienta hacia una tarea did\u00e1ctica, un planteamiento clarificador, subrayando, dejando la emoci\u00f3n de leer a un verdadero Maestro\u2026\u201d. (Pr\u00f3logo del Dr. Ricardo Zeled\u00f3n Zeled\u00f3n, exmagistrado del Tribunal Supremo de Costa Rica, catedr\u00e1tico de la Universidad de Costa Rica, expresidente de la Academia costarricense de Derecho, Presidente del Comit\u00e9 Americano de Derecho Agrario, Presidente Em\u00e9rito de la Uni\u00f3n Mundial de Derecho Agrario y Miembro de la Real Academia de Legislaci\u00f3n y Jurisprudencia de Espa\u00f1a).<\/p>\n<p style=\"font-weight: 400;\">\n<b><strong>CAP\u00cdTULO I<\/strong><\/b><br \/>\n<b><strong>LENGUAJE Y RESOLUCI\u00d3N DEL CONTRATO<\/strong><\/b><\/p>\n<p>I. LA RESOLUCI\u00d3N DEL CONTRATO Y SU COMPLEJIDAD LINGU\u00cdSTICA<br \/>\n1.1. El lenguaje y la confusi\u00f3n terminol\u00f3gica<br \/>\n1.2. Formulismo jur\u00eddico<br \/>\n1.3. \u00bfEl contrato est\u00e1 en crisis?<\/p>\n<p>II. \u00bfPOR QU\u00c9 RESOLUCI\u00d3N DEL CONTRATO?<br \/>\n2.1. La acci\u00f3n<br \/>\n2.2. La acci\u00f3n resolutoria<\/p>\n<p>III. CONCEPCI\u00d3N TRADICIONAL Y CONDICI\u00d3N RESOLUTORIA<br \/>\n3.1. La problem\u00e1tica tradicional<br \/>\n3.2. Acci\u00f3n resolutoria y nulidad del contrato<br \/>\n3.3. Resoluci\u00f3n y condici\u00f3n resolutoria pactada<br \/>\n3.4. Nacimiento del derecho resolutorio contractual<br \/>\n3.5. \u00bfDe d\u00f3nde deriva la resoluci\u00f3n del contrato?<br \/>\n3.6. \u00bfLa resoluci\u00f3n es un remedio?<\/p>\n<p><b><strong>CAP\u00cdTULO II<\/strong><\/b><br \/>\n<b><strong>RESOLUCI\u00d3N DEL CONTRATO Y CONDICI\u00d3N RESOLUTORIAI. LA CL\u00c1USULA DEL CONTRATO<\/strong><\/b><\/p>\n<p>1.1. Noci\u00f3n<br \/>\n1.2. Cl\u00e1usula y condici\u00f3n<\/p>\n<p>II. ALGUNAS NOTAS DIFERENCIALES ENTRE INCUMPLIMIENTO Y CONDICI\u00d3N RESOLUTORIA.<br \/>\n2.1. Condici\u00f3n resolutoria expresa y t\u00e1cita<br \/>\n2.2. Acontecimiento futuro e incierto<br \/>\n2.3. \u00bfLa resoluci\u00f3n deviene de una condici\u00f3n resolutoria?<br \/>\n2.4. El art\u00edculo 692 CCCR y la condici\u00f3n resolutoria<br \/>\n2.5. Motivo o causa de la resoluci\u00f3n del contrato<br \/>\n2.6. El derecho y el acontecimiento<br \/>\n2.7. Incumplimiento condicional y resolutorio<br \/>\n2.8. El efecto retroactivo<br \/>\n2.9. Incertidumbre del acontecimiento<br \/>\n2.10. Hecho futuro, incierto y el incumplimiento<br \/>\n2.11. Significado de la condici\u00f3n resolutoria<br \/>\n2.12. Obligaci\u00f3n condicional<br \/>\n2.13. Contratos condicionales<br \/>\n2.14. Condici\u00f3n resolutoria expresa e impl\u00edcita<br \/>\n2.15. La condici\u00f3n<br \/>\n2.16. Condici\u00f3n e incertidumbre<\/p>\n<p>III. CONCEPTO DIN\u00c1MICO DE RESOLUCI\u00d3N DEL CONTRATO<br \/>\n3.1. El lenguaje<br \/>\n3.2. El concepto y su estructura<br \/>\n1. La resoluci\u00f3n como derecho<br \/>\n2. La resoluci\u00f3n como acci\u00f3n constitutiva<br \/>\n3. Que el demandante haya cumplido u ofrecido eficazmente cumplir su obligaci\u00f3n<br \/>\n4. Solicitud judicial de terminaci\u00f3n del contrato<br \/>\n5. Existencia jur\u00eddica del contrato<br \/>\n6. Aplicable especialmente al contrato bilateral<br \/>\n7. El incumplimiento como motivo resolutorio<br \/>\n8. Terminaci\u00f3n del contrato y extinci\u00f3n del v\u00ednculo<br \/>\n9. Liberaci\u00f3n de la obligaci\u00f3n<\/p>\n<p>IV. \u00bfLA REGLA EX ART\u00cdCULO 692 CCCR ES INEQUITATIVA?<br \/>\n4.1. Las opciones del art\u00edculo 692 CCCR como regla<br \/>\n4.2. La regla del art\u00edculo 692 es cerrada<br \/>\n4.3. De una concepci\u00f3n normativa diferente especialmente sobre expectativas ante el incumplimiento.<br \/>\n4.4. Medidas en protecci\u00f3n de los contratantes en algunos C\u00f3digos<br \/>\n4.5. Diversas formas para resolver el contrato<br \/>\n1. Resoluci\u00f3n judicial<br \/>\n2. Resoluci\u00f3n por intimaci\u00f3n<br \/>\n3. Resoluci\u00f3n unilateral seg\u00fan cl\u00e1usula expresa<\/p>\n<p><b><strong>CAP\u00cdTULO III<\/strong><\/b><br \/>\n<b><strong>JUSTIFICACI\u00d3N DE LA RESOLUCI\u00d3N DEL CONTRATOI. PRINCIPIO DE LA INTANGIBILIDAD DEL CONTRATO<\/strong><\/b><\/p>\n<p>1.1. Fuerza obligatoria del contrato<br \/>\n1.2. \u00bfPor qu\u00e9 el contrato debe cumplirse?<br \/>\na) La \u00e9tica de la veracidad<br \/>\nb) La direcci\u00f3n normativista<br \/>\nc) El voluntarismo jur\u00eddico o concepci\u00f3n individualista<br \/>\nd) Doctrina de la relaci\u00f3n contrato-persona<br \/>\n1.3. La ignorancia de la ley, \u00bfregla que discrimina?<\/p>\n<p>II. LA RESOLUCI\u00d3N EN EL DERECHO HIST\u00d3RICO<br \/>\n2.1. El derecho a la terminaci\u00f3n del contrato por incumplimiento<br \/>\n2.2. El incumplimiento de la obligaci\u00f3n en el Derecho romano<br \/>\n2.3. Formas atenuantes en el Derecho romano<br \/>\n1. La reivindicaci\u00f3n<br \/>\n2. Lex commissoria<br \/>\n3. La condictio causa data causa non secuta<br \/>\n4. La exceptio doli<br \/>\n2.4. Los canonistas<br \/>\n2.5. DOMAT y POTHIER<br \/>\n2.6. C\u00f3digo Napole\u00f3n<\/p>\n<p>III. JUSTIFICACI\u00d3N EN EL DERECHO MODERNO<br \/>\n3.1. La doctrina<br \/>\n3.2. Teor\u00eda de la justificaci\u00f3n<br \/>\n1. En la antigua lex commissoria<br \/>\n2. En la condici\u00f3n resolutoria impl\u00edcita<br \/>\n3. Principales teor\u00edas<br \/>\n1. Teor\u00eda de la condici\u00f3n resolutoria t\u00e1cita<br \/>\n2. Teor\u00eda de la voluntad presunta de las partes<br \/>\n3. Teor\u00eda de la causa rec\u00edproca<br \/>\n4. Teor\u00eda del equilibrio patrimonial o de la equidad<br \/>\n5. Teor\u00eda de los da\u00f1os y perjuicios o de la reparaci\u00f3n<br \/>\n6. Teor\u00eda de la ley<br \/>\n7. Teor\u00eda de la sanci\u00f3n<br \/>\n8. Teor\u00eda del sinalagma gen\u00e9tico y del sinalagma funcional<br \/>\n9. Teor\u00eda del enriquecimiento injustificado<br \/>\n10. Teor\u00eda del poder dispositivo novatorio<br \/>\n11. Teor\u00eda del mecanismo funcional de los contratos<br \/>\n12. Teor\u00eda de la naturaleza preventiva de la resoluci\u00f3n<br \/>\n13. Teor\u00eda ecl\u00e9ctica<\/p>\n<p><b><strong>CAP\u00cdTULO IV<\/strong><\/b><br \/>\n<b><strong>LA RESOLUCI\u00d3N DEL CONTRATO COMO DERECHO SUBJETIVO<\/strong><\/b><\/p>\n<p>I. LA RESOLUCI\u00d3N COMO DERECHO Y ACCI\u00d3N PROCESAL<br \/>\n1.1. La resoluci\u00f3n como derecho<br \/>\n1.2. Ubicaci\u00f3n en los derechos subjetivos<\/p>\n<p>II. UBICACI\u00d3N DE LA ACCI\u00d3N RESOLUTORIA EN LAS DIVERSAS CLASES DE AC-CIONES<br \/>\n2.1. Concepci\u00f3n chiovendiana<br \/>\n2.2. Es una acci\u00f3n constitutiva<\/p>\n<p>III. LA SENTENCIA RESOLUTORIA Y SUS EFECTOS<br \/>\n3.1. Efecto constitutivo<br \/>\n3.2. Efectos de la sentencia resolutoria<br \/>\n1. Liberaci\u00f3n<br \/>\n2. Termina el contrato y extingue las obligaciones contractuales de las partes<br \/>\n3. Efecto resarcitorio<br \/>\n4. Retroactividad<\/p>\n<p>IV \u00bfPOR QU\u00c9 SE ORIGINA LA RETROACTIVIDAD?<br \/>\n4.1. Justificaci\u00f3n<br \/>\n4.2. Clases de retroactividad seg\u00fan los efectos que origina<\/p>\n<p>V. EFECTOS ANTE TERCEROS<br \/>\n5.1. Terceros y sistema registral<br \/>\n5.2. Retroactividad resolutoria y terceros<\/p>\n<p>VI. RETROACTIVIDAD Y PROCESO CONCURSAL<br \/>\n6.1. Retroactividad y concurso<br \/>\n6.2. Incumplimiento y proceso concursal<\/p>\n<p>VII. RETROACTIVIDAD Y CONTRATOS DE TRACTO SUCESIVO<br \/>\n7.1. Contrato de ejecuci\u00f3n peri\u00f3dica o continuada, de duraci\u00f3n o de tracto sucesivo.<br \/>\n7.2. Motivo de su irretroactividad resolutoria<\/p>\n<p>VIII. RESOLUCI\u00d3N IPSO IURE O DE PLENO DERECHO<br \/>\n8.1. El brocardo latino \u201cipso iure\u201d<br \/>\n8.2. Art\u00edculo 692 CCCR y resoluci\u00f3n ipso iure<br \/>\n8.3. La cl\u00e1usula resolutoria expresa y el juez<br \/>\n8.4. Cl\u00e1usula resolutoria expresa, Incumplimiento y crisis de la autonom\u00eda de la voluntad privada.<br \/>\n8.5. Los contratos administrativos y la resoluci\u00f3n del contrato<\/p>\n<p>IX. ALGUNAS CARACTER\u00cdSTICAS DE LA RESOLUCI\u00d3N DEL CONTRATO<br \/>\n9.1. La resoluci\u00f3n del contrato es un derecho o facultad<br \/>\n9.2. Aplicable principalmente a los contratos bilaterales<br \/>\n9.3. La perfecci\u00f3n del contrato<br \/>\n9.4. \u00bfEs un derecho renunciable?<br \/>\n9.5. Es prescriptible<br \/>\n9.6. La retroactividad<br \/>\n9.7. Publicidad de la resoluci\u00f3n<br \/>\n9.8. Efecto preventivo de la resoluci\u00f3n<br \/>\n9.9. Su no automatismo<br \/>\n9.10. \u00bfSolo los contratos se resuelven, las obligaciones no?<\/p>\n<p>X. \u00bfES PERMISIBLE CAMBIAR LA ACCI\u00d3N DE CUMPLIMIENTO POR LA DE RESO-LUCI\u00d3N Y VICEVERSA?<br \/>\n10.1. Las opciones ex art\u00edculo 692 CCCR<br \/>\n10.2. Cambio de una acci\u00f3n por otra<br \/>\n10.3. Cosa juzgada e incumplimiento del contrato<br \/>\n10.4. \u00bfEs procedente formular una acci\u00f3n como subsidiaria de la otra?<\/p>\n<p style=\"font-weight: 400;\"><b><strong>CAP\u00cdTULO V<\/strong><\/b><br \/>\n<b><strong>\u00c1MBITO DE APLICACI\u00d3N DE LA ACCI\u00d3N RESOLUTORIA<\/strong><\/b><\/p>\n<p>I. LOS CONTRATOS BILATERALES O SINALAGM\u00c1TICOS<br \/>\n1.1. Negocio bilateral y contrato bilateral<br \/>\n1.2. Resoluci\u00f3n y problem\u00e1tica de los contratos unilaterales<br \/>\n1.3. \u00bfContrato sinalagm\u00e1tico?<br \/>\n1.4. Algunas caracter\u00edsticas de los contratos sinalagm\u00e1ticos ante el incumplimiento de la prestaci\u00f3n.<br \/>\n1. La imposibilidad sobrevenida de la prestaci\u00f3n<br \/>\n2. Aplicaci\u00f3n de la exceptio non adimpleti contractus<br \/>\n3. La compensatio morae<br \/>\n4. El ius retentionis<br \/>\n5. Derecho de resoluci\u00f3n y bilateralidad<\/p>\n<p>II. CONTRATOS BILATERALES Y UNILATERALES<br \/>\n2.1. Contratos unilaterales y bilaterales. El juego de la gratuidad y la onerosidad.<br \/>\n2.2. \u00bfNo es la prestaci\u00f3n el contenido de la obligaci\u00f3n?<br \/>\n2.3. Contratos sinalagm\u00e1ticos perfectos<br \/>\n2.4. Contratos sinalagm\u00e1ticos imperfectos<br \/>\n1. Mutuo<br \/>\n2. Mandato<br \/>\n3. Dep\u00f3sito<br \/>\n4. Fianza<br \/>\n5. Donaci\u00f3n<br \/>\n6. El comodato<\/p>\n<p>III. INCUMPLIMIENTO DEL CONTRATO UNILATERAL<br \/>\n3.1. Derecho de retenci\u00f3n y no resoluci\u00f3n del contrato<br \/>\n1. En el dep\u00f3sito<br \/>\n2. En el comodato<br \/>\n3. En el mandato<br \/>\n4. En la anticresis<br \/>\n5. En el mutuo<\/p>\n<p>IV. \u00bfEXISTEN CONTRATOS SINALAGM\u00c1TICOS EXCLUIDOS DE LA RESOLUCI\u00d3N POR INCUMPLIMIENTO?<br \/>\n4.1. Partici\u00f3n de la herencia<br \/>\n4.2. Contratos aleatorios<br \/>\n1. Renta vitalicia<br \/>\n2. Contrato de seguro<\/p>\n<p>V. LOS CONTRATOS PLURILATERALES<br \/>\n5.1. El contrato plurilateral<br \/>\n5.2. Pluralidad y bilateralidad<br \/>\n5.3. Plurilateralidad y resoluci\u00f3n del contrato<\/p>\n<ol start=\"6\">\n<li style=\"font-weight: 400;\">APLICACI\u00d3N EXTENSIVA DEL ART\u00cdCULO 692 DEL C\u00d3DIGO CIVIL<br \/>\n6.1. El enunciado \u201cEn los contratos bilaterales\u201d<br \/>\n6. 2. La resoluci\u00f3n y el contrato sinalagm\u00e1tico imperfecto<\/p>\n<p><b><strong>CAP\u00cdTULO VI<\/strong><\/b><br \/>\n<b><strong>CONTRASTE ENTRE LA RESOLUCI\u00d3N Y OTROS MEDIOS DE EXTNCI\u00d3N DEL CONTRATO<\/strong><\/b><\/p>\n<p>I. JUSTIFICACI\u00d3N DEL CONTRASTE<br \/>\n1.1. El uso indistinto de los conceptos<br \/>\n1.2. Criterios dispares o de contraste<\/p>\n<p>II. DIN\u00c1MICA DIFERENCIAL<br \/>\n2.1. Resoluci\u00f3n y rescisi\u00f3n<br \/>\n2.2. Resoluci\u00f3n y disoluci\u00f3n o mutuo disenso<br \/>\n2.3. Resoluci\u00f3n y nulidad contractual<br \/>\n2.4. Resoluci\u00f3n y revocaci\u00f3n<br \/>\n2.5. Resoluci\u00f3n y exceptio non adimpleti contractus<br \/>\n2.6. Desistimiento del contrato y resoluci\u00f3n<br \/>\n2.7. Resoluci\u00f3n y acci\u00f3n redhibitoria<\/p>\n<p><b><strong>CAP\u00cdTULO VII<\/strong><\/b><br \/>\n<b><strong>INCUMPLIMIENTO DEL CONTRATO<\/strong><\/b><\/p>\n<p>I. POLISEMIA CONCEPTUAL<br \/>\n1.1. Los significados<br \/>\n1.2. Caracter\u00edsticas<br \/>\n1. Actividad<br \/>\n2. Innecesaria manifestaci\u00f3n de voluntad<br \/>\n3. Relaci\u00f3n de causalidad<br \/>\n4. Existencia jur\u00eddica de una obligaci\u00f3n<\/p>\n<p>II. EL INCUMPLIMIENTO SEG\u00daN SU ORIGEN<br \/>\n2.1. Incumplimiento voluntario<br \/>\n2.2. incumplimiento involuntario<br \/>\n2.3. Requisitos de la causa extra\u00f1a no imputable<br \/>\n1. Imposibilidad absoluta de cumplir<br \/>\n2. Imposibilidad sobrevenida<br \/>\n3. Imprevisibilidad e inevitabilidad<br \/>\n4. Ausencia total de dolo o culpa<br \/>\n5. Hechos o circunstancias de la causa extra\u00f1a no imputable<br \/>\n1. Caso fortuito y fuerza mayor<br \/>\n2. El hecho de un tercero<br \/>\n3. Actos de imperio y medidas generales<br \/>\n4. Imposibilidad sobrevenida de la prestaci\u00f3n<br \/>\n5. El hecho del acreedor<br \/>\n6. Incumplimiento rec\u00edproco y resoluci\u00f3n del contrato<\/p>\n<p>III. INCUMPLIMIENTO Y RIESGO EN EL CONTRATO BILATERAL<br \/>\n3.1. Contrato bilateral traslativo de la propiedad<br \/>\n3.2. Contratos bilaterales no traslativos de la propiedad<br \/>\n3.3. Efectos del riesgo<\/p>\n<p>IV. INCUMPLIMIENTO PARCIAL<br \/>\n4.1. Incumplimiento parcial, inexacto o defectuoso<br \/>\n4.2. Incumplimiento cuantitativo y cualitativo<br \/>\n4.3. Incumplimiento cuantitativo<br \/>\n4.4. Incumplimiento cualitativo<br \/>\n4.5. \u00bfProcede la resoluci\u00f3n parcial del contrato?<\/p>\n<p>V. INCUMPLIMIENTO DE OBLIGACIONES ACCESORIAS<br \/>\n5.1. Obligaci\u00f3n principal y obligaci\u00f3n accesoria<br \/>\n5.2. Origen del car\u00e1cter principal o accesorio e influencia resolutoria<\/p>\n<p>VI. LA MORA Y EL INCUMPLIMIENTO RESOLUTORIO<br \/>\n6.1. La mora<br \/>\n6.2. Requisitos de la mora del deudor<br \/>\n6.3. Mora del acreedor<br \/>\n1. El ofrecimiento real y total por el deudor al acreedor, de la prestaci\u00f3n en el lugar y tiempo correspondiente.<br \/>\n2. Que el acreedor se niegue a recibir sin justificaci\u00f3n alguna la prestaci\u00f3n que le entrega el deudor.<\/p>\n<p>VII. \u00bfSE REQUIERE UN INCUMPLIMIENTO CULPOSO?<br \/>\n7.1. Tesis subjetiva<br \/>\n7.2. Tesis objetiva<\/p>\n<p><b><strong>CAP\u00cdTULO VIII<\/strong><\/b><br \/>\n<b><strong>LA ACCI\u00d3N DE DA\u00d1OS Y PERJUICIOSI. LA ACCI\u00d3N DE DA\u00d1OS Y PERJUICIOS EX ART\u00cdCULO 692 CCCR<\/strong><\/b><\/p>\n<p>1.1. Autonom\u00eda, subsidiariedad y accesoriedad<br \/>\n1.2. Da\u00f1os y perjuicios convencionales, cumplimiento y resoluci\u00f3n del contrato.<br \/>\n1.3. Alcance indemnizatorio de los da\u00f1os y perjuicios por incumplimiento<\/p>\n<p><b><strong>CAP\u00cdTULO IX<\/strong><\/b><br \/>\n<b><strong>SUJETOS DE LA ACCION RESOLUTORIA<\/p>\n<p><\/strong><\/b>I. LA RELACI\u00d3N JUR\u00cdDICA PROCESAL Y SUSTANCIAL EN EL \u00c1MBITO RESOLUTORIO<b><strong><br \/>\n<\/strong><\/b>1.1. Relaci\u00f3n jur\u00eddica procesal<br \/>\n1.2. Relaci\u00f3n jur\u00eddica sustancial<\/li>\n<li style=\"font-weight: 400;\">CONCEPTO DE PARTE<br \/>\n2.1. La idea de parte<br \/>\n2.2. Los sujetos procesales<br \/>\n2.1. Las partes contratantes<br \/>\n2.2. Sujetos distintos al deudor y acreedor originarios<br \/>\n2.3. Los terceros<br \/>\n2.4. Los causahabientes universales o a t\u00edtulo universal<br \/>\n2.5. Cesion de derechos litigiosos<br \/>\n2.6. El legatario<br \/>\n2.7. La estipulaci\u00f3n a favor de terceros<\/p>\n<p>III. PLURALIDAD DE PARTES<br \/>\n3.1. Litisconsorcio y resoluci\u00f3n<br \/>\n3.2. Pluralidad de acreedores o deudores<br \/>\n1. Obligaciones conjuntas o mancomunadas<br \/>\n2. Pluralidad de deudores mancomunados<br \/>\n3. Pluralidad de acreedores mancomunados<br \/>\n4. Obligaciones solidarias<br \/>\n5. Pluralidad de acreedores frente a un solo deudor<br \/>\n6. Pluralidad de deudores (solidaridad pasiva)<br \/>\n3.3. Efectos procesales del litisconsorcio resolutorio<br \/>\n1. Los actos procesales de las partes<br \/>\n2. La sentencia resolutoria<\/li>\n<\/ol>\n","protected":false},"excerpt":{"rendered":"<p>\u201cSi se me permitiera imprimir mi primera sensaci\u00f3n frente a ella no dudar\u00eda en calificarla, aun antes de extraordinaria, profunda, clarificadora, desde mi \u00f3ptica latina como seductora porque toma posici\u00f3n frente a debates jur\u00eddicos, invita a degustar sus reflexiones para profundizar y gozarla. Jur\u00eddicamente es novedosa porque trae al escenario la reciente y profunda reforma al Code civil franc\u00e9s del 2016, de cuyo contenido somos vigilantes los latinoamericanos por la introducci\u00f3n de tantas primicias de originalidad al llevar al \u00e1rea contractual los avances de la jurisprudencia de Casaci\u00f3n, en tanto verdadera bandera del renacimiento del Derecho Privado \u2026 La construcci\u00f3n sistem\u00e1tica del incumplimiento es una de las cuestiones m\u00e1s escabrosas en su planteamiento como requisito esencial y especial conducente a la resoluci\u00f3n del contrato \u2026 Si bien para el civilista muchos de los conceptos referidos a la resoluci\u00f3n del contrato, como va desde la rescisi\u00f3n hasta la nulidad, en cuyos senderos muchas veces la jurisprudencia muestra muchos traspi\u00e9s, principalmente por los cambios de integraci\u00f3n de los magistrados de una \u00e9poca con otra, de unos m\u00e1s cultos y otros menos, la labor del autor se orienta hacia una tarea did\u00e1ctica, un planteamiento clarificador, subrayando, dejando la emoci\u00f3n de leer a un verdadero Maestro\u2026\u201d. (Pr\u00f3logo del Dr. Ricardo Zeled\u00f3n Zeled\u00f3n, exmagistrado del Tribunal Supremo de Costa Rica, catedr\u00e1tico de la Universidad de Costa Rica, expresidente de la Academia costarricense de Derecho, Presidente del Comit\u00e9 Americano de Derecho Agrario, Presidente Em\u00e9rito de la Uni\u00f3n Mundial de Derecho Agrario y Miembro de la Real Academia de Legislaci\u00f3n y Jurisprudencia de Espa\u00f1a). CAP\u00cdTULO I LENGUAJE Y RESOLUCI\u00d3N DEL CONTRATO I. LA RESOLUCI\u00d3N DEL CONTRATO Y SU COMPLEJIDAD LINGU\u00cdSTICA 1.1. El lenguaje y la confusi\u00f3n terminol\u00f3gica 1.2. Formulismo jur\u00eddico 1.3. \u00bfEl contrato est\u00e1 en crisis? II. \u00bfPOR QU\u00c9 RESOLUCI\u00d3N DEL CONTRATO? 2.1. La acci\u00f3n 2.2. La acci\u00f3n resolutoria III. CONCEPCI\u00d3N TRADICIONAL Y CONDICI\u00d3N RESOLUTORIA 3.1. La problem\u00e1tica tradicional 3.2. Acci\u00f3n resolutoria y nulidad del contrato 3.3. Resoluci\u00f3n y condici\u00f3n resolutoria pactada 3.4. Nacimiento del derecho resolutorio contractual 3.5. \u00bfDe d\u00f3nde deriva la resoluci\u00f3n del contrato? 3.6. \u00bfLa resoluci\u00f3n es un remedio? CAP\u00cdTULO II RESOLUCI\u00d3N DEL CONTRATO Y CONDICI\u00d3N RESOLUTORIAI. LA CL\u00c1USULA DEL CONTRATO 1.1. Noci\u00f3n 1.2. Cl\u00e1usula y condici\u00f3n II. ALGUNAS NOTAS DIFERENCIALES ENTRE INCUMPLIMIENTO Y CONDICI\u00d3N RESOLUTORIA. 2.1. Condici\u00f3n resolutoria expresa y t\u00e1cita 2.2. Acontecimiento futuro e incierto 2.3. \u00bfLa resoluci\u00f3n deviene de una condici\u00f3n resolutoria? 2.4. El art\u00edculo 692 CCCR y la condici\u00f3n resolutoria 2.5. Motivo o causa de la resoluci\u00f3n del contrato 2.6. El derecho y el acontecimiento 2.7. Incumplimiento condicional y resolutorio 2.8. El efecto retroactivo 2.9. Incertidumbre del acontecimiento 2.10. Hecho futuro, incierto y el incumplimiento 2.11. Significado de la condici\u00f3n resolutoria 2.12. Obligaci\u00f3n condicional 2.13. Contratos condicionales 2.14. Condici\u00f3n resolutoria expresa e impl\u00edcita 2.15. La condici\u00f3n 2.16. Condici\u00f3n e incertidumbre III. CONCEPTO DIN\u00c1MICO DE RESOLUCI\u00d3N DEL CONTRATO 3.1. El lenguaje 3.2. El concepto y su estructura 1. La resoluci\u00f3n como derecho 2. La resoluci\u00f3n como acci\u00f3n constitutiva 3. Que el demandante haya cumplido u ofrecido eficazmente cumplir su obligaci\u00f3n 4. Solicitud judicial de terminaci\u00f3n del contrato 5. Existencia jur\u00eddica del contrato 6. Aplicable especialmente al contrato bilateral 7. El incumplimiento como motivo resolutorio 8. Terminaci\u00f3n del contrato y extinci\u00f3n del v\u00ednculo 9. Liberaci\u00f3n de la obligaci\u00f3n IV. \u00bfLA REGLA EX ART\u00cdCULO 692 CCCR ES INEQUITATIVA? 4.1. Las opciones del art\u00edculo 692 CCCR como regla 4.2. La regla del art\u00edculo 692 es cerrada 4.3. De una concepci\u00f3n normativa diferente especialmente sobre expectativas ante el incumplimiento. 4.4. Medidas en protecci\u00f3n de los contratantes en algunos C\u00f3digos 4.5. Diversas formas para resolver el contrato 1. Resoluci\u00f3n judicial 2. Resoluci\u00f3n por intimaci\u00f3n 3. Resoluci\u00f3n unilateral seg\u00fan cl\u00e1usula expresa CAP\u00cdTULO III JUSTIFICACI\u00d3N DE LA RESOLUCI\u00d3N DEL CONTRATOI. PRINCIPIO DE LA INTANGIBILIDAD DEL CONTRATO 1.1. Fuerza obligatoria del contrato 1.2. \u00bfPor qu\u00e9 el contrato debe cumplirse? a) La \u00e9tica de la veracidad b) La direcci\u00f3n normativista c) El voluntarismo jur\u00eddico o concepci\u00f3n individualista d) Doctrina de la relaci\u00f3n contrato-persona 1.3. La ignorancia de la ley, \u00bfregla que discrimina? II. LA RESOLUCI\u00d3N EN EL DERECHO HIST\u00d3RICO 2.1. El derecho a la terminaci\u00f3n del contrato por incumplimiento 2.2. El incumplimiento de la obligaci\u00f3n en el Derecho romano 2.3. Formas atenuantes en el Derecho romano 1. La reivindicaci\u00f3n 2. Lex commissoria 3. La condictio causa data causa non secuta 4. La exceptio doli 2.4. Los canonistas 2.5. DOMAT y POTHIER 2.6. C\u00f3digo Napole\u00f3n III. JUSTIFICACI\u00d3N EN EL DERECHO MODERNO 3.1. La doctrina 3.2. Teor\u00eda de la justificaci\u00f3n 1. En la antigua lex commissoria 2. En la condici\u00f3n resolutoria impl\u00edcita 3. Principales teor\u00edas 1. Teor\u00eda de la condici\u00f3n resolutoria t\u00e1cita 2. Teor\u00eda de la voluntad presunta de las partes 3. Teor\u00eda de la causa rec\u00edproca 4. Teor\u00eda del equilibrio patrimonial o de la equidad 5. Teor\u00eda de los da\u00f1os y perjuicios o de la reparaci\u00f3n 6. Teor\u00eda de la ley 7. Teor\u00eda de la sanci\u00f3n 8. Teor\u00eda del sinalagma gen\u00e9tico y del sinalagma funcional 9. Teor\u00eda del enriquecimiento injustificado 10. Teor\u00eda del poder dispositivo novatorio 11. Teor\u00eda del mecanismo funcional de los contratos 12. Teor\u00eda de la naturaleza preventiva de la resoluci\u00f3n 13. Teor\u00eda ecl\u00e9ctica CAP\u00cdTULO IV LA RESOLUCI\u00d3N DEL CONTRATO COMO DERECHO SUBJETIVO I. LA RESOLUCI\u00d3N COMO DERECHO Y ACCI\u00d3N PROCESAL 1.1. La resoluci\u00f3n como derecho 1.2. Ubicaci\u00f3n en los derechos subjetivos II. UBICACI\u00d3N DE LA ACCI\u00d3N RESOLUTORIA EN LAS DIVERSAS CLASES DE AC-CIONES 2.1. Concepci\u00f3n chiovendiana 2.2. Es una acci\u00f3n constitutiva III. LA SENTENCIA RESOLUTORIA Y SUS EFECTOS 3.1. Efecto constitutivo 3.2. Efectos de la sentencia resolutoria 1. Liberaci\u00f3n 2. Termina el contrato y extingue las obligaciones contractuales de las partes 3. Efecto resarcitorio 4. Retroactividad IV \u00bfPOR QU\u00c9 SE ORIGINA LA RETROACTIVIDAD? 4.1. Justificaci\u00f3n 4.2. Clases de retroactividad seg\u00fan los efectos que origina V. EFECTOS ANTE TERCEROS 5.1. Terceros y sistema registral 5.2. Retroactividad resolutoria y terceros VI. RETROACTIVIDAD Y PROCESO CONCURSAL 6.1. Retroactividad y concurso 6.2. Incumplimiento y proceso concursal VII. RETROACTIVIDAD Y CONTRATOS DE TRACTO SUCESIVO 7.1. Contrato de ejecuci\u00f3n peri\u00f3dica o continuada, de duraci\u00f3n o de tracto sucesivo. 7.2. Motivo de su irretroactividad<\/p>\n","protected":false},"featured_media":2782,"comment_status":"open","ping_status":"closed","template":"","meta":{"inline_featured_image":false,"_joinchat":[]},"product_brand":[],"product_cat":[27],"product_tag":[],"class_list":{"0":"post-2732","1":"product","2":"type-product","3":"status-publish","4":"has-post-thumbnail","6":"product_cat-civil","7":"product_shipping_class-a-convenir","9":"first","10":"instock","11":"shipping-taxable","12":"purchasable","13":"product-type-simple"},"_links":{"self":[{"href":"https:\/\/bibliotecajuridicavirtual.cl\/index.php\/wp-json\/wp\/v2\/product\/2732","targetHints":{"allow":["GET"]}}],"collection":[{"href":"https:\/\/bibliotecajuridicavirtual.cl\/index.php\/wp-json\/wp\/v2\/product"}],"about":[{"href":"https:\/\/bibliotecajuridicavirtual.cl\/index.php\/wp-json\/wp\/v2\/types\/product"}],"replies":[{"embeddable":true,"href":"https:\/\/bibliotecajuridicavirtual.cl\/index.php\/wp-json\/wp\/v2\/comments?post=2732"}],"wp:featuredmedia":[{"embeddable":true,"href":"https:\/\/bibliotecajuridicavirtual.cl\/index.php\/wp-json\/wp\/v2\/media\/2782"}],"wp:attachment":[{"href":"https:\/\/bibliotecajuridicavirtual.cl\/index.php\/wp-json\/wp\/v2\/media?parent=2732"}],"wp:term":[{"taxonomy":"product_brand","embeddable":true,"href":"https:\/\/bibliotecajuridicavirtual.cl\/index.php\/wp-json\/wp\/v2\/product_brand?post=2732"},{"taxonomy":"product_cat","embeddable":true,"href":"https:\/\/bibliotecajuridicavirtual.cl\/index.php\/wp-json\/wp\/v2\/product_cat?post=2732"},{"taxonomy":"product_tag","embeddable":true,"href":"https:\/\/bibliotecajuridicavirtual.cl\/index.php\/wp-json\/wp\/v2\/product_tag?post=2732"}],"curies":[{"name":"wp","href":"https:\/\/api.w.org\/{rel}","templated":true}]}}