{"id":2757,"date":"2026-02-28T01:05:25","date_gmt":"2026-02-28T04:05:25","guid":{"rendered":"https:\/\/bibliotecajuridicavirtual.cl\/?post_type=product&#038;p=2757"},"modified":"2026-02-28T01:05:41","modified_gmt":"2026-02-28T04:05:41","slug":"el-mandato-civil-5ta-edicion-actualizada-por-gonzalo-figueroa-yanez-ano-2008-534-pag-autor-david-stitchkin-branover-agotado","status":"publish","type":"product","link":"https:\/\/bibliotecajuridicavirtual.cl\/index.php\/product\/el-mandato-civil-5ta-edicion-actualizada-por-gonzalo-figueroa-yanez-ano-2008-534-pag-autor-david-stitchkin-branover-agotado\/","title":{"rendered":"El Mandato Civil &#8211; 5ta Edici\u00f3n Actualizada por Gonzalo Figueroa Y\u00e1\u00f1ez. A\u00f1o 2008\/534 P\u00e1g. Autor David Stitchkin Branover (AGOTADO)"},"content":{"rendered":"<p>Se presenta la quinta edici\u00f3n actualizada y ampliada de la obra del profesor David Stitchkin, la cual ya es un cl\u00e1sico en la literatura jur\u00eddica especializada.<\/p>\n<p>Partiendo del examen de la esencia jur\u00eddica del mandato, el autor analiza diversas tesis sobre la materia, para detenerse en su naturaleza dentro del derecho chileno.<\/p>\n<p>Asimismo, estudia los caracteres del mandato, las personas que intervienes en \u00e9l, las obligaciones del mandatario y del mandante, los efectos del mandato de terceros y, por \u00faltimo, su terminaci\u00f3n, a trav\u00e9s de diferentes causas que pueden motivarla.<\/p>\n<p>Esta nueva edici\u00f3n ha sido puesta al d\u00eda por el profesor Gonzalo Figueroa Y\u00e1nez, considerando las modificaciones legales dictadas desde la anterior edici\u00f3n publicada por esta Editorial, y agregando las nuevas tendencias doctrinarias y jurisprudenciales.<\/p>\n<p><strong>CAP\u00cdTULO PRIMERO<\/strong><br \/>\n<strong>Naturaleza Jur\u00eddica<br \/>\n<\/strong><br \/>\n<strong>CAP\u00cdTULO SEGUNDO<\/strong><br \/>\n<strong>Naturaleza del Mandato Civil en el Derecho Chileno<br \/>\n<\/strong><br \/>\n<strong>CAP\u00cdTULO TERCERO<\/strong><br \/>\n<strong>Caracteres del Mandato<br \/>\n<\/strong><br \/>\n<strong>CAP\u00cdTULO CUARTO<\/strong><br \/>\n<strong>De las Personas que Intervienen en el Mandato<br \/>\n<\/strong><br \/>\n<strong>CAP\u00cdTULO QUINTO<\/strong><br \/>\n<strong>Obligaciones del Mandatario<br \/>\n<\/strong><br \/>\n<strong>CAP\u00cdTULO SEXTO<\/strong><br \/>\n<strong>Obligaciones del Mandante<br \/>\n<\/strong><br \/>\n<strong>CAP\u00cdTULO S\u00c9PTIMO<\/strong><br \/>\n<strong>Efectos del Mandato Respecto de Terceros<br \/>\n<\/strong><br \/>\n<strong>CAP\u00cdTULO OCTAVO<\/strong><br \/>\n<strong>Terminaci\u00f3n del Mandato<\/strong><\/p>\n","protected":false},"excerpt":{"rendered":"<p>LIBRO AGOTADO \/ SIN STOCK<\/p>\n<p>Buscas un libro Jur\u00eddico.? Lo puedes encontrar en nuestra tienda virtual.<br \/>\nContamos con prestigiosos autores y muchas alternativas en sus diferentes materias al igual que grandes descuentos.! Vis\u00edtanos en <a class=\"EszhzNCixXvQQeqPHFeuxhblDVvRtZxPw \" tabindex=\"0\" href=\"https:\/\/lnkd.in\/eiAG7jdZ\" target=\"_blank\" rel=\"noopener\" data-test-app-aware-link=\"\">https:\/\/lnkd.in\/eiAG7jdZ<\/a><br \/>\nEscr\u00edbenos al +56930565235 \/ <a class=\"EszhzNCixXvQQeqPHFeuxhblDVvRtZxPw \" tabindex=\"0\" href=\"mailto:ventaslegallexglobal@gmail.com\" target=\"_self\" data-test-app-aware-link=\"\">ventaslegallexglobal@gmail.com<\/a><br \/>\nHacemos env\u00edos a todo Chile \u2013 Starken o Correos Chile \/ Te esperamos<\/p>\n","protected":false},"featured_media":2787,"comment_status":"open","ping_status":"closed","template":"","meta":{"inline_featured_image":false,"_joinchat":[]},"product_brand":[],"product_cat":[27,57],"product_tag":[],"class_list":{"0":"post-2757","1":"product","2":"type-product","3":"status-publish","4":"has-post-thumbnail","6":"product_cat-civil","7":"product_cat-editorial-juridica-de-chile","8":"product_shipping_class-a-convenir","10":"first","11":"instock","12":"shipping-taxable","13":"purchasable","14":"product-type-simple"},"_links":{"self":[{"href":"https:\/\/bibliotecajuridicavirtual.cl\/index.php\/wp-json\/wp\/v2\/product\/2757","targetHints":{"allow":["GET"]}}],"collection":[{"href":"https:\/\/bibliotecajuridicavirtual.cl\/index.php\/wp-json\/wp\/v2\/product"}],"about":[{"href":"https:\/\/bibliotecajuridicavirtual.cl\/index.php\/wp-json\/wp\/v2\/types\/product"}],"replies":[{"embeddable":true,"href":"https:\/\/bibliotecajuridicavirtual.cl\/index.php\/wp-json\/wp\/v2\/comments?post=2757"}],"wp:featuredmedia":[{"embeddable":true,"href":"https:\/\/bibliotecajuridicavirtual.cl\/index.php\/wp-json\/wp\/v2\/media\/2787"}],"wp:attachment":[{"href":"https:\/\/bibliotecajuridicavirtual.cl\/index.php\/wp-json\/wp\/v2\/media?parent=2757"}],"wp:term":[{"taxonomy":"product_brand","embeddable":true,"href":"https:\/\/bibliotecajuridicavirtual.cl\/index.php\/wp-json\/wp\/v2\/product_brand?post=2757"},{"taxonomy":"product_cat","embeddable":true,"href":"https:\/\/bibliotecajuridicavirtual.cl\/index.php\/wp-json\/wp\/v2\/product_cat?post=2757"},{"taxonomy":"product_tag","embeddable":true,"href":"https:\/\/bibliotecajuridicavirtual.cl\/index.php\/wp-json\/wp\/v2\/product_tag?post=2757"}],"curies":[{"name":"wp","href":"https:\/\/api.w.org\/{rel}","templated":true}]}}