{"id":2759,"date":"2026-02-28T01:05:25","date_gmt":"2026-02-28T04:05:25","guid":{"rendered":"https:\/\/bibliotecajuridicavirtual.cl\/?post_type=product&#038;p=2759"},"modified":"2026-02-28T01:05:45","modified_gmt":"2026-02-28T04:05:45","slug":"manual-de-propiedad-intelectual-2da-edicion-actualizada-ano-2020-368-pag-autor-elisa-walker-echenique","status":"publish","type":"product","link":"https:\/\/bibliotecajuridicavirtual.cl\/index.php\/product\/manual-de-propiedad-intelectual-2da-edicion-actualizada-ano-2020-368-pag-autor-elisa-walker-echenique\/","title":{"rendered":"Manual de Propiedad Intelectual. 2da Edici\u00f3n Actualizada. A\u00f1o 2020\/ 368 P\u00e1g. Autor Elisa Walker  Echenique"},"content":{"rendered":"<p>Durante los \u00faltimos veinte a\u00f1os la propiedad intelectual se ha visto expuesta a importantes cambios a nivel internacional. Por un lado, la regulaci\u00f3n ha tenido que adecuarse al desarrollo de nuevas tecnolog\u00edas. En particular, para dar respuesta a la digitalizaci\u00f3n de los medios con los cuales tenemos acceso a obras protegidas \u2013por ejemplo, la m\u00fasica\u2013, y tambi\u00e9n para superar los desaf\u00edos que genera la conectividad de Internet. Por otro lado, importantes tratados multilaterales y bilaterales han empezado a incorporar cap\u00edtulos que regulan esta rama del derecho, exigiendo que los pa\u00edses miembros modifiquen su normativa interna. Destacan entre ellos el Acuerdo sobre los Aspectos de los Derechos de Propiedad Intelectual Relacionados con el Comercio, tambi\u00e9n conocido como ADPIC, y los Tratados de Libre Comercio celebrados por Estados Unidos.<\/p>\n<p>La regulaci\u00f3n chilena sobre propiedad intelectual no ha estado ajena a estos cambios. A partir del a\u00f1o 2003 la legislaci\u00f3n actualmente vigente (Ley N\u00ba 17.336) ha sido sometida por lo menos a tres grandes reformas que han tenido la finalidad de adecuar la reglamentaci\u00f3n seg\u00fan los cambios antes mencionados.<\/p>\n<p>Este Manual de Propiedad Intelectual tiene como prop\u00f3sito dar una mirada comprensiva a la regulaci\u00f3n de esta, tanto para explicar el funcionamiento del sistema como para analizar las modificaciones a las que ha sido sometida dicha normativa. Esta obra incluye un examen minucioso de la legislaci\u00f3n chilena contenida en la Ley N\u00ba 17.336, estudio que es complementado con discusiones doctrinales y jurisprudencia, junto a referencias del derecho comparado.<\/p>\n","protected":false},"excerpt":{"rendered":"<p>Durante los \u00faltimos veinte a\u00f1os la propiedad intelectual se ha visto expuesta a importantes cambios a nivel internacional. Por un lado, la regulaci\u00f3n ha tenido que adecuarse al desarrollo de nuevas tecnolog\u00edas. En particular, para dar respuesta a la digitalizaci\u00f3n de los medios con los cuales tenemos acceso a obras protegidas \u2013por ejemplo, la m\u00fasica\u2013, y tambi\u00e9n para superar los desaf\u00edos que genera la conectividad de Internet. Por otro lado, importantes tratados multilaterales y bilaterales han empezado a incorporar cap\u00edtulos que regulan esta rama del derecho, exigiendo que los pa\u00edses miembros modifiquen su normativa interna. Destacan entre ellos el Acuerdo sobre los Aspectos de los Derechos de Propiedad Intelectual Relacionados con el Comercio, tambi\u00e9n conocido como ADPIC, y los Tratados de Libre Comercio celebrados por Estados Unidos. La regulaci\u00f3n chilena sobre propiedad intelectual no ha estado ajena a estos cambios. A partir del a\u00f1o 2003 la legislaci\u00f3n actualmente vigente (Ley N\u00ba 17.336) ha sido sometida por lo menos a tres grandes reformas que han tenido la finalidad de adecuar la reglamentaci\u00f3n seg\u00fan los cambios antes mencionados. Este Manual de Propiedad Intelectual tiene como prop\u00f3sito dar una mirada comprensiva a la regulaci\u00f3n de esta, tanto para explicar el funcionamiento del sistema como para analizar las modificaciones a las que ha sido sometida dicha normativa. Esta obra incluye un examen minucioso de la legislaci\u00f3n chilena contenida en la Ley N\u00ba 17.336, estudio que es complementado con discusiones doctrinales y jurisprudencia, junto a referencias del derecho comparado.<\/p>\n","protected":false},"featured_media":2789,"comment_status":"open","ping_status":"closed","template":"","meta":{"inline_featured_image":false,"_joinchat":[]},"product_brand":[],"product_cat":[27,42],"product_tag":[],"class_list":{"0":"post-2759","1":"product","2":"type-product","3":"status-publish","4":"has-post-thumbnail","6":"product_cat-civil","7":"product_cat-thomson-reuters","8":"product_shipping_class-a-convenir","10":"first","11":"instock","12":"shipping-taxable","13":"purchasable","14":"product-type-simple"},"_links":{"self":[{"href":"https:\/\/bibliotecajuridicavirtual.cl\/index.php\/wp-json\/wp\/v2\/product\/2759","targetHints":{"allow":["GET"]}}],"collection":[{"href":"https:\/\/bibliotecajuridicavirtual.cl\/index.php\/wp-json\/wp\/v2\/product"}],"about":[{"href":"https:\/\/bibliotecajuridicavirtual.cl\/index.php\/wp-json\/wp\/v2\/types\/product"}],"replies":[{"embeddable":true,"href":"https:\/\/bibliotecajuridicavirtual.cl\/index.php\/wp-json\/wp\/v2\/comments?post=2759"}],"wp:featuredmedia":[{"embeddable":true,"href":"https:\/\/bibliotecajuridicavirtual.cl\/index.php\/wp-json\/wp\/v2\/media\/2789"}],"wp:attachment":[{"href":"https:\/\/bibliotecajuridicavirtual.cl\/index.php\/wp-json\/wp\/v2\/media?parent=2759"}],"wp:term":[{"taxonomy":"product_brand","embeddable":true,"href":"https:\/\/bibliotecajuridicavirtual.cl\/index.php\/wp-json\/wp\/v2\/product_brand?post=2759"},{"taxonomy":"product_cat","embeddable":true,"href":"https:\/\/bibliotecajuridicavirtual.cl\/index.php\/wp-json\/wp\/v2\/product_cat?post=2759"},{"taxonomy":"product_tag","embeddable":true,"href":"https:\/\/bibliotecajuridicavirtual.cl\/index.php\/wp-json\/wp\/v2\/product_tag?post=2759"}],"curies":[{"name":"wp","href":"https:\/\/api.w.org\/{rel}","templated":true}]}}