{"id":2760,"date":"2026-02-28T01:05:25","date_gmt":"2026-02-28T04:05:25","guid":{"rendered":"https:\/\/bibliotecajuridicavirtual.cl\/?post_type=product&#038;p=2760"},"modified":"2026-02-28T01:05:48","modified_gmt":"2026-02-28T04:05:48","slug":"manual-de-derecho-administrativo-normativa-aplicable-a-la-administracion-publica-chilena-ano-diciembre-2021-672-pag-autor-francisco-javier-aldunate-ramos","status":"publish","type":"product","link":"https:\/\/bibliotecajuridicavirtual.cl\/index.php\/product\/manual-de-derecho-administrativo-normativa-aplicable-a-la-administracion-publica-chilena-ano-diciembre-2021-672-pag-autor-francisco-javier-aldunate-ramos\/","title":{"rendered":"Manual de Derecho Administrativo &#8211; Normativa Aplicable a la administraci\u00f3n P\u00fablica chilena. A\u00f1o Diciembre 2021\/ 672 P\u00e1g. Autor  Francisco Javier Aldunate Ramos"},"content":{"rendered":"<p style=\"font-weight: 400;\">Este manual cumple con la finalidad de disponer en un solo texto de un compilado de normas, explicaciones y citas jurisprudenciales que sirven para la permanente y diaria resoluci\u00f3n de temas que deben ver, estudiar y resolver los funcionarios p\u00fablicos, am\u00e9n de ser un texto de estudio para abogados y estudiantes en materias de Derecho P\u00fablico.<\/p>\n<p><b><strong>CAP\u00cdTULO I<\/strong><\/b><br \/>\n<b><strong>PROLEG\u00d3MENOS<\/strong><\/b><\/p>\n<p style=\"font-weight: 400;\">BREVES NOCIONES DE DERECHO ADMINISTRATIVO<br \/>\nCaracter\u00edsticas del Derecho Administrativo<\/p>\n<p style=\"font-weight: 400;\"><b><strong>CAP\u00cdTULO II<\/strong><\/b><br \/>\n<b><strong>EL ESTATUTO ADMINISTRATIVO<\/strong><\/b><\/p>\n<p style=\"font-weight: 400;\">GENERALIDADES<br \/>\nEstructura del Estatuto<br \/>\nPrincipios fundamentales que inspiran la legislaci\u00f3n estatutaria<br \/>\nFuncionarios a quienes no se les aplica el Estatuto Administrativo<br \/>\nContrataci\u00f3n de personal bajo normativa del C\u00f3digo del Trabajo<br \/>\nLos cargos a contrata y la contrataci\u00f3n a honorarios<br \/>\nLey No 21.280<br \/>\nLas calidades jur\u00eddicas que pueden tener los funcionarios<\/p>\n<p style=\"font-weight: 400;\">COMISIONES DE SERVICIO; DESTINACIONES Y COMETIDOS FUNCIONARIOS<\/p>\n<p style=\"font-weight: 400;\">CONTRATOS A HONORARIOS<br \/>\nArt\u00edculos 54, 55 y 56 Ley No 18.575: Inhabilidades e Incompatibilidades contempladas en la ley<br \/>\nInhabilidades<br \/>\nIncompatibilidades<\/p>\n<p style=\"font-weight: 400;\">EL SISTEMA DE ALTA DIRECCI\u00d3N P\u00daBLICA<br \/>\nServicio Civil<br \/>\nEvaluaci\u00f3n de los Altos Directivos P\u00fablicos<\/p>\n<p style=\"font-weight: 400;\">DEL INGRESO A LA ADMINISTRACI\u00d3N P\u00daBLICA. GENERALIDADES<br \/>\nRequisitos de ingreso<br \/>\nTambi\u00e9n existen otros requisitos de ingreso no contemplados en el Estatuto Administrativo, a saber<\/p>\n<p style=\"font-weight: 400;\">DE LOS CONCURSOS Y PROCEDIMIENTOS COMPLEMENTARIOS<\/p>\n<p style=\"font-weight: 400;\">PROCEDIMIENTOS COMUNES A TODOS LOS TIPOS DE CONCURSOS<\/p>\n<p style=\"font-weight: 400;\">INTEGRACI\u00d3N DE LOS COMIT\u00c9S DE SELECCI\u00d3N SEG\u00daN TIPO DE CONCURSO<\/p>\n<p style=\"font-weight: 400;\">NORMAS PARTICULARES EL CONCURSO P\u00daBLICO DE INGRESO<\/p>\n<p style=\"font-weight: 400;\">CONCURSO DE PROMOCI\u00d3N<\/p>\n<p style=\"font-weight: 400;\">CONCURSO PARA LA PROVISI\u00d3N DE CARGOS DE JEFES DE DEPARTAMENTO Y EQUIVALENTE<\/p>\n<p style=\"font-weight: 400;\">CONCURSO PARA ENCASILLAMIENTO DE PERSONAL<\/p>\n<p style=\"font-weight: 400;\">NORMAS ESPECIALES PARA FUNCIONARIOS MUNICIPALES<\/p>\n<p style=\"font-weight: 400;\">LA CAPACITACI\u00d3N<br \/>\nTipos de capacitaci\u00f3n<br \/>\nEfectos<\/p>\n<p style=\"font-weight: 400;\">LAS CALIFICACIONES<br \/>\nAnotaciones de m\u00e9rito<br \/>\nEscalaf\u00f3n<\/p>\n<p style=\"font-weight: 400;\">OBLIGACIONES FUNCIONARIAS<br \/>\nLas obligaciones funcionarias que describe la norma, son<br \/>\n1. Propias de autoridades y Jefaturas (art\u00edculo 64 Estatuto Administrativo y 61 Estatuto Administrativo Funcionarios Municipales):<br \/>\n2. Obligaciones Positivas (art\u00edculo 61 Estatuto)<br \/>\n3. Obligaciones negativas o prohibiciones (art\u00edculo 84 Estatuto)<\/p>\n<p style=\"font-weight: 400;\">JORNADA DE TRABAJO<\/p>\n<p style=\"font-weight: 400;\">DERECHOS FUNCIONARIOS<br \/>\nDerechos que protegen la maternidad<br \/>\nDerecho a defensa<br \/>\nDerechos por denunciar cr\u00edmenes, simples delitos o hechos irregulares<br \/>\nDerecho a Vivienda<br \/>\nPermuta de cargos<\/p>\n<p style=\"font-weight: 400;\">FERIADO LEGAL Y PERMISOS<\/p>\n<p style=\"font-weight: 400;\">ACUMULACI\u00d3N DE FERIADOS<\/p>\n<p style=\"font-weight: 400;\">FRACCIONAMIENTO<\/p>\n<p style=\"font-weight: 400;\">PERMISOS<\/p>\n<p style=\"font-weight: 400;\">DERECHO A PERCIBIR VI\u00c1TICOS<\/p>\n<p style=\"font-weight: 400;\">REMUNERACIONES Y ASIGNACIONES<\/p>\n<p style=\"font-weight: 400;\">RESPONSABILIDAD ADMINISTRATIVA<\/p>\n<p style=\"font-weight: 400;\">PRINCIPIOS QUE RIGEN LA RESPONSABILIDAD ADMINISTRATIVA<br \/>\nLegalidad<br \/>\nPrincipio de legalidad o de imperio de la ley<br \/>\nPrincipio del debido proceso o del debido juzgamiento<br \/>\nPrincipio de la debida defensa<br \/>\nProporcionalidad de las sanciones<br \/>\nPrincipio pro reo<br \/>\nPrincipio de inexcusabilidad<br \/>\nPrincipio de la independencia de las sanciones<\/p>\n<p style=\"font-weight: 400;\">RESPONSABILIDAD ADMINISTRATIVA<\/p>\n<p style=\"font-weight: 400;\">INVESTIGACI\u00d3N SUMARIA<\/p>\n<p style=\"font-weight: 400;\">SUMARIO ADMINISTRATIVO<\/p>\n<p style=\"font-weight: 400;\">SANCI\u00d3N ADMINISTRATIVA<\/p>\n<p style=\"font-weight: 400;\">MEDIDAS DISCIPLINARIAS<\/p>\n<p style=\"font-weight: 400;\">EXTINCI\u00d3N DE RESPONSABILIDAD ADMINISTRATIVA<\/p>\n<p style=\"font-weight: 400;\">CESACI\u00d3N DE FUNCIONES<\/p>\n<p style=\"font-weight: 400;\"><b><strong>CAP\u00cdTULO III<\/strong><\/b><br \/>\n<b><strong>ESTRUCTURA DE LA ADMINISTRACI\u00d3N P\u00daBLICA<\/strong><\/b><\/p>\n<p style=\"font-weight: 400;\">Esquema<\/p>\n<p style=\"font-weight: 400;\">LOS SISTEMAS DE ORGANIZACI\u00d3N ADMINISTRATIVA<br \/>\nSistema de centralizaci\u00f3n administrativa. Caracter\u00edsticas<br \/>\nVentajas<br \/>\nSistema de descentralizaci\u00f3n administrativa<br \/>\nCaracter\u00edsticas generales<br \/>\nSistema territorialmente descentralizado. Caracter\u00edsticas<br \/>\nVentajas de la descentralizaci\u00f3n territorial<br \/>\nLa descentralizaci\u00f3n funcional. Caracter\u00edsticas<br \/>\nVentajas del sistema funcionalmente descentralizado<br \/>\nRequisitos de la desconcentraci\u00f3n<br \/>\nLa avocaci\u00f3n<br \/>\nLa regionalizaci\u00f3n<\/p>\n<p style=\"font-weight: 400;\">ASPECTOS PARA DETERMINAR UNA PERSONA JUR\u00cdDICA DE DERECHO P\u00daBLICO<\/p>\n<p style=\"font-weight: 400;\">LEY No 18.575, ORG\u00c1NICA CONSTITUCIONAL DE BASES GENERALES DE LA ADMINISTRACION DEL ESTADO<br \/>\nOrigen de la Ley No 18.575<br \/>\nEstructura de la ley<\/p>\n<p style=\"font-weight: 400;\">ORGANIZACI\u00d3N ADMINISTRATIVA EN CHILE<br \/>\nPresidente de la Rep\u00fablica<br \/>\nFacultades de legislaci\u00f3n delegada<br \/>\nPotestad Reglamentaria<br \/>\nLos Ministros<br \/>\nResponsabilidad de los ministros<br \/>\nMinistros y Congreso Nacional<br \/>\nOrganizaci\u00f3n<br \/>\nGobierno interior y regional<br \/>\nFunciones, atribuciones y competencias de los gobiernos regionales: Ser\u00e1n funciones generales del Gobierno regional<br \/>\nIntervendr\u00e1n en el procedimiento de transferencia de competencias<br \/>\nEl procedimiento de transferencia se tramitar\u00e1 de acuerdo a las siguientes reglas<br \/>\nProcedimiento de transferencia iniciado de oficio por el Presidente de la Rep\u00fablica<br \/>\nOrganizaci\u00f3n del Gobierno regional<br \/>\nPara ser elegido gobernador regional se requerir\u00e1<br \/>\nNo podr\u00e1n ser candidatos a gobernador regional<br \/>\nCorresponder\u00e1 al gobernador regional<br \/>\nDel Consejo Regional<br \/>\nCorresponder\u00e1 al Consejo regional<\/p>\n<p style=\"font-weight: 400;\">CONTRALOR\u00cdA GENERAL DE LA REP\u00daBLICA<br \/>\nFunciones de la Contralor\u00eda<br \/>\nOrganizaci\u00f3n interna<br \/>\nEl Contralor General:<br \/>\nAtribuciones<br \/>\nRemoci\u00f3n<\/p>\n<p style=\"font-weight: 400;\">BANCO CENTRAL<br \/>\nAtribuciones del Consejo<\/p>\n<p style=\"font-weight: 400;\">TRIBUNAL CONSTITUCIONAL<br \/>\nConcepto de jurisdicci\u00f3n constitucional<\/p>\n<p style=\"font-weight: 400;\">MINISTERIO P\u00daBLICO<br \/>\nFiscal Nacional<br \/>\nRequisitos para ser nombrado fiscal nacional<br \/>\nAtribuciones del fiscal nacional<\/p>\n<p style=\"font-weight: 400;\">CONSEJO DE DEFENSA DEL ESTADO<br \/>\nOrganizaci\u00f3n<br \/>\nConformaci\u00f3n del Consejo<br \/>\nFunciones del Consejo<br \/>\nEl presidente<br \/>\nDeberes y atribuciones del presidente<\/p>\n<p style=\"font-weight: 400;\">TRIBUNAL CALIFICADOR DE ELECCIONES<br \/>\nIntegraci\u00f3n<br \/>\nFunciones principales<br \/>\nEl Servicio Electoral<br \/>\nFunciones Principales<br \/>\nLas inscripciones electorales<br \/>\nLos Partidos Pol\u00edticos<\/p>\n<p style=\"font-weight: 400;\">FUERZAS DE ORDEN Y SEGURIDAD<br \/>\nLas Fuerzas Armadas<br \/>\nFuerzas de Orden y Seguridad P\u00fablica<br \/>\nCarabineros de Chile<br \/>\nPolic\u00eda de Investigaciones<\/p>\n<p style=\"font-weight: 400;\">MUNICIPALIDADES<br \/>\nFunciones y atribuciones de las municipalidades<br \/>\nOrganizaci\u00f3n interna<br \/>\nAlcalde<br \/>\nElecci\u00f3n del Alcalde<br \/>\nRequisitos para ser Alcalde<br \/>\nAtribuciones<br \/>\nMaterias que requieren acuerdo de Alcalde y Concejo municipal<br \/>\nConcejo municipal<br \/>\nRequisitos para ser concejales<br \/>\nAtribuciones<br \/>\nEl presupuesto municipal debe incluir los siguientes anexos informativos<\/p>\n<p style=\"font-weight: 400;\">EMPRESAS P\u00daBLICAS CREADAS POR LEY<br \/>\nEmpresas p\u00fablicas<br \/>\nEmpresas Portuarias<br \/>\nEl Sistema de Empresas P\u00fablicas SEP<br \/>\nFunciones del SEP<br \/>\nEmpresas de sector p\u00fablico donde el SEP ejerce sus funciones<br \/>\nLas empresas se\u00f1aladas cumplen los siguientes objetivos desde el punto de vista del Estado de Chile<\/p>\n<p style=\"font-weight: 400;\">SERVICIOS P\u00daBLICOS<br \/>\nServicios p\u00fablicos centralizados<br \/>\nServicios p\u00fablicos descentralizados<br \/>\nDesconcentraci\u00f3n de servicios p\u00fablicos<br \/>\nDirector<br \/>\nOrganizaci\u00f3n interna de los servicios p\u00fablicos<br \/>\nCreaci\u00f3n de niveles jer\u00e1rquicos<\/p>\n<p style=\"font-weight: 400;\">REPRESENTACI\u00d3N JUDICIAL Y EXTRAJUDICIAL DE LOS SERVICIOS P\u00daBLICOS<br \/>\nDelegaci\u00f3n<br \/>\nDelegaci\u00f3n de firma<br \/>\nDelegaci\u00f3n del ejercicio de otras facultades<\/p>\n<p>PRINCIPIOS QUE INSPIRAN A LA ADMINISTRACI\u00d3N DEL ESTADO<br \/>\nResponsabilidad<br \/>\nEficiencia<br \/>\nEficacia<br \/>\nCoordinaci\u00f3n<br \/>\nImpulso de oficio del procedimiento<br \/>\nImpugnabilidad de los actos administrativos<br \/>\nLos Recursos administrativos<br \/>\nLegitimaci\u00f3n para recurrir<br \/>\nRecursos ordinarios<br \/>\nRecurso de reposici\u00f3n (art. 59 LPA y 11 LOBAE)<br \/>\nRecurso jer\u00e1rquico o de alzada (art. 59 LPA y 11 LOBAE)<br \/>\nRequisitos del recurso jer\u00e1rquico<br \/>\nRevisi\u00f3n de oficio de los Actos Administrativos<br \/>\nInvalidaci\u00f3n (art. 53 LPA)<br \/>\nControl<br \/>\nProbidad<br \/>\n\u00bfQui\u00e9nes est\u00e1n sujetos al principio de probidad?<br \/>\nPersonal a contrata<br \/>\nPersonal contratado a honorarios<br \/>\nPersonal bajo el C\u00f3digo del Trabajo<br \/>\nJurisprudencia<br \/>\nTransparencia<br \/>\nLa transparencia tiene dos facetas<br \/>\nPrincipales normas sobre probidad y transparencia en Chile<br \/>\n\u00bfQu\u00e9 rol juegan la Contralor\u00eda General de la Rep\u00fablica y los organismos de control interno de cada organismo en la defensa de la probidad y la transparencia?<br \/>\nContralor\u00eda General de la Rep\u00fablica<br \/>\nEl Juicio de Cuentas<br \/>\n\u00bfQu\u00e9 persigue el examen y juicio de cuentas?<br \/>\nJuicio de cuentas<br \/>\nLa probidad y la transparencia en el ingreso a la Administraci\u00f3n del Estado:<\/p>\n<p style=\"font-weight: 400;\">Normativa<br \/>\nInhabilidades directamente relacionadas con el principio de probidad administrativa<br \/>\nEl principio de publicidad<br \/>\nEl Consejo para la Transparencia<br \/>\nEl reclamo ante el Consejo para la Transparencia<\/p>\n<p style=\"font-weight: 400;\"><b><strong>CAP\u00cdTULO\u00a0IV<\/strong><\/b><br \/>\n<b><strong>ACTOS Y PROCEDIMIENTO ADMINISTRATIVO<\/strong><\/b><\/p>\n<p style=\"font-weight: 400;\">IDEAS PRELIMINARES<\/p>\n<p style=\"font-weight: 400;\">REQUISITOS DEL ACTO ADMINISTRATIVO<\/p>\n<p style=\"font-weight: 400;\">EL PROCEDIMIENTO ADMINISTRATIVO<br \/>\n\u00c1mbito de Aplicaci\u00f3n<br \/>\nPrincipios Generales del Procedimiento Administrativo<\/p>\n<p style=\"font-weight: 400;\">REQUISITOS DEL ACTO ADMINISTRATIVO<br \/>\nI. Cuesti\u00f3n previa<br \/>\nII. El acto administrativo<br \/>\nIII. Actuaci\u00f3n de los \u00f3rganos del Estado<br \/>\nEl principio de probidad administrativa<br \/>\nEl principio de imparcialidad<br \/>\nLos principios de publicidad y transparencia<br \/>\nPrincipios pol\u00edticos administrativos<br \/>\nPrincipios jur\u00eddicos<br \/>\nPrincipios estatutarios<br \/>\nPrincipios administrativos<br \/>\nIV. Procedimiento administrativo<br \/>\n\u00d3rgano administrativo al que se dirige<br \/>\nFinalizaci\u00f3n del Procedimiento \u2013art\u00edculos 40 a 44 Ley No 19.880<br \/>\nPrincipios del Procedimiento Administrativo No Contencioso<br \/>\nPrincipios que inspiran el procedimiento administrativo<br \/>\nActuar con objetividad<br \/>\nEl silencio administrativo<br \/>\nCaracter\u00edsticas del procedimiento administrativo<br \/>\nEstructura del procedimiento administrativo<br \/>\nV. Procedimiento administrativo ante el Tribunal de Contrataci\u00f3n P\u00fablica<br \/>\n1. El Tribunal de Contrataci\u00f3n P\u00fablica<br \/>\nTramitaci\u00f3n ante el tribunal<br \/>\n2. Principios contenidos en la ley de compras y contrataci\u00f3n p\u00fablica\/ jurisprudencia del tribunal de compras p\u00fablicas<br \/>\n3. Jurisprudencia relevante\/contralor\u00eda general de la rep\u00fablica y tribunal de contrataci\u00f3n p\u00fablica<br \/>\n3.1. Nro. Dictamen: 9.181 Fecha: 17-03-2017. Fuentes legales: Ley No 19.886 art. 10 inc.\/3 Dictamen: No 9.181 Fecha: 17-III-2017 CGR<br \/>\n3.2. Nro. Dictamen: 7.958. Fecha: 09-03-2017. Fuentes legales: Ley No 19.886 art. 7 lt\/c, dto. 250\/2004 HACIE art. 10 n\u00fam.\/7 lt\/g, dto. 250\/2004 HACIE art. 52. Dictamen: No 7.958 Fecha: 09-III-2017 CGR<br \/>\n3.3. Nro. Dictamen: 7.648. Fecha: 07-03-2017. Fuentes legales: Ley No 19.886 art. 1 inc. 1, dto. 250\/2004 HACIE art. 22 n\u00fam.\/11, Ley No 19.880 art. 46 inc. 2. Dictamen: No 7.648 Fecha: 07-III-2017 CGR<br \/>\n3.4. Nro. Dictamen: 93.759. Fecha: 29-12-2016. Fuentes legales: Ley No 19.886 art.\/10 inc.\/3, Ley No 19.880 art.\/13 inc.\/1, Ley No 19.880 art.\/13 inc.\/2, dto. 250\/2004 HACIE art.\/20 inc.\/fin, dto. 250\/2004 HACIE art. 40 inc.\/2, Ley No 19.880 art.\/53 inc.\/1. Dictamen: No 93.759 Fecha: 29-XII-2016 CGR<br \/>\n3.5. Causa rol 60-2003 Tribunal de Contrataci\u00f3n P\u00fablica. Santiago, jueves veinticinco de julio de dos mil trece<br \/>\n1.6. Causa No 7.672\/2015 (en recurso de queja) Corte Suprema, Sala Tercera (Constitucional) de 5 de noviembre de 2015. Vistos y teniendo presente<br \/>\n1.7. Rol 106-2009 Tribunal de Compras P\u00fablicas. Santiago, viernes seis de agosto de dos mil diez<br \/>\nCon lo relacionado y considerando<br \/>\nI. En cuanto a la objeci\u00f3n de documentos<br \/>\nII. En cuanto al fondo<br \/>\nIII. Que no se condena en costas a la parte demandada, por estimarse que tuvo motivos plausibles para litigar<\/p>\n<p style=\"font-weight: 400;\">OTROS ROLES-SENTENCIAS RELACIONADAS<br \/>\nTribunal de Compras P\u00fablicas<br \/>\nIlustre Corte de Apelaciones<br \/>\nExcelent\u00edsima Corte Suprema<\/p>\n<p style=\"font-weight: 400;\"><b><strong>CAP\u00cdTULO V<\/strong><\/b><br \/>\n<b><strong>RESPONSABILIDAD GENERAL DEL ESTADO<\/strong><\/b><\/p>\n<p style=\"font-weight: 400;\">Tesis de la prescriptibilidad de la responsabilidad del Estado<\/p>\n<p style=\"font-weight: 400;\"><b><strong>CAP\u00cdTULO VI<\/strong><\/b><br \/>\n<b><strong>CONTRATO ADMINISTRATIVO<\/strong><\/b><\/p>\n<p style=\"font-weight: 400;\">DIRECCI\u00d3N DE COMPRAS Y CONTRATACI\u00d3N P\u00daBLICA<br \/>\nLa Compra \u00c1gil<br \/>\nMonto de la contrataci\u00f3n<\/p>\n","protected":false},"excerpt":{"rendered":"<p>Este manual cumple con la finalidad de disponer en un solo texto de un compilado de normas, explicaciones y citas jurisprudenciales que sirven para la permanente y diaria resoluci\u00f3n de temas que deben ver, estudiar y resolver los funcionarios p\u00fablicos, am\u00e9n de ser un texto de estudio para abogados y estudiantes en materias de Derecho P\u00fablico. CAP\u00cdTULO I PROLEG\u00d3MENOS BREVES NOCIONES DE DERECHO ADMINISTRATIVO Caracter\u00edsticas del Derecho Administrativo CAP\u00cdTULO II EL ESTATUTO ADMINISTRATIVO GENERALIDADES Estructura del Estatuto Principios fundamentales que inspiran la legislaci\u00f3n estatutaria Funcionarios a quienes no se les aplica el Estatuto Administrativo Contrataci\u00f3n de personal bajo normativa del C\u00f3digo del Trabajo Los cargos a contrata y la contrataci\u00f3n a honorarios Ley No 21.280 Las calidades jur\u00eddicas que pueden tener los funcionarios COMISIONES DE SERVICIO; DESTINACIONES Y COMETIDOS FUNCIONARIOS CONTRATOS A HONORARIOS Art\u00edculos 54, 55 y 56 Ley No 18.575: Inhabilidades e Incompatibilidades contempladas en la ley Inhabilidades Incompatibilidades EL SISTEMA DE ALTA DIRECCI\u00d3N P\u00daBLICA Servicio Civil Evaluaci\u00f3n de los Altos Directivos P\u00fablicos DEL INGRESO A LA ADMINISTRACI\u00d3N P\u00daBLICA. GENERALIDADES Requisitos de ingreso Tambi\u00e9n existen otros requisitos de ingreso no contemplados en el Estatuto Administrativo, a saber DE LOS CONCURSOS Y PROCEDIMIENTOS COMPLEMENTARIOS PROCEDIMIENTOS COMUNES A TODOS LOS TIPOS DE CONCURSOS INTEGRACI\u00d3N DE LOS COMIT\u00c9S DE SELECCI\u00d3N SEG\u00daN TIPO DE CONCURSO NORMAS PARTICULARES EL CONCURSO P\u00daBLICO DE INGRESO CONCURSO DE PROMOCI\u00d3N CONCURSO PARA LA PROVISI\u00d3N DE CARGOS DE JEFES DE DEPARTAMENTO Y EQUIVALENTE CONCURSO PARA ENCASILLAMIENTO DE PERSONAL NORMAS ESPECIALES PARA FUNCIONARIOS MUNICIPALES LA CAPACITACI\u00d3N Tipos de capacitaci\u00f3n Efectos LAS CALIFICACIONES Anotaciones de m\u00e9rito Escalaf\u00f3n OBLIGACIONES FUNCIONARIAS Las obligaciones funcionarias que describe la norma, son 1. Propias de autoridades y Jefaturas (art\u00edculo 64 Estatuto Administrativo y 61 Estatuto Administrativo Funcionarios Municipales): 2. Obligaciones Positivas (art\u00edculo 61 Estatuto) 3. Obligaciones negativas o prohibiciones (art\u00edculo 84 Estatuto) JORNADA DE TRABAJO DERECHOS FUNCIONARIOS Derechos que protegen la maternidad Derecho a defensa Derechos por denunciar cr\u00edmenes, simples delitos o hechos irregulares Derecho a Vivienda Permuta de cargos FERIADO LEGAL Y PERMISOS ACUMULACI\u00d3N DE FERIADOS FRACCIONAMIENTO PERMISOS DERECHO A PERCIBIR VI\u00c1TICOS REMUNERACIONES Y ASIGNACIONES RESPONSABILIDAD ADMINISTRATIVA PRINCIPIOS QUE RIGEN LA RESPONSABILIDAD ADMINISTRATIVA Legalidad Principio de legalidad o de imperio de la ley Principio del debido proceso o del debido juzgamiento Principio de la debida defensa Proporcionalidad de las sanciones Principio pro reo Principio de inexcusabilidad Principio de la independencia de las sanciones RESPONSABILIDAD ADMINISTRATIVA INVESTIGACI\u00d3N SUMARIA SUMARIO ADMINISTRATIVO SANCI\u00d3N ADMINISTRATIVA MEDIDAS DISCIPLINARIAS EXTINCI\u00d3N DE RESPONSABILIDAD ADMINISTRATIVA CESACI\u00d3N DE FUNCIONES CAP\u00cdTULO III ESTRUCTURA DE LA ADMINISTRACI\u00d3N P\u00daBLICA Esquema LOS SISTEMAS DE ORGANIZACI\u00d3N ADMINISTRATIVA Sistema de centralizaci\u00f3n administrativa. Caracter\u00edsticas Ventajas Sistema de descentralizaci\u00f3n administrativa Caracter\u00edsticas generales Sistema territorialmente descentralizado. Caracter\u00edsticas Ventajas de la descentralizaci\u00f3n territorial La descentralizaci\u00f3n funcional. Caracter\u00edsticas Ventajas del sistema funcionalmente descentralizado Requisitos de la desconcentraci\u00f3n La avocaci\u00f3n La regionalizaci\u00f3n ASPECTOS PARA DETERMINAR UNA PERSONA JUR\u00cdDICA DE DERECHO P\u00daBLICO LEY No 18.575, ORG\u00c1NICA CONSTITUCIONAL DE BASES GENERALES DE LA ADMINISTRACION DEL ESTADO Origen de la Ley No 18.575 Estructura de la ley ORGANIZACI\u00d3N ADMINISTRATIVA EN CHILE Presidente de la Rep\u00fablica Facultades de legislaci\u00f3n delegada Potestad Reglamentaria Los Ministros Responsabilidad de los ministros Ministros y Congreso Nacional Organizaci\u00f3n Gobierno interior y regional Funciones, atribuciones y competencias de los gobiernos regionales: Ser\u00e1n funciones generales del Gobierno regional Intervendr\u00e1n en el procedimiento de transferencia de competencias El procedimiento de transferencia se tramitar\u00e1 de acuerdo a las siguientes reglas Procedimiento de transferencia iniciado de oficio por el Presidente de la Rep\u00fablica Organizaci\u00f3n del Gobierno regional Para ser elegido gobernador regional se requerir\u00e1 No podr\u00e1n ser candidatos a gobernador regional Corresponder\u00e1 al gobernador regional Del Consejo Regional Corresponder\u00e1 al Consejo regional CONTRALOR\u00cdA GENERAL DE LA REP\u00daBLICA Funciones de la Contralor\u00eda Organizaci\u00f3n interna El Contralor General: Atribuciones Remoci\u00f3n BANCO CENTRAL Atribuciones del Consejo TRIBUNAL CONSTITUCIONAL Concepto de jurisdicci\u00f3n constitucional MINISTERIO P\u00daBLICO Fiscal Nacional Requisitos para ser nombrado fiscal nacional Atribuciones del fiscal nacional CONSEJO DE DEFENSA DEL ESTADO Organizaci\u00f3n Conformaci\u00f3n del Consejo Funciones del Consejo El presidente Deberes y atribuciones del presidente TRIBUNAL CALIFICADOR DE ELECCIONES Integraci\u00f3n Funciones principales El Servicio Electoral Funciones Principales Las inscripciones electorales Los Partidos Pol\u00edticos FUERZAS DE ORDEN Y SEGURIDAD Las Fuerzas Armadas Fuerzas de Orden y Seguridad P\u00fablica Carabineros de Chile Polic\u00eda de Investigaciones MUNICIPALIDADES Funciones y atribuciones de las municipalidades Organizaci\u00f3n interna Alcalde Elecci\u00f3n del Alcalde Requisitos para ser Alcalde Atribuciones Materias que requieren acuerdo de Alcalde y Concejo municipal Concejo municipal Requisitos para ser concejales Atribuciones El presupuesto municipal debe incluir los siguientes anexos informativos EMPRESAS P\u00daBLICAS CREADAS POR LEY Empresas p\u00fablicas Empresas Portuarias El Sistema de Empresas P\u00fablicas SEP Funciones del SEP Empresas de sector p\u00fablico donde el SEP ejerce sus funciones Las empresas se\u00f1aladas cumplen los siguientes objetivos desde el punto de vista del Estado de Chile SERVICIOS P\u00daBLICOS Servicios p\u00fablicos centralizados Servicios p\u00fablicos descentralizados Desconcentraci\u00f3n de servicios p\u00fablicos Director Organizaci\u00f3n interna de los servicios p\u00fablicos Creaci\u00f3n de niveles jer\u00e1rquicos REPRESENTACI\u00d3N JUDICIAL Y EXTRAJUDICIAL DE LOS SERVICIOS P\u00daBLICOS Delegaci\u00f3n Delegaci\u00f3n de firma Delegaci\u00f3n del ejercicio de otras facultades PRINCIPIOS QUE INSPIRAN A LA ADMINISTRACI\u00d3N DEL ESTADO Responsabilidad Eficiencia Eficacia Coordinaci\u00f3n Impulso de oficio del procedimiento Impugnabilidad de los actos administrativos Los Recursos administrativos Legitimaci\u00f3n para recurrir Recursos ordinarios Recurso de reposici\u00f3n (art. 59 LPA y 11 LOBAE) Recurso jer\u00e1rquico o de alzada (art. 59 LPA y 11 LOBAE) Requisitos del recurso jer\u00e1rquico Revisi\u00f3n de oficio de los Actos Administrativos Invalidaci\u00f3n (art. 53 LPA) Control Probidad \u00bfQui\u00e9nes est\u00e1n sujetos al principio de probidad? Personal a contrata Personal contratado a honorarios Personal bajo el C\u00f3digo del Trabajo Jurisprudencia Transparencia La transparencia tiene dos facetas Principales normas sobre probidad y transparencia en Chile \u00bfQu\u00e9 rol juegan la Contralor\u00eda General de la Rep\u00fablica y los organismos de control interno de cada organismo en la defensa de la probidad y la transparencia? Contralor\u00eda General de la Rep\u00fablica El Juicio de Cuentas \u00bfQu\u00e9 persigue el examen y juicio de cuentas? Juicio de cuentas La probidad y la transparencia en el ingreso a la Administraci\u00f3n del Estado: Normativa Inhabilidades directamente relacionadas con el principio de probidad administrativa El principio de publicidad El Consejo para la Transparencia<\/p>\n","protected":false},"featured_media":2807,"comment_status":"open","ping_status":"closed","template":"","meta":{"inline_featured_image":false,"_joinchat":[]},"product_brand":[],"product_cat":[45],"product_tag":[],"class_list":{"0":"post-2760","1":"product","2":"type-product","3":"status-publish","4":"has-post-thumbnail","6":"product_cat-administrativo","7":"product_shipping_class-a-convenir","9":"first","10":"instock","11":"shipping-taxable","12":"purchasable","13":"product-type-simple"},"_links":{"self":[{"href":"https:\/\/bibliotecajuridicavirtual.cl\/index.php\/wp-json\/wp\/v2\/product\/2760","targetHints":{"allow":["GET"]}}],"collection":[{"href":"https:\/\/bibliotecajuridicavirtual.cl\/index.php\/wp-json\/wp\/v2\/product"}],"about":[{"href":"https:\/\/bibliotecajuridicavirtual.cl\/index.php\/wp-json\/wp\/v2\/types\/product"}],"replies":[{"embeddable":true,"href":"https:\/\/bibliotecajuridicavirtual.cl\/index.php\/wp-json\/wp\/v2\/comments?post=2760"}],"wp:featuredmedia":[{"embeddable":true,"href":"https:\/\/bibliotecajuridicavirtual.cl\/index.php\/wp-json\/wp\/v2\/media\/2807"}],"wp:attachment":[{"href":"https:\/\/bibliotecajuridicavirtual.cl\/index.php\/wp-json\/wp\/v2\/media?parent=2760"}],"wp:term":[{"taxonomy":"product_brand","embeddable":true,"href":"https:\/\/bibliotecajuridicavirtual.cl\/index.php\/wp-json\/wp\/v2\/product_brand?post=2760"},{"taxonomy":"product_cat","embeddable":true,"href":"https:\/\/bibliotecajuridicavirtual.cl\/index.php\/wp-json\/wp\/v2\/product_cat?post=2760"},{"taxonomy":"product_tag","embeddable":true,"href":"https:\/\/bibliotecajuridicavirtual.cl\/index.php\/wp-json\/wp\/v2\/product_tag?post=2760"}],"curies":[{"name":"wp","href":"https:\/\/api.w.org\/{rel}","templated":true}]}}