{"id":2764,"date":"2026-02-28T01:05:25","date_gmt":"2026-02-28T04:05:25","guid":{"rendered":"https:\/\/bibliotecajuridicavirtual.cl\/?post_type=product&#038;p=2764"},"modified":"2026-02-28T01:05:55","modified_gmt":"2026-02-28T04:05:55","slug":"de-la-responsabilidad-extracontractual-en-el-derecho-civil-chileno-1era-edicion-ano-2005-559-pag-autor-arturo-alessandri-rodriguez","status":"publish","type":"product","link":"https:\/\/bibliotecajuridicavirtual.cl\/index.php\/product\/de-la-responsabilidad-extracontractual-en-el-derecho-civil-chileno-1era-edicion-ano-2005-559-pag-autor-arturo-alessandri-rodriguez\/","title":{"rendered":"De la Responsabilidad Extracontractual en el Derecho Civil Chileno &#8211; 1era Edici\u00f3n . A\u00f1o 2005\/ 559 P\u00e1g. Autor Arturo Alessandri Rodriguez"},"content":{"rendered":"<p>Editorial Jur\u00eddica de Chile ha estimado que la edici\u00f3n de esta obra en la versi\u00f3n original escrita por su autor, don Arturo Alessandri Rodr\u00edguez, es una manera de contribuir a mantener vigentes las ideas y el genial desarrollo que hizo del interesante tema de la responsabilidad extracontractual.<\/p>\n<p>Los hechos y circunstancias que hoy dan origen a este tipo de responsabilidad presentan gran diversidad. Sin embargo, los grandes principios que regulan esta materia mantienen actualidad y vigencia, y ellos son desarrollados en esta obra con la extraordinaria lucidez y magn\u00edfica sistematizaci\u00f3n que siempre caracteriz\u00f3 el pensamiento del autor.<\/p>\n<p>Con notable visi\u00f3n, los planteamientos del profesor Alessandri Rodr\u00edguez fueron se\u00f1eros en su \u00e9poca, abriendo un enriquecedor panorama. Desde entonces este libro ha sido permanentemente reconocido y citado por los autores nacionales y extranjeros que han incursionado en el tema, quienes necesariamente han debido considerarlo en sus estudios.<\/p>\n<p>La publicaci\u00f3n de esta obra -uno de los mayores cl\u00e1sicos de la literatura jur\u00eddica chlena- contribuye a mantener vivo el pensamiento de su autor y ser fuente de investigaci\u00f3n de futuros trabajos en un \u00e1rea que debe continuar su enriquecimiento y renovaci\u00f3n.<\/p>\n<p><strong>CAP\u00cdTULO I<br \/>\n\u00c1MBITO DE LA RESPONSABILIDAD EXTRACONTRACTUAL<br \/>\n<\/strong><br \/>\n1\u00b0 Generalidades<br \/>\n2\u00b0. Diversas clases de responsabilidad<\/p>\n<p><strong>CAP\u00cdTULO II<br \/>\nFUNDAMENTO DE LA RESPONSABILIDD EXTRACONTRACTUAL<\/strong><\/p>\n<p><strong>CAP\u00cdTULO III<\/strong><br \/>\n<strong>ELEMENTOS DE LA RESPONSABILIDAD DELICTUAL Y CUASIDELICTUAL CIVIL<\/strong><\/p>\n<p>1\u00b0. Capacidad delictual y cuasidelictual<br \/>\n2\u00b0. El dolo y la culpa<br \/>\n3\u00b0. El da\u00f1o<br \/>\n4\u00b0. Relaci\u00f3n de causalidad<\/p>\n<p><strong>CAP\u00cdTULO IV<br \/>\nDEL ABUSO DE LOS DERECHOS<\/strong><\/p>\n<p><strong>CAP\u00cdTULO V<\/strong><br \/>\n<strong>DE LAS PRESUNCIONES DE CULPABILIDAD<\/strong><br \/>\nI. Responsabilidad por el hecho propio<br \/>\nII. Responsabilidad por el hecho ajeno<br \/>\nIII. Responsabilidad por el hecho de las cosas<\/p>\n<p><strong>CAP\u00cdTULO VI<\/strong><br \/>\n<strong>LA ACCI\u00d3N DE RESPONSABILIDAD DELICTUAL Y CUASIDELICTUAL CIVIL<\/strong><\/p>\n<p>1\u00b0. Titular de la acci\u00f3n<br \/>\n2\u00b0. Sujeto pasivo de la acci\u00f3n<br \/>\n3\u00b0. Ejercicio judicial de la acci\u00f3n<br \/>\n4\u00b0. Extinci\u00f3n de la acci\u00f3n<\/p>\n<p><strong>CAP\u00cdTULO VII<\/strong><br \/>\n<strong>LA REPARACI\u00d3N DEL DA\u00d1O<\/strong><\/p>\n<p>1\u00b0. Forma de la reparaci\u00f3n<br \/>\n2\u00b0. Extensi\u00f3n de la reparaci\u00f3n<br \/>\n3\u00b0. Deterrminaci\u00f3n de la indemnizaci\u00f3n pecuniaria<br \/>\n4\u00b0. Carencia de privilegio<br \/>\n5\u00b0. C\u00famulo de indemnizaciones<\/p>\n<p><strong>CAP\u00cdTULO VIII<br \/>\nCAUSAS EXIMENTES DE RESPONSABILIDAD<\/strong><\/p>\n<p><strong>CAP\u00cdTULO IX<\/strong><br \/>\n<strong>CL\u00c1USULAS DE IRRESPONSABILIDAD Y DE RESPONSABILIDAD ATENUADA<\/strong><\/p>\n<p>1\u00b0. Cl\u00e1usulas de irresponsabilidad<br \/>\n2\u00b0. Cl\u00e1usulas de responsabilidad atenuada<\/p>\n","protected":false},"excerpt":{"rendered":"<p>Editorial Jur\u00eddica de Chile ha estimado que la edici\u00f3n de esta obra en la versi\u00f3n original escrita por su autor, don Arturo Alessandri Rodr\u00edguez, es una manera de contribuir a mantener vigentes las ideas y el genial desarrollo que hizo del interesante tema de la responsabilidad extracontractual. Los hechos y circunstancias que hoy dan origen a este tipo de responsabilidad presentan gran diversidad. Sin embargo, los grandes principios que regulan esta materia mantienen actualidad y vigencia, y ellos son desarrollados en esta obra con la extraordinaria lucidez y magn\u00edfica sistematizaci\u00f3n que siempre caracteriz\u00f3 el pensamiento del autor. Con notable visi\u00f3n, los planteamientos del profesor Alessandri Rodr\u00edguez fueron se\u00f1eros en su \u00e9poca, abriendo un enriquecedor panorama. Desde entonces este libro ha sido permanentemente reconocido y citado por los autores nacionales y extranjeros que han incursionado en el tema, quienes necesariamente han debido considerarlo en sus estudios. La publicaci\u00f3n de esta obra -uno de los mayores cl\u00e1sicos de la literatura jur\u00eddica chlena- contribuye a mantener vivo el pensamiento de su autor y ser fuente de investigaci\u00f3n de futuros trabajos en un \u00e1rea que debe continuar su enriquecimiento y renovaci\u00f3n. CAP\u00cdTULO I \u00c1MBITO DE LA RESPONSABILIDAD EXTRACONTRACTUAL 1\u00b0 Generalidades 2\u00b0. Diversas clases de responsabilidad CAP\u00cdTULO II FUNDAMENTO DE LA RESPONSABILIDD EXTRACONTRACTUAL CAP\u00cdTULO III ELEMENTOS DE LA RESPONSABILIDAD DELICTUAL Y CUASIDELICTUAL CIVIL 1\u00b0. Capacidad delictual y cuasidelictual 2\u00b0. El dolo y la culpa 3\u00b0. El da\u00f1o 4\u00b0. Relaci\u00f3n de causalidad CAP\u00cdTULO IV DEL ABUSO DE LOS DERECHOS CAP\u00cdTULO V DE LAS PRESUNCIONES DE CULPABILIDAD I. Responsabilidad por el hecho propio II. Responsabilidad por el hecho ajeno III. Responsabilidad por el hecho de las cosas CAP\u00cdTULO VI LA ACCI\u00d3N DE RESPONSABILIDAD DELICTUAL Y CUASIDELICTUAL CIVIL 1\u00b0. Titular de la acci\u00f3n 2\u00b0. Sujeto pasivo de la acci\u00f3n 3\u00b0. Ejercicio judicial de la acci\u00f3n 4\u00b0. Extinci\u00f3n de la acci\u00f3n CAP\u00cdTULO VII LA REPARACI\u00d3N DEL DA\u00d1O 1\u00b0. Forma de la reparaci\u00f3n 2\u00b0. Extensi\u00f3n de la reparaci\u00f3n 3\u00b0. Deterrminaci\u00f3n de la indemnizaci\u00f3n pecuniaria 4\u00b0. Carencia de privilegio 5\u00b0. C\u00famulo de indemnizaciones CAP\u00cdTULO VIII CAUSAS EXIMENTES DE RESPONSABILIDAD CAP\u00cdTULO IX CL\u00c1USULAS DE IRRESPONSABILIDAD Y DE RESPONSABILIDAD ATENUADA 1\u00b0. Cl\u00e1usulas de irresponsabilidad 2\u00b0. Cl\u00e1usulas de responsabilidad atenuada<\/p>\n","protected":false},"featured_media":2811,"comment_status":"open","ping_status":"closed","template":"","meta":{"inline_featured_image":false,"_joinchat":[]},"product_brand":[],"product_cat":[27,57],"product_tag":[],"class_list":{"0":"post-2764","1":"product","2":"type-product","3":"status-publish","4":"has-post-thumbnail","6":"product_cat-civil","7":"product_cat-editorial-juridica-de-chile","8":"product_shipping_class-a-convenir","10":"first","11":"instock","12":"shipping-taxable","13":"purchasable","14":"product-type-simple"},"_links":{"self":[{"href":"https:\/\/bibliotecajuridicavirtual.cl\/index.php\/wp-json\/wp\/v2\/product\/2764","targetHints":{"allow":["GET"]}}],"collection":[{"href":"https:\/\/bibliotecajuridicavirtual.cl\/index.php\/wp-json\/wp\/v2\/product"}],"about":[{"href":"https:\/\/bibliotecajuridicavirtual.cl\/index.php\/wp-json\/wp\/v2\/types\/product"}],"replies":[{"embeddable":true,"href":"https:\/\/bibliotecajuridicavirtual.cl\/index.php\/wp-json\/wp\/v2\/comments?post=2764"}],"wp:featuredmedia":[{"embeddable":true,"href":"https:\/\/bibliotecajuridicavirtual.cl\/index.php\/wp-json\/wp\/v2\/media\/2811"}],"wp:attachment":[{"href":"https:\/\/bibliotecajuridicavirtual.cl\/index.php\/wp-json\/wp\/v2\/media?parent=2764"}],"wp:term":[{"taxonomy":"product_brand","embeddable":true,"href":"https:\/\/bibliotecajuridicavirtual.cl\/index.php\/wp-json\/wp\/v2\/product_brand?post=2764"},{"taxonomy":"product_cat","embeddable":true,"href":"https:\/\/bibliotecajuridicavirtual.cl\/index.php\/wp-json\/wp\/v2\/product_cat?post=2764"},{"taxonomy":"product_tag","embeddable":true,"href":"https:\/\/bibliotecajuridicavirtual.cl\/index.php\/wp-json\/wp\/v2\/product_tag?post=2764"}],"curies":[{"name":"wp","href":"https:\/\/api.w.org\/{rel}","templated":true}]}}