{"id":2765,"date":"2026-02-28T01:05:25","date_gmt":"2026-02-28T04:05:25","guid":{"rendered":"https:\/\/bibliotecajuridicavirtual.cl\/?post_type=product&#038;p=2765"},"modified":"2026-02-28T01:05:57","modified_gmt":"2026-02-28T04:05:57","slug":"derecho-comercial-tomo-iv-derecho-comercial-internacional-ano-2015-465-pag-autor-ricardo-sandoval-lopez","status":"publish","type":"product","link":"https:\/\/bibliotecajuridicavirtual.cl\/index.php\/product\/derecho-comercial-tomo-iv-derecho-comercial-internacional-ano-2015-465-pag-autor-ricardo-sandoval-lopez\/","title":{"rendered":"Derecho Comercial &#8211; Tomo IV &#8211; Derecho Comercial Internacional. A\u00f1o 2015\/ 465 P\u00e1g. Autor Ricardo Sandoval L\u00f3pez"},"content":{"rendered":"<p>La intensificaci\u00f3n de las relaciones econ\u00f3mico-comerciales entre todos los pa\u00edses que forman el borde, ha originado el nacimiento de una nueva disciplina jur\u00eddica, conocida como Derecho Comercial Internacional o Derecho Uniforme del Comercio Internacional.<\/p>\n<p>La creaci\u00f3n del Derecho Comercial Internacional se debe tanto a las organizaciones internacionales como a la labor de los propios operadores de comercio internacional. Entre las primeras se destaca el significativo aporte de la Comisi\u00f3n de las Naciones Unidas para el Derecho Mercantil Internacional, conocida con la sigla CNUDMI, que durante m\u00e1s de cuarenta a\u00f1os ha elaborado convenciones internacional, leyes modelo y gu\u00edas jur\u00eddicas, para regular los principales aspectos del comercio internacional. Otro tanto ha hecho el Instituto Internacional para la Unificaci\u00f3n de Derecho Privado (UNIDROIT) y la C\u00e1mara de Comercio Internacional, con el establecimiento de principios sobre contratos comerciales internacionales y reglas uniformes. Los operadores del comercio internacional con sus usos y pr\u00e1cticas dan origen a la costumbre internacional, que m\u00e1s tarde se incorpora a las cl\u00e1usulas contractuales y en recopilaciones de usos y pr\u00e1cticas contractuales.<\/p>\n<p>El autor de esta obra desempe\u00f1o por m\u00e1s de 20 a\u00f1os la representaci\u00f3n de Chile en la CNUDMI, participando en los diversos grupos de trabajo que elaboran convenios y leyes modelo, de tal suerte que con esta invaluable experiencia ha podido escribir este texto, donde por primera vez en nuestro medio se sistematiza el estudio de esta rama jur\u00eddica, analizando su concepto, caracter\u00edsticas, fuentes y contenido de los principales instrumentos jur\u00eddicos internacionales. Asimismo, encontramos un an\u00e1lisis de las principales organizaciones creadoras del Derecho Comercial Internacional, su origen, estructura y funciones.<\/p>\n<p>Destaca en esta obra el an\u00e1lisis de la Convenci\u00f3n de Viena de 1980 sobre Compraventa Internacional de Mercader\u00edas, de los T\u00e9rminos Internacionales de Comercio (INCOTERMS), de los Principios de UNIDROIT sobre los contratos comerciales internacionales, del leasing y factoring internacionales, del convenio de transporte mar\u00edtimo, Reglas de Hamburgo, del Convenio sobre el Contrato Internacional de Transporte de Mercanc\u00edas Total o Parcialmente Mar\u00edtimo, Reglas de R\u00f3terdam y de la contrataci\u00f3n electr\u00f3nica internacional, en especial la Convenci\u00f3n sobre la Utilizaci\u00f3n de las Comunicaciones Electr\u00f3nicas en los Contratos Internacionales.<\/p>\n<p><strong>CAP\u00cdTULO I<\/strong><br \/>\n<strong>DERECHO COMERCIAL INTERNACIONAL<\/strong><\/p>\n<p>Secci\u00f3n I. Aspectos generales del Derecho Comercial Internacional (DCI)<br \/>\nSecci\u00f3n II. Las caracter\u00edsticas del Derecho Comercial Internacional<br \/>\nSecci\u00f3n III. Los principios b\u00e1sicos del Derecho Comercial Internacional<br \/>\nSecci\u00f3n IV. Fuentes y naturaleza de las normas del DCI<br \/>\nSecci\u00f3n V. La autonom\u00eda del Derecho Comercial Internacional<br \/>\nSecci\u00f3n VI. El sistema del Derecho Mercantil Internacional<\/p>\n<p><strong>CAP\u00cdTULO II<\/strong><br \/>\n<strong>ORGANISMOS CREADORES DEL DERECHO COMERCIAL INTERNACIONAL<\/strong><\/p>\n<p>Secci\u00f3n I. La comisi\u00f3n de las Naciones Unidas para el Derecho Mercantil Internacional (CNUDMI)<br \/>\nP\u00e1rrafo I: Origen de la CNUDMI<br \/>\nP\u00e1rrafo II: Programa y m\u00e9todos de trabajo<br \/>\nP\u00e1rrafo III: Otras actividades de CNUDMI<br \/>\nSecci\u00f3n II. El Instituto Internacional para la Unificaci\u00f3n del Derecho Privado (UNIDROIT)<br \/>\nSecci\u00f3n III. La C\u00e1mara de Comercio Internacional (CCI)<\/p>\n<p><strong>CAP\u00cdTULO III<\/strong><br \/>\n<strong>CONVENCI\u00d3N DE LAS NACIONES UNIDAS SOBRE LOS CONTRATOS DE COMPRAVENTA INTERNACIONAL DE MERCADER\u00cdAS<\/strong><\/p>\n<p>Secci\u00f3n I. Aspectos generales de la Convenci\u00f3n de Viena de 1980<br \/>\nSecci\u00f3n II. El perfeccionamiento del contrato de compraventa internacional de mercader\u00edas<br \/>\nSecci\u00f3n III. Los efectos del contrato de compraventa internacional<br \/>\nSecci\u00f3n IV. La transmisi\u00f3n del riesgo<br \/>\nSecci\u00f3n V. Disposiciones finales de la Convenci\u00f3n de Viena de 1980<br \/>\nAnexo 1: Convenci\u00f3n de las Naciones Unidas sobre el Contrato de Compraventa Internacional de Mercader\u00edas<\/p>\n<p><strong>CAP\u00cdTULO IV<\/strong><br \/>\n<strong>LOS INCOTERMS<br \/>\n<\/strong><br \/>\nSecci\u00f3n I. Aspectos generales<br \/>\nSecci\u00f3n II. Diversas categor\u00edas de INCOTERMS<br \/>\nSecci\u00f3n III. T\u00e9rminos eliminados de la versi\u00f3n 2010 de los INCOTERMS<\/p>\n<p><strong>CAP\u00cdTULO V<\/strong><br \/>\n<strong>LOS PRINCIPIOS DE UNIDROIT SOBRE LOS CONTRATOS COMERCIALES INTERNACIONALES<\/strong><\/p>\n<p>Secci\u00f3n I. Aspectos generales de los principios<br \/>\nSecci\u00f3n II. Breve an\u00e1lisis de algunos de los Principios de UNIDROIT<br \/>\nAnexo 2: Principios de UNIDROIT sobre los Contratos Comerciales Internacionales<\/p>\n<p><strong>CAP\u00cdTULO VI<\/strong><br \/>\n<strong>LEASING INTERNACIONAL<\/strong><\/p>\n<p>Secci\u00f3n I. Aspectos generales del leasing<br \/>\nSecci\u00f3n II. La Convenci\u00f3n de UNIDROIT sobre Leasing Internacional<br \/>\nP\u00e1rrafo I: Aspectos generales de la Convenci\u00f3n de Leasing<br \/>\nP\u00e1rrafo II: \u00c1mbito generales de la Convenci\u00f3n de Leasing<br \/>\nSecci\u00f3n III. Los efectos del arrendamiento financiero internacional<br \/>\nAnexo 3: Convenci\u00f3n de UNIDROIT sobre Arrendamiento Financiero Internacional<\/p>\n<p><strong>CAP\u00cdTULO VII<\/strong><br \/>\n<strong>FACTORING INTERNACIONAL<\/strong><\/p>\n<p>Secci\u00f3n I. Aspectos generales del factoring<br \/>\nSecci\u00f3n II. La Convenci\u00f3n de UNIDROIT sobre Factoring Internacional<br \/>\nP\u00e1rrafo I: Aspectos generales de esta Convenci\u00f3n<br \/>\nAnexo 4: Convenci\u00f3n de UNIDROIT sobre factoring Internacional<\/p>\n<p><strong>CAP\u00cdTULO VIII<\/strong><br \/>\n<strong>CONVENIO DE LAS NACIONES UNIDAS SOBRE TRANSPORTE MAR\u00cdTIMO DE MERCANC\u00cdAS<br \/>\n<\/strong><br \/>\n<strong>REGLAS DE HAMBURGO (RH)<\/strong><br \/>\nSecci\u00f3n I. Aspectos generales de las Reglas de Hamburgo<br \/>\nSecci\u00f3n II. Breve an\u00e1lisis de las Reglas de Hamburgo<br \/>\nSecci\u00f3n III. Responsabilidad del porteador en las Reglas de Hamburgo<br \/>\nSecci\u00f3n III Documentos de transporte en las Reglas de Hamburgo<\/p>\n<p><strong>CAP\u00cdTULO IX<\/strong><br \/>\n<strong>CONVENIO DE LAS NACIONES UNIDAS SOBRE EL CONTRATO DE TRANSPORTE INTERNACIONAL DE MERCANC\u00cdAS TOTAL O PARCIALMENTE MAR\u00cdTIMO<br \/>\n<\/strong><br \/>\n<strong>REGLAS DE R\u00d3TERDAM<\/strong><br \/>\nSecci\u00f3n I. Rasgos diferenciadores del Convenio<br \/>\nSecci\u00f3n II. Disposiciones generales del Convenio<br \/>\nSecci\u00f3n III. \u00c1mbito de aplicaci\u00f3n del Convenio<br \/>\nSecci\u00f3n IV. Documentos electr\u00f3nicos de transporte<br \/>\nSecci\u00f3n V. Obligaciones del porteador<br \/>\nSecci\u00f3n VI. Responsabilidad del porteador por p\u00e9rdida, da\u00f1o o retraso<br \/>\nSecci\u00f3n VII. Disposiciones adicionales sobre etapas del transporte<br \/>\nSecci\u00f3n VIII. Obligaciones del cargador frente al porteador<br \/>\nSecci\u00f3n IX. Documentos del transporte<br \/>\nSecci\u00f3n X. Entrega de las mercader\u00edas<br \/>\nSecci\u00f3n XI. Derechos de la parte controladora y transferencia de los mismos<br \/>\nSecci\u00f3n XII. L\u00edmites de responsabilidad<br \/>\nSecci\u00f3n XIII. Ejercicios de acciones, jurisdicci\u00f3n y arbitraje<br \/>\nSecci\u00f3n XIV. Validez de las cl\u00e1usulas contractuales<br \/>\nSecci\u00f3n XV. Disposiciones finales del Convenio<br \/>\nAnexo 5. Convenio de las Naciones Unidas sobre el Contrato Internacional de Transporte de Mercader\u00edas total o parcialmente mar\u00edtimo.<br \/>\nReglas de R\u00f3terdam<\/p>\n<p><strong>CAP\u00cdTULO X<\/strong><br \/>\n<strong>CONTRATACI\u00d3N ELECTR\u00d3NICA INTERNACIONAL<\/strong><\/p>\n<p>Secci\u00f3n I. Derecho uniforme del comercio electr\u00f3nico<br \/>\nSecci\u00f3n II. Principios que informan del derecho uniforme del comercio electr\u00f3nico<br \/>\nSecci\u00f3n III. Los elementos del entorno electr\u00f3nico<br \/>\nSecci\u00f3n IV. Utilizaci\u00f3n de las comunidades electr\u00f3nicas en los contratos internacionales<br \/>\nAnexo 6: Convenci\u00f3n de las Naciones Unidas sobre la utilizaci\u00f3n de las Comunidades Electr\u00f3nicas en los Contratos Internacionales.<\/p>\n","protected":false},"excerpt":{"rendered":"<p>La intensificaci\u00f3n de las relaciones econ\u00f3mico-comerciales entre todos los pa\u00edses que forman el borde, ha originado el nacimiento de una nueva disciplina jur\u00eddica, conocida como Derecho Comercial Internacional o Derecho Uniforme del Comercio Internacional. La creaci\u00f3n del Derecho Comercial Internacional se debe tanto a las organizaciones internacionales como a la labor de los propios operadores de comercio internacional. Entre las primeras se destaca el significativo aporte de la Comisi\u00f3n de las Naciones Unidas para el Derecho Mercantil Internacional, conocida con la sigla CNUDMI, que durante m\u00e1s de cuarenta a\u00f1os ha elaborado convenciones internacional, leyes modelo y gu\u00edas jur\u00eddicas, para regular los principales aspectos del comercio internacional. Otro tanto ha hecho el Instituto Internacional para la Unificaci\u00f3n de Derecho Privado (UNIDROIT) y la C\u00e1mara de Comercio Internacional, con el establecimiento de principios sobre contratos comerciales internacionales y reglas uniformes. Los operadores del comercio internacional con sus usos y pr\u00e1cticas dan origen a la costumbre internacional, que m\u00e1s tarde se incorpora a las cl\u00e1usulas contractuales y en recopilaciones de usos y pr\u00e1cticas contractuales. El autor de esta obra desempe\u00f1o por m\u00e1s de 20 a\u00f1os la representaci\u00f3n de Chile en la CNUDMI, participando en los diversos grupos de trabajo que elaboran convenios y leyes modelo, de tal suerte que con esta invaluable experiencia ha podido escribir este texto, donde por primera vez en nuestro medio se sistematiza el estudio de esta rama jur\u00eddica, analizando su concepto, caracter\u00edsticas, fuentes y contenido de los principales instrumentos jur\u00eddicos internacionales. Asimismo, encontramos un an\u00e1lisis de las principales organizaciones creadoras del Derecho Comercial Internacional, su origen, estructura y funciones. Destaca en esta obra el an\u00e1lisis de la Convenci\u00f3n de Viena de 1980 sobre Compraventa Internacional de Mercader\u00edas, de los T\u00e9rminos Internacionales de Comercio (INCOTERMS), de los Principios de UNIDROIT sobre los contratos comerciales internacionales, del leasing y factoring internacionales, del convenio de transporte mar\u00edtimo, Reglas de Hamburgo, del Convenio sobre el Contrato Internacional de Transporte de Mercanc\u00edas Total o Parcialmente Mar\u00edtimo, Reglas de R\u00f3terdam y de la contrataci\u00f3n electr\u00f3nica internacional, en especial la Convenci\u00f3n sobre la Utilizaci\u00f3n de las Comunicaciones Electr\u00f3nicas en los Contratos Internacionales. CAP\u00cdTULO I DERECHO COMERCIAL INTERNACIONAL Secci\u00f3n I. Aspectos generales del Derecho Comercial Internacional (DCI) Secci\u00f3n II. Las caracter\u00edsticas del Derecho Comercial Internacional Secci\u00f3n III. Los principios b\u00e1sicos del Derecho Comercial Internacional Secci\u00f3n IV. Fuentes y naturaleza de las normas del DCI Secci\u00f3n V. La autonom\u00eda del Derecho Comercial Internacional Secci\u00f3n VI. El sistema del Derecho Mercantil Internacional CAP\u00cdTULO II ORGANISMOS CREADORES DEL DERECHO COMERCIAL INTERNACIONAL Secci\u00f3n I. La comisi\u00f3n de las Naciones Unidas para el Derecho Mercantil Internacional (CNUDMI) P\u00e1rrafo I: Origen de la CNUDMI P\u00e1rrafo II: Programa y m\u00e9todos de trabajo P\u00e1rrafo III: Otras actividades de CNUDMI Secci\u00f3n II. El Instituto Internacional para la Unificaci\u00f3n del Derecho Privado (UNIDROIT) Secci\u00f3n III. La C\u00e1mara de Comercio Internacional (CCI) CAP\u00cdTULO III CONVENCI\u00d3N DE LAS NACIONES UNIDAS SOBRE LOS CONTRATOS DE COMPRAVENTA INTERNACIONAL DE MERCADER\u00cdAS Secci\u00f3n I. Aspectos generales de la Convenci\u00f3n de Viena de 1980 Secci\u00f3n II. El perfeccionamiento del contrato de compraventa internacional de mercader\u00edas Secci\u00f3n III. Los efectos del contrato de compraventa internacional Secci\u00f3n IV. La transmisi\u00f3n del riesgo Secci\u00f3n V. Disposiciones finales de la Convenci\u00f3n de Viena de 1980 Anexo 1: Convenci\u00f3n de las Naciones Unidas sobre el Contrato de Compraventa Internacional de Mercader\u00edas CAP\u00cdTULO IV LOS INCOTERMS Secci\u00f3n I. Aspectos generales Secci\u00f3n II. Diversas categor\u00edas de INCOTERMS Secci\u00f3n III. T\u00e9rminos eliminados de la versi\u00f3n 2010 de los INCOTERMS CAP\u00cdTULO V LOS PRINCIPIOS DE UNIDROIT SOBRE LOS CONTRATOS COMERCIALES INTERNACIONALES Secci\u00f3n I. Aspectos generales de los principios Secci\u00f3n II. Breve an\u00e1lisis de algunos de los Principios de UNIDROIT Anexo 2: Principios de UNIDROIT sobre los Contratos Comerciales Internacionales CAP\u00cdTULO VI LEASING INTERNACIONAL Secci\u00f3n I. Aspectos generales del leasing Secci\u00f3n II. La Convenci\u00f3n de UNIDROIT sobre Leasing Internacional P\u00e1rrafo I: Aspectos generales de la Convenci\u00f3n de Leasing P\u00e1rrafo II: \u00c1mbito generales de la Convenci\u00f3n de Leasing Secci\u00f3n III. Los efectos del arrendamiento financiero internacional Anexo 3: Convenci\u00f3n de UNIDROIT sobre Arrendamiento Financiero Internacional CAP\u00cdTULO VII FACTORING INTERNACIONAL Secci\u00f3n I. Aspectos generales del factoring Secci\u00f3n II. La Convenci\u00f3n de UNIDROIT sobre Factoring Internacional P\u00e1rrafo I: Aspectos generales de esta Convenci\u00f3n Anexo 4: Convenci\u00f3n de UNIDROIT sobre factoring Internacional CAP\u00cdTULO VIII CONVENIO DE LAS NACIONES UNIDAS SOBRE TRANSPORTE MAR\u00cdTIMO DE MERCANC\u00cdAS REGLAS DE HAMBURGO (RH) Secci\u00f3n I. Aspectos generales de las Reglas de Hamburgo Secci\u00f3n II. Breve an\u00e1lisis de las Reglas de Hamburgo Secci\u00f3n III. Responsabilidad del porteador en las Reglas de Hamburgo Secci\u00f3n III Documentos de transporte en las Reglas de Hamburgo CAP\u00cdTULO IX CONVENIO DE LAS NACIONES UNIDAS SOBRE EL CONTRATO DE TRANSPORTE INTERNACIONAL DE MERCANC\u00cdAS TOTAL O PARCIALMENTE MAR\u00cdTIMO REGLAS DE R\u00d3TERDAM Secci\u00f3n I. Rasgos diferenciadores del Convenio Secci\u00f3n II. Disposiciones generales del Convenio Secci\u00f3n III. \u00c1mbito de aplicaci\u00f3n del Convenio Secci\u00f3n IV. Documentos electr\u00f3nicos de transporte Secci\u00f3n V. Obligaciones del porteador Secci\u00f3n VI. Responsabilidad del porteador por p\u00e9rdida, da\u00f1o o retraso Secci\u00f3n VII. Disposiciones adicionales sobre etapas del transporte Secci\u00f3n VIII. Obligaciones del cargador frente al porteador Secci\u00f3n IX. Documentos del transporte Secci\u00f3n X. Entrega de las mercader\u00edas Secci\u00f3n XI. Derechos de la parte controladora y transferencia de los mismos Secci\u00f3n XII. L\u00edmites de responsabilidad Secci\u00f3n XIII. Ejercicios de acciones, jurisdicci\u00f3n y arbitraje Secci\u00f3n XIV. Validez de las cl\u00e1usulas contractuales Secci\u00f3n XV. Disposiciones finales del Convenio Anexo 5. Convenio de las Naciones Unidas sobre el Contrato Internacional de Transporte de Mercader\u00edas total o parcialmente mar\u00edtimo. Reglas de R\u00f3terdam CAP\u00cdTULO X CONTRATACI\u00d3N ELECTR\u00d3NICA INTERNACIONAL Secci\u00f3n I. Derecho uniforme del comercio electr\u00f3nico Secci\u00f3n II. Principios que informan del derecho uniforme del comercio electr\u00f3nico Secci\u00f3n III. Los elementos del entorno electr\u00f3nico Secci\u00f3n IV. Utilizaci\u00f3n de las comunidades electr\u00f3nicas en los contratos internacionales Anexo 6: Convenci\u00f3n de las Naciones Unidas sobre la utilizaci\u00f3n de las Comunidades Electr\u00f3nicas en los Contratos Internacionales.<\/p>\n","protected":false},"featured_media":2812,"comment_status":"open","ping_status":"closed","template":"","meta":{"inline_featured_image":false,"_joinchat":[]},"product_brand":[],"product_cat":[48,57],"product_tag":[],"class_list":{"0":"post-2765","1":"product","2":"type-product","3":"status-publish","4":"has-post-thumbnail","6":"product_cat-comercial","7":"product_cat-editorial-juridica-de-chile","8":"product_shipping_class-a-convenir","10":"first","11":"instock","12":"shipping-taxable","13":"purchasable","14":"product-type-simple"},"_links":{"self":[{"href":"https:\/\/bibliotecajuridicavirtual.cl\/index.php\/wp-json\/wp\/v2\/product\/2765","targetHints":{"allow":["GET"]}}],"collection":[{"href":"https:\/\/bibliotecajuridicavirtual.cl\/index.php\/wp-json\/wp\/v2\/product"}],"about":[{"href":"https:\/\/bibliotecajuridicavirtual.cl\/index.php\/wp-json\/wp\/v2\/types\/product"}],"replies":[{"embeddable":true,"href":"https:\/\/bibliotecajuridicavirtual.cl\/index.php\/wp-json\/wp\/v2\/comments?post=2765"}],"wp:featuredmedia":[{"embeddable":true,"href":"https:\/\/bibliotecajuridicavirtual.cl\/index.php\/wp-json\/wp\/v2\/media\/2812"}],"wp:attachment":[{"href":"https:\/\/bibliotecajuridicavirtual.cl\/index.php\/wp-json\/wp\/v2\/media?parent=2765"}],"wp:term":[{"taxonomy":"product_brand","embeddable":true,"href":"https:\/\/bibliotecajuridicavirtual.cl\/index.php\/wp-json\/wp\/v2\/product_brand?post=2765"},{"taxonomy":"product_cat","embeddable":true,"href":"https:\/\/bibliotecajuridicavirtual.cl\/index.php\/wp-json\/wp\/v2\/product_cat?post=2765"},{"taxonomy":"product_tag","embeddable":true,"href":"https:\/\/bibliotecajuridicavirtual.cl\/index.php\/wp-json\/wp\/v2\/product_tag?post=2765"}],"curies":[{"name":"wp","href":"https:\/\/api.w.org\/{rel}","templated":true}]}}