{"id":2766,"date":"2026-02-28T01:05:25","date_gmt":"2026-02-28T04:05:25","guid":{"rendered":"https:\/\/bibliotecajuridicavirtual.cl\/?post_type=product&#038;p=2766"},"modified":"2026-02-28T01:05:58","modified_gmt":"2026-02-28T04:05:58","slug":"derecho-comercial-tomo-iii-propiedad-industrial-marcas-nombres-de-dominio-patentes-y-arbitrajes-comercial-internacional-ano-2015-489-pag-autor-ricardo-sandoval-lopez","status":"publish","type":"product","link":"https:\/\/bibliotecajuridicavirtual.cl\/index.php\/product\/derecho-comercial-tomo-iii-propiedad-industrial-marcas-nombres-de-dominio-patentes-y-arbitrajes-comercial-internacional-ano-2015-489-pag-autor-ricardo-sandoval-lopez\/","title":{"rendered":"Derecho Comercial . Tomo III &#8211; Propiedad Industrial, marcas, nombres de dominio, patentes y arbitrajes comercial internacional. A\u00f1o 2015\/ 489 P\u00e1g. Autor Ricardo Sandoval L\u00f3pez"},"content":{"rendered":"<p>Desde los tiempos m\u00e1s remotos los comerciantes se preocuparon de crear signos para identificar sus productos en el mercado y a partir del momento en que sus puntos de venta estuvieron radicados en lugares fijos, esos establecimientos se identificaron con sus respectivas ense\u00f1as. As\u00ed surgieron las marcas y los nombres comerciales, cuyas formas de expresi\u00f3n fueron evolucionando conjuntamente con el progreso de la t\u00e9cnica.<\/p>\n<p>Por la raz\u00f3n se\u00f1alada, desde el \u00e1mbito jur\u00eddico nacional e internacional. Se formularon textos destinados a identificar las mercader\u00edas del tr\u00e1fico comercial, siendo el Convenio de Par\u00eds, de 20 de marzo de 1883, el primer instrumento de protecci\u00f3n de la propiedad industrial. De ah\u00ed en adelante todo acuerdo bilateral o multilateral sobre el comercio transfronterizo contiene un cap\u00edtulo dedicado a esta materia.<\/p>\n<p>Esta obra se ocupa de los temas m\u00e1s significativos de la propiedad industrial, como las marcas comerciales, patentes de invenci\u00f3n y de los nombres de dominio que ahora se usan en el comercio electr\u00f3nico.<\/p>\n<p>La internacionalizaci\u00f3n de las relaciones comerciales origina, a su turno, la necesidad de que los conflictos relativos a operaciones internacionales se resuelvan a trav\u00e9s de jueces \u00e1rbitros, para evitar que sean de conocimiento de la justicia ordinaria de los Estados donde las partes tienen sus establecimientos, y sobre todo para que ellos no se diriman mediante la aplicaci\u00f3n del derecho sustantivo y procesal de un determinado pa\u00eds.<\/p>\n<p>En consecuencia, se destina tambi\u00e9n una parte importante de este texto al an\u00e1lisis del arbitraje comercial internacional y de los instrumentos uniformes que lo regulan, como asimismo de la Ley N\u00b0 19.971, de 29 de septiembre de 2004, vigente en la materia en nuestro pa\u00eds.<\/p>\n<p><strong>PRIMERA PARTE<\/strong><br \/>\n<strong>LA PROPIEDAD INDUSTRIAL<\/strong><\/p>\n<p><strong>CAP\u00cdTULO I<\/strong><br \/>\n<strong>LAS MARCAS COMERCIALES<br \/>\n<\/strong><br \/>\nSECCI\u00d3N I. Los derechos industriales en general<br \/>\nSECCI\u00d3N II. Las marcas comerciales<\/p>\n<p>P\u00c1RRAFO I. Aspectos generales<br \/>\nP\u00c1RRAFO II. Clasificaci\u00f3n de las marcas comerciales<\/p>\n<p><strong>CAP\u00cdTULO II<\/strong><br \/>\n<strong>R\u00c9GIMEN JUR\u00cdDICO APLICABLE A LAS MARCAS COMERCIALES<\/strong><\/p>\n<p>SECCI\u00d3N I. Derecho de marca y su adquisici\u00f3n<br \/>\nP\u00c1RRAFO I. Prohibiciones de registro de marcas<br \/>\nP\u00c1RRAFO II. Procedimiento de registro de marcas comerciales<\/p>\n<p>SECCI\u00d3N II. Los derechos y la protecci\u00f3n de la marca comercial<br \/>\nP\u00c1RRAFO I. Protecci\u00f3n constitucional y legal<br \/>\nP\u00c1RRAFO II. Acciones y sanciones que protegen la marca<br \/>\nP\u00c1RRAFO III. Nulidad del registro de marcas comerciales<\/p>\n<p><strong>CAP\u00cdTULO III<\/strong><br \/>\n<strong>MARCAS COMERCIALES Y NOMBRES DE DOMINIO EN INTERNET<\/strong><\/p>\n<p>P\u00c1RRAFO I. Los nombres de dominio<\/p>\n<p><strong>C\u00c1PITULO IV<\/strong><br \/>\n<strong>LAS PATENTES DE INVENCI\u00d3N<br \/>\n<\/strong><br \/>\nSECCI\u00d3N I. Aspectos generales<br \/>\nSECCI\u00d3N II. La concesi\u00f3n de la patente de invenci\u00f3n<\/p>\n<p><strong>SEGUNDA PARTE<\/strong><br \/>\n<strong>EL ARBITRAJE COMERCIAL INTERNACIONAL<\/strong><\/p>\n<p><strong>CAP\u00cdTULO V<\/strong><br \/>\n<strong>ASPECTOS TE\u00d3RICOS GENERALES DEL ARBITRAJE<br \/>\n<\/strong><br \/>\nSECCI\u00d3N I. Asuntos previos al arbitraje<br \/>\nSECCI\u00d3N II. Ventajas y desventajas del arbitraje<br \/>\nSECCI\u00d3N III. Clases de arbitraje<br \/>\nSECCI\u00d3N IV. Naturaleza jur\u00eddica del arbitraje<\/p>\n<p><strong>CAP\u00cdTULO VI<\/strong><br \/>\n<strong>ARBITRAJE COMERCIAL INTERNACIONAL<\/strong><\/p>\n<p><strong>CAP\u00cdTULO VII<\/strong><br \/>\n<strong>REGULACI\u00d3N INTERNACIONAL DEL ARBITRAJE<\/strong><\/p>\n<p>SECCI\u00d3N I. Normas internacionales sustantivas y adjetivas<\/p>\n<p><strong>CAP\u00cdTULO VIII<\/strong><br \/>\n<strong>LA NORMATIVA DE NACIONES UNIDAS SOBRE ARBITRAJE COMERCIAL INTERNACIONAL<\/strong><\/p>\n<p>SECCI\u00d3N I. Reglamento de arbitraje contractual<br \/>\nSECCI\u00d3N II. Ley modelo de arbitraje comercial internacional<br \/>\nSECCI\u00d3N III. El aporte unificador de la Ley Modelo de Naciones Unidas<br \/>\nSECCI\u00d3N IV. Ley Modelo de CNUDMI\/UNCITRAL sobre Conciliaci\u00f3n Comercial Internacional<\/p>\n<p><strong>CAP\u00cdTULO IX<\/strong><br \/>\n<strong>LA NORMATIVA NACIONAL DE ARBITRAJE<\/strong><\/p>\n<p>SECCI\u00d3N I. Aspectos org\u00e1nicos del arbitraje nacional<br \/>\nSECCI\u00d3N II. El procedimiento ante los \u00e1rbitros<br \/>\nSECCI\u00d3N III. Aspectos pr\u00e1cticos del arbitraje<\/p>\n<p><strong>CAP\u00cdTULO X<\/strong><br \/>\n<strong>LA NORMATIVA DE ARBITRAJE COMERCIAL INTERNACIONAL VIGENTE EN CHILE<\/strong><\/p>\n<p>SECCI\u00d3N I.\u00a0Principales aspectos de la Ley de Arbitraje Comercial Internacional (LACI)<\/p>\n<p><strong>CAP\u00cdTULO XI<\/strong><br \/>\n<strong>DERECHO COMPARADO DE ARBITRAJE COMERCIAL<\/strong><\/p>\n<p>SECCI\u00d3N I. Normativa iberoamericana<br \/>\nSECCI\u00d3N II. Normativa europea de arbitraje<\/p>\n<p><strong>ANEXOS<\/strong><\/p>\n<p>ANEXO N\u00ba 1. Texto refundido de la Ley N\u00ba 19.039 sobre Propiedad Industrial<br \/>\nANEXO N\u00ba 2. Decreto N\u00ba 236. Reglamento de la Ley N\u00ba 19.039, de Propiedad Industrial despu\u00e9s de la reforma de la Ley N\u00ba 19.996<br \/>\nANEXO N\u00ba 3. Ley N\u00ba 19.971 sobre Arbitraje Comercial Internacional<br \/>\nANEXO N\u00ba 4. Ley Modelo de la CNUDMI sobre Arbitraje Comercial Internacional<br \/>\nANEXO N\u00ba 5. Reglamento de Arbitraje de la Comisi\u00f3n de las Naciones Unidas para el Derecho Mercantil Internacional<br \/>\nANEXO N\u00ba 6. Reglamento de Arbitraje de la C\u00e1mara de Comercio Internacional<br \/>\nANEXO N\u00ba 7. Convenci\u00f3n sobre Reconocimiento y Ejecuci\u00f3n de Sentencias Arbitrales Extranjeras<\/p>\n","protected":false},"excerpt":{"rendered":"<p>Desde los tiempos m\u00e1s remotos los comerciantes se preocuparon de crear signos para identificar sus productos en el mercado y a partir del momento en que sus puntos de venta estuvieron radicados en lugares fijos, esos establecimientos se identificaron con sus respectivas ense\u00f1as. As\u00ed surgieron las marcas y los nombres comerciales, cuyas formas de expresi\u00f3n fueron evolucionando conjuntamente con el progreso de la t\u00e9cnica. Por la raz\u00f3n se\u00f1alada, desde el \u00e1mbito jur\u00eddico nacional e internacional. Se formularon textos destinados a identificar las mercader\u00edas del tr\u00e1fico comercial, siendo el Convenio de Par\u00eds, de 20 de marzo de 1883, el primer instrumento de protecci\u00f3n de la propiedad industrial. De ah\u00ed en adelante todo acuerdo bilateral o multilateral sobre el comercio transfronterizo contiene un cap\u00edtulo dedicado a esta materia. Esta obra se ocupa de los temas m\u00e1s significativos de la propiedad industrial, como las marcas comerciales, patentes de invenci\u00f3n y de los nombres de dominio que ahora se usan en el comercio electr\u00f3nico. La internacionalizaci\u00f3n de las relaciones comerciales origina, a su turno, la necesidad de que los conflictos relativos a operaciones internacionales se resuelvan a trav\u00e9s de jueces \u00e1rbitros, para evitar que sean de conocimiento de la justicia ordinaria de los Estados donde las partes tienen sus establecimientos, y sobre todo para que ellos no se diriman mediante la aplicaci\u00f3n del derecho sustantivo y procesal de un determinado pa\u00eds. En consecuencia, se destina tambi\u00e9n una parte importante de este texto al an\u00e1lisis del arbitraje comercial internacional y de los instrumentos uniformes que lo regulan, como asimismo de la Ley N\u00b0 19.971, de 29 de septiembre de 2004, vigente en la materia en nuestro pa\u00eds. PRIMERA PARTE LA PROPIEDAD INDUSTRIAL CAP\u00cdTULO I LAS MARCAS COMERCIALES SECCI\u00d3N I. Los derechos industriales en general SECCI\u00d3N II. Las marcas comerciales P\u00c1RRAFO I. Aspectos generales P\u00c1RRAFO II. Clasificaci\u00f3n de las marcas comerciales CAP\u00cdTULO II R\u00c9GIMEN JUR\u00cdDICO APLICABLE A LAS MARCAS COMERCIALES SECCI\u00d3N I. Derecho de marca y su adquisici\u00f3n P\u00c1RRAFO I. Prohibiciones de registro de marcas P\u00c1RRAFO II. Procedimiento de registro de marcas comerciales SECCI\u00d3N II. Los derechos y la protecci\u00f3n de la marca comercial P\u00c1RRAFO I. Protecci\u00f3n constitucional y legal P\u00c1RRAFO II. Acciones y sanciones que protegen la marca P\u00c1RRAFO III. Nulidad del registro de marcas comerciales CAP\u00cdTULO III MARCAS COMERCIALES Y NOMBRES DE DOMINIO EN INTERNET P\u00c1RRAFO I. Los nombres de dominio C\u00c1PITULO IV LAS PATENTES DE INVENCI\u00d3N SECCI\u00d3N I. Aspectos generales SECCI\u00d3N II. La concesi\u00f3n de la patente de invenci\u00f3n SEGUNDA PARTE EL ARBITRAJE COMERCIAL INTERNACIONAL CAP\u00cdTULO V ASPECTOS TE\u00d3RICOS GENERALES DEL ARBITRAJE SECCI\u00d3N I. Asuntos previos al arbitraje SECCI\u00d3N II. Ventajas y desventajas del arbitraje SECCI\u00d3N III. Clases de arbitraje SECCI\u00d3N IV. Naturaleza jur\u00eddica del arbitraje CAP\u00cdTULO VI ARBITRAJE COMERCIAL INTERNACIONAL CAP\u00cdTULO VII REGULACI\u00d3N INTERNACIONAL DEL ARBITRAJE SECCI\u00d3N I. Normas internacionales sustantivas y adjetivas CAP\u00cdTULO VIII LA NORMATIVA DE NACIONES UNIDAS SOBRE ARBITRAJE COMERCIAL INTERNACIONAL SECCI\u00d3N I. Reglamento de arbitraje contractual SECCI\u00d3N II. Ley modelo de arbitraje comercial internacional SECCI\u00d3N III. El aporte unificador de la Ley Modelo de Naciones Unidas SECCI\u00d3N IV. Ley Modelo de CNUDMI\/UNCITRAL sobre Conciliaci\u00f3n Comercial Internacional CAP\u00cdTULO IX LA NORMATIVA NACIONAL DE ARBITRAJE SECCI\u00d3N I. Aspectos org\u00e1nicos del arbitraje nacional SECCI\u00d3N II. El procedimiento ante los \u00e1rbitros SECCI\u00d3N III. Aspectos pr\u00e1cticos del arbitraje CAP\u00cdTULO X LA NORMATIVA DE ARBITRAJE COMERCIAL INTERNACIONAL VIGENTE EN CHILE SECCI\u00d3N I.\u00a0Principales aspectos de la Ley de Arbitraje Comercial Internacional (LACI) CAP\u00cdTULO XI DERECHO COMPARADO DE ARBITRAJE COMERCIAL SECCI\u00d3N I. Normativa iberoamericana SECCI\u00d3N II. Normativa europea de arbitraje ANEXOS ANEXO N\u00ba 1. Texto refundido de la Ley N\u00ba 19.039 sobre Propiedad Industrial ANEXO N\u00ba 2. Decreto N\u00ba 236. Reglamento de la Ley N\u00ba 19.039, de Propiedad Industrial despu\u00e9s de la reforma de la Ley N\u00ba 19.996 ANEXO N\u00ba 3. Ley N\u00ba 19.971 sobre Arbitraje Comercial Internacional ANEXO N\u00ba 4. Ley Modelo de la CNUDMI sobre Arbitraje Comercial Internacional ANEXO N\u00ba 5. Reglamento de Arbitraje de la Comisi\u00f3n de las Naciones Unidas para el Derecho Mercantil Internacional ANEXO N\u00ba 6. Reglamento de Arbitraje de la C\u00e1mara de Comercio Internacional ANEXO N\u00ba 7. Convenci\u00f3n sobre Reconocimiento y Ejecuci\u00f3n de Sentencias Arbitrales Extranjeras<\/p>\n","protected":false},"featured_media":2813,"comment_status":"open","ping_status":"closed","template":"","meta":{"inline_featured_image":false,"_joinchat":[]},"product_brand":[],"product_cat":[48,57],"product_tag":[],"class_list":{"0":"post-2766","1":"product","2":"type-product","3":"status-publish","4":"has-post-thumbnail","6":"product_cat-comercial","7":"product_cat-editorial-juridica-de-chile","8":"product_shipping_class-a-convenir","10":"first","11":"instock","12":"shipping-taxable","13":"purchasable","14":"product-type-simple"},"_links":{"self":[{"href":"https:\/\/bibliotecajuridicavirtual.cl\/index.php\/wp-json\/wp\/v2\/product\/2766","targetHints":{"allow":["GET"]}}],"collection":[{"href":"https:\/\/bibliotecajuridicavirtual.cl\/index.php\/wp-json\/wp\/v2\/product"}],"about":[{"href":"https:\/\/bibliotecajuridicavirtual.cl\/index.php\/wp-json\/wp\/v2\/types\/product"}],"replies":[{"embeddable":true,"href":"https:\/\/bibliotecajuridicavirtual.cl\/index.php\/wp-json\/wp\/v2\/comments?post=2766"}],"wp:featuredmedia":[{"embeddable":true,"href":"https:\/\/bibliotecajuridicavirtual.cl\/index.php\/wp-json\/wp\/v2\/media\/2813"}],"wp:attachment":[{"href":"https:\/\/bibliotecajuridicavirtual.cl\/index.php\/wp-json\/wp\/v2\/media?parent=2766"}],"wp:term":[{"taxonomy":"product_brand","embeddable":true,"href":"https:\/\/bibliotecajuridicavirtual.cl\/index.php\/wp-json\/wp\/v2\/product_brand?post=2766"},{"taxonomy":"product_cat","embeddable":true,"href":"https:\/\/bibliotecajuridicavirtual.cl\/index.php\/wp-json\/wp\/v2\/product_cat?post=2766"},{"taxonomy":"product_tag","embeddable":true,"href":"https:\/\/bibliotecajuridicavirtual.cl\/index.php\/wp-json\/wp\/v2\/product_tag?post=2766"}],"curies":[{"name":"wp","href":"https:\/\/api.w.org\/{rel}","templated":true}]}}