{"id":2768,"date":"2026-02-28T01:05:25","date_gmt":"2026-02-28T04:05:25","guid":{"rendered":"https:\/\/bibliotecajuridicavirtual.cl\/?post_type=product&#038;p=2768"},"modified":"2026-02-28T01:05:59","modified_gmt":"2026-02-28T04:05:59","slug":"derecho-comercial-tomo-vi-derecho-del-comercio-electronico-ano-noviembre-2006-614-pag-autor-ricardo-sandoval-lopez","status":"publish","type":"product","link":"https:\/\/bibliotecajuridicavirtual.cl\/index.php\/product\/derecho-comercial-tomo-vi-derecho-del-comercio-electronico-ano-noviembre-2006-614-pag-autor-ricardo-sandoval-lopez\/","title":{"rendered":"Derecho Comercial &#8211; Tomo VI &#8211; Derecho del comercio electr\u00f3nico. A\u00f1o Noviembre 2006\/ 614 P\u00e1g. Autor Ricardo Sandoval L\u00f3pez"},"content":{"rendered":"<p><strong>&#8211; Derecho del Comercio Electr\u00f3nico<\/strong><br \/>\n<strong>&#8211; An\u00e1lisis de la Normativa Nacional Sobre la Materia<\/strong><br \/>\n<strong>&#8211; Derecho Comparado y Derecho Internacional del Comercio Electr\u00f3nico<\/strong><\/p>\n<p>Esta obra recoge, en gran medida, los avances que ha tenido el derecho del comercio electr\u00f3nico, como rama del Derecho Comercial, desde el inicio del siglo XXI en adelante y su recepci\u00f3n en el derecho objetivo nacional y en el derecho comparado. El derecho uniforme del comercio internacional ha sido la fuente de inspiraci\u00f3n por excelencia del progreso del derecho de los diversos pa\u00edses, porque en su contexto se elaboran los instrumentos internacionales uniformes que encauzan jur\u00eddicamente a la realidad del tercer milenio, donde campea el empleo de las nuevas tecnolog\u00edas de la inform\u00e1tica y de las telecomunicaciones.<\/p>\n<p>Los aspectos generales del comercio electr\u00f3nico se ponen al d\u00eda, se complementa y, en especial, se aborda el estado actual de los principios doctrinarios que orientan el derecho del comercio electr\u00f3nico y su recepci\u00f3n en el derecho nacional, comparado y comercial internacional.<\/p>\n<p>La contrataci\u00f3n electr\u00f3nica es objeto ahora de un estudio profundo y pormenorizado, a la luz de los avances de las normativas vigentes y de la opini\u00f3n de los cultores de esta rama del Derecho Comercial, donde se analiza el entorno de la misma, los elementos objetivos y subjetivos que la integran, los sistemas de informaci\u00f3n, los sistemas automatizados de mensajes. Se trata asimismo sobre los mensajes de datos, las comunicaciones electr\u00f3nicas en relaci\u00f3n con los documentos escritos y originales, los intermediarios del entorno virtual, la firma electr\u00f3nica y los prestadores de servicios de certificaci\u00f3n. Ocupa tambi\u00e9n un lugar en esta materia, el perfeccionamiento del contrato celebrado por v\u00eda electr\u00f3nica, el momento y lugar en que ello ocurre.<br \/>\nAdem\u00e1s se analiza la contrataci\u00f3n electr\u00f3nica en el transporte terrestre, mar\u00edtimo y a\u00e9reo, los documentos electr\u00f3nicos propios de cada una de estas modalidades del transporte y la celebraci\u00f3n de contratos por v\u00eda electr\u00f3nica en este sector de la actividad mercantil.<\/p>\n<p>En este mismo orden de materias, se estudia tambi\u00e9n en el empleo de las nuevas tecnolog\u00edas en las sociedades comerciales, su formaci\u00f3n electr\u00f3nica y su funcionamiento, desde la perspectiva del derecho nacional, comparado e internacional uniforme.<br \/>\nLos contenidos referentes a la seguridad en el comercio electr\u00f3nico, a la firma electr\u00f3nica y los nombres del dominio, son complementados y actualizados de acuerdo con el derecho vigente.<\/p>\n<p>Destacada en esta edici\u00f3n de la obra, el estudio del dinero y de los medios de pago electr\u00f3nicos, las transferencias electr\u00f3nicas de fondos, en el derecho nacional y uniforme del comercio internacional. El dinero electr\u00f3nico, su concepto doctrinario y legal, sus caracter\u00edsticas y modalidades.<\/p>\n<p>Menci\u00f3n aparte merece el an\u00e1lisis de la soluci\u00f3n en l\u00ednea de controversias, donde se trata la tramitaci\u00f3n digital de los procedimientos judiciales en el derecho nacional, la Ley N\u00ba 20.886 y el Auto Acordado de la Corte Suprema, aplicables en la materia. El autor se ocupa de los m\u00e9todos alternativos de soluci\u00f3n de conflictos on line, entre ellos del arbitraje electr\u00f3nico que se utiliza para resolver controversias del dominio. CL.<br \/>\nPor \u00faltimo, en el \u00e1mbito del derecho uniforme internacional se analizan las Normas T\u00e9cnicas, elaboradas en el seno de la CNUDMI\/UNCITRAL, sobre la soluci\u00f3n en l\u00ednea de controversias surgidas en relaciones de comercio electr\u00f3nico transfronterizas.<\/p>\n<p><strong>CAP\u00cdTULO I<\/strong><br \/>\n<strong>CUESTIONES GENERALES SOBRE EL COMERCIO ELECTR\u00d3NICO<\/strong><\/p>\n<p>Secci\u00f3n I. Or\u00edgenes, nociones y \u00e1reas del comercio electr\u00f3nico<br \/>\nSecci\u00f3n II. Principios que informan al derecho del comercio electr\u00f3nico<\/p>\n<p><strong>CAP\u00cdTULO II<\/strong><br \/>\n<strong>CONTRATACI\u00d3N ELECTR\u00d3NICA<\/strong><\/p>\n<p>Secci\u00f3n I. Aspectos generales de la contrataci\u00f3n electr\u00f3nica<br \/>\nSecci\u00f3n II. El empleo de las comunicaciones electr\u00f3nicas en el derecho comercial internacional<br \/>\nSecci\u00f3n III. El perfeccionamiento del contrato por v\u00eda electr\u00f3nica<\/p>\n<p><strong>CAP\u00cdTULO III<\/strong><br \/>\n<strong>LA CONTRATACI\u00d3N ELECTR\u00d3NICA EN EL TRANSPORTE<\/strong><\/p>\n<p>Secci\u00f3n I. Los documentos en el contrato de transporte<br \/>\nP\u00e1rrafo I. Los documentos electr\u00f3nicos en el transporte terrestre y mar\u00edtimo<br \/>\nSecci\u00f3n II. La contrataci\u00f3n electr\u00f3nica del transporte a\u00e9reo<br \/>\nP\u00e1rrafo I. Los documentos de transporte a\u00e9reo y su electronizaci\u00f3n<br \/>\nP\u00e1rrafo II. La celebraci\u00f3n del contrato de transporte a\u00e9reo por v\u00eda electr\u00f3nica<\/p>\n<p><strong>CAP\u00cdTULO IV<\/strong><br \/>\n<strong>LOS MEDIOS ELECTR\u00d3NICOS EN LAS SOCIEDADES COMERCIALES<br \/>\n<\/strong><br \/>\nSecci\u00f3n I. El derecho objetivo nacional en la materia<br \/>\nP\u00e1rrafo I. La formaci\u00f3n de sociedades por medios electr\u00f3nicos<br \/>\nP\u00e1rrafo II. El empleo de medios electr\u00f3nicos en el funcionamiento de las sociedades<br \/>\nSecci\u00f3n II. El derecho comparado en la materia<\/p>\n<p><strong>CAP\u00cdTULO V<\/strong><br \/>\n<strong>LA SEGURIDAD EN EL COMERCIO ELECTR\u00d3NICO<br \/>\n<\/strong><br \/>\nSecci\u00f3n I. Mecanismos de seguridad en el comercio electr\u00f3nico<\/p>\n<p><strong>CAP\u00cdTULO VI<\/strong><br \/>\n<strong>LA FIRMA ELECTR\u00d3NICA<\/strong><\/p>\n<p>Secci\u00f3n I. Aspectos generales sobre la firma<br \/>\nSecci\u00f3n II. Nociones generales sobre firma electr\u00f3nica<br \/>\nSecci\u00f3n III. An\u00e1lisis de la Ley N\u00ba 19.799, sobre documentos electr\u00f3nicos, firma electr\u00f3nica y servicios de certificaci\u00f3n de dicha firma.<br \/>\nP\u00e1rrafo I. Aspectos generales<br \/>\nP\u00e1rrafo II. Estructura y \u00e1mbito de aplicaci\u00f3n<br \/>\nSecci\u00f3n IV. La firma electr\u00f3nica y su certificaci\u00f3n<br \/>\nP\u00e1rrafo I. Autoridades o prestadores de servicios de certificaci\u00f3n<br \/>\nP\u00e1rrafo II. Los certificados de firma electr\u00f3nica<\/p>\n<p><strong>CAP\u00cdTULO VII<\/strong><br \/>\n<strong>LOS NOMBRES DE DOMINIO<\/strong><\/p>\n<p>Secci\u00f3n I. Aspectos generales de los nombres de dominio<br \/>\nSecci\u00f3n II. La soluci\u00f3n de controversias sobre nombres de dominio<br \/>\nSecci\u00f3n III. Nombres de dominio y marcas comerciales<\/p>\n<p><strong>CAP\u00cdTULO VIII<\/strong><br \/>\n<strong>DINERO Y MEDIOS DE PAGO ELECTR\u00d3NICOS<\/strong><\/p>\n<p>Secci\u00f3n I. La noci\u00f3n de dinero y su evoluci\u00f3n<br \/>\nSecci\u00f3n II. Las transferencias electr\u00f3nicas de fondos<br \/>\nSecci\u00f3n III. El dinero electr\u00f3nico<\/p>\n<p><strong>CAP\u00cdTULO IX<\/strong><br \/>\n<strong>SOLUCI\u00d3N DE CONTROVERSIAS POR V\u00cdA ELECTR\u00d3NICOS<\/strong><\/p>\n<p>Secci\u00f3n I. M\u00e9todos alternativos de soluci\u00f3n de contiendas en el entorno electr\u00f3nicos<br \/>\nSecci\u00f3n II. La tramitaci\u00f3n electr\u00f3nica de los procedimientos judiciales en Chile<br \/>\nSecci\u00f3n III. El arbitraje en l\u00ednea de NIC Chile<br \/>\nP\u00e1rrafo I. Aspectos Generales<br \/>\nP\u00e1rrafo II. Normas del procedimiento en l\u00ednea<br \/>\nSecci\u00f3n IV. La soluci\u00f3n en l\u00ednea de controversias en el derecho uniforme del comercio internacional<\/p>\n<p><strong>ANEXOS<\/strong><\/p>\n<p>ANEXO N\u00ba 1: Ley N\u00ba 19.799 sobre Documentos Electr\u00f3nicos, Firma Electr\u00f3nica y Servicios de Certificaci\u00f3n de dicha Firma de la Rep\u00fablica de Chile<br \/>\nANEXO N\u00ba 2: Reglamento de la Ley N\u00ba 19.799<br \/>\nANEXO N\u00ba 3: Ley N\u00ba 20.886 que modifica el C\u00f3digo de Procedimiento Civil para establecer la tramitaci\u00f3n digital de los procedimientos judiciales<br \/>\nANEXO N\u00ba 4: Auto Acordado de la Corte Suprema que regula el funcionamiento de los tribunales que tramitan electr\u00f3nicamente<br \/>\nANEXO N\u00ba 5: Pol\u00edtica de Resoluci\u00f3n de Controversias por el Nombre de Dominio. CL<br \/>\nANEXO N\u00ba 6: Reglamentaci\u00f3n para funcionamiento del registro de nombres de dominio. CL<br \/>\nANEXO N\u00ba 7: Ley N\u00ba 34\/2002 sobre Servicios de la Sociedad de la Informaci\u00f3n y Comercio Electr\u00f3nico de Espa\u00f1a<br \/>\nANEXO N\u00ba 8: Ley Modelo de CNUDMI\/UNCITRAL de Comercio Electr\u00f3nico<br \/>\nANEXO N\u00ba 9: Convenci\u00f3n de las Naciones Unidas sobre la utilizaci\u00f3n de las Comunicaciones Electr\u00f3nicas en los Contratos Internacionales<\/p>\n","protected":false},"excerpt":{"rendered":"<p>&#8211; Derecho del Comercio Electr\u00f3nico &#8211; An\u00e1lisis de la Normativa Nacional Sobre la Materia &#8211; Derecho Comparado y Derecho Internacional del Comercio Electr\u00f3nico Esta obra recoge, en gran medida, los avances que ha tenido el derecho del comercio electr\u00f3nico, como rama del Derecho Comercial, desde el inicio del siglo XXI en adelante y su recepci\u00f3n en el derecho objetivo nacional y en el derecho comparado. El derecho uniforme del comercio internacional ha sido la fuente de inspiraci\u00f3n por excelencia del progreso del derecho de los diversos pa\u00edses, porque en su contexto se elaboran los instrumentos internacionales uniformes que encauzan jur\u00eddicamente a la realidad del tercer milenio, donde campea el empleo de las nuevas tecnolog\u00edas de la inform\u00e1tica y de las telecomunicaciones. Los aspectos generales del comercio electr\u00f3nico se ponen al d\u00eda, se complementa y, en especial, se aborda el estado actual de los principios doctrinarios que orientan el derecho del comercio electr\u00f3nico y su recepci\u00f3n en el derecho nacional, comparado y comercial internacional. La contrataci\u00f3n electr\u00f3nica es objeto ahora de un estudio profundo y pormenorizado, a la luz de los avances de las normativas vigentes y de la opini\u00f3n de los cultores de esta rama del Derecho Comercial, donde se analiza el entorno de la misma, los elementos objetivos y subjetivos que la integran, los sistemas de informaci\u00f3n, los sistemas automatizados de mensajes. Se trata asimismo sobre los mensajes de datos, las comunicaciones electr\u00f3nicas en relaci\u00f3n con los documentos escritos y originales, los intermediarios del entorno virtual, la firma electr\u00f3nica y los prestadores de servicios de certificaci\u00f3n. Ocupa tambi\u00e9n un lugar en esta materia, el perfeccionamiento del contrato celebrado por v\u00eda electr\u00f3nica, el momento y lugar en que ello ocurre. Adem\u00e1s se analiza la contrataci\u00f3n electr\u00f3nica en el transporte terrestre, mar\u00edtimo y a\u00e9reo, los documentos electr\u00f3nicos propios de cada una de estas modalidades del transporte y la celebraci\u00f3n de contratos por v\u00eda electr\u00f3nica en este sector de la actividad mercantil. En este mismo orden de materias, se estudia tambi\u00e9n en el empleo de las nuevas tecnolog\u00edas en las sociedades comerciales, su formaci\u00f3n electr\u00f3nica y su funcionamiento, desde la perspectiva del derecho nacional, comparado e internacional uniforme. Los contenidos referentes a la seguridad en el comercio electr\u00f3nico, a la firma electr\u00f3nica y los nombres del dominio, son complementados y actualizados de acuerdo con el derecho vigente. Destacada en esta edici\u00f3n de la obra, el estudio del dinero y de los medios de pago electr\u00f3nicos, las transferencias electr\u00f3nicas de fondos, en el derecho nacional y uniforme del comercio internacional. El dinero electr\u00f3nico, su concepto doctrinario y legal, sus caracter\u00edsticas y modalidades. Menci\u00f3n aparte merece el an\u00e1lisis de la soluci\u00f3n en l\u00ednea de controversias, donde se trata la tramitaci\u00f3n digital de los procedimientos judiciales en el derecho nacional, la Ley N\u00ba 20.886 y el Auto Acordado de la Corte Suprema, aplicables en la materia. El autor se ocupa de los m\u00e9todos alternativos de soluci\u00f3n de conflictos on line, entre ellos del arbitraje electr\u00f3nico que se utiliza para resolver controversias del dominio. CL. Por \u00faltimo, en el \u00e1mbito del derecho uniforme internacional se analizan las Normas T\u00e9cnicas, elaboradas en el seno de la CNUDMI\/UNCITRAL, sobre la soluci\u00f3n en l\u00ednea de controversias surgidas en relaciones de comercio electr\u00f3nico transfronterizas. CAP\u00cdTULO I CUESTIONES GENERALES SOBRE EL COMERCIO ELECTR\u00d3NICO Secci\u00f3n I. Or\u00edgenes, nociones y \u00e1reas del comercio electr\u00f3nico Secci\u00f3n II. Principios que informan al derecho del comercio electr\u00f3nico CAP\u00cdTULO II CONTRATACI\u00d3N ELECTR\u00d3NICA Secci\u00f3n I. Aspectos generales de la contrataci\u00f3n electr\u00f3nica Secci\u00f3n II. El empleo de las comunicaciones electr\u00f3nicas en el derecho comercial internacional Secci\u00f3n III. El perfeccionamiento del contrato por v\u00eda electr\u00f3nica CAP\u00cdTULO III LA CONTRATACI\u00d3N ELECTR\u00d3NICA EN EL TRANSPORTE Secci\u00f3n I. Los documentos en el contrato de transporte P\u00e1rrafo I. Los documentos electr\u00f3nicos en el transporte terrestre y mar\u00edtimo Secci\u00f3n II. La contrataci\u00f3n electr\u00f3nica del transporte a\u00e9reo P\u00e1rrafo I. Los documentos de transporte a\u00e9reo y su electronizaci\u00f3n P\u00e1rrafo II. La celebraci\u00f3n del contrato de transporte a\u00e9reo por v\u00eda electr\u00f3nica CAP\u00cdTULO IV LOS MEDIOS ELECTR\u00d3NICOS EN LAS SOCIEDADES COMERCIALES Secci\u00f3n I. El derecho objetivo nacional en la materia P\u00e1rrafo I. La formaci\u00f3n de sociedades por medios electr\u00f3nicos P\u00e1rrafo II. El empleo de medios electr\u00f3nicos en el funcionamiento de las sociedades Secci\u00f3n II. El derecho comparado en la materia CAP\u00cdTULO V LA SEGURIDAD EN EL COMERCIO ELECTR\u00d3NICO Secci\u00f3n I. Mecanismos de seguridad en el comercio electr\u00f3nico CAP\u00cdTULO VI LA FIRMA ELECTR\u00d3NICA Secci\u00f3n I. Aspectos generales sobre la firma Secci\u00f3n II. Nociones generales sobre firma electr\u00f3nica Secci\u00f3n III. An\u00e1lisis de la Ley N\u00ba 19.799, sobre documentos electr\u00f3nicos, firma electr\u00f3nica y servicios de certificaci\u00f3n de dicha firma. P\u00e1rrafo I. Aspectos generales P\u00e1rrafo II. Estructura y \u00e1mbito de aplicaci\u00f3n Secci\u00f3n IV. La firma electr\u00f3nica y su certificaci\u00f3n P\u00e1rrafo I. Autoridades o prestadores de servicios de certificaci\u00f3n P\u00e1rrafo II. Los certificados de firma electr\u00f3nica CAP\u00cdTULO VII LOS NOMBRES DE DOMINIO Secci\u00f3n I. Aspectos generales de los nombres de dominio Secci\u00f3n II. La soluci\u00f3n de controversias sobre nombres de dominio Secci\u00f3n III. Nombres de dominio y marcas comerciales CAP\u00cdTULO VIII DINERO Y MEDIOS DE PAGO ELECTR\u00d3NICOS Secci\u00f3n I. La noci\u00f3n de dinero y su evoluci\u00f3n Secci\u00f3n II. Las transferencias electr\u00f3nicas de fondos Secci\u00f3n III. El dinero electr\u00f3nico CAP\u00cdTULO IX SOLUCI\u00d3N DE CONTROVERSIAS POR V\u00cdA ELECTR\u00d3NICOS Secci\u00f3n I. M\u00e9todos alternativos de soluci\u00f3n de contiendas en el entorno electr\u00f3nicos Secci\u00f3n II. La tramitaci\u00f3n electr\u00f3nica de los procedimientos judiciales en Chile Secci\u00f3n III. El arbitraje en l\u00ednea de NIC Chile P\u00e1rrafo I. Aspectos Generales P\u00e1rrafo II. Normas del procedimiento en l\u00ednea Secci\u00f3n IV. La soluci\u00f3n en l\u00ednea de controversias en el derecho uniforme del comercio internacional ANEXOS ANEXO N\u00ba 1: Ley N\u00ba 19.799 sobre Documentos Electr\u00f3nicos, Firma Electr\u00f3nica y Servicios de Certificaci\u00f3n de dicha Firma de la Rep\u00fablica de Chile ANEXO N\u00ba 2: Reglamento de la Ley N\u00ba 19.799 ANEXO N\u00ba 3: Ley N\u00ba 20.886 que modifica el C\u00f3digo de Procedimiento Civil para establecer la tramitaci\u00f3n digital de los procedimientos judiciales ANEXO N\u00ba 4: Auto Acordado de la Corte Suprema que regula el funcionamiento de los tribunales que tramitan electr\u00f3nicamente ANEXO N\u00ba 5: Pol\u00edtica de<\/p>\n","protected":false},"featured_media":2815,"comment_status":"open","ping_status":"closed","template":"","meta":{"inline_featured_image":false,"_joinchat":[]},"product_brand":[],"product_cat":[48,57],"product_tag":[],"class_list":{"0":"post-2768","1":"product","2":"type-product","3":"status-publish","4":"has-post-thumbnail","6":"product_cat-comercial","7":"product_cat-editorial-juridica-de-chile","8":"product_shipping_class-a-convenir","10":"first","11":"instock","12":"shipping-taxable","13":"purchasable","14":"product-type-simple"},"_links":{"self":[{"href":"https:\/\/bibliotecajuridicavirtual.cl\/index.php\/wp-json\/wp\/v2\/product\/2768","targetHints":{"allow":["GET"]}}],"collection":[{"href":"https:\/\/bibliotecajuridicavirtual.cl\/index.php\/wp-json\/wp\/v2\/product"}],"about":[{"href":"https:\/\/bibliotecajuridicavirtual.cl\/index.php\/wp-json\/wp\/v2\/types\/product"}],"replies":[{"embeddable":true,"href":"https:\/\/bibliotecajuridicavirtual.cl\/index.php\/wp-json\/wp\/v2\/comments?post=2768"}],"wp:featuredmedia":[{"embeddable":true,"href":"https:\/\/bibliotecajuridicavirtual.cl\/index.php\/wp-json\/wp\/v2\/media\/2815"}],"wp:attachment":[{"href":"https:\/\/bibliotecajuridicavirtual.cl\/index.php\/wp-json\/wp\/v2\/media?parent=2768"}],"wp:term":[{"taxonomy":"product_brand","embeddable":true,"href":"https:\/\/bibliotecajuridicavirtual.cl\/index.php\/wp-json\/wp\/v2\/product_brand?post=2768"},{"taxonomy":"product_cat","embeddable":true,"href":"https:\/\/bibliotecajuridicavirtual.cl\/index.php\/wp-json\/wp\/v2\/product_cat?post=2768"},{"taxonomy":"product_tag","embeddable":true,"href":"https:\/\/bibliotecajuridicavirtual.cl\/index.php\/wp-json\/wp\/v2\/product_tag?post=2768"}],"curies":[{"name":"wp","href":"https:\/\/api.w.org\/{rel}","templated":true}]}}