{"id":2769,"date":"2026-02-28T01:05:25","date_gmt":"2026-02-28T04:05:25","guid":{"rendered":"https:\/\/bibliotecajuridicavirtual.cl\/?post_type=product&#038;p=2769"},"modified":"2026-02-28T01:06:00","modified_gmt":"2026-02-28T04:06:00","slug":"derecho-comercial-tomo-ix-derecho-de-seguros-analisis-de-la-normativa-nacional-y-derecho-comparado-ano-2018-665-pag-autor-ricardo-sandoval-lopez","status":"publish","type":"product","link":"https:\/\/bibliotecajuridicavirtual.cl\/index.php\/product\/derecho-comercial-tomo-ix-derecho-de-seguros-analisis-de-la-normativa-nacional-y-derecho-comparado-ano-2018-665-pag-autor-ricardo-sandoval-lopez\/","title":{"rendered":"Derecho Comercial &#8211; Tomo IX &#8211; Derecho de Seguros, analisis de la normativa nacional y derecho comparado. A\u00f1o 2018\/ 665 P\u00e1g. Autor Ricardo Sandoval L\u00f3pez"},"content":{"rendered":"<p>El seguro es una actividad de gran importancia econ\u00f3mica y social que ha tenido un desarrollo creciente a nivel global, dotado de una regulaci\u00f3n que evoluciona permanentemente en la mayor\u00eda de los pa\u00edses.<\/p>\n<p>En esta obra, adem\u00e1s de los aspectos generales del seguro, se encuentra en su primera parte, un an\u00e1lisis pormenorizado del derecho administrativo que reglamenta la actividad aseguradora, la autoridad p\u00fablica fiscalizadora, sus funciones y atribuciones, la empresa que coloca estos servicios en el mercado y de sus auxiliares. Asimismo, se compara la normativa p\u00fablica nacional de seguros y sus autoridades de control, con la existente en otros pa\u00edses.<\/p>\n<p>Atendida la circunstancia que este texto es el Tomo IX de la Colecci\u00f3n Derecho Comercial de su autor, la parte m\u00e1s substancial est\u00e1 destinada al estudio del derecho privado comercial de seguros. Con la versaci\u00f3n que caracteriza al autor, se aborda, el an\u00e1lisis del contrato de seguro, sus requisitos, caracter\u00edsticas y consecuencias legales, tanto desde el punto de vista de la legislaci\u00f3n chilena, como del derecho de Espa\u00f1a y Francia que ha inspirado a la nuestra.<\/p>\n<p>Dentro de este mismo contexto, se encuentra el estudio de los diferentes tipos de seguros, distinguiendo los de da\u00f1os y los de personas. Respecto de los primeros, adem\u00e1s de tratar las reglas generales que les son aplicables, encontramos el estudio detallado del derecho nacional y comparado, de los seguros contra incendio, de robo, hurto y otras sustracciones, de responsabilidad civil, de transporte terrestre, de p\u00e9rdida de beneficios, de cr\u00e9dito, de cauci\u00f3n y el contrato de reaseguro.<\/p>\n<p>Trat\u00e1ndose de los seguros de personas, junto con los conceptos b\u00e1sicos que contiene nuestra legislaci\u00f3n sobre esta materia, el texto aporta el desarrollo del seguro de vida y\u00a0de accidentes personales, en sus distintas modalidades y variantes, siempre en una visi\u00f3n comparativa con el derecho de otros Estados.<\/p>\n<p>Por \u00faltimo, en lo relativo a los seguros mar\u00edtimos, se analizan las innovaciones que introdujo la Ley<br \/>\nN 20.667, de 2013, sobre esta materia.<strong><\/p>\n<p>PRIMERA PARTE<br \/>\nASPECTOS GENERALES DEL SEGURO Y SU NORMATIVA DE DERECHO P\u00daBLICO ADMINISTRATIVO<\/p>\n<p>CAP\u00cdTULO I<br \/>\nNOCIONES GENERALES SOBRE EL SEGURO<\/p>\n<p>Secci\u00f3n I<\/strong>. Evoluci\u00f3n hist\u00f3rica del seguro<br \/>\n<strong>Secci\u00f3n II<\/strong>. Normas que integran el derecho del seguro<\/p>\n<p><strong>CAP\u00cdTULO II<br \/>\nDERECHO P\u00daBLICO ADMINISTRATIVO DE SEGUROS<\/p>\n<p>Secci\u00f3n I. El control del Estado sobre los seguros<br \/>\n<\/strong><br \/>\n<strong>CAP\u00cdTULO III<br \/>\nLA EMPRESA ASEGURADORA Y SUS AUXILIARES<\/p>\n<p>Secci\u00f3n I<\/strong>. La empresa aseguradora<br \/>\n<strong>Secci\u00f3n II<\/strong>. Los auxiliares de la empresa aseguradora<\/p>\n<p><strong>SEGUNDA PARTE<br \/>\nDERECHO PRIVADO DE SEGUROS<\/p>\n<p>CAP\u00cdTULO I<br \/>\nEL CONTRATO DE SEGURO<\/p>\n<p>Secci\u00f3n I.\u00a0<\/strong>Principios que informan el contrato de seguro<br \/>\n<strong>Secci\u00f3n II<\/strong>. Definici\u00f3n del contrato de seguro y sus caracter\u00edsticas<br \/>\n<strong>Secci\u00f3n III.<\/strong>\u00a0Clasificaci\u00f3n del seguro<\/p>\n<p><strong>CAP\u00cdTULO II<br \/>\nLOS ELEMENTOS DL CONTRATO DE SEGURO<\/p>\n<p>Secci\u00f3n I.\u00a0<\/strong>Elementos subjetivos del contrato de seguro<br \/>\n<strong>Secci\u00f3n II<\/strong>. Elementos materiales del contrato de seguro<br \/>\n<strong>P\u00e1rrafo I<\/strong>. El riesgo asegurado<br \/>\n<strong>P\u00e1rrafo II<\/strong>. La prima del seguro<br \/>\n<strong>P\u00e1rrafo III<\/strong>. La obligaci\u00f3n condicional del asegurador de indemnizar<\/p>\n<p><strong>CAP\u00cdTULO\u00a0III<br \/>\nLA CELEBRACI\u00d3N DEL CONTRATO DE SEGURO<\/p>\n<p>Secci\u00f3n I.\u00a0<\/strong>Perfeccionamiento del contrato de seguro<br \/>\n<strong>Secci\u00f3n II<\/strong>. La p\u00f3liza de seguro y su contenido<br \/>\n<strong><br \/>\nCAP\u00cdTULO\u00a0IV<br \/>\nEFECTOS DEL CONTRATO DE SEGURO<\/p>\n<p>Secci\u00f3n I.\u00a0<\/strong>Obligaciones y cargas<br \/>\n<strong>P\u00e1rrafo I.<\/strong>\u00a0Obligaciones y cargas de las partes al tiempo de celebrar el contrato<br \/>\n<strong>P\u00e1rrafo II<\/strong>. Obligaciones o cargas durante la vigencia del seguro<br \/>\n<strong>P\u00e1rrafo III<\/strong>. Obligaciones o cargas de las partes una vez ocurrido el siniestro<br \/>\n<strong>Secci\u00f3n II<\/strong>. Las obligaciones y derechos de las partes del seguro en derecho comparado<br \/>\n<strong>P\u00e1rrafo I<\/strong>. Los efectos del seguro en el marco del derecho espa\u00f1ol vigente<br \/>\n<strong>P\u00e1rrafo II.<\/strong>\u00a0Obligaciones de las partes en el derecho franc\u00e9s de seguros<br \/>\n<strong><br \/>\nCap\u00edtulo V<br \/>\nTERMINACION DEL CONTRATO DE SEGURO<\/strong><\/p>\n<p><strong>Secci\u00f3n I<\/strong>. Diversas causas de terminaci\u00f3n<br \/>\n<strong>Secci\u00f3n II.<\/strong>\u00a0Situaci\u00f3n del contrato de seguro en caso d insolvencia<br \/>\n<strong>Secci\u00f3n III<\/strong>. La terminaci\u00f3n del contrato de seguro en derecho comparado<\/p>\n<p><strong>CAP\u00cdTULO VI<br \/>\nSOLUCI\u00d3N DE CONFLICTOS Y PRESCRIPCI\u00d3N DE LAS ACCIONES<\/p>\n<p>CAP\u00cdTULO VII<br \/>\nASPECTOS GENERALES DE LOS SEGUROS DE DA\u00d1OS<\/strong><\/p>\n<p><strong>CAP\u00cdTULO VIII<br \/>\nEL SINIESTRO, LA INDEMNIZACI\u00d3N Y LA SUBROGACI\u00d3N<\/p>\n<p>Secci\u00f3n I.\u00a0<\/strong>Nociones generales sobre el siniestro<br \/>\n<strong>Secci\u00f3n II.<\/strong>\u00a0Liquidaci\u00f3n del siniestro<br \/>\n<strong>Secci\u00f3n III<\/strong>. La indemnizaci\u00f3n<br \/>\n<strong>Secci\u00f3n IV<\/strong>. Efectos del pago de la indemnizaci\u00f3n<br \/>\n<strong>Secci\u00f3n V<\/strong>. Aspectos generales de los seguros de da\u00f1os en derecho comparado<br \/>\n<strong>P\u00e1rrafo I<\/strong>. Reglas generales de los seguros de da\u00f1os en Espa\u00f1a<br \/>\n<strong>P\u00e1rrafo II.<\/strong>\u00a0El siniestro, la liquidaci\u00f3n y la subrogaci\u00f3n en el seguro de da\u00f1os en el derecho espa\u00f1ol<br \/>\n<strong>P\u00e1rrafo III<\/strong>. Reglas generales de seguros de los da\u00f1os en el derecho franc\u00e9s<\/p>\n<p><strong>CAP\u00cdTULO IX<br \/>\nEL SEGURO CONTRA INCENDIO<\/p>\n<p>Secci\u00f3n I.<\/strong>\u00a0Aspectos generales de este seguro en el derecho objetivo nacional<br \/>\n<strong>Secci\u00f3n II<\/strong>. El seguro contra incendio en derecho comparado<br \/>\n<strong>P\u00e1rrafo I<\/strong>. Derecho espa\u00f1ol del seguro de incendio<br \/>\n<strong>P\u00e1rrafo II<\/strong>. El derecho franc\u00e9s de seguro de incendios<\/p>\n<p><strong>CAP\u00cdTULO X<br \/>\nLOS SEGUROS DE ROBO, HURTO Y OTRAS SUSTRACCIONES<\/p>\n<p>Secci\u00f3n I.\u00a0<\/strong>Las reglas del derecho nacional<br \/>\n<strong>Secci\u00f3n II<\/strong>. Los seguros de robo, hurto y otras sustracciones en derecho comparado<\/p>\n<p><strong>CAP\u00cdTULO XI<br \/>\nEL SEGURO DE RESPONSABILIDAD CIVIL<\/p>\n<p>Secci\u00f3n I.\u00a0<\/strong>Derecho objetivo nacional sobre la materia<br \/>\n<strong>Secci\u00f3n II.<\/strong>\u00a0Derecho comparado sobre seguro de responsabilidad civil<br \/>\n<strong>P\u00e1rrafo I<\/strong>. Derecho espa\u00f1ol<br \/>\n<strong>P\u00e1rrafo II<\/strong>. El seguro de responsabilidad en derecho franc\u00e9s<br \/>\n<strong><br \/>\nCAP\u00cdTULO XII<br \/>\nEL SEGURO DE TRANSPORTE TERRESTRE<\/p>\n<p><\/strong><strong>CAP\u00cdTULO XIII<br \/>\nEL SEGURO DE P\u00c9RDIDA DE BENEFICIOS<\/p>\n<p>Secci\u00f3n I.\u00a0<\/strong>Aspectos generales<br \/>\n<strong>Secci\u00f3n II<\/strong>. Definici\u00f3n legal y alcance de la cobertura<br \/>\n<strong>Secci\u00f3n III<\/strong>. El seguro de p\u00e9rdida de beneficios en derecho comparado<br \/>\n<strong>P\u00e1rrafo I<\/strong>. El seguro de lucro cesante en el derecho espa\u00f1ol<\/p>\n<p><strong>CAP\u00cdTULO XIV<br \/>\nEL SEGURO DE CR\u00c9DITO<\/p>\n<p>Secci\u00f3n I<\/strong>. Derecho objetivo nacional sobre la materia<br \/>\n<strong>Secci\u00f3n II<\/strong>. El seguro de cr\u00e9dito en el derecho espa\u00f1ol<\/p>\n<p><strong>CAP\u00cdTULO XV<br \/>\nEL SEGURO DE CAUCI\u00d3N<\/p>\n<p>Secci\u00f3n I.\u00a0<\/strong>Derecho nacional de seguro de cauci\u00f3n<br \/>\n<strong>Secci\u00f3n II<\/strong>. El seguro de cauci\u00f3n en derecho comparado<\/p>\n<p><strong>CAP\u00cdTULO XVI<br \/>\nEL CONTRATO DE REASEGURO<\/p>\n<p>Secci\u00f3n I.\u00a0<\/strong>Derecho objetivo nacional sobre el contrato de reaseguro<br \/>\n<strong>P\u00e1rrafo I.<\/strong>\u00a0Aspectos generales del contrato de reaseguro<br \/>\n<strong>P\u00e1rrafo II<\/strong>. El perfeccionamiento del contrato de reaseguro<br \/>\n<strong>P\u00e1rrafo III<\/strong>. Los efectos del contrato de reaseguro<br \/>\n<strong>P\u00e1rrafo IV<\/strong>. Otros aspectos del contrato de reaseguro<br \/>\n<strong>Secci\u00f3n II.<\/strong>\u00a0Derecho comparado sobre el contrato de reaseguro<\/p>\n<p><strong>CAP\u00cdTULO XVII<br \/>\nLOS SEGUROS DE PERSONAS<\/p>\n<p>Secci\u00f3n I.<\/strong>\u00a0Aspectos generales<br \/>\n<strong>Secci\u00f3n II<\/strong>. El seguro de vida<br \/>\n<strong>P\u00e1rrafo I<\/strong>. Aspectos generales<br \/>\n<strong>P\u00e1rrafo II<\/strong>. Obligaciones de las partes en el seguro de vida<br \/>\n<strong>P\u00e1rrafo III<\/strong>. Otras situaciones propias del seguro de vida<br \/>\n<strong>Secci\u00f3n III<\/strong>. Los seguros de accidentes personales<\/p>\n<p><strong>CAP\u00cdTULO\u00a0XVIII<br \/>\nLOS SEGUROS DE PERSONAS EN DERECHO COMPARADO<\/p>\n<p>Secci\u00f3n I.\u00a0<\/strong>Derecho espa\u00f1ol de seguros de personas<br \/>\n<strong>Secci\u00f3n II<\/strong>. Los seguros de personas en el derecho franc\u00e9s<\/p>\n<p><strong>CAP\u00cdTULO XIX<br \/>\nINNOVACIONES EN MATERIA DE SEGUROS MAR\u00cdTIMOS<\/p>\n<p>Secci\u00f3n I.\u00a0<\/strong>Aspectos generales<br \/>\n<strong>Secci\u00f3n II.<\/strong>\u00a0Principales innovaciones sobre los seguros mar\u00edtimos<\/p>\n<p>ANEXOS<br \/>\nAnexo N\u00ba 1: Ley N\u00ba 20 .667. Regula el Contrato de Seguro, 9 de mayo de 2013<br \/>\nAnexo N\u00ba 2: Norma de Car\u00e1cter General N\u00ba 349. Superintendencia de Valores y Seguros, 26 de julio de 2013.<br \/>\nAnexo N\u00ba 3: Ley de Contrato de Seguro de Espa\u00f1a<br \/>\nAnexo N\u00ba 4: C\u00f3digo de los Seguros de Francia<br \/>\nAnexo N\u00ba 5: Decreto 1055. Ministerio de Hacienda, D .O . 29\/12\/12 aprueba nuevo reglamento de los auxiliares del comercio de seguros<br \/>\nAnexo N\u00ba 6: P\u00f3liza de seguro de incendio, POL 120130161<br \/>\nAnexo N\u00ba 7: P\u00f3liza de seguro de transporte terrestre, POL 120131404<br \/>\nAnexo N\u00ba 8: P\u00f3liza de seguro de p\u00e9rdida de beneficios por incendio, POL120131179<br \/>\nAnexo N\u00ba 9: P\u00f3liza de seguro de responsabilidad civil, POL 120131531<br \/>\nAnexo N\u00ba 10: P\u00f3liza de seguro de vida sobre protecci\u00f3n familiar, POL 220131482<\/p>\n","protected":false},"excerpt":{"rendered":"<p>El seguro es una actividad de gran importancia econ\u00f3mica y social que ha tenido un desarrollo creciente a nivel global, dotado de una regulaci\u00f3n que evoluciona permanentemente en la mayor\u00eda de los pa\u00edses. En esta obra, adem\u00e1s de los aspectos generales del seguro, se encuentra en su primera parte, un an\u00e1lisis pormenorizado del derecho administrativo que reglamenta la actividad aseguradora, la autoridad p\u00fablica fiscalizadora, sus funciones y atribuciones, la empresa que coloca estos servicios en el mercado y de sus auxiliares. Asimismo, se compara la normativa p\u00fablica nacional de seguros y sus autoridades de control, con la existente en otros pa\u00edses. Atendida la circunstancia que este texto es el Tomo IX de la Colecci\u00f3n Derecho Comercial de su autor, la parte m\u00e1s substancial est\u00e1 destinada al estudio del derecho privado comercial de seguros. Con la versaci\u00f3n que caracteriza al autor, se aborda, el an\u00e1lisis del contrato de seguro, sus requisitos, caracter\u00edsticas y consecuencias legales, tanto desde el punto de vista de la legislaci\u00f3n chilena, como del derecho de Espa\u00f1a y Francia que ha inspirado a la nuestra. Dentro de este mismo contexto, se encuentra el estudio de los diferentes tipos de seguros, distinguiendo los de da\u00f1os y los de personas. Respecto de los primeros, adem\u00e1s de tratar las reglas generales que les son aplicables, encontramos el estudio detallado del derecho nacional y comparado, de los seguros contra incendio, de robo, hurto y otras sustracciones, de responsabilidad civil, de transporte terrestre, de p\u00e9rdida de beneficios, de cr\u00e9dito, de cauci\u00f3n y el contrato de reaseguro. Trat\u00e1ndose de los seguros de personas, junto con los conceptos b\u00e1sicos que contiene nuestra legislaci\u00f3n sobre esta materia, el texto aporta el desarrollo del seguro de vida y\u00a0de accidentes personales, en sus distintas modalidades y variantes, siempre en una visi\u00f3n comparativa con el derecho de otros Estados. Por \u00faltimo, en lo relativo a los seguros mar\u00edtimos, se analizan las innovaciones que introdujo la Ley N 20.667, de 2013, sobre esta materia. PRIMERA PARTE ASPECTOS GENERALES DEL SEGURO Y SU NORMATIVA DE DERECHO P\u00daBLICO ADMINISTRATIVO CAP\u00cdTULO I NOCIONES GENERALES SOBRE EL SEGURO Secci\u00f3n I. Evoluci\u00f3n hist\u00f3rica del seguro Secci\u00f3n II. Normas que integran el derecho del seguro CAP\u00cdTULO II DERECHO P\u00daBLICO ADMINISTRATIVO DE SEGUROS Secci\u00f3n I. El control del Estado sobre los seguros CAP\u00cdTULO III LA EMPRESA ASEGURADORA Y SUS AUXILIARES Secci\u00f3n I. La empresa aseguradora Secci\u00f3n II. Los auxiliares de la empresa aseguradora SEGUNDA PARTE DERECHO PRIVADO DE SEGUROS CAP\u00cdTULO I EL CONTRATO DE SEGURO Secci\u00f3n I.\u00a0Principios que informan el contrato de seguro Secci\u00f3n II. Definici\u00f3n del contrato de seguro y sus caracter\u00edsticas Secci\u00f3n III.\u00a0Clasificaci\u00f3n del seguro CAP\u00cdTULO II LOS ELEMENTOS DL CONTRATO DE SEGURO Secci\u00f3n I.\u00a0Elementos subjetivos del contrato de seguro Secci\u00f3n II. Elementos materiales del contrato de seguro P\u00e1rrafo I. El riesgo asegurado P\u00e1rrafo II. La prima del seguro P\u00e1rrafo III. La obligaci\u00f3n condicional del asegurador de indemnizar CAP\u00cdTULO\u00a0III LA CELEBRACI\u00d3N DEL CONTRATO DE SEGURO Secci\u00f3n I.\u00a0Perfeccionamiento del contrato de seguro Secci\u00f3n II. La p\u00f3liza de seguro y su contenido CAP\u00cdTULO\u00a0IV EFECTOS DEL CONTRATO DE SEGURO Secci\u00f3n I.\u00a0Obligaciones y cargas P\u00e1rrafo I.\u00a0Obligaciones y cargas de las partes al tiempo de celebrar el contrato P\u00e1rrafo II. Obligaciones o cargas durante la vigencia del seguro P\u00e1rrafo III. Obligaciones o cargas de las partes una vez ocurrido el siniestro Secci\u00f3n II. Las obligaciones y derechos de las partes del seguro en derecho comparado P\u00e1rrafo I. Los efectos del seguro en el marco del derecho espa\u00f1ol vigente P\u00e1rrafo II.\u00a0Obligaciones de las partes en el derecho franc\u00e9s de seguros Cap\u00edtulo V TERMINACION DEL CONTRATO DE SEGURO Secci\u00f3n I. Diversas causas de terminaci\u00f3n Secci\u00f3n II.\u00a0Situaci\u00f3n del contrato de seguro en caso d insolvencia Secci\u00f3n III. La terminaci\u00f3n del contrato de seguro en derecho comparado CAP\u00cdTULO VI SOLUCI\u00d3N DE CONFLICTOS Y PRESCRIPCI\u00d3N DE LAS ACCIONES CAP\u00cdTULO VII ASPECTOS GENERALES DE LOS SEGUROS DE DA\u00d1OS CAP\u00cdTULO VIII EL SINIESTRO, LA INDEMNIZACI\u00d3N Y LA SUBROGACI\u00d3N Secci\u00f3n I.\u00a0Nociones generales sobre el siniestro Secci\u00f3n II.\u00a0Liquidaci\u00f3n del siniestro Secci\u00f3n III. La indemnizaci\u00f3n Secci\u00f3n IV. Efectos del pago de la indemnizaci\u00f3n Secci\u00f3n V. Aspectos generales de los seguros de da\u00f1os en derecho comparado P\u00e1rrafo I. Reglas generales de los seguros de da\u00f1os en Espa\u00f1a P\u00e1rrafo II.\u00a0El siniestro, la liquidaci\u00f3n y la subrogaci\u00f3n en el seguro de da\u00f1os en el derecho espa\u00f1ol P\u00e1rrafo III. Reglas generales de seguros de los da\u00f1os en el derecho franc\u00e9s CAP\u00cdTULO IX EL SEGURO CONTRA INCENDIO Secci\u00f3n I.\u00a0Aspectos generales de este seguro en el derecho objetivo nacional Secci\u00f3n II. El seguro contra incendio en derecho comparado P\u00e1rrafo I. Derecho espa\u00f1ol del seguro de incendio P\u00e1rrafo II. El derecho franc\u00e9s de seguro de incendios CAP\u00cdTULO X LOS SEGUROS DE ROBO, HURTO Y OTRAS SUSTRACCIONES Secci\u00f3n I.\u00a0Las reglas del derecho nacional Secci\u00f3n II. Los seguros de robo, hurto y otras sustracciones en derecho comparado CAP\u00cdTULO XI EL SEGURO DE RESPONSABILIDAD CIVIL Secci\u00f3n I.\u00a0Derecho objetivo nacional sobre la materia Secci\u00f3n II.\u00a0Derecho comparado sobre seguro de responsabilidad civil P\u00e1rrafo I. Derecho espa\u00f1ol P\u00e1rrafo II. El seguro de responsabilidad en derecho franc\u00e9s CAP\u00cdTULO XII EL SEGURO DE TRANSPORTE TERRESTRE CAP\u00cdTULO XIII EL SEGURO DE P\u00c9RDIDA DE BENEFICIOS Secci\u00f3n I.\u00a0Aspectos generales Secci\u00f3n II. Definici\u00f3n legal y alcance de la cobertura Secci\u00f3n III. El seguro de p\u00e9rdida de beneficios en derecho comparado P\u00e1rrafo I. El seguro de lucro cesante en el derecho espa\u00f1ol CAP\u00cdTULO XIV EL SEGURO DE CR\u00c9DITO Secci\u00f3n I. Derecho objetivo nacional sobre la materia Secci\u00f3n II. El seguro de cr\u00e9dito en el derecho espa\u00f1ol CAP\u00cdTULO XV EL SEGURO DE CAUCI\u00d3N Secci\u00f3n I.\u00a0Derecho nacional de seguro de cauci\u00f3n Secci\u00f3n II. El seguro de cauci\u00f3n en derecho comparado CAP\u00cdTULO XVI EL CONTRATO DE REASEGURO Secci\u00f3n I.\u00a0Derecho objetivo nacional sobre el contrato de reaseguro P\u00e1rrafo I.\u00a0Aspectos generales del contrato de reaseguro P\u00e1rrafo II. El perfeccionamiento del contrato de reaseguro P\u00e1rrafo III. Los efectos del contrato de reaseguro P\u00e1rrafo IV. Otros aspectos del contrato de reaseguro Secci\u00f3n II.\u00a0Derecho comparado sobre el contrato de reaseguro CAP\u00cdTULO XVII LOS SEGUROS DE PERSONAS Secci\u00f3n I.\u00a0Aspectos generales Secci\u00f3n II. El seguro de vida P\u00e1rrafo I. Aspectos generales P\u00e1rrafo II. Obligaciones de las partes en el<\/p>\n","protected":false},"featured_media":2816,"comment_status":"open","ping_status":"closed","template":"","meta":{"inline_featured_image":false,"_joinchat":[]},"product_brand":[],"product_cat":[48,57],"product_tag":[],"class_list":{"0":"post-2769","1":"product","2":"type-product","3":"status-publish","4":"has-post-thumbnail","6":"product_cat-comercial","7":"product_cat-editorial-juridica-de-chile","8":"product_shipping_class-a-convenir","10":"first","11":"instock","12":"shipping-taxable","13":"purchasable","14":"product-type-simple"},"_links":{"self":[{"href":"https:\/\/bibliotecajuridicavirtual.cl\/index.php\/wp-json\/wp\/v2\/product\/2769","targetHints":{"allow":["GET"]}}],"collection":[{"href":"https:\/\/bibliotecajuridicavirtual.cl\/index.php\/wp-json\/wp\/v2\/product"}],"about":[{"href":"https:\/\/bibliotecajuridicavirtual.cl\/index.php\/wp-json\/wp\/v2\/types\/product"}],"replies":[{"embeddable":true,"href":"https:\/\/bibliotecajuridicavirtual.cl\/index.php\/wp-json\/wp\/v2\/comments?post=2769"}],"wp:featuredmedia":[{"embeddable":true,"href":"https:\/\/bibliotecajuridicavirtual.cl\/index.php\/wp-json\/wp\/v2\/media\/2816"}],"wp:attachment":[{"href":"https:\/\/bibliotecajuridicavirtual.cl\/index.php\/wp-json\/wp\/v2\/media?parent=2769"}],"wp:term":[{"taxonomy":"product_brand","embeddable":true,"href":"https:\/\/bibliotecajuridicavirtual.cl\/index.php\/wp-json\/wp\/v2\/product_brand?post=2769"},{"taxonomy":"product_cat","embeddable":true,"href":"https:\/\/bibliotecajuridicavirtual.cl\/index.php\/wp-json\/wp\/v2\/product_cat?post=2769"},{"taxonomy":"product_tag","embeddable":true,"href":"https:\/\/bibliotecajuridicavirtual.cl\/index.php\/wp-json\/wp\/v2\/product_tag?post=2769"}],"curies":[{"name":"wp","href":"https:\/\/api.w.org\/{rel}","templated":true}]}}