{"id":2771,"date":"2026-02-28T01:05:25","date_gmt":"2026-02-28T04:05:25","guid":{"rendered":"https:\/\/bibliotecajuridicavirtual.cl\/?post_type=product&#038;p=2771"},"modified":"2026-02-28T01:06:03","modified_gmt":"2026-02-28T04:06:03","slug":"derecho-comercial-tomo-vii-garantias-reales-y-personales-en-el-derecho-mercantil-nacional-y-comparado-ano-agosto-2017-468-pag-autor-ricardo-sandoval-lopez","status":"publish","type":"product","link":"https:\/\/bibliotecajuridicavirtual.cl\/index.php\/product\/derecho-comercial-tomo-vii-garantias-reales-y-personales-en-el-derecho-mercantil-nacional-y-comparado-ano-agosto-2017-468-pag-autor-ricardo-sandoval-lopez\/","title":{"rendered":"Derecho Comercial &#8211; Tomo VII &#8211; Garant\u00edas Reales y Personales en el derecho mercantil nacional y comparado. A\u00f1o Agosto 2017\/ 468 P\u00e1g. Autor   Ricardo Sandoval L\u00f3pez"},"content":{"rendered":"<p>El acceso al cr\u00e9dito comercial, en el contexto de la actividad econ\u00f3mica nacional e internacional, se facilita en la medida en que el deudor pueda ofrecer a su acreedor garant\u00edas reales o personales, para caucionar el cumplimiento de las obligaciones garantizadas.<\/p>\n<p>Esta obra contiene un estudio pormenorizado de las diversas garant\u00edas reguladas en el derecho nacional y comparado, donde han tenido lugar reformas para incorporar las concepciones modernas en la materia inspirada en el derecho angloamericano.<\/p>\n<p>Trat\u00e1ndose del derecho objetivo nacional, en el orden de las garant\u00edas reales, se analiza la reforma introducida por la Ley N\u00ba 20.170 de Mercado de Valores II, respecto de la prenda sin desplazamiento, que uniform\u00f3 la normativa en la materia, como asimismo la figura de la prenda warrants, que se mantiene en permanente aplicaci\u00f3n pr\u00e1ctica.<br \/>\nEn el \u00e1mbito del derecho comparado, la obra contiene el derecho actual de garant\u00edas mobiliarias en el sistema europeo continental, en particular de Espa\u00f1a, Francia y de los pa\u00edses iberoamericanos, con especial acento en la incorporaci\u00f3n del nuevo Libro IV del C\u00f3digo Civil franc\u00e9s, que modifica sustancialmente esta materia, inspirado en el art\u00edculo 9\u00ba del C\u00f3digo Uniforme de Comercio de los Estados Unidos de Norteam\u00e9rica, que tambi\u00e9n es objeto de estudio.<\/p>\n<p>El aporte del Derecho Comercial Internacional se concreta en la Ley Modelo Interamericana de Garant\u00edas Mobiliarias, elaborada por la OEA, cuyo contenido ha sido adoptado en la reforma del derecho de garant\u00edas de numerosos pa\u00edses de las Am\u00e9ricas, tales como M\u00e9xico, Guatemala, Costa Rica, Colombia, Per\u00fa y Chile. La convenci\u00f3n de las Naciones sobre Garant\u00edas Independientes y Cartas de Cr\u00e9dito Contingente y Ley Modelo de las Naciones Unidas sobre Garant\u00edas Mobiliarias de 2016, constituyen asimismo interesantes propuestas para los pa\u00edses que a\u00fan no han modificado el derecho en este dominio. Otra importante contribuci\u00f3n que contiene esta obra es el Convenio de Ciudad del Cabo de 2001, sobre Garant\u00edas Internacionales relativas a Elementos de Equipo M\u00f3vil y sus Protocolos Adicionales, elaborado por UNIDROIT, que se encuentra vigente en materia de elementos de equipos aeron\u00e1uticos.<br \/>\nPor \u00faltimo, en el plano de las garant\u00edas personales se aborda el an\u00e1lisis de la solidaridad cambiara, del aval cambiario y la factura cesible como nuevo t\u00edtulo valor.<\/p>\n<p><strong>CAP\u00cdTULO I<br \/>\n<\/strong><strong>LAS GARANT\u00cdAS EN GENERAL<\/strong><br \/>\n<strong><br \/>\nCAP\u00cdTULO II<\/strong><br \/>\n<strong>LAS PRENDAS SIN DESPLAZAMIENTO<br \/>\n<\/strong><br \/>\nSecci\u00f3n I. Aspectos generales<\/p>\n<p>Secci\u00f3n II. La celebraci\u00f3n del contrato y la constituci\u00f3n del derecho real de prenda<\/p>\n<p>Secci\u00f3n III. Las obligaciones que garantizan prenda sin desplazamiento<\/p>\n<p>Secci\u00f3n IV. Bienes que pueden constituirse en esta clase de prenda<br \/>\nP\u00e1rrafo I. Prenda sobre bienes corporales muebles<br \/>\nP\u00e1rrafo II. Prenda sobre cosas incorporales muebles<br \/>\nP\u00e1rrafo III. Otras situaciones sobre el objeto de esta prenda<\/p>\n<p>Secci\u00f3n V. Los efectos del contrato de prenda sin desplazamiento<br \/>\nP\u00e1rrafo I. Los efectos respecto del acreedor prendario<br \/>\nP\u00e1rrafo II. Las obligaciones del acreedor prendario<br \/>\nP\u00e1rrafo III. Efectos respecto del constituyente de la prenda sin desplazamiento<br \/>\nP\u00e1rrafo IV. Otros efectos de la prenda sin desplazamiento<\/p>\n<p>Secci\u00f3n VI. La extinci\u00f3n de la prenda sin desplazamiento<\/p>\n<p>Secci\u00f3n VII. Delitos y penas relativas a la prenda sin desplazamiento<\/p>\n<p><strong>CAP\u00cdTULO III<br \/>\n<\/strong><strong>LA PRENDA WARRANTS<\/strong><\/p>\n<p>Secci\u00f3n I. Aspectos generales<\/p>\n<p>Secci\u00f3n II. An\u00e1lisis particular de la prenda warrants<br \/>\nP\u00e1rrafo I. Nociones generales<br \/>\nP\u00e1rrafo II. Efectos de la prenda warrants<br \/>\nP\u00e1rrafo III. Aspectos econ\u00f3micos y pr\u00e1cticos de la prenda warrants<\/p>\n<p><strong>CAP\u00cdTULO IV<br \/>\n<\/strong><strong>LA PRENDA CAMBIARIA<\/strong><\/p>\n<p>Secci\u00f3n I. La existencia de la prenda cambiaria<\/p>\n<p>Secci\u00f3n II. Efectos de la prenda cambiaria<\/p>\n<p><strong>CAP\u00cdTULO V<\/strong><br \/>\n<strong>LAS GARANT\u00cdAS REALES EN EL DERECHO ESPA\u00d1OL<\/strong><\/p>\n<p>Secci\u00f3n I. Aspectos generales<\/p>\n<p>Secci\u00f3n II. Algunas clases de prenda en la normativa espa\u00f1ola<\/p>\n<p><strong>CAP\u00cdTULO VI<br \/>\n<\/strong><strong>LAS GARANT\u00cdAS MOBILIARIAS EN EL DERECHO FRANC\u00c9S<\/strong><\/p>\n<p>Secci\u00f3n I. La reforma del derecho de las garant\u00edas mobiliarias<\/p>\n<p>Secci\u00f3n II. Algunas de las garant\u00edas reales mobiliarias en el derecho franc\u00e9s<\/p>\n<p><strong>CAP\u00cdTULO VII<br \/>\nLAS GARANT\u00cdAS MOBILIARIAS EN EL DERECHO IBEROAMERICANO<\/strong><\/p>\n<p>Secci\u00f3n I. El derecho colombiano de garant\u00edas<\/p>\n<p>Secci\u00f3n II. El derecho mexicano de garant\u00edas mobiliarias<\/p>\n<p><strong>CAP\u00cdTULOS VIII<br \/>\n<\/strong><strong>LAS GARANT\u00cdAS MOBILIARIAS EN ESTADOS UNIDOS<br \/>\n<\/strong><br \/>\nSecci\u00f3n \u00fanica. Aspectos generales de la estructura del sistema de garant\u00edas<\/p>\n<p><strong>CAP\u00cdTULO IX<br \/>\n<\/strong><strong>LA LEY MODELO INTERAMERICANA SOBRE GARANT\u00cdAS MOBILIARIAS<br \/>\n<\/strong><br \/>\nSecci\u00f3n I. Aspectos generales de la Ley Modelo Interamericana<\/p>\n<p>Secci\u00f3n II. Elementos esenciales de la Ley Modelo<\/p>\n<p><strong>CAP\u00cdTULO X<br \/>\n<\/strong><strong>LA CONVENCI\u00d3N SOBRE GARANT\u00cdAS INDEPENDIENTES Y CARTAS DE CR\u00c9DITO CONTINGENTES<br \/>\n<\/strong><br \/>\nSecci\u00f3n I. Aspectos generales de la convenci\u00f3n<\/p>\n<p>Secci\u00f3n II. An\u00e1lisis de la Convenci\u00f3n<\/p>\n<p><strong>CAP\u00cdTULO XI<br \/>\n<\/strong><strong>LA LEY MODELO DE NACIONES UNIDAS SOBRE GARANT\u00cdAS MOBILIARIAS<br \/>\n<\/strong><br \/>\nSecci\u00f3n I. Aspectos generales de la Ley Modelo<\/p>\n<p>Secci\u00f3n II. La constituci\u00f3n de una garant\u00eda mobiliaria en la Ley Modelo<\/p>\n<p>Secci\u00f3n III. Oponibilidad de la garant\u00eda mobiliaria frente a terceros<\/p>\n<p>Secci\u00f3n IV. El sistema registral<br \/>\nP\u00e1rrafo I. Normas generales<br \/>\nP\u00e1rrafo II. La prelaci\u00f3n de las garant\u00edas mobiliarias<\/p>\n<p>Secci\u00f3n V. Efectos de las garant\u00edas mobiliarias<br \/>\nP\u00e1rrafo I. Derechos y obligaciones rec\u00edprocas de las partes en un acuerdo de garant\u00eda<br \/>\nP\u00e1rrafo II. Derechos y obligaciones de los terceros obligados<\/p>\n<p>Secci\u00f3n VI. Ejecuci\u00f3n de una garant\u00eda mobiliaria<\/p>\n<p>Secci\u00f3n VII. Conflictos de leyes<\/p>\n<p><strong>CAP\u00cdTULO XII<\/strong><br \/>\n<strong>EL CONVENIO DE UNIDROIT RELATIVO A GARANT\u00cdAS INTERNACIONALES SOBRE ELEMENTOS DE EQUIPO M\u00d3VIL<\/strong><\/p>\n<p>Secci\u00f3n I. Aspectos generales del Convenio<\/p>\n<p>Secci\u00f3n I. Constituci\u00f3n de las garant\u00edas internacionales<\/p>\n<p>Secci\u00f3n III. Medidas ante el incumplimiento de las obligaciones<\/p>\n<p>Secci\u00f3n IV. Efectos de las garant\u00edas internacionales respecto de terceros<\/p>\n<p>Secci\u00f3n V. Cesi\u00f3n de derechos accesorios y derechos de subrogaci\u00f3n<\/p>\n<p>Secci\u00f3n VI. Jurisdicci\u00f3n<\/p>\n<p>Secci\u00f3n VII. Disposiciones finales<\/p>\n<p><strong>CAP\u00cdTULO XIII<\/strong><br \/>\n<strong>LA SOLIDARIDAD CAMBIARIA<\/strong><\/p>\n<p>Secci\u00f3n I. Diversos cr\u00e9ditos cambiarios<\/p>\n<p>Secci\u00f3n II. Aspectos generales de la solidaridad cambiaria<\/p>\n<p>Secci\u00f3n III. Requisitos para hacer efectiva la solidaridad cambiaria<\/p>\n<p><strong>CAP\u00cdTULO XIV<\/strong><br \/>\n<strong>EL AVAL CAMBIARIO<br \/>\n<\/strong><br \/>\nSecci\u00f3n I. Aspectos generales del aval cambiario<\/p>\n<p>Secci\u00f3n II. Formalidades y caracter\u00edsticas del aval<\/p>\n<p>Secci\u00f3n III. Los sujetos del aval<\/p>\n<p>Secci\u00f3n IV. El aval en documento separado<\/p>\n<p>Secci\u00f3n V. Los efectos del aval cambiario<\/p>\n<p><strong>CAP\u00cdTULO V<\/strong><br \/>\n<strong>LA FACTURA COMO INSTRUMENTO DE CR\u00c9DITO<\/strong><\/p>\n<p>Secci\u00f3n I. La factura como t\u00edtulo-valor<\/p>\n<p>Secci\u00f3n II. La emisi\u00f3n de la factura<\/p>\n<p>Secci\u00f3n III. La transferencia de la factura<\/p>\n<p><strong>ANEXOS<br \/>\n<\/strong><br \/>\n<strong>Anexo N\u00ba 1<\/strong>: Ley N\u00ba 20.190. Introduce adecuaciones tributarias e institucionales para el fomento de la industria de capital de riesgo y contin\u00faa el proceso de modernizaci\u00f3n del mercado de capitales<\/p>\n<p><strong>Anexo N\u00ba 2<\/strong>: Decreto 122. Aprueba reglamento del registro de prendas sin desplazamiento<\/p>\n<p><strong>Anexo N\u00ba 3<\/strong>: Ley modelo de la CNUDMI sobre garant\u00edas mobiliarias<\/p>\n<p><strong>Anexo N\u00ba 4<\/strong>: Convenci\u00f3n de las naciones unidas sobre garant\u00edas independientes y cartas de cr\u00e9dito contingente<\/p>\n<p><strong>Anexo N\u00ba 5<\/strong>: Convenio. Relativo a garant\u00edas internacionales sobre elementos de equipo m\u00f3vil<\/p>\n<p><strong>Anexo N\u00ba 6<\/strong>: Protocolo. Sobre cuestiones espec\u00edficas de los elementos de equipo aeron\u00e1utico, del convenio relativo a garant\u00edas internacionales sobre elementos de equipo m\u00f3vil<\/p>\n","protected":false},"excerpt":{"rendered":"<p>El acceso al cr\u00e9dito comercial, en el contexto de la actividad econ\u00f3mica nacional e internacional, se facilita en la medida en que el deudor pueda ofrecer a su acreedor garant\u00edas reales o personales, para caucionar el cumplimiento de las obligaciones garantizadas. Esta obra contiene un estudio pormenorizado de las diversas garant\u00edas reguladas en el derecho nacional y comparado, donde han tenido lugar reformas para incorporar las concepciones modernas en la materia inspirada en el derecho angloamericano. Trat\u00e1ndose del derecho objetivo nacional, en el orden de las garant\u00edas reales, se analiza la reforma introducida por la Ley N\u00ba 20.170 de Mercado de Valores II, respecto de la prenda sin desplazamiento, que uniform\u00f3 la normativa en la materia, como asimismo la figura de la prenda warrants, que se mantiene en permanente aplicaci\u00f3n pr\u00e1ctica. En el \u00e1mbito del derecho comparado, la obra contiene el derecho actual de garant\u00edas mobiliarias en el sistema europeo continental, en particular de Espa\u00f1a, Francia y de los pa\u00edses iberoamericanos, con especial acento en la incorporaci\u00f3n del nuevo Libro IV del C\u00f3digo Civil franc\u00e9s, que modifica sustancialmente esta materia, inspirado en el art\u00edculo 9\u00ba del C\u00f3digo Uniforme de Comercio de los Estados Unidos de Norteam\u00e9rica, que tambi\u00e9n es objeto de estudio. El aporte del Derecho Comercial Internacional se concreta en la Ley Modelo Interamericana de Garant\u00edas Mobiliarias, elaborada por la OEA, cuyo contenido ha sido adoptado en la reforma del derecho de garant\u00edas de numerosos pa\u00edses de las Am\u00e9ricas, tales como M\u00e9xico, Guatemala, Costa Rica, Colombia, Per\u00fa y Chile. La convenci\u00f3n de las Naciones sobre Garant\u00edas Independientes y Cartas de Cr\u00e9dito Contingente y Ley Modelo de las Naciones Unidas sobre Garant\u00edas Mobiliarias de 2016, constituyen asimismo interesantes propuestas para los pa\u00edses que a\u00fan no han modificado el derecho en este dominio. Otra importante contribuci\u00f3n que contiene esta obra es el Convenio de Ciudad del Cabo de 2001, sobre Garant\u00edas Internacionales relativas a Elementos de Equipo M\u00f3vil y sus Protocolos Adicionales, elaborado por UNIDROIT, que se encuentra vigente en materia de elementos de equipos aeron\u00e1uticos. Por \u00faltimo, en el plano de las garant\u00edas personales se aborda el an\u00e1lisis de la solidaridad cambiara, del aval cambiario y la factura cesible como nuevo t\u00edtulo valor. CAP\u00cdTULO I LAS GARANT\u00cdAS EN GENERAL CAP\u00cdTULO II LAS PRENDAS SIN DESPLAZAMIENTO Secci\u00f3n I. Aspectos generales Secci\u00f3n II. La celebraci\u00f3n del contrato y la constituci\u00f3n del derecho real de prenda Secci\u00f3n III. Las obligaciones que garantizan prenda sin desplazamiento Secci\u00f3n IV. Bienes que pueden constituirse en esta clase de prenda P\u00e1rrafo I. Prenda sobre bienes corporales muebles P\u00e1rrafo II. Prenda sobre cosas incorporales muebles P\u00e1rrafo III. Otras situaciones sobre el objeto de esta prenda Secci\u00f3n V. Los efectos del contrato de prenda sin desplazamiento P\u00e1rrafo I. Los efectos respecto del acreedor prendario P\u00e1rrafo II. Las obligaciones del acreedor prendario P\u00e1rrafo III. Efectos respecto del constituyente de la prenda sin desplazamiento P\u00e1rrafo IV. Otros efectos de la prenda sin desplazamiento Secci\u00f3n VI. La extinci\u00f3n de la prenda sin desplazamiento Secci\u00f3n VII. Delitos y penas relativas a la prenda sin desplazamiento CAP\u00cdTULO III LA PRENDA WARRANTS Secci\u00f3n I. Aspectos generales Secci\u00f3n II. An\u00e1lisis particular de la prenda warrants P\u00e1rrafo I. Nociones generales P\u00e1rrafo II. Efectos de la prenda warrants P\u00e1rrafo III. Aspectos econ\u00f3micos y pr\u00e1cticos de la prenda warrants CAP\u00cdTULO IV LA PRENDA CAMBIARIA Secci\u00f3n I. La existencia de la prenda cambiaria Secci\u00f3n II. Efectos de la prenda cambiaria CAP\u00cdTULO V LAS GARANT\u00cdAS REALES EN EL DERECHO ESPA\u00d1OL Secci\u00f3n I. Aspectos generales Secci\u00f3n II. Algunas clases de prenda en la normativa espa\u00f1ola CAP\u00cdTULO VI LAS GARANT\u00cdAS MOBILIARIAS EN EL DERECHO FRANC\u00c9S Secci\u00f3n I. La reforma del derecho de las garant\u00edas mobiliarias Secci\u00f3n II. Algunas de las garant\u00edas reales mobiliarias en el derecho franc\u00e9s CAP\u00cdTULO VII LAS GARANT\u00cdAS MOBILIARIAS EN EL DERECHO IBEROAMERICANO Secci\u00f3n I. El derecho colombiano de garant\u00edas Secci\u00f3n II. El derecho mexicano de garant\u00edas mobiliarias CAP\u00cdTULOS VIII LAS GARANT\u00cdAS MOBILIARIAS EN ESTADOS UNIDOS Secci\u00f3n \u00fanica. Aspectos generales de la estructura del sistema de garant\u00edas CAP\u00cdTULO IX LA LEY MODELO INTERAMERICANA SOBRE GARANT\u00cdAS MOBILIARIAS Secci\u00f3n I. Aspectos generales de la Ley Modelo Interamericana Secci\u00f3n II. Elementos esenciales de la Ley Modelo CAP\u00cdTULO X LA CONVENCI\u00d3N SOBRE GARANT\u00cdAS INDEPENDIENTES Y CARTAS DE CR\u00c9DITO CONTINGENTES Secci\u00f3n I. Aspectos generales de la convenci\u00f3n Secci\u00f3n II. An\u00e1lisis de la Convenci\u00f3n CAP\u00cdTULO XI LA LEY MODELO DE NACIONES UNIDAS SOBRE GARANT\u00cdAS MOBILIARIAS Secci\u00f3n I. Aspectos generales de la Ley Modelo Secci\u00f3n II. La constituci\u00f3n de una garant\u00eda mobiliaria en la Ley Modelo Secci\u00f3n III. Oponibilidad de la garant\u00eda mobiliaria frente a terceros Secci\u00f3n IV. El sistema registral P\u00e1rrafo I. Normas generales P\u00e1rrafo II. La prelaci\u00f3n de las garant\u00edas mobiliarias Secci\u00f3n V. Efectos de las garant\u00edas mobiliarias P\u00e1rrafo I. Derechos y obligaciones rec\u00edprocas de las partes en un acuerdo de garant\u00eda P\u00e1rrafo II. Derechos y obligaciones de los terceros obligados Secci\u00f3n VI. Ejecuci\u00f3n de una garant\u00eda mobiliaria Secci\u00f3n VII. Conflictos de leyes CAP\u00cdTULO XII EL CONVENIO DE UNIDROIT RELATIVO A GARANT\u00cdAS INTERNACIONALES SOBRE ELEMENTOS DE EQUIPO M\u00d3VIL Secci\u00f3n I. Aspectos generales del Convenio Secci\u00f3n I. Constituci\u00f3n de las garant\u00edas internacionales Secci\u00f3n III. Medidas ante el incumplimiento de las obligaciones Secci\u00f3n IV. Efectos de las garant\u00edas internacionales respecto de terceros Secci\u00f3n V. Cesi\u00f3n de derechos accesorios y derechos de subrogaci\u00f3n Secci\u00f3n VI. Jurisdicci\u00f3n Secci\u00f3n VII. Disposiciones finales CAP\u00cdTULO XIII LA SOLIDARIDAD CAMBIARIA Secci\u00f3n I. Diversos cr\u00e9ditos cambiarios Secci\u00f3n II. Aspectos generales de la solidaridad cambiaria Secci\u00f3n III. Requisitos para hacer efectiva la solidaridad cambiaria CAP\u00cdTULO XIV EL AVAL CAMBIARIO Secci\u00f3n I. Aspectos generales del aval cambiario Secci\u00f3n II. Formalidades y caracter\u00edsticas del aval Secci\u00f3n III. Los sujetos del aval Secci\u00f3n IV. El aval en documento separado Secci\u00f3n V. Los efectos del aval cambiario CAP\u00cdTULO V LA FACTURA COMO INSTRUMENTO DE CR\u00c9DITO Secci\u00f3n I. La factura como t\u00edtulo-valor Secci\u00f3n II. La emisi\u00f3n de la factura Secci\u00f3n III. La transferencia de la factura ANEXOS Anexo N\u00ba 1: Ley N\u00ba 20.190. Introduce adecuaciones tributarias e institucionales para el fomento de la industria de capital de riesgo y contin\u00faa el proceso de modernizaci\u00f3n del mercado de capitales Anexo<\/p>\n","protected":false},"featured_media":2818,"comment_status":"open","ping_status":"closed","template":"","meta":{"inline_featured_image":false,"_joinchat":[]},"product_brand":[],"product_cat":[48,57],"product_tag":[],"class_list":{"0":"post-2771","1":"product","2":"type-product","3":"status-publish","4":"has-post-thumbnail","6":"product_cat-comercial","7":"product_cat-editorial-juridica-de-chile","8":"product_shipping_class-a-convenir","10":"first","11":"instock","12":"shipping-taxable","13":"purchasable","14":"product-type-simple"},"_links":{"self":[{"href":"https:\/\/bibliotecajuridicavirtual.cl\/index.php\/wp-json\/wp\/v2\/product\/2771","targetHints":{"allow":["GET"]}}],"collection":[{"href":"https:\/\/bibliotecajuridicavirtual.cl\/index.php\/wp-json\/wp\/v2\/product"}],"about":[{"href":"https:\/\/bibliotecajuridicavirtual.cl\/index.php\/wp-json\/wp\/v2\/types\/product"}],"replies":[{"embeddable":true,"href":"https:\/\/bibliotecajuridicavirtual.cl\/index.php\/wp-json\/wp\/v2\/comments?post=2771"}],"wp:featuredmedia":[{"embeddable":true,"href":"https:\/\/bibliotecajuridicavirtual.cl\/index.php\/wp-json\/wp\/v2\/media\/2818"}],"wp:attachment":[{"href":"https:\/\/bibliotecajuridicavirtual.cl\/index.php\/wp-json\/wp\/v2\/media?parent=2771"}],"wp:term":[{"taxonomy":"product_brand","embeddable":true,"href":"https:\/\/bibliotecajuridicavirtual.cl\/index.php\/wp-json\/wp\/v2\/product_brand?post=2771"},{"taxonomy":"product_cat","embeddable":true,"href":"https:\/\/bibliotecajuridicavirtual.cl\/index.php\/wp-json\/wp\/v2\/product_cat?post=2771"},{"taxonomy":"product_tag","embeddable":true,"href":"https:\/\/bibliotecajuridicavirtual.cl\/index.php\/wp-json\/wp\/v2\/product_tag?post=2771"}],"curies":[{"name":"wp","href":"https:\/\/api.w.org\/{rel}","templated":true}]}}