{"id":2791,"date":"2026-02-28T01:05:46","date_gmt":"2026-02-28T04:05:46","guid":{"rendered":"https:\/\/bibliotecajuridicavirtual.cl\/?post_type=product&#038;p=2791"},"modified":"2026-02-28T01:06:07","modified_gmt":"2026-02-28T04:06:07","slug":"derecho-comercial-tomo-viii-derecho-del-turismo-ano-mayo-2018-447-pag-autor-ricardo-sandoval-lopez","status":"publish","type":"product","link":"https:\/\/bibliotecajuridicavirtual.cl\/index.php\/product\/derecho-comercial-tomo-viii-derecho-del-turismo-ano-mayo-2018-447-pag-autor-ricardo-sandoval-lopez\/","title":{"rendered":"Derecho Comercial &#8211; Tomo VIII- Derecho del Turismo. A\u00f1o Mayo 2018\/ 447 P\u00e1g. Autor  Ricardo Sandoval L\u00f3pez"},"content":{"rendered":"<p>El turismo es una actividad que hoy en d\u00eda tiene particular relevancia para la econom\u00eda nacional, solo si se tiene en cuenta que el reciente a\u00f1o 2017, visitaron nuestro pa\u00eds m\u00e1s se seis millones de turistas, con el consecuente beneficio para quienes participan en este rubro y la comunidad toda.<\/p>\n<p>Por tratarse de una actividad mercantil, en las que intervienen las agencias de viajes, los hoteles, los restaurantes, los transportistas, etc., era necesario investigar y analizar su contenido en el contexto del derecho nacional y comparado.<\/p>\n<p>El autor de esta obra destaca que se trata de un derecho nuevo, sobre cuya existencia no cabe duda alguna, aunque su autonom\u00eda est\u00e1 todav\u00eda en discusi\u00f3n en la doctrina, que comprende tanto un sector de derecho p\u00fablico-administrativo como \u00e1rea de derecho privado comercial.<\/p>\n<p>En consecuencia el texto se presenta dividido en dos partes. La primera dedicada al an\u00e1lisis del turismo en general y la normativa p\u00fablica-administrativa vigente, donde encontramos los conceptos b\u00e1sicos sobre el turismo, sus caracter\u00edsticas y los diversos tipos de esta actividad. Asimismo, esta primera parte comprende el estudio de los \u00f3rganos p\u00fablicos que intervienen en esta actividad, servicio nacional de turismo (SERNATUR), ministerio de econom\u00eda, fomento y turismo, la subsecretar\u00eda de esta misma cartera, y el an\u00e1lisis de la ley N\u00b0 20.423 de 12 de febrero de 2010, que establece el sistema institucional para el desarrollo del turismo, los \u00f3rganos creados al efecto, sus facultades y la pol\u00edtica nacional de turismo<\/p>\n<p>La segunda parte concierne al an\u00e1lisis del turismo desde la perspectiva del derecho privado comercial, especialmente los principales contratos tur\u00edsticos, los que celebran los prestadores de servicios tur\u00edsticos con los turistas o usuarios y los que convienen los operadores de turismo entre s\u00ed. Destaca el estudio pormenorizado de los contratos de viaje combinado, de alojamiento hotelero y extrahotelero, los de aprovechamiento por turnos de bienes de uso tur\u00edstico o tiempo compartido y los de reserva de plazas de alojamiento en r\u00e9gimen de cupo o contingente, los de gesti\u00f3n hotelera y de condhotel.<\/p>\n<p>Por \u00faltimo, esta obra comporta un significativo aporte a la literatura jur\u00eddica y la doctrina, toda vez que no existe ahora, en nuestro medio, otros textos que traten sistem\u00e1ticamente esta materia.<\/p>\n<p><strong>PRIMERA PARTE<br \/>\nASPECTOS GENERALES DEL TURISMO Y SU REGULACI\u00d3N P\u00daBLICA ADMINISTRATIVA<\/p>\n<p>CAP\u00cdTULO I<br \/>\nNOCIONES GENERALES SOBRE TURISMO<\/p>\n<p>secci\u00f3n I. concepto de turismo<\/p>\n<p><\/strong>3. La idea de turismo y caracter\u00edsticas<br \/>\n4. Elementos integrantes de la idea de turismo<br \/>\n5. Rasgos singulares del turismo<br \/>\n6. Definici\u00f3n legal del turismo<br \/>\n7. El turismo como objeto del derecho<br \/>\n8. Etapas del desarrollo tur\u00edstico contempor\u00e1neo<br \/>\n9. Diferentes modalidades de turismo<br \/>\n10. Turismo de placer<br \/>\n11. Turismo de descanso o de salud<br \/>\n12. Turismo con fines profesionales y t\u00e9cnicos<br \/>\n13. Turismo cultural<br \/>\n14. Turismo deportivo<br \/>\n15. Turismo de convicciones y congresos<br \/>\n16. Turismo de aventura<br \/>\n17. Turismo religioso<br \/>\n18. Turismo gastron\u00f3mico<br \/>\n19. Turismo social<br \/>\n20. Etnoturismo<br \/>\n21. Ecoturismo<br \/>\n22. Importancia econ\u00f3mica de la actividad tur\u00edstica y su desarrollo en Chile<\/p>\n<p><strong>CAP\u00cdTULO II<br \/>\nEL SERVICIO NACIONAL DE TURISMO<\/p>\n<p><\/strong>23.Antecedentes<\/p>\n<p><strong>secci\u00f3n I. Naturaleza jur\u00eddica y atribulaciones<\/p>\n<p><\/strong>24. Naturaleza jur\u00eddica<br \/>\n25. Objetivos<br \/>\n26. Atribuciones conferidas al SERNATUR<\/p>\n<p><strong>Secci\u00f3n II. Estructura org\u00e1nica del SERNATUR<\/p>\n<p><\/strong>27. La direcci\u00f3n nacional<br \/>\n28. Las direcciones regionales<\/p>\n<p><strong>CAP\u00cdTULO III<br \/>\nSISTEMA INSTITUCIONAL PARA EL DESARROLLO DEL TURISMO<\/p>\n<p>Secci\u00f3n I. aspectos generales<\/p>\n<p><\/strong>29. Normativa aplicable<br \/>\n30. Definiciones previstas en la ley de la materia<br \/>\n31. Atractivos tur\u00edsticos<br \/>\n32. \u00c1rea tur\u00edstica<br \/>\n33. Patrimonio tur\u00edstico<br \/>\n34. Clasificaci\u00f3n<br \/>\n35. Clasificaci\u00f3n<br \/>\n36. Certificaci\u00f3n<br \/>\n37. Servicios de alojamiento tur\u00edstico<\/p>\n<p><strong>Secci\u00f3n II. Pol\u00edtica nacional de turismo<\/p>\n<p><\/strong>38. Prop\u00f3sito de esta pol\u00edtica<\/p>\n<p><strong>p\u00e1rrafo I. organismo de la pol\u00edtica nacional de turismo<\/p>\n<p><\/strong>39. Comit\u00e9 de ministro del turismo<br \/>\n40. Composici\u00f3n y atribuciones legales del comit\u00e9<br \/>\n41. Reuniones y acuerdos del comit\u00e9<br \/>\n42. Atribuciones del ministro de econom\u00eda en materia de turismo<\/p>\n<p><strong>p\u00e1rrafo II. La subsecretar\u00eda de turismo<\/p>\n<p><\/strong>43. Naturaleza jur\u00eddica<br \/>\n44. Atribuciones del subsecretario de turismo<\/p>\n<p><strong>p\u00e1rrafo III. Las zonas de inter\u00e9s tur\u00edstico<\/p>\n<p><\/strong>45. Declaraci\u00f3n de zonas de inter\u00e9s tur\u00edstico<\/p>\n<p><strong>p\u00e1rrafo IV. Pol\u00edtica nacional de promoci\u00f3n del turismo<\/p>\n<p><\/strong>46. Labor del estado en esta materia<br \/>\n47. Consejo consultivo de promoci\u00f3n tur\u00edstica<br \/>\n48. Atribuciones, facultades y deberes del consejo<\/p>\n<p><strong>p\u00e1rrafo V. sistema de clasificaci\u00f3n, calidad y seguridad de los prestadores de servicios tur\u00edsticos<\/p>\n<p><\/strong>49. En que consiste el sistema<br \/>\n50. La certificaci\u00f3n de calidad<br \/>\n51. El sello de calidad tur\u00edstico<\/p>\n<p><strong>p\u00e1rrafo VI. Los derechos y obligaciones de los prestadores de servicios tur\u00edsticos<\/p>\n<p><\/strong>52. Los derechos de los prestadores de servicios tur\u00edsticos<br \/>\n53. Las obligaciones que pesan sobre los prestadores de servicios tur\u00edsticos<\/p>\n<p><strong>p\u00e1rrafo VII. Fiscalizaci\u00f3n, infracciones y sanciones<\/p>\n<p><\/strong>54. Fiscalizaci\u00f3n<br \/>\n55. Impugnaci\u00f3n de las resoluciones del SERNATUR<br \/>\n56. La protecci\u00f3n al turista. Infracciones y sanciones<\/p>\n<p><strong>p\u00e1rrafo VIII. Prestadores de servicios tur\u00edsticos<\/p>\n<p>CAP\u00cdTULO IV<br \/>\nORGANIZMO INTERNACIONALES DE TURISMO<\/p>\n<p>Secci\u00f3n I. La organizaci\u00f3n mundial del turismo (OTM\/UNWTO)<\/p>\n<p><\/strong>58. Antecedentes hist\u00f3ricos<br \/>\n59. Naturaleza jur\u00eddica<br \/>\n60. Objetivo y misi\u00f3n de la OTM<br \/>\n61. Actividades de la OTM posteriores a su creaci\u00f3n<br \/>\n62. Composici\u00f3n y estructura org\u00e1nica de la OTM<br \/>\n63. Asamblea general de la OTM<br \/>\n64. Atribuciones de la asamblea general de la OTM<br \/>\n65. \u00d3rganos subsidiarios<br \/>\n66. Consejo ejecutivo de la OTM<br \/>\n67. Secretaria de la OTM<\/p>\n<p><strong>Secci\u00f3n II. La asociaci\u00f3n internacional de transporte a\u00e9reo (IATA)<\/p>\n<p><\/strong>68. Origen<br \/>\n69. Misi\u00f3n de la IATA<br \/>\n70. Principales tareas de la IATA<\/p>\n<p><strong>SEGUNDA PARTE<br \/>\nDERECHO PRIVADO DEL TURISMO<\/strong><\/p>\n<p><strong><br \/>\nCAP\u00cdTULO I<br \/>\nDERECHO DEL TURISMO<\/p>\n<p><\/strong>71. Introducci\u00f3n<br \/>\n72. Discusi\u00f3n doctrinaria sobre la autonom\u00eda del derecho del turismo<br \/>\n73. Definiciones doctrinarias del derecho del turismo<br \/>\n74. Principios orientadores del derecho del turismo<br \/>\n75. Principio de la accesibilidad<br \/>\n76. Principio relativo a la informaci\u00f3n<br \/>\n77. Principio de libertad de tr\u00e1nsito<br \/>\n78. Principio de la inmediatez<br \/>\n79. Principio pro-turista<br \/>\n78. Principio de libre prestaci\u00f3n de servicios tur\u00edsticos<br \/>\n81. Principio de protesta por equipaje<br \/>\n82. Principio de receptibilidad<br \/>\n83. Elementos caracter\u00edsticos del derecho del turismo<br \/>\n84. Fuentes del derecho del turismo<br \/>\n85. Contenido dual del derecho del turismo<br \/>\n86. \u00c1mbito de aplicaci\u00f3n material del derecho del turismo<br \/>\n87. Relaci\u00f3n del derecho del turismo con el derecho del consumidor<\/p>\n<p><strong>CAP\u00cdTULO II<br \/>\nLA CONTRATACI\u00d3N TUR\u00cdSTICA<\/p>\n<p><\/strong>88. Introducci\u00f3n<\/p>\n<p><strong>secci\u00f3n I. aspectos generales de los contratos tur\u00edsticos<\/p>\n<p><\/strong>89. Noci\u00f3n de contratos tur\u00edsticos<br \/>\n90. Caracteres particulares de los contratos tur\u00edsticos<br \/>\n91. Clasificaci\u00f3n de los contratos tur\u00edsticos<\/p>\n<p><strong>Secci\u00f3n II. Elementos subjetivos de los contratos tur\u00edsticos<\/p>\n<p><\/strong>92. Las partes contratantes<br \/>\n93. Los turistas usuarios de los servicios<\/p>\n<p><strong>secci\u00f3n III. Protecci\u00f3n jur\u00eddica del turista como contratante<\/p>\n<p><\/strong>94. Carencia de un estatuto jur\u00eddico<\/p>\n<p><strong>secci\u00f3n IV. Diversos contratos tur\u00edsticos y sus categor\u00edas<\/p>\n<p><\/strong>95. Enumeraci\u00f3n<br \/>\n96. Contratos tur\u00edsticos interempresariales<br \/>\n97. Contratos tur\u00edstico electr\u00f3nicos<br \/>\n98. Los contratos tur\u00edsticos con consumidores<\/p>\n<p><strong>CAP\u00cdTULO III<br \/>\nCONTRATOS DE VIAJE COMBINADO<\/p>\n<p><\/strong>99. Ideas generales<br \/>\n100. Concepto de contrato de viaje combinado<br \/>\n101. Definiciones doctrinarias de viaje combinado<br \/>\n102. Elementos materiales constitutivos del viaje combinado<br \/>\n103. Combinaci\u00f3n previa de elementos materiales a cargo del organizador<br \/>\n104. Pluralidad de servicios tur\u00edsticos<br \/>\n105. Duraci\u00f3n m\u00ednima<br \/>\n106. Precio global<br \/>\n107. Naturaleza jur\u00eddica del viaje combinado<br \/>\n108. Los elementos subjetivos del viaje combinado<br \/>\n109. La celebraci\u00f3n del contrato de viaje combinado<br \/>\n110. Contenido del contrato<br \/>\n111. Modificaci\u00f3n del contrato anterior a la realizaci\u00f3n del viaje<br \/>\n112. Efectos del contrato de viaje combinado<br \/>\n113. Obligaciones del organizador<br \/>\n114. Obligaciones del turista usuario<br \/>\n115. La cancelaci\u00f3n del viaje combinado<br \/>\n116. El incumplimiento del contrato de viaje combinado y la responsabilidad que trae aparejada<br \/>\n117. Cese de la responsabilidad por los da\u00f1os causados al turista<br \/>\n118. Fianza para responder y limitaci\u00f3n de la cuant\u00eda de la indemnizaci\u00f3n<br \/>\n119. Terminaci\u00f3n del contrato de viaje combinado<\/p>\n<p><strong>CAP\u00cdTULO IV<br \/>\nCONTRATO DE ALOJAMIENTO TUR\u00cdSTICO<\/p>\n<p>Secci\u00f3n I. aspectos generales<\/p>\n<p><\/strong>120. Falta de regulaci\u00f3n especial sobre el contrato de alojamiento tur\u00edstico<br \/>\n121. Concepto de contrato de alojamiento tur\u00edstico<br \/>\n122. Rasgos definitorios del alojamiento tur\u00edstico<br \/>\n123. Normas sobre establecimientos de alojamiento tur\u00edstico<br \/>\n124. Definiciones de t\u00e9rminos sobre establecimientos de alojamiento tur\u00edstico<br \/>\n125. Empresas de alojamiento tur\u00edstico en derecho comparado<br \/>\n126. El usuario de los servicios de alojamiento tur\u00edstico<br \/>\n127. Contrato de alojamiento en establecimiento hotelero<br \/>\n128. Obligaciones y derechos de las partes<br \/>\n129. Responsabilidad del establecimiento hotelero<br \/>\n130. Contrato de alojamiento extrahotelero<\/p>\n<p><strong>CAP\u00cdTULO V<br \/>\nCONTRATOS DE APROVECHAMIENTO POR TURNO DE BIENES DE USO TUR\u00cdSTICO O DE TIEMPO COMPARTIDO, DE ADQUISICI\u00d3N DE PRODUCTOS VACACIONALES DE LARGA DURACI\u00d3N Y DE REVENTA E INTERCAMBIO<\/p>\n<p>Secci\u00f3n I. aspectos generales<\/p>\n<p><\/strong>131. Introducci\u00f3n<br \/>\n132. Normativa comunitaria europea y espa\u00f1ola<br \/>\n133. Regulaci\u00f3n iberoamericana<br \/>\n134. Situaci\u00f3n en nuestro pa\u00eds<br \/>\n135. Gu\u00eda legal sobre tiempo compartido<br \/>\n136. Antecedentes del contrato de aprovechamiento por turnos de bienes de uso tur\u00edstico (GAPT)<br \/>\n137. Concepto de contrato de aprovechamiento por turnos de bienes de uso tur\u00edstico<br \/>\n138. Definici\u00f3n legal de contrato en Argentina<br \/>\n139. Idea doctrinaria del contrato en Venezuela<br \/>\n140. Noci\u00f3n de contrato de producto vacacional de larga duraci\u00f3n<br \/>\n141. Concepto de reventa<br \/>\n142. Noci\u00f3n de contrato de intercambio<br \/>\n143. Estudio de los contratos de aprovechamiento por turnos de bienes de uso tur\u00edstico, de adquisici\u00f3n de productos vacacionales de larga duraci\u00f3n, de reventa e intercambio<br \/>\n144. Elementos subjetivos de estos contratos<br \/>\n145. Reglas comunes a los contratos<br \/>\n146. La forma de los contratos<br \/>\n147. Contenido del contrato de tiempo compartido en Argentina<br \/>\n148. El derecho de desistimiento, la ineficacia de los contratos accesorios y la prohibici\u00f3n de anticipos o garant\u00edas<br \/>\n149. El derecho de desistimiento del contrato de tiempo compartido en la legislaci\u00f3n argentina<br \/>\n150. El r\u00e9gimen general de la constituci\u00f3n y transmisi\u00f3n de derechos de aprovechamiento por turnos de bienes de uso tur\u00edstico<br \/>\n151. La constituci\u00f3n del r\u00e9gimen o sistema de aprovechamiento por turnos<br \/>\n153. Efectos del contrato de aprovechamiento por turnos<br \/>\n154. Terminaci\u00f3n del contrato de aprovechamiento por turnos o del tiempo compartido<\/p>\n<p><strong>CAP\u00cdTULO VI<br \/>\nCONTRATOS TUR\u00cdSTICOS INTEREMPRESARIALES<\/p>\n<p><\/strong>155. Denominaci\u00f3n<\/p>\n<p><strong>Secci\u00f3n I. Contrato de reserva de plazas de alojamiento en r\u00e9gimen de cupo o contingente<\/p>\n<p><\/strong>156. Noci\u00f3n de este contrato<br \/>\n157. Naturaleza jur\u00eddica del contrato<br \/>\n158. El perfeccionamiento del contrato de reserva de plazas en r\u00e9gimen de cupo o contingente<br \/>\n159. Efectos del contrato de reserva de plazas de alojamiento<br \/>\n160. Responsabilidad por cancelaci\u00f3n de plazas confirmadas o por no concurrencia de los hu\u00e9spedes<\/p>\n<p><strong>Secci\u00f3n II el contrato de gesti\u00f3n hotelera<\/p>\n<p><\/strong>161. Idea de gesti\u00f3n de los establecimientos hoteleros<br \/>\n162. Concepto de contrato de gesti\u00f3n hotelera<br \/>\n163. Naturaleza jur\u00eddica del contrato de gesti\u00f3n hotelera<br \/>\n164. Obligaciones del titular del establecimiento hotelero<br \/>\n165. Obligaciones del titular el establecimiento hotelero<br \/>\n166. Terminaci\u00f3n del contrato de gesti\u00f3n hotelera<br \/>\n167. La figura contractual de condhotel<\/p>\n<p><strong>Secci\u00f3n III. Los contratos tur\u00edsticos en derecho mexicano<\/p>\n<p><\/strong>168. Aspectos generales<\/p>\n<p><strong>P\u00e1rrafo I. Los principales contratos tur\u00edsticos en el derecho mexicano<\/p>\n<p><\/strong>169. Enumeraci\u00f3n<\/p>\n<p><strong>P\u00e1rrafo II. Contrato de transporte exclusivo de turismo<\/p>\n<p><\/strong>170. Concepto y regulaci\u00f3n administrativa<br \/>\n171. Clasificaci\u00f3n de transporte exclusivo de turismo<\/p>\n<p><strong>P\u00e1rrafo III. El contrato de hospedaje<\/p>\n<p><\/strong>172. Definici\u00f3n legal<br \/>\n173. Reglamento de establecimientos de hospedaje, campamentos y paradores en la legislaci\u00f3n tur\u00edstica mexicana<br \/>\n174. Efectos del contrato de hospedaje: los derechos y obligaciones del hotelero<br \/>\n175. Derechos y obligaciones del hu\u00e9sped<\/p>\n<p><strong>P\u00e1rrafo IV. Contrato de tiempo compartido<\/p>\n<p><\/strong>176. Noci\u00f3n de este contrato<br \/>\n177. Elementos subjetivos y materiales del contrato<br \/>\n178. Formalidades del contrato<br \/>\n179. Efectos del contrato de tiempo compartido<\/p>\n<p><strong>CAP\u00cdTULO VII<br \/>\nCONTRATOS TUR\u00cdSTICOS POR MEDIOS ELECTR\u00d3NICOS<\/p>\n<p><\/strong>180. Ideas generales<br \/>\n181. Exigencias legales cuando se contrata por v\u00eda electr\u00f3nica<br \/>\n182. Requisitos legales del contrato electr\u00f3nico en el derecho comparado<br \/>\n183. Deberes generales de informaci\u00f3n sobre la contrataci\u00f3n electr\u00f3nica<br \/>\n184. Obligaciones relativas a la celebraci\u00f3n del contrato<br \/>\n185. Derechos especiales del usuario turista en la contrataci\u00f3n electr\u00f3nica<\/p>\n<p>Conclusiones<\/p>\n<p><strong>ANEXOS<\/p>\n<p><\/strong>Anexo N\u00b0 1: Derecho ley N\u00b0 1224. Crea el servicio nacional de turismo<br \/>\nAnexo N\u00b0 2: Ley N\u00b0 20.423. del sistema institucional para el desarrollo del turismo<br \/>\nAnexo N\u00b0 3: Decreto N\u00b0 200 Aprueba reglamento del consejo consultivo de promoci\u00f3n tur\u00edstica<br \/>\nAnexo N\u00b0 4: Decreto N\u00b0 222 aprueba reglamento para aplicaci\u00f3n del sistema de clasificaci\u00f3n, calidad y seguridad de los prestadores de servicios tur\u00edsticos<br \/>\nAnexo N\u00b0 5: Decreto N\u00b0 30. Apru\u00e9base el reglamento que fija el procedimiento para la declaraci\u00f3n de zonas de inter\u00e9s tur\u00edstico<br \/>\nAnexo N\u00b0 6: Decreto N\u00b0 171, Exento. Aprueba normas t\u00e9cnicas para tour operadores y agencias de viajes tur\u00edsticas<br \/>\nAnexo N\u00b0 7: Gu\u00eda de alcances jur\u00eddico ley N\u00b0 19.496 agencias de viajes y aerol\u00edneas<br \/>\nAnexo N\u00b0 8: Ley general de turismo. Estados unidos mexicanos<br \/>\nAnexo N\u00b0 9: Legislaci\u00f3n consolidada. Espa\u00f1a<br \/>\nAnexo N\u00b0 10.: Ley de argentina sobre contrato de tiempo compartido<\/p>\n","protected":false},"excerpt":{"rendered":"<p>El turismo es una actividad que hoy en d\u00eda tiene particular relevancia para la econom\u00eda nacional, solo si se tiene en cuenta que el reciente a\u00f1o 2017, visitaron nuestro pa\u00eds m\u00e1s se seis millones de turistas, con el consecuente beneficio para quienes participan en este rubro y la comunidad toda. Por tratarse de una actividad mercantil, en las que intervienen las agencias de viajes, los hoteles, los restaurantes, los transportistas, etc., era necesario investigar y analizar su contenido en el contexto del derecho nacional y comparado. El autor de esta obra destaca que se trata de un derecho nuevo, sobre cuya existencia no cabe duda alguna, aunque su autonom\u00eda est\u00e1 todav\u00eda en discusi\u00f3n en la doctrina, que comprende tanto un sector de derecho p\u00fablico-administrativo como \u00e1rea de derecho privado comercial. En consecuencia el texto se presenta dividido en dos partes. La primera dedicada al an\u00e1lisis del turismo en general y la normativa p\u00fablica-administrativa vigente, donde encontramos los conceptos b\u00e1sicos sobre el turismo, sus caracter\u00edsticas y los diversos tipos de esta actividad. Asimismo, esta primera parte comprende el estudio de los \u00f3rganos p\u00fablicos que intervienen en esta actividad, servicio nacional de turismo (SERNATUR), ministerio de econom\u00eda, fomento y turismo, la subsecretar\u00eda de esta misma cartera, y el an\u00e1lisis de la ley N\u00b0 20.423 de 12 de febrero de 2010, que establece el sistema institucional para el desarrollo del turismo, los \u00f3rganos creados al efecto, sus facultades y la pol\u00edtica nacional de turismo La segunda parte concierne al an\u00e1lisis del turismo desde la perspectiva del derecho privado comercial, especialmente los principales contratos tur\u00edsticos, los que celebran los prestadores de servicios tur\u00edsticos con los turistas o usuarios y los que convienen los operadores de turismo entre s\u00ed. Destaca el estudio pormenorizado de los contratos de viaje combinado, de alojamiento hotelero y extrahotelero, los de aprovechamiento por turnos de bienes de uso tur\u00edstico o tiempo compartido y los de reserva de plazas de alojamiento en r\u00e9gimen de cupo o contingente, los de gesti\u00f3n hotelera y de condhotel. Por \u00faltimo, esta obra comporta un significativo aporte a la literatura jur\u00eddica y la doctrina, toda vez que no existe ahora, en nuestro medio, otros textos que traten sistem\u00e1ticamente esta materia. PRIMERA PARTE ASPECTOS GENERALES DEL TURISMO Y SU REGULACI\u00d3N P\u00daBLICA ADMINISTRATIVA CAP\u00cdTULO I NOCIONES GENERALES SOBRE TURISMO secci\u00f3n I. concepto de turismo 3. La idea de turismo y caracter\u00edsticas 4. Elementos integrantes de la idea de turismo 5. Rasgos singulares del turismo 6. Definici\u00f3n legal del turismo 7. El turismo como objeto del derecho 8. Etapas del desarrollo tur\u00edstico contempor\u00e1neo 9. Diferentes modalidades de turismo 10. Turismo de placer 11. Turismo de descanso o de salud 12. Turismo con fines profesionales y t\u00e9cnicos 13. Turismo cultural 14. Turismo deportivo 15. Turismo de convicciones y congresos 16. Turismo de aventura 17. Turismo religioso 18. Turismo gastron\u00f3mico 19. Turismo social 20. Etnoturismo 21. Ecoturismo 22. Importancia econ\u00f3mica de la actividad tur\u00edstica y su desarrollo en Chile CAP\u00cdTULO II EL SERVICIO NACIONAL DE TURISMO 23.Antecedentes secci\u00f3n I. Naturaleza jur\u00eddica y atribulaciones 24. Naturaleza jur\u00eddica 25. Objetivos 26. Atribuciones conferidas al SERNATUR Secci\u00f3n II. Estructura org\u00e1nica del SERNATUR 27. La direcci\u00f3n nacional 28. Las direcciones regionales CAP\u00cdTULO III SISTEMA INSTITUCIONAL PARA EL DESARROLLO DEL TURISMO Secci\u00f3n I. aspectos generales 29. Normativa aplicable 30. Definiciones previstas en la ley de la materia 31. Atractivos tur\u00edsticos 32. \u00c1rea tur\u00edstica 33. Patrimonio tur\u00edstico 34. Clasificaci\u00f3n 35. Clasificaci\u00f3n 36. Certificaci\u00f3n 37. Servicios de alojamiento tur\u00edstico Secci\u00f3n II. Pol\u00edtica nacional de turismo 38. Prop\u00f3sito de esta pol\u00edtica p\u00e1rrafo I. organismo de la pol\u00edtica nacional de turismo 39. Comit\u00e9 de ministro del turismo 40. Composici\u00f3n y atribuciones legales del comit\u00e9 41. Reuniones y acuerdos del comit\u00e9 42. Atribuciones del ministro de econom\u00eda en materia de turismo p\u00e1rrafo II. La subsecretar\u00eda de turismo 43. Naturaleza jur\u00eddica 44. Atribuciones del subsecretario de turismo p\u00e1rrafo III. Las zonas de inter\u00e9s tur\u00edstico 45. Declaraci\u00f3n de zonas de inter\u00e9s tur\u00edstico p\u00e1rrafo IV. Pol\u00edtica nacional de promoci\u00f3n del turismo 46. Labor del estado en esta materia 47. Consejo consultivo de promoci\u00f3n tur\u00edstica 48. Atribuciones, facultades y deberes del consejo p\u00e1rrafo V. sistema de clasificaci\u00f3n, calidad y seguridad de los prestadores de servicios tur\u00edsticos 49. En que consiste el sistema 50. La certificaci\u00f3n de calidad 51. El sello de calidad tur\u00edstico p\u00e1rrafo VI. Los derechos y obligaciones de los prestadores de servicios tur\u00edsticos 52. Los derechos de los prestadores de servicios tur\u00edsticos 53. Las obligaciones que pesan sobre los prestadores de servicios tur\u00edsticos p\u00e1rrafo VII. Fiscalizaci\u00f3n, infracciones y sanciones 54. Fiscalizaci\u00f3n 55. Impugnaci\u00f3n de las resoluciones del SERNATUR 56. La protecci\u00f3n al turista. Infracciones y sanciones p\u00e1rrafo VIII. Prestadores de servicios tur\u00edsticos CAP\u00cdTULO IV ORGANIZMO INTERNACIONALES DE TURISMO Secci\u00f3n I. La organizaci\u00f3n mundial del turismo (OTM\/UNWTO) 58. Antecedentes hist\u00f3ricos 59. Naturaleza jur\u00eddica 60. Objetivo y misi\u00f3n de la OTM 61. Actividades de la OTM posteriores a su creaci\u00f3n 62. Composici\u00f3n y estructura org\u00e1nica de la OTM 63. Asamblea general de la OTM 64. Atribuciones de la asamblea general de la OTM 65. \u00d3rganos subsidiarios 66. Consejo ejecutivo de la OTM 67. Secretaria de la OTM Secci\u00f3n II. La asociaci\u00f3n internacional de transporte a\u00e9reo (IATA) 68. Origen 69. Misi\u00f3n de la IATA 70. Principales tareas de la IATA SEGUNDA PARTE DERECHO PRIVADO DEL TURISMO CAP\u00cdTULO I DERECHO DEL TURISMO 71. Introducci\u00f3n 72. Discusi\u00f3n doctrinaria sobre la autonom\u00eda del derecho del turismo 73. Definiciones doctrinarias del derecho del turismo 74. Principios orientadores del derecho del turismo 75. Principio de la accesibilidad 76. Principio relativo a la informaci\u00f3n 77. Principio de libertad de tr\u00e1nsito 78. Principio de la inmediatez 79. Principio pro-turista 78. Principio de libre prestaci\u00f3n de servicios tur\u00edsticos 81. Principio de protesta por equipaje 82. Principio de receptibilidad 83. Elementos caracter\u00edsticos del derecho del turismo 84. Fuentes del derecho del turismo 85. Contenido dual del derecho del turismo 86. \u00c1mbito de aplicaci\u00f3n material del derecho del turismo 87. Relaci\u00f3n del derecho del turismo con el derecho del consumidor CAP\u00cdTULO II LA CONTRATACI\u00d3N TUR\u00cdSTICA 88. Introducci\u00f3n secci\u00f3n I. aspectos generales de los contratos tur\u00edsticos<\/p>\n","protected":false},"featured_media":2821,"comment_status":"open","ping_status":"closed","template":"","meta":{"inline_featured_image":false,"_joinchat":[]},"product_brand":[],"product_cat":[48,57],"product_tag":[],"class_list":{"0":"post-2791","1":"product","2":"type-product","3":"status-publish","4":"has-post-thumbnail","6":"product_cat-comercial","7":"product_cat-editorial-juridica-de-chile","8":"product_shipping_class-a-convenir","10":"first","11":"instock","12":"shipping-taxable","13":"purchasable","14":"product-type-simple"},"_links":{"self":[{"href":"https:\/\/bibliotecajuridicavirtual.cl\/index.php\/wp-json\/wp\/v2\/product\/2791","targetHints":{"allow":["GET"]}}],"collection":[{"href":"https:\/\/bibliotecajuridicavirtual.cl\/index.php\/wp-json\/wp\/v2\/product"}],"about":[{"href":"https:\/\/bibliotecajuridicavirtual.cl\/index.php\/wp-json\/wp\/v2\/types\/product"}],"replies":[{"embeddable":true,"href":"https:\/\/bibliotecajuridicavirtual.cl\/index.php\/wp-json\/wp\/v2\/comments?post=2791"}],"wp:featuredmedia":[{"embeddable":true,"href":"https:\/\/bibliotecajuridicavirtual.cl\/index.php\/wp-json\/wp\/v2\/media\/2821"}],"wp:attachment":[{"href":"https:\/\/bibliotecajuridicavirtual.cl\/index.php\/wp-json\/wp\/v2\/media?parent=2791"}],"wp:term":[{"taxonomy":"product_brand","embeddable":true,"href":"https:\/\/bibliotecajuridicavirtual.cl\/index.php\/wp-json\/wp\/v2\/product_brand?post=2791"},{"taxonomy":"product_cat","embeddable":true,"href":"https:\/\/bibliotecajuridicavirtual.cl\/index.php\/wp-json\/wp\/v2\/product_cat?post=2791"},{"taxonomy":"product_tag","embeddable":true,"href":"https:\/\/bibliotecajuridicavirtual.cl\/index.php\/wp-json\/wp\/v2\/product_tag?post=2791"}],"curies":[{"name":"wp","href":"https:\/\/api.w.org\/{rel}","templated":true}]}}