{"id":2795,"date":"2026-02-28T01:05:46","date_gmt":"2026-02-28T04:05:46","guid":{"rendered":"https:\/\/bibliotecajuridicavirtual.cl\/?post_type=product&#038;p=2795"},"modified":"2026-02-28T01:06:24","modified_gmt":"2026-02-28T04:06:24","slug":"acceso-a-la-informacion-publica-y-transparencia-ano-septiembre-2022-200-pag-autor-leonardo-javier-castillo-cardenas-andres-eduardo-celedon-baeza-soledad-alejandra-morales-trapp-juan-bladimi","status":"publish","type":"product","link":"https:\/\/bibliotecajuridicavirtual.cl\/index.php\/product\/acceso-a-la-informacion-publica-y-transparencia-ano-septiembre-2022-200-pag-autor-leonardo-javier-castillo-cardenas-andres-eduardo-celedon-baeza-soledad-alejandra-morales-trapp-juan-bladimi\/","title":{"rendered":"Acceso a la Informaci\u00f3n P\u00fablica y Transparencia. A\u00f1o Septiembre 2022\/ 200 P\u00e1g. Autor   Leonardo Javier Castillo C\u00e1rdenas &#8211; Andr\u00e9s Eduardo Celed\u00f3n Baeza &#8211; Soledad Alejandra Morales Trapp &#8211; Juan Bladimiro Santana Soto"},"content":{"rendered":"<p style=\"font-weight: 400;\">La presente obra tiene por objeto ser una herramienta de apoyo para el estudio del principio de transparencia y acceso a la informaci\u00f3n, que permita conocer y aplicar aquellas nociones destinadas a mejorar el acceso a la justicia bajo el imperativo de justicia abierta y transparente.<\/p>\n<p style=\"font-weight: 400;\">La idea de \u201cjusticia abierta\u201d se enmarca dentro del concepto de \u201cgobierno abierto\u201d como manifestaci\u00f3n moderna de la democracia, que propone una nueva representaci\u00f3n de los procesos basados en los pilares de transparencia y participaci\u00f3n ciudadana. Por su parte, la open justice se ha desarrollado bajo la creciente aplicaci\u00f3n de buenas pr\u00e1cticas judiciales, propiciando los datos abiertos y la colaboraci\u00f3n judicial, adem\u00e1s de las innovaciones tecnol\u00f3gicas. Todos estos temas ser\u00e1n abordados y revisados en el desarrollo del presente trabajo.<\/p>\n<p style=\"font-weight: 400;\">\n<ol>\n<li style=\"font-weight: 400;\"><b><strong> ACCESO A LA INFORMACI\u00d3N P\u00daBLICA Y TRANSPARENCIA<\/strong><\/b><\/li>\n<\/ol>\n<p style=\"font-weight: 400;\">1.1. Introducci\u00f3n<br \/>\n1.2. Concepto de transparencia<br \/>\nA) Palabras previas<br \/>\nB) Importancia de la transparencia para la funci\u00f3n jurisdiccional<br \/>\nC) La transparencia como concepto flos\u00f3fico, econ\u00f3mico y de buen gobierno<br \/>\n1.3. Evoluci\u00f3n del principio de transparencia y el acceso a la informaci\u00f3n<br \/>\nA) Proyecciones del principio de transparencia y el derecho de acceso a la informaci\u00f3n<br \/>\nB) An\u00e1lisis de antecedentes en instrumentos de derechos humanos que permiten concretarlo: Declaraci\u00f3n Universal de Derechos Humanos, Pacto Internacional de Derechos Civiles y Pol\u00edticos y Convenci\u00f3n Americana de Derechos Humanos<br \/>\nC) An\u00e1lisis de antecedentes a la dictaci\u00f3n de la Ley N\u00ba 20.285: Ley N\u00ba 20.050 de Reforma Constitucional. Aspectos relevantes de la sentencia \u201cClaude Reyes y otros versus Chile\u201d. Breve referencia a la \u201cComisi\u00f3n Engel\u201d<br \/>\nD) Resoluci\u00f3n 1\/2018 de la Comisi\u00f3n Interamericana de Derechos Humanos: corrupci\u00f3n y derechos humanos<br \/>\nE) Reconocimiento jurisprudencial en el Tribunal Constitucional, Consejo para la<br \/>\nTransparencia y Corte Interamericana de Derechos Humanos<\/p>\n<ol start=\"2\">\n<li style=\"font-weight: 400;\"><b><strong> AN\u00c1LISIS DE LA LEY N\u00ba 20.285<\/strong><\/b><\/li>\n<\/ol>\n<p style=\"font-weight: 400;\">2.1. Introducci\u00f3n<br \/>\n2.2. Estructura de la Ley N\u00ba 20.285<br \/>\n2.3. Contenido y alcance del principio de transparencia de la funci\u00f3n p\u00fablica<br \/>\n2.4. Principios que gu\u00edan el establecimiento y aplicaci\u00f3n de la Ley N\u00ba 20.285<br \/>\n2.5. Transparencia activa y derecho de acceso a la informaci\u00f3n p\u00fablica<br \/>\nA) Obligaciones y derechos que provienen de la transparencia activa<br \/>\nB) Obligaciones y derechos que provienen del derecho a acceso a la informaci\u00f3n p\u00fablica<br \/>\nC) \u00bfA qui\u00e9nes se aplican las obligaciones de transparencia activa y las obligaciones del derecho de acceso a la informaci\u00f3n p\u00fablica?<br \/>\n2.6. Reclamos, plazos y sanciones<br \/>\n2.7. Consejo para la Transparencia<br \/>\n2.8. Excepciones al deber de publicidad<br \/>\nA) El debido cumplimiento de las funciones del \u00f3rgano<br \/>\na. Prevenci\u00f3n, investigaci\u00f3n y persecuci\u00f3n de un crimen o simple delito o se trate de antecedentes necesarios a defensas jur\u00eddicas o judiciales<br \/>\nb. Trat\u00e1ndose de antecedentes o deliberaciones previas a la adopci\u00f3n de una resoluci\u00f3n, medida o pol\u00edtica<br \/>\nc. Elevado n\u00famero de actos administrativos o cuya atenci\u00f3n demande distraer indebidamente a los funcionarios del cumplimiento regular de sus funciones<br \/>\nB) Los derechos de las personas<br \/>\nC) La seguridad de la naci\u00f3n<br \/>\nD) El inter\u00e9s nacional<br \/>\nE) Causal gen\u00e9rica<\/p>\n<ol start=\"3\">\n<li style=\"font-weight: 400;\"><b><strong> L\u00cdMITES DEL ACCESO A LA INFORMACI\u00d3N EN EL \u00c1MBITO JUDICIAL<\/strong><\/b><\/li>\n<\/ol>\n<p style=\"font-weight: 400;\">3.1. La transparencia en el Poder Judicial y en el \u00e1mbito jurisdiccional<br \/>\nA) Bases del ejercicio de la transparencia en el Poder Judicial: Acta N\u00ba 754-2019 de la Corte Suprema y pol\u00edtica de la corporaci\u00f3n administrativa del Poder Judicial<br \/>\nB) Portal de Transparencia del Poder Judicial<br \/>\nC) Comisi\u00f3n de Transparencia del Poder Judicial<br \/>\n3.2. Otras tem\u00e1ticas de inter\u00e9s<br \/>\nA) Transparencia y \u201cjusticia abierta\u201d<br \/>\nB) Justicia abierta<\/p>\n","protected":false},"excerpt":{"rendered":"<p>La presente obra tiene por objeto ser una herramienta de apoyo para el estudio del principio de transparencia y acceso a la informaci\u00f3n, que permita conocer y aplicar aquellas nociones destinadas a mejorar el acceso a la justicia bajo el imperativo de justicia abierta y transparente. La idea de \u201cjusticia abierta\u201d se enmarca dentro del concepto de \u201cgobierno abierto\u201d como manifestaci\u00f3n moderna de la democracia, que propone una nueva representaci\u00f3n de los procesos basados en los pilares de transparencia y participaci\u00f3n ciudadana. Por su parte, la open justice se ha desarrollado bajo la creciente aplicaci\u00f3n de buenas pr\u00e1cticas judiciales, propiciando los datos abiertos y la colaboraci\u00f3n judicial, adem\u00e1s de las innovaciones tecnol\u00f3gicas. Todos estos temas ser\u00e1n abordados y revisados en el desarrollo del presente trabajo. ACCESO A LA INFORMACI\u00d3N P\u00daBLICA Y TRANSPARENCIA 1.1. Introducci\u00f3n 1.2. Concepto de transparencia A) Palabras previas B) Importancia de la transparencia para la funci\u00f3n jurisdiccional C) La transparencia como concepto flos\u00f3fico, econ\u00f3mico y de buen gobierno 1.3. Evoluci\u00f3n del principio de transparencia y el acceso a la informaci\u00f3n A) Proyecciones del principio de transparencia y el derecho de acceso a la informaci\u00f3n B) An\u00e1lisis de antecedentes en instrumentos de derechos humanos que permiten concretarlo: Declaraci\u00f3n Universal de Derechos Humanos, Pacto Internacional de Derechos Civiles y Pol\u00edticos y Convenci\u00f3n Americana de Derechos Humanos C) An\u00e1lisis de antecedentes a la dictaci\u00f3n de la Ley N\u00ba 20.285: Ley N\u00ba 20.050 de Reforma Constitucional. Aspectos relevantes de la sentencia \u201cClaude Reyes y otros versus Chile\u201d. Breve referencia a la \u201cComisi\u00f3n Engel\u201d D) Resoluci\u00f3n 1\/2018 de la Comisi\u00f3n Interamericana de Derechos Humanos: corrupci\u00f3n y derechos humanos E) Reconocimiento jurisprudencial en el Tribunal Constitucional, Consejo para la Transparencia y Corte Interamericana de Derechos Humanos AN\u00c1LISIS DE LA LEY N\u00ba 20.285 2.1. Introducci\u00f3n 2.2. Estructura de la Ley N\u00ba 20.285 2.3. Contenido y alcance del principio de transparencia de la funci\u00f3n p\u00fablica 2.4. Principios que gu\u00edan el establecimiento y aplicaci\u00f3n de la Ley N\u00ba 20.285 2.5. Transparencia activa y derecho de acceso a la informaci\u00f3n p\u00fablica A) Obligaciones y derechos que provienen de la transparencia activa B) Obligaciones y derechos que provienen del derecho a acceso a la informaci\u00f3n p\u00fablica C) \u00bfA qui\u00e9nes se aplican las obligaciones de transparencia activa y las obligaciones del derecho de acceso a la informaci\u00f3n p\u00fablica? 2.6. Reclamos, plazos y sanciones 2.7. Consejo para la Transparencia 2.8. Excepciones al deber de publicidad A) El debido cumplimiento de las funciones del \u00f3rgano a. Prevenci\u00f3n, investigaci\u00f3n y persecuci\u00f3n de un crimen o simple delito o se trate de antecedentes necesarios a defensas jur\u00eddicas o judiciales b. Trat\u00e1ndose de antecedentes o deliberaciones previas a la adopci\u00f3n de una resoluci\u00f3n, medida o pol\u00edtica c. Elevado n\u00famero de actos administrativos o cuya atenci\u00f3n demande distraer indebidamente a los funcionarios del cumplimiento regular de sus funciones B) Los derechos de las personas C) La seguridad de la naci\u00f3n D) El inter\u00e9s nacional E) Causal gen\u00e9rica L\u00cdMITES DEL ACCESO A LA INFORMACI\u00d3N EN EL \u00c1MBITO JUDICIAL 3.1. La transparencia en el Poder Judicial y en el \u00e1mbito jurisdiccional A) Bases del ejercicio de la transparencia en el Poder Judicial: Acta N\u00ba 754-2019 de la Corte Suprema y pol\u00edtica de la corporaci\u00f3n administrativa del Poder Judicial B) Portal de Transparencia del Poder Judicial C) Comisi\u00f3n de Transparencia del Poder Judicial 3.2. Otras tem\u00e1ticas de inter\u00e9s A) Transparencia y \u201cjusticia abierta\u201d B) Justicia abierta<\/p>\n","protected":false},"featured_media":2840,"comment_status":"open","ping_status":"closed","template":"","meta":{"inline_featured_image":false,"_joinchat":[]},"product_brand":[],"product_cat":[45,38],"product_tag":[],"class_list":{"0":"post-2795","1":"product","2":"type-product","3":"status-publish","4":"has-post-thumbnail","6":"product_cat-administrativo","7":"product_cat-editorial-der-ediciones","8":"product_shipping_class-a-convenir","10":"first","11":"instock","12":"shipping-taxable","13":"purchasable","14":"product-type-simple"},"_links":{"self":[{"href":"https:\/\/bibliotecajuridicavirtual.cl\/index.php\/wp-json\/wp\/v2\/product\/2795","targetHints":{"allow":["GET"]}}],"collection":[{"href":"https:\/\/bibliotecajuridicavirtual.cl\/index.php\/wp-json\/wp\/v2\/product"}],"about":[{"href":"https:\/\/bibliotecajuridicavirtual.cl\/index.php\/wp-json\/wp\/v2\/types\/product"}],"replies":[{"embeddable":true,"href":"https:\/\/bibliotecajuridicavirtual.cl\/index.php\/wp-json\/wp\/v2\/comments?post=2795"}],"wp:featuredmedia":[{"embeddable":true,"href":"https:\/\/bibliotecajuridicavirtual.cl\/index.php\/wp-json\/wp\/v2\/media\/2840"}],"wp:attachment":[{"href":"https:\/\/bibliotecajuridicavirtual.cl\/index.php\/wp-json\/wp\/v2\/media?parent=2795"}],"wp:term":[{"taxonomy":"product_brand","embeddable":true,"href":"https:\/\/bibliotecajuridicavirtual.cl\/index.php\/wp-json\/wp\/v2\/product_brand?post=2795"},{"taxonomy":"product_cat","embeddable":true,"href":"https:\/\/bibliotecajuridicavirtual.cl\/index.php\/wp-json\/wp\/v2\/product_cat?post=2795"},{"taxonomy":"product_tag","embeddable":true,"href":"https:\/\/bibliotecajuridicavirtual.cl\/index.php\/wp-json\/wp\/v2\/product_tag?post=2795"}],"curies":[{"name":"wp","href":"https:\/\/api.w.org\/{rel}","templated":true}]}}