{"id":2797,"date":"2026-02-28T01:05:46","date_gmt":"2026-02-28T04:05:46","guid":{"rendered":"https:\/\/bibliotecajuridicavirtual.cl\/?post_type=product&#038;p=2797"},"modified":"2026-02-28T01:06:27","modified_gmt":"2026-02-28T04:06:27","slug":"modo-de-extincion-de-las-obligaciones-explicaciones-y-formularios-1era-edicion-ano-2022-256-pag-autor-eric-andres-chavez-chavez","status":"publish","type":"product","link":"https:\/\/bibliotecajuridicavirtual.cl\/index.php\/product\/modo-de-extincion-de-las-obligaciones-explicaciones-y-formularios-1era-edicion-ano-2022-256-pag-autor-eric-andres-chavez-chavez\/","title":{"rendered":"Modo de Extinci\u00f3n de las Obligaciones &#8211;  Explicaciones y Formularios &#8211; 1era Edici\u00f3n. A\u00f1o 2022\/256 P\u00e1g. Autor Eric Andr\u00e9s Ch\u00e1vez Ch\u00e1vez"},"content":{"rendered":"<p style=\"font-weight: 400;\">Esta es una obra destinad a los abogados en el desempe\u00f1o de su actividad jurisdiccional en los estrados, de manera did\u00e1ctica y precisa, cuya utilidad se ver\u00e1 en la utilizaci\u00f3n a diario de este libro.<\/p>\n<p style=\"font-weight: 400;\">Siendo una materia que se encuentra inserta en el estudio de Las Obligaciones, analiza los modos de extinguir e incluye la pr\u00e1ctica forense referente al tema en estudio. Es un an\u00e1lisis somero, el cual el letrado profundizar\u00e1 en las obras cl\u00e1sicas de Celis, Abeliuk, Ramos o Troncoso, lo cual sin duda ayudar\u00e1 a los abogados en la consulta en juicio o su teor\u00eda del caso, seg\u00fan corresponda.<\/p>\n<p style=\"font-weight: 400;\">\n<p style=\"font-weight: 400;\"><b><strong>I.- RESCILIACI\u00d3N O MUTUO CONSENTIMIENTO<\/strong><\/b><\/p>\n<p style=\"font-weight: 400;\">Pr\u00e1ctica Forense<\/p>\n<p style=\"font-weight: 400;\"><b><strong>II.- PAGO<\/strong><\/b><\/p>\n<p style=\"font-weight: 400;\">Pr\u00e1ctica Forense<\/p>\n<p style=\"font-weight: 400;\"><b><strong>III.- DACI\u00d3N EN PAGO<\/strong><\/b><\/p>\n<p style=\"font-weight: 400;\">Pr\u00e1ctica Forense<\/p>\n<p style=\"font-weight: 400;\"><b><strong>IV.- LA NOVACI\u00d3N<\/strong><\/b><\/p>\n<p style=\"font-weight: 400;\">Pr\u00e1ctica Forense<\/p>\n<p style=\"font-weight: 400;\"><b><strong>V.- REMISI\u00d3N<\/strong><\/b><\/p>\n<p style=\"font-weight: 400;\">Pr\u00e1ctica Forense<\/p>\n<p style=\"font-weight: 400;\"><b><strong>VI.- COMPENSACI\u00d3N<\/strong><\/b><\/p>\n<p style=\"font-weight: 400;\">Pr\u00e1ctica Forense<\/p>\n<p style=\"font-weight: 400;\"><b><strong>VII.- CONFUSI\u00d3N<\/strong><\/b><\/p>\n<p style=\"font-weight: 400;\">Pr\u00e1ctica Forense<\/p>\n<p style=\"font-weight: 400;\"><b><strong>VIII.- P\u00c9RDIDA DE LA COSA QUE SE DEBE<\/strong><\/b><\/p>\n<p style=\"font-weight: 400;\">Pr\u00e1ctica Forense<\/p>\n<p style=\"font-weight: 400;\"><b><strong>IX.- PRESCRIPCI\u00d3N EXTINTIVA<\/strong><\/b><\/p>\n<p style=\"font-weight: 400;\">Pr\u00e1ctica Forense<\/p>\n<p style=\"font-weight: 400;\"><b><strong>X.- TRANSACCI\u00d3N<\/strong><\/b><\/p>\n<p style=\"font-weight: 400;\">Pr\u00e1ctica Forense<\/p>\n<p style=\"font-weight: 400;\"><b><strong>11.- DECLARACI\u00d3N DE NULIDAD<\/strong><\/b><\/p>\n<p style=\"font-weight: 400;\">Pr\u00e1ctica Forense<\/p>\n<p style=\"font-weight: 400;\"><b><strong>12.- CONDICI\u00d3N RESOLUTORIA<\/strong><\/b><\/p>\n<p style=\"font-weight: 400;\">Pr\u00e1ctica Forense<\/p>\n","protected":false},"excerpt":{"rendered":"<p>Esta es una obra destinad a los abogados en el desempe\u00f1o de su actividad jurisdiccional en los estrados, de manera did\u00e1ctica y precisa, cuya utilidad se ver\u00e1 en la utilizaci\u00f3n a diario de este libro. Siendo una materia que se encuentra inserta en el estudio de Las Obligaciones, analiza los modos de extinguir e incluye la pr\u00e1ctica forense referente al tema en estudio. Es un an\u00e1lisis somero, el cual el letrado profundizar\u00e1 en las obras cl\u00e1sicas de Celis, Abeliuk, Ramos o Troncoso, lo cual sin duda ayudar\u00e1 a los abogados en la consulta en juicio o su teor\u00eda del caso, seg\u00fan corresponda. I.- RESCILIACI\u00d3N O MUTUO CONSENTIMIENTO Pr\u00e1ctica Forense II.- PAGO Pr\u00e1ctica Forense III.- DACI\u00d3N EN PAGO Pr\u00e1ctica Forense IV.- LA NOVACI\u00d3N Pr\u00e1ctica Forense V.- REMISI\u00d3N Pr\u00e1ctica Forense VI.- COMPENSACI\u00d3N Pr\u00e1ctica Forense VII.- CONFUSI\u00d3N Pr\u00e1ctica Forense VIII.- P\u00c9RDIDA DE LA COSA QUE SE DEBE Pr\u00e1ctica Forense IX.- PRESCRIPCI\u00d3N EXTINTIVA Pr\u00e1ctica Forense X.- TRANSACCI\u00d3N Pr\u00e1ctica Forense 11.- DECLARACI\u00d3N DE NULIDAD Pr\u00e1ctica Forense 12.- CONDICI\u00d3N RESOLUTORIA Pr\u00e1ctica Forense<\/p>\n","protected":false},"featured_media":2842,"comment_status":"open","ping_status":"closed","template":"","meta":{"inline_featured_image":false,"_joinchat":[]},"product_brand":[],"product_cat":[27,59],"product_tag":[],"class_list":{"0":"post-2797","1":"product","2":"type-product","3":"status-publish","4":"has-post-thumbnail","6":"product_cat-civil","7":"product_cat-editorial-tofulex-ediciones-juridicas","8":"product_shipping_class-a-convenir","10":"first","11":"instock","12":"shipping-taxable","13":"purchasable","14":"product-type-simple"},"_links":{"self":[{"href":"https:\/\/bibliotecajuridicavirtual.cl\/index.php\/wp-json\/wp\/v2\/product\/2797","targetHints":{"allow":["GET"]}}],"collection":[{"href":"https:\/\/bibliotecajuridicavirtual.cl\/index.php\/wp-json\/wp\/v2\/product"}],"about":[{"href":"https:\/\/bibliotecajuridicavirtual.cl\/index.php\/wp-json\/wp\/v2\/types\/product"}],"replies":[{"embeddable":true,"href":"https:\/\/bibliotecajuridicavirtual.cl\/index.php\/wp-json\/wp\/v2\/comments?post=2797"}],"wp:featuredmedia":[{"embeddable":true,"href":"https:\/\/bibliotecajuridicavirtual.cl\/index.php\/wp-json\/wp\/v2\/media\/2842"}],"wp:attachment":[{"href":"https:\/\/bibliotecajuridicavirtual.cl\/index.php\/wp-json\/wp\/v2\/media?parent=2797"}],"wp:term":[{"taxonomy":"product_brand","embeddable":true,"href":"https:\/\/bibliotecajuridicavirtual.cl\/index.php\/wp-json\/wp\/v2\/product_brand?post=2797"},{"taxonomy":"product_cat","embeddable":true,"href":"https:\/\/bibliotecajuridicavirtual.cl\/index.php\/wp-json\/wp\/v2\/product_cat?post=2797"},{"taxonomy":"product_tag","embeddable":true,"href":"https:\/\/bibliotecajuridicavirtual.cl\/index.php\/wp-json\/wp\/v2\/product_tag?post=2797"}],"curies":[{"name":"wp","href":"https:\/\/api.w.org\/{rel}","templated":true}]}}