{"id":2798,"date":"2026-02-28T01:05:46","date_gmt":"2026-02-28T04:05:46","guid":{"rendered":"https:\/\/bibliotecajuridicavirtual.cl\/?post_type=product&#038;p=2798"},"modified":"2026-02-28T01:06:28","modified_gmt":"2026-02-28T04:06:28","slug":"legislacion-de-extranjeros-practica-forense-explicaciones-y-formularios-7ma-edicion-ano-2023-autor-eric-andres-chavez-chavez","status":"publish","type":"product","link":"https:\/\/bibliotecajuridicavirtual.cl\/index.php\/product\/legislacion-de-extranjeros-practica-forense-explicaciones-y-formularios-7ma-edicion-ano-2023-autor-eric-andres-chavez-chavez\/","title":{"rendered":"Legislacion de Extranjeros &#8211; Practica Forense &#8211; Explicaciones y Formularios &#8211; 7ma Edici\u00f3n. A\u00f1o 2023. Autor Eric Andr\u00e9s Ch\u00e1vez Ch\u00e1vez"},"content":{"rendered":"<p style=\"font-weight: 400;\">Legislaci\u00f3n de Extranjeros, Pr\u00e1ctica Forense del abogado don Eric Andr\u00e9s Ch\u00e1vez Ch\u00e1vez, es una obra que trata de las principales materias en la cual tiene implicancia los extranjeros en el pa\u00eds.<\/p>\n<p style=\"font-weight: 400;\">La presente obra cubre temas de la Ley 21.325 sobre Migraci\u00f3n y Extranjer\u00eda, Derecho Penal, Familia, Sucesorio, Laboral y de Procedimiento Civil. En este orden de cosas Editorial Jur\u00eddica Tofulex, presenta esta 7a Edici\u00f3n, 2023 de Legislaci\u00f3n de Extranjeros, Pr\u00e1ctica Forense, siempre debidamente actualizado, caracter\u00edstica de esta Editorial, de tener siempre las obras de sus autores debidamente actualizadas, para ofrecerlas a sus clientes y usuarios, lo que le ha permitido ser l\u00edder, en este tipo de publicaciones. Ahora esta nueva edici\u00f3n contempla la llamada Pr\u00e1ctica Forense, de los diferentes temas estudiados en el presente texto, para la realizaci\u00f3n en la vida jur\u00eddica y real de los escritos.<\/p>\n","protected":false},"excerpt":{"rendered":"<p>Legislaci\u00f3n de Extranjeros, Pr\u00e1ctica Forense del abogado don Eric Andr\u00e9s Ch\u00e1vez Ch\u00e1vez, es una obra que trata de las principales materias en la cual tiene implicancia los extranjeros en el pa\u00eds. La presente obra cubre temas de la Ley 21.325 sobre Migraci\u00f3n y Extranjer\u00eda, Derecho Penal, Familia, Sucesorio, Laboral y de Procedimiento Civil. En este orden de cosas Editorial Jur\u00eddica Tofulex, presenta esta 7a Edici\u00f3n, 2023 de Legislaci\u00f3n de Extranjeros, Pr\u00e1ctica Forense, siempre debidamente actualizado, caracter\u00edstica de esta Editorial, de tener siempre las obras de sus autores debidamente actualizadas, para ofrecerlas a sus clientes y usuarios, lo que le ha permitido ser l\u00edder, en este tipo de publicaciones. Ahora esta nueva edici\u00f3n contempla la llamada Pr\u00e1ctica Forense, de los diferentes temas estudiados en el presente texto, para la realizaci\u00f3n en la vida jur\u00eddica y real de los escritos.<\/p>\n","protected":false},"featured_media":2843,"comment_status":"open","ping_status":"closed","template":"","meta":{"inline_featured_image":false,"_joinchat":[]},"product_brand":[],"product_cat":[27,59],"product_tag":[],"class_list":{"0":"post-2798","1":"product","2":"type-product","3":"status-publish","4":"has-post-thumbnail","6":"product_cat-civil","7":"product_cat-editorial-tofulex-ediciones-juridicas","8":"product_shipping_class-a-convenir","10":"first","11":"instock","12":"shipping-taxable","13":"purchasable","14":"product-type-simple"},"_links":{"self":[{"href":"https:\/\/bibliotecajuridicavirtual.cl\/index.php\/wp-json\/wp\/v2\/product\/2798","targetHints":{"allow":["GET"]}}],"collection":[{"href":"https:\/\/bibliotecajuridicavirtual.cl\/index.php\/wp-json\/wp\/v2\/product"}],"about":[{"href":"https:\/\/bibliotecajuridicavirtual.cl\/index.php\/wp-json\/wp\/v2\/types\/product"}],"replies":[{"embeddable":true,"href":"https:\/\/bibliotecajuridicavirtual.cl\/index.php\/wp-json\/wp\/v2\/comments?post=2798"}],"wp:featuredmedia":[{"embeddable":true,"href":"https:\/\/bibliotecajuridicavirtual.cl\/index.php\/wp-json\/wp\/v2\/media\/2843"}],"wp:attachment":[{"href":"https:\/\/bibliotecajuridicavirtual.cl\/index.php\/wp-json\/wp\/v2\/media?parent=2798"}],"wp:term":[{"taxonomy":"product_brand","embeddable":true,"href":"https:\/\/bibliotecajuridicavirtual.cl\/index.php\/wp-json\/wp\/v2\/product_brand?post=2798"},{"taxonomy":"product_cat","embeddable":true,"href":"https:\/\/bibliotecajuridicavirtual.cl\/index.php\/wp-json\/wp\/v2\/product_cat?post=2798"},{"taxonomy":"product_tag","embeddable":true,"href":"https:\/\/bibliotecajuridicavirtual.cl\/index.php\/wp-json\/wp\/v2\/product_tag?post=2798"}],"curies":[{"name":"wp","href":"https:\/\/api.w.org\/{rel}","templated":true}]}}