{"id":2799,"date":"2026-02-28T01:05:46","date_gmt":"2026-02-28T04:05:46","guid":{"rendered":"https:\/\/bibliotecajuridicavirtual.cl\/?post_type=product&#038;p=2799"},"modified":"2026-02-28T01:06:28","modified_gmt":"2026-02-28T04:06:28","slug":"acciones-protectoras-explicaciones-y-formularios-sexta-edicion-ano-2023-autor-eric-andres-chavez-chavez","status":"publish","type":"product","link":"https:\/\/bibliotecajuridicavirtual.cl\/index.php\/product\/acciones-protectoras-explicaciones-y-formularios-sexta-edicion-ano-2023-autor-eric-andres-chavez-chavez\/","title":{"rendered":"Acciones Protectoras &#8211; Explicaciones y Formularios &#8211; Sexta Edici\u00f3n. A\u00f1o 2023. Autor Eric Andr\u00e9s Ch\u00e1vez Ch\u00e1vez"},"content":{"rendered":"<p style=\"font-weight: 400;\">\u201cAcciones Protectoras y Limitaciones al Dominio. Pr\u00e1ctica Forense\u201d, es un texto que incluye en su primera parte las normas del Derecho Civil o Sustantivo, despu\u00e9s se incluye la demanda o norma procesal por la cual se tramita dicho juicio. El presente texto est\u00e1 debidamente con el C\u00f3digo Civil, C\u00f3digo de Procedimiento Civil y leyes complementarias, que son de aplicaci\u00f3n permanente en esta materia. Lo cual sin duda ayudar\u00e1 a los abogados en la consulta del juicio y en la elaboraci\u00f3n de la demanda o solicitud, seg\u00fan corresponda, teniendo en consideraci\u00f3n y lo realmente importante todo en un mismo texto. Por ello Tofulex Ediciones Jur\u00eddicas, cree que ser\u00e1 de gran utilidad este texto en su sexta edici\u00f3n del abogado Eric Andr\u00e9s Ch\u00e1vez Ch\u00e1vez, siempre di\u00e1fano, did\u00e1ctico y preciso, ser\u00e1 un aporte al Derecho Civil y a nuestro foro.<\/p>\n","protected":false},"excerpt":{"rendered":"<p>\u201cAcciones Protectoras y Limitaciones al Dominio. Pr\u00e1ctica Forense\u201d, es un texto que incluye en su primera parte las normas del Derecho Civil o Sustantivo, despu\u00e9s se incluye la demanda o norma procesal por la cual se tramita dicho juicio. El presente texto est\u00e1 debidamente con el C\u00f3digo Civil, C\u00f3digo de Procedimiento Civil y leyes complementarias, que son de aplicaci\u00f3n permanente en esta materia. Lo cual sin duda ayudar\u00e1 a los abogados en la consulta del juicio y en la elaboraci\u00f3n de la demanda o solicitud, seg\u00fan corresponda, teniendo en consideraci\u00f3n y lo realmente importante todo en un mismo texto. Por ello Tofulex Ediciones Jur\u00eddicas, cree que ser\u00e1 de gran utilidad este texto en su sexta edici\u00f3n del abogado Eric Andr\u00e9s Ch\u00e1vez Ch\u00e1vez, siempre di\u00e1fano, did\u00e1ctico y preciso, ser\u00e1 un aporte al Derecho Civil y a nuestro foro.<\/p>\n","protected":false},"featured_media":2844,"comment_status":"open","ping_status":"closed","template":"","meta":{"inline_featured_image":false,"_joinchat":[]},"product_brand":[],"product_cat":[27,59],"product_tag":[],"class_list":{"0":"post-2799","1":"product","2":"type-product","3":"status-publish","4":"has-post-thumbnail","6":"product_cat-civil","7":"product_cat-editorial-tofulex-ediciones-juridicas","8":"product_shipping_class-a-convenir","10":"first","11":"instock","12":"shipping-taxable","13":"purchasable","14":"product-type-simple"},"_links":{"self":[{"href":"https:\/\/bibliotecajuridicavirtual.cl\/index.php\/wp-json\/wp\/v2\/product\/2799","targetHints":{"allow":["GET"]}}],"collection":[{"href":"https:\/\/bibliotecajuridicavirtual.cl\/index.php\/wp-json\/wp\/v2\/product"}],"about":[{"href":"https:\/\/bibliotecajuridicavirtual.cl\/index.php\/wp-json\/wp\/v2\/types\/product"}],"replies":[{"embeddable":true,"href":"https:\/\/bibliotecajuridicavirtual.cl\/index.php\/wp-json\/wp\/v2\/comments?post=2799"}],"wp:featuredmedia":[{"embeddable":true,"href":"https:\/\/bibliotecajuridicavirtual.cl\/index.php\/wp-json\/wp\/v2\/media\/2844"}],"wp:attachment":[{"href":"https:\/\/bibliotecajuridicavirtual.cl\/index.php\/wp-json\/wp\/v2\/media?parent=2799"}],"wp:term":[{"taxonomy":"product_brand","embeddable":true,"href":"https:\/\/bibliotecajuridicavirtual.cl\/index.php\/wp-json\/wp\/v2\/product_brand?post=2799"},{"taxonomy":"product_cat","embeddable":true,"href":"https:\/\/bibliotecajuridicavirtual.cl\/index.php\/wp-json\/wp\/v2\/product_cat?post=2799"},{"taxonomy":"product_tag","embeddable":true,"href":"https:\/\/bibliotecajuridicavirtual.cl\/index.php\/wp-json\/wp\/v2\/product_tag?post=2799"}],"curies":[{"name":"wp","href":"https:\/\/api.w.org\/{rel}","templated":true}]}}