{"id":2800,"date":"2026-02-28T01:05:46","date_gmt":"2026-02-28T04:05:46","guid":{"rendered":"https:\/\/bibliotecajuridicavirtual.cl\/?post_type=product&#038;p=2800"},"modified":"2026-02-28T01:06:30","modified_gmt":"2026-02-28T04:06:30","slug":"examen-de-grado-conceptos-fundamentales-ano-febrero-2023-451-pag-autor-libromar","status":"publish","type":"product","link":"https:\/\/bibliotecajuridicavirtual.cl\/index.php\/product\/examen-de-grado-conceptos-fundamentales-ano-febrero-2023-451-pag-autor-libromar\/","title":{"rendered":"Examen de Grado &#8211; Conceptos Fundamentales. A\u00f1o Febrero 2023\/451 P\u00e1g. Autor LIBROMAR"},"content":{"rendered":"<p style=\"font-weight: 400;\">&#8220;<em>Desde un principio, en mi experiencia de m\u00e1s de una d\u00e9cada preparando a egresados de derecho para su examen de grado, se me hizo imperiosa la necesidad de elaborar apuntes sint\u00e9ticos y esquem\u00e1ticos en cada uno de los ramos de derecho civil y procesal, con el objeto de guiar a los alumnos en su largo proceso de estudio y as\u00ed, de una manera simple, lograr que pudieran distinguir n\u00edtidamente las materias principales, b\u00e1sicas y esenciales del examen de grado, de aquellas que son m\u00e1s bien accesorias.<\/em><\/p>\n<p style=\"font-weight: 400;\"><em>Este libro es producto de esos apuntes, enriquecido con las sugerencias e inquietudes de los innumerables alumnos que he tenido durante todos estos a\u00f1os. Adem\u00e1s, su contenido contempla las \u00faltimas modificaciones legales en materia civil y procesal, como las incorporadas por la Ley 21.394 que introduce \u201creformas al sistema de justicia\u201d y por la Ley 21.400 que consagra el \u201cmatrimonio igualitario\u201d.<\/em><\/p>\n<p style=\"font-weight: 400;\"><em>La obra no tiene como pretensi\u00f3n agotar los temas aqu\u00ed presentados, ni menos sustituir los valiosos tratados y manuales doctrinarios que existen en cada ramo de derecho civil y procesal, sino m\u00e1s bien, entregar una s\u00edntesis ordenada y esquematizada de las materias b\u00e1sicas y esenciales de esos ramos, que los alumnos deben saber, comprender y relacionar con claridad si pretenden rendir con \u00e9xito su examen de grado.<\/em><\/p>\n<p style=\"font-weight: 400;\"><em>El libro consta de dos partes: la primera, de \u201cDerecho Civil\u201d, que comprende los ramos de introducci\u00f3n al derecho civil, los actos jur\u00eddicos, los bienes, las obligaciones, los contratos, derecho de familia y derecho sucesorio; y la segunda, de \u201cDerecho Procesal\u201d, que comprende los ramos de derecho procesal org\u00e1nico, disposiciones comunes a todo procedimiento, los juicios, recursos procesales civiles y derecho procesal penal.<\/em>&#8220;<\/p>\n<p style=\"font-weight: 400;\">\u00cdndice completo\u00a0<a href=\"https:\/\/libromar.cl\/index.php?controller=attachment&amp;id_attachment=9\">AQU\u00cd<\/a><\/p>\n<p style=\"font-weight: 400;\">\n<p style=\"font-weight: 400;\"><b><strong>PRIMERA PARTE<br \/>\n<\/strong><\/b><b><strong>DERECHO CIVIL<\/strong><\/b><b><strong><br \/>\n<\/strong><\/b><br \/>\n<b><strong>CAP\u00cdTULO 1<br \/>\nINTRODUCCI\u00d3N AL DERECHO CIVIL<\/strong><\/b><\/p>\n<p style=\"font-weight: 400;\">DERECHO<\/p>\n<p style=\"font-weight: 400;\">DERECHO CIVIL<\/p>\n<p style=\"font-weight: 400;\">LA LEY<\/p>\n<p style=\"font-weight: 400;\">APLICACI\u00d3N DE LA LEY EN EL TIEMPO<\/p>\n<p style=\"font-weight: 400;\">INTERPRETACI\u00d3N DE LA LEY<\/p>\n<p style=\"font-weight: 400;\">LAS PERSONAS<\/p>\n<p style=\"font-weight: 400;\"><b><strong>CAP\u00cdTULO 2<\/strong><\/b><br \/>\n<b><strong>LOS ACTOS JUR\u00cdDICOS<\/strong><\/b><\/p>\n<p style=\"font-weight: 400;\">HECHOS<\/p>\n<p style=\"font-weight: 400;\">ACTO JUR\u00cdDICO<\/p>\n<p style=\"font-weight: 400;\">VOLUNTAD<\/p>\n<p style=\"font-weight: 400;\">CONSENTIMIENTO<\/p>\n<p style=\"font-weight: 400;\">VICIOS DEL CONSENTIMIENTO<\/p>\n<p style=\"font-weight: 400;\">CAPACIDAD<\/p>\n<p style=\"font-weight: 400;\">OBJETO<\/p>\n<p style=\"font-weight: 400;\">CAUSA<\/p>\n<p style=\"font-weight: 400;\">SOLEMNIDADES<\/p>\n<p style=\"font-weight: 400;\">LA REPRESENTACI\u00d3N<\/p>\n<p style=\"font-weight: 400;\">LA NULIDAD<\/p>\n<p style=\"font-weight: 400;\">INOPONIBILIDAD<\/p>\n<p style=\"font-weight: 400;\">SIMULACI\u00d3N<\/p>\n<p style=\"font-weight: 400;\">LA PRUEBA<\/p>\n<p style=\"font-weight: 400;\"><b><strong>CAP\u00cdTULO 3<br \/>\nLOS BIENES<\/strong><\/b><\/p>\n<p style=\"font-weight: 400;\">COSA<\/p>\n<p style=\"font-weight: 400;\">BIEN<\/p>\n<p style=\"font-weight: 400;\">CLASIFICACI\u00d3N DE LOS BIENES<\/p>\n<p style=\"font-weight: 400;\">DERECHO REAL DE DOMINIO<\/p>\n<p style=\"font-weight: 400;\">MODOS DE ADQUIRIR EL DOMINIO<\/p>\n<p style=\"font-weight: 400;\">LA OCUPACI\u00d3N<\/p>\n<p style=\"font-weight: 400;\">LA ACCESI\u00d3N<\/p>\n<p style=\"font-weight: 400;\">LA TRADICI\u00d3N<\/p>\n<p style=\"font-weight: 400;\">EL REGISTRO CONSERVATORIO DE BIENES RA\u00cdCES<\/p>\n<p style=\"font-weight: 400;\">LA POSESI\u00d3N<\/p>\n<p style=\"font-weight: 400;\">LA PRESCRIPCI\u00d3N<\/p>\n<p style=\"font-weight: 400;\">PRESCRIPCI\u00d3N ADQUISITIVA<\/p>\n<p style=\"font-weight: 400;\">ACCI\u00d3N REIVINDICATORIA<\/p>\n<p style=\"font-weight: 400;\">ACCIONES POSESORIAS<\/p>\n<p style=\"font-weight: 400;\"><b><strong>CAP\u00cdTULO 4<br \/>\nLAS OBLIGACIONES<\/strong><\/b><\/p>\n<p style=\"font-weight: 400;\">CONCEPTO<\/p>\n<p style=\"font-weight: 400;\">ELEMENTOS DE LAS OBLIGACIONES<\/p>\n<p style=\"font-weight: 400;\">FUENTES DE LAS OBLIGACIONES<\/p>\n<p style=\"font-weight: 400;\">CLASIFICACI\u00d3N DE LAS OBLIGACIONES<\/p>\n<p style=\"font-weight: 400;\">EFECTOS DE LAS OBLIGACIONES<\/p>\n<p style=\"font-weight: 400;\">EXTINCI\u00d3N DE LAS OBLIGACIONES<b><strong><\/p>\n<p><\/strong><\/b><\/p>\n<p style=\"font-weight: 400;\"><b><strong>CAP\u00cdTULO 5<\/strong><\/b><br \/>\n<b><strong>LOS CONTRATOS<\/strong><\/b><\/p>\n<p style=\"font-weight: 400;\">CONTRATOS<\/p>\n<p style=\"font-weight: 400;\">CLASIFICACI\u00d3N DE LOS CONTRATOS<\/p>\n<p style=\"font-weight: 400;\">EFECTOS DE LOS CONTRATOS<\/p>\n<p style=\"font-weight: 400;\">INTERPRETACI\u00d3N DE\u00a0LOS CONTRATOS<\/p>\n<p style=\"font-weight: 400;\">LA PROMESA<\/p>\n<p style=\"font-weight: 400;\">LA COMPRAVENTA<\/p>\n<p style=\"font-weight: 400;\">LA PERMUTA<\/p>\n<p style=\"font-weight: 400;\">EL ARRENDAMIENTO<\/p>\n<p style=\"font-weight: 400;\">LA HIPOTECA<\/p>\n<p style=\"font-weight: 400;\">LA FIANZA<\/p>\n<p style=\"font-weight: 400;\">EL MANDATO<\/p>\n<p style=\"font-weight: 400;\">RESPONSABILIDAD EXTRACONTRACTUAL<\/p>\n<p style=\"font-weight: 400;\"><b><strong>CAP\u00cdTULO 6<br \/>\nDERECHO DE FAMILIA<\/strong><\/b><\/p>\n<p style=\"font-weight: 400;\">EL MATRIMONIO<\/p>\n<p style=\"font-weight: 400;\">REQUISITOS DEL MATRIMONIO<\/p>\n<p style=\"font-weight: 400;\">DE LA SEPARACI\u00d3N DE LOS C\u00d3NYUGES<\/p>\n<p style=\"font-weight: 400;\">DE LA TERMINACI\u00d3N DEL MATRIMONIO<\/p>\n<p style=\"font-weight: 400;\">EFECTOS DEL MATRIMONIO<\/p>\n<p style=\"font-weight: 400;\">DERECHOS Y OBLIGACIONES ENTRE LOS C\u00d3NYUGES<\/p>\n<p style=\"font-weight: 400;\">R\u00c9GIMEN MATRIMONIAL<\/p>\n<p style=\"font-weight: 400;\">SOCIEDAD CONYUGAL<\/p>\n<p style=\"font-weight: 400;\">SEPARACI\u00d3N DE BIENES<\/p>\n<p style=\"font-weight: 400;\">PARTICIPACI\u00d3N EN LOS GANANCIALES<\/p>\n<p style=\"font-weight: 400;\">LOS BIENES FAMILIARES<\/p>\n<p style=\"font-weight: 400;\">LA FILIACI\u00d3N<\/p>\n<p style=\"font-weight: 400;\">EFECTOS DE LA FILIACI\u00d3N<\/p>\n<p style=\"font-weight: 400;\">EL ESTADO CIVIL<\/p>\n<p style=\"font-weight: 400;\"><b><strong>CAP\u00cdTULO 7<br \/>\nDERECHO SUCESORIO<\/strong><\/b><\/p>\n<p style=\"font-weight: 400;\">SUCESI\u00d3N POR CAUSA DE MUERTE<\/p>\n<p style=\"font-weight: 400;\">ASIGNACIONES Y ASIGNATARIOS<\/p>\n<p style=\"font-weight: 400;\">APERTURA DE LA SUCESI\u00d3N<\/p>\n<p style=\"font-weight: 400;\">DELACI\u00d3N DE LAS ASIGNACIONES<\/p>\n<p style=\"font-weight: 400;\">ACEPTACI\u00d3N O REPUDIACI\u00d3N DE LAS ASIGNACIONES<\/p>\n<p style=\"font-weight: 400;\">DERECHOS QUE CONCURREN EN LA SUCESI\u00d3N<\/p>\n<p style=\"font-weight: 400;\">DERECHO REAL DE HERENCIA<\/p>\n<p style=\"font-weight: 400;\">LOS ACERVOS<\/p>\n<p style=\"font-weight: 400;\">INCAPACIDADES E INDIGNIDADES PARA SUCEDER<\/p>\n<p style=\"font-weight: 400;\">LA SUCESI\u00d3N INTESTADA<\/p>\n<p style=\"font-weight: 400;\">SUCESI\u00d3N PARTE TESTADA Y PARTE INTESTADA<\/p>\n<p style=\"font-weight: 400;\">LA SUCESI\u00d3N TESTAMENTARIA<\/p>\n<p style=\"font-weight: 400;\">ASIGNACIONES TESTAMENTARIAS<\/p>\n<p style=\"font-weight: 400;\">ASIGNACIONES A T\u00cdTULO UNIVERSAL Y A T\u00cdTULO SINGULAR<\/p>\n<p style=\"font-weight: 400;\">ASIGNACIONES FORZOSAS<\/p>\n<p style=\"font-weight: 400;\">EL DESHEREDAMIENTO<\/p>\n<p style=\"font-weight: 400;\">ACCI\u00d3N DE REFORMA DEL TESTAMENTO<\/p>\n<p style=\"font-weight: 400;\">ACCI\u00d3N DE PETICI\u00d3N DE HERENCIA<\/p>\n<p style=\"font-weight: 400;\"><b><strong><br \/>\nSEGUNDA PARTE<br \/>\nDERECHO PROCESAL<\/strong><\/b><\/p>\n<p style=\"font-weight: 400;\"><b><strong>CAP\u00cdTULO 1<br \/>\nDERECHO PROCESAL ORG\u00c1NICO<\/strong><\/b><\/p>\n<p style=\"font-weight: 400;\">DERECHO PROCESAL<\/p>\n<p style=\"font-weight: 400;\">FORMA DE RESOLVER LOS CONFLICTOS<\/p>\n<p style=\"font-weight: 400;\">ALGUNOS CONCEPTOS PREVIOS<\/p>\n<p style=\"font-weight: 400;\">LA JURISDICCI\u00d3N<\/p>\n<p style=\"font-weight: 400;\">LA COMPETENCIA<\/p>\n<p style=\"font-weight: 400;\">PRINCIPIOS GENERALES DE LA COMPETENCIA<\/p>\n<p style=\"font-weight: 400;\">FACTORES O ELEMENTOS DE COMPETENCIA<\/p>\n<p style=\"font-weight: 400;\">PR\u00d3RROGA DE COMPETENCIA<\/p>\n<p style=\"font-weight: 400;\">PARALELO ENTRE JURISDICCI\u00d3N Y COMPETENCIA<\/p>\n<p style=\"font-weight: 400;\">TRIBUNALES DE JUSTICIA<\/p>\n<p style=\"font-weight: 400;\">TRIBUNALES ORDINARIOS<\/p>\n<p style=\"font-weight: 400;\">TRIBUNALES ARBITRALES<b><strong><\/p>\n<p><\/strong><\/b><\/p>\n<p style=\"font-weight: 400;\"><b><strong>CAP\u00cdTULO 2<br \/>\nDISPOSICIONES COMUNES A TODO PROCEDIMIENTO<\/strong><\/b><\/p>\n<p style=\"font-weight: 400;\">ESTRUCTURA DEL CPC<\/p>\n<p style=\"font-weight: 400;\">FORMA EN QUE SE APLICAN LAS NORMAS DEL CPC<\/p>\n<p style=\"font-weight: 400;\">LA ACCI\u00d3N<\/p>\n<p style=\"font-weight: 400;\">EL PROCESO<\/p>\n<p style=\"font-weight: 400;\">LAS PARTES DEL PROCESO<\/p>\n<p style=\"font-weight: 400;\">LA COMPARECENCIA<\/p>\n<p style=\"font-weight: 400;\">FORMACI\u00d3N DEL PROCESO<\/p>\n<p>LOS PLAZOS<\/p>\n<p style=\"font-weight: 400;\">RESOLUCIONES JUDICIALES<\/p>\n<p style=\"font-weight: 400;\">NOTIFICACIONES<\/p>\n<p style=\"font-weight: 400;\">EFECTO DE LAS RESOLUCIONES JUDICIALES<\/p>\n<p style=\"font-weight: 400;\">PREPARACI\u00d3N Y ASEGURAMIENTO DE LOS JUICIOS<\/p>\n<p style=\"font-weight: 400;\">COMPARECENCIA VOLUNTARIA EN AUDIENCIAS POR MEDIOS REMOTOS<\/p>\n<p style=\"font-weight: 400;\"><b><strong>CAP\u00cdTULO 3<br \/>\nLOS JUICIOS<\/strong><\/b><\/p>\n<p style=\"font-weight: 400;\">JUICIO ORDINARIO<\/p>\n<p style=\"font-weight: 400;\">CARACTER\u00cdSTICAS<\/p>\n<p style=\"font-weight: 400;\">ETAPAS<\/p>\n<p style=\"font-weight: 400;\">FORMAS DE INICIAR EL JUICIO ORDINARIO<\/p>\n<p style=\"font-weight: 400;\">DEMANDA<\/p>\n<p style=\"font-weight: 400;\">EMPLAZAMIENTO<\/p>\n<p style=\"font-weight: 400;\">ACTITUDES DEL DEMANDADO UNA VEZ NOTIFICADA LA DEMANDA<\/p>\n<p style=\"font-weight: 400;\">LA CONCILIACI\u00d3N<\/p>\n<p style=\"font-weight: 400;\">CERRADO EL DEBATE<\/p>\n<p style=\"font-weight: 400;\">RECEPCI\u00d3N DE LA CAUSA A PRUEBA<\/p>\n<p style=\"font-weight: 400;\">T\u00c9RMINO PROBATORIO<\/p>\n<p style=\"font-weight: 400;\">LA PRUEBA<\/p>\n<p style=\"font-weight: 400;\">TR\u00c1MITES POSTERIORES A LA PRUEBA<\/p>\n<p style=\"font-weight: 400;\">CITACI\u00d3N PARA O\u00cdR SENTENCIA<\/p>\n<p style=\"font-weight: 400;\">FORMAS DE PONER T\u00c9RMINO AL JUICIO ORDINARIO<\/p>\n<p style=\"font-weight: 400;\">MEDIDAS PARA MEJOR RESOLVER<\/p>\n<p style=\"font-weight: 400;\">PROCEDIMIENTO INCIDENTAL<\/p>\n<p style=\"font-weight: 400;\">INCIDENTES<\/p>\n<p style=\"font-weight: 400;\">JUICIO SUMARIO<\/p>\n<p style=\"font-weight: 400;\">OTROS TEMAS DEL JUICIO SUMARIO<\/p>\n<p style=\"font-weight: 400;\">JUICIO EJECUTIVO<\/p>\n<p style=\"font-weight: 400;\">JUICIO EJECUTIVO EN LAS OBLIGACIONES DE DAR<\/p>\n<p style=\"font-weight: 400;\">TRAMITACI\u00d3N DEL JUICIO EJECUTIVO<\/p>\n<p style=\"font-weight: 400;\">ACTOS JUDICIALES NO CONTENCIOSOS<\/p>\n<p style=\"font-weight: 400;\">ACTO JUDICIAL NO CONTENCIOSO<\/p>\n<p style=\"font-weight: 400;\"><b><strong>CAP\u00cdTULO 4<br \/>\nRECURSOS PROCESALES CIVILES<\/strong><\/b><\/p>\n<p style=\"font-weight: 400;\">GENERALIDADES SOBRE RECURSOS<\/p>\n<p style=\"font-weight: 400;\">RECURSO DE REPOSICI\u00d3N<\/p>\n<p style=\"font-weight: 400;\">RECURSO DE ACLARACI\u00d3N, RECTIFICACI\u00d3N O ENMIENDA<\/p>\n<p style=\"font-weight: 400;\">RECURSO DE APELACI\u00d3N<\/p>\n<p style=\"font-weight: 400;\">RECURSO DE HECHO<\/p>\n<p style=\"font-weight: 400;\">LA QUEJA DISCIPLINARIA<\/p>\n<p style=\"font-weight: 400;\">RECURSO DE QUEJA<\/p>\n<p style=\"font-weight: 400;\">RECURSO DE CASACI\u00d3N<\/p>\n<p style=\"font-weight: 400;\">RECURSO DE CASACI\u00d3N EN LA FORMA<\/p>\n<p style=\"font-weight: 400;\">RECURSO DE CASACI\u00d3N EN EL FONDO<\/p>\n<p style=\"font-weight: 400;\">LA NULIDAD PROCESAL<\/p>\n<p style=\"font-weight: 400;\"><b><strong>CAP\u00cdTULO 5<br \/>\nDERECHO PROCESAL PENAL<\/strong><\/b><\/p>\n<p style=\"font-weight: 400;\">ESTRUCTURA DEL C\u00d3DIGO PROCESAL PENAL<\/p>\n<p style=\"font-weight: 400;\">PRINCIPIOS DEL C\u00d3DIGO PROCESAL PENAL<\/p>\n<p style=\"font-weight: 400;\">LA ACCI\u00d3N PENAL<\/p>\n<p style=\"font-weight: 400;\">LA ACCI\u00d3N CIVIL<\/p>\n<p style=\"font-weight: 400;\">LOS SUJETOS PROCESALES<\/p>\n<p style=\"font-weight: 400;\">LAS MEDIDAS CAUTELARES<\/p>\n<p style=\"font-weight: 400;\">LA NULIDAD PROCESAL<\/p>\n<p style=\"font-weight: 400;\">LA ETAPA DE INVESTIGACI\u00d3N<\/p>\n<p style=\"font-weight: 400;\">LA PREPARACI\u00d3N DEL JUICIO ORAL<\/p>\n<p style=\"font-weight: 400;\">EL JUICIO ORAL<\/p>\n<p style=\"font-weight: 400;\">LOS RECURSOS<\/p>\n<p style=\"font-weight: 400;\">LOS PROCEDIMIENTOS ESPECIALES<\/p>\n<p style=\"font-weight: 400;\">\u2026<\/p>\n<p><b><strong>ANEXOS<\/strong><\/b><\/p>\n<p style=\"font-weight: 400;\">ANEXO 1<br \/>\nCONCEPTOS DE DERECHO CIVIL<\/p>\n<p style=\"font-weight: 400;\">ANEXO 2<br \/>\nCONCEPTOS DE DERECHO PROCESAL<\/p>\n<p style=\"font-weight: 400;\">\n","protected":false},"excerpt":{"rendered":"<p>&#8220;Desde un principio, en mi experiencia de m\u00e1s de una d\u00e9cada preparando a egresados de derecho para su examen de grado, se me hizo imperiosa la necesidad de elaborar apuntes sint\u00e9ticos y esquem\u00e1ticos en cada uno de los ramos de derecho civil y procesal, con el objeto de guiar a los alumnos en su largo proceso de estudio y as\u00ed, de una manera simple, lograr que pudieran distinguir n\u00edtidamente las materias principales, b\u00e1sicas y esenciales del examen de grado, de aquellas que son m\u00e1s bien accesorias. Este libro es producto de esos apuntes, enriquecido con las sugerencias e inquietudes de los innumerables alumnos que he tenido durante todos estos a\u00f1os. Adem\u00e1s, su contenido contempla las \u00faltimas modificaciones legales en materia civil y procesal, como las incorporadas por la Ley 21.394 que introduce \u201creformas al sistema de justicia\u201d y por la Ley 21.400 que consagra el \u201cmatrimonio igualitario\u201d. La obra no tiene como pretensi\u00f3n agotar los temas aqu\u00ed presentados, ni menos sustituir los valiosos tratados y manuales doctrinarios que existen en cada ramo de derecho civil y procesal, sino m\u00e1s bien, entregar una s\u00edntesis ordenada y esquematizada de las materias b\u00e1sicas y esenciales de esos ramos, que los alumnos deben saber, comprender y relacionar con claridad si pretenden rendir con \u00e9xito su examen de grado. El libro consta de dos partes: la primera, de \u201cDerecho Civil\u201d, que comprende los ramos de introducci\u00f3n al derecho civil, los actos jur\u00eddicos, los bienes, las obligaciones, los contratos, derecho de familia y derecho sucesorio; y la segunda, de \u201cDerecho Procesal\u201d, que comprende los ramos de derecho procesal org\u00e1nico, disposiciones comunes a todo procedimiento, los juicios, recursos procesales civiles y derecho procesal penal.&#8220; \u00cdndice completo\u00a0AQU\u00cd PRIMERA PARTE DERECHO CIVIL CAP\u00cdTULO 1 INTRODUCCI\u00d3N AL DERECHO CIVIL DERECHO DERECHO CIVIL LA LEY APLICACI\u00d3N DE LA LEY EN EL TIEMPO INTERPRETACI\u00d3N DE LA LEY LAS PERSONAS CAP\u00cdTULO 2 LOS ACTOS JUR\u00cdDICOS HECHOS ACTO JUR\u00cdDICO VOLUNTAD CONSENTIMIENTO VICIOS DEL CONSENTIMIENTO CAPACIDAD OBJETO CAUSA SOLEMNIDADES LA REPRESENTACI\u00d3N LA NULIDAD INOPONIBILIDAD SIMULACI\u00d3N LA PRUEBA CAP\u00cdTULO 3 LOS BIENES COSA BIEN CLASIFICACI\u00d3N DE LOS BIENES DERECHO REAL DE DOMINIO MODOS DE ADQUIRIR EL DOMINIO LA OCUPACI\u00d3N LA ACCESI\u00d3N LA TRADICI\u00d3N EL REGISTRO CONSERVATORIO DE BIENES RA\u00cdCES LA POSESI\u00d3N LA PRESCRIPCI\u00d3N PRESCRIPCI\u00d3N ADQUISITIVA ACCI\u00d3N REIVINDICATORIA ACCIONES POSESORIAS CAP\u00cdTULO 4 LAS OBLIGACIONES CONCEPTO ELEMENTOS DE LAS OBLIGACIONES FUENTES DE LAS OBLIGACIONES CLASIFICACI\u00d3N DE LAS OBLIGACIONES EFECTOS DE LAS OBLIGACIONES EXTINCI\u00d3N DE LAS OBLIGACIONES CAP\u00cdTULO 5 LOS CONTRATOS CONTRATOS CLASIFICACI\u00d3N DE LOS CONTRATOS EFECTOS DE LOS CONTRATOS INTERPRETACI\u00d3N DE\u00a0LOS CONTRATOS LA PROMESA LA COMPRAVENTA LA PERMUTA EL ARRENDAMIENTO LA HIPOTECA LA FIANZA EL MANDATO RESPONSABILIDAD EXTRACONTRACTUAL CAP\u00cdTULO 6 DERECHO DE FAMILIA EL MATRIMONIO REQUISITOS DEL MATRIMONIO DE LA SEPARACI\u00d3N DE LOS C\u00d3NYUGES DE LA TERMINACI\u00d3N DEL MATRIMONIO EFECTOS DEL MATRIMONIO DERECHOS Y OBLIGACIONES ENTRE LOS C\u00d3NYUGES R\u00c9GIMEN MATRIMONIAL SOCIEDAD CONYUGAL SEPARACI\u00d3N DE BIENES PARTICIPACI\u00d3N EN LOS GANANCIALES LOS BIENES FAMILIARES LA FILIACI\u00d3N EFECTOS DE LA FILIACI\u00d3N EL ESTADO CIVIL CAP\u00cdTULO 7 DERECHO SUCESORIO SUCESI\u00d3N POR CAUSA DE MUERTE ASIGNACIONES Y ASIGNATARIOS APERTURA DE LA SUCESI\u00d3N DELACI\u00d3N DE LAS ASIGNACIONES ACEPTACI\u00d3N O REPUDIACI\u00d3N DE LAS ASIGNACIONES DERECHOS QUE CONCURREN EN LA SUCESI\u00d3N DERECHO REAL DE HERENCIA LOS ACERVOS INCAPACIDADES E INDIGNIDADES PARA SUCEDER LA SUCESI\u00d3N INTESTADA SUCESI\u00d3N PARTE TESTADA Y PARTE INTESTADA LA SUCESI\u00d3N TESTAMENTARIA ASIGNACIONES TESTAMENTARIAS ASIGNACIONES A T\u00cdTULO UNIVERSAL Y A T\u00cdTULO SINGULAR ASIGNACIONES FORZOSAS EL DESHEREDAMIENTO ACCI\u00d3N DE REFORMA DEL TESTAMENTO ACCI\u00d3N DE PETICI\u00d3N DE HERENCIA SEGUNDA PARTE DERECHO PROCESAL CAP\u00cdTULO 1 DERECHO PROCESAL ORG\u00c1NICO DERECHO PROCESAL FORMA DE RESOLVER LOS CONFLICTOS ALGUNOS CONCEPTOS PREVIOS LA JURISDICCI\u00d3N LA COMPETENCIA PRINCIPIOS GENERALES DE LA COMPETENCIA FACTORES O ELEMENTOS DE COMPETENCIA PR\u00d3RROGA DE COMPETENCIA PARALELO ENTRE JURISDICCI\u00d3N Y COMPETENCIA TRIBUNALES DE JUSTICIA TRIBUNALES ORDINARIOS TRIBUNALES ARBITRALES CAP\u00cdTULO 2 DISPOSICIONES COMUNES A TODO PROCEDIMIENTO ESTRUCTURA DEL CPC FORMA EN QUE SE APLICAN LAS NORMAS DEL CPC LA ACCI\u00d3N EL PROCESO LAS PARTES DEL PROCESO LA COMPARECENCIA FORMACI\u00d3N DEL PROCESO LOS PLAZOS RESOLUCIONES JUDICIALES NOTIFICACIONES EFECTO DE LAS RESOLUCIONES JUDICIALES PREPARACI\u00d3N Y ASEGURAMIENTO DE LOS JUICIOS COMPARECENCIA VOLUNTARIA EN AUDIENCIAS POR MEDIOS REMOTOS CAP\u00cdTULO 3 LOS JUICIOS JUICIO ORDINARIO CARACTER\u00cdSTICAS ETAPAS FORMAS DE INICIAR EL JUICIO ORDINARIO DEMANDA EMPLAZAMIENTO ACTITUDES DEL DEMANDADO UNA VEZ NOTIFICADA LA DEMANDA LA CONCILIACI\u00d3N CERRADO EL DEBATE RECEPCI\u00d3N DE LA CAUSA A PRUEBA T\u00c9RMINO PROBATORIO LA PRUEBA TR\u00c1MITES POSTERIORES A LA PRUEBA CITACI\u00d3N PARA O\u00cdR SENTENCIA FORMAS DE PONER T\u00c9RMINO AL JUICIO ORDINARIO MEDIDAS PARA MEJOR RESOLVER PROCEDIMIENTO INCIDENTAL INCIDENTES JUICIO SUMARIO OTROS TEMAS DEL JUICIO SUMARIO JUICIO EJECUTIVO JUICIO EJECUTIVO EN LAS OBLIGACIONES DE DAR TRAMITACI\u00d3N DEL JUICIO EJECUTIVO ACTOS JUDICIALES NO CONTENCIOSOS ACTO JUDICIAL NO CONTENCIOSO CAP\u00cdTULO 4 RECURSOS PROCESALES CIVILES GENERALIDADES SOBRE RECURSOS RECURSO DE REPOSICI\u00d3N RECURSO DE ACLARACI\u00d3N, RECTIFICACI\u00d3N O ENMIENDA RECURSO DE APELACI\u00d3N RECURSO DE HECHO LA QUEJA DISCIPLINARIA RECURSO DE QUEJA RECURSO DE CASACI\u00d3N RECURSO DE CASACI\u00d3N EN LA FORMA RECURSO DE CASACI\u00d3N EN EL FONDO LA NULIDAD PROCESAL CAP\u00cdTULO 5 DERECHO PROCESAL PENAL ESTRUCTURA DEL C\u00d3DIGO PROCESAL PENAL PRINCIPIOS DEL C\u00d3DIGO PROCESAL PENAL LA ACCI\u00d3N PENAL LA ACCI\u00d3N CIVIL LOS SUJETOS PROCESALES LAS MEDIDAS CAUTELARES LA NULIDAD PROCESAL LA ETAPA DE INVESTIGACI\u00d3N LA PREPARACI\u00d3N DEL JUICIO ORAL EL JUICIO ORAL LOS RECURSOS LOS PROCEDIMIENTOS ESPECIALES \u2026 ANEXOS ANEXO 1 CONCEPTOS DE DERECHO CIVIL ANEXO 2 CONCEPTOS DE DERECHO PROCESAL<\/p>\n","protected":false},"featured_media":2845,"comment_status":"open","ping_status":"closed","template":"","meta":{"inline_featured_image":false,"_joinchat":[]},"product_brand":[],"product_cat":[27],"product_tag":[],"class_list":{"0":"post-2800","1":"product","2":"type-product","3":"status-publish","4":"has-post-thumbnail","6":"product_cat-civil","8":"first","9":"instock","10":"shipping-taxable","11":"purchasable","12":"product-type-simple"},"_links":{"self":[{"href":"https:\/\/bibliotecajuridicavirtual.cl\/index.php\/wp-json\/wp\/v2\/product\/2800","targetHints":{"allow":["GET"]}}],"collection":[{"href":"https:\/\/bibliotecajuridicavirtual.cl\/index.php\/wp-json\/wp\/v2\/product"}],"about":[{"href":"https:\/\/bibliotecajuridicavirtual.cl\/index.php\/wp-json\/wp\/v2\/types\/product"}],"replies":[{"embeddable":true,"href":"https:\/\/bibliotecajuridicavirtual.cl\/index.php\/wp-json\/wp\/v2\/comments?post=2800"}],"wp:featuredmedia":[{"embeddable":true,"href":"https:\/\/bibliotecajuridicavirtual.cl\/index.php\/wp-json\/wp\/v2\/media\/2845"}],"wp:attachment":[{"href":"https:\/\/bibliotecajuridicavirtual.cl\/index.php\/wp-json\/wp\/v2\/media?parent=2800"}],"wp:term":[{"taxonomy":"product_brand","embeddable":true,"href":"https:\/\/bibliotecajuridicavirtual.cl\/index.php\/wp-json\/wp\/v2\/product_brand?post=2800"},{"taxonomy":"product_cat","embeddable":true,"href":"https:\/\/bibliotecajuridicavirtual.cl\/index.php\/wp-json\/wp\/v2\/product_cat?post=2800"},{"taxonomy":"product_tag","embeddable":true,"href":"https:\/\/bibliotecajuridicavirtual.cl\/index.php\/wp-json\/wp\/v2\/product_tag?post=2800"}],"curies":[{"name":"wp","href":"https:\/\/api.w.org\/{rel}","templated":true}]}}