{"id":2801,"date":"2026-02-28T01:05:46","date_gmt":"2026-02-28T04:05:46","guid":{"rendered":"https:\/\/bibliotecajuridicavirtual.cl\/?post_type=product&#038;p=2801"},"modified":"2026-02-28T01:06:32","modified_gmt":"2026-02-28T04:06:32","slug":"el-abandono-del-procedimiento-doctrina-y-jurisprudencia-ano-2016-406-pag-autor-jorge-correa-selame","status":"publish","type":"product","link":"https:\/\/bibliotecajuridicavirtual.cl\/index.php\/product\/el-abandono-del-procedimiento-doctrina-y-jurisprudencia-ano-2016-406-pag-autor-jorge-correa-selame\/","title":{"rendered":"El Abandono del Procedimiento. Doctrina y Jurisprudencia. A\u00f1o 2016\/ 406 P\u00e1g. Autor Jorge Correa Selam\u00e9"},"content":{"rendered":"<p>Carnelutti habla de la crisis del procedimiento \u201cpara detonar el efecto que sobre \u00e9l ejercen ciertos hechos que le impiden conseguir, prosiguiendo normalmente su curso, la finalidad a que tiende\u201d, la extinci\u00f3n del procedimiento puede ser por inactividad de las partes o por inactividad del oficio, tratando nuestro c\u00f3digo de la extinci\u00f3n del procedimiento por inactividad de las partes, sin regular la incivilidad del oficio, es decir, del tribuna, porque ella \u201cno es previsible sino a consecuencia de eventos catastr\u00f3ficos que pongan el oficio en la imposibilidad de actuar\u201d.<\/p>\n<p>En Chile, sin embargo, hubo inactividad transitoria del oficio, el 9 de mayo de 1972, en que una poblada de mas o menos 200 personas \u201cse tom\u00f3 el juzgado de letras e impidi\u00f3 que salieran de \u00e9l el juez se\u00f1or Olate, 7 empleados y algunos litigantes, los cuales quedaron retenidos en la sala de audiencias\u201d, hablando el juez con el subsecretario, y al manifestarle \u201cque dar\u00eda orden de detenci\u00f3n en contra de las personas que hab\u00edan participado en la \u2018toma\u201d\u2019, dicho funcionario, dirigi\u00e9ndose al oficial de carabineros, le indic\u00f3 que no cumpliera con dicha orden. El subsecretario correspond\u00eda a la cartera de justicia y era jos\u00e9 Antonio Viera-Gallo Quesney<\/p>\n<p>En la actualidad, con motivo de la vigencia del principio de otralidad en los procedimientos, hemos presenciado, tambi\u00e9n, situaciones de interrupci\u00f3n temporal de la instancia con motivo de des\u00f3rdenes de los participantes en las audiencias. En todo caso, en esta obra ahondamos en la extinci\u00f3n del procedimiento por inactividad de las partes.<\/p>\n<p>CAP\u00cdTULO I<\/p>\n<p>CONCEPTO. NATURALEZA JUR\u00cdDICA Y FUNDAMENTOS<\/p>\n<p>1. Concepto<\/p>\n<p>2. Naturaleza jur\u00eddica<\/p>\n<p>3. Fundamentos<\/p>\n<p>CAP\u00cdTULO II<\/p>\n<p>ORIGENES. INSTANCIA Y PROCEDIMEINTO.DENOMINACI\u00d3N<\/p>\n<p>1. Or\u00edgenes<\/p>\n<p>2. Instancia y procedimiento. Denominaci\u00f3n<\/p>\n<p>CAP\u00cdTULO III<\/p>\n<p>CAMPO DE APLICACI\u00d3N DEL ABANDONO DEL PROCEDIMEINTO<\/p>\n<p>1. Procedencia<\/p>\n<p>2. Improcedencia<\/p>\n<p>A. Situaciones contempladas en el C\u00f3digo<\/p>\n<p>B. Situaciones no contempladas en el C\u00f3digo<\/p>\n<p>C. Improcedencia de car\u00e1cter general<\/p>\n<p>CAP\u00cdTULO IV<\/p>\n<p>EL INCIDENTE EN OTROS PROCEDIMENTOS<\/p>\n<p>1. El abandono del procedimiento en el C\u00f3digo Procesal Penal<\/p>\n<p>a. Acci\u00f3n Civil<\/p>\n<p>b. Abandono de la querella<\/p>\n<p>c. Abandono del recurso<\/p>\n<p>d. Abandono respecto de los delitos de acci\u00f3n privada<\/p>\n<p>2. El abandono del procedimiento en el C\u00f3digo de Miner\u00eda<\/p>\n<p>3. El abandono del procedimiento en la ley de bancos<\/p>\n<p>4. El abandono del procedimiento en el Dl. N\u00b02695, de 1979, sobre regularizaci\u00f3n de la propiedad ra\u00edz<\/p>\n<p>5. El abandono del procedimiento en la ley de procedimientos administrativos que rigen los actos de los \u00f3rganos de la administraci\u00f3n del estado<\/p>\n<p>6. El abandono del procedimiento en la ley de expropiaciones<\/p>\n<p>7. El abandono del procedimiento en la ley org\u00e1nica constitucional de municipalidades<\/p>\n<p>8. El abandono del procedimiento en la ley medio ambiente<\/p>\n<p>CAP\u00cdTULO V<\/p>\n<p>REQUISITOS. ANALISIS<\/p>\n<p>A. Requisitos<\/p>\n<p>1\u00b0. Cesaci\u00f3n en la prosecuci\u00f3n del juicio o inactividad de las partes contados desde la fecha de la \u00faltima resoluci\u00f3n recauda en alguna gesti\u00f3n \u00fatil para dar curso progresivo a los autos<\/p>\n<p>a. partes<\/p>\n<p>b. juicio<\/p>\n<p>c. cesaci\u00f3n en la prosecuci\u00f3n del juicio<\/p>\n<p>d. contados desde la \u00faltima resoluci\u00f3n reca\u00edda en alguna gesti\u00f3n \u00fatil<\/p>\n<p>2\u00b0. Transcurso del tiempo o plazos necesarios para que proceda el abandono del procedimiento<\/p>\n<p>A). Forma de contar el plazo<\/p>\n<p>B). Suspensiones del plazo<\/p>\n<p>a. suspensi\u00f3n del procedimiento<\/p>\n<p>b. fuerza mayor o caso fortuito<\/p>\n<p>C). Diversos cuadernos<\/p>\n<p>3\u00b0. Petici\u00f3n de parte<\/p>\n<p>4\u00b0. Declaraci\u00f3n del tribunal<\/p>\n<p>CAP\u00cdTULO VI<\/p>\n<p>FORMAS DE ALEGRAR EL ABANDONO DEL PROCEDIMIENTO. RENUNCIA DEL DERECHO A ALEGARLO<\/p>\n<p>1. Formas de alegarlo<\/p>\n<p>A. V\u00eda de acci\u00f3n<\/p>\n<p>B. V\u00eda de excepci\u00f3n<\/p>\n<p>2. Renuncia del derecho a alegar el abandono<\/p>\n<p>CAP\u00cdTULO VII<\/p>\n<p>OPRTUNIDAD PARA SOLICITAR EL ABANDONO DEL PROCEDIMIENTO<\/p>\n<p>1. Regla general<\/p>\n<p>2. Situaci\u00f3n especial<\/p>\n<p>3. Transcurso del tiempo o plazo necesario para alegar el abandono<\/p>\n<p>4. Desde cuando se encuentra el plazo<\/p>\n<p>CAP\u00cdTULO VIII<\/p>\n<p>TRAMITACI\u00d3N Y RECURSOS<\/p>\n<p>1. Introducci\u00f3n<\/p>\n<p>2. Tramitaci\u00f3n<\/p>\n<p>a). Interposici\u00f3n<\/p>\n<p>b). traslado<\/p>\n<p>c). resoluci\u00f3n del tribunal<\/p>\n<p>d). prueba<\/p>\n<p>e). t\u00e9rminos probatorios<\/p>\n<p>f). resoluci\u00f3n<\/p>\n<p>g). recursos<\/p>\n<p>1\u00b0. Naturaleza jur\u00eddica de la resoluci\u00f3n que resuelve la solicitud de abandono del procedimiento<\/p>\n<p>2\u00b0. Recursos que proceden<\/p>\n<p>a). resoluci\u00f3n pronunciada en \u00fanica instancia que rechaza la declaraci\u00f3n del abandono del procedimiento<\/p>\n<p>b). resoluci\u00f3n pronunciada en \u00fanica instancia que acoge la declaraci\u00f3n del abandono del procedimiento<\/p>\n<p>c). Resoluci\u00f3n pronunciada en primera instancia que rechaza la declaraci\u00f3n del abandono<\/p>\n<p>d). resoluci\u00f3n pronunciada en primera instancia que acoge el abandono del procedimiento<\/p>\n<p>e). Resoluci\u00f3n pronunciada en segunda instancia que rechaza la declaraci\u00f3n del abandono<\/p>\n<p>1\u00b0 Sila resoluci\u00f3n de segunda instancia se ha limitado a confirmar la de primera que hab\u00eda negado al abandono<\/p>\n<p>2\u00b0 Si la resoluci\u00f3n de segunda instancia rechaza la declaraci\u00f3n del abandono que ha sido pedido en esa instancia<\/p>\n<p>f). Resoluci\u00f3n pronunciada en segunda instancia que acoge el abandono<\/p>\n<p>1\u00b0. Si la resoluci\u00f3n de segunda instancia se ha limitado a confirmar la de primera que declaro el abandono<\/p>\n<p>2\u00b0Si la resoluci\u00f3n de segunda instancia declara el abandono promovido en esa instancia<\/p>\n<p>CAP\u00cdTULO IX<\/p>\n<p>EFECTOS QUE PRODUCE LA DECLARACI\u00d3N DEL ABANDONO DEL PROCEDIMIENTO<\/p>\n<p>1. Introducci\u00f3n<\/p>\n<p>2. Efectos Civiles<\/p>\n<p>3. Efectos procesales<\/p>\n<p>4. Otros efectos<\/p>\n<p>Conclusiones<\/p>\n<p>Bibliograf\u00eda<\/p>\n<p>&nbsp;<\/p>\n<p>\u00edndice jurisprudencia<\/p>\n","protected":false},"excerpt":{"rendered":"<p>Carnelutti habla de la crisis del procedimiento \u201cpara detonar el efecto que sobre \u00e9l ejercen ciertos hechos que le impiden conseguir, prosiguiendo normalmente su curso, la finalidad a que tiende\u201d, la extinci\u00f3n del procedimiento puede ser por inactividad de las partes o por inactividad del oficio, tratando nuestro c\u00f3digo de la extinci\u00f3n del procedimiento por inactividad de las partes, sin regular la incivilidad del oficio, es decir, del tribuna, porque ella \u201cno es previsible sino a consecuencia de eventos catastr\u00f3ficos que pongan el oficio en la imposibilidad de actuar\u201d. En Chile, sin embargo, hubo inactividad transitoria del oficio, el 9 de mayo de 1972, en que una poblada de mas o menos 200 personas \u201cse tom\u00f3 el juzgado de letras e impidi\u00f3 que salieran de \u00e9l el juez se\u00f1or Olate, 7 empleados y algunos litigantes, los cuales quedaron retenidos en la sala de audiencias\u201d, hablando el juez con el subsecretario, y al manifestarle \u201cque dar\u00eda orden de detenci\u00f3n en contra de las personas que hab\u00edan participado en la \u2018toma\u201d\u2019, dicho funcionario, dirigi\u00e9ndose al oficial de carabineros, le indic\u00f3 que no cumpliera con dicha orden. El subsecretario correspond\u00eda a la cartera de justicia y era jos\u00e9 Antonio Viera-Gallo Quesney En la actualidad, con motivo de la vigencia del principio de otralidad en los procedimientos, hemos presenciado, tambi\u00e9n, situaciones de interrupci\u00f3n temporal de la instancia con motivo de des\u00f3rdenes de los participantes en las audiencias. En todo caso, en esta obra ahondamos en la extinci\u00f3n del procedimiento por inactividad de las partes. CAP\u00cdTULO I CONCEPTO. NATURALEZA JUR\u00cdDICA Y FUNDAMENTOS 1. Concepto 2. Naturaleza jur\u00eddica 3. Fundamentos CAP\u00cdTULO II ORIGENES. INSTANCIA Y PROCEDIMEINTO.DENOMINACI\u00d3N 1. Or\u00edgenes 2. Instancia y procedimiento. Denominaci\u00f3n CAP\u00cdTULO III CAMPO DE APLICACI\u00d3N DEL ABANDONO DEL PROCEDIMEINTO 1. Procedencia 2. Improcedencia A. Situaciones contempladas en el C\u00f3digo B. Situaciones no contempladas en el C\u00f3digo C. Improcedencia de car\u00e1cter general CAP\u00cdTULO IV EL INCIDENTE EN OTROS PROCEDIMENTOS 1. El abandono del procedimiento en el C\u00f3digo Procesal Penal a. Acci\u00f3n Civil b. Abandono de la querella c. Abandono del recurso d. Abandono respecto de los delitos de acci\u00f3n privada 2. El abandono del procedimiento en el C\u00f3digo de Miner\u00eda 3. El abandono del procedimiento en la ley de bancos 4. El abandono del procedimiento en el Dl. N\u00b02695, de 1979, sobre regularizaci\u00f3n de la propiedad ra\u00edz 5. El abandono del procedimiento en la ley de procedimientos administrativos que rigen los actos de los \u00f3rganos de la administraci\u00f3n del estado 6. El abandono del procedimiento en la ley de expropiaciones 7. El abandono del procedimiento en la ley org\u00e1nica constitucional de municipalidades 8. El abandono del procedimiento en la ley medio ambiente CAP\u00cdTULO V REQUISITOS. ANALISIS A. Requisitos 1\u00b0. Cesaci\u00f3n en la prosecuci\u00f3n del juicio o inactividad de las partes contados desde la fecha de la \u00faltima resoluci\u00f3n recauda en alguna gesti\u00f3n \u00fatil para dar curso progresivo a los autos a. partes b. juicio c. cesaci\u00f3n en la prosecuci\u00f3n del juicio d. contados desde la \u00faltima resoluci\u00f3n reca\u00edda en alguna gesti\u00f3n \u00fatil 2\u00b0. Transcurso del tiempo o plazos necesarios para que proceda el abandono del procedimiento A). Forma de contar el plazo B). Suspensiones del plazo a. suspensi\u00f3n del procedimiento b. fuerza mayor o caso fortuito C). Diversos cuadernos 3\u00b0. Petici\u00f3n de parte 4\u00b0. Declaraci\u00f3n del tribunal CAP\u00cdTULO VI FORMAS DE ALEGRAR EL ABANDONO DEL PROCEDIMIENTO. RENUNCIA DEL DERECHO A ALEGARLO 1. Formas de alegarlo A. V\u00eda de acci\u00f3n B. V\u00eda de excepci\u00f3n 2. Renuncia del derecho a alegar el abandono CAP\u00cdTULO VII OPRTUNIDAD PARA SOLICITAR EL ABANDONO DEL PROCEDIMIENTO 1. Regla general 2. Situaci\u00f3n especial 3. Transcurso del tiempo o plazo necesario para alegar el abandono 4. Desde cuando se encuentra el plazo CAP\u00cdTULO VIII TRAMITACI\u00d3N Y RECURSOS 1. Introducci\u00f3n 2. Tramitaci\u00f3n a). Interposici\u00f3n b). traslado c). resoluci\u00f3n del tribunal d). prueba e). t\u00e9rminos probatorios f). resoluci\u00f3n g). recursos 1\u00b0. Naturaleza jur\u00eddica de la resoluci\u00f3n que resuelve la solicitud de abandono del procedimiento 2\u00b0. Recursos que proceden a). resoluci\u00f3n pronunciada en \u00fanica instancia que rechaza la declaraci\u00f3n del abandono del procedimiento b). resoluci\u00f3n pronunciada en \u00fanica instancia que acoge la declaraci\u00f3n del abandono del procedimiento c). Resoluci\u00f3n pronunciada en primera instancia que rechaza la declaraci\u00f3n del abandono d). resoluci\u00f3n pronunciada en primera instancia que acoge el abandono del procedimiento e). Resoluci\u00f3n pronunciada en segunda instancia que rechaza la declaraci\u00f3n del abandono 1\u00b0 Sila resoluci\u00f3n de segunda instancia se ha limitado a confirmar la de primera que hab\u00eda negado al abandono 2\u00b0 Si la resoluci\u00f3n de segunda instancia rechaza la declaraci\u00f3n del abandono que ha sido pedido en esa instancia f). Resoluci\u00f3n pronunciada en segunda instancia que acoge el abandono 1\u00b0. Si la resoluci\u00f3n de segunda instancia se ha limitado a confirmar la de primera que declaro el abandono 2\u00b0Si la resoluci\u00f3n de segunda instancia declara el abandono promovido en esa instancia CAP\u00cdTULO IX EFECTOS QUE PRODUCE LA DECLARACI\u00d3N DEL ABANDONO DEL PROCEDIMIENTO 1. Introducci\u00f3n 2. Efectos Civiles 3. Efectos procesales 4. Otros efectos Conclusiones Bibliograf\u00eda &nbsp; \u00edndice jurisprudencia<\/p>\n","protected":false},"featured_media":2855,"comment_status":"open","ping_status":"closed","template":"","meta":{"inline_featured_image":false,"_joinchat":[]},"product_brand":[],"product_cat":[27,40],"product_tag":[],"class_list":{"0":"post-2801","1":"product","2":"type-product","3":"status-publish","4":"has-post-thumbnail","6":"product_cat-civil","7":"product_cat-ediciones-juridica-de-santiago","8":"product_shipping_class-a-convenir","10":"first","11":"instock","12":"shipping-taxable","13":"purchasable","14":"product-type-simple"},"_links":{"self":[{"href":"https:\/\/bibliotecajuridicavirtual.cl\/index.php\/wp-json\/wp\/v2\/product\/2801","targetHints":{"allow":["GET"]}}],"collection":[{"href":"https:\/\/bibliotecajuridicavirtual.cl\/index.php\/wp-json\/wp\/v2\/product"}],"about":[{"href":"https:\/\/bibliotecajuridicavirtual.cl\/index.php\/wp-json\/wp\/v2\/types\/product"}],"replies":[{"embeddable":true,"href":"https:\/\/bibliotecajuridicavirtual.cl\/index.php\/wp-json\/wp\/v2\/comments?post=2801"}],"wp:featuredmedia":[{"embeddable":true,"href":"https:\/\/bibliotecajuridicavirtual.cl\/index.php\/wp-json\/wp\/v2\/media\/2855"}],"wp:attachment":[{"href":"https:\/\/bibliotecajuridicavirtual.cl\/index.php\/wp-json\/wp\/v2\/media?parent=2801"}],"wp:term":[{"taxonomy":"product_brand","embeddable":true,"href":"https:\/\/bibliotecajuridicavirtual.cl\/index.php\/wp-json\/wp\/v2\/product_brand?post=2801"},{"taxonomy":"product_cat","embeddable":true,"href":"https:\/\/bibliotecajuridicavirtual.cl\/index.php\/wp-json\/wp\/v2\/product_cat?post=2801"},{"taxonomy":"product_tag","embeddable":true,"href":"https:\/\/bibliotecajuridicavirtual.cl\/index.php\/wp-json\/wp\/v2\/product_tag?post=2801"}],"curies":[{"name":"wp","href":"https:\/\/api.w.org\/{rel}","templated":true}]}}