{"id":2802,"date":"2026-02-28T01:05:47","date_gmt":"2026-02-28T04:05:47","guid":{"rendered":"https:\/\/bibliotecajuridicavirtual.cl\/?post_type=product&#038;p=2802"},"modified":"2026-02-28T01:06:33","modified_gmt":"2026-02-28T04:06:33","slug":"manual-de-derecho-migratorio-chileno-ano-agosto-2023-430-pag-autor-mayra-feddersen-y-tomas-greene","status":"publish","type":"product","link":"https:\/\/bibliotecajuridicavirtual.cl\/index.php\/product\/manual-de-derecho-migratorio-chileno-ano-agosto-2023-430-pag-autor-mayra-feddersen-y-tomas-greene\/","title":{"rendered":"Manual de Derecho  Migratorio Chileno. A\u00f1o Agosto 2023\/430 P\u00e1g. Autor  Mayra Feddersen y Tom\u00e1s Greene"},"content":{"rendered":"<p>En las \u00faltimas d\u00e9cadas, el n\u00famero de migrantes en Chile se ha triplicado, lo que ha generado una mayor conciencia sobre su importancia y sus efectos en la sociedad, la econom\u00eda y la agenda pol\u00edtica del pa\u00eds. A pesar de dichos acontecimientos, el derecho migratorio a\u00fan se encuentra en desarrollo. Desde la publicaci\u00f3n de la primera edici\u00f3n de este manual, se han producido cambios significativos en el marco normativo migratorio chileno. Han pasado m\u00e1s de dos a\u00f1os desde la promulgaci\u00f3n de la Ley N\u00b0 21.325 y m\u00e1s de un a\u00f1o desde que entr\u00f3 en vigor, lo cual ha generado continuidades, pero tambi\u00e9n diferencias radicales con el periodo anterior. Es fundamental conocer y analizar cr\u00edticamente estos cambios y novedades y, en este contexto, el manual es y ser\u00e1 un punto de referencia preciso y actualizado para el desarrollo del derecho migratorio.<br \/>\nEste texto es una herramienta que guiar\u00e1 a sus lectores a trav\u00e9s de un nuevo territorio, aquel de la regulaci\u00f3n migratoria en nuestro pa\u00eds, el cual, en gran parte, es desconocida. Por lo tanto, no solo servir\u00e1 para ense\u00f1ar el derecho migratorio, sino tambi\u00e9n para aplicarlo en diversas situaciones. Ya sea como inmigrante, ejerciendo la abogac\u00eda o como autoridad p\u00fablica, sea en el dise\u00f1o de pol\u00edticas o en la toma de decisiones en procesos administrativos y jurisdiccionales, este manual ser\u00e1 de utilidad en diferentes \u00e1mbitos y roles.<\/p>\n<p style=\"font-weight: 400;\"><b><strong>CAP\u00cdTULO PRIMERO<\/strong><\/b><br \/>\n<b><strong>LAS POL\u00cdTICAS MIGRATORIAS EN EL MUNDO<\/strong><\/b><\/p>\n<ol>\n<li style=\"font-weight: 400;\">El estudio de las pol\u00edticas migratorias<br \/>\n2. Patrones migratorios en Sudam\u00e9rica<br \/>\n3. Las pol\u00edticas migratorias en Sudam\u00e9rica<\/li>\n<\/ol>\n<p style=\"font-weight: 400;\"><b><strong>CAP\u00cdTULO SEGUNDO<\/strong><\/b><br \/>\n<b><strong>HISTORIA DE LA LEGISLACI\u00d3N MIGRATORIA EN CHILE<\/strong><\/b><\/p>\n<ol>\n<li style=\"font-weight: 400;\">El impulso colonizador (1845-1917)<br \/>\n1.1. La migraci\u00f3n dirigida<br \/>\n1.2. La migraci\u00f3n espont\u00e1nea<\/li>\n<li style=\"font-weight: 400;\">El intento por controlar los flujos migratorios (1918-1974)<\/li>\n<li style=\"font-weight: 400;\">El paradigma de seguridad (1975-1989)<\/li>\n<li style=\"font-weight: 400;\">La perspectiva econ\u00f3mica y los derechos de los inmigrantes (1990 en adelante)<\/li>\n<li style=\"font-weight: 400;\">Caracterizaci\u00f3n demogr\u00e1fica y socioecon\u00f3mica de la inmigraci\u00f3n<\/li>\n<\/ol>\n<p style=\"font-weight: 400;\"><b><strong>CAP\u00cdTULO TERCERO<\/strong><\/b><br \/>\n<b><strong>LOS PRINCIPIOS FUNDAMENTALES DE LA LEY NO 21.325<\/strong><\/b><\/p>\n<ol>\n<li style=\"font-weight: 400;\">Principios generales de protecci\u00f3n<br \/>\n1.1. Promoci\u00f3n, respeto y garant\u00eda de derechos<br \/>\n1.2. Prohibici\u00f3n de la discriminaci\u00f3n arbitraria<br \/>\n1.3. Inter\u00e9s superior del ni\u00f1o, ni\u00f1a y adolescente<br \/>\n1.4. Integraci\u00f3n e inclusi\u00f3n<br \/>\n1.5. Migraci\u00f3n segura, ordenada y regular<br \/>\n1.6. Valor de la migraci\u00f3n para el Estado<br \/>\n1.7. No criminalizaci\u00f3n<br \/>\n1.8. Procedimiento migratorio informado<br \/>\n1.9. Protecci\u00f3n complementaria<br \/>\n1.10.Reglas de interpretaci\u00f3n: interpretaci\u00f3n arm\u00f3nica y el principio pro homine<\/li>\n<li style=\"font-weight: 400;\">Derechos de las personas extranjeras<br \/>\n2.1. Igualdad de derechos y obligaciones<br \/>\n2.2. Derechos laborales<br \/>\n2.3. Derecho de acceso a la salud<br \/>\n2.4. Acceso a la seguridad social y beneficios de cargo del Estado<br \/>\n2.5. Acceso a la educaci\u00f3n<br \/>\n2.6. Derecho de acceso a la vivienda<br \/>\n2.7. Derecho a la igual protecci\u00f3n de derechos y al debido proceso<br \/>\n2.8. Derechos propios del proceso migratorio<br \/>\n2.8.1. Reunificaci\u00f3n familiar<br \/>\n2.8.2. Env\u00edo y recepci\u00f3n de remesas<\/li>\n<\/ol>\n<p style=\"font-weight: 400;\"><b><strong>CAP\u00cdTULO CUARTO<\/strong><\/b><br \/>\n<b><strong>LA INSTITUCIONALIDAD MIGRATORIA<\/strong><\/b><\/p>\n<ol>\n<li style=\"font-weight: 400;\">La institucionalidad en la Ley No 21.325<br \/>\n1.1. El Ministerio del Interior<br \/>\n1.2. La Subsecretar\u00eda del Interior<br \/>\n1.3. El Servicio Nacional de Migraciones<br \/>\n1.4. El Consejo de Pol\u00edtica Migratoria<br \/>\n1.5. La Polic\u00eda de Investigaciones<br \/>\n1.6. El Ministerio de Relaciones Exteriores<br \/>\n1.7. Los ministerios sectoriales<br \/>\n1.7.1. El Servicio de Registro Civil e Identificaci\u00f3n<br \/>\n1.7.2. Gendarmer\u00eda de Chile<br \/>\n1.7.3. El Servicio Nacional de Protecci\u00f3n Especializada a la Ni\u00f1ez y Adolescencia y el Servicio Nacional de Reinserci\u00f3n Juvenil<br \/>\n1.7.4. La Direcci\u00f3n del Trabajo<br \/>\n1.7.5. El Servicio de Impuestos Internos<br \/>\n1.7.6. El Servicio Electoral<br \/>\n1.7.7. Las organizaciones privadas<\/li>\n<\/ol>\n<p style=\"font-weight: 400;\"><b><strong>CAP\u00cdTULO QUINTO<\/strong><\/b><br \/>\n<b><strong>LOS ESTATUTOS Y PERMISOS MIGRATORIOS<\/strong><\/b><\/p>\n<ol>\n<li style=\"font-weight: 400;\">Permisos de permanencia transitoria<br \/>\n1.1. Permiso de turismo y visto consular<br \/>\n1.2. Permiso para tripulantes y miembros de las dotaciones<br \/>\n1.3. Permiso para habitantes de zonas fronterizas y permiso de permanencia transitoria establecida en tratados internacionales<br \/>\n1.4. Otros permisos de permanencia transitoria<br \/>\n1.4.1. Permiso de ingreso condicionado<br \/>\n1.4.2. Permiso para residentes oficiales que terminan sus misiones<br \/>\n2. Permisos de residencia temporal<br \/>\n2.1. Permiso de residencia oficial<br \/>\n2.2. Reglas generales aplicables a los permisos de residencia temporal<br \/>\n2.3. Permisos de residencia temporal por especial v\u00ednculo con el pa\u00eds<br \/>\n2.3.1. Permiso de reunificaci\u00f3n familiar<br \/>\n2.3.2. Permiso para extitulares de residencia definitiva<br \/>\n2.4. Permisos de residencia temporal con fines laborales y de negocios<br \/>\n2.4.1. Permiso para el desarrollo de actividades remuneradas<br \/>\n2.4.2. Permiso para trabajos de temporada<br \/>\n2.4.3. Permiso para b\u00fasqueda de oportunidades laborales<br \/>\n2.4.4. Permiso para inversionistas<br \/>\n2.4.5. Permiso para negocios de m\u00faltiple entrada<br \/>\n2.5. Permisos de residencia temporal contemplados en Tratados Internacionales<br \/>\n2.6. Permisos de residencia temporal para otras actividades espec\u00edficas<br \/>\n2.7. Permisos de residencia temporal por motivos humanitarios<br \/>\n2.7.1. Permisos de residencia temporal para refugiados y asilados pol\u00edticos<\/li>\n<li style=\"font-weight: 400;\">La calidad del permiso de residencia: titulares y dependientes<\/li>\n<li style=\"font-weight: 400;\">Permisos de residencia definitiva<\/li>\n<li style=\"font-weight: 400;\">La condici\u00f3n migratoria irregular<br \/>\n5.1. Irregularidad de ingreso<br \/>\n5.2. Irregularidad de permanencia<br \/>\n5.3. Facultades excepcionales del Subsecretario del Interior para la regularizaci\u00f3n de situaciones migratorias irregulares<\/li>\n<\/ol>\n<p style=\"font-weight: 400;\"><b><strong>CAP\u00cdTULO SEXTO<\/strong><\/b><br \/>\n<b><strong>DE LAS INFRACCIONES Y SANCIONES MIGRATORIAS<\/strong><\/b><\/p>\n<ol>\n<li style=\"font-weight: 400;\">Las prohibiciones de ingreso<br \/>\n1.1. Prohibiciones basadas en la existencia de antecedentes penales<br \/>\n1.2. Prohibiciones basadas en motivos sanitarios<br \/>\n1.3. Prohibiciones basadas en el incumplimiento de la normativa migratoria<br \/>\n1.4. S\u00edntesis de los plazos de las prohibiciones de ingreso<\/li>\n<li style=\"font-weight: 400;\">Rechazos, revocaciones y expulsiones<br \/>\n2.1. Los rechazos de pr\u00f3rrogas o solicitudes de permiso<br \/>\n2.2. La revocaci\u00f3n de los permisos concedidos<br \/>\n2.3. La expulsi\u00f3n administrativa<br \/>\n2.4. La reconducci\u00f3n o reembarco<\/li>\n<li style=\"font-weight: 400;\">Sanciones que var\u00edan seg\u00fan el infractor<br \/>\n3.1. Sanciones que afectan a personas naturales<br \/>\n3.2. Sanciones que afectan a personas jur\u00eddicas<\/li>\n<\/ol>\n<p style=\"font-weight: 400;\"><b><strong>CAP\u00cdTULO S\u00c9PTIMO<\/strong><\/b><br \/>\n<b><strong>LOS PROCEDIMIENTOS ADMINISTRATIVOS EN MATERIA MIGRATORIA<\/strong><\/b><\/p>\n<ol>\n<li style=\"font-weight: 400;\">Solicitudes realizadas ante autoridades con competencia en materia migratoria<br \/>\n1.1. Solicitud de permisos migratorios desde el extranjero<br \/>\n1.1.1. Solicitud de permiso de permanencia transitoria ante \u00f3rganos consulares<br \/>\n1.1.2. Solicitud de permiso de residencia temporal desde el extranjero<br \/>\n1.2. Ingreso al pa\u00eds<br \/>\n1.2.1. Control migratorio de ingreso al pa\u00eds<br \/>\n1.2.2. Solicitud de permiso de permanencia transitoria al ingresar al pa\u00eds<br \/>\n1.2.3. Ingreso de ni\u00f1os, ni\u00f1as y adolescentes<br \/>\n1.2.4. Ingreso condicionado por razones de \u00edndole humanitaria<br \/>\n1.2.5. Ingreso de habitantes de zonas fronterizas<br \/>\n1.3. Solicitud de permisos dentro de Chile<br \/>\n1.3.1. Solicitud de permiso para desarrollar actividades remuneradas para titulares de permanencia transitoria<br \/>\n1.3.2. Solicitud de pr\u00f3rroga del permiso de permanencia transitoria<br \/>\n1.3.3. Solicitud de permiso de residencia temporal dentro de Chile<br \/>\n1.3.4. Solicitud de pr\u00f3rroga del permiso de residencia temporal<br \/>\n1.3.5. Solicitud de cambio de la subcategor\u00eda migratoria y de la calidad del permiso de residencia temporal<br \/>\n1.3.6. Solicitud de c\u00e9dula de identidad para extranjeros<br \/>\n1.3.7. Solicitud de permiso de residencia definitiva<br \/>\n1.4. Solicitud de carta de nacionalizaci\u00f3n<br \/>\n1.5. Reclamo por falta de informaci\u00f3n \u00edntegra, oportuna y eficaz<br \/>\n1.6. Egreso del pa\u00eds<br \/>\n1.6.1. Control migratorio de egreso<br \/>\n1.6.2. Egreso de ni\u00f1os, ni\u00f1as y adolescentes<br \/>\n1.6.3. Egreso de personas que han cometido infracciones<br \/>\n1.7. Pr\u00f3rroga del permiso de residencia definitiva ante los \u00f3rganos consulares<br \/>\n1.8. Reingreso al pa\u00eds<\/li>\n<li style=\"font-weight: 400;\">Procedimientos sancionatorios y de control<br \/>\n2.1. Normas generales sobre procedimientos sancionatorios<br \/>\n2.1.1. Notificaci\u00f3n de medidas sancionatorias<br \/>\n2.1.2. Derecho a presentar descargos<br \/>\n2.1.3. Sistema recursivo<br \/>\n2.2. Prohibiciones de ingreso<br \/>\n2.2.1. Aplicaci\u00f3n de prohibiciones de ingreso por la autoridad contralora durante el control migratorio de ingreso<br \/>\n2.2.2. Recurso administrativo especial en contra de prohibiciones de ingreso aplicadas por la autoridad contralora<br \/>\n2.2.3. Aplicaci\u00f3n de prohibiciones de ingreso por parte del Servicio, por infracci\u00f3n a las normas contenidas en convenios bilaterales para habitantes de zonas fronterizas<br \/>\n2.2.4. Aplicaci\u00f3n de prohibiciones de ingreso que son consecuencia de una medida de expulsi\u00f3n decretada por el Servicio Nacional de Migraciones<br \/>\n2.2.5. Aplicaci\u00f3n de prohibiciones de ingreso por parte del Subsecretario del Interior<br \/>\n2.2.6. Suspensi\u00f3n y revocaci\u00f3n de las prohibiciones de ingreso<br \/>\n2.3. Rechazo y revocaci\u00f3n de permisos migratorios<br \/>\n2.3.1. Rechazo de permisos de residencia temporal y definitiva<br \/>\n2.3.2. Revocaci\u00f3n de permisos de permanencia transitoria<br \/>\n2.3.3. Revocaci\u00f3n de permisos de residencia temporal y definitiva<br \/>\n2.3.4. Orden de hacer abandono del pa\u00eds<br \/>\n2.3.5. Revocaci\u00f3n t\u00e1cita del permiso de residencia definitiva<br \/>\n2.4. Sanciones pecuniarias y amonestaciones<br \/>\n2.4.1. Procedimiento para la aplicaci\u00f3n de multas<br \/>\n2.4.2. Sustituci\u00f3n de la multa<br \/>\n2.4.3. Pago de la multa<br \/>\n2.4.4. Reclamaci\u00f3n en contra del acto que impone una multa<br \/>\n2.5. Medidas de control<br \/>\n2.5.1. Medidas de control a causa de infracciones migratorias<br \/>\n2.5.2. Medidas de control para hacer efectiva la ejecuci\u00f3n de la expulsi\u00f3n administrativa<br \/>\n2.5.3. Otras normas relativas a la verificaci\u00f3n de la condici\u00f3n migratoria de las personas extranjeras<br \/>\n2.6. Expulsi\u00f3n administrativa<br \/>\n2.6.1. Expulsi\u00f3n decretada por el Servicio Nacional de Migraciones<br \/>\n2.6.2. Expulsi\u00f3n decretada por el Subsecretario del Interior<br \/>\n2.6.3. Detenci\u00f3n con fines de expulsi\u00f3n<br \/>\n2.6.4. Recursos que proceden en contra de las medidas de expulsi\u00f3n<br \/>\n2.6.5. Revocaci\u00f3n y suspensi\u00f3n de las medidas de expulsi\u00f3n<br \/>\n2.6.6. Reconducci\u00f3n o reembarco de personas que ingresen a Chile pese a tener una orden de expulsi\u00f3n, abandono o prohibici\u00f3n de ingreso vigente<br \/>\n2.6.7. Reconducci\u00f3n o reembarco de personas que sean sorprendidas intentando ingresar al pa\u00eds de forma ilegal<\/li>\n<\/ol>\n<p style=\"font-weight: 400;\"><b><strong>CAP\u00cdTULO OCTAVO<\/strong><\/b><br \/>\n<b><strong>CIUDADAN\u00cdA Y NACIONALIDAD<\/strong><\/b><\/p>\n<ol>\n<li style=\"font-weight: 400;\">Ciudadan\u00eda y nacionalidad<br \/>\n1.1. \u00bfQu\u00e9 es la ciudadan\u00eda?<br \/>\n1.2. \u00bfD\u00f3nde se ejerce?<br \/>\n1.3. \u00bfQui\u00e9nes pueden ser ciudadanos?<\/li>\n<li style=\"font-weight: 400;\">Regulaci\u00f3n de la nacionalidad<br \/>\n2.1. Adquisici\u00f3n de la nacionalidad<br \/>\na) Fuentes naturales<br \/>\nb) Fuentes legales<br \/>\n2.2. P\u00e9rdida de la nacionalidad<br \/>\na) Renuncia voluntaria<br \/>\nb) P\u00e9rdida por prestar servicios durante una guerra exterior a enemigos de Chile o de sus aliados<br \/>\nc) Cancelaci\u00f3n de la carta de nacionalizaci\u00f3n<br \/>\nd) Ley que revoca la nacionalizaci\u00f3n por gracia<br \/>\ne) Rehabilitaci\u00f3n de la nacionalidad chilena<br \/>\n2.3. Recurso de reclamaci\u00f3n de nacionalidad<\/li>\n<\/ol>\n<p style=\"font-weight: 400;\"><b><strong>CAP\u00cdTULO NOVENO<\/strong><\/b><br \/>\n<b><strong>EL REFUGIO Y OTRAS FORMAS DE PROTECCI\u00d3N INTERNACIONAL<\/strong><\/b><\/p>\n<ol>\n<li style=\"font-weight: 400;\">Refugiados y solicitantes de refugio<br \/>\n1.1. Generalidades<br \/>\n1.2. Concepto de refugiado<br \/>\n1.3. Estatuto de refugiado<br \/>\n1.4. Principios fundamentales<br \/>\n1.5. Principios interpretativos<br \/>\n1.6. Procedimiento para solicitar refugio<br \/>\n1.7. Conflictos jur\u00eddicos en torno al acceso al procedimiento de reconocimiento de la condici\u00f3n de refugiado<\/li>\n<li style=\"font-weight: 400;\">Asilo pol\u00edtico diplom\u00e1tico y territorial<\/li>\n<li style=\"font-weight: 400;\">Protecci\u00f3n complementaria<\/li>\n<\/ol>\n<p style=\"font-weight: 400;\"><b><strong>CAP\u00cdTULO D\u00c9CIMO<\/strong><\/b><br \/>\n<b><strong>ASPECTOS LABORALES Y PREVISIONALES<\/strong><\/b><\/p>\n<ol>\n<li style=\"font-weight: 400;\">Derecho a la no discriminaci\u00f3n laboral de los trabajadores extranjeros<br \/>\n2. Restricciones a la contrataci\u00f3n de trabajadores extranjeros en raz\u00f3n de su nacionalidad<br \/>\n3. Permisos para desarrollar actividades remuneradas en Chile<br \/>\n4. El contenido espec\u00edfico del contrato de los trabajadores extranjeros<br \/>\n5. Aspectos previsionales de la contrataci\u00f3n de trabajadores extranjeros<\/li>\n<\/ol>\n<p style=\"font-weight: 400;\">Autores &#8211; Libros y art\u00edculos de revistas<br \/>\nInformes y estudios<br \/>\nEnciclopedias<br \/>\nEncuestas<br \/>\nAcceso informaci\u00f3n p\u00fablica<br \/>\nSitios web, prensa digital<br \/>\nNormativa nacional &#8211; seg\u00fan jerarqu\u00eda<br \/>\nConstituci\u00f3n Pol\u00edtica<br \/>\nLeyes Org\u00e1nicas Constitucionales<br \/>\nLeyes Ordinarias o Comunes<br \/>\nDecretos con Fuerza de Ley<br \/>\nDecretos &#8211; Simples Decretos y Decretos Leyes<br \/>\nDecretos Supremos<br \/>\nDecretos Exentos<br \/>\nNormativa administrativa &#8211; seg\u00fan jerarqu\u00eda<br \/>\nOficios y Circulares<br \/>\nDict\u00e1menes y Ordinarios<br \/>\nResoluciones Exentas<br \/>\nInstrucciones presidenciales<br \/>\nHistoria legislativa nacional<br \/>\nJurisprudencia nacional<br \/>\nTribunal Constitucional, ordenadas por fecha<br \/>\nExcelent\u00edsima Corte Suprema, ordenadas seg\u00fan rol<br \/>\nIlustr\u00edsima Corte de Apelaciones, ordenado seg\u00fan rol<br \/>\nTribunales Ordinarios<br \/>\nJurisprudencia internacional, ordenado por a\u00f1o<br \/>\nNormativa internacional<br \/>\nLeyes internacionales, ordenadas por a\u00f1o<br \/>\nConvenios internacionales<br \/>\nTratados y declaraciones internacionales<br \/>\nResoluciones internacionales<\/p>\n","protected":false},"excerpt":{"rendered":"<p>En las \u00faltimas d\u00e9cadas, el n\u00famero de migrantes en Chile se ha triplicado, lo que ha generado una mayor conciencia sobre su importancia y sus efectos en la sociedad, la econom\u00eda y la agenda pol\u00edtica del pa\u00eds. A pesar de dichos acontecimientos, el derecho migratorio a\u00fan se encuentra en desarrollo. Desde la publicaci\u00f3n de la primera edici\u00f3n de este manual, se han producido cambios significativos en el marco normativo migratorio chileno. Han pasado m\u00e1s de dos a\u00f1os desde la promulgaci\u00f3n de la Ley N\u00b0 21.325 y m\u00e1s de un a\u00f1o desde que entr\u00f3 en vigor, lo cual ha generado continuidades, pero tambi\u00e9n diferencias radicales con el periodo anterior. Es fundamental conocer y analizar cr\u00edticamente estos cambios y novedades y, en este contexto, el manual es y ser\u00e1 un punto de referencia preciso y actualizado para el desarrollo del derecho migratorio. Este texto es una herramienta que guiar\u00e1 a sus lectores a trav\u00e9s de un nuevo territorio, aquel de la regulaci\u00f3n migratoria en nuestro pa\u00eds, el cual, en gran parte, es desconocida. Por lo tanto, no solo servir\u00e1 para ense\u00f1ar el derecho migratorio, sino tambi\u00e9n para aplicarlo en diversas situaciones. Ya sea como inmigrante, ejerciendo la abogac\u00eda o como autoridad p\u00fablica, sea en el dise\u00f1o de pol\u00edticas o en la toma de decisiones en procesos administrativos y jurisdiccionales, este manual ser\u00e1 de utilidad en diferentes \u00e1mbitos y roles. CAP\u00cdTULO PRIMERO LAS POL\u00cdTICAS MIGRATORIAS EN EL MUNDO El estudio de las pol\u00edticas migratorias 2. Patrones migratorios en Sudam\u00e9rica 3. Las pol\u00edticas migratorias en Sudam\u00e9rica CAP\u00cdTULO SEGUNDO HISTORIA DE LA LEGISLACI\u00d3N MIGRATORIA EN CHILE El impulso colonizador (1845-1917) 1.1. La migraci\u00f3n dirigida 1.2. La migraci\u00f3n espont\u00e1nea El intento por controlar los flujos migratorios (1918-1974) El paradigma de seguridad (1975-1989) La perspectiva econ\u00f3mica y los derechos de los inmigrantes (1990 en adelante) Caracterizaci\u00f3n demogr\u00e1fica y socioecon\u00f3mica de la inmigraci\u00f3n CAP\u00cdTULO TERCERO LOS PRINCIPIOS FUNDAMENTALES DE LA LEY NO 21.325 Principios generales de protecci\u00f3n 1.1. Promoci\u00f3n, respeto y garant\u00eda de derechos 1.2. Prohibici\u00f3n de la discriminaci\u00f3n arbitraria 1.3. Inter\u00e9s superior del ni\u00f1o, ni\u00f1a y adolescente 1.4. Integraci\u00f3n e inclusi\u00f3n 1.5. Migraci\u00f3n segura, ordenada y regular 1.6. Valor de la migraci\u00f3n para el Estado 1.7. No criminalizaci\u00f3n 1.8. Procedimiento migratorio informado 1.9. Protecci\u00f3n complementaria 1.10.Reglas de interpretaci\u00f3n: interpretaci\u00f3n arm\u00f3nica y el principio pro homine Derechos de las personas extranjeras 2.1. Igualdad de derechos y obligaciones 2.2. Derechos laborales 2.3. Derecho de acceso a la salud 2.4. Acceso a la seguridad social y beneficios de cargo del Estado 2.5. Acceso a la educaci\u00f3n 2.6. Derecho de acceso a la vivienda 2.7. Derecho a la igual protecci\u00f3n de derechos y al debido proceso 2.8. Derechos propios del proceso migratorio 2.8.1. Reunificaci\u00f3n familiar 2.8.2. Env\u00edo y recepci\u00f3n de remesas CAP\u00cdTULO CUARTO LA INSTITUCIONALIDAD MIGRATORIA La institucionalidad en la Ley No 21.325 1.1. El Ministerio del Interior 1.2. La Subsecretar\u00eda del Interior 1.3. El Servicio Nacional de Migraciones 1.4. El Consejo de Pol\u00edtica Migratoria 1.5. La Polic\u00eda de Investigaciones 1.6. El Ministerio de Relaciones Exteriores 1.7. Los ministerios sectoriales 1.7.1. El Servicio de Registro Civil e Identificaci\u00f3n 1.7.2. Gendarmer\u00eda de Chile 1.7.3. El Servicio Nacional de Protecci\u00f3n Especializada a la Ni\u00f1ez y Adolescencia y el Servicio Nacional de Reinserci\u00f3n Juvenil 1.7.4. La Direcci\u00f3n del Trabajo 1.7.5. El Servicio de Impuestos Internos 1.7.6. El Servicio Electoral 1.7.7. Las organizaciones privadas CAP\u00cdTULO QUINTO LOS ESTATUTOS Y PERMISOS MIGRATORIOS Permisos de permanencia transitoria 1.1. Permiso de turismo y visto consular 1.2. Permiso para tripulantes y miembros de las dotaciones 1.3. Permiso para habitantes de zonas fronterizas y permiso de permanencia transitoria establecida en tratados internacionales 1.4. Otros permisos de permanencia transitoria 1.4.1. Permiso de ingreso condicionado 1.4.2. Permiso para residentes oficiales que terminan sus misiones 2. Permisos de residencia temporal 2.1. Permiso de residencia oficial 2.2. Reglas generales aplicables a los permisos de residencia temporal 2.3. Permisos de residencia temporal por especial v\u00ednculo con el pa\u00eds 2.3.1. Permiso de reunificaci\u00f3n familiar 2.3.2. Permiso para extitulares de residencia definitiva 2.4. Permisos de residencia temporal con fines laborales y de negocios 2.4.1. Permiso para el desarrollo de actividades remuneradas 2.4.2. Permiso para trabajos de temporada 2.4.3. Permiso para b\u00fasqueda de oportunidades laborales 2.4.4. Permiso para inversionistas 2.4.5. Permiso para negocios de m\u00faltiple entrada 2.5. Permisos de residencia temporal contemplados en Tratados Internacionales 2.6. Permisos de residencia temporal para otras actividades espec\u00edficas 2.7. Permisos de residencia temporal por motivos humanitarios 2.7.1. Permisos de residencia temporal para refugiados y asilados pol\u00edticos La calidad del permiso de residencia: titulares y dependientes Permisos de residencia definitiva La condici\u00f3n migratoria irregular 5.1. Irregularidad de ingreso 5.2. Irregularidad de permanencia 5.3. Facultades excepcionales del Subsecretario del Interior para la regularizaci\u00f3n de situaciones migratorias irregulares CAP\u00cdTULO SEXTO DE LAS INFRACCIONES Y SANCIONES MIGRATORIAS Las prohibiciones de ingreso 1.1. Prohibiciones basadas en la existencia de antecedentes penales 1.2. Prohibiciones basadas en motivos sanitarios 1.3. Prohibiciones basadas en el incumplimiento de la normativa migratoria 1.4. S\u00edntesis de los plazos de las prohibiciones de ingreso Rechazos, revocaciones y expulsiones 2.1. Los rechazos de pr\u00f3rrogas o solicitudes de permiso 2.2. La revocaci\u00f3n de los permisos concedidos 2.3. La expulsi\u00f3n administrativa 2.4. La reconducci\u00f3n o reembarco Sanciones que var\u00edan seg\u00fan el infractor 3.1. Sanciones que afectan a personas naturales 3.2. Sanciones que afectan a personas jur\u00eddicas CAP\u00cdTULO S\u00c9PTIMO LOS PROCEDIMIENTOS ADMINISTRATIVOS EN MATERIA MIGRATORIA Solicitudes realizadas ante autoridades con competencia en materia migratoria 1.1. Solicitud de permisos migratorios desde el extranjero 1.1.1. Solicitud de permiso de permanencia transitoria ante \u00f3rganos consulares 1.1.2. Solicitud de permiso de residencia temporal desde el extranjero 1.2. Ingreso al pa\u00eds 1.2.1. Control migratorio de ingreso al pa\u00eds 1.2.2. Solicitud de permiso de permanencia transitoria al ingresar al pa\u00eds 1.2.3. Ingreso de ni\u00f1os, ni\u00f1as y adolescentes 1.2.4. Ingreso condicionado por razones de \u00edndole humanitaria 1.2.5. Ingreso de habitantes de zonas fronterizas 1.3. Solicitud de permisos dentro de Chile 1.3.1. Solicitud de permiso para desarrollar actividades remuneradas para titulares de permanencia transitoria 1.3.2. Solicitud de pr\u00f3rroga del permiso de permanencia transitoria 1.3.3. Solicitud de permiso de residencia temporal dentro de Chile 1.3.4. Solicitud<\/p>\n","protected":false},"featured_media":2856,"comment_status":"open","ping_status":"closed","template":"","meta":{"inline_featured_image":false,"_joinchat":[]},"product_brand":[],"product_cat":[45,42],"product_tag":[],"class_list":{"0":"post-2802","1":"product","2":"type-product","3":"status-publish","4":"has-post-thumbnail","6":"product_cat-administrativo","7":"product_cat-thomson-reuters","8":"product_shipping_class-a-convenir","10":"first","11":"instock","12":"shipping-taxable","13":"purchasable","14":"product-type-simple"},"_links":{"self":[{"href":"https:\/\/bibliotecajuridicavirtual.cl\/index.php\/wp-json\/wp\/v2\/product\/2802","targetHints":{"allow":["GET"]}}],"collection":[{"href":"https:\/\/bibliotecajuridicavirtual.cl\/index.php\/wp-json\/wp\/v2\/product"}],"about":[{"href":"https:\/\/bibliotecajuridicavirtual.cl\/index.php\/wp-json\/wp\/v2\/types\/product"}],"replies":[{"embeddable":true,"href":"https:\/\/bibliotecajuridicavirtual.cl\/index.php\/wp-json\/wp\/v2\/comments?post=2802"}],"wp:featuredmedia":[{"embeddable":true,"href":"https:\/\/bibliotecajuridicavirtual.cl\/index.php\/wp-json\/wp\/v2\/media\/2856"}],"wp:attachment":[{"href":"https:\/\/bibliotecajuridicavirtual.cl\/index.php\/wp-json\/wp\/v2\/media?parent=2802"}],"wp:term":[{"taxonomy":"product_brand","embeddable":true,"href":"https:\/\/bibliotecajuridicavirtual.cl\/index.php\/wp-json\/wp\/v2\/product_brand?post=2802"},{"taxonomy":"product_cat","embeddable":true,"href":"https:\/\/bibliotecajuridicavirtual.cl\/index.php\/wp-json\/wp\/v2\/product_cat?post=2802"},{"taxonomy":"product_tag","embeddable":true,"href":"https:\/\/bibliotecajuridicavirtual.cl\/index.php\/wp-json\/wp\/v2\/product_tag?post=2802"}],"curies":[{"name":"wp","href":"https:\/\/api.w.org\/{rel}","templated":true}]}}