{"id":2806,"date":"2026-02-28T01:05:47","date_gmt":"2026-02-28T04:05:47","guid":{"rendered":"https:\/\/bibliotecajuridicavirtual.cl\/?post_type=product&#038;p=2806"},"modified":"2026-02-28T01:06:38","modified_gmt":"2026-02-28T04:06:38","slug":"manual-practico-de-criminologia-ano-septiembre-2023-99-pag-autor-daniela-mora-gomez","status":"publish","type":"product","link":"https:\/\/bibliotecajuridicavirtual.cl\/index.php\/product\/manual-practico-de-criminologia-ano-septiembre-2023-99-pag-autor-daniela-mora-gomez\/","title":{"rendered":"Manual Pr\u00e1ctico de Criminolog\u00eda. A\u00f1o Septiembre 2023\/ 99 P\u00e1g. Autor Daniela Mora G\u00f3mez"},"content":{"rendered":"<p style=\"font-weight: 400;\">Este libro es una gu\u00eda pr\u00e1ctica para realizar intervenciones forenses de calidad. Est\u00e1 dirigido a profesionales y estudiantes de criminolog\u00eda, psicolog\u00eda, derecho y otras disciplinas afines que quieran profundizar en el \u00e1mbito forense. En \u00e9l se explica c\u00f3mo elaborar un informe pericial, siguiendo los criterios t\u00e9cnicos y \u00e9ticos que se requieren. Adem\u00e1s, se analizan los aspectos relacionados con los Derechos Humanos, tanto en el contexto nacional como internacional, y se presentan casos relevantes de la criminolog\u00eda que han tenido impacto social y medi\u00e1tico. El objetivo de este libro es ofrecer una herramienta \u00fatil y actualizada para la pr\u00e1ctica profesional de la criminolog\u00eda.<\/p>\n<p style=\"font-weight: 400;\">El presente libro corresponde a un manual de criminolog\u00eda, con una visi\u00f3n pr\u00e1ctica del mismo. A grandes rasgos, su objeto de estudio es la conducta que implica el delito, y la desviaci\u00f3n del comportamiento. Se analiza la personalidad criminal y sus distintas patolog\u00edas.<\/p>\n<p style=\"font-weight: 400;\">Se detalla la fundamentaci\u00f3n te\u00f3rica y procesos de elaboraci\u00f3n del perfil criminal, as\u00ed como la redacci\u00f3n del informe cient\u00edfico o pericial. Adem\u00e1s, se lleva a cabo la investigaci\u00f3n conductual de homicidios y agresi\u00f3n sexual.<\/p>\n<p style=\"font-weight: 400;\">Especial menci\u00f3n la exposici\u00f3n de distintos casos de connotaci\u00f3n mundial en el apartado titulado como \u201cArs\u00e9nico y Encaje Antiguo: \u00bfel crimen perfecto?<\/p>\n<p style=\"font-weight: 400;\">Por otra parte, se\u00f1alar que el \u00faltimo cap\u00edtulo de la obra se centra en la prevenci\u00f3n del delito y control social, as\u00ed como el rol de los derechos humanos.<\/p>\n<p style=\"font-weight: 400;\">As\u00ed las cosas, este manuscrito tiene un enfoque divulgativo y ameno para el lector quien, en el transcurso de las p\u00e1ginas, descubrir\u00e1 la forma de actuar y pensar de los asesinos seriales.<\/p>\n<p style=\"font-weight: 400;\">\n<p style=\"font-weight: 400;\"><b><strong>CAP\u00cdTULO I<\/strong><\/b><br \/>\n<b><strong>\u00bfQU\u00c9 ES CRIMINOLOG\u00cdA?<\/strong><\/b><\/p>\n<p style=\"font-weight: 400;\">GENERALIDADES<\/p>\n<p style=\"font-weight: 400;\">PSICOLOG\u00cdA JUR\u00cdDICA\/ FORENSE<\/p>\n<p style=\"font-weight: 400;\">CAMPOS DE ACTUACI\u00d3N DEL PSIC\u00d3LOGO JUR\u00cdDICO<\/p>\n<p style=\"font-weight: 400;\">TEOR\u00cdA DEL DELITO<br \/>\nEl dolo<\/p>\n<p style=\"font-weight: 400;\">CONCEPTO DE DELITO<\/p>\n<p style=\"font-weight: 400;\">PERITAJE<br \/>\nEl perito<br \/>\nPrueba pericial<br \/>\nInforme pericial<\/p>\n<p style=\"font-weight: 400;\">PERSONALIDAD, PATOLOG\u00cdA MENTAL Y CONDUCTA CRIMINAL<br \/>\nTrastorno antisocial<br \/>\nPersonalidad s\u00e1dica<\/p>\n<p style=\"font-weight: 400;\">FUNDAMENTACI\u00d3N TE\u00d3RICA Y PROCESOS DE ELABORACI\u00d3N DEL PERFIL CRIMINAL<br \/>\nEscena del crimen<\/p>\n<p style=\"font-weight: 400;\">INVESTIGACI\u00d3N Y B\u00daSQUEDA DOCUMENTAL<\/p>\n<p style=\"font-weight: 400;\">PERFIL CRIMINAL<\/p>\n<p style=\"font-weight: 400;\">REDACCI\u00d3N DE UN INFORME CIENT\u00cdFICO CRIMINOL\u00d3GICO (INVESTIGACI\u00d3N)<\/p>\n<p style=\"font-weight: 400;\">AN\u00c1LISIS DE LOS HALLAZGOS FORENSES: CRIMINAL\u00cdSTICA<\/p>\n<p>INVESTIGACI\u00d3N CONDUCTUAL EN HOMICIDIOS<br \/>\nHomicidio simple<br \/>\nHomicidio calificado<br \/>\nHomicidio doloso<br \/>\nHomicidio culposo<\/p>\n<p style=\"font-weight: 400;\">INVESTIGACI\u00d3N CONDUCTUAL EN AGRESI\u00d3N SEXUAL Y VIOLACI\u00d3N<br \/>\nInvestigaci\u00f3n conductual en el abuso y la agresi\u00f3n sexual infantil<br \/>\nIndemnidad sexual<br \/>\nLa libertad y moral sexual<br \/>\nIter criminis<\/p>\n<p style=\"font-weight: 400;\"><b><strong>CAP\u00cdTULO II<\/strong><\/b><br \/>\n<b><strong>ONTOLOG\u00cdA DEL CRIMEN<\/strong><\/b><\/p>\n<p style=\"font-weight: 400;\">TERRORISMO Y CAPTACI\u00d3N ISLAMISTA<br \/>\nTrata de personas<br \/>\nCrimen organizado<br \/>\nInteligencia policial<br \/>\nDerecho penal del enemigo<\/p>\n<p style=\"font-weight: 400;\"><b><strong>CAP\u00cdTULO III<\/strong><\/b><br \/>\n<b><strong>CASOS EMBLEM\u00c1TICOS<\/strong><\/b><\/p>\n<p style=\"font-weight: 400;\">AUSCHWITZ<br \/>\nSubcampos de Auschwitz<br \/>\nEl c\u00f3digo de Nuremberg<\/p>\n<p style=\"font-weight: 400;\">ARS\u00c9NICO Y ENCAJE ANTIGUO: \u00bfEL CRIMEN PERFECTO?<br \/>\nArs\u00e9nico y encaje antiguo<\/p>\n<p style=\"font-weight: 400;\">CASOS EMBLEM\u00c1TICOS<br \/>\nAndrei Chikatilo, \u201cEl carnicero de Rostov\u201d<br \/>\nGuy Georges, \u201cla bestia de la Bastilla\u201d, el violador en serie que aterroriz\u00f3 Par\u00eds: \u201cSi salgo, lo volver\u00e9 a hacer\u201d<br \/>\nTsutomu Miyazaki<br \/>\nCatalina de los R\u00edos y Lisperguer<br \/>\nUn origen privilegiado<br \/>\nEl comienzo del mito<br \/>\nLos horrores de la Quintrala<br \/>\nDel mito a la historia<br \/>\nChacal de Nahueltoro<br \/>\nTed Bundy<br \/>\nEl vampiro de D\u00fcsseldorf<br \/>\nJohn Wayne Gacy, el payaso asesino<\/p>\n<p style=\"font-weight: 400;\">DERECHO COMPARADO<br \/>\nLey 24.660. Dcto. Ley 396\/99<br \/>\nDerecho penal chileno<br \/>\nPrevenci\u00f3n del delito y control social<br \/>\nPlan cuadrante<br \/>\nReinserci\u00f3n social (aprendizaje social de Bandura)<\/p>\n<p style=\"font-weight: 400;\">DERECHOS HUMANOS<br \/>\nDeclaraci\u00f3n Universal de Derechos Humanos<br \/>\nLa Asamblea General de Naciones Unidas<\/p>\n","protected":false},"excerpt":{"rendered":"<p>Este libro es una gu\u00eda pr\u00e1ctica para realizar intervenciones forenses de calidad. Est\u00e1 dirigido a profesionales y estudiantes de criminolog\u00eda, psicolog\u00eda, derecho y otras disciplinas afines que quieran profundizar en el \u00e1mbito forense. En \u00e9l se explica c\u00f3mo elaborar un informe pericial, siguiendo los criterios t\u00e9cnicos y \u00e9ticos que se requieren. Adem\u00e1s, se analizan los aspectos relacionados con los Derechos Humanos, tanto en el contexto nacional como internacional, y se presentan casos relevantes de la criminolog\u00eda que han tenido impacto social y medi\u00e1tico. El objetivo de este libro es ofrecer una herramienta \u00fatil y actualizada para la pr\u00e1ctica profesional de la criminolog\u00eda. El presente libro corresponde a un manual de criminolog\u00eda, con una visi\u00f3n pr\u00e1ctica del mismo. A grandes rasgos, su objeto de estudio es la conducta que implica el delito, y la desviaci\u00f3n del comportamiento. Se analiza la personalidad criminal y sus distintas patolog\u00edas. Se detalla la fundamentaci\u00f3n te\u00f3rica y procesos de elaboraci\u00f3n del perfil criminal, as\u00ed como la redacci\u00f3n del informe cient\u00edfico o pericial. Adem\u00e1s, se lleva a cabo la investigaci\u00f3n conductual de homicidios y agresi\u00f3n sexual. Especial menci\u00f3n la exposici\u00f3n de distintos casos de connotaci\u00f3n mundial en el apartado titulado como \u201cArs\u00e9nico y Encaje Antiguo: \u00bfel crimen perfecto? Por otra parte, se\u00f1alar que el \u00faltimo cap\u00edtulo de la obra se centra en la prevenci\u00f3n del delito y control social, as\u00ed como el rol de los derechos humanos. As\u00ed las cosas, este manuscrito tiene un enfoque divulgativo y ameno para el lector quien, en el transcurso de las p\u00e1ginas, descubrir\u00e1 la forma de actuar y pensar de los asesinos seriales. CAP\u00cdTULO I \u00bfQU\u00c9 ES CRIMINOLOG\u00cdA? GENERALIDADES PSICOLOG\u00cdA JUR\u00cdDICA\/ FORENSE CAMPOS DE ACTUACI\u00d3N DEL PSIC\u00d3LOGO JUR\u00cdDICO TEOR\u00cdA DEL DELITO El dolo CONCEPTO DE DELITO PERITAJE El perito Prueba pericial Informe pericial PERSONALIDAD, PATOLOG\u00cdA MENTAL Y CONDUCTA CRIMINAL Trastorno antisocial Personalidad s\u00e1dica FUNDAMENTACI\u00d3N TE\u00d3RICA Y PROCESOS DE ELABORACI\u00d3N DEL PERFIL CRIMINAL Escena del crimen INVESTIGACI\u00d3N Y B\u00daSQUEDA DOCUMENTAL PERFIL CRIMINAL REDACCI\u00d3N DE UN INFORME CIENT\u00cdFICO CRIMINOL\u00d3GICO (INVESTIGACI\u00d3N) AN\u00c1LISIS DE LOS HALLAZGOS FORENSES: CRIMINAL\u00cdSTICA INVESTIGACI\u00d3N CONDUCTUAL EN HOMICIDIOS Homicidio simple Homicidio calificado Homicidio doloso Homicidio culposo INVESTIGACI\u00d3N CONDUCTUAL EN AGRESI\u00d3N SEXUAL Y VIOLACI\u00d3N Investigaci\u00f3n conductual en el abuso y la agresi\u00f3n sexual infantil Indemnidad sexual La libertad y moral sexual Iter criminis CAP\u00cdTULO II ONTOLOG\u00cdA DEL CRIMEN TERRORISMO Y CAPTACI\u00d3N ISLAMISTA Trata de personas Crimen organizado Inteligencia policial Derecho penal del enemigo CAP\u00cdTULO III CASOS EMBLEM\u00c1TICOS AUSCHWITZ Subcampos de Auschwitz El c\u00f3digo de Nuremberg ARS\u00c9NICO Y ENCAJE ANTIGUO: \u00bfEL CRIMEN PERFECTO? Ars\u00e9nico y encaje antiguo CASOS EMBLEM\u00c1TICOS Andrei Chikatilo, \u201cEl carnicero de Rostov\u201d Guy Georges, \u201cla bestia de la Bastilla\u201d, el violador en serie que aterroriz\u00f3 Par\u00eds: \u201cSi salgo, lo volver\u00e9 a hacer\u201d Tsutomu Miyazaki Catalina de los R\u00edos y Lisperguer Un origen privilegiado El comienzo del mito Los horrores de la Quintrala Del mito a la historia Chacal de Nahueltoro Ted Bundy El vampiro de D\u00fcsseldorf John Wayne Gacy, el payaso asesino DERECHO COMPARADO Ley 24.660. Dcto. Ley 396\/99 Derecho penal chileno Prevenci\u00f3n del delito y control social Plan cuadrante Reinserci\u00f3n social (aprendizaje social de Bandura) DERECHOS HUMANOS Declaraci\u00f3n Universal de Derechos Humanos La Asamblea General de Naciones Unidas<\/p>\n","protected":false},"featured_media":2860,"comment_status":"open","ping_status":"closed","template":"","meta":{"inline_featured_image":false,"_joinchat":[]},"product_brand":[],"product_cat":[30],"product_tag":[],"class_list":{"0":"post-2806","1":"product","2":"type-product","3":"status-publish","4":"has-post-thumbnail","6":"product_cat-penal","7":"product_shipping_class-a-convenir","9":"first","10":"instock","11":"shipping-taxable","12":"purchasable","13":"product-type-simple"},"_links":{"self":[{"href":"https:\/\/bibliotecajuridicavirtual.cl\/index.php\/wp-json\/wp\/v2\/product\/2806","targetHints":{"allow":["GET"]}}],"collection":[{"href":"https:\/\/bibliotecajuridicavirtual.cl\/index.php\/wp-json\/wp\/v2\/product"}],"about":[{"href":"https:\/\/bibliotecajuridicavirtual.cl\/index.php\/wp-json\/wp\/v2\/types\/product"}],"replies":[{"embeddable":true,"href":"https:\/\/bibliotecajuridicavirtual.cl\/index.php\/wp-json\/wp\/v2\/comments?post=2806"}],"wp:featuredmedia":[{"embeddable":true,"href":"https:\/\/bibliotecajuridicavirtual.cl\/index.php\/wp-json\/wp\/v2\/media\/2860"}],"wp:attachment":[{"href":"https:\/\/bibliotecajuridicavirtual.cl\/index.php\/wp-json\/wp\/v2\/media?parent=2806"}],"wp:term":[{"taxonomy":"product_brand","embeddable":true,"href":"https:\/\/bibliotecajuridicavirtual.cl\/index.php\/wp-json\/wp\/v2\/product_brand?post=2806"},{"taxonomy":"product_cat","embeddable":true,"href":"https:\/\/bibliotecajuridicavirtual.cl\/index.php\/wp-json\/wp\/v2\/product_cat?post=2806"},{"taxonomy":"product_tag","embeddable":true,"href":"https:\/\/bibliotecajuridicavirtual.cl\/index.php\/wp-json\/wp\/v2\/product_tag?post=2806"}],"curies":[{"name":"wp","href":"https:\/\/api.w.org\/{rel}","templated":true}]}}