{"id":2823,"date":"2026-02-28T01:06:10","date_gmt":"2026-02-28T04:06:10","guid":{"rendered":"https:\/\/bibliotecajuridicavirtual.cl\/?post_type=product&#038;p=2823"},"modified":"2026-02-28T01:06:40","modified_gmt":"2026-02-28T04:06:40","slug":"claves-interdisciplinarias-sobre-justicia-y-genero-ano-2023-450-pag-autor-manuel-barria-paredes-y-ximena-gauche-marchetti","status":"publish","type":"product","link":"https:\/\/bibliotecajuridicavirtual.cl\/index.php\/product\/claves-interdisciplinarias-sobre-justicia-y-genero-ano-2023-450-pag-autor-manuel-barria-paredes-y-ximena-gauche-marchetti\/","title":{"rendered":"Claves Interdisciplinarias sobre Justicia y G\u00e9nero. A\u00f1o 2023\/ 450 P\u00e1g. Autor Manuel Barr\u00eda Paredes y Ximena Gauch\u00e9 Marchetti"},"content":{"rendered":"<p>Esta obra surge a partir de las reflexiones del Proyecto de investigaci\u00f3n Aplicada FONDEF \u201cProtocolo de actuaci\u00f3n para la atenci\u00f3n en justicia con enfoque y diversidad\u201d. Su prop\u00f3sito es unir distintas voces que contribuyan a incorporar una mirada de g\u00e9nero diversa en el \u00e1mbito de la justicia. La interdisciplinariedad en los trabajos, junto con la diversidad geogr\u00e1fica de los autores y autoras, contribuye al prop\u00f3sito de crear un libro que busca ser un aporte significativo en diferentes latitudes, abordando variadas inquietudes relacionadas con el acceso a la justicia que enfrentan mujeres de todas las edades e identidades y personas que se identifican como LGBTIQ+.<br \/>\nEl libro se compone de 15 cap\u00edtulos, organizados en 3 apartados, representando un esfuerzo colectivo de la academia para presentar diferentes perspectivas identificadas como \u201cclaves\u201d para resaltar la importancia, los problemas, los desaf\u00edos y las consecuencias de recoger la perspectiva de g\u00e9nero en el \u00e1mbito de la justicia.<br \/>\nLa apuesta consiste en reunir en un solo libro textos in\u00e9ditos con otros, que son la continuidad de investigaciones en curso o art\u00edculos publicados o expuestos en otros espacios, as\u00ed como poner en encuentro miradas sobre la realidad chilena con visiones de otras latitudes y trayectorias diversas en lo disciplinar y vivencial.<\/p>\n","protected":false},"excerpt":{"rendered":"<p>Esta obra surge a partir de las reflexiones del Proyecto de investigaci\u00f3n Aplicada FONDEF \u201cProtocolo de actuaci\u00f3n para la atenci\u00f3n en justicia con enfoque y diversidad\u201d. Su prop\u00f3sito es unir distintas voces que contribuyan a incorporar una mirada de g\u00e9nero diversa en el \u00e1mbito de la justicia. La interdisciplinariedad en los trabajos, junto con la diversidad geogr\u00e1fica de los autores y autoras, contribuye al prop\u00f3sito de crear un libro que busca ser un aporte significativo en diferentes latitudes, abordando variadas inquietudes relacionadas con el acceso a la justicia que enfrentan mujeres de todas las edades e identidades y personas que se identifican como LGBTIQ+. El libro se compone de 15 cap\u00edtulos, organizados en 3 apartados, representando un esfuerzo colectivo de la academia para presentar diferentes perspectivas identificadas como \u201cclaves\u201d para resaltar la importancia, los problemas, los desaf\u00edos y las consecuencias de recoger la perspectiva de g\u00e9nero en el \u00e1mbito de la justicia. La apuesta consiste en reunir en un solo libro textos in\u00e9ditos con otros, que son la continuidad de investigaciones en curso o art\u00edculos publicados o expuestos en otros espacios, as\u00ed como poner en encuentro miradas sobre la realidad chilena con visiones de otras latitudes y trayectorias diversas en lo disciplinar y vivencial.<\/p>\n","protected":false},"featured_media":2862,"comment_status":"open","ping_status":"closed","template":"","meta":{"inline_featured_image":false,"_joinchat":[]},"product_brand":[],"product_cat":[39,42],"product_tag":[],"class_list":{"0":"post-2823","1":"product","2":"type-product","3":"status-publish","4":"has-post-thumbnail","6":"product_cat-procesal-civil","7":"product_cat-thomson-reuters","8":"product_shipping_class-a-convenir","10":"first","11":"instock","12":"shipping-taxable","13":"purchasable","14":"product-type-simple"},"_links":{"self":[{"href":"https:\/\/bibliotecajuridicavirtual.cl\/index.php\/wp-json\/wp\/v2\/product\/2823","targetHints":{"allow":["GET"]}}],"collection":[{"href":"https:\/\/bibliotecajuridicavirtual.cl\/index.php\/wp-json\/wp\/v2\/product"}],"about":[{"href":"https:\/\/bibliotecajuridicavirtual.cl\/index.php\/wp-json\/wp\/v2\/types\/product"}],"replies":[{"embeddable":true,"href":"https:\/\/bibliotecajuridicavirtual.cl\/index.php\/wp-json\/wp\/v2\/comments?post=2823"}],"wp:featuredmedia":[{"embeddable":true,"href":"https:\/\/bibliotecajuridicavirtual.cl\/index.php\/wp-json\/wp\/v2\/media\/2862"}],"wp:attachment":[{"href":"https:\/\/bibliotecajuridicavirtual.cl\/index.php\/wp-json\/wp\/v2\/media?parent=2823"}],"wp:term":[{"taxonomy":"product_brand","embeddable":true,"href":"https:\/\/bibliotecajuridicavirtual.cl\/index.php\/wp-json\/wp\/v2\/product_brand?post=2823"},{"taxonomy":"product_cat","embeddable":true,"href":"https:\/\/bibliotecajuridicavirtual.cl\/index.php\/wp-json\/wp\/v2\/product_cat?post=2823"},{"taxonomy":"product_tag","embeddable":true,"href":"https:\/\/bibliotecajuridicavirtual.cl\/index.php\/wp-json\/wp\/v2\/product_tag?post=2823"}],"curies":[{"name":"wp","href":"https:\/\/api.w.org\/{rel}","templated":true}]}}