{"id":2824,"date":"2026-02-28T01:06:10","date_gmt":"2026-02-28T04:06:10","guid":{"rendered":"https:\/\/bibliotecajuridicavirtual.cl\/?post_type=product&#038;p=2824"},"modified":"2026-02-28T01:06:42","modified_gmt":"2026-02-28T04:06:42","slug":"responsabilidad-civil-por-embarazos-no-deseados-en-el-derecho-chileno-ano-2023-480-pag-autor-pablo-gajardo-zuniga","status":"publish","type":"product","link":"https:\/\/bibliotecajuridicavirtual.cl\/index.php\/product\/responsabilidad-civil-por-embarazos-no-deseados-en-el-derecho-chileno-ano-2023-480-pag-autor-pablo-gajardo-zuniga\/","title":{"rendered":"Responsabilidad Civil por Embarazos no deseados en el derecho chileno. A\u00f1o 2023\/ 480 P\u00e1g. Autor Pablo Gajardo Zu\u00f1iga"},"content":{"rendered":"<p>Este libro analiza los embarazos no deseados como fuente de responsabilidad civil. Se expone el origen y evoluci\u00f3n de la acci\u00f3n por anticoncepci\u00f3n fallida o wrongful conception en el derecho extranjero para demostrar que ella es admisible en Chile, centrando el an\u00e1lisis en el da\u00f1o y en la extensi\u00f3n de los perjuicios indemnizables.<br \/>\nLos supuestos de embarazos no deseados o de anticoncepci\u00f3n fallida son la responsabilidad civil m\u00e9dica \u2013en el contexto de una intervenci\u00f3n de esterilizaci\u00f3n\u2013 o la responsabilidad por productos defectuosos \u2013por el uso de anticonceptivos defectuosos\u2013. Igualmente, se comenta de manera general la modificaci\u00f3n al C\u00f3digo Sanitario que incorpora un r\u00e9gimen de responsabilidad estricta para productos sanitarios defectuosos en Chile.<br \/>\nAdicionalmente, se realiza un an\u00e1lisis comparado de las tres acciones de responsabilidad civil asociadas a la vida humana (perjuicio de nacer \u2013 perjuicio de vivir \u2013 anticoncepci\u00f3n fallida) con el objeto de identificar la especificidad dogm\u00e1tica de la anticoncepci\u00f3n fallida.<br \/>\nDemostraremos que la anticoncepci\u00f3n fallida se funda en la lesi\u00f3n al inter\u00e9s anticonceptivo, en el derecho a la salud reproductiva, en la autodeterminaci\u00f3n reproductiva y en el derecho a la planificaci\u00f3n familiar, todos emanados de la libertad y autonom\u00eda personal. Si las personas tienen el derecho a decidir sobre su situaci\u00f3n reproductiva, se deben reparar los perjuicios causados como consecuencia de una afectaci\u00f3n il\u00edcita por parte de terceros.<\/p>\n","protected":false},"excerpt":{"rendered":"<p>Este libro analiza los embarazos no deseados como fuente de responsabilidad civil. Se expone el origen y evoluci\u00f3n de la acci\u00f3n por anticoncepci\u00f3n fallida o wrongful conception en el derecho extranjero para demostrar que ella es admisible en Chile, centrando el an\u00e1lisis en el da\u00f1o y en la extensi\u00f3n de los perjuicios indemnizables. Los supuestos de embarazos no deseados o de anticoncepci\u00f3n fallida son la responsabilidad civil m\u00e9dica \u2013en el contexto de una intervenci\u00f3n de esterilizaci\u00f3n\u2013 o la responsabilidad por productos defectuosos \u2013por el uso de anticonceptivos defectuosos\u2013. Igualmente, se comenta de manera general la modificaci\u00f3n al C\u00f3digo Sanitario que incorpora un r\u00e9gimen de responsabilidad estricta para productos sanitarios defectuosos en Chile. Adicionalmente, se realiza un an\u00e1lisis comparado de las tres acciones de responsabilidad civil asociadas a la vida humana (perjuicio de nacer \u2013 perjuicio de vivir \u2013 anticoncepci\u00f3n fallida) con el objeto de identificar la especificidad dogm\u00e1tica de la anticoncepci\u00f3n fallida. Demostraremos que la anticoncepci\u00f3n fallida se funda en la lesi\u00f3n al inter\u00e9s anticonceptivo, en el derecho a la salud reproductiva, en la autodeterminaci\u00f3n reproductiva y en el derecho a la planificaci\u00f3n familiar, todos emanados de la libertad y autonom\u00eda personal. Si las personas tienen el derecho a decidir sobre su situaci\u00f3n reproductiva, se deben reparar los perjuicios causados como consecuencia de una afectaci\u00f3n il\u00edcita por parte de terceros.<\/p>\n","protected":false},"featured_media":2863,"comment_status":"open","ping_status":"closed","template":"","meta":{"inline_featured_image":false,"_joinchat":[]},"product_brand":[],"product_cat":[27,42],"product_tag":[],"class_list":{"0":"post-2824","1":"product","2":"type-product","3":"status-publish","4":"has-post-thumbnail","6":"product_cat-civil","7":"product_cat-thomson-reuters","8":"product_shipping_class-a-convenir","10":"first","11":"instock","12":"shipping-taxable","13":"purchasable","14":"product-type-simple"},"_links":{"self":[{"href":"https:\/\/bibliotecajuridicavirtual.cl\/index.php\/wp-json\/wp\/v2\/product\/2824","targetHints":{"allow":["GET"]}}],"collection":[{"href":"https:\/\/bibliotecajuridicavirtual.cl\/index.php\/wp-json\/wp\/v2\/product"}],"about":[{"href":"https:\/\/bibliotecajuridicavirtual.cl\/index.php\/wp-json\/wp\/v2\/types\/product"}],"replies":[{"embeddable":true,"href":"https:\/\/bibliotecajuridicavirtual.cl\/index.php\/wp-json\/wp\/v2\/comments?post=2824"}],"wp:featuredmedia":[{"embeddable":true,"href":"https:\/\/bibliotecajuridicavirtual.cl\/index.php\/wp-json\/wp\/v2\/media\/2863"}],"wp:attachment":[{"href":"https:\/\/bibliotecajuridicavirtual.cl\/index.php\/wp-json\/wp\/v2\/media?parent=2824"}],"wp:term":[{"taxonomy":"product_brand","embeddable":true,"href":"https:\/\/bibliotecajuridicavirtual.cl\/index.php\/wp-json\/wp\/v2\/product_brand?post=2824"},{"taxonomy":"product_cat","embeddable":true,"href":"https:\/\/bibliotecajuridicavirtual.cl\/index.php\/wp-json\/wp\/v2\/product_cat?post=2824"},{"taxonomy":"product_tag","embeddable":true,"href":"https:\/\/bibliotecajuridicavirtual.cl\/index.php\/wp-json\/wp\/v2\/product_tag?post=2824"}],"curies":[{"name":"wp","href":"https:\/\/api.w.org\/{rel}","templated":true}]}}