{"id":2825,"date":"2026-02-28T01:06:10","date_gmt":"2026-02-28T04:06:10","guid":{"rendered":"https:\/\/bibliotecajuridicavirtual.cl\/?post_type=product&#038;p=2825"},"modified":"2026-02-28T01:06:43","modified_gmt":"2026-02-28T04:06:43","slug":"curso-de-derecho-comercial-2da-edicion-tomo-iii-derecho-concursal-volumen-2-ano-2023-460-pag-autor-eduardo-jequier-lehuede","status":"publish","type":"product","link":"https:\/\/bibliotecajuridicavirtual.cl\/index.php\/product\/curso-de-derecho-comercial-2da-edicion-tomo-iii-derecho-concursal-volumen-2-ano-2023-460-pag-autor-eduardo-jequier-lehuede\/","title":{"rendered":"Curso de Derecho Comercial -2da Edici\u00f3n &#8211; Tomo III &#8211; Derecho Concursal &#8211; Volumen 2. A\u00f1o 2023\/ 460 P\u00e1g. Autor Eduardo Jequier Lehuede"},"content":{"rendered":"<p>El presente Tomo III, Volumen 2, corresponde al quinto volumen de la obra Curso de Derecho Comercial, del profesor Eduardo Jequier Lehued\u00e9, y el segundo en abordar el estudio del Derecho concursal durante la vigencia de la Ley N\u00ba 20.720. En su primera parte, la obra trata sobre los aspectos procesales generales que contempla el Cap\u00edtulo I de la ley y, adem\u00e1s, las normas sobre arbitraje concursal, ofreciendo en tal sentido una interpretaci\u00f3n arm\u00f3nica e integradora de dichas normas con miras a complementar, con una vocaci\u00f3n pr\u00e1ctica y funcional, lo que considera un estatuto especialmente parco e insuficiente sobre arbitraje.<br \/>\nLa segunda parte contiene un completo estudio de los procedimientos de reorganizaci\u00f3n de la Empresa Deudora y de renegociaci\u00f3n de la Persona Deudora, planteado con un enfoque que compatibiliza el an\u00e1lisis de los fundamentos dogm\u00e1ticos de esta normativa con sus alcances pr\u00e1cticos. Se incluye, para ello, una revisi\u00f3n cr\u00edtica de los m\u00e1s recientes criterios doctrinales y jurisprudenciales que se han presentado en torno a la estructura, aplicaci\u00f3n y alcances de estos institutos concursales, ofreci\u00e9ndose conjuntamente una respuesta a todas aquellas interrogantes que surgen del silencio o de la ambig\u00fcedad de la ley.<br \/>\nLa obra que el lector tiene en sus manos, por tanto, contiene abundante informaci\u00f3n sobre los procedimientos concursales indicados, por lo que ser\u00e1 de utilidad para acad\u00e9micos, jueces, abogados, alumnos de pre y posgrado e incluso para empresarios y personas deudoras.<\/p>\n","protected":false},"excerpt":{"rendered":"<p>El presente Tomo III, Volumen 2, corresponde al quinto volumen de la obra Curso de Derecho Comercial, del profesor Eduardo Jequier Lehued\u00e9, y el segundo en abordar el estudio del Derecho concursal durante la vigencia de la Ley N\u00ba 20.720. En su primera parte, la obra trata sobre los aspectos procesales generales que contempla el Cap\u00edtulo I de la ley y, adem\u00e1s, las normas sobre arbitraje concursal, ofreciendo en tal sentido una interpretaci\u00f3n arm\u00f3nica e integradora de dichas normas con miras a complementar, con una vocaci\u00f3n pr\u00e1ctica y funcional, lo que considera un estatuto especialmente parco e insuficiente sobre arbitraje. La segunda parte contiene un completo estudio de los procedimientos de reorganizaci\u00f3n de la Empresa Deudora y de renegociaci\u00f3n de la Persona Deudora, planteado con un enfoque que compatibiliza el an\u00e1lisis de los fundamentos dogm\u00e1ticos de esta normativa con sus alcances pr\u00e1cticos. Se incluye, para ello, una revisi\u00f3n cr\u00edtica de los m\u00e1s recientes criterios doctrinales y jurisprudenciales que se han presentado en torno a la estructura, aplicaci\u00f3n y alcances de estos institutos concursales, ofreci\u00e9ndose conjuntamente una respuesta a todas aquellas interrogantes que surgen del silencio o de la ambig\u00fcedad de la ley. La obra que el lector tiene en sus manos, por tanto, contiene abundante informaci\u00f3n sobre los procedimientos concursales indicados, por lo que ser\u00e1 de utilidad para acad\u00e9micos, jueces, abogados, alumnos de pre y posgrado e incluso para empresarios y personas deudoras.<\/p>\n","protected":false},"featured_media":2864,"comment_status":"open","ping_status":"closed","template":"","meta":{"inline_featured_image":false,"_joinchat":[]},"product_brand":[],"product_cat":[48,42],"product_tag":[],"class_list":{"0":"post-2825","1":"product","2":"type-product","3":"status-publish","4":"has-post-thumbnail","6":"product_cat-comercial","7":"product_cat-thomson-reuters","8":"product_shipping_class-a-convenir","10":"first","11":"instock","12":"shipping-taxable","13":"purchasable","14":"product-type-simple"},"_links":{"self":[{"href":"https:\/\/bibliotecajuridicavirtual.cl\/index.php\/wp-json\/wp\/v2\/product\/2825","targetHints":{"allow":["GET"]}}],"collection":[{"href":"https:\/\/bibliotecajuridicavirtual.cl\/index.php\/wp-json\/wp\/v2\/product"}],"about":[{"href":"https:\/\/bibliotecajuridicavirtual.cl\/index.php\/wp-json\/wp\/v2\/types\/product"}],"replies":[{"embeddable":true,"href":"https:\/\/bibliotecajuridicavirtual.cl\/index.php\/wp-json\/wp\/v2\/comments?post=2825"}],"wp:featuredmedia":[{"embeddable":true,"href":"https:\/\/bibliotecajuridicavirtual.cl\/index.php\/wp-json\/wp\/v2\/media\/2864"}],"wp:attachment":[{"href":"https:\/\/bibliotecajuridicavirtual.cl\/index.php\/wp-json\/wp\/v2\/media?parent=2825"}],"wp:term":[{"taxonomy":"product_brand","embeddable":true,"href":"https:\/\/bibliotecajuridicavirtual.cl\/index.php\/wp-json\/wp\/v2\/product_brand?post=2825"},{"taxonomy":"product_cat","embeddable":true,"href":"https:\/\/bibliotecajuridicavirtual.cl\/index.php\/wp-json\/wp\/v2\/product_cat?post=2825"},{"taxonomy":"product_tag","embeddable":true,"href":"https:\/\/bibliotecajuridicavirtual.cl\/index.php\/wp-json\/wp\/v2\/product_tag?post=2825"}],"curies":[{"name":"wp","href":"https:\/\/api.w.org\/{rel}","templated":true}]}}