{"id":2826,"date":"2026-02-28T01:06:10","date_gmt":"2026-02-28T04:06:10","guid":{"rendered":"https:\/\/bibliotecajuridicavirtual.cl\/?post_type=product&#038;p=2826"},"modified":"2026-02-28T01:06:44","modified_gmt":"2026-02-28T04:06:44","slug":"proceso-laboral-recursos-ano-2023-280-pag-autor-diego-palomo-velezgonzalo-cortez-matcovich-jordi-delgado-castro","status":"publish","type":"product","link":"https:\/\/bibliotecajuridicavirtual.cl\/index.php\/product\/proceso-laboral-recursos-ano-2023-280-pag-autor-diego-palomo-velezgonzalo-cortez-matcovich-jordi-delgado-castro\/","title":{"rendered":"Proceso Laboral &#8211; Recursos. A\u00f1o 2023\/ 280 P\u00e1g. Autor Diego Palomo V\u00e9lez,Gonzalo Cortez Matcovich , Jordi Delgado Castro"},"content":{"rendered":"<p>La presente obra aborda el tratamiento de los recursos procesales en el \u00e1mbito del proceso laboral. Tras el tratamiento de los principales procedimientos declarativos, en la obra Proceso Laboral de este mismo sello editorial, los autores contin\u00faan con la explicaci\u00f3n de las principales instituciones del proceso laboral, completando la tem\u00e1tica relativa al sistema de impugnaci\u00f3n.<br \/>\nAdicionalmente, los autores destacan por aproximaciones anteriores tanto al r\u00e9gimen y la teor\u00eda general de los recursos, como a problemas concretos dentro del \u00e1mbito laboral.<br \/>\nLa obra, entonces, afronta las principales caracter\u00edsticas de la teor\u00eda general de los recursos y su aplicaci\u00f3n al orden laboral para, posteriormente, entrar al estudio de los recursos de aclaraci\u00f3n, interpretaci\u00f3n y rectificaci\u00f3n o enmienda; el recurso de reposici\u00f3n; el recurso de apelaci\u00f3n; el recurso de nulidad y el recurso de unificaci\u00f3n de jurisprudencia.<br \/>\nSe trata de una obra dirigida, principalmente, a estudiantes de la carrera de Derecho. Sin embargo, debido a las referencias jurisprudenciales, a la inclusi\u00f3n de algunos formularios y al planteamiento de diferentes discusiones jur\u00eddicas, tambi\u00e9n se encamina como una obra \u00fatil para quienes ejercen la profesi\u00f3n en los tribunales de justicia.<\/p>\n","protected":false},"excerpt":{"rendered":"<p>La presente obra aborda el tratamiento de los recursos procesales en el \u00e1mbito del proceso laboral. Tras el tratamiento de los principales procedimientos declarativos, en la obra Proceso Laboral de este mismo sello editorial, los autores contin\u00faan con la explicaci\u00f3n de las principales instituciones del proceso laboral, completando la tem\u00e1tica relativa al sistema de impugnaci\u00f3n. Adicionalmente, los autores destacan por aproximaciones anteriores tanto al r\u00e9gimen y la teor\u00eda general de los recursos, como a problemas concretos dentro del \u00e1mbito laboral. La obra, entonces, afronta las principales caracter\u00edsticas de la teor\u00eda general de los recursos y su aplicaci\u00f3n al orden laboral para, posteriormente, entrar al estudio de los recursos de aclaraci\u00f3n, interpretaci\u00f3n y rectificaci\u00f3n o enmienda; el recurso de reposici\u00f3n; el recurso de apelaci\u00f3n; el recurso de nulidad y el recurso de unificaci\u00f3n de jurisprudencia. Se trata de una obra dirigida, principalmente, a estudiantes de la carrera de Derecho. Sin embargo, debido a las referencias jurisprudenciales, a la inclusi\u00f3n de algunos formularios y al planteamiento de diferentes discusiones jur\u00eddicas, tambi\u00e9n se encamina como una obra \u00fatil para quienes ejercen la profesi\u00f3n en los tribunales de justicia.<\/p>\n","protected":false},"featured_media":2865,"comment_status":"open","ping_status":"closed","template":"","meta":{"inline_featured_image":false,"_joinchat":[]},"product_brand":[],"product_cat":[41,42],"product_tag":[],"class_list":{"0":"post-2826","1":"product","2":"type-product","3":"status-publish","4":"has-post-thumbnail","6":"product_cat-laboral","7":"product_cat-thomson-reuters","8":"product_shipping_class-a-convenir","10":"first","11":"instock","12":"shipping-taxable","13":"purchasable","14":"product-type-simple"},"_links":{"self":[{"href":"https:\/\/bibliotecajuridicavirtual.cl\/index.php\/wp-json\/wp\/v2\/product\/2826","targetHints":{"allow":["GET"]}}],"collection":[{"href":"https:\/\/bibliotecajuridicavirtual.cl\/index.php\/wp-json\/wp\/v2\/product"}],"about":[{"href":"https:\/\/bibliotecajuridicavirtual.cl\/index.php\/wp-json\/wp\/v2\/types\/product"}],"replies":[{"embeddable":true,"href":"https:\/\/bibliotecajuridicavirtual.cl\/index.php\/wp-json\/wp\/v2\/comments?post=2826"}],"wp:featuredmedia":[{"embeddable":true,"href":"https:\/\/bibliotecajuridicavirtual.cl\/index.php\/wp-json\/wp\/v2\/media\/2865"}],"wp:attachment":[{"href":"https:\/\/bibliotecajuridicavirtual.cl\/index.php\/wp-json\/wp\/v2\/media?parent=2826"}],"wp:term":[{"taxonomy":"product_brand","embeddable":true,"href":"https:\/\/bibliotecajuridicavirtual.cl\/index.php\/wp-json\/wp\/v2\/product_brand?post=2826"},{"taxonomy":"product_cat","embeddable":true,"href":"https:\/\/bibliotecajuridicavirtual.cl\/index.php\/wp-json\/wp\/v2\/product_cat?post=2826"},{"taxonomy":"product_tag","embeddable":true,"href":"https:\/\/bibliotecajuridicavirtual.cl\/index.php\/wp-json\/wp\/v2\/product_tag?post=2826"}],"curies":[{"name":"wp","href":"https:\/\/api.w.org\/{rel}","templated":true}]}}