{"id":2827,"date":"2026-02-28T01:06:10","date_gmt":"2026-02-28T04:06:10","guid":{"rendered":"https:\/\/bibliotecajuridicavirtual.cl\/?post_type=product&#038;p=2827"},"modified":"2026-02-28T01:06:45","modified_gmt":"2026-02-28T04:06:45","slug":"tributacion-de-los-profesionales-independientes-y-de-las-sociedades-de-profesionales-2da-edicion-ano-2023-340-pag-autor-gonzalo-araya-ibanez","status":"publish","type":"product","link":"https:\/\/bibliotecajuridicavirtual.cl\/index.php\/product\/tributacion-de-los-profesionales-independientes-y-de-las-sociedades-de-profesionales-2da-edicion-ano-2023-340-pag-autor-gonzalo-araya-ibanez\/","title":{"rendered":"Tributaci\u00f3n de los Profesionales Independientes y de las Sociedades de Profesionales &#8211; 2da Edici\u00f3n. A\u00f1o 2023\/ 340 P\u00e1g. Autor Gonzalo Araya Ib\u00e1\u00f1ez"},"content":{"rendered":"<hr \/>\n<p>En esta obra se aborda la tributaci\u00f3n de quienes ejercen de forma independiente una profesi\u00f3n u otra ocupaci\u00f3n lucrativa, en que predomine el esfuerzo personal por sobre el uso de bienes de capital.<br \/>\nLos ingresos obtenidos por estos contribuyentes, que se clasifican en la segunda categor\u00eda de la Ley de la Renta, deben satisfacer el impuesto global complementario o el adicional, seg\u00fan corresponda, conforme as\u00ed lo establece el art\u00edculo 42, N\u00b0 2, de dicho cuerpo legal.<br \/>\nSe analizan especialmente en esta obra las distintas rentas comprendidas en el se\u00f1alado N\u00b0 2 del art\u00edculo 42, entre las que destacan las obtenidas por las sociedades de profesionales que se dediquen exclusivamente a prestar servicios o asesor\u00edas profesionales por intermedio de sus socios o asociados.<br \/>\nAsimismo, se dedica gran atenci\u00f3n a la determinaci\u00f3n de la renta l\u00edquida imponible de los contribuyentes de que se trata, sea que se calcule a trav\u00e9s de gastos efectivos o presuntos. Es importante se\u00f1alar que, en los an\u00e1lisis y comentarios referidos, se ha dado especial relevancia a las instrucciones y dict\u00e1menes impartidos por el SII para la aplicaci\u00f3n de las normas que regula la imposici\u00f3n de los trabajadores independientes.<\/p>\n","protected":false},"excerpt":{"rendered":"<p>En esta obra se aborda la tributaci\u00f3n de quienes ejercen de forma independiente una profesi\u00f3n u otra ocupaci\u00f3n lucrativa, en que predomine el esfuerzo personal por sobre el uso de bienes de capital. Los ingresos obtenidos por estos contribuyentes, que se clasifican en la segunda categor\u00eda de la Ley de la Renta, deben satisfacer el impuesto global complementario o el adicional, seg\u00fan corresponda, conforme as\u00ed lo establece el art\u00edculo 42, N\u00b0 2, de dicho cuerpo legal. Se analizan especialmente en esta obra las distintas rentas comprendidas en el se\u00f1alado N\u00b0 2 del art\u00edculo 42, entre las que destacan las obtenidas por las sociedades de profesionales que se dediquen exclusivamente a prestar servicios o asesor\u00edas profesionales por intermedio de sus socios o asociados. Asimismo, se dedica gran atenci\u00f3n a la determinaci\u00f3n de la renta l\u00edquida imponible de los contribuyentes de que se trata, sea que se calcule a trav\u00e9s de gastos efectivos o presuntos. Es importante se\u00f1alar que, en los an\u00e1lisis y comentarios referidos, se ha dado especial relevancia a las instrucciones y dict\u00e1menes impartidos por el SII para la aplicaci\u00f3n de las normas que regula la imposici\u00f3n de los trabajadores independientes.<\/p>\n","protected":false},"featured_media":2866,"comment_status":"open","ping_status":"closed","template":"","meta":{"inline_featured_image":false,"_joinchat":[]},"product_brand":[],"product_cat":[42,28],"product_tag":[],"class_list":{"0":"post-2827","1":"product","2":"type-product","3":"status-publish","4":"has-post-thumbnail","6":"product_cat-thomson-reuters","7":"product_cat-tributario","8":"product_shipping_class-a-convenir","10":"first","11":"instock","12":"shipping-taxable","13":"purchasable","14":"product-type-simple"},"_links":{"self":[{"href":"https:\/\/bibliotecajuridicavirtual.cl\/index.php\/wp-json\/wp\/v2\/product\/2827","targetHints":{"allow":["GET"]}}],"collection":[{"href":"https:\/\/bibliotecajuridicavirtual.cl\/index.php\/wp-json\/wp\/v2\/product"}],"about":[{"href":"https:\/\/bibliotecajuridicavirtual.cl\/index.php\/wp-json\/wp\/v2\/types\/product"}],"replies":[{"embeddable":true,"href":"https:\/\/bibliotecajuridicavirtual.cl\/index.php\/wp-json\/wp\/v2\/comments?post=2827"}],"wp:featuredmedia":[{"embeddable":true,"href":"https:\/\/bibliotecajuridicavirtual.cl\/index.php\/wp-json\/wp\/v2\/media\/2866"}],"wp:attachment":[{"href":"https:\/\/bibliotecajuridicavirtual.cl\/index.php\/wp-json\/wp\/v2\/media?parent=2827"}],"wp:term":[{"taxonomy":"product_brand","embeddable":true,"href":"https:\/\/bibliotecajuridicavirtual.cl\/index.php\/wp-json\/wp\/v2\/product_brand?post=2827"},{"taxonomy":"product_cat","embeddable":true,"href":"https:\/\/bibliotecajuridicavirtual.cl\/index.php\/wp-json\/wp\/v2\/product_cat?post=2827"},{"taxonomy":"product_tag","embeddable":true,"href":"https:\/\/bibliotecajuridicavirtual.cl\/index.php\/wp-json\/wp\/v2\/product_tag?post=2827"}],"curies":[{"name":"wp","href":"https:\/\/api.w.org\/{rel}","templated":true}]}}