{"id":2830,"date":"2026-02-28T01:06:10","date_gmt":"2026-02-28T04:06:10","guid":{"rendered":"https:\/\/bibliotecajuridicavirtual.cl\/?post_type=product&#038;p=2830"},"modified":"2026-02-28T01:06:49","modified_gmt":"2026-02-28T04:06:49","slug":"procedimientos-policia-local-explicaciones-formularios-y-jurisprudencia-6ta-edicion-ano-2023-450-pag-autor-eric-andres-chavez-chavez","status":"publish","type":"product","link":"https:\/\/bibliotecajuridicavirtual.cl\/index.php\/product\/procedimientos-policia-local-explicaciones-formularios-y-jurisprudencia-6ta-edicion-ano-2023-450-pag-autor-eric-andres-chavez-chavez\/","title":{"rendered":"Procedimientos Polic\u00eda Local &#8211;  Explicaciones, Formularios y Jurisprudencia &#8211; 6ta Edici\u00f3n. A\u00f1o 2023\/ 450 P\u00e1g. Autor Eric Andr\u00e9s Ch\u00e1vez Ch\u00e1vez"},"content":{"rendered":"<p style=\"font-weight: 400;\">El presente texto trata el Procedimiento de los Juicios de Tr\u00e1nsito y Polic\u00eda Local, de una manera lo m\u00e1s did\u00e1ctica posible, record\u00e1ndose que muchas veces los jueces de esta judicatura, en m\u00e9rito de sus potestad, lo tramitan \u201clibremente\u201d.<\/p>\n<p style=\"font-weight: 400;\">Esta edici\u00f3n ha sido objeto de algunas modificaciones, en especial el tema de la pr\u00e1ctica forense, la que fue aumentada, corregida y actualizada. Asimismo, el cap\u00edtulo de jurisprudencia fue aumentado, para que el lector disponga de m\u00e1s temas para su an\u00e1lisis y estudio.<\/p>\n<p style=\"font-weight: 400;\"><b><strong>PRIMERA PARTE<\/strong><\/b><br \/>\n<b><strong>LOS PROCEDIMIENTOS DE LOS PROCEDIMIENTOS DE LOS JUZGADOS DE POLIC\u00cdA LOCAL<\/strong><\/b><\/p>\n<p><b><strong>CAP\u00cdTULO I<\/strong><\/b><br \/>\n<b><strong>COMPETENCIA JUZGADOS POLIC\u00cdA LOCAL<\/strong><\/b><\/p>\n<p>P\u00e1rrafo I. Juicio de contravenciones de peligrosidad y de eventual peligro de tr\u00e1nsito<br \/>\n1.- Procedimiento<br \/>\n2.- Apreciaci\u00f3n de la prueba<br \/>\n3.- Beneficios para los denunciados<\/p>\n<p>P\u00e1rrafo II. Juicio por accidentes del tr\u00e1nsito. Generalidades<\/p>\n<p>P\u00e1rrafo III. Juicio por accidente con indemnizaci\u00f3n de perjuicios<br \/>\nQuerella y demanda<\/p>\n<p>P\u00e1rrafo IV. Juicio por accidente con da\u00f1os e indemnizaci\u00f3n de perjuicios<br \/>\n1. Providencia de rigor<br \/>\n2. Notificaciones<br \/>\n3. Sistema coercitivo<br \/>\n4. Posibilidad de interponer acciones civiles<br \/>\n5. Plazo para notificar acciones interpuestas en plazo<br \/>\n6. Posibilidad de actuar posteriormente en juzgado civil<br \/>\n7. Medios probatorios<br \/>\n8. Testigos<br \/>\n9. Comparendo de estilo o prueba<\/p>\n<p><b><strong>SEGUNDA PARTE<\/strong><\/b><br \/>\n<b><strong>PR\u00c1CTICA FORENSE<\/strong><\/b><\/p>\n<p>N\u00b01.- Audiencia. Suspensi\u00f3n audiencia<br \/>\nN\u00b02.- Audiencia. Suspensi\u00f3n audiencia com\u00fan acuerdo<br \/>\nN\u00b03.- Contesta. Querella infraccional y demanda<br \/>\nN\u00b04.- Contesta. Querella infraccional y demanda<br \/>\nN\u00b05.- Contesta. Querella infraccional<br \/>\nN\u00b06.- Contesta. Querella infraccional<br \/>\nN\u00b07.- Contesta. Querella infraccional<br \/>\nN\u00b08.- Contesta. Querella infraccional<br \/>\nN\u00b09.- Copropiedad inmobiliaria. Demanda. Nulidad Asamblea. Formato N\u00b01<br \/>\nN\u00b010.- Copropiedad inmobiliaria. Demanda. Nulidad Asamblea. Formato N\u00b02<br \/>\nN\u00b011.- Copropiedad inmobiliaria. Demanda. Nulidad Asamblea. Rendici\u00f3n cuenta administrador<br \/>\nN\u00b012.- Copropiedad inmobiliaria. Demanda. Exhibici\u00f3n documentos<br \/>\nN\u00b013.- Cumplimiento. Avenimiento<br \/>\nN\u00b014.- Cumplimiento. Avenimiento<br \/>\nN\u00b015.- Cumplimiento. Avenimiento. Incidental<br \/>\nN\u00b016.- Cumplimiento. Da cuenta pago<br \/>\nN\u00b017.- Cumplimiento. Da cuenta pago<br \/>\nN\u00b018.- Cumplimiento. Da cuenta pago. Multa<br \/>\nN\u00b019.- Cumplimiento. Consigna<br \/>\nN\u00b020.- Demanda. Ampliaci\u00f3n. Tr\u00e1nsito<br \/>\nN\u00b021.- Demanda. Ejecutiva. Cumplimiento sentencia. Principal<br \/>\nN\u00b022.- Demanda ejecutiva. Cumplimiento sentencia. Incidental<br \/>\nN\u00b023.- Demanda, rendici\u00f3n cuenta Ley N\u00b019.537 Copropiedad inmobiliaria<br \/>\nN\u00b024.- Denuncia. Ley Bosques<br \/>\nN\u00b025.- Denuncia. Ley 19.846. Calificaci\u00f3n cinematogr\u00e1fica<br \/>\nN\u00b026.- Derecho Consumidor. Denuncia Infracci\u00f3n Ley N\u00b019.946<br \/>\nN\u00b027.- Derecho Consumidor. Demanda<br \/>\nN\u00b028.- Derecho Consumidor. Denuncia Infracci\u00f3n Ley N\u00b019.946<br \/>\nN\u00b029.- Derecho Consumidor. Demanda<br \/>\nN\u00b030.- Derecho Consumidor. Demanda<br \/>\nN\u00b031.- Lista de testigos<br \/>\nN\u00b032.- Lista de testigos<br \/>\nN\u00b033.- Medida precautoria. Cancelaci\u00f3n y alzamiento<br \/>\nN\u00b034.- Medica precautoria. Reducci\u00f3n<br \/>\nN\u00b035.- Medica precautoria. Conc\u00e9dase<br \/>\nN\u00b036.- Medica precautoria. Reducci\u00f3n<br \/>\nN\u00b037.- Medica precautoria. Conc\u00e9dase<br \/>\nN\u00b038.- Querella. Infraccional e indemnizaci\u00f3n<br \/>\nN\u00b039.- Querella. Discriminaci\u00f3n Racial<br \/>\nN\u00b040.- Querella. Infraccional e indemnizaci\u00f3n<br \/>\nN\u00b041.- Querella. Infraccional e indemnizaci\u00f3n<br \/>\nN\u00b042.- Querella. Infraccional e indemnizaci\u00f3n<br \/>\nN\u00b043.- Querella. Infraccional e indemnizaci\u00f3n<br \/>\nN\u00b044.- Querella. Infraccional e indemnizaci\u00f3n<br \/>\nN\u00b045.- Querella. Infraccional e indemnizaci\u00f3n<br \/>\nN\u00b046.- Recurso. Apelaci\u00f3n<br \/>\nN\u00b047.- Recurso. Apelaci\u00f3n<br \/>\nN\u00b048.- Recurso. Apelaci\u00f3n<br \/>\nN\u00b049.- Recurso. Reconsideraci\u00f3n. Multa<br \/>\nN\u00b050.- Recurso. Reposici\u00f3n<br \/>\nN\u00b051.- Tramitaci\u00f3n personal. Devoluci\u00f3n veh\u00edculo<br \/>\nN\u00b052.- Tramitaci\u00f3n personal. Fuerza p\u00fablica<br \/>\nN\u00b053.- Tramitaci\u00f3n personal. Reconsideraci\u00f3n multa<br \/>\nN\u00b054.- Tramitaci\u00f3n personal. Devoluci\u00f3n licencia conducir<br \/>\nN\u00b055.- Tramitaci\u00f3n personal. Descargos y condonaci\u00f3n patente municipal<br \/>\nN\u00b056.- Tramitaci\u00f3n personal. Descargos Ley N\u00b018.290<br \/>\nN\u00b057.- Tramitaci\u00f3n personal. Descargos Ley N\u00b018.290<br \/>\nN\u00b058.- Tramitaci\u00f3n personal. Rebaja multa<br \/>\nN\u00b059.- Tramitaci\u00f3n personal. Prescripci\u00f3n<br \/>\nN\u00b060.- Tramitaci\u00f3n personal. Prescripci\u00f3n<br \/>\nN\u00b061.- Tramitaci\u00f3n personal. Prescripci\u00f3n<br \/>\nN\u00b062.- Tramitaci\u00f3n personal. Prescripci\u00f3n<br \/>\nN\u00b063.- Transacci\u00f3n. Da\u00f1os en colisi\u00f3n. Escritura P\u00fablica<br \/>\nN\u00b064.- Tramitaci\u00f3n. Avenimiento<\/p>\n<p><b><strong>TERCERA PARTE<\/strong><\/b><br \/>\n<b><strong>JURISPRUDENCIA<\/strong><\/b><\/p>\n","protected":false},"excerpt":{"rendered":"<p>El presente texto trata el Procedimiento de los Juicios de Tr\u00e1nsito y Polic\u00eda Local, de una manera lo m\u00e1s did\u00e1ctica posible, record\u00e1ndose que muchas veces los jueces de esta judicatura, en m\u00e9rito de sus potestad, lo tramitan \u201clibremente\u201d. Esta edici\u00f3n ha sido objeto de algunas modificaciones, en especial el tema de la pr\u00e1ctica forense, la que fue aumentada, corregida y actualizada. Asimismo, el cap\u00edtulo de jurisprudencia fue aumentado, para que el lector disponga de m\u00e1s temas para su an\u00e1lisis y estudio. PRIMERA PARTE LOS PROCEDIMIENTOS DE LOS PROCEDIMIENTOS DE LOS JUZGADOS DE POLIC\u00cdA LOCAL CAP\u00cdTULO I COMPETENCIA JUZGADOS POLIC\u00cdA LOCAL P\u00e1rrafo I. Juicio de contravenciones de peligrosidad y de eventual peligro de tr\u00e1nsito 1.- Procedimiento 2.- Apreciaci\u00f3n de la prueba 3.- Beneficios para los denunciados P\u00e1rrafo II. Juicio por accidentes del tr\u00e1nsito. Generalidades P\u00e1rrafo III. Juicio por accidente con indemnizaci\u00f3n de perjuicios Querella y demanda P\u00e1rrafo IV. Juicio por accidente con da\u00f1os e indemnizaci\u00f3n de perjuicios 1. Providencia de rigor 2. Notificaciones 3. Sistema coercitivo 4. Posibilidad de interponer acciones civiles 5. Plazo para notificar acciones interpuestas en plazo 6. Posibilidad de actuar posteriormente en juzgado civil 7. Medios probatorios 8. Testigos 9. Comparendo de estilo o prueba SEGUNDA PARTE PR\u00c1CTICA FORENSE N\u00b01.- Audiencia. Suspensi\u00f3n audiencia N\u00b02.- Audiencia. Suspensi\u00f3n audiencia com\u00fan acuerdo N\u00b03.- Contesta. Querella infraccional y demanda N\u00b04.- Contesta. Querella infraccional y demanda N\u00b05.- Contesta. Querella infraccional N\u00b06.- Contesta. Querella infraccional N\u00b07.- Contesta. Querella infraccional N\u00b08.- Contesta. Querella infraccional N\u00b09.- Copropiedad inmobiliaria. Demanda. Nulidad Asamblea. Formato N\u00b01 N\u00b010.- Copropiedad inmobiliaria. Demanda. Nulidad Asamblea. Formato N\u00b02 N\u00b011.- Copropiedad inmobiliaria. Demanda. Nulidad Asamblea. Rendici\u00f3n cuenta administrador N\u00b012.- Copropiedad inmobiliaria. Demanda. Exhibici\u00f3n documentos N\u00b013.- Cumplimiento. Avenimiento N\u00b014.- Cumplimiento. Avenimiento N\u00b015.- Cumplimiento. Avenimiento. Incidental N\u00b016.- Cumplimiento. Da cuenta pago N\u00b017.- Cumplimiento. Da cuenta pago N\u00b018.- Cumplimiento. Da cuenta pago. Multa N\u00b019.- Cumplimiento. Consigna N\u00b020.- Demanda. Ampliaci\u00f3n. Tr\u00e1nsito N\u00b021.- Demanda. Ejecutiva. Cumplimiento sentencia. Principal N\u00b022.- Demanda ejecutiva. Cumplimiento sentencia. Incidental N\u00b023.- Demanda, rendici\u00f3n cuenta Ley N\u00b019.537 Copropiedad inmobiliaria N\u00b024.- Denuncia. Ley Bosques N\u00b025.- Denuncia. Ley 19.846. Calificaci\u00f3n cinematogr\u00e1fica N\u00b026.- Derecho Consumidor. Denuncia Infracci\u00f3n Ley N\u00b019.946 N\u00b027.- Derecho Consumidor. Demanda N\u00b028.- Derecho Consumidor. Denuncia Infracci\u00f3n Ley N\u00b019.946 N\u00b029.- Derecho Consumidor. Demanda N\u00b030.- Derecho Consumidor. Demanda N\u00b031.- Lista de testigos N\u00b032.- Lista de testigos N\u00b033.- Medida precautoria. Cancelaci\u00f3n y alzamiento N\u00b034.- Medica precautoria. Reducci\u00f3n N\u00b035.- Medica precautoria. Conc\u00e9dase N\u00b036.- Medica precautoria. Reducci\u00f3n N\u00b037.- Medica precautoria. Conc\u00e9dase N\u00b038.- Querella. Infraccional e indemnizaci\u00f3n N\u00b039.- Querella. Discriminaci\u00f3n Racial N\u00b040.- Querella. Infraccional e indemnizaci\u00f3n N\u00b041.- Querella. Infraccional e indemnizaci\u00f3n N\u00b042.- Querella. Infraccional e indemnizaci\u00f3n N\u00b043.- Querella. Infraccional e indemnizaci\u00f3n N\u00b044.- Querella. Infraccional e indemnizaci\u00f3n N\u00b045.- Querella. Infraccional e indemnizaci\u00f3n N\u00b046.- Recurso. Apelaci\u00f3n N\u00b047.- Recurso. Apelaci\u00f3n N\u00b048.- Recurso. Apelaci\u00f3n N\u00b049.- Recurso. Reconsideraci\u00f3n. Multa N\u00b050.- Recurso. Reposici\u00f3n N\u00b051.- Tramitaci\u00f3n personal. Devoluci\u00f3n veh\u00edculo N\u00b052.- Tramitaci\u00f3n personal. Fuerza p\u00fablica N\u00b053.- Tramitaci\u00f3n personal. Reconsideraci\u00f3n multa N\u00b054.- Tramitaci\u00f3n personal. Devoluci\u00f3n licencia conducir N\u00b055.- Tramitaci\u00f3n personal. Descargos y condonaci\u00f3n patente municipal N\u00b056.- Tramitaci\u00f3n personal. Descargos Ley N\u00b018.290 N\u00b057.- Tramitaci\u00f3n personal. Descargos Ley N\u00b018.290 N\u00b058.- Tramitaci\u00f3n personal. Rebaja multa N\u00b059.- Tramitaci\u00f3n personal. Prescripci\u00f3n N\u00b060.- Tramitaci\u00f3n personal. Prescripci\u00f3n N\u00b061.- Tramitaci\u00f3n personal. Prescripci\u00f3n N\u00b062.- Tramitaci\u00f3n personal. Prescripci\u00f3n N\u00b063.- Transacci\u00f3n. Da\u00f1os en colisi\u00f3n. Escritura P\u00fablica N\u00b064.- Tramitaci\u00f3n. Avenimiento TERCERA PARTE JURISPRUDENCIA<\/p>\n","protected":false},"featured_media":2869,"comment_status":"open","ping_status":"closed","template":"","meta":{"inline_featured_image":false,"_joinchat":[]},"product_brand":[],"product_cat":[59,49],"product_tag":[],"class_list":{"0":"post-2830","1":"product","2":"type-product","3":"status-publish","4":"has-post-thumbnail","6":"product_cat-editorial-tofulex-ediciones-juridicas","7":"product_cat-juzgado-de-policia-local","8":"product_shipping_class-a-convenir","10":"first","11":"instock","12":"shipping-taxable","13":"purchasable","14":"product-type-simple"},"_links":{"self":[{"href":"https:\/\/bibliotecajuridicavirtual.cl\/index.php\/wp-json\/wp\/v2\/product\/2830","targetHints":{"allow":["GET"]}}],"collection":[{"href":"https:\/\/bibliotecajuridicavirtual.cl\/index.php\/wp-json\/wp\/v2\/product"}],"about":[{"href":"https:\/\/bibliotecajuridicavirtual.cl\/index.php\/wp-json\/wp\/v2\/types\/product"}],"replies":[{"embeddable":true,"href":"https:\/\/bibliotecajuridicavirtual.cl\/index.php\/wp-json\/wp\/v2\/comments?post=2830"}],"wp:featuredmedia":[{"embeddable":true,"href":"https:\/\/bibliotecajuridicavirtual.cl\/index.php\/wp-json\/wp\/v2\/media\/2869"}],"wp:attachment":[{"href":"https:\/\/bibliotecajuridicavirtual.cl\/index.php\/wp-json\/wp\/v2\/media?parent=2830"}],"wp:term":[{"taxonomy":"product_brand","embeddable":true,"href":"https:\/\/bibliotecajuridicavirtual.cl\/index.php\/wp-json\/wp\/v2\/product_brand?post=2830"},{"taxonomy":"product_cat","embeddable":true,"href":"https:\/\/bibliotecajuridicavirtual.cl\/index.php\/wp-json\/wp\/v2\/product_cat?post=2830"},{"taxonomy":"product_tag","embeddable":true,"href":"https:\/\/bibliotecajuridicavirtual.cl\/index.php\/wp-json\/wp\/v2\/product_tag?post=2830"}],"curies":[{"name":"wp","href":"https:\/\/api.w.org\/{rel}","templated":true}]}}