{"id":2831,"date":"2026-02-28T01:06:10","date_gmt":"2026-02-28T04:06:10","guid":{"rendered":"https:\/\/bibliotecajuridicavirtual.cl\/?post_type=product&#038;p=2831"},"modified":"2026-02-28T01:06:50","modified_gmt":"2026-02-28T04:06:50","slug":"nueva-practica-forense-policia-local-3era-edicion-ano-junio-2023-611-pag-autor-anibal-cornejo-manriquez","status":"publish","type":"product","link":"https:\/\/bibliotecajuridicavirtual.cl\/index.php\/product\/nueva-practica-forense-policia-local-3era-edicion-ano-junio-2023-611-pag-autor-anibal-cornejo-manriquez\/","title":{"rendered":"Nueva Practica Forense Polic\u00eda Local &#8211; 3era Edici\u00f3n. A\u00f1o Junio 2023\/ 611 P\u00e1g. Autor An\u00edbal Cornejo Manr\u00edquez"},"content":{"rendered":"<p style=\"font-weight: 400;\">Se ha actualizado y aumentado la edici\u00f3n original de esta obra, a objeto de satisfacer la necesidad de usuarios, en especial egresados y abogados que se desempe\u00f1an en los tribunales de esta \u00e1rea del Derecho.<\/p>\n<p style=\"font-weight: 400;\">El texto contiene aquellos formatos o formularios m\u00e1s usados en esta materia, present\u00e1ndolos de forma alfabetizada, lo que agiliza de manera significativa su b\u00fasqueda, siendo as\u00ed de gran ayuda a aquellos profesionales que tramitan materias de Polic\u00eda Local.<\/p>\n<p style=\"font-weight: 400;\">\n1) Acompa\u00f1a documentos por las razones que indica<br \/>\n2) Acompa\u00f1a lista de testigos<br \/>\n3) Alega nulidad procesal<br \/>\n4) Alega prescripci\u00f3n multas TAG<br \/>\n5) Ampliaci\u00f3n demanda civil de indemnizaci\u00f3n de perjuicios<br \/>\n6) Apelaci\u00f3n en contra de sentencia definitiva<br \/>\n7) Avenimiento<br \/>\n8) Caducidad art\u00edculo 9 Ley 18.287<br \/>\n9) Consideraciones de hecho y de derecho. tener presente al momento de fallar la causa<br \/>\n10) Consigna y solicita devoluci\u00f3n de licencia de conducir<br \/>\n11) Contesta demanda<br \/>\n12) Contesta demanda y querella. Demanda reconvencional<br \/>\n13) Contesta querella por escrito solicitando se tenga como parte integrante de la audiencia de estilo<br \/>\n14) Contesta querella y demanda. Demanda reconvencional.<br \/>\n15) Cumplimiento de avenimiento, con citaci\u00f3n<br \/>\n16) Cumplimiento incidental y liquidaci\u00f3n<br \/>\n17)Da cuenta de pago\u00a0en avenimiento y solicita archivo<br \/>\n18) Da cuenta de pago de multa en avenimiento<br \/>\n19) Da cuenta de pago de multa y solicita dejar sin efecto orden de arresto<br \/>\n20) Defensa del demandado con oposici\u00f3n de excepciones y contestaci\u00f3n que en derecho corresponda<br \/>\n21) Dejar sin efecto multas aplicadas por\u00a0\u00a0no pago de TAG<br \/>\n22) Delega poder<br \/>\n24) Demanda ejecutiva y mandamiento de ejecuci\u00f3n y embargo. Se\u00f1ala bienes para la traba y depositario. Receptor adhoc.<br \/>\n25)\u00a0Demanda ejecutiva y mandamiento de ejecuci\u00f3n y embargo<br \/>\n27) Demanda nulidad asamblea de corpropietarios<br \/>\n28) Demanda rendici\u00f3n de cuenta a administrador de condominio<br \/>\n29) Denuncia a administraci\u00f3n por gesti\u00f3n de cuentas. Infracci\u00f3n Ley 19.537 de Copropiedad Inmobiliaria. Vulneraci\u00f3n de derechos como copropietario<br \/>\n30) Denuncia por corta de bosque nativo y fomento forestal<br \/>\n31) Denuncia por deficiencia en mantenci\u00f3n de bienes comunes. infracci\u00f3n Ley de Copropiedad Inmobiliaria<br \/>\n32) Denuncia por infracci\u00f3n Ley N\u00b019.496. Protecci\u00f3n derechos de los consumidores<br \/>\n34) Denuncia por infracci\u00f3n a la Ley N\u00b0 19.537<br \/>\n35) Denuncia por infracci\u00f3n a la Ley N\u00b0 19.846<br \/>\n36) Desarchivo para dar curso a la prescripci\u00f3n de la multa<br \/>\n37) Desarchivo para dar curso progresivo a los autos<br \/>\n38) Desarchivo y copia autorizada de sentencia con certificado de ejecutoriedad<br \/>\n39) Desarchivo, desgloce y devoluci\u00f3n de documentos<br \/>\n40) Descargos citaci\u00f3n infracci\u00f3n de tr\u00e1nsito. Viraje en zona prohibida<br \/>\n41) Descargo con exhorto. Multa de tr\u00e1nsito<br \/>\n42) Descargos multa infracci\u00f3n de tr\u00e1nsito. Uso de celular<br \/>\n43) Descargo multa infracci\u00f3n de tr\u00e1nsito. Viraje en zona prohibida<br \/>\n44) Descargo y solicitud de condonaci\u00f3n patente<br \/>\n45) Descargos por comercio sin permiso municipal. Ley 18.287<br \/>\n46) Desistimiento de la denuncia y demanda<br \/>\n47) Devoluci\u00f3n de especies incautadas. D.L. N\u00b0 3.063 sobre rentas municipales<br \/>\n48) Devoluci\u00f3n de licencia<br \/>\n49) Diligencias probatorias para mejor resolver<br \/>\n50) Exhibici\u00f3n de documentos. Solicitud. Citaci\u00f3n\u00a0\u00a0a la Asamblea extraordinaria de copropietarios para los efectos que indica<br \/>\n51) Exhorto. Acompa\u00f1a documentos<br \/>\n52) Hace uso de citaci\u00f3n y objeta documentos<br \/>\n53) Incidente de incompetencia declinatoria. Por declinatoria<br \/>\n54) Incidente de nulidad por infracci\u00f3n de tr\u00e1nsito. transitar sin dispositivo por autopista<br \/>\n55) Informe de peritos<br \/>\n56) Lista de testigos<br \/>\n57) Lista de testigos con citaci\u00f3n<br \/>\n58) Lista de testigos sin citaci\u00f3n<br \/>\n59) Lista de testigos. Ley de copropiedad<br \/>\n60) Lista de testigos. Patrocinio y poder<br \/>\n61) Medida judicial precautoria. Solicitud<br \/>\n62) Medida judicial precautoria. Solicitud da\u00f1os en choque<br \/>\n63) Medida prejudicial precautoria. Prohibici\u00f3n de celebrar actos y contratos sobre veh\u00edculo motorizado que indica (Da\u00f1os en choque)<br \/>\n64) Medidas para mejor resolver. Oficios. Solicitud<br \/>\n65) Medidas para mejor resolver. Tramitaci\u00f3n por mano<br \/>\n66) Medida precautoria de prohibici\u00f3n de celebrar actos y contratos<br \/>\n67) Medida precautoria retenci\u00f3n de bienes determinados<br \/>\n68) Medida precautoria. Secuestro<br \/>\n69) Medida prejudicial precautoria prohibici\u00f3n de celebrar actos y contratos (da\u00f1os en choque)<br \/>\n70) Nulidad procesal<br \/>\n71) Nuevo d\u00eda y hora comparendo de contestaci\u00f3n y prueba por falta de notificaci\u00f3n<br \/>\n72) Objeta documentos que indica<br \/>\n73) Objeta documentos por escrito<br \/>\n74) Observaci\u00f3n y objeci\u00f3n de documentos<br \/>\n75) Observaciones a la prueba (1)<br \/>\n76) Observaciones a la prueba (2)<br \/>\n77) Observaciones a la prueba (3)<br \/>\n78) Oposici\u00f3n a diligencia que indica<br \/>\n79) Oposici\u00f3n a diligencia solicitada o decretada<br \/>\n80) Oposici\u00f3n al cumplimiento incidental<br \/>\n81) Patrocinio y poder<br \/>\n82) Pauta audiencia avenimiento, contestaci\u00f3n y prueba ley de protecci\u00f3n<br \/>\n83) Pauta comparendo da\u00f1os en colusi\u00f3n o accidente de tr\u00e1nsito. Ley de tr\u00e1nsito<br \/>\n84) Prescripci\u00f3n del pago de permisos de circulaci\u00f3n atrasados<br \/>\n85) Prescripci\u00f3n de la acci\u00f3n contravencional Art. 54 Ley 15.231<br \/>\n86) Prescripci\u00f3n infracci\u00f3n que indica (acci\u00f3n persecutoria de responsabilidad por contravenci\u00f3n. Art. 54.<br \/>\n87) Prescripci\u00f3n multa de tr\u00e1nsito\u00a0(1)<br \/>\n88) Prescripci\u00f3n multa de tr\u00e1nsito\u00a0(2)<br \/>\n89) Prescripci\u00f3n multa. Desarchivo<br \/>\n90) Procedimiento ejecutivo. Ejecuci\u00f3n de sentencia firme y ejecutoriada<br \/>\n91) Querella infraccional contra administrador condominio (modelo general)<br \/>\n92) Querella infraccional. Demanda civil de indemnizaci\u00f3n de perjuicios. Hosting defectuoso. Infracci\u00f3n Ley N\u00b019.496. Derechos del consumidor<br \/>\n93) Querella infraccional con demanda civil. Indemnizaci\u00f3n de perjuicios\u00a0(choque). Nuevo d\u00eda y hora y exhorto de notificaci\u00f3n<br \/>\n94) Querella infraccional con demanda civil indemnizaci\u00f3n de perjuicios (choque) con nuevo d\u00eda y hora y exhorto de notificaci\u00f3n (2)<br \/>\n95) Querella infraccional con demanda civil e indemnizaci\u00f3n de perjuicios (choque) sin solicitud de nuevo d\u00eda y hora (3)<br \/>\n96) Querella infraccional consumidor con demanda civil contra banco por incumplimiento de deber de seguridad inform\u00e1tica<br \/>\n97) Querella infraccional. Contestaci\u00f3n<br \/>\n98) Querella infraccional. Demanda civil de indemnizaci\u00f3n de perjuicios<br \/>\n99) Querella infraccional. Demanda civil de indemnizaci\u00f3n de perjuicios<br \/>\n100) Querella infraccional. Discriminaci\u00f3n racional. Ley 19.253<br \/>\n101) Querella infraccional. Ordenanza municipal de canopys<br \/>\n102) Querella infraccional. Responde y contesta demanda civil<br \/>\n103) Querella por infracciones a la ley 19.537. Copropiedad inmobiliaria con demanda civil<br \/>\n104) Querella tr\u00e1nsito y demanda civil, diligencia nuevo d\u00eda y hora y exhorto de notificaci\u00f3n<br \/>\n105) Querella y demanda civil tr\u00e1nsito. Acompa\u00f1a documentos<br \/>\n106) Rectificaci\u00f3n de acciones deducidas en juicio<br \/>\n107) Recurso de Apelaci\u00f3n\u00a0(1)<br \/>\n108) Recurso de Apelaci\u00f3n\u00a0(2)<br \/>\n109) Recurso de Apelaci\u00f3n. Sentencia definitiva. Da\u00f1os en choque<br \/>\n110) Recurso de apelaci\u00f3n sentencia definitiva en contra de propietario que transfiri\u00f3 el veh\u00edculo<br \/>\n111) Recurso de Reconsideraci\u00f3n. Art. 21. Ley 18.287<br \/>\n112) Recurso de Reposici\u00f3n\u00a0multa tr\u00e1nsito (reconsideraci\u00f3n)<br \/>\n113) Recurso de reposici\u00f3n multa infracci\u00f3n de tr\u00e1nsito (reconsideraci\u00f3n) veh\u00edculo mal estacionado<br \/>\n114) Recurso de reposici\u00f3n multa infracci\u00f3n de tr\u00e1nsito (reconsideraci\u00f3n) veh\u00edculo mal estacionado<br \/>\n115) Recurso de reposici\u00f3n multa de tr\u00e1nsito (reconsideraci\u00f3n) solicitud que rebaja infracci\u00f3n disco pare<br \/>\n116) Recurso de reposici\u00f3n ordinario. Reposici\u00f3n ordinaria de resoluci\u00f3n que indica<br \/>\n117) Recurso de reposici\u00f3n sentencia infraccional. Certificado de gases vencido. Veh\u00edculo no catal\u00edtico<br \/>\n118) Renuncia patrocinio y poder<br \/>\n119) Retiro de circulaci\u00f3n de veh\u00edculo que indica<br \/>\n120) Se hace parte denuncia Ley N\u00b019.946 (fija texto refundido, coordinado y sistematizado de la ley N\u00b019.496, que establece normas sobre protecci\u00f3n de los derechos de los consumidores). Con demanda civil sin lista de testigos<br \/>\n121) Se hace parte denuncia Ley N\u00b019.946 (fija texto refundido, coordinado y sistematizado de la ley N\u00b019.946, que establece normas sobre protecci\u00f3n de los derechos de los consumidores). Con demanda civil con lista de testigos<br \/>\n122) Se opone al cumplimiento incidental por haber transcurrido en plazo del Art. 17, inciso 3\u00b0. Ley 18.287<br \/>\n123) Solicita acumulaci\u00f3n de autos<br \/>\n124) Solicita aplicaci\u00f3n del art. 84 C.P.C. por falta de notificaci\u00f3n a representante legal<br \/>\n125) Solicita caducidad de acci\u00f3n civil<br \/>\n126) Solicita cambio de fecha de citaci\u00f3n para declaraci\u00f3n indagatoria<br \/>\n127) Solicita citaci\u00f3n judicial a asamblea de copropietarios<br \/>\n128) Solicita copia autorizada de sentencia<br \/>\n129) Solicita declaraci\u00f3n nulidad de asamblea de copropietarios<br \/>\n130) Solicita exhibici\u00f3n de documentos y citaci\u00f3n a asamblea extraordinaria de copropietarios<br \/>\n131) Solicita no aplicaci\u00f3n de multa tr\u00e1nsito<br \/>\n132) Solicita notificaci\u00f3n a tercero civilmente responsable (due\u00f1o del veh\u00edculo motorizado)<br \/>\n133) Solicita nuevo plazo permiso de construcci\u00f3n y acumulaci\u00f3n de autos<br \/>\n134) Solicita rebaja multa cursada por patente<br \/>\n135) Solicita reconsideraci\u00f3n multa. Ley de urbanismo y construcciones<br \/>\n136) Solicita retiro de circulaci\u00f3n de veh\u00edculo que indica<br \/>\n137) Solicita se declare la caducidad de la acci\u00f3n civil deducida por la contraria, en m\u00e9rito de lo que se indica<br \/>\n138) Solicita suspensi\u00f3n comparendo de estilo y prueba<br \/>\n139) Solicita suspensi\u00f3n del procedimiento. Infracci\u00f3n ley de Urbanismo y Construcci\u00f3n<br \/>\n140) Tramitaci\u00f3n por mano de oficio que indica<br \/>\n141) Transacci\u00f3n notarial para prevenir litigio eventual. Da\u00f1os en choque (modelo con formato escritura p\u00fablica)<\/p>\n","protected":false},"excerpt":{"rendered":"<p>Se ha actualizado y aumentado la edici\u00f3n original de esta obra, a objeto de satisfacer la necesidad de usuarios, en especial egresados y abogados que se desempe\u00f1an en los tribunales de esta \u00e1rea del Derecho. El texto contiene aquellos formatos o formularios m\u00e1s usados en esta materia, present\u00e1ndolos de forma alfabetizada, lo que agiliza de manera significativa su b\u00fasqueda, siendo as\u00ed de gran ayuda a aquellos profesionales que tramitan materias de Polic\u00eda Local. 1) Acompa\u00f1a documentos por las razones que indica 2) Acompa\u00f1a lista de testigos 3) Alega nulidad procesal 4) Alega prescripci\u00f3n multas TAG 5) Ampliaci\u00f3n demanda civil de indemnizaci\u00f3n de perjuicios 6) Apelaci\u00f3n en contra de sentencia definitiva 7) Avenimiento 8) Caducidad art\u00edculo 9 Ley 18.287 9) Consideraciones de hecho y de derecho. tener presente al momento de fallar la causa 10) Consigna y solicita devoluci\u00f3n de licencia de conducir 11) Contesta demanda 12) Contesta demanda y querella. Demanda reconvencional 13) Contesta querella por escrito solicitando se tenga como parte integrante de la audiencia de estilo 14) Contesta querella y demanda. Demanda reconvencional. 15) Cumplimiento de avenimiento, con citaci\u00f3n 16) Cumplimiento incidental y liquidaci\u00f3n 17)Da cuenta de pago\u00a0en avenimiento y solicita archivo 18) Da cuenta de pago de multa en avenimiento 19) Da cuenta de pago de multa y solicita dejar sin efecto orden de arresto 20) Defensa del demandado con oposici\u00f3n de excepciones y contestaci\u00f3n que en derecho corresponda 21) Dejar sin efecto multas aplicadas por\u00a0\u00a0no pago de TAG 22) Delega poder 24) Demanda ejecutiva y mandamiento de ejecuci\u00f3n y embargo. Se\u00f1ala bienes para la traba y depositario. Receptor adhoc. 25)\u00a0Demanda ejecutiva y mandamiento de ejecuci\u00f3n y embargo 27) Demanda nulidad asamblea de corpropietarios 28) Demanda rendici\u00f3n de cuenta a administrador de condominio 29) Denuncia a administraci\u00f3n por gesti\u00f3n de cuentas. Infracci\u00f3n Ley 19.537 de Copropiedad Inmobiliaria. Vulneraci\u00f3n de derechos como copropietario 30) Denuncia por corta de bosque nativo y fomento forestal 31) Denuncia por deficiencia en mantenci\u00f3n de bienes comunes. infracci\u00f3n Ley de Copropiedad Inmobiliaria 32) Denuncia por infracci\u00f3n Ley N\u00b019.496. Protecci\u00f3n derechos de los consumidores 34) Denuncia por infracci\u00f3n a la Ley N\u00b0 19.537 35) Denuncia por infracci\u00f3n a la Ley N\u00b0 19.846 36) Desarchivo para dar curso a la prescripci\u00f3n de la multa 37) Desarchivo para dar curso progresivo a los autos 38) Desarchivo y copia autorizada de sentencia con certificado de ejecutoriedad 39) Desarchivo, desgloce y devoluci\u00f3n de documentos 40) Descargos citaci\u00f3n infracci\u00f3n de tr\u00e1nsito. Viraje en zona prohibida 41) Descargo con exhorto. Multa de tr\u00e1nsito 42) Descargos multa infracci\u00f3n de tr\u00e1nsito. Uso de celular 43) Descargo multa infracci\u00f3n de tr\u00e1nsito. Viraje en zona prohibida 44) Descargo y solicitud de condonaci\u00f3n patente 45) Descargos por comercio sin permiso municipal. Ley 18.287 46) Desistimiento de la denuncia y demanda 47) Devoluci\u00f3n de especies incautadas. D.L. N\u00b0 3.063 sobre rentas municipales 48) Devoluci\u00f3n de licencia 49) Diligencias probatorias para mejor resolver 50) Exhibici\u00f3n de documentos. Solicitud. Citaci\u00f3n\u00a0\u00a0a la Asamblea extraordinaria de copropietarios para los efectos que indica 51) Exhorto. Acompa\u00f1a documentos 52) Hace uso de citaci\u00f3n y objeta documentos 53) Incidente de incompetencia declinatoria. Por declinatoria 54) Incidente de nulidad por infracci\u00f3n de tr\u00e1nsito. transitar sin dispositivo por autopista 55) Informe de peritos 56) Lista de testigos 57) Lista de testigos con citaci\u00f3n 58) Lista de testigos sin citaci\u00f3n 59) Lista de testigos. Ley de copropiedad 60) Lista de testigos. Patrocinio y poder 61) Medida judicial precautoria. Solicitud 62) Medida judicial precautoria. Solicitud da\u00f1os en choque 63) Medida prejudicial precautoria. Prohibici\u00f3n de celebrar actos y contratos sobre veh\u00edculo motorizado que indica (Da\u00f1os en choque) 64) Medidas para mejor resolver. Oficios. Solicitud 65) Medidas para mejor resolver. Tramitaci\u00f3n por mano 66) Medida precautoria de prohibici\u00f3n de celebrar actos y contratos 67) Medida precautoria retenci\u00f3n de bienes determinados 68) Medida precautoria. Secuestro 69) Medida prejudicial precautoria prohibici\u00f3n de celebrar actos y contratos (da\u00f1os en choque) 70) Nulidad procesal 71) Nuevo d\u00eda y hora comparendo de contestaci\u00f3n y prueba por falta de notificaci\u00f3n 72) Objeta documentos que indica 73) Objeta documentos por escrito 74) Observaci\u00f3n y objeci\u00f3n de documentos 75) Observaciones a la prueba (1) 76) Observaciones a la prueba (2) 77) Observaciones a la prueba (3) 78) Oposici\u00f3n a diligencia que indica 79) Oposici\u00f3n a diligencia solicitada o decretada 80) Oposici\u00f3n al cumplimiento incidental 81) Patrocinio y poder 82) Pauta audiencia avenimiento, contestaci\u00f3n y prueba ley de protecci\u00f3n 83) Pauta comparendo da\u00f1os en colusi\u00f3n o accidente de tr\u00e1nsito. Ley de tr\u00e1nsito 84) Prescripci\u00f3n del pago de permisos de circulaci\u00f3n atrasados 85) Prescripci\u00f3n de la acci\u00f3n contravencional Art. 54 Ley 15.231 86) Prescripci\u00f3n infracci\u00f3n que indica (acci\u00f3n persecutoria de responsabilidad por contravenci\u00f3n. Art. 54. 87) Prescripci\u00f3n multa de tr\u00e1nsito\u00a0(1) 88) Prescripci\u00f3n multa de tr\u00e1nsito\u00a0(2) 89) Prescripci\u00f3n multa. Desarchivo 90) Procedimiento ejecutivo. Ejecuci\u00f3n de sentencia firme y ejecutoriada 91) Querella infraccional contra administrador condominio (modelo general) 92) Querella infraccional. Demanda civil de indemnizaci\u00f3n de perjuicios. Hosting defectuoso. Infracci\u00f3n Ley N\u00b019.496. Derechos del consumidor 93) Querella infraccional con demanda civil. Indemnizaci\u00f3n de perjuicios\u00a0(choque). Nuevo d\u00eda y hora y exhorto de notificaci\u00f3n 94) Querella infraccional con demanda civil indemnizaci\u00f3n de perjuicios (choque) con nuevo d\u00eda y hora y exhorto de notificaci\u00f3n (2) 95) Querella infraccional con demanda civil e indemnizaci\u00f3n de perjuicios (choque) sin solicitud de nuevo d\u00eda y hora (3) 96) Querella infraccional consumidor con demanda civil contra banco por incumplimiento de deber de seguridad inform\u00e1tica 97) Querella infraccional. Contestaci\u00f3n 98) Querella infraccional. Demanda civil de indemnizaci\u00f3n de perjuicios 99) Querella infraccional. Demanda civil de indemnizaci\u00f3n de perjuicios 100) Querella infraccional. Discriminaci\u00f3n racional. Ley 19.253 101) Querella infraccional. Ordenanza municipal de canopys 102) Querella infraccional. Responde y contesta demanda civil 103) Querella por infracciones a la ley 19.537. Copropiedad inmobiliaria con demanda civil 104) Querella tr\u00e1nsito y demanda civil, diligencia nuevo d\u00eda y hora y exhorto de notificaci\u00f3n 105) Querella y demanda civil tr\u00e1nsito. Acompa\u00f1a documentos 106) Rectificaci\u00f3n de acciones deducidas en juicio 107) Recurso de Apelaci\u00f3n\u00a0(1) 108) Recurso de Apelaci\u00f3n\u00a0(2) 109) Recurso de Apelaci\u00f3n. Sentencia definitiva. Da\u00f1os en choque 110) Recurso de apelaci\u00f3n sentencia definitiva en contra de<\/p>\n","protected":false},"featured_media":2870,"comment_status":"open","ping_status":"closed","template":"","meta":{"inline_featured_image":false,"_joinchat":[]},"product_brand":[],"product_cat":[49],"product_tag":[],"class_list":{"0":"post-2831","1":"product","2":"type-product","3":"status-publish","4":"has-post-thumbnail","6":"product_cat-juzgado-de-policia-local","7":"product_shipping_class-a-convenir","9":"first","10":"instock","11":"shipping-taxable","12":"purchasable","13":"product-type-simple"},"_links":{"self":[{"href":"https:\/\/bibliotecajuridicavirtual.cl\/index.php\/wp-json\/wp\/v2\/product\/2831","targetHints":{"allow":["GET"]}}],"collection":[{"href":"https:\/\/bibliotecajuridicavirtual.cl\/index.php\/wp-json\/wp\/v2\/product"}],"about":[{"href":"https:\/\/bibliotecajuridicavirtual.cl\/index.php\/wp-json\/wp\/v2\/types\/product"}],"replies":[{"embeddable":true,"href":"https:\/\/bibliotecajuridicavirtual.cl\/index.php\/wp-json\/wp\/v2\/comments?post=2831"}],"wp:featuredmedia":[{"embeddable":true,"href":"https:\/\/bibliotecajuridicavirtual.cl\/index.php\/wp-json\/wp\/v2\/media\/2870"}],"wp:attachment":[{"href":"https:\/\/bibliotecajuridicavirtual.cl\/index.php\/wp-json\/wp\/v2\/media?parent=2831"}],"wp:term":[{"taxonomy":"product_brand","embeddable":true,"href":"https:\/\/bibliotecajuridicavirtual.cl\/index.php\/wp-json\/wp\/v2\/product_brand?post=2831"},{"taxonomy":"product_cat","embeddable":true,"href":"https:\/\/bibliotecajuridicavirtual.cl\/index.php\/wp-json\/wp\/v2\/product_cat?post=2831"},{"taxonomy":"product_tag","embeddable":true,"href":"https:\/\/bibliotecajuridicavirtual.cl\/index.php\/wp-json\/wp\/v2\/product_tag?post=2831"}],"curies":[{"name":"wp","href":"https:\/\/api.w.org\/{rel}","templated":true}]}}