{"id":2832,"date":"2026-02-28T01:06:10","date_gmt":"2026-02-28T04:06:10","guid":{"rendered":"https:\/\/bibliotecajuridicavirtual.cl\/?post_type=product&#038;p=2832"},"modified":"2026-02-28T01:06:51","modified_gmt":"2026-02-28T04:06:51","slug":"procedimiento-contencioso-administrativos-que-conocen-los-juzgados-de-policia-local-cuya-sentencias-pueden-ser-revisadas-ano-octubre-2018-61-pag-autor-sandra-ponce-de-leon-salucci","status":"publish","type":"product","link":"https:\/\/bibliotecajuridicavirtual.cl\/index.php\/product\/procedimiento-contencioso-administrativos-que-conocen-los-juzgados-de-policia-local-cuya-sentencias-pueden-ser-revisadas-ano-octubre-2018-61-pag-autor-sandra-ponce-de-leon-salucci\/","title":{"rendered":"Procedimiento Contencioso Administrativos que conocen los juzgados de Polic\u00eda Local  Cuya Sentencias  pueden ser revisadas.  A\u00f1o Octubre 2018\/ 61 P\u00e1g. Autor Sandra Ponce de Le\u00f3n Salucci"},"content":{"rendered":"<p><strong>PROCEDIMIENTOS CONTENCIOSO ADMINISTRATIVOS QUE CONOCEN LOS JUZGADOS DE POLIC\u00cdA LOCAL CUYAS SENTENCIAS PUEDEN SER REVISADAS POR LAS CORTES DE APELACIONES<\/strong><\/p>\n<p>La obra tiene por objetivo identificar, dentro de la gran cantidad de asuntos que el legislador ha puesto dentro de la esfera de competencia de los Juzgados de Polic\u00eda Local (JPL), aquellos que pueden ser calificados como contencioso-administrativos y, dentro de ellos, solo los procedimientos que culminan con sentencias que puedan ser apelables ante las Cortes de Apelaciones del pa\u00eds.<\/p>\n<p>Se abordar\u00e1n, as\u00ed, solo los m\u00e1s habituales conflictos jur\u00eddicos en los que son parte un \u00f3rgano administrativo (generalmente de tipo fiscalizador y sancionador) y un particular (que generalmente ejerce una actividad fiscalizada por tal \u00f3rgano administrativo), que por disposici\u00f3n legal expresa son de competencia de los Juzgados de Polic\u00eda Local en primera instancia y cuya sentencia pueda ser revisada en segunda instancia por la Corte de Apelaciones respectiva<\/p>\n<p>En concreto, en este Cuaderno Jur\u00eddico se se\u00f1alar\u00e1n las normas generales aplicables a los siguientes procedimientos desarrollados por los jueces de polic\u00eda local en primera instancia, y en segunda instancia por las Cortes de Apelaciones, a saber<\/p>\n<p>Infracciones a la Ley del Consumidor<br \/>\nInfracciones a las ordenanzas municipales<br \/>\nInfracciones a la Ley General de Urbanismo y Construcciones y su Ordenanza<br \/>\nInfracciones a la Ley de Votaciones y Escrutinios<br \/>\nInfracciones a la Ley de Bosque Nativo y Fomento Forestal<\/p>\n<p>Contiene: Glosario, Preguntas y respuestas y Bibliograf\u00eda<\/p>\n<p>1. Introducci\u00f3n<br \/>\n2. Notas sobre El control del acto administrativo<br \/>\n2.1. Principio de impugnabilidad de los actos administrativos<br \/>\n2.2. Impugnaci\u00f3n mediante acciones o recursos jurisdiccionales<br \/>\n2.3. Incompatibilidad \u00e9ntrelas v\u00edas de impugnaci\u00f3n administrativa y jurisdiccional<br \/>\n2.4. Interrupci\u00f3n del plazo del recurso jurisdiccional<br \/>\n2.5. Concepto y caracter\u00edsticas del asunto contencioso administrativo<br \/>\nA). Doctrina cl\u00e1sica<br \/>\nB). Doctrina de la norma decisorio litis<br \/>\n2.6. Actos administrativos que pueden dar origen al procedimiento contencioso administrativo<br \/>\nA). Respecto de las acciones<br \/>\nB). Respecto de las omisiones<br \/>\n3. Naturaleza, Estatuto aplicable y competencia de los juzgados de polic\u00eda local<br \/>\n3.1. Naturaleza y estatuto jur\u00eddico aplicable al cargo<br \/>\n3.2. Competencia<br \/>\n3.3. Recurso de apelaci\u00f3n en el procedimiento de los juzgados de polic\u00eda local<br \/>\nA). Procedencia o improcedencia<br \/>\nB). Plazo<br \/>\nC). Contenido<br \/>\n3.4. Improcedencia del recurso de casaci\u00f3n en los juicios de polic\u00eda local<br \/>\n3.5. jurisprudencia constitucional vigente respecto del derecho al recurso como elemento de la garant\u00eda del debido y justo procedimiento legal<br \/>\n4. Selecci\u00f3n de procedimientos contencioso-administrativos que conocen los juzgados de polic\u00eda local cuya sentencia definitiva puede ser revisada por las cortes de apelaciones a trav\u00e9s del recurso de apelaci\u00f3n<br \/>\n4.1 Infracciones a la ley de defensa de derechos del consumidor N\u00b019496<br \/>\nA) Fase extrajudicial<br \/>\nB) Procedimiento jurisdiccional ante Juzgados de Polic\u00eda Local<br \/>\nC) Jurisprudencia<br \/>\n4.2. Infracciones a las ordenanzas Municipales<br \/>\n4.3. Infracciones a la ley General de Urbanismo y constituciones y su ordenanza<br \/>\n4.4. Infracciones a la ley de recuperaci\u00f3n del bosque nativo y fomento forestal N\u00b020.283 (art\u00edculo 45)<br \/>\n4.5. Infracciones a la ley de votaciones populares y escrituras N\u00b0 18.700<\/p>\n<p>GLOSARIO<br \/>\nPREGUNTAS Y RESPUESTAS<br \/>\nBIBLIOGRAF\u00cdA<\/p>\n","protected":false},"excerpt":{"rendered":"<p>PROCEDIMIENTOS CONTENCIOSO ADMINISTRATIVOS QUE CONOCEN LOS JUZGADOS DE POLIC\u00cdA LOCAL CUYAS SENTENCIAS PUEDEN SER REVISADAS POR LAS CORTES DE APELACIONES La obra tiene por objetivo identificar, dentro de la gran cantidad de asuntos que el legislador ha puesto dentro de la esfera de competencia de los Juzgados de Polic\u00eda Local (JPL), aquellos que pueden ser calificados como contencioso-administrativos y, dentro de ellos, solo los procedimientos que culminan con sentencias que puedan ser apelables ante las Cortes de Apelaciones del pa\u00eds. Se abordar\u00e1n, as\u00ed, solo los m\u00e1s habituales conflictos jur\u00eddicos en los que son parte un \u00f3rgano administrativo (generalmente de tipo fiscalizador y sancionador) y un particular (que generalmente ejerce una actividad fiscalizada por tal \u00f3rgano administrativo), que por disposici\u00f3n legal expresa son de competencia de los Juzgados de Polic\u00eda Local en primera instancia y cuya sentencia pueda ser revisada en segunda instancia por la Corte de Apelaciones respectiva En concreto, en este Cuaderno Jur\u00eddico se se\u00f1alar\u00e1n las normas generales aplicables a los siguientes procedimientos desarrollados por los jueces de polic\u00eda local en primera instancia, y en segunda instancia por las Cortes de Apelaciones, a saber Infracciones a la Ley del Consumidor Infracciones a las ordenanzas municipales Infracciones a la Ley General de Urbanismo y Construcciones y su Ordenanza Infracciones a la Ley de Votaciones y Escrutinios Infracciones a la Ley de Bosque Nativo y Fomento Forestal Contiene: Glosario, Preguntas y respuestas y Bibliograf\u00eda 1. Introducci\u00f3n 2. Notas sobre El control del acto administrativo 2.1. Principio de impugnabilidad de los actos administrativos 2.2. Impugnaci\u00f3n mediante acciones o recursos jurisdiccionales 2.3. Incompatibilidad \u00e9ntrelas v\u00edas de impugnaci\u00f3n administrativa y jurisdiccional 2.4. Interrupci\u00f3n del plazo del recurso jurisdiccional 2.5. Concepto y caracter\u00edsticas del asunto contencioso administrativo A). Doctrina cl\u00e1sica B). Doctrina de la norma decisorio litis 2.6. Actos administrativos que pueden dar origen al procedimiento contencioso administrativo A). Respecto de las acciones B). Respecto de las omisiones 3. Naturaleza, Estatuto aplicable y competencia de los juzgados de polic\u00eda local 3.1. Naturaleza y estatuto jur\u00eddico aplicable al cargo 3.2. Competencia 3.3. Recurso de apelaci\u00f3n en el procedimiento de los juzgados de polic\u00eda local A). Procedencia o improcedencia B). Plazo C). Contenido 3.4. Improcedencia del recurso de casaci\u00f3n en los juicios de polic\u00eda local 3.5. jurisprudencia constitucional vigente respecto del derecho al recurso como elemento de la garant\u00eda del debido y justo procedimiento legal 4. Selecci\u00f3n de procedimientos contencioso-administrativos que conocen los juzgados de polic\u00eda local cuya sentencia definitiva puede ser revisada por las cortes de apelaciones a trav\u00e9s del recurso de apelaci\u00f3n 4.1 Infracciones a la ley de defensa de derechos del consumidor N\u00b019496 A) Fase extrajudicial B) Procedimiento jurisdiccional ante Juzgados de Polic\u00eda Local C) Jurisprudencia 4.2. Infracciones a las ordenanzas Municipales 4.3. Infracciones a la ley General de Urbanismo y constituciones y su ordenanza 4.4. Infracciones a la ley de recuperaci\u00f3n del bosque nativo y fomento forestal N\u00b020.283 (art\u00edculo 45) 4.5. Infracciones a la ley de votaciones populares y escrituras N\u00b0 18.700 GLOSARIO PREGUNTAS Y RESPUESTAS BIBLIOGRAF\u00cdA<\/p>\n","protected":false},"featured_media":2871,"comment_status":"open","ping_status":"closed","template":"","meta":{"inline_featured_image":false,"_joinchat":[]},"product_brand":[],"product_cat":[45,38],"product_tag":[],"class_list":{"0":"post-2832","1":"product","2":"type-product","3":"status-publish","4":"has-post-thumbnail","6":"product_cat-administrativo","7":"product_cat-editorial-der-ediciones","8":"product_shipping_class-a-convenir","10":"first","11":"instock","12":"shipping-taxable","13":"purchasable","14":"product-type-simple"},"_links":{"self":[{"href":"https:\/\/bibliotecajuridicavirtual.cl\/index.php\/wp-json\/wp\/v2\/product\/2832","targetHints":{"allow":["GET"]}}],"collection":[{"href":"https:\/\/bibliotecajuridicavirtual.cl\/index.php\/wp-json\/wp\/v2\/product"}],"about":[{"href":"https:\/\/bibliotecajuridicavirtual.cl\/index.php\/wp-json\/wp\/v2\/types\/product"}],"replies":[{"embeddable":true,"href":"https:\/\/bibliotecajuridicavirtual.cl\/index.php\/wp-json\/wp\/v2\/comments?post=2832"}],"wp:featuredmedia":[{"embeddable":true,"href":"https:\/\/bibliotecajuridicavirtual.cl\/index.php\/wp-json\/wp\/v2\/media\/2871"}],"wp:attachment":[{"href":"https:\/\/bibliotecajuridicavirtual.cl\/index.php\/wp-json\/wp\/v2\/media?parent=2832"}],"wp:term":[{"taxonomy":"product_brand","embeddable":true,"href":"https:\/\/bibliotecajuridicavirtual.cl\/index.php\/wp-json\/wp\/v2\/product_brand?post=2832"},{"taxonomy":"product_cat","embeddable":true,"href":"https:\/\/bibliotecajuridicavirtual.cl\/index.php\/wp-json\/wp\/v2\/product_cat?post=2832"},{"taxonomy":"product_tag","embeddable":true,"href":"https:\/\/bibliotecajuridicavirtual.cl\/index.php\/wp-json\/wp\/v2\/product_tag?post=2832"}],"curies":[{"name":"wp","href":"https:\/\/api.w.org\/{rel}","templated":true}]}}