{"id":2833,"date":"2026-02-28T01:06:10","date_gmt":"2026-02-28T04:06:10","guid":{"rendered":"https:\/\/bibliotecajuridicavirtual.cl\/?post_type=product&#038;p=2833"},"modified":"2026-02-28T01:06:53","modified_gmt":"2026-02-28T04:06:53","slug":"derecho-a-la-vivienda-estudio-juridico-conceptual-e-historica-ano-agosto-2023-168-pag-autor-diego-villas-montecinos","status":"publish","type":"product","link":"https:\/\/bibliotecajuridicavirtual.cl\/index.php\/product\/derecho-a-la-vivienda-estudio-juridico-conceptual-e-historica-ano-agosto-2023-168-pag-autor-diego-villas-montecinos\/","title":{"rendered":"Derecho a la Vivienda &#8211; Estudio Jur\u00eddico, Conceptual e Hist\u00f3rica. A\u00f1o Agosto 2023\/ 168 P\u00e1g. Autor Diego Villas Montecinos"},"content":{"rendered":"<p style=\"font-weight: 400;\">La Ciudad es el espacio en que se operativizan las relaciones materiales de producci\u00f3n, caracteriz\u00e1ndose por aludir de manera particular a las formas de vinculaci\u00f3n de los grupos sociales al aparato productivo (Las capas dominantes poseen facultades decisorias, de captura y de conquista urbana superiores a las de los sectores subalternos que son continuamente segregados f\u00edsica y simb\u00f3licamente de los n\u00facleos urbanos). La Ciudad se caracteriza adem\u00e1s, por ser un espacio de acumulaci\u00f3n y de inversi\u00f3n prioritaria de Capitales, propiciado por la unidad de agencia entre el Estado, el Capital Financiero y el Capital Inmobiliario.<\/p>\n<p style=\"font-weight: 400;\">Los fen\u00f3menos descritos, se vehiculizan mediante la explotaci\u00f3n del valor producido socialmente del Bien Com\u00fan \u201cCiudad\u201d. Aquello tiene como consecuencia la desposesi\u00f3n de amplias franjas sociales en relaci\u00f3n con un Derecho Fundamental, que constituye el tema central del presente estudio: La Vivienda.<\/p>\n<p style=\"font-weight: 400;\">La presente investigaci\u00f3n eval\u00faa cr\u00edticamente \u00bfCu\u00e1l es el contenido normativo del Derecho a la Vivienda y el Derecho a la Ciudad? Para dilucidar aquello, se recurre al estudio del Derecho Internacional de los Derechos Humanos, el Derecho Comparado, la historia del Derecho Nacional y a las perspectivas de diversas disciplinas que abordan el proceso de la construcci\u00f3n de Vivienda y Ciudad, desde sus particulares campos de significaci\u00f3n.<\/p>\n<p style=\"font-weight: 400;\">Finalmente, el objetivo central del estudio es la evaluaci\u00f3n de la modalidad espec\u00edfica de incorporaci\u00f3n, del Derecho a la Vivienda en el Ordenamiento Jur\u00eddico Chileno. Al respecto el autor afirma la necesidad de consagrar Constitucionalmente el Derecho en comento, incorporando al Derecho a la Ciudad para la generaci\u00f3n de un modelo no mercantil de provisi\u00f3n de Vivienda Digna y Adecuada, lo que posee consecuencias relevantes para la Legislaci\u00f3n, las Pol\u00edticas P\u00fablicas y el Modelo de Justiciabilidad de los Derechos Sociales.<\/p>\n<p style=\"font-weight: 400;\">\n<p style=\"font-weight: 400;\"><b><strong>CAP\u00cdTULO I<\/strong><\/b><br \/>\n<b><strong>VIVIENDA Y DERECHO A LA VIVIENDA<\/strong><\/b><\/p>\n<p style=\"font-weight: 400;\">ELEMENTOS PARA UN CONCEPTO DE VIVIENDA<\/p>\n<p style=\"font-weight: 400;\">EL \u201cPROBLEMA DE LA VIVIENDA\u201d Y SU RELEVANCIA HIST\u00d3RICA<\/p>\n<p style=\"font-weight: 400;\">EL DERECHO A LA VIVIENDA<\/p>\n<ol>\n<li style=\"font-weight: 400;\">a) Principios que fundamentan el Derecho a la Vivienda: Energ\u00eda del Vac\u00edo<br \/>\nb) Relaciones del Derecho a la Vivienda con otros Derechos Fundamentales<br \/>\nc) Fundamento Normativo del Derecho a la Vivienda<\/li>\n<\/ol>\n<p style=\"font-weight: 400;\"><b><strong>CAP\u00cdTULO II<\/strong><\/b><br \/>\n<b><strong>EL DERECHO A LA VIVIENDA EN EL DERECHO INTERNACIONAL DE LOS DERECHOS HUMANOS<\/strong><\/b><\/p>\n<p style=\"font-weight: 400;\">INSTRUMENTOS INTERNACIONALES SOBRE DERECHO A LA VIVIENDA<\/p>\n<p style=\"font-weight: 400;\">NORMAS IMPERATIVAS DE DIDH SOBRE EL DERECHO A LA VIVIENDA<\/p>\n<p style=\"font-weight: 400;\">1) Pacto Internacional de Derechos Econ\u00f3micos, Sociales y Culturales (1966)<br \/>\n2) Convenio sobre el Estatuto de Refugiados (1951)<br \/>\n3) Convenio N\u00b0 117, de la Organizaci\u00f3n Internacional del Trabajo sobre Pol\u00edtica Social (1962)<br \/>\n4) Convenci\u00f3n Internacional sobre la Eliminaci\u00f3n de todas las formas de Discriminaci\u00f3n Racial (1965)<br \/>\n5) Pacto internacional de Derechos Civiles y Pol\u00edticos (1966)<br \/>\n6) Convenci\u00f3n sobre la eliminaci\u00f3n de todas las formas de Discriminaci\u00f3n contra la Mujer (1979)<br \/>\n7) Convenci\u00f3n sobre los Derechos del Ni\u00f1o (1989)<br \/>\n8) Convenio N\u00b0 169, de la OIT sobre pueblos Ind\u00edgenas y Tribales (1989)<br \/>\n9) Convenci\u00f3n Internacional sobre la protecci\u00f3n de los Derechos de todos los Trabajadores Migratorios y de sus familiares (1990)<\/p>\n<p>OTROS INSTRUMENTOS NO VINCULANTES (DECLARACIONES, OBSERVACIONES, PRINCIPIOS, ETC.) DEL DIDH QUE RECONOCEN Y DESARROLLAN EL DERECHO A LA VIVIENDA<\/p>\n<p style=\"font-weight: 400;\">1) Declaraci\u00f3n de los Derechos del Ni\u00f1o (1959)<br \/>\n2) Observaci\u00f3n General N\u00famero 4 sobre Derecho a una Vivienda Adecuada (1991)<br \/>\n3) Declaraci\u00f3n de Estambul sobre los Asentamientos Humanos (1996)<br \/>\n4) Principios b\u00e1sicos y Directrices sobre los desalojos y el desplazamiento generados por el desarrollo (2007)<\/p>\n<p style=\"font-weight: 400;\">CONTENIDO NORMATIVO DEL DERECHO A LA VIVIENDA EN EL DERECHO INTERNACIONAL<\/p>\n<p style=\"font-weight: 400;\">OBLIGACIONES QUE GENERA EL DERECHO A LA VIVIENDA EN EL DERECHO INTERNACIONAL<\/p>\n<p style=\"font-weight: 400;\"><b><strong>CAP\u00cdTULO III<\/strong><\/b><br \/>\n<b><strong>EL DERECHO A LA VIVIENDA EN EL DERECHO COMPARADO<\/strong><\/b><\/p>\n<ol>\n<li style=\"font-weight: 400;\">REINO DE ESPA\u00d1A<br \/>\n2. REP\u00daBLICA DE SUD\u00c1FRICA<br \/>\n3. REP\u00daBLICA BOLIVARIANA DE VENEZUELA<br \/>\n4. REP\u00daBLICA DEL ECUADOR<\/li>\n<\/ol>\n<p style=\"font-weight: 400;\"><b><strong>CAP\u00cdTULO IV<\/strong><\/b><br \/>\n<b><strong>MARCO NORMATIVO NACIONAL SOBRE EL ACCESO A LA VIVIENDA<\/strong><\/b><\/p>\n<ol>\n<li style=\"font-weight: 400;\">EL ORIGEN DE LAS POL\u00cdTICAS SOCIALES SOBRE VIVIENDA (1843-1924)<\/li>\n<\/ol>\n<p style=\"font-weight: 400;\">Elementos de Contexto<br \/>\nAntecedentes de una pol\u00edtica p\u00fablica de alcance nacional<br \/>\nLey General sobre Habitaciones para Obreros de 1906<\/p>\n<ol start=\"2\">\n<li style=\"font-weight: 400;\">LA VIVIENDA SOCIAL EN EL PER\u00cdODO DE ENSAYE LEGISLATIVO (1925-1939)<\/li>\n<\/ol>\n<p style=\"font-weight: 400;\">Elementos de Contexto<br \/>\nDictaci\u00f3n de la \u201cLey de Vivienda\u201d de 1925<br \/>\nLey de Habitaciones Baratas de 1925\u201cHabitaci\u00f3n Sana\u201d en la Constituci\u00f3n Pol\u00edtica de 1925<br \/>\nLa Ley 4.931 que crea la Junta de Habitaci\u00f3n Popular y el DFL N\u00b0 33 de 1931<br \/>\nLey 5.950 que crea la Caja de Habitaci\u00f3n Popular en 1936<\/p>\n<p>3. INSTITUCIONALIDAD DEL ESTADO DESARROLLISTA (1939-1964)<\/p>\n<p style=\"font-weight: 400;\">Elementos de Contexto<br \/>\nNueva Ley de la Caja de Habitaci\u00f3n Popular<br \/>\nLa \u201cLey Pereira\u201d de 1948 y fomento a la actividad indirecta<br \/>\nLey 10.254 de 1952<br \/>\nFormaci\u00f3n del Estado Moderno y el Plan Nacional de Vivienda<br \/>\nPromulgaci\u00f3n del DFL N\u00b0 2 o Ley de Plan Habitacional<\/p>\n<ol start=\"4\">\n<li style=\"font-weight: 400;\">VIVIENDA SOCIAL EN EL PER\u00cdODO DE LA PARTICIPACI\u00d3N POPULAR (1964-1973)<\/li>\n<\/ol>\n<p style=\"font-weight: 400;\">Elementos de Contexto<\/p>\n<ol>\n<li style=\"font-weight: 400;\">A) EDUARDO FREI MONTALVA (1964-1970)<\/li>\n<\/ol>\n<p style=\"font-weight: 400;\">Creaci\u00f3n del Ministerio de la Vivienda y Urbanismo<br \/>\nOperaci\u00f3n Sitio<\/p>\n<ol>\n<li style=\"font-weight: 400;\">B) SALVADOR ALLENDE GOSSENS (1970-1973)<\/li>\n<\/ol>\n<p style=\"font-weight: 400;\">La vivienda social como Derecho: La Unidad Popular<\/p>\n<ol start=\"5\">\n<li style=\"font-weight: 400;\">ACCESO A LA VIVIENDA BAJO POL\u00cdTICAS NEOLIBERALES (1973- )<\/li>\n<li style=\"font-weight: 400;\">A) DICTADURA C\u00cdVICO-MILITAR (1973-1990)<\/li>\n<\/ol>\n<p style=\"font-weight: 400;\">Elementos de Contexto<br \/>\nReestructuraci\u00f3n Institucional<br \/>\nNueva Pol\u00edtica Urbana y Habitacional<br \/>\nSistema de Subsidios a la Demanda<br \/>\nPol\u00edtica Nacional de Desarrollo Urbano y Erradicaciones<\/p>\n<ol>\n<li style=\"font-weight: 400;\">B) DEMOCRACIA DE TRANSICI\u00d3N (1990- )<\/li>\n<\/ol>\n<p style=\"font-weight: 400;\">Elementos de Contexto<br \/>\nPrograma de Vivienda Progresiva<br \/>\nPrograma de Renovaci\u00f3n Urbana y Desarrollo Prioritario<br \/>\nPrograma de Viviendas B\u00e1sicas Modalidad SERVIU<br \/>\nPrograma Privado de Vivienda B\u00e1sica de Libre Elecci\u00f3n<br \/>\nPrograma Chile-Barrio y la prevenci\u00f3n de tomas de terreno<br \/>\nPrograma de Subsidio Rural<br \/>\nPrograma de Pavimentos Participativos<br \/>\nPrograma de Equipamiento Comunitario y de Urgencias Urbanas<br \/>\nPrograma de Equipamiento Complementario a la Vivienda<br \/>\nPrograma de Mejoramiento Comunitario<br \/>\nNormas sobre la Calidad de la Construcci\u00f3n 1996-1997<br \/>\nPol\u00edtica Habitacional de Mejoramiento de la Calidad e Integraci\u00f3n Social (2006)<br \/>\nPrograma Fondo Solidario de Elecci\u00f3n de Vivienda<br \/>\nNueva Pol\u00edtica Nacional de Desarrollo Urbano (2014)<br \/>\nEstado del Problema de la Vivienda en Chile<\/p>\n<p style=\"font-weight: 400;\"><b><strong>CAP\u00cdTULO V<\/strong><\/b><br \/>\n<b><strong>DERECHO A LA CIUDAD Y DERECHO A LA VIVIENDA<\/strong><\/b><\/p>\n<p>VIVIENDA Y CIUDAD, DESDE LA HISTORIA, LA TEOR\u00cdA Y LA PR\u00c1CTICA<\/p>\n<p style=\"font-weight: 400;\">El Problema de la Vivienda como dificultad hist\u00f3rica de acceso al suelo<br \/>\nEl Problema de la Vivienda: Dimensi\u00f3n privada, p\u00fablica y participativa<br \/>\nEl Problema de la Vivienda para el Movimiento de Pobladoras y Pobladores<\/p>\n<p style=\"font-weight: 400;\">EL DERECHO A LA CIUDAD<\/p>\n<p style=\"font-weight: 400;\">Pero \u00bfQu\u00e9 es la ciudad?<\/p>\n<p style=\"font-weight: 400;\">Surgimiento y recepci\u00f3n del concepto de Derecho a la Ciudad<br \/>\nEl Derecho a la Ciudad y la gesti\u00f3n de bienes comunes<\/p>\n<p style=\"font-weight: 400;\">CONCLUSI\u00d3N: ELEMENTOS PARA CONSAGRAR EL DERECHO A LA VIVIENDA EN LA CONSTITUCI\u00d3N CHILENA<\/p>\n<p style=\"font-weight: 400;\">Derecho a la Vivienda, como Derecho a la Ciudad o como recurso al mercado<br \/>\nModelo de Reconocimiento Institucional<\/p>\n","protected":false},"excerpt":{"rendered":"<p>La Ciudad es el espacio en que se operativizan las relaciones materiales de producci\u00f3n, caracteriz\u00e1ndose por aludir de manera particular a las formas de vinculaci\u00f3n de los grupos sociales al aparato productivo (Las capas dominantes poseen facultades decisorias, de captura y de conquista urbana superiores a las de los sectores subalternos que son continuamente segregados f\u00edsica y simb\u00f3licamente de los n\u00facleos urbanos). La Ciudad se caracteriza adem\u00e1s, por ser un espacio de acumulaci\u00f3n y de inversi\u00f3n prioritaria de Capitales, propiciado por la unidad de agencia entre el Estado, el Capital Financiero y el Capital Inmobiliario. Los fen\u00f3menos descritos, se vehiculizan mediante la explotaci\u00f3n del valor producido socialmente del Bien Com\u00fan \u201cCiudad\u201d. Aquello tiene como consecuencia la desposesi\u00f3n de amplias franjas sociales en relaci\u00f3n con un Derecho Fundamental, que constituye el tema central del presente estudio: La Vivienda. La presente investigaci\u00f3n eval\u00faa cr\u00edticamente \u00bfCu\u00e1l es el contenido normativo del Derecho a la Vivienda y el Derecho a la Ciudad? Para dilucidar aquello, se recurre al estudio del Derecho Internacional de los Derechos Humanos, el Derecho Comparado, la historia del Derecho Nacional y a las perspectivas de diversas disciplinas que abordan el proceso de la construcci\u00f3n de Vivienda y Ciudad, desde sus particulares campos de significaci\u00f3n. Finalmente, el objetivo central del estudio es la evaluaci\u00f3n de la modalidad espec\u00edfica de incorporaci\u00f3n, del Derecho a la Vivienda en el Ordenamiento Jur\u00eddico Chileno. Al respecto el autor afirma la necesidad de consagrar Constitucionalmente el Derecho en comento, incorporando al Derecho a la Ciudad para la generaci\u00f3n de un modelo no mercantil de provisi\u00f3n de Vivienda Digna y Adecuada, lo que posee consecuencias relevantes para la Legislaci\u00f3n, las Pol\u00edticas P\u00fablicas y el Modelo de Justiciabilidad de los Derechos Sociales. CAP\u00cdTULO I VIVIENDA Y DERECHO A LA VIVIENDA ELEMENTOS PARA UN CONCEPTO DE VIVIENDA EL \u201cPROBLEMA DE LA VIVIENDA\u201d Y SU RELEVANCIA HIST\u00d3RICA EL DERECHO A LA VIVIENDA a) Principios que fundamentan el Derecho a la Vivienda: Energ\u00eda del Vac\u00edo b) Relaciones del Derecho a la Vivienda con otros Derechos Fundamentales c) Fundamento Normativo del Derecho a la Vivienda CAP\u00cdTULO II EL DERECHO A LA VIVIENDA EN EL DERECHO INTERNACIONAL DE LOS DERECHOS HUMANOS INSTRUMENTOS INTERNACIONALES SOBRE DERECHO A LA VIVIENDA NORMAS IMPERATIVAS DE DIDH SOBRE EL DERECHO A LA VIVIENDA 1) Pacto Internacional de Derechos Econ\u00f3micos, Sociales y Culturales (1966) 2) Convenio sobre el Estatuto de Refugiados (1951) 3) Convenio N\u00b0 117, de la Organizaci\u00f3n Internacional del Trabajo sobre Pol\u00edtica Social (1962) 4) Convenci\u00f3n Internacional sobre la Eliminaci\u00f3n de todas las formas de Discriminaci\u00f3n Racial (1965) 5) Pacto internacional de Derechos Civiles y Pol\u00edticos (1966) 6) Convenci\u00f3n sobre la eliminaci\u00f3n de todas las formas de Discriminaci\u00f3n contra la Mujer (1979) 7) Convenci\u00f3n sobre los Derechos del Ni\u00f1o (1989) 8) Convenio N\u00b0 169, de la OIT sobre pueblos Ind\u00edgenas y Tribales (1989) 9) Convenci\u00f3n Internacional sobre la protecci\u00f3n de los Derechos de todos los Trabajadores Migratorios y de sus familiares (1990) OTROS INSTRUMENTOS NO VINCULANTES (DECLARACIONES, OBSERVACIONES, PRINCIPIOS, ETC.) DEL DIDH QUE RECONOCEN Y DESARROLLAN EL DERECHO A LA VIVIENDA 1) Declaraci\u00f3n de los Derechos del Ni\u00f1o (1959) 2) Observaci\u00f3n General N\u00famero 4 sobre Derecho a una Vivienda Adecuada (1991) 3) Declaraci\u00f3n de Estambul sobre los Asentamientos Humanos (1996) 4) Principios b\u00e1sicos y Directrices sobre los desalojos y el desplazamiento generados por el desarrollo (2007) CONTENIDO NORMATIVO DEL DERECHO A LA VIVIENDA EN EL DERECHO INTERNACIONAL OBLIGACIONES QUE GENERA EL DERECHO A LA VIVIENDA EN EL DERECHO INTERNACIONAL CAP\u00cdTULO III EL DERECHO A LA VIVIENDA EN EL DERECHO COMPARADO REINO DE ESPA\u00d1A 2. REP\u00daBLICA DE SUD\u00c1FRICA 3. REP\u00daBLICA BOLIVARIANA DE VENEZUELA 4. REP\u00daBLICA DEL ECUADOR CAP\u00cdTULO IV MARCO NORMATIVO NACIONAL SOBRE EL ACCESO A LA VIVIENDA EL ORIGEN DE LAS POL\u00cdTICAS SOCIALES SOBRE VIVIENDA (1843-1924) Elementos de Contexto Antecedentes de una pol\u00edtica p\u00fablica de alcance nacional Ley General sobre Habitaciones para Obreros de 1906 LA VIVIENDA SOCIAL EN EL PER\u00cdODO DE ENSAYE LEGISLATIVO (1925-1939) Elementos de Contexto Dictaci\u00f3n de la \u201cLey de Vivienda\u201d de 1925 Ley de Habitaciones Baratas de 1925\u201cHabitaci\u00f3n Sana\u201d en la Constituci\u00f3n Pol\u00edtica de 1925 La Ley 4.931 que crea la Junta de Habitaci\u00f3n Popular y el DFL N\u00b0 33 de 1931 Ley 5.950 que crea la Caja de Habitaci\u00f3n Popular en 1936 3. INSTITUCIONALIDAD DEL ESTADO DESARROLLISTA (1939-1964) Elementos de Contexto Nueva Ley de la Caja de Habitaci\u00f3n Popular La \u201cLey Pereira\u201d de 1948 y fomento a la actividad indirecta Ley 10.254 de 1952 Formaci\u00f3n del Estado Moderno y el Plan Nacional de Vivienda Promulgaci\u00f3n del DFL N\u00b0 2 o Ley de Plan Habitacional VIVIENDA SOCIAL EN EL PER\u00cdODO DE LA PARTICIPACI\u00d3N POPULAR (1964-1973) Elementos de Contexto A) EDUARDO FREI MONTALVA (1964-1970) Creaci\u00f3n del Ministerio de la Vivienda y Urbanismo Operaci\u00f3n Sitio B) SALVADOR ALLENDE GOSSENS (1970-1973) La vivienda social como Derecho: La Unidad Popular ACCESO A LA VIVIENDA BAJO POL\u00cdTICAS NEOLIBERALES (1973- ) A) DICTADURA C\u00cdVICO-MILITAR (1973-1990) Elementos de Contexto Reestructuraci\u00f3n Institucional Nueva Pol\u00edtica Urbana y Habitacional Sistema de Subsidios a la Demanda Pol\u00edtica Nacional de Desarrollo Urbano y Erradicaciones B) DEMOCRACIA DE TRANSICI\u00d3N (1990- ) Elementos de Contexto Programa de Vivienda Progresiva Programa de Renovaci\u00f3n Urbana y Desarrollo Prioritario Programa de Viviendas B\u00e1sicas Modalidad SERVIU Programa Privado de Vivienda B\u00e1sica de Libre Elecci\u00f3n Programa Chile-Barrio y la prevenci\u00f3n de tomas de terreno Programa de Subsidio Rural Programa de Pavimentos Participativos Programa de Equipamiento Comunitario y de Urgencias Urbanas Programa de Equipamiento Complementario a la Vivienda Programa de Mejoramiento Comunitario Normas sobre la Calidad de la Construcci\u00f3n 1996-1997 Pol\u00edtica Habitacional de Mejoramiento de la Calidad e Integraci\u00f3n Social (2006) Programa Fondo Solidario de Elecci\u00f3n de Vivienda Nueva Pol\u00edtica Nacional de Desarrollo Urbano (2014) Estado del Problema de la Vivienda en Chile CAP\u00cdTULO V DERECHO A LA CIUDAD Y DERECHO A LA VIVIENDA VIVIENDA Y CIUDAD, DESDE LA HISTORIA, LA TEOR\u00cdA Y LA PR\u00c1CTICA El Problema de la Vivienda como dificultad hist\u00f3rica de acceso al suelo El Problema de la Vivienda: Dimensi\u00f3n privada, p\u00fablica y participativa El Problema de la Vivienda para el Movimiento de Pobladoras y Pobladores EL DERECHO A<\/p>\n","protected":false},"featured_media":2889,"comment_status":"open","ping_status":"closed","template":"","meta":{"inline_featured_image":false,"_joinchat":[]},"product_brand":[],"product_cat":[33],"product_tag":[],"class_list":{"0":"post-2833","1":"product","2":"type-product","3":"status-publish","4":"has-post-thumbnail","6":"product_cat-constitucional","7":"product_shipping_class-a-convenir","9":"first","10":"instock","11":"shipping-taxable","12":"purchasable","13":"product-type-simple"},"_links":{"self":[{"href":"https:\/\/bibliotecajuridicavirtual.cl\/index.php\/wp-json\/wp\/v2\/product\/2833","targetHints":{"allow":["GET"]}}],"collection":[{"href":"https:\/\/bibliotecajuridicavirtual.cl\/index.php\/wp-json\/wp\/v2\/product"}],"about":[{"href":"https:\/\/bibliotecajuridicavirtual.cl\/index.php\/wp-json\/wp\/v2\/types\/product"}],"replies":[{"embeddable":true,"href":"https:\/\/bibliotecajuridicavirtual.cl\/index.php\/wp-json\/wp\/v2\/comments?post=2833"}],"wp:featuredmedia":[{"embeddable":true,"href":"https:\/\/bibliotecajuridicavirtual.cl\/index.php\/wp-json\/wp\/v2\/media\/2889"}],"wp:attachment":[{"href":"https:\/\/bibliotecajuridicavirtual.cl\/index.php\/wp-json\/wp\/v2\/media?parent=2833"}],"wp:term":[{"taxonomy":"product_brand","embeddable":true,"href":"https:\/\/bibliotecajuridicavirtual.cl\/index.php\/wp-json\/wp\/v2\/product_brand?post=2833"},{"taxonomy":"product_cat","embeddable":true,"href":"https:\/\/bibliotecajuridicavirtual.cl\/index.php\/wp-json\/wp\/v2\/product_cat?post=2833"},{"taxonomy":"product_tag","embeddable":true,"href":"https:\/\/bibliotecajuridicavirtual.cl\/index.php\/wp-json\/wp\/v2\/product_tag?post=2833"}],"curies":[{"name":"wp","href":"https:\/\/api.w.org\/{rel}","templated":true}]}}