{"id":2834,"date":"2026-02-28T01:06:10","date_gmt":"2026-02-28T04:06:10","guid":{"rendered":"https:\/\/bibliotecajuridicavirtual.cl\/?post_type=product&#038;p=2834"},"modified":"2026-02-28T01:06:55","modified_gmt":"2026-02-28T04:06:55","slug":"codigo-organico-de-tribunales-anotado-y-concordado-con-historia-jurisprudencia-y-doctrina-ano-agosto-2023-1-489-pag-autor-jaime-rodriguez-espoz","status":"publish","type":"product","link":"https:\/\/bibliotecajuridicavirtual.cl\/index.php\/product\/codigo-organico-de-tribunales-anotado-y-concordado-con-historia-jurisprudencia-y-doctrina-ano-agosto-2023-1-489-pag-autor-jaime-rodriguez-espoz\/","title":{"rendered":"C\u00f3digo Org\u00e1nico de Tribunales &#8211; Anotado y Concordado con Historia, Jurisprudencia y Doctrina. A\u00f1o Agosto 2023\/ 1.489 P\u00e1g. Autor Jaime Rodr\u00edguez Espoz"},"content":{"rendered":"<p style=\"font-weight: 400;\">La obra, en dos tomos, desarrolla fundamentalmente los 17 t\u00edtulos \u00fatiles que contiene el C\u00f3digo Org\u00e1nico de Tribunales, en una labor de recopilaci\u00f3n, selecci\u00f3n y coordinaci\u00f3n que se agrupa en las siguientes secciones:<\/p>\n<ol>\n<li style=\"font-weight: 400;\">a) Transcripci\u00f3n literal del texto actualmente vigente de cada disposici\u00f3n, en el estricto orden que aparecen en el COT;<\/li>\n<li style=\"font-weight: 400;\">b) Antecedentes hist\u00f3ricos del precepto;<\/li>\n<li style=\"font-weight: 400;\">c) Concordancias con otras reglas del mismo cuerpo legal o de otras leyes especiales;<\/li>\n<li style=\"font-weight: 400;\">d) Jurisprudencia de los tribunales, recogida principalmente de los Repertorios de Legislaci\u00f3n y Jurisprudencia Chilena y de los trabajos y revistas nacionales especializadas, como Revistas de Derecho provenientes de las Facultades, de Derecho y Jurisprudencia, Fallos del Mes y otras; y<\/li>\n<li style=\"font-weight: 400;\">e) Doctrina relacionada con el tema correspondiente, defendida por autores nacionales, sea mediante un estudio o comentario integral o monograf\u00edas u op\u00fasculos sobre t\u00f3picos espec\u00edficos, en especial cuando producen controversia y puntualmente, acotaciones te\u00f3ricas para precisar el alcance, en una s\u00edntesis elemental del pensamiento del autor y, por consiguiente, no pasan de meras referencias bibliogr\u00e1ficas tendientes a facilitar la consulta posterior del original.<\/li>\n<\/ol>\n<p style=\"font-weight: 400;\"><b><strong>TOMO I<\/strong><\/b><\/p>\n<p><b><strong>T\u00cdTULO I<\/strong><\/b><br \/>\n<b><strong>DEL PODER JUDICIAL Y DE LA ADMINISTRACI\u00d3N DE JUSTICIA EN GENERAL<\/strong><\/b><\/p>\n<p style=\"font-weight: 400;\">ART\u00cdCULO 1 A ART\u00cdCULO 13<\/p>\n<p style=\"font-weight: 400;\"><b><strong>T\u00cdTULO II<\/strong><\/b><br \/>\n<b><strong>DE LOS JUZGADOS DE GARANT\u00cdA Y DE LOS TRIBUNALES DE JUICIO ORAL EN LO PENAL<\/strong><\/b><\/p>\n<ul>\n<li style=\"font-weight: 400;\">1. De los juzgados de garant\u00eda<\/li>\n<\/ul>\n<p style=\"font-weight: 400;\">Art\u00edculo 14 a Art\u00edculo 16<\/p>\n<ul>\n<li style=\"font-weight: 400;\">2. De los tribunales de juicio oral en lo penal<\/li>\n<\/ul>\n<p style=\"font-weight: 400;\">Art\u00edculo 17 a Art\u00edculo 21 A<\/p>\n<ul>\n<li style=\"font-weight: 400;\">3. Del comit\u00e9 de jueces<\/li>\n<\/ul>\n<p style=\"font-weight: 400;\">Art\u00edculo 22 a Art\u00edculo 23<\/p>\n<ul>\n<li style=\"font-weight: 400;\">4. Del juez presidente del comit\u00e9 de jueces<\/li>\n<\/ul>\n<p style=\"font-weight: 400;\">Art\u00edculo 24<\/p>\n<ul>\n<li style=\"font-weight: 400;\">5. De la organizaci\u00f3n administrativa de los de garant\u00eda y de los tribunales de juicio oral en lo penal<\/li>\n<\/ul>\n<p style=\"font-weight: 400;\">Art\u00edculo 25 a Art\u00edculo 26<\/p>\n<p style=\"font-weight: 400;\"><b><strong>T\u00cdTULO III<\/strong><\/b><br \/>\n<b><strong>DE LOS JUECES DE LETRAS<\/strong><\/b><\/p>\n<p style=\"font-weight: 400;\">Art\u00edculo 27 a Art\u00edculo 49. Derogado por la ley No 11.183 de 1953<\/p>\n<p style=\"font-weight: 400;\"><b><strong>T\u00cdTULO IV<\/strong><\/b><br \/>\n<b><strong>DE LOS PRESIDENTES Y MINISTROS DE CORTE COMO TRIBUNALES UNIPERSONALES<\/strong><\/b><\/p>\n<p style=\"font-weight: 400;\">Art\u00edculo 50 a Art\u00edculo 53<\/p>\n<p style=\"font-weight: 400;\"><b><strong>T\u00cdTULO V<\/strong><\/b><br \/>\n<b><strong>LAS CORTES DE APELACIONES<\/strong><\/b><\/p>\n<ul>\n<li style=\"font-weight: 400;\">1. Su organizaci\u00f3n y atribuciones<\/li>\n<\/ul>\n<p style=\"font-weight: 400;\">Art\u00edculo 54 a Art\u00edculo 71<\/p>\n<ul>\n<li style=\"font-weight: 400;\">2. Los acuerdos de las Cortes de Apelaciones<\/li>\n<\/ul>\n<p style=\"font-weight: 400;\">Art\u00edculo 72 a Art\u00edculo 89<\/p>\n<ul>\n<li style=\"font-weight: 400;\">3. Los Presidentes de las Cortes de Apelaciones<\/li>\n<\/ul>\n<p style=\"font-weight: 400;\">Art\u00edculo 90 a Art\u00edculo 92<\/p>\n<p style=\"font-weight: 400;\"><b><strong>T\u00cdTULO VI<\/strong><\/b><br \/>\n<b><strong>LA CORTE SUPREMA<\/strong><\/b><\/p>\n<ul>\n<li style=\"font-weight: 400;\">1. Su organizaci\u00f3n y atribuciones<\/li>\n<\/ul>\n<p style=\"font-weight: 400;\">Art\u00edculo 93 a Art\u00edculo 104<\/p>\n<ul>\n<li style=\"font-weight: 400;\">2. El Presidente de la Corte Suprema<\/li>\n<\/ul>\n<p style=\"font-weight: 400;\">Art\u00edculo 105 a Art\u00edculo 107<\/p>\n<p style=\"font-weight: 400;\"><b><strong>T\u00cdTULO VI BIS<\/strong><\/b><br \/>\n<b><strong>DE LA REALIZACI\u00d3N DE AUDIENCIAS BAJO LA MODALIDAD SEMIPRESENCIAL O V\u00cdA REMOTA EN LOS PROCEDIMIENTOS PENALES EN TR\u00c1MITE ANTE LOS JUZGADOS DE GARANT\u00cdA, LOS TRIBUNALES DE JUICIO ORAL EN LO PENAL, LAS CORTES DE APELACIONES Y LA CORTE SUPREMA<\/strong><\/b><\/p>\n<p style=\"font-weight: 400;\">Art\u00edculo 107 bis a Art\u00edculo 107 ter<\/p>\n<p style=\"font-weight: 400;\"><b><strong>T\u00cdTULO VII<\/strong><\/b><br \/>\n<b><strong>LA COMPETENCIA<\/strong><\/b><\/p>\n<ul>\n<li style=\"font-weight: 400;\">1. Reglas generales<\/li>\n<\/ul>\n<p style=\"font-weight: 400;\">Art\u00edculo 108 a Art\u00edculo 114<\/p>\n<ul>\n<li style=\"font-weight: 400;\">2. Reglas que determinan la cuant\u00eda de los negocios judiciales<\/li>\n<\/ul>\n<p style=\"font-weight: 400;\">Art\u00edculo 115 a Art\u00edculo 132<\/p>\n<ul>\n<li style=\"font-weight: 400;\">3. Supresi\u00f3n del fuero personal en algunos negocios judiciales<\/li>\n<\/ul>\n<p style=\"font-weight: 400;\">Art\u00edculo 133<\/p>\n<ul>\n<li style=\"font-weight: 400;\">4. Reglas que determinan la competencia en materias civiles entre tribunales de igual jerarqu\u00eda<\/li>\n<\/ul>\n<p style=\"font-weight: 400;\">Art\u00edculo 134 a Art\u00edculo 156. Derogado por el DL No 2.416<\/p>\n<ul>\n<li style=\"font-weight: 400;\">5. Reglas que determinan la competencia en materias criminales entre tribunales de igual jerarqu\u00eda<\/li>\n<\/ul>\n<p style=\"font-weight: 400;\">Art\u00edculo 157 a Art\u00edculo 170 bis. Derogado<\/p>\n<ul>\n<li style=\"font-weight: 400;\">6. Reglas sobre competencia civil de los tribunales en lo criminal<\/li>\n<\/ul>\n<p style=\"font-weight: 400;\">Art\u00edculo 171 a Art\u00edculo 174<\/p>\n<ul>\n<li style=\"font-weight: 400;\">7. Reglas que determinan la distribuci\u00f3n de causas en aquellas comunas o agrupaci\u00f3n de comunas en cuyo territorio existan dos o m\u00e1s jueces con igual competencia<\/li>\n<\/ul>\n<p style=\"font-weight: 400;\">Art\u00edculo 175 a Art\u00edculo 180<\/p>\n<ul>\n<li style=\"font-weight: 400;\">8. De la pr\u00f3rroga de la competencia<\/li>\n<\/ul>\n<p style=\"font-weight: 400;\">Art\u00edculo 181 a Art\u00edculo 187<\/p>\n<ul>\n<li style=\"font-weight: 400;\">9. De la competencia para fallar en \u00fanica o en primera instancia<\/li>\n<\/ul>\n<p style=\"font-weight: 400;\">Art\u00edculo 188 a Art\u00edculo 189<\/p>\n<ul>\n<li style=\"font-weight: 400;\">10. De los tribunales que deben conocer en las contiendas y cuestiones de competencia<\/li>\n<\/ul>\n<p style=\"font-weight: 400;\">Art\u00edculo 190 a Art\u00edculo 193<\/p>\n<ul>\n<li style=\"font-weight: 400;\">11. De la implicancia y recusaci\u00f3n de los jueces y de los abogados integrantes<\/li>\n<\/ul>\n<p style=\"font-weight: 400;\">Art\u00edculo 194 a Art\u00edculo 205<\/p>\n<p style=\"font-weight: 400;\"><b><strong>T\u00cdTULO VIII<\/strong><\/b><br \/>\n<b><strong>DE LA SUBROGACI\u00d3N E INTEGRACI\u00d3N<\/strong><\/b><\/p>\n<p style=\"font-weight: 400;\">Art\u00edculo 206 a Art\u00edculo 221<\/p>\n<p style=\"font-weight: 400;\">\n<p style=\"font-weight: 400;\"><b><strong>TOMO II<\/strong><\/b><\/p>\n<p style=\"font-weight: 400;\"><b><strong>T\u00cdTULO IX<\/strong><\/b><br \/>\n<b><strong>DE LOS JUECES \u00c1RBITROS<\/strong><\/b><\/p>\n<p style=\"font-weight: 400;\">Art\u00edculo 222 a Art\u00edculo 243<\/p>\n<p style=\"font-weight: 400;\"><b><strong>T\u00cdTULO X<\/strong><\/b><br \/>\n<b><strong>DE LOS MAGISTRADOS Y DEL NOMBRAMIENTO Y ESCALAF\u00d3N DE LOS FUNCIONARIOS JUDICIALES<\/strong><\/b><\/p>\n<ul>\n<li style=\"font-weight: 400;\">1. Calidades en que pueden ser nombrados los jueces<\/li>\n<\/ul>\n<p style=\"font-weight: 400;\">Art\u00edculo 244 a Art\u00edculo 247<\/p>\n<ul>\n<li style=\"font-weight: 400;\">2. Requisitos, inhabilidades e incompatibilidades<\/li>\n<\/ul>\n<p style=\"font-weight: 400;\">Art\u00edculo 248 a Art\u00edculo 261<\/p>\n<ul>\n<li style=\"font-weight: 400;\">3. De los nombramientos y del escalaf\u00f3n de los funcionarios judiciales<\/li>\n<\/ul>\n<p style=\"font-weight: 400;\">Art\u00edculo 262. Derogado por la ley No 18.776 de 1989 a Art\u00edculo 295<\/p>\n<ul>\n<li style=\"font-weight: 400;\">4. De la instalaci\u00f3n de los jueces<\/li>\n<\/ul>\n<p style=\"font-weight: 400;\">Art\u00edculo 296. Derogado por la ley No 18.776 a Art\u00edculo 305<\/p>\n<ul>\n<li style=\"font-weight: 400;\">5. De los honores y prerrogativas de los jueces<\/li>\n<\/ul>\n<p style=\"font-weight: 400;\">Art\u00edculo 306 a Art\u00edculo 309<\/p>\n<ul>\n<li style=\"font-weight: 400;\">6. De las permutas y traslados<\/li>\n<\/ul>\n<p style=\"font-weight: 400;\">Art\u00edculo 310<\/p>\n<ul>\n<li style=\"font-weight: 400;\">7. De los deberes y prohibiciones a que est\u00e1n sujetos los jueces<\/li>\n<\/ul>\n<p style=\"font-weight: 400;\">Art\u00edculo 311 a Art\u00edculo 323 ter<\/p>\n<ul>\n<li style=\"font-weight: 400;\">8. De la responsabilidad de los jueces<\/li>\n<\/ul>\n<p style=\"font-weight: 400;\">Art\u00edculo 324 a Art\u00edculo 331<\/p>\n<ul>\n<li style=\"font-weight: 400;\">9. La expiraci\u00f3n y suspensi\u00f3n de las funciones de los jueces. De las licencias<\/li>\n<\/ul>\n<p style=\"font-weight: 400;\">Art\u00edculo 332 al Art\u00edculo 349<\/p>\n<p style=\"font-weight: 400;\"><b><strong>T\u00cdTULO XI<\/strong><\/b><br \/>\n<b><strong>LOS AUXILIARES DE LA ADMINISTRACI\u00d3N DE JUSTICIA<\/strong><\/b><\/p>\n<ul>\n<li style=\"font-weight: 400;\">1. Fiscal\u00eda judicial<\/li>\n<\/ul>\n<p style=\"font-weight: 400;\">Art\u00edculo 350 al Art\u00edculo 364<\/p>\n<ul>\n<li style=\"font-weight: 400;\">2. Los Defensores P\u00fablicos<\/li>\n<\/ul>\n<p style=\"font-weight: 400;\">Art\u00edculo 365 al Art\u00edculo 371<\/p>\n<ul>\n<li style=\"font-weight: 400;\">3. Los Relatores<\/li>\n<\/ul>\n<p style=\"font-weight: 400;\">Art\u00edculo 372 al Art\u00edculo 378<\/p>\n<ul>\n<li style=\"font-weight: 400;\">4. Los Secretarios<\/li>\n<\/ul>\n<p style=\"font-weight: 400;\">Art\u00edculo al Art\u00edculo 389<\/p>\n<ul>\n<li style=\"font-weight: 400;\">4 bis. Los administradores de tribunales con competencia en lo criminal<\/li>\n<\/ul>\n<p style=\"font-weight: 400;\">Art\u00edculo 389 A al Art\u00edculo 389 G<\/p>\n<ul>\n<li style=\"font-weight: 400;\">5. Los Receptores<\/li>\n<\/ul>\n<p style=\"font-weight: 400;\">Art\u00edculo 390 al Art\u00edculo 393<\/p>\n<ul>\n<li style=\"font-weight: 400;\">6. De los Procuradores y especialmente de los Procuradores del N\u00famero<\/li>\n<\/ul>\n<p style=\"font-weight: 400;\">Art\u00edculo 394 al Art\u00edculo 398<\/p>\n<ul>\n<li style=\"font-weight: 400;\">7. Los Notarios<\/li>\n<\/ul>\n<p style=\"font-weight: 400;\">1) Su Organizaci\u00f3n<\/p>\n<p style=\"font-weight: 400;\">Art\u00edculo 399 al Art\u00edculo 445<\/p>\n<ul>\n<li style=\"font-weight: 400;\">8. Los Conservadores<\/li>\n<\/ul>\n<p style=\"font-weight: 400;\">Art\u00edculo 446 al Art\u00edculo 452<\/p>\n<ul>\n<li style=\"font-weight: 400;\">9. Los Archiveros<\/li>\n<\/ul>\n<p style=\"font-weight: 400;\">Art\u00edculo 453 al Art\u00edculo 456<\/p>\n<ul>\n<li style=\"font-weight: 400;\">10. De los Consejos T\u00e9cnicos<\/li>\n<\/ul>\n<p style=\"font-weight: 400;\">Art\u00edculo 457<\/p>\n<ul>\n<li style=\"font-weight: 400;\">11. Los Bibliotecarios Judiciales<\/li>\n<\/ul>\n<p style=\"font-weight: 400;\">Art\u00edculo 457 bis<\/p>\n<p style=\"font-weight: 400;\"><b><strong>T\u00cdTULO XII<\/strong><\/b><br \/>\n<b><strong>DISPOSICIONES GENERALES APLICABLES A LOS AUXILIARES DE LA ADMINISTRACI\u00d3N DE JUSTICIA<\/strong><\/b><\/p>\n<ul>\n<li style=\"font-weight: 400;\">1. Nombramiento, requisitos, inhabilidades e incompatibilidades\n<p>Art\u00edculo 458 al Art\u00edculo 470<\/li>\n<li style=\"font-weight: 400;\">2. Juramento e instalaci\u00f3n<\/li>\n<\/ul>\n<p style=\"font-weight: 400;\">Art\u00edculo 471 al Art\u00edculo 473<\/p>\n<ul>\n<li style=\"font-weight: 400;\">3. Obligaciones y prohibiciones<\/li>\n<\/ul>\n<p style=\"font-weight: 400;\">Art\u00edculo 474 al Art\u00edculo 482<\/p>\n<ul>\n<li style=\"font-weight: 400;\">4. De las implicancias y recusaciones<\/li>\n<\/ul>\n<p style=\"font-weight: 400;\">Art\u00edculo 483 al Art\u00edculo 491<\/p>\n<ul>\n<li style=\"font-weight: 400;\">5. De su remuneraci\u00f3n y de su previsi\u00f3n<\/li>\n<\/ul>\n<p style=\"font-weight: 400;\">Art\u00edculo 492<\/p>\n<ul>\n<li style=\"font-weight: 400;\">6. Suspensi\u00f3n y expiraci\u00f3n de funciones. De las licencias<\/li>\n<\/ul>\n<p style=\"font-weight: 400;\">Art\u00edculo 493 al Art\u00edculo 497<\/p>\n<p style=\"font-weight: 400;\"><b><strong>T\u00cdTULO XIII<\/strong><\/b><br \/>\n<b><strong>DE LOS EMPLEADOS U OFICIALES DE SECRETAR\u00cdA<\/strong><\/b><\/p>\n<p style=\"font-weight: 400;\">Art\u00edculo 498 al Art\u00edculo 505<\/p>\n<p style=\"font-weight: 400;\"><b><strong>T\u00cdTULO XIV<\/strong><\/b><br \/>\n<b><strong>LA CORPORACI\u00d3N ADMINISTRATIVA DEL PODER JUDICIAL<\/strong><\/b><\/p>\n<p style=\"font-weight: 400;\">Art\u00edculo 506 al Art\u00edculo 519<\/p>\n<p style=\"font-weight: 400;\"><b><strong>T\u00cdTULO XV<\/strong><\/b><br \/>\n<b><strong>LOS ABOGADOS<\/strong><\/b><\/p>\n<p style=\"font-weight: 400;\">Art\u00edculo 520 al Art\u00edculo 529<\/p>\n<p style=\"font-weight: 400;\"><b><strong>T\u00cdTULO XVI<\/strong><\/b><br \/>\n<b><strong>DE LA JURISDICCI\u00d3N DISCIPLINARIA Y DE LA INSPECCI\u00d3N Y VIGILANCIA DE LOS SERVICIOS JUDICIALES<\/strong><\/b><\/p>\n<ul>\n<li style=\"font-weight: 400;\">1. Las facultades disciplinarias<\/li>\n<\/ul>\n<p style=\"font-weight: 400;\">Art\u00edculo 530 al Art\u00edculo 552<\/p>\n<ul>\n<li style=\"font-weight: 400;\">2. De las visitas<\/li>\n<\/ul>\n<p style=\"font-weight: 400;\">Art\u00edculo 553 al Art\u00edculo 585 bis<\/p>\n<ul>\n<li style=\"font-weight: 400;\">3. Estados y publicaciones<\/li>\n<\/ul>\n<p style=\"font-weight: 400;\">Art\u00edculo 586 al Art\u00edculo 590<\/p>\n<p style=\"font-weight: 400;\"><b><strong>T\u00cdTULO XVII<\/strong><\/b><br \/>\n<b><strong>DE LA ASISTENCIA JUDICIAL Y DEL PRIVILEGIO DE POBREZA<\/strong><\/b><\/p>\n<p style=\"font-weight: 400;\">Art\u00edculo 591 al Art\u00edculo 602<\/p>\n<p style=\"font-weight: 400;\"><b><strong>T\u00cdTULO FINAL<\/strong><\/b><br \/>\n<b><strong>DISPOSICIONES DEROGADAS POR LA LEY DE ORGANIZACI\u00d3N Y ATRIBUCIONES DE LOS TRIBUNALES, DE 15 DE OCTUBRE DE 1875<\/strong><\/b><\/p>\n","protected":false},"excerpt":{"rendered":"<p>La obra, en dos tomos, desarrolla fundamentalmente los 17 t\u00edtulos \u00fatiles que contiene el C\u00f3digo Org\u00e1nico de Tribunales, en una labor de recopilaci\u00f3n, selecci\u00f3n y coordinaci\u00f3n que se agrupa en las siguientes secciones: a) Transcripci\u00f3n literal del texto actualmente vigente de cada disposici\u00f3n, en el estricto orden que aparecen en el COT; b) Antecedentes hist\u00f3ricos del precepto; c) Concordancias con otras reglas del mismo cuerpo legal o de otras leyes especiales; d) Jurisprudencia de los tribunales, recogida principalmente de los Repertorios de Legislaci\u00f3n y Jurisprudencia Chilena y de los trabajos y revistas nacionales especializadas, como Revistas de Derecho provenientes de las Facultades, de Derecho y Jurisprudencia, Fallos del Mes y otras; y e) Doctrina relacionada con el tema correspondiente, defendida por autores nacionales, sea mediante un estudio o comentario integral o monograf\u00edas u op\u00fasculos sobre t\u00f3picos espec\u00edficos, en especial cuando producen controversia y puntualmente, acotaciones te\u00f3ricas para precisar el alcance, en una s\u00edntesis elemental del pensamiento del autor y, por consiguiente, no pasan de meras referencias bibliogr\u00e1ficas tendientes a facilitar la consulta posterior del original. TOMO I T\u00cdTULO I DEL PODER JUDICIAL Y DE LA ADMINISTRACI\u00d3N DE JUSTICIA EN GENERAL ART\u00cdCULO 1 A ART\u00cdCULO 13 T\u00cdTULO II DE LOS JUZGADOS DE GARANT\u00cdA Y DE LOS TRIBUNALES DE JUICIO ORAL EN LO PENAL 1. De los juzgados de garant\u00eda Art\u00edculo 14 a Art\u00edculo 16 2. De los tribunales de juicio oral en lo penal Art\u00edculo 17 a Art\u00edculo 21 A 3. Del comit\u00e9 de jueces Art\u00edculo 22 a Art\u00edculo 23 4. Del juez presidente del comit\u00e9 de jueces Art\u00edculo 24 5. De la organizaci\u00f3n administrativa de los de garant\u00eda y de los tribunales de juicio oral en lo penal Art\u00edculo 25 a Art\u00edculo 26 T\u00cdTULO III DE LOS JUECES DE LETRAS Art\u00edculo 27 a Art\u00edculo 49. Derogado por la ley No 11.183 de 1953 T\u00cdTULO IV DE LOS PRESIDENTES Y MINISTROS DE CORTE COMO TRIBUNALES UNIPERSONALES Art\u00edculo 50 a Art\u00edculo 53 T\u00cdTULO V LAS CORTES DE APELACIONES 1. Su organizaci\u00f3n y atribuciones Art\u00edculo 54 a Art\u00edculo 71 2. Los acuerdos de las Cortes de Apelaciones Art\u00edculo 72 a Art\u00edculo 89 3. Los Presidentes de las Cortes de Apelaciones Art\u00edculo 90 a Art\u00edculo 92 T\u00cdTULO VI LA CORTE SUPREMA 1. Su organizaci\u00f3n y atribuciones Art\u00edculo 93 a Art\u00edculo 104 2. El Presidente de la Corte Suprema Art\u00edculo 105 a Art\u00edculo 107 T\u00cdTULO VI BIS DE LA REALIZACI\u00d3N DE AUDIENCIAS BAJO LA MODALIDAD SEMIPRESENCIAL O V\u00cdA REMOTA EN LOS PROCEDIMIENTOS PENALES EN TR\u00c1MITE ANTE LOS JUZGADOS DE GARANT\u00cdA, LOS TRIBUNALES DE JUICIO ORAL EN LO PENAL, LAS CORTES DE APELACIONES Y LA CORTE SUPREMA Art\u00edculo 107 bis a Art\u00edculo 107 ter T\u00cdTULO VII LA COMPETENCIA 1. Reglas generales Art\u00edculo 108 a Art\u00edculo 114 2. Reglas que determinan la cuant\u00eda de los negocios judiciales Art\u00edculo 115 a Art\u00edculo 132 3. Supresi\u00f3n del fuero personal en algunos negocios judiciales Art\u00edculo 133 4. Reglas que determinan la competencia en materias civiles entre tribunales de igual jerarqu\u00eda Art\u00edculo 134 a Art\u00edculo 156. Derogado por el DL No 2.416 5. Reglas que determinan la competencia en materias criminales entre tribunales de igual jerarqu\u00eda Art\u00edculo 157 a Art\u00edculo 170 bis. Derogado 6. Reglas sobre competencia civil de los tribunales en lo criminal Art\u00edculo 171 a Art\u00edculo 174 7. Reglas que determinan la distribuci\u00f3n de causas en aquellas comunas o agrupaci\u00f3n de comunas en cuyo territorio existan dos o m\u00e1s jueces con igual competencia Art\u00edculo 175 a Art\u00edculo 180 8. De la pr\u00f3rroga de la competencia Art\u00edculo 181 a Art\u00edculo 187 9. De la competencia para fallar en \u00fanica o en primera instancia Art\u00edculo 188 a Art\u00edculo 189 10. De los tribunales que deben conocer en las contiendas y cuestiones de competencia Art\u00edculo 190 a Art\u00edculo 193 11. De la implicancia y recusaci\u00f3n de los jueces y de los abogados integrantes Art\u00edculo 194 a Art\u00edculo 205 T\u00cdTULO VIII DE LA SUBROGACI\u00d3N E INTEGRACI\u00d3N Art\u00edculo 206 a Art\u00edculo 221 TOMO II T\u00cdTULO IX DE LOS JUECES \u00c1RBITROS Art\u00edculo 222 a Art\u00edculo 243 T\u00cdTULO X DE LOS MAGISTRADOS Y DEL NOMBRAMIENTO Y ESCALAF\u00d3N DE LOS FUNCIONARIOS JUDICIALES 1. Calidades en que pueden ser nombrados los jueces Art\u00edculo 244 a Art\u00edculo 247 2. Requisitos, inhabilidades e incompatibilidades Art\u00edculo 248 a Art\u00edculo 261 3. De los nombramientos y del escalaf\u00f3n de los funcionarios judiciales Art\u00edculo 262. Derogado por la ley No 18.776 de 1989 a Art\u00edculo 295 4. De la instalaci\u00f3n de los jueces Art\u00edculo 296. Derogado por la ley No 18.776 a Art\u00edculo 305 5. De los honores y prerrogativas de los jueces Art\u00edculo 306 a Art\u00edculo 309 6. De las permutas y traslados Art\u00edculo 310 7. De los deberes y prohibiciones a que est\u00e1n sujetos los jueces Art\u00edculo 311 a Art\u00edculo 323 ter 8. De la responsabilidad de los jueces Art\u00edculo 324 a Art\u00edculo 331 9. La expiraci\u00f3n y suspensi\u00f3n de las funciones de los jueces. De las licencias Art\u00edculo 332 al Art\u00edculo 349 T\u00cdTULO XI LOS AUXILIARES DE LA ADMINISTRACI\u00d3N DE JUSTICIA 1. Fiscal\u00eda judicial Art\u00edculo 350 al Art\u00edculo 364 2. Los Defensores P\u00fablicos Art\u00edculo 365 al Art\u00edculo 371 3. Los Relatores Art\u00edculo 372 al Art\u00edculo 378 4. Los Secretarios Art\u00edculo al Art\u00edculo 389 4 bis. Los administradores de tribunales con competencia en lo criminal Art\u00edculo 389 A al Art\u00edculo 389 G 5. Los Receptores Art\u00edculo 390 al Art\u00edculo 393 6. De los Procuradores y especialmente de los Procuradores del N\u00famero Art\u00edculo 394 al Art\u00edculo 398 7. Los Notarios 1) Su Organizaci\u00f3n Art\u00edculo 399 al Art\u00edculo 445 8. Los Conservadores Art\u00edculo 446 al Art\u00edculo 452 9. Los Archiveros Art\u00edculo 453 al Art\u00edculo 456 10. De los Consejos T\u00e9cnicos Art\u00edculo 457 11. Los Bibliotecarios Judiciales Art\u00edculo 457 bis T\u00cdTULO XII DISPOSICIONES GENERALES APLICABLES A LOS AUXILIARES DE LA ADMINISTRACI\u00d3N DE JUSTICIA 1. Nombramiento, requisitos, inhabilidades e incompatibilidades Art\u00edculo 458 al Art\u00edculo 470 2. Juramento e instalaci\u00f3n Art\u00edculo 471 al Art\u00edculo 473 3. Obligaciones y prohibiciones Art\u00edculo 474 al Art\u00edculo 482 4. De las implicancias y recusaciones Art\u00edculo 483 al Art\u00edculo 491 5. De su remuneraci\u00f3n y de su previsi\u00f3n Art\u00edculo 492<\/p>\n","protected":false},"featured_media":2890,"comment_status":"open","ping_status":"closed","template":"","meta":{"inline_featured_image":false,"_joinchat":[]},"product_brand":[],"product_cat":[40,39],"product_tag":[],"class_list":{"0":"post-2834","1":"product","2":"type-product","3":"status-publish","4":"has-post-thumbnail","6":"product_cat-ediciones-juridica-de-santiago","7":"product_cat-procesal-civil","8":"product_shipping_class-a-convenir","10":"first","11":"instock","12":"shipping-taxable","13":"purchasable","14":"product-type-simple"},"_links":{"self":[{"href":"https:\/\/bibliotecajuridicavirtual.cl\/index.php\/wp-json\/wp\/v2\/product\/2834","targetHints":{"allow":["GET"]}}],"collection":[{"href":"https:\/\/bibliotecajuridicavirtual.cl\/index.php\/wp-json\/wp\/v2\/product"}],"about":[{"href":"https:\/\/bibliotecajuridicavirtual.cl\/index.php\/wp-json\/wp\/v2\/types\/product"}],"replies":[{"embeddable":true,"href":"https:\/\/bibliotecajuridicavirtual.cl\/index.php\/wp-json\/wp\/v2\/comments?post=2834"}],"wp:featuredmedia":[{"embeddable":true,"href":"https:\/\/bibliotecajuridicavirtual.cl\/index.php\/wp-json\/wp\/v2\/media\/2890"}],"wp:attachment":[{"href":"https:\/\/bibliotecajuridicavirtual.cl\/index.php\/wp-json\/wp\/v2\/media?parent=2834"}],"wp:term":[{"taxonomy":"product_brand","embeddable":true,"href":"https:\/\/bibliotecajuridicavirtual.cl\/index.php\/wp-json\/wp\/v2\/product_brand?post=2834"},{"taxonomy":"product_cat","embeddable":true,"href":"https:\/\/bibliotecajuridicavirtual.cl\/index.php\/wp-json\/wp\/v2\/product_cat?post=2834"},{"taxonomy":"product_tag","embeddable":true,"href":"https:\/\/bibliotecajuridicavirtual.cl\/index.php\/wp-json\/wp\/v2\/product_tag?post=2834"}],"curies":[{"name":"wp","href":"https:\/\/api.w.org\/{rel}","templated":true}]}}