{"id":2836,"date":"2026-02-28T01:06:10","date_gmt":"2026-02-28T04:06:10","guid":{"rendered":"https:\/\/bibliotecajuridicavirtual.cl\/?post_type=product&#038;p=2836"},"modified":"2026-02-28T01:06:58","modified_gmt":"2026-02-28T04:06:58","slug":"teoria-general-del-negocio-juridico-3ra-edicion-ano-2020-450-pag-autor-ramon-dominguez-aguila","status":"publish","type":"product","link":"https:\/\/bibliotecajuridicavirtual.cl\/index.php\/product\/teoria-general-del-negocio-juridico-3ra-edicion-ano-2020-450-pag-autor-ramon-dominguez-aguila\/","title":{"rendered":"Teor\u00eda General del Negocio Juridico &#8211; 3ra Edici\u00f3n. A\u00f1o 2020\/450 P\u00e1g. Autor Ram\u00f3n Dom\u00ednguez \u00c1guila"},"content":{"rendered":"<p>La primera edici\u00f3n de este libro es de 1977 editada por la Editorial Jur\u00eddica de Chile. En 2012 se hizo una segunda edici\u00f3n por la misma editorial.<\/p>\n<p>Esta tercera edici\u00f3n contiene nueva jurisprudencia resultante de fallos posteriores a los citados en la segunda edici\u00f3n y doctrina, adem\u00e1s de que se contienen referencias nuevas de Derecho comparado m\u00e1s reciente.<\/p>\n<p>El prop\u00f3sito de la obra sigue siendo el mismo: servir en especial de manual de estudio para alumnos de Derecho, sin perjuicio de servir tambi\u00e9n a los pr\u00e1cticos del Derecho.<\/p>\n<p><b>CAP\u00cdTULO PRELIMINAR<br \/>\nNOCI\u00d3N Y CLASIFICACI\u00d3N DEL NEGOCIO JUR\u00cdDICO<\/b><\/p>\n<p>1.- Hecho jur\u00eddico y hecho material<br \/>\n2.- Terminolog\u00eda<br \/>\n3.- Or\u00edgenes, desarrollo y cr\u00edticas<br \/>\n4.- Definici\u00f3n<br \/>\n5.- Caracter\u00edsticas<br \/>\n6.- Clasificaci\u00f3n de los negocios jur\u00eddicos<br \/>\n7.- Negocios propiamente tales y negocios-condici\u00f3n<br \/>\n8.- Negocios jur\u00eddicos unilaterales y bilaterales. Negocios jur\u00eddicos colectivos<br \/>\n8.1.- Contratos y convenciones<br \/>\n9.- Negocios entre vivos y por causa de muerte<br \/>\n10.- Negocios del derecho de familia y negocios patrimoniales<br \/>\n11.- Negocios solemnes y no solemnes. Los contratos consensuales y los reales<br \/>\n12.- Negocios gratuitos y onerosos<br \/>\n13.- Negocios t\u00edpicos o nominados y at\u00edpicos o innominados<br \/>\n14.- Negocios principales, negocios accesorios y negocios dependientes<br \/>\n15.- Otras clasificaciones<br \/>\n16.- Los elementos del negocio jur\u00eddico. Clasificaci\u00f3n<\/p>\n<p><b>CAP\u00cdTULO PRIMERO<br \/>\nLA MANIFESTACI\u00d3N DE VOLUNTAD<\/b><\/p>\n<p>17.- El rol de la voluntad en el negocio jur\u00eddico<\/p>\n<p>Secci\u00f3n I<br \/>\nLa existencia de la voluntad negocial<\/p>\n<p>18.- Seriedad<br \/>\n19.- Voluntad manifestada. C\u00f3mo se manifiesta la voluntad<br \/>\n20.- El silencio como manifestaci\u00f3n de voluntad<br \/>\n21.- Las relaciones entre la voluntad interna y la voluntad declarada<br \/>\n22.- Casos en que no existe voluntad<\/p>\n<p>Secci\u00f3n II<br \/>\nLa Formaci\u00f3n de la Voluntad<\/p>\n<p>23.- Negocios unilaterales y bilaterales<\/p>\n<p>P\u00e1rrafo I<br \/>\nLas reglas cl\u00e1sicas de formaci\u00f3n del consentimiento<\/p>\n<p>24.- Oferta y aceptaci\u00f3n<br \/>\n25.- Reglamentaci\u00f3n jur\u00eddica<br \/>\n26.- Caracteres de la oferta<br \/>\n27.- Efectos de la oferta antes de su aceptaci\u00f3n<br \/>\n28.- La aceptaci\u00f3n y sus caracteres<br \/>\n29.- Momento de la formaci\u00f3n del consentimiento<br \/>\n29.1.- Lugar de la formaci\u00f3n del consentimiento<\/p>\n<p>P\u00e1rrafo II<br \/>\nLa doctrina actual del per\u00edodo prenegocial y de la formaci\u00f3n del consentimiento<\/p>\n<p>30.- La etapa prenegocial<br \/>\n30.1.-Las obligaciones en la etapa prenegocial<br \/>\n30.2.-La denominada responsabilidad precontractual<\/p>\n<p>Secci\u00f3n III<br \/>\nLos Vicios de la Voluntad<\/p>\n<p>31.- La integridad de la voluntad. Voluntad y confianza<br \/>\n32.- Reglamentaci\u00f3n legal<br \/>\n33.- Enumeraci\u00f3n<br \/>\n33.1.- Momento de la apreciaci\u00f3n del vicio<\/p>\n<p>P\u00e1rrafo I<br \/>\nEl error como vicio de la voluntad<\/p>\n<p>34.- Concepto<br \/>\n35.- Error que vicia la voluntad<br \/>\n36.- Historia<br \/>\n37.- El error de derecho<br \/>\n38.- El error impediente u obtativo. Error esencial<br \/>\n38.1.- Sanci\u00f3n<br \/>\n39.- Error substancial<br \/>\n40.- Derecho chileno<br \/>\n41.- Sanci\u00f3n<br \/>\n42.- Error sobre cualidades accidentales. Error sobre la cantidad<br \/>\n43.- Error sobre la persona<br \/>\n44.- Error sobre los motivos<br \/>\n45.- Conclusi\u00f3n<br \/>\n46.- La m\u00e1xima nemo auditur y el error<br \/>\n47.- El perjuicio y el error<br \/>\n48.- \u00bfDebe el error provenir de todas las partes?<br \/>\n49.- Error com\u00fan<\/p>\n<p>P\u00e1rrafo II<br \/>\nEl dolo como vicio de la voluntad<\/p>\n<p>50.- Concepto<br \/>\n51.- Dolo y error<br \/>\n52.- Elementos constitutivos del dolo<br \/>\n53.- Incidencia de la naturaleza jur\u00eddica del dolo<br \/>\n54.- Dolo y omisi\u00f3n. Reticencia<br \/>\n55.- Dolo y culpa. Dolo preterintencional<br \/>\n56.- Condiciones para que el dolo vicie la voluntad<br \/>\n57.- El dolo debe ser determinante. Apreciaci\u00f3n. Dolo principal y dolo incidental<br \/>\n58.- El dolo debe ser obra de una de las partes<br \/>\n59.- El dolo y los negocios unilaterales<br \/>\n60.- Prueba del dolo<br \/>\n60.1.- Sanci\u00f3n del dolo. Nulidad y responsabilidad<\/p>\n<p>P\u00e1rrafo III<br \/>\nLa fuerza como vicio de la voluntad<\/p>\n<p>61.- Noci\u00f3n<br \/>\n62.- Reglamentaci\u00f3n<br \/>\n62.1.- Condiciones de la fuerza para viciar la voluntad<br \/>\n63.- Gravedad de la fuerza<br \/>\n64.- Temor reverencial<br \/>\n65.- Determinante<br \/>\n66.- Injusta<br \/>\n67.- Fuerza ejercida por terceros<br \/>\n68.- Presi\u00f3n por circunstancias externas<br \/>\n69.- Sanci\u00f3n<br \/>\n70.- Prueba<\/p>\n<p>P\u00e1rrafo IV<br \/>\nLa lesi\u00f3n<\/p>\n<p>71.- Concepto<br \/>\n72.- Las aplicaciones particulares de la lesi\u00f3n<br \/>\n73.- Sanci\u00f3n<br \/>\n74.- Fundamento de la lesi\u00f3n<br \/>\n75.- Evoluci\u00f3n hist\u00f3rica<br \/>\n75.1.- Derecho comparado<\/p>\n<p>Secci\u00f3n IV<br \/>\nLas Exigencias Particulares para la Exteriorizaci\u00f3n de la Voluntad<\/p>\n<p>76.- Introducci\u00f3n<\/p>\n<p>Parrafo I<br \/>\nLa capacidad y el poder negocial<\/p>\n<p>77.- Capacidad y poder<br \/>\n78.- Concepto<br \/>\n78.1.- Reglamentaci\u00f3n<br \/>\n79.- Capacidad de goce y capacidad de ejercicio<br \/>\n80.- No hay incapacidad de goce general<br \/>\n81.- La incapacidad de ejercicio<br \/>\n82.- Incapacidad absoluta y relativa<br \/>\n83.- Incapaces absolutos<br \/>\n84.- Dementes<br \/>\n85.- El imp\u00faber<br \/>\n86.- Sordomudos que no puedan darse a entender claramente. El lenguaje de se\u00f1as<br \/>\n87.- Sanci\u00f3n<br \/>\n88.- Incapacidades relativas<br \/>\n89.- Menores adultos<br \/>\n90.- Disipadores interdictos<br \/>\n91.- L\u00edmite patrimonial de la incapacidad relativa y sanci\u00f3n a los negocios celebrados por incapaz relativo<br \/>\n92.- Incapacidades especiales<br \/>\n93.- Poder de disposici\u00f3n<\/p>\n<p>P\u00e1rrafo II<br \/>\nLa forma en el negocio<\/p>\n<p>94.- Consensualismo y formalismo<br \/>\n95.- La exigencia de la forma<br \/>\n96.- Las solemnidades<br \/>\n97.- Conclusiones<\/p>\n<p><b>CAP\u00cdTULO SEGUNDO<br \/>\nEL OBJETO<\/b><\/p>\n<p>Secci\u00f3n I<br \/>\nConcepto y Requisitos<\/p>\n<p>98.- El objeto es un requisito del negocio<br \/>\n99.- Objeto del negocio, objeto de la obligaci\u00f3n, objeto de la prestaci\u00f3n. Objeto y contenido del negocio<br \/>\n100.- Concepto<br \/>\n101.- Requisitos del objeto<\/p>\n<p>Secci\u00f3n II<br \/>\nLa Determinaci\u00f3n del Objeto<\/p>\n<p>102.- El objeto debe ser determinado o determinable<br \/>\n103.- Determinaci\u00f3n gen\u00e9rica y determinaci\u00f3n espec\u00edfica<\/p>\n<p>Secci\u00f3n III<br \/>\nPosibilidad del Objeto<\/p>\n<p>104.- El objeto debe ser posible<\/p>\n<p>Secci\u00f3n IV<br \/>\nLa Ilicitud del Objeto<\/p>\n<p>105.- Concepto<br \/>\n106.- Actos contrarios al derecho p\u00fablico<br \/>\n107.- Derecho a suceder por causa de muerte<br \/>\n108.- Condonaci\u00f3n del dolo futuro<br \/>\n109.- Casos del Art. 1466<br \/>\n110.- Enajenaci\u00f3n de cosas indicadas por el Art. 1464<br \/>\n111.- Concepto de enajenaci\u00f3n en el Art. 1464<br \/>\n112.- Caso especial de la compraventa<br \/>\n113.- Caso particular de la promesa de venta<br \/>\n114.- Caso de la adjudicaci\u00f3n<br \/>\n115.- Cosas incomerciables<br \/>\n116.- Derechos y privilegios intransferibles<br \/>\n117.- Enajenaci\u00f3n de cosas embargadas por decreto judicial<br \/>\n118.- Concepto de embargo<br \/>\n119.- Publicidad del embargo<br \/>\n120.- El embargo y las enajenaciones forzadas<br \/>\n121.- Forma de enajenar v\u00e1lidamente la cosa embargada<br \/>\n122.- Autorizaci\u00f3n del juez<br \/>\n123.- Consentimiento del acreedor<br \/>\n124.- Enajenaci\u00f3n de cosas litigiosas<\/p>\n<p><b>CAP\u00cdTULO TERCERO<br \/>\nLA CAUSA EN EL NEGOCIO JUR\u00cdDICO<\/b><\/p>\n<p>125.- El problema de la causa<\/p>\n<p>Secci\u00f3n I<br \/>\nEl Concepto de Causa<\/p>\n<p>126.- Antecedentes hist\u00f3ricos<br \/>\n127.- La doctrina cl\u00e1sica de la causa y el C\u00f3digo Civil<br \/>\n128.- La posici\u00f3n anticausalista<br \/>\n129.- Las tendencias modernas<br \/>\n130.- Las teor\u00edas subjetivas<br \/>\n131.- El retorno a la causa objetiva<br \/>\n132.- Conclusi\u00f3n<br \/>\n133.- La teor\u00eda de la causa y el derecho chileno<\/p>\n<p>Secci\u00f3n II<br \/>\nEl Rol jur\u00eddico de la Causa<\/p>\n<p>134.- Doble rol de la causa<br \/>\n135.- Negocios abstractos<br \/>\n136.- La causa debe ser real<br \/>\n137.- Ausencia de causa<br \/>\n138.- Licitud de la causa<\/p>\n<p><b>CAP\u00cdTULO IV<br \/>\nLAS MODALIDADES EN EL NEGOCIO JUR\u00cdDICO<\/b><\/p>\n<p>139.- Concepto<br \/>\n140.- Las modalidades requisitos de eficacia<br \/>\n141.- La condici\u00f3n como modalidad<br \/>\n142.- Teor\u00eda o reglamentaci\u00f3n unitaria<br \/>\n143.- Condiciones juris<br \/>\n144.- El plazo como modalidad<br \/>\n145.- El modo<\/p>\n<p><b>PARTE II<br \/>\nINVALIDEZ E INEFICACIA DEL NEGOCIO JUR\u00cdDICO<\/b><\/p>\n<p>146.- Introducci\u00f3n<br \/>\n147.- Terminolog\u00eda<br \/>\n148.- Invalidez, ineficacia y sanci\u00f3n<br \/>\n149.- Invalidez e ineficacia en el derecho chileno<br \/>\n<b>CAP\u00cdTULO I<br \/>\nLA NULIDAD DE LOS NEGOCIOS JUR\u00cdDICOS<\/b><\/p>\n<p>Secci\u00f3n I<br \/>\nLa Inexistencia del Negocio Jur\u00eddico<\/p>\n<p>150.- Nulidad e inexistencia<br \/>\n151.- Consecuencias<br \/>\n152.- Acogida y cr\u00edtica en el derecho comparado<br \/>\n153.- Derecho chileno<\/p>\n<p>Secci\u00f3n II<br \/>\nConcepto y Clasificaci\u00f3n de la Nulidad<\/p>\n<p>154.- Reglamentaci\u00f3n<br \/>\n155.- Concepto de nulidad<br \/>\n156.- Nulidad absoluta, nulidad relativa<br \/>\n156.1.- Nulidad total y nulidad parcial<br \/>\n156.2.- Nulidad consecuencial<br \/>\n156.3.- Nulidad refleja<br \/>\n157.- La nulidad es sanci\u00f3n a un vicio originario<\/p>\n<p>Secci\u00f3n III<br \/>\nLa Nulidad Absoluta<\/p>\n<p>158.- Concepto<br \/>\n159.- Fundamentos<br \/>\n160.- Causales de nulidad absoluta<br \/>\n161.- Titulares de la acci\u00f3n. El Ministerio P\u00fablico<br \/>\n162.- Titulares de la acci\u00f3n de nulidad. Todo lo que tenga inter\u00e9s en ello<br \/>\n162.1.- Naturaleza del inter\u00e9s<br \/>\n162.2.- El inter\u00e9s debe ser personal y adem\u00e1s cierto<br \/>\n162.3.- El inter\u00e9s debe ser alegado y probado<br \/>\n162.4.- Inter\u00e9s actual<br \/>\n162.5.- El inter\u00e9s y las facultades del juez<br \/>\n163.- La situaci\u00f3n de los herederos<br \/>\n164.- Los acreedores<br \/>\n165.- Caso del que sab\u00eda o deb\u00eda conocer el vicio. La m\u00e1xima \u201cnemo auditur\u2026\u201d<br \/>\n165.1.- El heredero del que sab\u00eda o deb\u00eda saber el vicio que invalidaba al negocio<br \/>\n165.2.- Caso especial de los representados<br \/>\n165.3.- La nulidad matrimonial y la m\u00e1xima<br \/>\n166.- El juez puede y debe declarar de oficio la nulidad absoluta<br \/>\n167.- Causales de nulidad absoluta<\/p>\n<p>Secci\u00f3n III<br \/>\nLa Nulidad Relativa<\/p>\n<p>168.- Concepto<br \/>\n168.1.- Fundamento<br \/>\n169.- Es un beneficio establecido a favor de ciertas personas<br \/>\n170.- Titulares<br \/>\n171.- Causales de nulidad relativa<\/p>\n<p>Secci\u00f3n IV<br \/>\nDel Saneamiento por Tiempo y de los Aspectos Procesales de la Nulidad<\/p>\n<p>172.- El saneamiento por tiempo<br \/>\n173.- Formas de hacer valer la nulidad en juicio<br \/>\n174.- Calificaci\u00f3n de la nulidad<\/p>\n<p>Secci\u00f3n V<br \/>\nDe la Confirmaci\u00f3n de la Nulidad<\/p>\n<p>175.- Concepto<br \/>\n176.- Fundamento y naturaleza<br \/>\n177.- No procede respecto de la nulidad absoluta<br \/>\n178.- Es negocio unilateral<br \/>\n179.- Requisitos<br \/>\n180.- Formas de la confirmaci\u00f3n<br \/>\n181.- Efectos<\/p>\n<p>Secci\u00f3n VI<br \/>\nDe los Efectos de la Nulidad<br \/>\n182.- Son unos mismos para toda nulidad<br \/>\n183.- Se producen en virtud de sentencia judicial<br \/>\n184.- Son relativos<br \/>\n185.- Efectos entre las partes que celebraron el negocio nulo<br \/>\n185.1.- Los efectos entre las partes del negocio que no ha produ- cido efectos<br \/>\n185.2.- Los efectos entre las partes de un negocio nulo que ya produjo sus efectos<br \/>\n186.- Reglas aplicables a las restituciones entre partes<br \/>\n187.- Excepci\u00f3n: aplicaci\u00f3n de la m\u00e1xima nemo auditur<br \/>\n188.- Excepci\u00f3n: la lesi\u00f3n enorme<br \/>\n189.- Excepci\u00f3n: negocios a favor de los incapaces<br \/>\n190.- Excepci\u00f3n: los negocios de ejecuci\u00f3n sucesiva<br \/>\n191.- Excepci\u00f3n: los frutos del poseedor de buena fe<br \/>\n192.- Efectos de la nulidad frente a terceros<br \/>\n193.- Nulidad y responsabilidad civil<\/p>\n<p>Secci\u00f3n VII<br \/>\nLa Conversi\u00f3n del Negocio Nulo 194.- Concepto<\/p>\n<p>195.- Casos previstos por la ley<br \/>\n195.1.- Fundamentos de la conversi\u00f3n<\/p>\n<p><b>CAPITULO II<br \/>\nINEFICACIA DEL NEGOCIO JUR\u00cdDICO<br \/>\n<\/b><br \/>\n196.- Concepto<br \/>\n197.- Hip\u00f3tesis de ineficacia<br \/>\n197.1.- Remisi\u00f3n<br \/>\n198.- La inoponibilidad<br \/>\n199.- La revocaci\u00f3n<br \/>\n200.- Otras formas de ineficacia<\/p>\n","protected":false},"excerpt":{"rendered":"<p>Buscas un libro Jur\u00eddico.? Lo puedes encontrar en nuestra tienda virtual.<br \/>\nContamos con prestigiosos autores y muchas alternativas en sus diferentes materias al igual que grandes descuentos.! Vis\u00edtanos en <a class=\"wsMvqdsCQwHMdXuvCLlSAkmVYButhGSUc \" tabindex=\"0\" href=\"https:\/\/lnkd.in\/eiAG7jdZ\" target=\"_blank\" rel=\"noopener\" data-test-app-aware-link=\"\">https:\/\/lnkd.in\/eiAG7jdZ<\/a><br \/>\nEscr\u00edbenos al +56930565235 \/ <a class=\"wsMvqdsCQwHMdXuvCLlSAkmVYButhGSUc \" tabindex=\"0\" href=\"mailto:ventaslegallexglobal@gmail.com\" target=\"_self\" data-test-app-aware-link=\"\">ventaslegallexglobal@gmail.com<\/a><br \/>\nHacemos env\u00edos a todo Chile \u2013 Starken o Correos Chile \/ Te esperamos<\/p>\n","protected":false},"featured_media":2892,"comment_status":"open","ping_status":"closed","template":"","meta":{"inline_featured_image":false,"_joinchat":[]},"product_brand":[],"product_cat":[27],"product_tag":[],"class_list":{"0":"post-2836","1":"product","2":"type-product","3":"status-publish","4":"has-post-thumbnail","6":"product_cat-civil","7":"product_shipping_class-a-convenir","9":"first","10":"instock","11":"shipping-taxable","12":"purchasable","13":"product-type-simple"},"_links":{"self":[{"href":"https:\/\/bibliotecajuridicavirtual.cl\/index.php\/wp-json\/wp\/v2\/product\/2836","targetHints":{"allow":["GET"]}}],"collection":[{"href":"https:\/\/bibliotecajuridicavirtual.cl\/index.php\/wp-json\/wp\/v2\/product"}],"about":[{"href":"https:\/\/bibliotecajuridicavirtual.cl\/index.php\/wp-json\/wp\/v2\/types\/product"}],"replies":[{"embeddable":true,"href":"https:\/\/bibliotecajuridicavirtual.cl\/index.php\/wp-json\/wp\/v2\/comments?post=2836"}],"wp:featuredmedia":[{"embeddable":true,"href":"https:\/\/bibliotecajuridicavirtual.cl\/index.php\/wp-json\/wp\/v2\/media\/2892"}],"wp:attachment":[{"href":"https:\/\/bibliotecajuridicavirtual.cl\/index.php\/wp-json\/wp\/v2\/media?parent=2836"}],"wp:term":[{"taxonomy":"product_brand","embeddable":true,"href":"https:\/\/bibliotecajuridicavirtual.cl\/index.php\/wp-json\/wp\/v2\/product_brand?post=2836"},{"taxonomy":"product_cat","embeddable":true,"href":"https:\/\/bibliotecajuridicavirtual.cl\/index.php\/wp-json\/wp\/v2\/product_cat?post=2836"},{"taxonomy":"product_tag","embeddable":true,"href":"https:\/\/bibliotecajuridicavirtual.cl\/index.php\/wp-json\/wp\/v2\/product_tag?post=2836"}],"curies":[{"name":"wp","href":"https:\/\/api.w.org\/{rel}","templated":true}]}}