{"id":2847,"date":"2026-02-28T01:06:31","date_gmt":"2026-02-28T04:06:31","guid":{"rendered":"https:\/\/bibliotecajuridicavirtual.cl\/?post_type=product&#038;p=2847"},"modified":"2026-02-28T01:06:59","modified_gmt":"2026-02-28T04:06:59","slug":"derecho-internacional-publico-ano-septiembre-2023-504-pag-autor-jaime-tijmes-andres-delgado-casteleiro-y-andrea-lucas-garin","status":"publish","type":"product","link":"https:\/\/bibliotecajuridicavirtual.cl\/index.php\/product\/derecho-internacional-publico-ano-septiembre-2023-504-pag-autor-jaime-tijmes-andres-delgado-casteleiro-y-andrea-lucas-garin\/","title":{"rendered":"Derecho Internacional P\u00fablico. A\u00f1o Septiembre 2023\/ 504 P\u00e1g. Autor Jaime Tijmes, Andr\u00e9s Delgado Casteleiro y  Andrea Lucas Gar\u00edn"},"content":{"rendered":"<p>Derecho Internacional P\u00fablico<\/p>\n<p>\u00cdndice<br \/>\nAbreviaturas y siglas m\u00e1s usuales\u00a0\u00a0 \u00a0\u00a0\u00a0 \u00a013<br \/>\nPr\u00f3logo\u00a0\u00a0 \u00a0\u00a0\u00a0 \u00a017<br \/>\nParte general<br \/>\nCap\u00edtulo 1<br \/>\nHistoria del derecho internacional p\u00fablico<br \/>\nI. Introducci\u00f3n\u00a0\u00a0 \u00a0\u00a0\u00a0 \u00a023<br \/>\nII. Desarrollo \u00a0\u00a0 \u00a0\u00a0\u00a0 \u00a024<br \/>\nIII. DESAF\u00cdOS\u00a0\u00a0 \u00a0\u00a0\u00a0 \u00a043<br \/>\nBibliograf\u00eda\u00a0\u00a0 \u00a0\u00a0\u00a0 \u00a044<br \/>\nCap\u00edtulo 2<br \/>\nLas fuentes del derecho internacional p\u00fablico: cuestiones generales<br \/>\nI. Introducci\u00f3n\u00a0\u00a0 \u00a0\u00a0\u00a0 \u00a053<br \/>\nII. Fuentes universalmente aceptadas\u00a0\u00a0 \u00a0\u00a0\u00a0 \u00a054<br \/>\nIII. Otras posibles fuentes\u00a0\u00a0 \u00a0\u00a0\u00a0 \u00a060<br \/>\nIV. Jerarqu\u00eda y fragmentaci\u00f3n\u00a0\u00a0 \u00a0\u00a0\u00a0 \u00a066<br \/>\nV. Formalismo y relatividad normativa\u00a0\u00a0 \u00a0\u00a0\u00a0 \u00a069<br \/>\nVI. Conclusiones\u00a0\u00a0 \u00a0\u00a0\u00a0 \u00a075<br \/>\nBibliograf\u00eda\u00a0\u00a0 \u00a0\u00a0\u00a0 \u00a075<br \/>\nCap\u00edtulo 3<br \/>\nLas fuentes del derecho internacional p\u00fablico: los tratados<br \/>\nI. Introducci\u00f3n\u00a0\u00a0 \u00a0\u00a0\u00a0 \u00a081<br \/>\nII. La Codificaci\u00f3n del Derecho de los Tratados y la Convenci\u00f3n de Viena sobre el Derecho de los Tratados\u00a0\u00a0 \u00a0\u00a0\u00a0 \u00a082<br \/>\nIII. La definici\u00f3n de tratado\u00a0\u00a0 \u00a0\u00a0\u00a0 \u00a084<br \/>\nIV. El proceso de celebraci\u00f3n de los tratados\u00a0\u00a0 \u00a0\u00a0\u00a0 \u00a085<br \/>\nV. Entrada en vigor de los tratados\u00a0\u00a0 \u00a0\u00a0\u00a0 \u00a093<br \/>\nVI. Obligaci\u00f3n de no frustrar el objeto y fin del tratado\u00a0\u00a0 \u00a0\u00a0\u00a0 \u00a094<br \/>\nVII. Interpretaci\u00f3n\u00a0\u00a0 \u00a0\u00a0\u00a0 \u00a095<br \/>\nVIII. Nulidad de los Tratados\u00a0\u00a0 \u00a0\u00a0\u00a0 \u00a096<br \/>\nIX. Terminaci\u00f3n de los Tratados\u00a0\u00a0 \u00a0\u00a0\u00a0 \u00a098<br \/>\nX. Hacia d\u00f3nde va el derecho de los tratados\u00a0\u00a0 \u00a0\u00a0\u00a0 \u00a0100<br \/>\nBibliograf\u00eda\u00a0\u00a0 \u00a0\u00a0\u00a0 \u00a0101<br \/>\nCap\u00edtulo 4<br \/>\nLas fuentes del derecho internacional p\u00fablico: la costumbre, los actos unilaterales y las resoluciones de organizaciones internacionales<br \/>\nI.Introducci\u00f3n\u00a0\u00a0 \u00a0\u00a0\u00a0 \u00a0105<br \/>\nII. La costumbre internacional\u00a0\u00a0 \u00a0\u00a0\u00a0 \u00a0106<br \/>\nIII. Los actos unilaterales\u00a0\u00a0 \u00a0\u00a0\u00a0 \u00a0116<br \/>\nIV. Las resoluciones de las organizaciones internacionales\u00a0\u00a0 \u00a0\u00a0\u00a0 \u00a0122<br \/>\nV. Desaf\u00edos\u00a0\u00a0 \u00a0\u00a0\u00a0 \u00a0126<br \/>\nBibliograf\u00eda\u00a0\u00a0 \u00a0\u00a0\u00a0 \u00a0127<br \/>\nCap\u00edtulo 5<br \/>\nRelaciones entre el derecho internacional p\u00fablico y los ordenamientos jur\u00eddicos internos<br \/>\nI. Introducci\u00f3n\u00a0\u00a0 \u00a0\u00a0\u00a0 \u00a0131<br \/>\nII. Teor\u00edas que explican las relaciones entre el derecho internacional y el derecho interno\u00a0\u00a0 \u00a0\u00a0\u00a0 \u00a0132<br \/>\nIII. Recepci\u00f3n de las normas internacionales en los ordenamientos jur\u00eddicos internos\u00a0\u00a0 \u00a0\u00a0\u00a0 \u00a0136<br \/>\nIV. Recepci\u00f3n de las normas internacionales en el ordenamiento jur\u00eddico chileno\u00a0\u00a0 \u00a0\u00a0\u00a0 \u00a0141<br \/>\nV. Desaf\u00edos futuros: determinaci\u00f3n constitucional del sistema de relaciones con el derecho internacional para el derecho chileno\u00a0\u00a0 \u00a0\u00a0\u00a0 \u00a0148<br \/>\nBibliograf\u00eda\u00a0\u00a0 \u00a0\u00a0\u00a0 \u00a0151<br \/>\nCap\u00edtulo 6<br \/>\nLos sujetos del derecho internacional p\u00fablico: los Estados y las organizaciones internacionales<br \/>\nI. Los sujetos internacionales\u00a0\u00a0 \u00a0\u00a0\u00a0 \u00a0163<br \/>\nII. Los Estados\u00a0\u00a0 \u00a0\u00a0\u00a0 \u00a0164<br \/>\nIII. Las organizaciones internacionales\u00a0\u00a0 \u00a0\u00a0\u00a0 \u00a0175<br \/>\nIV. Desaf\u00edos futuros\u00a0\u00a0 \u00a0\u00a0\u00a0 \u00a0181<br \/>\nBibliograf\u00eda citada\u00a0\u00a0 \u00a0\u00a0\u00a0 \u00a0183<br \/>\nCap\u00edtulo 7<br \/>\nLos sujetos del Derecho Internacional P\u00fablico: la persona humana<br \/>\nI. Introducci\u00f3n\u00a0\u00a0 \u00a0\u00a0\u00a0 \u00a0189<br \/>\nII. Doctrinas y antecedentes hist\u00f3ricos de la subjetividad internacional de la persona \u00a0\u00a0 \u00a0\u00a0\u00a0 \u00a0191<br \/>\nIII. LA SUBJETIVIDAD INTERNACIONAL DE LA PERSONA EN EL DIP, DELIMITACI\u00d3N Y DESARROLLO PROGRESIVO\u00a0\u00a0 \u00a0\u00a0\u00a0 \u00a0196<br \/>\nIV. Responsabilidad internacional\u00a0\u00a0 \u00a0\u00a0\u00a0 \u00a0207<br \/>\nV. Desaf\u00edos\u00a0\u00a0 \u00a0\u00a0\u00a0 \u00a0210<br \/>\nBibliograf\u00eda\u00a0\u00a0 \u00a0\u00a0\u00a0 \u00a0213<br \/>\nCap\u00edtulo 8<br \/>\nSoluci\u00f3n de controversias<br \/>\nI. Introducci\u00f3n conceptual e hist\u00f3rica\u00a0\u00a0 \u00a0\u00a0\u00a0 \u00a0221<br \/>\nII. Medios diplom\u00e1ticos\u00a0\u00a0 \u00a0\u00a0\u00a0 \u00a0223<br \/>\nIII. Medios judiciales\u00a0\u00a0 \u00a0\u00a0\u00a0 \u00a0227<br \/>\nIV. Desaf\u00edos futuros\u00a0\u00a0 \u00a0\u00a0\u00a0 \u00a0244<br \/>\nBibliograf\u00eda\u00a0\u00a0 \u00a0\u00a0\u00a0 \u00a0245<br \/>\nCap\u00edtulo 9<br \/>\nLa responsabilidad internacional<br \/>\nI. Introducci\u00f3n\u00a0\u00a0 \u00a0\u00a0\u00a0 \u00a0253<br \/>\nII. El hecho internacionalmente il\u00edcito: Definici\u00f3n y naturaleza\u00a0\u00a0 \u00a0\u00a0\u00a0 \u00a0255<br \/>\nIII. Los elementos del hecho internacionalmente il\u00edcito\u00a0\u00a0 \u00a0\u00a0\u00a0 \u00a0257<br \/>\nIV. Circunstancias que precluyen la ilicitud\u00a0\u00a0 \u00a0\u00a0\u00a0 \u00a0269<br \/>\nV. El contenido de la responsabilidad internacional\u00a0\u00a0 \u00a0\u00a0\u00a0 \u00a0273<br \/>\nVI. Desaf\u00edos futuros\u00a0\u00a0 \u00a0\u00a0\u00a0 \u00a0275<br \/>\nBibliograf\u00eda\u00a0\u00a0 \u00a0\u00a0\u00a0 \u00a0277<br \/>\nParte Especial<br \/>\nCap\u00edtulo 10<br \/>\nDerecho internacional de los derechos humanos<br \/>\nI. Derechos humanos y ordenamiento internacional, a modo de introducci\u00f3n\u00a0\u00a0 \u00a0\u00a0\u00a0 \u00a0283<br \/>\nII. Subsidiariedad del derecho internacional de los derechos humanos\u00a0\u00a0 \u00a0\u00a0\u00a0 \u00a0285<br \/>\nIII. Interpretaci\u00f3n de tratados de derecho internacional de los derechos humanos\u00a0\u00a0 \u00a0\u00a0\u00a0 \u00a0288<br \/>\nIV. Sistemas internacionales de protecci\u00f3n de derechos humanos\u00a0\u00a0 \u00a0\u00a0\u00a0 \u00a0290<br \/>\nV. El derecho internacional de los derechos humanos en Chile\u00a0\u00a0 \u00a0\u00a0\u00a0 \u00a0305<br \/>\nBibliograf\u00eda citada\u00a0\u00a0 \u00a0\u00a0\u00a0 \u00a0310<br \/>\nCap\u00edtulo 11<br \/>\nEl derecho internacional ambiental<br \/>\nI. Introducci\u00f3n\u00a0\u00a0 \u00a0\u00a0\u00a0 \u00a0319<br \/>\nII. Caracterizaci\u00f3n del derecho internacional ambiental\u00a0\u00a0 \u00a0\u00a0\u00a0 \u00a0319<br \/>\nIII. Principales hitos del derecho internacional ambiental\u00a0\u00a0 \u00a0\u00a0\u00a0 \u00a0323<br \/>\nIV. Principios del derecho internacional ambiental\u00a0\u00a0 \u00a0\u00a0\u00a0 \u00a0325<br \/>\nV. Las bases de los reg\u00edmenes internacionales ambientales\u00a0\u00a0 \u00a0\u00a0\u00a0 \u00a0333<br \/>\nVI. Desaf\u00edos futuros en Latinoam\u00e9rica y a nivel mundial\u00a0\u00a0 \u00a0\u00a0\u00a0 \u00a0335<br \/>\nBibliograf\u00eda\u00a0\u00a0 \u00a0\u00a0\u00a0 \u00a0336<br \/>\nCap\u00edtulo 12<br \/>\nLos Pueblos Ind\u00edgenas como sujetos del DIP<br \/>\nI. Debates para una definici\u00f3n de los pueblos ind\u00edgenas\u00a0\u00a0 \u00a0\u00a0\u00a0 \u00a0341<br \/>\nII. Fuentes del DIP y los derechos de los pueblos ind\u00edgenas\u00a0\u00a0 \u00a0\u00a0\u00a0 \u00a0346<br \/>\nIII. Los derechos de los pueblos ind\u00edgenas\u00a0\u00a0 \u00a0\u00a0\u00a0 \u00a0351<br \/>\nIV. Desaf\u00edo futuros \u00a0\u00a0\u00a0 \u00a0\u00a0\u00a0 \u00a0360<br \/>\nCap\u00edtulo 13<br \/>\nEl derecho penal internacional<br \/>\nI. Introducci\u00f3n conceptual \u00a0\u00a0 \u00a0\u00a0\u00a0 \u00a0361<br \/>\nII. Rese\u00f1a hist\u00f3rica\u00a0\u00a0 \u00a0\u00a0\u00a0 \u00a0362<br \/>\nIII. Fuentes del derecho penal internacional \u00a0\u00a0 \u00a0\u00a0\u00a0 \u00a0365<br \/>\nIV. Actores\u00a0\u00a0 \u00a0\u00a0\u00a0 \u00a0367<br \/>\nV. Cr\u00edmenes nucleares contra el derecho internacional\u00a0\u00a0 \u00a0\u00a0\u00a0 \u00a0371<br \/>\nVI. La responsabilidad por cr\u00edmenes contra el derecho internacional\u00a0\u00a0 \u00a0\u00a0\u00a0 \u00a0377<br \/>\nVII. Relaci\u00f3n entre el derecho penal internacional y el derecho internacional de los derechos humanos, con particular referencia al sistema interamericano\u00a0\u00a0 \u00a0\u00a0\u00a0 \u00a0380<br \/>\nVIII. Desaf\u00edos futuros \u00a0\u00a0 \u00a0\u00a0\u00a0 \u00a0381<br \/>\nBibliograf\u00eda\u00a0\u00a0 \u00a0\u00a0\u00a0 \u00a0382<br \/>\nCap\u00edtulo 14<br \/>\nEl derecho internacional del mar<br \/>\nI. Introducci\u00f3n\u00a0\u00a0 \u00a0\u00a0\u00a0 \u00a0393<br \/>\nII. Convenci\u00f3n de las Naciones Unidas sobre el Derecho del Mar\u00a0\u00a0 \u00a0\u00a0\u00a0 \u00a0396<br \/>\nIII. Los Espacios sujetos a la Soberan\u00eda Nacional. Aguas Interiores, Mar Territorial\u00a0\u00a0 \u00a0\u00a0\u00a0 \u00a0398<br \/>\nIV. ESPACIOS MAR\u00cdTIMOS M\u00c1S ALL\u00c1 DE LA JURISDICCI\u00d3N NACIONAL \u00a0\u00a0 \u00a0\u00a0\u00a0 \u00a0414<br \/>\nV. Temas escogidos\u00a0\u00a0 \u00a0\u00a0\u00a0 \u00a0421<br \/>\nBibliograf\u00eda\u00a0\u00a0 \u00a0\u00a0\u00a0 \u00a0430<br \/>\nCap\u00edtulo 15<br \/>\nEl derecho internacional econ\u00f3mico<br \/>\nI. Introducci\u00f3n\u00a0\u00a0 \u00a0\u00a0\u00a0 \u00a0435<br \/>\nII. Concepto del DIE\u00a0\u00a0 \u00a0\u00a0\u00a0 \u00a0437<br \/>\nIII. El derecho internacional del comercio\u00a0\u00a0 \u00a0\u00a0\u00a0 \u00a0438<br \/>\nIV. El derecho internacional del desarrollo\u00a0\u00a0 \u00a0\u00a0\u00a0 \u00a0449<br \/>\nV. El derecho internacional de las inversiones\u00a0\u00a0 \u00a0\u00a0\u00a0 \u00a0453<br \/>\nVI. Desaf\u00edos futuros\u00a0\u00a0 \u00a0\u00a0\u00a0 \u00a0456<br \/>\nBibliograf\u00eda citada\u00a0\u00a0 \u00a0\u00a0\u00a0 \u00a0457<br \/>\nCap\u00edtulo 16<br \/>\nEl derecho internacional de la propiedad intelectual<br \/>\nI. Introducci\u00f3n\u00a0\u00a0 \u00a0\u00a0\u00a0 \u00a0469<br \/>\nII.Principales actores de DIP de la propiedad intelectual\u00a0\u00a0 \u00a0\u00a0\u00a0 \u00a0469<br \/>\nIII. Fuentes del DIP de la propiedad intelectual\u00a0\u00a0 \u00a0\u00a0\u00a0 \u00a0471<br \/>\nIV. El Convenio de Berna para la Protecci\u00f3n de las Obras Literarias y Art\u00edsticas\u00a0\u00a0 \u00a0\u00a0\u00a0 \u00a0478<br \/>\nV. El Convenio de Par\u00eds para la Protecci\u00f3n de la Propiedad Industrial\u00a0\u00a0 \u00a0\u00a0\u00a0 \u00a0481<br \/>\nVI. El Acuerdo sobre los Aspectos de los Derechos de Propiedad Intelectual relacionados con el Comercio (Acuerdo sobre los ADPIC)\u00a0\u00a0 \u00a0\u00a0\u00a0 \u00a0485<br \/>\nBibliograf\u00eda\u00a0\u00a0 \u00a0\u00a0\u00a0 \u00a0489<br \/>\nBiograf\u00edas\u00a0\u00a0 \u00a0\u00a0\u00a0 \u00a0493<\/p>\n<p>&nbsp;<\/p>\n","protected":false},"excerpt":{"rendered":"<p>Derecho Internacional P\u00fablico \u00cdndice Abreviaturas y siglas m\u00e1s usuales\u00a0\u00a0 \u00a0\u00a0\u00a0 \u00a013 Pr\u00f3logo\u00a0\u00a0 \u00a0\u00a0\u00a0 \u00a017 Parte general Cap\u00edtulo 1 Historia del derecho internacional p\u00fablico I. Introducci\u00f3n\u00a0\u00a0 \u00a0\u00a0\u00a0 \u00a023 II. Desarrollo \u00a0\u00a0 \u00a0\u00a0\u00a0 \u00a024 III. DESAF\u00cdOS\u00a0\u00a0 \u00a0\u00a0\u00a0 \u00a043 Bibliograf\u00eda\u00a0\u00a0 \u00a0\u00a0\u00a0 \u00a044 Cap\u00edtulo 2 Las fuentes del derecho internacional p\u00fablico: cuestiones generales I. Introducci\u00f3n\u00a0\u00a0 \u00a0\u00a0\u00a0 \u00a053 II. Fuentes universalmente aceptadas\u00a0\u00a0 \u00a0\u00a0\u00a0 \u00a054 III. Otras posibles fuentes\u00a0\u00a0 \u00a0\u00a0\u00a0 \u00a060 IV. Jerarqu\u00eda y fragmentaci\u00f3n\u00a0\u00a0 \u00a0\u00a0\u00a0 \u00a066 V. Formalismo y relatividad normativa\u00a0\u00a0 \u00a0\u00a0\u00a0 \u00a069 VI. Conclusiones\u00a0\u00a0 \u00a0\u00a0\u00a0 \u00a075 Bibliograf\u00eda\u00a0\u00a0 \u00a0\u00a0\u00a0 \u00a075 Cap\u00edtulo 3 Las fuentes del derecho internacional p\u00fablico: los tratados I. Introducci\u00f3n\u00a0\u00a0 \u00a0\u00a0\u00a0 \u00a081 II. La Codificaci\u00f3n del Derecho de los Tratados y la Convenci\u00f3n de Viena sobre el Derecho de los Tratados\u00a0\u00a0 \u00a0\u00a0\u00a0 \u00a082 III. La definici\u00f3n de tratado\u00a0\u00a0 \u00a0\u00a0\u00a0 \u00a084 IV. El proceso de celebraci\u00f3n de los tratados\u00a0\u00a0 \u00a0\u00a0\u00a0 \u00a085 V. Entrada en vigor de los tratados\u00a0\u00a0 \u00a0\u00a0\u00a0 \u00a093 VI. Obligaci\u00f3n de no frustrar el objeto y fin del tratado\u00a0\u00a0 \u00a0\u00a0\u00a0 \u00a094 VII. Interpretaci\u00f3n\u00a0\u00a0 \u00a0\u00a0\u00a0 \u00a095 VIII. Nulidad de los Tratados\u00a0\u00a0 \u00a0\u00a0\u00a0 \u00a096 IX. Terminaci\u00f3n de los Tratados\u00a0\u00a0 \u00a0\u00a0\u00a0 \u00a098 X. Hacia d\u00f3nde va el derecho de los tratados\u00a0\u00a0 \u00a0\u00a0\u00a0 \u00a0100 Bibliograf\u00eda\u00a0\u00a0 \u00a0\u00a0\u00a0 \u00a0101 Cap\u00edtulo 4 Las fuentes del derecho internacional p\u00fablico: la costumbre, los actos unilaterales y las resoluciones de organizaciones internacionales I.Introducci\u00f3n\u00a0\u00a0 \u00a0\u00a0\u00a0 \u00a0105 II. La costumbre internacional\u00a0\u00a0 \u00a0\u00a0\u00a0 \u00a0106 III. Los actos unilaterales\u00a0\u00a0 \u00a0\u00a0\u00a0 \u00a0116 IV. Las resoluciones de las organizaciones internacionales\u00a0\u00a0 \u00a0\u00a0\u00a0 \u00a0122 V. Desaf\u00edos\u00a0\u00a0 \u00a0\u00a0\u00a0 \u00a0126 Bibliograf\u00eda\u00a0\u00a0 \u00a0\u00a0\u00a0 \u00a0127 Cap\u00edtulo 5 Relaciones entre el derecho internacional p\u00fablico y los ordenamientos jur\u00eddicos internos I. Introducci\u00f3n\u00a0\u00a0 \u00a0\u00a0\u00a0 \u00a0131 II. Teor\u00edas que explican las relaciones entre el derecho internacional y el derecho interno\u00a0\u00a0 \u00a0\u00a0\u00a0 \u00a0132 III. Recepci\u00f3n de las normas internacionales en los ordenamientos jur\u00eddicos internos\u00a0\u00a0 \u00a0\u00a0\u00a0 \u00a0136 IV. Recepci\u00f3n de las normas internacionales en el ordenamiento jur\u00eddico chileno\u00a0\u00a0 \u00a0\u00a0\u00a0 \u00a0141 V. Desaf\u00edos futuros: determinaci\u00f3n constitucional del sistema de relaciones con el derecho internacional para el derecho chileno\u00a0\u00a0 \u00a0\u00a0\u00a0 \u00a0148 Bibliograf\u00eda\u00a0\u00a0 \u00a0\u00a0\u00a0 \u00a0151 Cap\u00edtulo 6 Los sujetos del derecho internacional p\u00fablico: los Estados y las organizaciones internacionales I. Los sujetos internacionales\u00a0\u00a0 \u00a0\u00a0\u00a0 \u00a0163 II. Los Estados\u00a0\u00a0 \u00a0\u00a0\u00a0 \u00a0164 III. Las organizaciones internacionales\u00a0\u00a0 \u00a0\u00a0\u00a0 \u00a0175 IV. Desaf\u00edos futuros\u00a0\u00a0 \u00a0\u00a0\u00a0 \u00a0181 Bibliograf\u00eda citada\u00a0\u00a0 \u00a0\u00a0\u00a0 \u00a0183 Cap\u00edtulo 7 Los sujetos del Derecho Internacional P\u00fablico: la persona humana I. Introducci\u00f3n\u00a0\u00a0 \u00a0\u00a0\u00a0 \u00a0189 II. Doctrinas y antecedentes hist\u00f3ricos de la subjetividad internacional de la persona \u00a0\u00a0 \u00a0\u00a0\u00a0 \u00a0191 III. LA SUBJETIVIDAD INTERNACIONAL DE LA PERSONA EN EL DIP, DELIMITACI\u00d3N Y DESARROLLO PROGRESIVO\u00a0\u00a0 \u00a0\u00a0\u00a0 \u00a0196 IV. Responsabilidad internacional\u00a0\u00a0 \u00a0\u00a0\u00a0 \u00a0207 V. Desaf\u00edos\u00a0\u00a0 \u00a0\u00a0\u00a0 \u00a0210 Bibliograf\u00eda\u00a0\u00a0 \u00a0\u00a0\u00a0 \u00a0213 Cap\u00edtulo 8 Soluci\u00f3n de controversias I. Introducci\u00f3n conceptual e hist\u00f3rica\u00a0\u00a0 \u00a0\u00a0\u00a0 \u00a0221 II. Medios diplom\u00e1ticos\u00a0\u00a0 \u00a0\u00a0\u00a0 \u00a0223 III. Medios judiciales\u00a0\u00a0 \u00a0\u00a0\u00a0 \u00a0227 IV. Desaf\u00edos futuros\u00a0\u00a0 \u00a0\u00a0\u00a0 \u00a0244 Bibliograf\u00eda\u00a0\u00a0 \u00a0\u00a0\u00a0 \u00a0245 Cap\u00edtulo 9 La responsabilidad internacional I. Introducci\u00f3n\u00a0\u00a0 \u00a0\u00a0\u00a0 \u00a0253 II. El hecho internacionalmente il\u00edcito: Definici\u00f3n y naturaleza\u00a0\u00a0 \u00a0\u00a0\u00a0 \u00a0255 III. Los elementos del hecho internacionalmente il\u00edcito\u00a0\u00a0 \u00a0\u00a0\u00a0 \u00a0257 IV. Circunstancias que precluyen la ilicitud\u00a0\u00a0 \u00a0\u00a0\u00a0 \u00a0269 V. El contenido de la responsabilidad internacional\u00a0\u00a0 \u00a0\u00a0\u00a0 \u00a0273 VI. Desaf\u00edos futuros\u00a0\u00a0 \u00a0\u00a0\u00a0 \u00a0275 Bibliograf\u00eda\u00a0\u00a0 \u00a0\u00a0\u00a0 \u00a0277 Parte Especial Cap\u00edtulo 10 Derecho internacional de los derechos humanos I. Derechos humanos y ordenamiento internacional, a modo de introducci\u00f3n\u00a0\u00a0 \u00a0\u00a0\u00a0 \u00a0283 II. Subsidiariedad del derecho internacional de los derechos humanos\u00a0\u00a0 \u00a0\u00a0\u00a0 \u00a0285 III. Interpretaci\u00f3n de tratados de derecho internacional de los derechos humanos\u00a0\u00a0 \u00a0\u00a0\u00a0 \u00a0288 IV. Sistemas internacionales de protecci\u00f3n de derechos humanos\u00a0\u00a0 \u00a0\u00a0\u00a0 \u00a0290 V. El derecho internacional de los derechos humanos en Chile\u00a0\u00a0 \u00a0\u00a0\u00a0 \u00a0305 Bibliograf\u00eda citada\u00a0\u00a0 \u00a0\u00a0\u00a0 \u00a0310 Cap\u00edtulo 11 El derecho internacional ambiental I. Introducci\u00f3n\u00a0\u00a0 \u00a0\u00a0\u00a0 \u00a0319 II. Caracterizaci\u00f3n del derecho internacional ambiental\u00a0\u00a0 \u00a0\u00a0\u00a0 \u00a0319 III. Principales hitos del derecho internacional ambiental\u00a0\u00a0 \u00a0\u00a0\u00a0 \u00a0323 IV. Principios del derecho internacional ambiental\u00a0\u00a0 \u00a0\u00a0\u00a0 \u00a0325 V. Las bases de los reg\u00edmenes internacionales ambientales\u00a0\u00a0 \u00a0\u00a0\u00a0 \u00a0333 VI. Desaf\u00edos futuros en Latinoam\u00e9rica y a nivel mundial\u00a0\u00a0 \u00a0\u00a0\u00a0 \u00a0335 Bibliograf\u00eda\u00a0\u00a0 \u00a0\u00a0\u00a0 \u00a0336 Cap\u00edtulo 12 Los Pueblos Ind\u00edgenas como sujetos del DIP I. Debates para una definici\u00f3n de los pueblos ind\u00edgenas\u00a0\u00a0 \u00a0\u00a0\u00a0 \u00a0341 II. Fuentes del DIP y los derechos de los pueblos ind\u00edgenas\u00a0\u00a0 \u00a0\u00a0\u00a0 \u00a0346 III. Los derechos de los pueblos ind\u00edgenas\u00a0\u00a0 \u00a0\u00a0\u00a0 \u00a0351 IV. Desaf\u00edo futuros \u00a0\u00a0\u00a0 \u00a0\u00a0\u00a0 \u00a0360 Cap\u00edtulo 13 El derecho penal internacional I. Introducci\u00f3n conceptual \u00a0\u00a0 \u00a0\u00a0\u00a0 \u00a0361 II. Rese\u00f1a hist\u00f3rica\u00a0\u00a0 \u00a0\u00a0\u00a0 \u00a0362 III. Fuentes del derecho penal internacional \u00a0\u00a0 \u00a0\u00a0\u00a0 \u00a0365 IV. Actores\u00a0\u00a0 \u00a0\u00a0\u00a0 \u00a0367 V. Cr\u00edmenes nucleares contra el derecho internacional\u00a0\u00a0 \u00a0\u00a0\u00a0 \u00a0371 VI. La responsabilidad por cr\u00edmenes contra el derecho internacional\u00a0\u00a0 \u00a0\u00a0\u00a0 \u00a0377 VII. Relaci\u00f3n entre el derecho penal internacional y el derecho internacional de los derechos humanos, con particular referencia al sistema interamericano\u00a0\u00a0 \u00a0\u00a0\u00a0 \u00a0380 VIII. Desaf\u00edos futuros \u00a0\u00a0 \u00a0\u00a0\u00a0 \u00a0381 Bibliograf\u00eda\u00a0\u00a0 \u00a0\u00a0\u00a0 \u00a0382 Cap\u00edtulo 14 El derecho internacional del mar I. Introducci\u00f3n\u00a0\u00a0 \u00a0\u00a0\u00a0 \u00a0393 II. Convenci\u00f3n de las Naciones Unidas sobre el Derecho del Mar\u00a0\u00a0 \u00a0\u00a0\u00a0 \u00a0396 III. Los Espacios sujetos a la Soberan\u00eda Nacional. Aguas Interiores, Mar Territorial\u00a0\u00a0 \u00a0\u00a0\u00a0 \u00a0398 IV. ESPACIOS MAR\u00cdTIMOS M\u00c1S ALL\u00c1 DE LA JURISDICCI\u00d3N NACIONAL \u00a0\u00a0 \u00a0\u00a0\u00a0 \u00a0414 V. Temas escogidos\u00a0\u00a0 \u00a0\u00a0\u00a0 \u00a0421 Bibliograf\u00eda\u00a0\u00a0 \u00a0\u00a0\u00a0 \u00a0430 Cap\u00edtulo 15 El derecho internacional econ\u00f3mico I. Introducci\u00f3n\u00a0\u00a0 \u00a0\u00a0\u00a0 \u00a0435 II. Concepto del DIE\u00a0\u00a0 \u00a0\u00a0\u00a0 \u00a0437 III. El derecho internacional del comercio\u00a0\u00a0 \u00a0\u00a0\u00a0 \u00a0438 IV. El derecho internacional del desarrollo\u00a0\u00a0 \u00a0\u00a0\u00a0 \u00a0449 V. El derecho internacional de las inversiones\u00a0\u00a0 \u00a0\u00a0\u00a0 \u00a0453 VI. Desaf\u00edos futuros\u00a0\u00a0 \u00a0\u00a0\u00a0 \u00a0456 Bibliograf\u00eda citada\u00a0\u00a0 \u00a0\u00a0\u00a0 \u00a0457 Cap\u00edtulo 16 El derecho internacional de la propiedad intelectual I. Introducci\u00f3n\u00a0\u00a0 \u00a0\u00a0\u00a0 \u00a0469 II.Principales actores de DIP de la propiedad intelectual\u00a0\u00a0 \u00a0\u00a0\u00a0 \u00a0469 III. Fuentes del DIP de la propiedad intelectual\u00a0\u00a0 \u00a0\u00a0\u00a0 \u00a0471 IV. El Convenio de Berna para la Protecci\u00f3n de las Obras Literarias y Art\u00edsticas\u00a0\u00a0 \u00a0\u00a0\u00a0 \u00a0478 V. El Convenio de Par\u00eds para la Protecci\u00f3n de la Propiedad Industrial\u00a0\u00a0 \u00a0\u00a0\u00a0 \u00a0481 VI. El Acuerdo sobre los Aspectos de los Derechos de Propiedad Intelectual relacionados con el Comercio (Acuerdo sobre los ADPIC)\u00a0\u00a0 \u00a0\u00a0\u00a0 \u00a0485 Bibliograf\u00eda\u00a0\u00a0 \u00a0\u00a0\u00a0 \u00a0489 Biograf\u00edas\u00a0\u00a0 \u00a0\u00a0\u00a0 \u00a0493 &nbsp;<\/p>\n","protected":false},"featured_media":2894,"comment_status":"open","ping_status":"closed","template":"","meta":{"inline_featured_image":false,"_joinchat":[]},"product_brand":[],"product_cat":[43],"product_tag":[],"class_list":{"0":"post-2847","1":"product","2":"type-product","3":"status-publish","4":"has-post-thumbnail","6":"product_cat-derecho-internacional","7":"product_shipping_class-a-convenir","9":"first","10":"instock","11":"shipping-taxable","12":"purchasable","13":"product-type-simple"},"_links":{"self":[{"href":"https:\/\/bibliotecajuridicavirtual.cl\/index.php\/wp-json\/wp\/v2\/product\/2847","targetHints":{"allow":["GET"]}}],"collection":[{"href":"https:\/\/bibliotecajuridicavirtual.cl\/index.php\/wp-json\/wp\/v2\/product"}],"about":[{"href":"https:\/\/bibliotecajuridicavirtual.cl\/index.php\/wp-json\/wp\/v2\/types\/product"}],"replies":[{"embeddable":true,"href":"https:\/\/bibliotecajuridicavirtual.cl\/index.php\/wp-json\/wp\/v2\/comments?post=2847"}],"wp:featuredmedia":[{"embeddable":true,"href":"https:\/\/bibliotecajuridicavirtual.cl\/index.php\/wp-json\/wp\/v2\/media\/2894"}],"wp:attachment":[{"href":"https:\/\/bibliotecajuridicavirtual.cl\/index.php\/wp-json\/wp\/v2\/media?parent=2847"}],"wp:term":[{"taxonomy":"product_brand","embeddable":true,"href":"https:\/\/bibliotecajuridicavirtual.cl\/index.php\/wp-json\/wp\/v2\/product_brand?post=2847"},{"taxonomy":"product_cat","embeddable":true,"href":"https:\/\/bibliotecajuridicavirtual.cl\/index.php\/wp-json\/wp\/v2\/product_cat?post=2847"},{"taxonomy":"product_tag","embeddable":true,"href":"https:\/\/bibliotecajuridicavirtual.cl\/index.php\/wp-json\/wp\/v2\/product_tag?post=2847"}],"curies":[{"name":"wp","href":"https:\/\/api.w.org\/{rel}","templated":true}]}}